{"id":15,"date":"2011-10-28T00:39:17","date_gmt":"2011-10-28T00:39:17","guid":{"rendered":"http:\/\/blogs.multimeios.ufc.br\/artefatosdaculturanegra\/?page_id=15"},"modified":"2012-10-08T15:45:00","modified_gmt":"2012-10-08T15:45:00","slug":"programacao","status":"publish","type":"page","link":"https:\/\/blogs.multimeios.ufc.br\/artefatosdaculturanegra\/programacao\/","title":{"rendered":"Programa\u00e7\u00e3o"},"content":{"rendered":"<p><a href=\"http:\/\/blogs.multimeios.ufc.br\/artefatosdaculturanegra\/files\/2011\/10\/ufc-bras\u00e3o.jpg\"><img fetchpriority=\"high\" decoding=\"async\" class=\"aligncenter size-full wp-image-291\" src=\"http:\/\/blogs.multimeios.ufc.br\/artefatosdaculturanegra\/files\/2011\/10\/ufc-bras\u00e3o.jpg\" alt=\"\" width=\"192\" height=\"263\" \/><\/a><\/p>\n<p><strong>UNIVERSIDADE FEDERAL DO CEAR\u00c1 &#8211; UFC &#8211; <\/strong><strong>PROGRAMA DE P\u00d3S-GRADUA\u00c7\u00c3O EM EDUCA\u00c7\u00c3O BRASILEIRA<\/strong><\/p>\n<p align=\"center\"><strong>\u00a0 \u00a0 \u00a0 \u00a0 \u00a0 \u00a0 CURSO ARTEFATOS DA CULTURA NEGRA NO CEAR\u00c1 E MEM\u00d3RIAS DE BAOB\u00c1 III &#8211; (2012)<\/strong><\/p>\n<p align=\"center\">Primeira Etapa de 09 a 12 de Outubro de 2012<strong><\/strong><\/p>\n<p align=\"center\">Segunda Etapa de 02 a 06 de Dezembro de 2012<\/p>\n<p align=\"center\"><strong>MEM\u00d3RIAS DE BAOB\u00c1 III<\/strong><\/p>\n<p><strong>\u00a0 <a href=\"http:\/\/blogs.multimeios.ufc.br\/artefatosdaculturanegra\/files\/2011\/10\/Folder-Artesanato-da-Cultura-Negra-no-Cear\u00e1-2012.pdf\">Folder &#8211; Artefatos da Cultura Negra no Cear\u00e1 &#8211; 2012<\/a>\u00a0\u00a0\u00a0\u00a0<\/strong><\/p>\n<p align=\"center\"><strong>CURSO ARTEFATOS DA CULTURA NEGRA NO CEAR\u00c1<\/strong><\/p>\n<p align=\"center\">Primeira Etapa de 09 a 12 de Outubro de 2012<\/p>\n<p align=\"center\"><strong>MEM\u00d3RIAS DE BAOB\u00c1 III<\/strong><\/p>\n<p align=\"center\">Segunda Etapa de 02 a 06 de Dezembro de 2012<\/p>\n<p>09\/10\/2012 \u2013 08h \u2013 Credenciamento<strong><\/strong><\/p>\n<p>Exposi\u00e7\u00e3o permanente: Identidades Negras no Cear\u00e1<\/p>\n<p>Fotos e Organiza\u00e7\u00e3o \u2013 Francisco Salviano Lobo (antrop\u00f3logo, fot\u00f3grafo e cineasta)<\/p>\n<p>Local: Galeria da UNIPACE (5\u00ba andar)<\/p>\n<p>09\/10\/2012 \u2013 09 \u00e0s 12h<\/p>\n<p><strong>1. Palestra Magna \u2013 A Forma\u00e7\u00e3o da Popula\u00e7\u00e3o e da Cultura Negra no Brasil<\/strong><\/p>\n<p>Prof. Dr. Henrique Cunha J\u00fanior &#8211; (UFC)<\/p>\n<p>09\/10\/2012 \u2013 14 \u00e0s 17h<\/p>\n<p><strong>2. Mesa \u2013 A Lei 10.639\/2003 e suas Diretrizes Curriculares Nacionais: Aplicabilidade na Constru\u00e7\u00e3o do Projeto Pol\u00edtico Pedag\u00f3gico da Escola <\/strong><\/p>\n<p>Profa. Dra. <strong>Petronilha Beatriz Gon\u00e7alves e\u00a0 Silva \u2013UFScar.<\/strong><strong><\/strong><\/p>\n<p><strong>2.1. O papel dos F\u00f3runs na implementa\u00e7\u00e3o da Lei 10.639\/2003<\/strong> \u2013 Prof\u00aa. Mestranda: Gislana Maria do Socorro Monte Vale \u2013 SME-Fortaleza\/UFC.<\/p>\n<p>Mediador: Kim Lopes (F\u00f3rum ERER-CE)<\/p>\n<p>09\/10\/2012 \u2013 18:30 \u00e0s 20:30h<\/p>\n<p><strong>Di\u00e1logos:<\/strong> <strong>Africanidades\u00a0 e Ensino de Lingua Inglesa e Literatura Afro-Caribenha<\/strong><\/p>\n<p><strong>3. Palestra<\/strong> <strong>\u2013 Introdu\u00e7\u00e3o\u00a0 \u00e0s\u00a0 Literaturas Africanas de L\u00edngua Inglesa<\/strong><\/p>\n<p>Prof\u00aa\u00a0 Dra. \u00a0Dawn Alexis Duke\u00a0 \u2013 Universidade do Tennessee-EUA<\/p>\n<p>10\/10\/2012 \u2013 09 \u00e0s 12h &#8211; Audit\u00f3rio UNIPACE<\/p>\n<p><strong>1.Mesa:<\/strong> <strong>A\u00e7\u00f5es Afirmativas e Pol\u00edtica de Cotas no Brasil: discuss\u00e3o e significados.<\/strong><\/p>\n<ol>\n<li>Prof\u00aa. Ilma F\u00e1tima de Jesus- Coordenadora de Diversidade (MEC\/SECADI)<\/li>\n<li>\u00a0Prof. Dr. Edilson Nabarro &#8211; UFRGS &#8211; Mediadora: Dra. Francisca Martir da Silva (SME)<\/li>\n<\/ol>\n<p>10\/10\/2012 &#8211; Audit\u00f3rio das Comiss\u00f5es &#8211; (120 Pessoas)<\/p>\n<p><strong>Di\u00e1logos Hist\u00f3ricos e Geogr\u00e1ficos da Popula\u00e7\u00e3o Negra no Brasil e no Cear\u00e1<\/strong><\/p>\n<p>14 \u00e0s 15:30h &#8211; <strong>2. Palestra:\u00a0\u00a0\u00a0\u00a0\u00a0\u00a0\u00a0 Mulher Negra e Poder &#8211; <\/strong>Prof. Dra. Maria Aparecida Barreto<strong> \u2013 Vice-Reitora <\/strong>(UFES)<\/p>\n<p>15:30 \u00e0s 16:30h &#8211;<strong> 3. Palestra: A Contribui\u00e7\u00e3o<\/strong> <strong>Africana na Cultura e Beneficiamento dos Artefatos de Couro no Cear\u00e1 <\/strong>\u2013 <strong>\u00a0<\/strong>Prof\u00aa Dra. Viviane Lima (PUC-SP)<\/p>\n<p>16:30 \u00e0s 17:30h &#8211; <strong>4. Palestra<\/strong> \u2013\u00a0\u00a0\u00a0\u00a0 <strong>O Negro no Cear\u00e1: A Experi\u00eancia da Educa\u00e7\u00e3o no Caldeir\u00e3o de Santa Cruz &#8211;<\/strong> Prof\u00aa\u00a0 ( Mestranda) C\u00e9lia\u00a0 Camelo de Sousa \/ Mestranda em Educa\u00e7\u00e3o Brasileira\/ UFC<\/p>\n<p>Mediador: Luis Bernardo-CEPPIR-Fortaleza<\/p>\n<p>10\/10\/2012 \u2013 18 \u00e0s 20h<\/p>\n<p><strong>Sala para 60 Pessoas &#8211; UNIPACE<\/strong><\/p>\n<p><strong>5<\/strong>. <strong>Palestra<\/strong> \u2013 <strong>Rastaf\u00e1ri e Jamaica uma Cultura Afro-Caribenha<\/strong><\/p>\n<p>Prof\u00aa. Dra. D\u00e9bora Pamplona Bezerra- Casa de Cultura Inglesa \u2013 UFC<\/p>\n<p>11\/10\/2012 \u2013 Audit\u00f3rio UNIPACE &#8211; (P\u00fablico: 500 pessoas)<\/p>\n<p>08:30 \u00e0s 10h \u2013<strong> \u00a01. Mesa: Sa\u00fade na\u00a0 Escola e Popula\u00e7\u00e3o Negra \u2013 <\/strong>Jos\u00e9 \u00a0Marmo da Silva: Rede Nacional de Religi\u00f5es Afrobrasileira e Sa\u00fade<\/p>\n<p>\u00c1lvaro Bezerra Pinheiro Neto &#8211; SEGEP\/ Minist\u00e9rio da Sa\u00fade<\/p>\n<p>Mediadora: Kelma Nunes- RENAFRO\/(Mestranda &#8211; UFC)<\/p>\n<p>10 \u00e0s 12h \u2013 <strong>2.<\/strong> <strong>A Produ\u00e7\u00e3o de document\u00e1rios e sua utiliza\u00e7\u00e3o como recurso na escola: Encontro<\/strong> <strong>com o<\/strong> <strong>cineasta<\/strong> Renato Barbieri<strong> \u2013 Exibi\u00e7\u00e3o do Filme\/Document\u00e1rio: <\/strong>A Rota dos Orix\u00e1s.<\/p>\n<p>14 \u00e0s 16h &#8211; Audit\u00f3rio UNIPACE<\/p>\n<p><strong>3. Painel:<\/strong> <strong>Diversidade Religiosa e Educa\u00e7\u00e3o<\/strong><\/p>\n<p><strong>Painelistas:<\/strong> Pe. Anizio Ferreira dos Santos, sss (Cat\u00f3lico); Leno Farias (Umbanda); Prof. Dra. \u00c2ngela Linhares (Esp\u00edrita); Pai Bira (Candombl\u00e9); \u00a0Pr. Isaias (Evang\u00e9lico)<\/p>\n<p>Mediador: Prof\u00a0 Ms. Linconly Jesus Alencar Pereira. (SME-Fortaleza).<\/p>\n<p>16 \u00e0s 18h &#8211; <strong>Di\u00e1logos da Cultura Imaterial<\/strong><\/p>\n<p><strong>4. Mesa: A Expressividade da Arte Negra nas Rela\u00e7\u00f5es entre Escola e Comunidade<\/strong><\/p>\n<p>Prof\u00aa. Dra. Kiusam Regina de Oliveira- (USP)<\/p>\n<p>Pingo de Fortaleza (Maracatu Solar)<\/p>\n<p>\u00canio Marques Martins (Grupo Art\u00edstico Cultural- Corda-P\u00e9s).<\/p>\n<p>Mediador: Prof. Ms. Wellington Par\u00e1 (Doutorando &#8211; UFC).<\/p>\n<p>18 \u00e0s 20:30h \u2013 Sala UNIPACE<\/p>\n<p><strong>5. Palestra<\/strong>: <strong>Ensino de l\u00edngua Inglesa: Afro-Caribenha<\/strong><\/p>\n<p>Prof\u00aa. \u00a0 Dra Lilian Vieira \u2013 Casa de Cultura Inglesa (UFC).<\/p>\n<p>12\/10\/2012 \u2013 Audit\u00f3rio UNIPACE<\/p>\n<p>08:30 \u00e0s 10h \u2013<strong> A Produ\u00e7\u00e3o de Document\u00e1rio e sua utiliza\u00e7\u00e3o como Recurso na Escola: Document\u00e1rio: <\/strong>Mo\u00e7ambique.<strong> <\/strong><\/p>\n<p>Facilitador:\u00a0 Cineasta Renato Barbieri.<\/p>\n<p>08 \u00e0s 11h &#8211; Oficina (Sala da UFC)<\/p>\n<p><strong>1. Oficina: A Arte e as M\u00e1scaras Africanas<\/strong><\/p>\n<p>Facilitadores: Prof\u00aa. Ms.\u00a0 Cec\u00edlia F\u00e9lix Cala\u00e7a \u2013 (Doutoranda &#8211; UFC)<\/p>\n<p>Prof. Dr. Henrique Cunha Junior \u2013 (Prof. Titular \u2013 UFC).<\/p>\n<p>08 \u00e0s 12h \u2013 Audit\u00f3rio da UFC<\/p>\n<p><strong>3. Palestra \u2013 Forma\u00e7\u00e3o dos profissionais da educa\u00e7\u00e3o e abordagem de temas pol\u00eamicos \u2013 Refer\u00eancias Conceituais. <\/strong><\/p>\n<p>Prof\u00aa. \u00a0 Dra. Rosa Maria Barros Ribeiro (UECE).<\/p>\n<p>13:30 \u00e0s 15:30h \u2013 Atividades na UFC<\/p>\n<p>Apresenta\u00e7\u00e3o de trabalhos: P\u00f4steres, Artigos, Resumos Simples e Expandido, Mini-Cursos.<\/p>\n<p>14 \u00e0s 16:30h \u2013 Atividades na UFC \u2013 Mini-Cursos<\/p>\n<p><strong>1. <\/strong><strong>Geografia das Africanidades:<\/strong><\/p>\n<p><strong>\u00a0Facilitadores<\/strong>: Orientandos do Professor P\u00f3s-Dr. Rafael S\u00e2nzio dos Anjos \u2013UFBA<strong><\/strong><\/p>\n<ol>\n<li><strong>2.\u00a0 Literaturas Africanas de l\u00edngua Inglesa (Sala da UFC)<\/strong><\/li>\n<\/ol>\n<p><strong>Facilitadora:<\/strong> Prof\u00aa. Dra. \u00a0Dawn Alexis Duke\u00a0 \u2013 Universidade do Tennessee-EUA.<\/p>\n<p>19 e 20 de Outubro\/2012<\/p>\n<p><strong>Semin\u00e1rio do F\u00f3rum da Economia do Negro<\/strong><strong><\/strong><\/p>\n<p>20\/10\/2012<\/p>\n<p>Encerramento da Primeira Etapa do Curso Artefatos da Cultura Negra no Cear\u00e1.<\/p>\n<p>Kizomba no Estoril \u2013 Praia de Iracema.<\/p>\n<p><strong>Segunda Etapa Artefatos da Cultura Negra no Cear\u00e1 2012 <\/strong><\/p>\n<p><strong>Semin\u00e1rio Mem\u00f3rias de Baob\u00e1 III<\/strong><\/p>\n<p>De 02 a 06 de dezembro de 2012<\/p>\n<p><strong>Coordena\u00e7\u00e3o: <\/strong>Prof\u00aa. Dra. Sandra Hayd\u00e9e Petit &#8211; UFC<\/p>\n<p><a href=\"http:\/\/blogs.multimeios.ufc.br\/artefatosdaculturanegra\/files\/2011\/10\/memorias-de-baoba-II-abra\u00e7o-coletivo1.jpg\"><img decoding=\"async\" class=\"aligncenter size-medium wp-image-297\" src=\"http:\/\/blogs.multimeios.ufc.br\/artefatosdaculturanegra\/files\/2011\/10\/memorias-de-baoba-II-abra\u00e7o-coletivo1-300x225.jpg\" alt=\"\" width=\"300\" height=\"225\" srcset=\"https:\/\/blogs.multimeios.ufc.br\/artefatosdaculturanegra\/files\/2011\/10\/memorias-de-baoba-II-abra\u00e7o-coletivo1-300x225.jpg 300w, https:\/\/blogs.multimeios.ufc.br\/artefatosdaculturanegra\/files\/2011\/10\/memorias-de-baoba-II-abra\u00e7o-coletivo1-400x300.jpg 400w, https:\/\/blogs.multimeios.ufc.br\/artefatosdaculturanegra\/files\/2011\/10\/memorias-de-baoba-II-abra\u00e7o-coletivo1.jpg 640w\" sizes=\"(max-width: 300px) 100vw, 300px\" \/><\/a>Pretendemos homenagear os saberes da tradi\u00e7\u00e3o oral, notadamente seus aspectoseducacionais e as possibilidades de transposi\u00e7\u00e3o did\u00e1tica no curr\u00edculo escolar. Assim o nosso mote ser\u00e1: <strong>Cosmovis\u00e3o Africana, Educa\u00e7\u00e3o e Curr\u00edculo. <\/strong>O NACE vem h\u00e1 alguns anos experimentando formas de dar visibilidade \u00e0s africanidades no Cear\u00e1, com forma\u00e7\u00f5es, exposi\u00e7\u00f5es e publica\u00e7\u00f5es \u2013 vide livro e evento Artefatos da Cultura Negra no Cear\u00e1 \u2013 bem como buscando e construindo subs\u00eddios did\u00e1tico-pedag\u00f3gicos para a implementa\u00e7\u00e3o da lei 10.639\/2003 nos curr\u00edculos escolares e nas forma\u00e7\u00f5es de professores\/as. Nesse processo, o NACE tem se preocupado em trazer para dentro do fazer pedag\u00f3gico uma abordagem condizente com os valores civilizat\u00f3rios africanos e a diversidade de suas manifesta\u00e7\u00f5es nas culturas afrodescendentes da di\u00e1spora, particularmente no Brasil. Partindo do conceito de afrodescend\u00eancia (CUNHA Jr.) e nos inspirando em diversos estudos e experi\u00eancias da \u00e1rea, vimos se constituir aos poucos um novo referencial te\u00f3rico-metodol\u00f3gico que denominamos de <strong><em>pretagogia<\/em><\/strong><strong>. <\/strong>O nosso prop\u00f3sito de empretecer a pedagogia at\u00e9 ent\u00e3o euroc\u00eantrica tem gerado muitos efeitos importantes e nos obrigado a aprofundar as pesquisas. S\u00e3o algumas dessas tend\u00eancias, pesquisas e possibilidades que queremos agora socializar para um p\u00fablico mais amplo atrav\u00e9s do evento Mem\u00f3rias de Baob\u00e1 III. O foco escolhido \u00e9 a transposi\u00e7\u00e3o did\u00e1tica da cosmovis\u00e3o africana na escola atrav\u00e9s de mini-cursos \u2013 capoeira angola, conta\u00e7\u00e3o de hist\u00f3rias, ra\u00edzes e africanidades na hist\u00f3ria de vida, literatura oral, est\u00e9tica do cabelo afro, africanidades na escola, musicalidade do samba, dan\u00e7a afro-brasileira e afrocubana e aulas-confer\u00eancias te\u00f3rico-pr\u00e1ticas respectivamente acerca da transculturalidade ambiental e da hist\u00f3ria e tradi\u00e7\u00e3o negro-africanas e da di\u00e1spora afroamericana.<\/p>\n<p><strong>Local: <\/strong>Pra\u00e7a dos M\u00e1rtires (Passeio P\u00fablico) \u2013 Centro de Fortaleza \u2013 Entre as Ruas Dr. Jo\u00e3o Moreira &#8211; Bar\u00e3o do Rio Branco \u2013 Floriano Peixoto, em frente \u00e0 Santa Casa de Miseric\u00f3rdia.<\/p>\n<p>Veja no Link abaixo &#8211; Passeio P\u00fablico no Google Maps:<\/p>\n<p><a href=\"https:\/\/maps.google.com.br\/maps?hl=pt-BR&amp;q=Pra%C3%A7a+dos+M%C3%A1rtires+Passeio+P%C3%BAblico+Fortaleza+Cear%C3%A1&amp;ie=UTF-8\">https:\/\/maps.google.com.br\/maps?hl=pt-BR&amp;q=Pra%C3%A7a+dos+M%C3%A1rtires+Passeio+P%C3%BAblico+Fortaleza+Cear%C3%A1&amp;ie=UTF-8<\/a><\/p>\n<p>De 09 a 12 de Dezembro de 2012<\/p>\n<p>Primeiro Encontro de Educadores Negros(as) do Estado do Cear\u00e1- Realiza\u00e7\u00e3o APEOC.<\/p>\n<p><strong>S E R V I \u00c7 O:<\/strong><\/p>\n<div>\n<p><strong>UNIPACE<\/strong> &#8211; Universidade do Parlamento Cearense<\/p>\n<p>Rua Barbosa de Freitas, 2355 \u2013 Anexo 2 da Assembleia Legislativa do Estado do Cear\u00e1<\/p>\n<p>Dion\u00edsio Torres<\/p>\n<p>Fone: (85) 32.57.78.71<\/p>\n<p><strong>OBS &#8211; Indo de transporte coletivo ou ve\u00edculo particular, a melhor refer\u00eancia para quem ainda n\u00e3o conehece a UNIPACE ser\u00e1 dizer que deseja ir \u00e0 Assembl\u00e9ia Legislativa do Estado.\u00a0<\/strong><\/p>\n<\/div>\n<div>\n<p><strong>UFC<\/strong> \u2013 Universidade Federal do Cear\u00e1<\/p>\n<p>Faculdade de Educa\u00e7\u00e3o \u2013 Rua &#8211; Waldery Uchoa, 01 &#8211; Benfica &#8211; Fortaleza &#8211; Ce\u00a0 &#8211; CEP 60.020-110<\/p>\n<p>Fone da P\u00f3s-Gradua\u00e7\u00e3o:: +55 (85) 33.66-76.80<\/p>\n<p><strong>OBS: No dia 12\/10\/2012 &#8211; sexta &#8211; Nosso evento acontecer\u00e1 na Faculdade de Educa\u00e7\u00e3o da UFC \u00a0 A entrada ser\u00e1 pela Rua Marechal Deodoro, em frente ao CLEC &#8211; Centro de L\u00ednguas Estrangeiras do IFCE, quase esquina com a Av. 13 de Maio.\u00a0<\/strong><\/p>\n<p><strong>ESTORIL<\/strong><\/p>\n<\/div>\n<div>\n<p>Rua Tabajaras, 397 &#8211; Praia de Iracema<br \/>\n<strong>Cidade:<\/strong> Fortaleza-CE.<br \/>\n<strong>CEP:<\/strong> 60.060-510<\/p>\n<\/div>\n<p><span style=\"color: #000000\"><span style=\"font-family: Times New Roman,serif\"><strong><br \/>\n<\/strong><\/span><\/span><\/p>\n<p><span style=\"color: #000000\"><strong><br \/>\n<\/strong><\/span><\/p>\n","protected":false},"excerpt":{"rendered":"<p>UNIVERSIDADE FEDERAL DO CEAR\u00c1 &#8211; UFC &#8211; PROGRAMA DE P\u00d3S-GRADUA\u00c7\u00c3O EM EDUCA\u00c7\u00c3O BRASILEIRA \u00a0 \u00a0 \u00a0 \u00a0 \u00a0 \u00a0 CURSO ARTEFATOS DA CULTURA NEGRA NO CEAR\u00c1 E MEM\u00d3RIAS DE BAOB\u00c1 III &#8211; (2012) Primeira Etapa de 09 a 12 de &hellip; <a href=\"https:\/\/blogs.multimeios.ufc.br\/artefatosdaculturanegra\/programacao\/\">Continue lendo <span class=\"meta-nav\">&rarr;<\/span><\/a><\/p>\n","protected":false},"author":3,"featured_media":0,"parent":0,"menu_order":0,"comment_status":"open","ping_status":"open","template":"sidebar-page.php","meta":{"footnotes":""},"class_list":["post-15","page","type-page","status-publish","hentry"],"yoast_head":"<!-- This site is optimized with the Yoast SEO plugin v27.4 - https:\/\/yoast.com\/product\/yoast-seo-wordpress\/ -->\n<title>Programa\u00e7\u00e3o - Artefatos Negros<\/title>\n<meta name=\"robots\" content=\"index, follow, max-snippet:-1, max-image-preview:large, max-video-preview:-1\" \/>\n<link rel=\"canonical\" href=\"https:\/\/blogs.multimeios.ufc.br\/artefatosdaculturanegra\/programacao\/\" \/>\n<meta property=\"og:locale\" content=\"pt_BR\" \/>\n<meta property=\"og:type\" content=\"article\" \/>\n<meta property=\"og:title\" content=\"Programa\u00e7\u00e3o - Artefatos Negros\" \/>\n<meta property=\"og:description\" content=\"UNIVERSIDADE FEDERAL DO CEAR\u00c1 &#8211; UFC &#8211; PROGRAMA DE P\u00d3S-GRADUA\u00c7\u00c3O EM EDUCA\u00c7\u00c3O BRASILEIRA \u00a0 \u00a0 \u00a0 \u00a0 \u00a0 \u00a0 CURSO ARTEFATOS DA CULTURA NEGRA NO CEAR\u00c1 E MEM\u00d3RIAS DE BAOB\u00c1 III &#8211; (2012) Primeira Etapa de 09 a 12 de &hellip; Continue lendo &rarr;\" \/>\n<meta property=\"og:url\" content=\"https:\/\/blogs.multimeios.ufc.br\/artefatosdaculturanegra\/programacao\/\" \/>\n<meta property=\"og:site_name\" content=\"Artefatos Negros\" \/>\n<meta property=\"article:modified_time\" content=\"2012-10-08T15:45:00+00:00\" \/>\n<meta name=\"twitter:card\" content=\"summary_large_image\" \/>\n<meta name=\"twitter:label1\" content=\"Est. tempo de leitura\" \/>\n\t<meta name=\"twitter:data1\" content=\"7 minutos\" \/>\n<script type=\"application\/ld+json\" class=\"yoast-schema-graph\">{\"@context\":\"https:\\\/\\\/schema.org\",\"@graph\":[{\"@type\":\"WebPage\",\"@id\":\"https:\\\/\\\/blogs.multimeios.ufc.br\\\/artefatosdaculturanegra\\\/programacao\\\/\",\"url\":\"https:\\\/\\\/blogs.multimeios.ufc.br\\\/artefatosdaculturanegra\\\/programacao\\\/\",\"name\":\"Programa\u00e7\u00e3o - Artefatos Negros\",\"isPartOf\":{\"@id\":\"https:\\\/\\\/blogs.multimeios.ufc.br\\\/artefatosdaculturanegra\\\/#website\"},\"datePublished\":\"2011-10-28T00:39:17+00:00\",\"dateModified\":\"2012-10-08T15:45:00+00:00\",\"breadcrumb\":{\"@id\":\"https:\\\/\\\/blogs.multimeios.ufc.br\\\/artefatosdaculturanegra\\\/programacao\\\/#breadcrumb\"},\"inLanguage\":\"pt-BR\",\"potentialAction\":[{\"@type\":\"ReadAction\",\"target\":[\"https:\\\/\\\/blogs.multimeios.ufc.br\\\/artefatosdaculturanegra\\\/programacao\\\/\"]}]},{\"@type\":\"BreadcrumbList\",\"@id\":\"https:\\\/\\\/blogs.multimeios.ufc.br\\\/artefatosdaculturanegra\\\/programacao\\\/#breadcrumb\",\"itemListElement\":[{\"@type\":\"ListItem\",\"position\":1,\"name\":\"In\u00edcio\",\"item\":\"https:\\\/\\\/blogs.multimeios.ufc.br\\\/artefatosdaculturanegra\\\/\"},{\"@type\":\"ListItem\",\"position\":2,\"name\":\"Programa\u00e7\u00e3o\"}]},{\"@type\":\"WebSite\",\"@id\":\"https:\\\/\\\/blogs.multimeios.ufc.br\\\/artefatosdaculturanegra\\\/#website\",\"url\":\"https:\\\/\\\/blogs.multimeios.ufc.br\\\/artefatosdaculturanegra\\\/\",\"name\":\"Artefatos Negros\",\"description\":\"\",\"potentialAction\":[{\"@type\":\"SearchAction\",\"target\":{\"@type\":\"EntryPoint\",\"urlTemplate\":\"https:\\\/\\\/blogs.multimeios.ufc.br\\\/artefatosdaculturanegra\\\/?s={search_term_string}\"},\"query-input\":{\"@type\":\"PropertyValueSpecification\",\"valueRequired\":true,\"valueName\":\"search_term_string\"}}],\"inLanguage\":\"pt-BR\"}]}<\/script>\n<!-- \/ Yoast SEO plugin. -->","yoast_head_json":{"title":"Programa\u00e7\u00e3o - Artefatos Negros","robots":{"index":"index","follow":"follow","max-snippet":"max-snippet:-1","max-image-preview":"max-image-preview:large","max-video-preview":"max-video-preview:-1"},"canonical":"https:\/\/blogs.multimeios.ufc.br\/artefatosdaculturanegra\/programacao\/","og_locale":"pt_BR","og_type":"article","og_title":"Programa\u00e7\u00e3o - Artefatos Negros","og_description":"UNIVERSIDADE FEDERAL DO CEAR\u00c1 &#8211; UFC &#8211; PROGRAMA DE P\u00d3S-GRADUA\u00c7\u00c3O EM EDUCA\u00c7\u00c3O BRASILEIRA \u00a0 \u00a0 \u00a0 \u00a0 \u00a0 \u00a0 CURSO ARTEFATOS DA CULTURA NEGRA NO CEAR\u00c1 E MEM\u00d3RIAS DE BAOB\u00c1 III &#8211; (2012) Primeira Etapa de 09 a 12 de &hellip; Continue lendo &rarr;","og_url":"https:\/\/blogs.multimeios.ufc.br\/artefatosdaculturanegra\/programacao\/","og_site_name":"Artefatos Negros","article_modified_time":"2012-10-08T15:45:00+00:00","twitter_card":"summary_large_image","twitter_misc":{"Est. tempo de leitura":"7 minutos"},"schema":{"@context":"https:\/\/schema.org","@graph":[{"@type":"WebPage","@id":"https:\/\/blogs.multimeios.ufc.br\/artefatosdaculturanegra\/programacao\/","url":"https:\/\/blogs.multimeios.ufc.br\/artefatosdaculturanegra\/programacao\/","name":"Programa\u00e7\u00e3o - Artefatos Negros","isPartOf":{"@id":"https:\/\/blogs.multimeios.ufc.br\/artefatosdaculturanegra\/#website"},"datePublished":"2011-10-28T00:39:17+00:00","dateModified":"2012-10-08T15:45:00+00:00","breadcrumb":{"@id":"https:\/\/blogs.multimeios.ufc.br\/artefatosdaculturanegra\/programacao\/#breadcrumb"},"inLanguage":"pt-BR","potentialAction":[{"@type":"ReadAction","target":["https:\/\/blogs.multimeios.ufc.br\/artefatosdaculturanegra\/programacao\/"]}]},{"@type":"BreadcrumbList","@id":"https:\/\/blogs.multimeios.ufc.br\/artefatosdaculturanegra\/programacao\/#breadcrumb","itemListElement":[{"@type":"ListItem","position":1,"name":"In\u00edcio","item":"https:\/\/blogs.multimeios.ufc.br\/artefatosdaculturanegra\/"},{"@type":"ListItem","position":2,"name":"Programa\u00e7\u00e3o"}]},{"@type":"WebSite","@id":"https:\/\/blogs.multimeios.ufc.br\/artefatosdaculturanegra\/#website","url":"https:\/\/blogs.multimeios.ufc.br\/artefatosdaculturanegra\/","name":"Artefatos Negros","description":"","potentialAction":[{"@type":"SearchAction","target":{"@type":"EntryPoint","urlTemplate":"https:\/\/blogs.multimeios.ufc.br\/artefatosdaculturanegra\/?s={search_term_string}"},"query-input":{"@type":"PropertyValueSpecification","valueRequired":true,"valueName":"search_term_string"}}],"inLanguage":"pt-BR"}]}},"_links":{"self":[{"href":"https:\/\/blogs.multimeios.ufc.br\/artefatosdaculturanegra\/wp-json\/wp\/v2\/pages\/15","targetHints":{"allow":["GET"]}}],"collection":[{"href":"https:\/\/blogs.multimeios.ufc.br\/artefatosdaculturanegra\/wp-json\/wp\/v2\/pages"}],"about":[{"href":"https:\/\/blogs.multimeios.ufc.br\/artefatosdaculturanegra\/wp-json\/wp\/v2\/types\/page"}],"author":[{"embeddable":true,"href":"https:\/\/blogs.multimeios.ufc.br\/artefatosdaculturanegra\/wp-json\/wp\/v2\/users\/3"}],"replies":[{"embeddable":true,"href":"https:\/\/blogs.multimeios.ufc.br\/artefatosdaculturanegra\/wp-json\/wp\/v2\/comments?post=15"}],"version-history":[{"count":80,"href":"https:\/\/blogs.multimeios.ufc.br\/artefatosdaculturanegra\/wp-json\/wp\/v2\/pages\/15\/revisions"}],"predecessor-version":[{"id":26,"href":"https:\/\/blogs.multimeios.ufc.br\/artefatosdaculturanegra\/wp-json\/wp\/v2\/pages\/15\/revisions\/26"}],"wp:attachment":[{"href":"https:\/\/blogs.multimeios.ufc.br\/artefatosdaculturanegra\/wp-json\/wp\/v2\/media?parent=15"}],"curies":[{"name":"wp","href":"https:\/\/api.w.org\/{rel}","templated":true}]}}