{"id":18,"date":"2011-10-28T00:40:37","date_gmt":"2011-10-28T00:40:37","guid":{"rendered":"http:\/\/blogs.multimeios.ufc.br\/artefatosdaculturanegra\/?page_id=18"},"modified":"2012-09-24T22:09:54","modified_gmt":"2012-09-24T22:09:54","slug":"comissao-tecnica","status":"publish","type":"page","link":"https:\/\/blogs.multimeios.ufc.br\/artefatosdaculturanegra\/comissao-tecnica\/","title":{"rendered":"Comiss\u00e3o T\u00e9cnica"},"content":{"rendered":"<p><span style=\"font-family: Times New Roman,serif\"><strong><br \/>\n<\/strong><\/span><\/p>\n<p>Prof.\u00a0\u00a0 Dr. Henrique Cunha Junior\u00a0 &#8211; Prof.\u00a0 Titular\/UFC<\/p>\n<p>Prof.\u00a0\u00a0 Dra. Maria Zelma Ara\u00fajo Madeira \u2013 UECE<\/p>\n<p>Prof.\u00a0\u00a0 Dra. Sandra\u00a0 Hayde\u00e9\u00a0 Petit \u2013 UFC<\/p>\n<p>Profa. Dra. Rosa Maria Barros Ribeiro. \u2013 UECE<\/p>\n<p>Profa. Dra. Joselina da Silva\u00a0 \u2013 UFC<\/p>\n<p>Profa..Dra. C\u00edcera Nunes\u00a0 \u2013\u00a0 URCA<\/p>\n<p>Profa. Dra. Piedade Videira\u00a0 \u2013 UFPB<\/p>\n<p>Prof.\u00a0\u00a0 Dr. Eduardo de Oliveira \u2013 UFBA<\/p>\n<p>Profa. Dra. Aparecida Silva \u2013 UFAL<\/p>\n<p>&nbsp;<\/p>\n<p>Prof. Francisco Arlindo Ara\u00fajo &#8211; (Coordenador de Ensino Fundamental e M\u00e9dio\/SME \/Fortaleza)<\/p>\n<p>Profa. Gislana Maria do Socorro Monte do Vale &#8211; (Mestranda em Avalia\u00e7\u00e3o de Pol\u00edticas P\u00fablicas\/UFC)<\/p>\n<p>Profa. Maria Saraiva da Silva &#8211; (Mestranda em Educa\u00e7\u00e3o Brasileira\/UFC)<\/p>\n<p>Dra. Francisca\u00a0 Martir da Silva &#8211; (Advogada\/SME &#8211; Mestranda em Avalia\u00e7\u00e3o de Pol\u00edticas P\u00fablicas\/UFC).<\/p>\n<p><strong>\u00a0<\/strong><\/p>\n","protected":false},"excerpt":{"rendered":"<p>Prof.\u00a0\u00a0 Dr. Henrique Cunha Junior\u00a0 &#8211; Prof.\u00a0 Titular\/UFC Prof.\u00a0\u00a0 Dra. Maria Zelma Ara\u00fajo Madeira \u2013 UECE Prof.\u00a0\u00a0 Dra. Sandra\u00a0 Hayde\u00e9\u00a0 Petit \u2013 UFC Profa. Dra. Rosa Maria Barros Ribeiro. \u2013 UECE Profa. Dra. Joselina da Silva\u00a0 \u2013 UFC Profa..Dra. C\u00edcera &hellip; <a href=\"https:\/\/blogs.multimeios.ufc.br\/artefatosdaculturanegra\/comissao-tecnica\/\">Continue lendo <span class=\"meta-nav\">&rarr;<\/span><\/a><\/p>\n","protected":false},"author":3,"featured_media":0,"parent":0,"menu_order":0,"comment_status":"open","ping_status":"open","template":"sidebar-page.php","meta":{"footnotes":""},"class_list":["post-18","page","type-page","status-publish","hentry"],"yoast_head":"<!-- This site is optimized with the Yoast SEO plugin v27.4 - https:\/\/yoast.com\/product\/yoast-seo-wordpress\/ -->\n<title>Comiss\u00e3o T\u00e9cnica - Artefatos Negros<\/title>\n<meta name=\"robots\" content=\"index, follow, max-snippet:-1, max-image-preview:large, max-video-preview:-1\" \/>\n<link rel=\"canonical\" href=\"https:\/\/blogs.multimeios.ufc.br\/artefatosdaculturanegra\/comissao-tecnica\/\" \/>\n<meta property=\"og:locale\" content=\"pt_BR\" \/>\n<meta property=\"og:type\" content=\"article\" \/>\n<meta property=\"og:title\" content=\"Comiss\u00e3o T\u00e9cnica - Artefatos Negros\" \/>\n<meta property=\"og:description\" content=\"Prof.\u00a0\u00a0 Dr. Henrique Cunha Junior\u00a0 &#8211; Prof.\u00a0 Titular\/UFC Prof.\u00a0\u00a0 Dra. Maria Zelma Ara\u00fajo Madeira \u2013 UECE Prof.\u00a0\u00a0 Dra. Sandra\u00a0 Hayde\u00e9\u00a0 Petit \u2013 UFC Profa. Dra. Rosa Maria Barros Ribeiro. \u2013 UECE Profa. Dra. Joselina da Silva\u00a0 \u2013 UFC Profa..Dra. C\u00edcera &hellip; Continue lendo &rarr;\" \/>\n<meta property=\"og:url\" content=\"https:\/\/blogs.multimeios.ufc.br\/artefatosdaculturanegra\/comissao-tecnica\/\" \/>\n<meta property=\"og:site_name\" content=\"Artefatos Negros\" \/>\n<meta property=\"article:modified_time\" content=\"2012-09-24T22:09:54+00:00\" \/>\n<meta name=\"twitter:card\" content=\"summary_large_image\" \/>\n<meta name=\"twitter:label1\" content=\"Est. tempo de leitura\" \/>\n\t<meta name=\"twitter:data1\" content=\"1 minuto\" \/>\n<script type=\"application\/ld+json\" class=\"yoast-schema-graph\">{\"@context\":\"https:\\\/\\\/schema.org\",\"@graph\":[{\"@type\":\"WebPage\",\"@id\":\"https:\\\/\\\/blogs.multimeios.ufc.br\\\/artefatosdaculturanegra\\\/comissao-tecnica\\\/\",\"url\":\"https:\\\/\\\/blogs.multimeios.ufc.br\\\/artefatosdaculturanegra\\\/comissao-tecnica\\\/\",\"name\":\"Comiss\u00e3o T\u00e9cnica - Artefatos Negros\",\"isPartOf\":{\"@id\":\"https:\\\/\\\/blogs.multimeios.ufc.br\\\/artefatosdaculturanegra\\\/#website\"},\"datePublished\":\"2011-10-28T00:40:37+00:00\",\"dateModified\":\"2012-09-24T22:09:54+00:00\",\"breadcrumb\":{\"@id\":\"https:\\\/\\\/blogs.multimeios.ufc.br\\\/artefatosdaculturanegra\\\/comissao-tecnica\\\/#breadcrumb\"},\"inLanguage\":\"pt-BR\",\"potentialAction\":[{\"@type\":\"ReadAction\",\"target\":[\"https:\\\/\\\/blogs.multimeios.ufc.br\\\/artefatosdaculturanegra\\\/comissao-tecnica\\\/\"]}]},{\"@type\":\"BreadcrumbList\",\"@id\":\"https:\\\/\\\/blogs.multimeios.ufc.br\\\/artefatosdaculturanegra\\\/comissao-tecnica\\\/#breadcrumb\",\"itemListElement\":[{\"@type\":\"ListItem\",\"position\":1,\"name\":\"In\u00edcio\",\"item\":\"https:\\\/\\\/blogs.multimeios.ufc.br\\\/artefatosdaculturanegra\\\/\"},{\"@type\":\"ListItem\",\"position\":2,\"name\":\"Comiss\u00e3o T\u00e9cnica\"}]},{\"@type\":\"WebSite\",\"@id\":\"https:\\\/\\\/blogs.multimeios.ufc.br\\\/artefatosdaculturanegra\\\/#website\",\"url\":\"https:\\\/\\\/blogs.multimeios.ufc.br\\\/artefatosdaculturanegra\\\/\",\"name\":\"Artefatos Negros\",\"description\":\"\",\"potentialAction\":[{\"@type\":\"SearchAction\",\"target\":{\"@type\":\"EntryPoint\",\"urlTemplate\":\"https:\\\/\\\/blogs.multimeios.ufc.br\\\/artefatosdaculturanegra\\\/?s={search_term_string}\"},\"query-input\":{\"@type\":\"PropertyValueSpecification\",\"valueRequired\":true,\"valueName\":\"search_term_string\"}}],\"inLanguage\":\"pt-BR\"}]}<\/script>\n<!-- \/ Yoast SEO plugin. -->","yoast_head_json":{"title":"Comiss\u00e3o T\u00e9cnica - Artefatos Negros","robots":{"index":"index","follow":"follow","max-snippet":"max-snippet:-1","max-image-preview":"max-image-preview:large","max-video-preview":"max-video-preview:-1"},"canonical":"https:\/\/blogs.multimeios.ufc.br\/artefatosdaculturanegra\/comissao-tecnica\/","og_locale":"pt_BR","og_type":"article","og_title":"Comiss\u00e3o T\u00e9cnica - Artefatos Negros","og_description":"Prof.\u00a0\u00a0 Dr. Henrique Cunha Junior\u00a0 &#8211; Prof.\u00a0 Titular\/UFC Prof.\u00a0\u00a0 Dra. Maria Zelma Ara\u00fajo Madeira \u2013 UECE Prof.\u00a0\u00a0 Dra. Sandra\u00a0 Hayde\u00e9\u00a0 Petit \u2013 UFC Profa. Dra. Rosa Maria Barros Ribeiro. \u2013 UECE Profa. Dra. Joselina da Silva\u00a0 \u2013 UFC Profa..Dra. C\u00edcera &hellip; Continue lendo &rarr;","og_url":"https:\/\/blogs.multimeios.ufc.br\/artefatosdaculturanegra\/comissao-tecnica\/","og_site_name":"Artefatos Negros","article_modified_time":"2012-09-24T22:09:54+00:00","twitter_card":"summary_large_image","twitter_misc":{"Est. tempo de leitura":"1 minuto"},"schema":{"@context":"https:\/\/schema.org","@graph":[{"@type":"WebPage","@id":"https:\/\/blogs.multimeios.ufc.br\/artefatosdaculturanegra\/comissao-tecnica\/","url":"https:\/\/blogs.multimeios.ufc.br\/artefatosdaculturanegra\/comissao-tecnica\/","name":"Comiss\u00e3o T\u00e9cnica - Artefatos Negros","isPartOf":{"@id":"https:\/\/blogs.multimeios.ufc.br\/artefatosdaculturanegra\/#website"},"datePublished":"2011-10-28T00:40:37+00:00","dateModified":"2012-09-24T22:09:54+00:00","breadcrumb":{"@id":"https:\/\/blogs.multimeios.ufc.br\/artefatosdaculturanegra\/comissao-tecnica\/#breadcrumb"},"inLanguage":"pt-BR","potentialAction":[{"@type":"ReadAction","target":["https:\/\/blogs.multimeios.ufc.br\/artefatosdaculturanegra\/comissao-tecnica\/"]}]},{"@type":"BreadcrumbList","@id":"https:\/\/blogs.multimeios.ufc.br\/artefatosdaculturanegra\/comissao-tecnica\/#breadcrumb","itemListElement":[{"@type":"ListItem","position":1,"name":"In\u00edcio","item":"https:\/\/blogs.multimeios.ufc.br\/artefatosdaculturanegra\/"},{"@type":"ListItem","position":2,"name":"Comiss\u00e3o T\u00e9cnica"}]},{"@type":"WebSite","@id":"https:\/\/blogs.multimeios.ufc.br\/artefatosdaculturanegra\/#website","url":"https:\/\/blogs.multimeios.ufc.br\/artefatosdaculturanegra\/","name":"Artefatos Negros","description":"","potentialAction":[{"@type":"SearchAction","target":{"@type":"EntryPoint","urlTemplate":"https:\/\/blogs.multimeios.ufc.br\/artefatosdaculturanegra\/?s={search_term_string}"},"query-input":{"@type":"PropertyValueSpecification","valueRequired":true,"valueName":"search_term_string"}}],"inLanguage":"pt-BR"}]}},"_links":{"self":[{"href":"https:\/\/blogs.multimeios.ufc.br\/artefatosdaculturanegra\/wp-json\/wp\/v2\/pages\/18","targetHints":{"allow":["GET"]}}],"collection":[{"href":"https:\/\/blogs.multimeios.ufc.br\/artefatosdaculturanegra\/wp-json\/wp\/v2\/pages"}],"about":[{"href":"https:\/\/blogs.multimeios.ufc.br\/artefatosdaculturanegra\/wp-json\/wp\/v2\/types\/page"}],"author":[{"embeddable":true,"href":"https:\/\/blogs.multimeios.ufc.br\/artefatosdaculturanegra\/wp-json\/wp\/v2\/users\/3"}],"replies":[{"embeddable":true,"href":"https:\/\/blogs.multimeios.ufc.br\/artefatosdaculturanegra\/wp-json\/wp\/v2\/comments?post=18"}],"version-history":[{"count":11,"href":"https:\/\/blogs.multimeios.ufc.br\/artefatosdaculturanegra\/wp-json\/wp\/v2\/pages\/18\/revisions"}],"predecessor-version":[{"id":20,"href":"https:\/\/blogs.multimeios.ufc.br\/artefatosdaculturanegra\/wp-json\/wp\/v2\/pages\/18\/revisions\/20"}],"wp:attachment":[{"href":"https:\/\/blogs.multimeios.ufc.br\/artefatosdaculturanegra\/wp-json\/wp\/v2\/media?parent=18"}],"curies":[{"name":"wp","href":"https:\/\/api.w.org\/{rel}","templated":true}]}}