{"id":2,"date":"2011-10-25T21:12:42","date_gmt":"2011-10-25T21:12:42","guid":{"rendered":"http:\/\/blogs.multimeios.ufc.br\/artefatosdaculturanegra\/?page_id=2"},"modified":"2012-11-07T21:09:09","modified_gmt":"2012-11-07T21:09:09","slug":"pagina-exemplo","status":"publish","type":"page","link":"https:\/\/blogs.multimeios.ufc.br\/artefatosdaculturanegra\/","title":{"rendered":"Home"},"content":{"rendered":"<div>\n<p><strong>C O N V I T E\u00a0<\/strong><\/p>\n<\/div>\n<div>\n<p>Foi atrav\u00e9s da sensibilidade de Henrique Cunha J\u00fanior em parceria com a emo\u00e7\u00e3o de Cecilia Cala\u00e7a que nasce e reverbera a arte de Moacir da Silva. E ainda tem as m\u00e1scaras tencionando as mem\u00f3rias.<\/p>\n<p>Convite: Exposi\u00e7\u00e3o de Arte<\/p>\n<p>Afro Arte Mem\u00f3rias e M\u00e1scaras &#8211; Moacir da Silva<br \/>\nCuradores: Henrique Cunha Junior e Maria Cec\u00edlia F\u00e9lix Cala\u00e7a<br \/>\nLocal: Centro de Refer\u00eancia do Professor<br \/>\nRua Conde D\u2019Eu, 590 &#8211; Centro (pr\u00f3ximo \u00e0 Catedral).<br \/>\nFortaleza &#8211; Cear\u00e1<br \/>\nData: 09 de Novembro de 2012, \u00e0s 19h.<\/p>\n<p><a href=\"http:\/\/blogs.multimeios.ufc.br\/artefatosdaculturanegra\/files\/2011\/10\/hcunha.jpg\"><img fetchpriority=\"high\" decoding=\"async\" class=\"aligncenter size-medium wp-image-316\" src=\"http:\/\/blogs.multimeios.ufc.br\/artefatosdaculturanegra\/files\/2011\/10\/hcunha-300x225.jpg\" alt=\"\" width=\"300\" height=\"225\" srcset=\"https:\/\/blogs.multimeios.ufc.br\/artefatosdaculturanegra\/files\/2011\/10\/hcunha-300x225.jpg 300w, https:\/\/blogs.multimeios.ufc.br\/artefatosdaculturanegra\/files\/2011\/10\/hcunha-400x300.jpg 400w, https:\/\/blogs.multimeios.ufc.br\/artefatosdaculturanegra\/files\/2011\/10\/hcunha.jpg 960w\" sizes=\"(max-width: 300px) 100vw, 300px\" \/><\/a><\/p>\n<p><span style=\"color: #000000\">CURSO ARTEFATOS DA CULTURA NEGRA NO CEAR\u00c1 <\/span><span style=\"color: #000000\">E MEM\u00d3RIAS DE BAOB\u00c1 &#8211; III &#8211; 2012<\/span><\/p>\n<p><a href=\"http:\/\/blogs.multimeios.ufc.br\/artefatosdaculturanegra\/files\/2011\/10\/artefatos-da-cultura-negra-no-cear\u00e12012-de-09-a-12.10.2012.jpg\"><img decoding=\"async\" class=\"aligncenter size-medium wp-image-314\" src=\"http:\/\/blogs.multimeios.ufc.br\/artefatosdaculturanegra\/files\/2011\/10\/artefatos-da-cultura-negra-no-cear\u00e12012-de-09-a-12.10.2012-300x199.jpg\" alt=\"\" width=\"300\" height=\"199\" srcset=\"https:\/\/blogs.multimeios.ufc.br\/artefatosdaculturanegra\/files\/2011\/10\/artefatos-da-cultura-negra-no-cear\u00e12012-de-09-a-12.10.2012-300x199.jpg 300w, https:\/\/blogs.multimeios.ufc.br\/artefatosdaculturanegra\/files\/2011\/10\/artefatos-da-cultura-negra-no-cear\u00e12012-de-09-a-12.10.2012-451x300.jpg 451w, https:\/\/blogs.multimeios.ufc.br\/artefatosdaculturanegra\/files\/2011\/10\/artefatos-da-cultura-negra-no-cear\u00e12012-de-09-a-12.10.2012.jpg 960w\" sizes=\"(max-width: 300px) 100vw, 300px\" \/><\/a><strong>Sim, foi prazerosa a Primeira Etapa do Artefatos da Cultura Negra no Cear\u00e1, vers\u00e3o 2012, agora de 09 a 12 de outubro. Muito obrigad@ a tod@s! A cada pessoa que contribuiu para o redimensionamento e o sucesso do evento. Valeu, pessoal! At\u00e9 breve na Segunda Etapa, o (Mem\u00f3rias de Baob\u00e1 \u2013 III, de 02 a 06 de dezembro\/2012).<\/strong><\/p>\n<\/div>\n<p><strong>JUSTIFICATIVA<\/strong><\/p>\n<p>O Artefatos da Cultura Negra no Cear\u00e1, justifica-se pela necessidade de se aprender e ensinar\u00a0 a Hist\u00f3ria da \u00c1frica e dos afrodescendentes no Brasil em todas as dimens\u00f5es da educa\u00e7\u00e3o, tendo como base norteadora as Diretrizes Curriculares Nacionais para a Educa\u00e7\u00e3o das Rela\u00e7\u00f5es Etnicorraciais e para o Ensino de Hist\u00f3ria e Cultura Afrobrasileira e Africana.<\/p>\n<p>As a\u00e7\u00f5es propostas pelo Artefatos da Cultura Negra no Cear\u00e1 tem como relev\u00e2ncia a forma\u00e7\u00e3o dos profissionais de educa\u00e7\u00e3o, estudantes e demais participantes a cerca dos diversos aspectos da Hist\u00f3ria e da Cultura da Popula\u00e7\u00e3o Negra em n\u00edvel\u00a0 nacional e\u00a0 local evidenciando os aspectos materiais e imateriais.<\/p>\n<p>Essas a\u00e7\u00f5es ser\u00e3o desenvolvidas atrav\u00e9s de atividades diversas e com metodologias multidisciplinares tendo na sua programa\u00e7\u00e3o: mini-cursos, palestras, mesas redondas, rodas de conversas, pain\u00e9is, filmes, banires, apresenta\u00e7\u00e3o de trabalhos de pesquisa, inicia\u00e7\u00e3o cientifica e experi\u00eancias relevantes do ensino e aprendizado da historia e cultura negra no Estado do Cear\u00e1 e demais estados brasileiros.<\/p>\n<p align=\"center\"><strong>SEGUNDA ETAPA DO ARTEFATOS DA CULTURA NEGRA NO CEAR\u00c1 <\/strong><\/p>\n<p align=\"center\"><strong>SEMIN\u00c1RIO MEM\u00d3RIAS DO BAOB\u00c1 III<\/strong><\/p>\n<p align=\"center\">De 02 a 06 de dezembro de 2012<\/p>\n<p align=\"center\"><strong>Coordena\u00e7\u00e3o:<\/strong> Prof\u00aa.\u00a0 Dra. Sandra Hayd\u00e9e Petit &#8211; UFC<\/p>\n<p align=\"center\"><strong>MEM\u00d3RIAS DE BAOB\u00c1 \u2013 III \u2013 2012<\/strong><\/p>\n<p align=\"center\"><a href=\"http:\/\/blogs.multimeios.ufc.br\/artefatosdaculturanegra\/files\/2011\/10\/memorias-de-baoba-II-abra\u00e7o-coletivo.jpg\"><img decoding=\"async\" class=\"aligncenter size-medium wp-image-269\" src=\"http:\/\/blogs.multimeios.ufc.br\/artefatosdaculturanegra\/files\/2011\/10\/memorias-de-baoba-II-abra\u00e7o-coletivo-300x225.jpg\" alt=\"\" width=\"300\" height=\"225\" srcset=\"https:\/\/blogs.multimeios.ufc.br\/artefatosdaculturanegra\/files\/2011\/10\/memorias-de-baoba-II-abra\u00e7o-coletivo-300x225.jpg 300w, https:\/\/blogs.multimeios.ufc.br\/artefatosdaculturanegra\/files\/2011\/10\/memorias-de-baoba-II-abra\u00e7o-coletivo-400x300.jpg 400w, https:\/\/blogs.multimeios.ufc.br\/artefatosdaculturanegra\/files\/2011\/10\/memorias-de-baoba-II-abra\u00e7o-coletivo.jpg 640w\" sizes=\"(max-width: 300px) 100vw, 300px\" \/><\/a><\/p>\n<p>Pretendemos homenagear os saberes da tradi\u00e7\u00e3o oral, notadamente seus aspectos educacionais e as possibilidades de transposi\u00e7\u00e3o did\u00e1tica no curr\u00edculo escolar. Assim o nosso mote ser\u00e1: <strong>Cosmovis\u00e3o Africana, Educa\u00e7\u00e3o e Curr\u00edculo.<\/strong>\u00a0 O NACE vem h\u00e1 alguns anos experimentando formas de dar visibilidade \u00e0s africanidades no Cear\u00e1, com forma\u00e7\u00f5es, exposi\u00e7\u00f5es e publica\u00e7\u00f5es \u2013 vide livro e evento Artefatos da Cultura Negra no Cear\u00e1 \u2013 bem como buscando e construindo subs\u00eddios did\u00e1tico-pedag\u00f3gicos para a implementa\u00e7\u00e3o da lei 10.639\/2003 nos curr\u00edculos escolares e nas forma\u00e7\u00f5es de professores\/as. Nesse processo, o NACE tem se preocupado em trazer para dentro do fazer pedag\u00f3gico uma abordagem condizente com os valores civilizat\u00f3rios africanos e a diversidade de suas manifesta\u00e7\u00f5es nas culturas afrodescendentes da di\u00e1spora, particularmente no Brasil. Partindo do conceito de afrodescend\u00eancia (CUNHA Jr.) e nos inspirando em diversos estudos e experi\u00eancias da \u00e1rea, vimos se constituir aos poucos um novo referencial te\u00f3rico-metodol\u00f3gico que denominamos de <strong><em>pretagogia<\/em>.<\/strong> O nosso prop\u00f3sito de enpretecer a pedagogia at\u00e9 ent\u00e3o euroc\u00eantrica tem gerado muitos efeitos importantes e nos obrigado a aprofundar as pesquisas. S\u00e3o algumas dessas tend\u00eancias, pesquisas e possibilidades que queremos agora socializar para um p\u00fablico mais amplo atrav\u00e9s do evento III Mem\u00f3rias de Baob\u00e1. O foco escolhido \u00e9 a transposi\u00e7\u00e3o did\u00e1tica da cosmovis\u00e3o africana na escola atrav\u00e9s de mini-cursos\u00a0 \u2013 capoeira angola, conta\u00e7\u00e3o de hist\u00f3rias, ra\u00edzes e africanidades na hist\u00f3ria de vida, literatura oral, est\u00e9tica do cabelo afro, africanidades na escola, musicalidade do samba, dan\u00e7a afro-brasileira e afro-cubana e aulas-confer\u00eancias te\u00f3rico-pr\u00e1ticas respectivamente acerca da transculturalidade ambiental e da hist\u00f3ria e tradi\u00e7\u00e3o negro-africanas e da di\u00e1spora afro-americana. <strong><\/strong><\/p>\n<p><strong>Local: <\/strong>Pra\u00e7a dos M\u00e1rtires <strong>(Passeio P\u00fablico)<\/strong> \u2013 Centro de Fortaleza \u2013 Entre as Ruas Dr. Jo\u00e3o Moreira &#8211; Bar\u00e3o do Rio Branco \u2013 Floriano Peixoto, em frente \u00e0 Santa Casa de Miseric\u00f3rdia.<\/p>\n<p><strong><br \/>\n<\/strong><\/p>\n<p><strong><a href=\"http:\/\/blogs.multimeios.ufc.br\/artefatosdaculturanegra\/files\/2011\/10\/artefatos-03-convite.png\"><img loading=\"lazy\" decoding=\"async\" class=\"aligncenter size-medium wp-image-281\" src=\"http:\/\/blogs.multimeios.ufc.br\/artefatosdaculturanegra\/files\/2011\/10\/artefatos-03-convite-300x150.png\" alt=\"\" width=\"300\" height=\"150\" srcset=\"https:\/\/blogs.multimeios.ufc.br\/artefatosdaculturanegra\/files\/2011\/10\/artefatos-03-convite-300x150.png 300w, https:\/\/blogs.multimeios.ufc.br\/artefatosdaculturanegra\/files\/2011\/10\/artefatos-03-convite-500x250.png 500w, https:\/\/blogs.multimeios.ufc.br\/artefatosdaculturanegra\/files\/2011\/10\/artefatos-03-convite.png 800w\" sizes=\"(max-width: 300px) 100vw, 300px\" \/><\/a><\/strong><\/p>\n<p><strong>Realiza\u00e7\u00e3o:<\/strong><\/p>\n<p><strong>UFC<\/strong> \u2013 Universidade Federal do Cear\u00e1 \u2013 Programa de P\u00f3s-Gradua\u00e7\u00e3o em Educa\u00e7\u00e3o Brasileira \u2013 Linha de Movimentos Sociais, Educa\u00e7\u00e3o Popular e Escola \u2013 Eixo de Sociopo\u00e9tica, Cultura e Rela\u00e7\u00f5es Etnicorraciais.<\/p>\n<p><strong>URCA<\/strong> &#8211; Universidade Regional do Cariri &#8211; Grupo de Estudos Afrobrasileiros &#8211; Grupo de Valoriza\u00e7\u00e3o Negra do Cariri (GRUNEC).<\/p>\n<p><strong>Coordena\u00e7\u00e3o:<\/strong> Prof. Dr. Henrique Cunha Junior \/ Prof\u00aa Dra. Cicera Nunes<\/p>\n<p><strong>Equipe de Organiza\u00e7\u00e3o:<\/strong>\u00a0 Gislana Vale, Reginaldo Ferreira, Alexsandra Ferreira, Rita de C\u00e1ssia, Wellington Par\u00e1, K\u00e1ssia Motta, Concei\u00e7\u00e3o Guedes, Auricl\u00e9a Barros, Kelma Nunes (Kelma T\u2019 Iyemonja), Maria Aparecida (Cida), Maria Saraiva da Silva, Rinaldo Pevidor, Cec\u00edlia Cala\u00e7a, Cristiane Silva, Ana Cristina, Marcia Cristina.<\/p>\n<p><strong>Co-promotores:<\/strong><span style=\"color: #000000\"><span style=\"font-family: Times New Roman,serif\"><strong><br \/>\n<\/strong><\/span><\/span><\/p>\n<p>Instituto de Estudos e Pesquisas para o Desenvolvimento do Estado do Cear\u00e1 \u2013 <strong>INESP<\/strong><\/p>\n<p>Universidade do Parlamento do Cearense- <strong>UNIPACE<\/strong><\/p>\n<p>Secretaria Municipal de Educa\u00e7\u00e3o de Fortaleza \u2013 <strong>SME<\/strong><\/p>\n<p><strong>Apoios<\/strong><\/p>\n<p>F\u00f3rum Permanente de Educa\u00e7\u00e3o das Rela\u00e7\u00f5es \u00c9tnicorraciais do Estado do Cear\u00e1;<\/p>\n<p>Coordenadoria de Pol\u00edticas da Promo\u00e7\u00e3o da Igualdade Racial do Munic\u00edpio de Fortaleza; COPPIR;<\/p>\n<p>Coordenadoria Especial de Pol\u00edticas de Promo\u00e7\u00e3o da Igualdade Racial do Estado do Cear\u00e1\u2013 CEPPIR;<\/p>\n<p>Minist\u00e9rio da Educa\u00e7\u00e3o e Secretaria de Educa\u00e7\u00e3o Continuada Alfabetiza\u00e7\u00e3o e Diversidade e Inclus\u00e3o &#8211; MEC\/SECADI;<\/p>\n<p>Secretaria Especial de Pol\u00edticas de Promo\u00e7\u00e3o da Igualdade Racial\/ SEPPIR;<\/p>\n<p>F\u00f3rum Intergovernamental de Pol\u00edtica de Promo\u00e7\u00e3o da Igualdade Racial\/ FIPPIR,<\/p>\n<p>Rede Nacional de Religi\u00f5es Afrobrasileira e Sa\u00fade (Rede de Terreiros).<\/p>\n<p><strong>Finalidades:<\/strong><\/p>\n<p><strong><\/strong>1. Realizar forma\u00e7\u00e3o dos profissionais de educa\u00e7\u00e3o em Historia da Popula\u00e7\u00e3o Negra e \u00a0 Cultura Negra no Estado do Ceara;<\/p>\n<p>2. Estabelecer di\u00e1logos na diversidade etnicorracial que concorram para a forma\u00e7\u00e3o de educadores com vista \u00e0 aplica\u00e7\u00e3o da Lei 10.639\/2003;<\/p>\n<p>3. Apresentar um panorama das atividades de pesquisa e das a\u00e7\u00f5es referentes \u00e0s rela\u00e7\u00f5es etnicorraciais;<\/p>\n<p><strong>\u00a0<\/strong><strong>P\u00fablico: <\/strong>Profissionais dos Sistemas Educacionais; Estudantes de Gradua\u00e7\u00e3o e P\u00f3s-Gradua\u00e7\u00e3o; F\u00f3rum Permanente de Educa\u00e7\u00e3o e Diversidade Etnicorracial do Estado do Cear\u00e1; Movimentos Sociais e Sindicatos;<\/p>\n<p><strong>Carga Hor\u00e1ria<\/strong> \u2013 80h\/a<\/p>\n<p><span class=\"alignleft size-medium wp-image-53\" style=\"color: #000000\" title=\"NACE logo\">\u00a0\u00a0 \u00a0\u00a0 \u00a0 \u00a0 \u00a0 \u00a0\u00a0\u00a0\u00a0\u00a0 <a href=\"http:\/\/blogs.multimeios.ufc.br\/artefatosdaculturanegra\/files\/2011\/10\/ufc-ce-azul.jpeg\"><img loading=\"lazy\" decoding=\"async\" class=\"alignnone size-full wp-image-84\" src=\"http:\/\/blogs.multimeios.ufc.br\/artefatosdaculturanegra\/files\/2011\/10\/ufc-ce-azul.jpeg\" alt=\"\" width=\"93\" height=\"68\" \/><\/a><a href=\"http:\/\/blogs.multimeios.ufc.br\/artefatosdaculturanegra\/files\/2011\/10\/ufc-ce-azul.jpeg\"><br \/>\n<\/a><\/span><\/p>\n","protected":false},"excerpt":{"rendered":"<p>C O N V I T E\u00a0 Foi atrav\u00e9s da sensibilidade de Henrique Cunha J\u00fanior em parceria com a emo\u00e7\u00e3o de Cecilia Cala\u00e7a que nasce e reverbera a arte de Moacir da Silva. E ainda tem as m\u00e1scaras tencionando as &hellip; <a href=\"https:\/\/blogs.multimeios.ufc.br\/artefatosdaculturanegra\/\">Continue lendo <span class=\"meta-nav\">&rarr;<\/span><\/a><\/p>\n","protected":false},"author":3,"featured_media":0,"parent":0,"menu_order":0,"comment_status":"open","ping_status":"open","template":"sidebar-page.php","meta":{"footnotes":""},"class_list":["post-2","page","type-page","status-publish","hentry"],"yoast_head":"<!-- This site is optimized with the Yoast SEO plugin v27.4 - https:\/\/yoast.com\/product\/yoast-seo-wordpress\/ -->\n<title>Home - Artefatos Negros<\/title>\n<meta name=\"robots\" content=\"index, follow, max-snippet:-1, max-image-preview:large, max-video-preview:-1\" \/>\n<link rel=\"canonical\" href=\"https:\/\/blogs.multimeios.ufc.br\/artefatosdaculturanegra\/\" \/>\n<meta property=\"og:locale\" content=\"pt_BR\" \/>\n<meta property=\"og:type\" content=\"article\" \/>\n<meta property=\"og:title\" content=\"Home - Artefatos Negros\" \/>\n<meta property=\"og:description\" content=\"C O N V I T E\u00a0 Foi atrav\u00e9s da sensibilidade de Henrique Cunha J\u00fanior em parceria com a emo\u00e7\u00e3o de Cecilia Cala\u00e7a que nasce e reverbera a arte de Moacir da Silva. E ainda tem as m\u00e1scaras tencionando as &hellip; Continue lendo &rarr;\" \/>\n<meta property=\"og:url\" content=\"https:\/\/blogs.multimeios.ufc.br\/artefatosdaculturanegra\/\" \/>\n<meta property=\"og:site_name\" content=\"Artefatos Negros\" \/>\n<meta property=\"article:modified_time\" content=\"2012-11-07T21:09:09+00:00\" \/>\n<meta property=\"og:image\" content=\"http:\/\/blogs.multimeios.ufc.br\/artefatosdaculturanegra\/files\/2011\/10\/hcunha-300x225.jpg\" \/>\n<meta name=\"twitter:card\" content=\"summary_large_image\" \/>\n<meta name=\"twitter:label1\" content=\"Est. tempo de leitura\" \/>\n\t<meta name=\"twitter:data1\" content=\"5 minutos\" \/>\n<script type=\"application\/ld+json\" class=\"yoast-schema-graph\">{\"@context\":\"https:\\\/\\\/schema.org\",\"@graph\":[{\"@type\":\"WebPage\",\"@id\":\"https:\\\/\\\/blogs.multimeios.ufc.br\\\/artefatosdaculturanegra\\\/\",\"url\":\"https:\\\/\\\/blogs.multimeios.ufc.br\\\/artefatosdaculturanegra\\\/\",\"name\":\"Home - Artefatos Negros\",\"isPartOf\":{\"@id\":\"https:\\\/\\\/blogs.multimeios.ufc.br\\\/artefatosdaculturanegra\\\/#website\"},\"primaryImageOfPage\":{\"@id\":\"https:\\\/\\\/blogs.multimeios.ufc.br\\\/artefatosdaculturanegra\\\/#primaryimage\"},\"image\":{\"@id\":\"https:\\\/\\\/blogs.multimeios.ufc.br\\\/artefatosdaculturanegra\\\/#primaryimage\"},\"thumbnailUrl\":\"http:\\\/\\\/blogs.multimeios.ufc.br\\\/artefatosdaculturanegra\\\/files\\\/2011\\\/10\\\/hcunha-300x225.jpg\",\"datePublished\":\"2011-10-25T21:12:42+00:00\",\"dateModified\":\"2012-11-07T21:09:09+00:00\",\"breadcrumb\":{\"@id\":\"https:\\\/\\\/blogs.multimeios.ufc.br\\\/artefatosdaculturanegra\\\/#breadcrumb\"},\"inLanguage\":\"pt-BR\",\"potentialAction\":[{\"@type\":\"ReadAction\",\"target\":[\"https:\\\/\\\/blogs.multimeios.ufc.br\\\/artefatosdaculturanegra\\\/\"]}]},{\"@type\":\"ImageObject\",\"inLanguage\":\"pt-BR\",\"@id\":\"https:\\\/\\\/blogs.multimeios.ufc.br\\\/artefatosdaculturanegra\\\/#primaryimage\",\"url\":\"https:\\\/\\\/blogs.multimeios.ufc.br\\\/artefatosdaculturanegra\\\/files\\\/2011\\\/10\\\/hcunha.jpg\",\"contentUrl\":\"https:\\\/\\\/blogs.multimeios.ufc.br\\\/artefatosdaculturanegra\\\/files\\\/2011\\\/10\\\/hcunha.jpg\",\"width\":\"960\",\"height\":\"720\"},{\"@type\":\"BreadcrumbList\",\"@id\":\"https:\\\/\\\/blogs.multimeios.ufc.br\\\/artefatosdaculturanegra\\\/#breadcrumb\",\"itemListElement\":[{\"@type\":\"ListItem\",\"position\":1,\"name\":\"In\u00edcio\",\"item\":\"https:\\\/\\\/blogs.multimeios.ufc.br\\\/artefatosdaculturanegra\\\/\"},{\"@type\":\"ListItem\",\"position\":2,\"name\":\"Home\"}]},{\"@type\":\"WebSite\",\"@id\":\"https:\\\/\\\/blogs.multimeios.ufc.br\\\/artefatosdaculturanegra\\\/#website\",\"url\":\"https:\\\/\\\/blogs.multimeios.ufc.br\\\/artefatosdaculturanegra\\\/\",\"name\":\"Artefatos Negros\",\"description\":\"\",\"potentialAction\":[{\"@type\":\"SearchAction\",\"target\":{\"@type\":\"EntryPoint\",\"urlTemplate\":\"https:\\\/\\\/blogs.multimeios.ufc.br\\\/artefatosdaculturanegra\\\/?s={search_term_string}\"},\"query-input\":{\"@type\":\"PropertyValueSpecification\",\"valueRequired\":true,\"valueName\":\"search_term_string\"}}],\"inLanguage\":\"pt-BR\"}]}<\/script>\n<!-- \/ Yoast SEO plugin. -->","yoast_head_json":{"title":"Home - Artefatos Negros","robots":{"index":"index","follow":"follow","max-snippet":"max-snippet:-1","max-image-preview":"max-image-preview:large","max-video-preview":"max-video-preview:-1"},"canonical":"https:\/\/blogs.multimeios.ufc.br\/artefatosdaculturanegra\/","og_locale":"pt_BR","og_type":"article","og_title":"Home - Artefatos Negros","og_description":"C O N V I T E\u00a0 Foi atrav\u00e9s da sensibilidade de Henrique Cunha J\u00fanior em parceria com a emo\u00e7\u00e3o de Cecilia Cala\u00e7a que nasce e reverbera a arte de Moacir da Silva. E ainda tem as m\u00e1scaras tencionando as &hellip; Continue lendo &rarr;","og_url":"https:\/\/blogs.multimeios.ufc.br\/artefatosdaculturanegra\/","og_site_name":"Artefatos Negros","article_modified_time":"2012-11-07T21:09:09+00:00","og_image":[{"url":"http:\/\/blogs.multimeios.ufc.br\/artefatosdaculturanegra\/files\/2011\/10\/hcunha-300x225.jpg","type":"","width":"","height":""}],"twitter_card":"summary_large_image","twitter_misc":{"Est. tempo de leitura":"5 minutos"},"schema":{"@context":"https:\/\/schema.org","@graph":[{"@type":"WebPage","@id":"https:\/\/blogs.multimeios.ufc.br\/artefatosdaculturanegra\/","url":"https:\/\/blogs.multimeios.ufc.br\/artefatosdaculturanegra\/","name":"Home - Artefatos Negros","isPartOf":{"@id":"https:\/\/blogs.multimeios.ufc.br\/artefatosdaculturanegra\/#website"},"primaryImageOfPage":{"@id":"https:\/\/blogs.multimeios.ufc.br\/artefatosdaculturanegra\/#primaryimage"},"image":{"@id":"https:\/\/blogs.multimeios.ufc.br\/artefatosdaculturanegra\/#primaryimage"},"thumbnailUrl":"http:\/\/blogs.multimeios.ufc.br\/artefatosdaculturanegra\/files\/2011\/10\/hcunha-300x225.jpg","datePublished":"2011-10-25T21:12:42+00:00","dateModified":"2012-11-07T21:09:09+00:00","breadcrumb":{"@id":"https:\/\/blogs.multimeios.ufc.br\/artefatosdaculturanegra\/#breadcrumb"},"inLanguage":"pt-BR","potentialAction":[{"@type":"ReadAction","target":["https:\/\/blogs.multimeios.ufc.br\/artefatosdaculturanegra\/"]}]},{"@type":"ImageObject","inLanguage":"pt-BR","@id":"https:\/\/blogs.multimeios.ufc.br\/artefatosdaculturanegra\/#primaryimage","url":"https:\/\/blogs.multimeios.ufc.br\/artefatosdaculturanegra\/files\/2011\/10\/hcunha.jpg","contentUrl":"https:\/\/blogs.multimeios.ufc.br\/artefatosdaculturanegra\/files\/2011\/10\/hcunha.jpg","width":"960","height":"720"},{"@type":"BreadcrumbList","@id":"https:\/\/blogs.multimeios.ufc.br\/artefatosdaculturanegra\/#breadcrumb","itemListElement":[{"@type":"ListItem","position":1,"name":"In\u00edcio","item":"https:\/\/blogs.multimeios.ufc.br\/artefatosdaculturanegra\/"},{"@type":"ListItem","position":2,"name":"Home"}]},{"@type":"WebSite","@id":"https:\/\/blogs.multimeios.ufc.br\/artefatosdaculturanegra\/#website","url":"https:\/\/blogs.multimeios.ufc.br\/artefatosdaculturanegra\/","name":"Artefatos Negros","description":"","potentialAction":[{"@type":"SearchAction","target":{"@type":"EntryPoint","urlTemplate":"https:\/\/blogs.multimeios.ufc.br\/artefatosdaculturanegra\/?s={search_term_string}"},"query-input":{"@type":"PropertyValueSpecification","valueRequired":true,"valueName":"search_term_string"}}],"inLanguage":"pt-BR"}]}},"_links":{"self":[{"href":"https:\/\/blogs.multimeios.ufc.br\/artefatosdaculturanegra\/wp-json\/wp\/v2\/pages\/2","targetHints":{"allow":["GET"]}}],"collection":[{"href":"https:\/\/blogs.multimeios.ufc.br\/artefatosdaculturanegra\/wp-json\/wp\/v2\/pages"}],"about":[{"href":"https:\/\/blogs.multimeios.ufc.br\/artefatosdaculturanegra\/wp-json\/wp\/v2\/types\/page"}],"author":[{"embeddable":true,"href":"https:\/\/blogs.multimeios.ufc.br\/artefatosdaculturanegra\/wp-json\/wp\/v2\/users\/3"}],"replies":[{"embeddable":true,"href":"https:\/\/blogs.multimeios.ufc.br\/artefatosdaculturanegra\/wp-json\/wp\/v2\/comments?post=2"}],"version-history":[{"count":119,"href":"https:\/\/blogs.multimeios.ufc.br\/artefatosdaculturanegra\/wp-json\/wp\/v2\/pages\/2\/revisions"}],"predecessor-version":[{"id":319,"href":"https:\/\/blogs.multimeios.ufc.br\/artefatosdaculturanegra\/wp-json\/wp\/v2\/pages\/2\/revisions\/319"}],"wp:attachment":[{"href":"https:\/\/blogs.multimeios.ufc.br\/artefatosdaculturanegra\/wp-json\/wp\/v2\/media?parent=2"}],"curies":[{"name":"wp","href":"https:\/\/api.w.org\/{rel}","templated":true}]}}