{"id":21,"date":"2011-10-28T00:42:15","date_gmt":"2011-10-28T00:42:15","guid":{"rendered":"http:\/\/blogs.multimeios.ufc.br\/artefatosdaculturanegra\/?page_id=21"},"modified":"2012-09-25T11:01:37","modified_gmt":"2012-09-25T11:01:37","slug":"trabalhos","status":"publish","type":"page","link":"https:\/\/blogs.multimeios.ufc.br\/artefatosdaculturanegra\/trabalhos\/","title":{"rendered":"Trabalhos"},"content":{"rendered":"<p>A Comiss\u00e3o executiva do Artefatos da Cultura Negra no Cear\u00e1 receber\u00e1 submiss\u00f5es de trabalhos, nas categorias Artigos, P\u00f4ster, Resumo Simples e Expandido, Experi\u00eancias de trabalhos em andamento ou conclu\u00eddos, no per\u00edodo de\u00a0 20 de Agosto de 2012\u00a0 at\u00e9 03 de Outubro de 2012.<\/p>\n<p><strong>O pagamento da inscri\u00e7\u00e3o \u00e9 condi\u00e7\u00e3o para envio de trabalhos:<\/strong><\/p>\n<p>Cada participante poder\u00e1 inscrever at\u00e9 dois trabalhos como primeiro autor, sendo um na categoria <strong>Artigos (Painel)<\/strong> e outro na categoria <strong>P\u00f4ster<\/strong>.\u00a0 Como co-autor ser\u00e1 permitido \u00e0 participa\u00e7\u00e3o em at\u00e9 tr\u00eas trabalhos. Todos os autores dever\u00e3o estar inscritos e ter realizado o pagamento da taxa de inscri\u00e7\u00e3o no evento. Este pagamento n\u00e3o garante a aprova\u00e7\u00e3o do trabalho e o valor correspondente \u00e0 inscri\u00e7\u00e3o no evento n\u00e3o ser\u00e1 devolvido, caso o trabalho n\u00e3o seja aceito para apresenta\u00e7\u00e3o no Artefatos da Cultura Negra no Ceara\/2012.<\/p>\n<p><strong>Obs:<\/strong> Se um participante submeter mais trabalhos do que o n\u00famero permitido, s\u00f3 ser\u00e3o considerados os primeiros trabalhos enviados.<\/p>\n<p>A Comiss\u00e3o Organizadora encaminhar\u00e1 as propostas de trabalhos que atendam \u00e0s normas de formula\u00e7\u00e3o e formata\u00e7\u00e3o para a Comiss\u00e3o de Avalia\u00e7\u00e3o Cient\u00edfica. Os proponentes receber\u00e3o o resultado da avalia\u00e7\u00e3o por email em carta de aceite.<\/p>\n<p><strong>ATEN\u00c7\u00c3O:<\/strong> N\u00e3o ser\u00e3o avaliados trabalhos que n\u00e3o atendam aos crit\u00e9rios estabelecidos para elabora\u00e7\u00e3o e formata\u00e7\u00e3o, conforme orienta\u00e7\u00e3o a seguir:<\/p>\n<h2>Organiza\u00e7\u00e3o dos trabalhos em todas as categorias<\/h2>\n<p>O trabalho proposto pelo(s) autor(es) deve estar articulado a uma das<strong> Tem\u00e1ticas proposta.<\/strong>\u00a0 Os trabalhos individuais ou em grupos poder\u00e3o ser inscritos na forma de:<\/p>\n<p>1 \u2013 <strong>Pain\u00e9is (Artigos<\/strong>): reflex\u00f5es te\u00f3ricas e pr\u00e1ticas decorrentes de pesquisas conclu\u00eddas ou que apresentem an\u00e1lises parciais consistentes;<\/p>\n<p>2 &#8211; <strong>P\u00f4steres<\/strong>: resultados de trabalhos em andamento que apresentem an\u00e1lises parciais ou em processo;<\/p>\n<p>3 \u2013 <strong>Experi\u00eancias de pr\u00e1ticas<\/strong> em educa\u00e7\u00e3o sobre a implementa\u00e7\u00e3o da Lei 10.639\/2003;<\/p>\n<p><strong>4 \u2013 <\/strong><strong>Resumo expandido<\/strong> de quatro paginas a seis p\u00e1ginas espa\u00e7o simples, times new roman A4, sobre pesquisas cient\u00edficas, teses e disserta\u00e7\u00f5es dentro das tem\u00e1ticas de interesse desta atividade.<\/p>\n<p><strong>5 \u2013 Trabalho de Inicia\u00e7\u00e3o Cientifica: Resumo simples<\/strong> deve<strong> <\/strong><strong>conter entre 200 e 250 palavras<\/strong>, ressaltando a import\u00e2ncia do tema, o objetivo do trabalho, o local de realiza\u00e7\u00e3o do trabalho, a metodologia utilizada, os principais resultados e, ao final, a principal conclus\u00e3o. Quanto se tratar de trabalho em fase inicial, poder\u00e1 ser apresentada a proposta do trabalho, organizando o Painel trabalho em tr\u00eas partes: INTRODU\u00c7\u00c3O, DESENVOLVIMENTO e CONCLUS\u00c3O.<\/p>\n<p><strong>Formata\u00e7\u00e3o dos textos que acompanham o painel <\/strong><\/p>\n<p>O texto de <strong>cada participante do painel<\/strong> dever\u00e1 ter formato de artigo, com problem\u00e1tica anunciada e desenvolvida, conclus\u00f5es\/recomenda\u00e7\u00f5es e refer\u00eancias bibliogr\u00e1ficas, estruturado em torno de 8 (oito) a 12 (doze) p\u00e1ginas, incluindo as refer\u00eancias bibliogr\u00e1ficas e os anexos. A digita\u00e7\u00e3o e a formata\u00e7\u00e3o do texto devem seguir as orienta\u00e7\u00f5es abaixo:<\/p>\n<p>O resumo geral do painel e de cada texto dos participantes deve conter entre 250 e 300 palavras, em espa\u00e7o simples, apresentando no final, tr\u00eas a cinco palavras-chave. Fonte da letra: Times New Roman, tamanho 12.<\/p>\n<p><strong>Refer\u00eancias e anexos:<\/strong><\/p>\n<ul>\n<li>As cita\u00e7\u00f5es e as notas devem seguir as normas da ABNT em vigor;<\/li>\n<li>N\u00e3o utilizar notas de rodap\u00e9;<\/li>\n<li>As refer\u00eancias bibliogr\u00e1ficas devem ficar localizadas no final do texto, contendo exclusivamente as obras citadas;<\/li>\n<li>Os quadros, tabelas, gr\u00e1ficos, figuras (fotografias ou desenhos) devem vir ap\u00f3s as refer\u00eancias bibliogr\u00e1ficas, com indica\u00e7\u00e3o de fonte (quando for o caso);<\/li>\n<\/ul>\n<h1>P\u00f4ster<\/h1>\n<p>O objetivo do p\u00f4ster \u00e9 apresentar o resultado de estudos trabalhos realizados ou em andamento.<\/p>\n<h2>Formata\u00e7\u00e3o do P\u00f4ster<\/h2>\n<p>A apresenta\u00e7\u00e3o gr\u00e1fica do p\u00f4ster selecionado dever\u00e1 conter os seguintes itens: t\u00edtulo, nome(s) do(s) expositor(es) e da(s) institui\u00e7\u00e3o(\u00f5es), introdu\u00e7\u00e3o, problema\/quest\u00f5es, objetivos, metodologia, resultados e\/ou conclus\u00f5es. A medida proposta \u00e9 de 1,20m de altura e 80cm de largura; \u00c9 de responsabilidade do participante trazer o p\u00f4ster impresso para ser afixado quando aprovado.<\/p>\n<h2>Formata\u00e7\u00e3o do texto que acompanha o p\u00f4ster.<\/h2>\n<p>O texto dever\u00e1 ter formato de artigo, com problem\u00e1tica anunciada e desenvolvida, conclus\u00f5es\/recomenda\u00e7\u00f5es e refer\u00eancias bibliogr\u00e1ficas, estruturado em torno de 8 (oito) a 12 (doze) p\u00e1ginas, incluindo as refer\u00eancias bibliogr\u00e1ficas e os anexos. A digita\u00e7\u00e3o e a formata\u00e7\u00e3o do texto devem seguir as orienta\u00e7\u00f5es abaixo:<\/p>\n<p>O resumo de cada texto do p\u00f4ster deve conter entre 250 e 300 palavras, em espa\u00e7o simples, apresentando no final, tr\u00eas a cinco palavras-chave. Fonte da letra: Times New Roman, tamanho 12.<\/p>\n<p><strong>Obs<\/strong>: Os resumos dos trabalhos dever\u00e3o ter indica\u00e7\u00e3o da categoria para a qual\u00a0 est\u00e1 sendo solicitada a\u00a0 inscri\u00e7\u00e3o e dever\u00e1 conter at\u00e9 500 palavras e serem enviados para as comiss\u00f5es de avalia\u00e7\u00e3o com o devido comprovante de inscri\u00e7\u00e3o.<\/p>\n<p><strong>Comiss\u00e3o de Avalia\u00e7\u00e3o de Trabalhos Cient\u00edficos<\/strong><\/p>\n<p>Prof. Dr. Henrique A. Cunha Jr \u2013 UFC<\/p>\n<p>K\u00e1ssia Motta \u2013 (UFC)<\/p>\n<p>Ana Cristina Santos \u2013 (UFC)<\/p>\n<p>M\u00e1rcia Cristina Am\u00e9rico (UNIMEP)<\/p>\n<p><strong>Enviar os resumos \u00e0<\/strong><strong><em> <\/em><\/strong><em><strong>Comiss\u00e3o de Avalia\u00e7\u00e3o de Trabalhos Cient\u00edficos<\/strong><\/em><strong>:<\/strong><strong><\/strong><\/p>\n<p><strong>Painel (Artigos<\/strong>): Prof. Dr. Henrique Cunha Junior \u2013 <strong>E-mail:<\/strong> hcunha@ufc.br<\/p>\n<p><strong>P\u00f4ster <\/strong>\u2013 Profa. Ms.\/\u00a0 Doutoranda \u2013 Kassia Mota \u2013 <strong>E-mail:<\/strong> kassiamota@gmail.com<\/p>\n<p><strong>Resumo Expandio: <\/strong>Prof. Doutoranda &#8211; Ana Cristina: <strong>E-mail: <\/strong>ayana_candace@yahoo.com.br<\/p>\n<p><strong>Resumo Simples: <\/strong>Prof. Doutoranda \u2013 Macia Cristina Am\u00e9rico: <strong>Email:<\/strong>cristinamerico@gmail.com<\/p>\n<p>Os resumos ser\u00e3o submetidos a analise cientifica e os trabalhos aceitos ser\u00e3o publicados at\u00e9 o dia 03 de Outubro de \u00a02012.<\/p>\n<p><strong>Observa\u00e7\u00f5es Importantes:<\/strong><strong><\/strong><\/p>\n<p><strong>Das Vagas para participa\u00e7\u00e3o (570 pessoas)<\/strong><strong><\/strong><\/p>\n<p><strong>Do valor da inscri\u00e7\u00e3o sem apresenta\u00e7\u00e3o de trabalho:<\/strong><\/p>\n<p>Professores Universit\u00e1rios R$ 100,00<\/p>\n<p>Professores de Ensino M\u00e9dio e Fundamental R$ 80,00<\/p>\n<p>Aluno (a) de P\u00f3s-Gradua\u00e7\u00e3o R$ 80,00<\/p>\n<p>Aluno (a) de Gradua\u00e7\u00e3o R$ 60,00<\/p>\n<p>Movimentos Sociais\u00a0 R$ 80,00<\/p>\n<p><strong>Do valor da inscri\u00e7\u00e3o com apresenta\u00e7\u00e3o de trabalho: <\/strong>(Valores referentes a trabalhos aprovados)<\/p>\n<p><strong>Obs:<\/strong>1<strong>. <\/strong>O participante que realizar inscri\u00e7\u00e3o com apresenta\u00e7\u00e3o de trabalho custar\u00e1 R$ 120,00;<\/p>\n<p><strong>Obs:<\/strong> 2. Inscri\u00e7\u00e3o para participa\u00e7\u00e3o mais um mini-curso e oficina custar\u00e1 R$ 140,00;<\/p>\n<p><strong>Obs: <\/strong>3. A inscri\u00e7\u00e3o do estudante de Gradua\u00e7\u00e3o mais apresenta\u00e7\u00e3o de trabalho de inicia\u00e7\u00e3o cient\u00edfica ser\u00e1 de R$ 100,00.<\/p>\n<p><strong>O pagamento da Inscri\u00e7\u00e3o dever\u00e1 ser feito no Banco do Brasil.<\/strong><\/p>\n<p>Ag\u00eancia: 3646-3<\/p>\n<p>Conta Poupan\u00e7a: 107.403-2<\/p>\n<p>Varia\u00e7\u00e3o: 51<\/p>\n<p><strong>Correntista: MARIA SARAIVA DA SILVA (socorro_saraiva@yahoo.com.br).<\/strong><\/p>\n<p><strong>Das vagas para apresenta\u00e7\u00e3o de trabalhos:<\/strong><\/p>\n<p>Apresenta\u00e7\u00e3o Oral\u00a0 20<\/p>\n<p>Inicia\u00e7\u00e3o Cientifica 04<\/p>\n<p>Poster 30<\/p>\n<p>Mini-Curso 120<span style=\"color: #000000\"><span style=\"font-family: Times New Roman,serif\"><br \/>\n<\/span><\/span><\/p>\n<p align=\"JUSTIFY\"><span style=\"color: #000000\"><span style=\"text-decoration: underline\"><a title=\"formul\u00e1rio de inscri\u00e7\u00e3o\" href=\"https:\/\/docs.google.com\/spreadsheet\/viewform?hl=pt_BR&amp;pli=1&amp;formkey=dDY3MnBoT1VkaWFXeDBFd2lrb1haN1E6MQ#gid=0\" target=\"_blank\"><img decoding=\"async\" class=\"aligncenter size-full wp-image-138\" src=\"http:\/\/blogs.multimeios.ufc.br\/artefatosdaculturanegra\/files\/2011\/10\/inscicoes1.jpg\" alt=\"\" width=\"193\" height=\"85\" \/><\/a><\/span><\/span><\/p>\n<p><span style=\"font-family: Times New Roman,serif;color: #000000\">\u00a0<\/span><\/p>\n","protected":false},"excerpt":{"rendered":"<p>A Comiss\u00e3o executiva do Artefatos da Cultura Negra no Cear\u00e1 receber\u00e1 submiss\u00f5es de trabalhos, nas categorias Artigos, P\u00f4ster, Resumo Simples e Expandido, Experi\u00eancias de trabalhos em andamento ou conclu\u00eddos, no per\u00edodo de\u00a0 20 de Agosto de 2012\u00a0 at\u00e9 03 de &hellip; <a href=\"https:\/\/blogs.multimeios.ufc.br\/artefatosdaculturanegra\/trabalhos\/\">Continue lendo <span class=\"meta-nav\">&rarr;<\/span><\/a><\/p>\n","protected":false},"author":3,"featured_media":0,"parent":0,"menu_order":0,"comment_status":"open","ping_status":"open","template":"sidebar-page.php","meta":{"footnotes":""},"class_list":["post-21","page","type-page","status-publish","hentry"],"yoast_head":"<!-- This site is optimized with the Yoast SEO plugin v27.4 - https:\/\/yoast.com\/product\/yoast-seo-wordpress\/ -->\n<title>Trabalhos - Artefatos Negros<\/title>\n<meta name=\"robots\" content=\"index, follow, max-snippet:-1, max-image-preview:large, max-video-preview:-1\" \/>\n<link rel=\"canonical\" href=\"https:\/\/blogs.multimeios.ufc.br\/artefatosdaculturanegra\/trabalhos\/\" \/>\n<meta property=\"og:locale\" content=\"pt_BR\" \/>\n<meta property=\"og:type\" content=\"article\" \/>\n<meta property=\"og:title\" content=\"Trabalhos - Artefatos Negros\" \/>\n<meta property=\"og:description\" content=\"A Comiss\u00e3o executiva do Artefatos da Cultura Negra no Cear\u00e1 receber\u00e1 submiss\u00f5es de trabalhos, nas categorias Artigos, P\u00f4ster, Resumo Simples e Expandido, Experi\u00eancias de trabalhos em andamento ou conclu\u00eddos, no per\u00edodo de\u00a0 20 de Agosto de 2012\u00a0 at\u00e9 03 de &hellip; Continue lendo &rarr;\" \/>\n<meta property=\"og:url\" content=\"https:\/\/blogs.multimeios.ufc.br\/artefatosdaculturanegra\/trabalhos\/\" \/>\n<meta property=\"og:site_name\" content=\"Artefatos Negros\" \/>\n<meta property=\"article:modified_time\" content=\"2012-09-25T11:01:37+00:00\" \/>\n<meta property=\"og:image\" content=\"http:\/\/blogs.multimeios.ufc.br\/artefatosdaculturanegra\/files\/2011\/10\/inscicoes1.jpg\" \/>\n<meta name=\"twitter:card\" content=\"summary_large_image\" \/>\n<meta name=\"twitter:label1\" content=\"Est. tempo de leitura\" \/>\n\t<meta name=\"twitter:data1\" content=\"5 minutos\" \/>\n<script type=\"application\/ld+json\" class=\"yoast-schema-graph\">{\"@context\":\"https:\\\/\\\/schema.org\",\"@graph\":[{\"@type\":\"WebPage\",\"@id\":\"https:\\\/\\\/blogs.multimeios.ufc.br\\\/artefatosdaculturanegra\\\/trabalhos\\\/\",\"url\":\"https:\\\/\\\/blogs.multimeios.ufc.br\\\/artefatosdaculturanegra\\\/trabalhos\\\/\",\"name\":\"Trabalhos - Artefatos Negros\",\"isPartOf\":{\"@id\":\"https:\\\/\\\/blogs.multimeios.ufc.br\\\/artefatosdaculturanegra\\\/#website\"},\"primaryImageOfPage\":{\"@id\":\"https:\\\/\\\/blogs.multimeios.ufc.br\\\/artefatosdaculturanegra\\\/trabalhos\\\/#primaryimage\"},\"image\":{\"@id\":\"https:\\\/\\\/blogs.multimeios.ufc.br\\\/artefatosdaculturanegra\\\/trabalhos\\\/#primaryimage\"},\"thumbnailUrl\":\"http:\\\/\\\/blogs.multimeios.ufc.br\\\/artefatosdaculturanegra\\\/files\\\/2011\\\/10\\\/inscicoes1.jpg\",\"datePublished\":\"2011-10-28T00:42:15+00:00\",\"dateModified\":\"2012-09-25T11:01:37+00:00\",\"breadcrumb\":{\"@id\":\"https:\\\/\\\/blogs.multimeios.ufc.br\\\/artefatosdaculturanegra\\\/trabalhos\\\/#breadcrumb\"},\"inLanguage\":\"pt-BR\",\"potentialAction\":[{\"@type\":\"ReadAction\",\"target\":[\"https:\\\/\\\/blogs.multimeios.ufc.br\\\/artefatosdaculturanegra\\\/trabalhos\\\/\"]}]},{\"@type\":\"ImageObject\",\"inLanguage\":\"pt-BR\",\"@id\":\"https:\\\/\\\/blogs.multimeios.ufc.br\\\/artefatosdaculturanegra\\\/trabalhos\\\/#primaryimage\",\"url\":\"https:\\\/\\\/blogs.multimeios.ufc.br\\\/artefatosdaculturanegra\\\/files\\\/2011\\\/10\\\/inscicoes1.jpg\",\"contentUrl\":\"https:\\\/\\\/blogs.multimeios.ufc.br\\\/artefatosdaculturanegra\\\/files\\\/2011\\\/10\\\/inscicoes1.jpg\",\"width\":\"193\",\"height\":\"85\"},{\"@type\":\"BreadcrumbList\",\"@id\":\"https:\\\/\\\/blogs.multimeios.ufc.br\\\/artefatosdaculturanegra\\\/trabalhos\\\/#breadcrumb\",\"itemListElement\":[{\"@type\":\"ListItem\",\"position\":1,\"name\":\"In\u00edcio\",\"item\":\"https:\\\/\\\/blogs.multimeios.ufc.br\\\/artefatosdaculturanegra\\\/\"},{\"@type\":\"ListItem\",\"position\":2,\"name\":\"Trabalhos\"}]},{\"@type\":\"WebSite\",\"@id\":\"https:\\\/\\\/blogs.multimeios.ufc.br\\\/artefatosdaculturanegra\\\/#website\",\"url\":\"https:\\\/\\\/blogs.multimeios.ufc.br\\\/artefatosdaculturanegra\\\/\",\"name\":\"Artefatos Negros\",\"description\":\"\",\"potentialAction\":[{\"@type\":\"SearchAction\",\"target\":{\"@type\":\"EntryPoint\",\"urlTemplate\":\"https:\\\/\\\/blogs.multimeios.ufc.br\\\/artefatosdaculturanegra\\\/?s={search_term_string}\"},\"query-input\":{\"@type\":\"PropertyValueSpecification\",\"valueRequired\":true,\"valueName\":\"search_term_string\"}}],\"inLanguage\":\"pt-BR\"}]}<\/script>\n<!-- \/ Yoast SEO plugin. -->","yoast_head_json":{"title":"Trabalhos - Artefatos Negros","robots":{"index":"index","follow":"follow","max-snippet":"max-snippet:-1","max-image-preview":"max-image-preview:large","max-video-preview":"max-video-preview:-1"},"canonical":"https:\/\/blogs.multimeios.ufc.br\/artefatosdaculturanegra\/trabalhos\/","og_locale":"pt_BR","og_type":"article","og_title":"Trabalhos - Artefatos Negros","og_description":"A Comiss\u00e3o executiva do Artefatos da Cultura Negra no Cear\u00e1 receber\u00e1 submiss\u00f5es de trabalhos, nas categorias Artigos, P\u00f4ster, Resumo Simples e Expandido, Experi\u00eancias de trabalhos em andamento ou conclu\u00eddos, no per\u00edodo de\u00a0 20 de Agosto de 2012\u00a0 at\u00e9 03 de &hellip; Continue lendo &rarr;","og_url":"https:\/\/blogs.multimeios.ufc.br\/artefatosdaculturanegra\/trabalhos\/","og_site_name":"Artefatos Negros","article_modified_time":"2012-09-25T11:01:37+00:00","og_image":[{"url":"http:\/\/blogs.multimeios.ufc.br\/artefatosdaculturanegra\/files\/2011\/10\/inscicoes1.jpg","type":"","width":"","height":""}],"twitter_card":"summary_large_image","twitter_misc":{"Est. tempo de leitura":"5 minutos"},"schema":{"@context":"https:\/\/schema.org","@graph":[{"@type":"WebPage","@id":"https:\/\/blogs.multimeios.ufc.br\/artefatosdaculturanegra\/trabalhos\/","url":"https:\/\/blogs.multimeios.ufc.br\/artefatosdaculturanegra\/trabalhos\/","name":"Trabalhos - Artefatos Negros","isPartOf":{"@id":"https:\/\/blogs.multimeios.ufc.br\/artefatosdaculturanegra\/#website"},"primaryImageOfPage":{"@id":"https:\/\/blogs.multimeios.ufc.br\/artefatosdaculturanegra\/trabalhos\/#primaryimage"},"image":{"@id":"https:\/\/blogs.multimeios.ufc.br\/artefatosdaculturanegra\/trabalhos\/#primaryimage"},"thumbnailUrl":"http:\/\/blogs.multimeios.ufc.br\/artefatosdaculturanegra\/files\/2011\/10\/inscicoes1.jpg","datePublished":"2011-10-28T00:42:15+00:00","dateModified":"2012-09-25T11:01:37+00:00","breadcrumb":{"@id":"https:\/\/blogs.multimeios.ufc.br\/artefatosdaculturanegra\/trabalhos\/#breadcrumb"},"inLanguage":"pt-BR","potentialAction":[{"@type":"ReadAction","target":["https:\/\/blogs.multimeios.ufc.br\/artefatosdaculturanegra\/trabalhos\/"]}]},{"@type":"ImageObject","inLanguage":"pt-BR","@id":"https:\/\/blogs.multimeios.ufc.br\/artefatosdaculturanegra\/trabalhos\/#primaryimage","url":"https:\/\/blogs.multimeios.ufc.br\/artefatosdaculturanegra\/files\/2011\/10\/inscicoes1.jpg","contentUrl":"https:\/\/blogs.multimeios.ufc.br\/artefatosdaculturanegra\/files\/2011\/10\/inscicoes1.jpg","width":"193","height":"85"},{"@type":"BreadcrumbList","@id":"https:\/\/blogs.multimeios.ufc.br\/artefatosdaculturanegra\/trabalhos\/#breadcrumb","itemListElement":[{"@type":"ListItem","position":1,"name":"In\u00edcio","item":"https:\/\/blogs.multimeios.ufc.br\/artefatosdaculturanegra\/"},{"@type":"ListItem","position":2,"name":"Trabalhos"}]},{"@type":"WebSite","@id":"https:\/\/blogs.multimeios.ufc.br\/artefatosdaculturanegra\/#website","url":"https:\/\/blogs.multimeios.ufc.br\/artefatosdaculturanegra\/","name":"Artefatos Negros","description":"","potentialAction":[{"@type":"SearchAction","target":{"@type":"EntryPoint","urlTemplate":"https:\/\/blogs.multimeios.ufc.br\/artefatosdaculturanegra\/?s={search_term_string}"},"query-input":{"@type":"PropertyValueSpecification","valueRequired":true,"valueName":"search_term_string"}}],"inLanguage":"pt-BR"}]}},"_links":{"self":[{"href":"https:\/\/blogs.multimeios.ufc.br\/artefatosdaculturanegra\/wp-json\/wp\/v2\/pages\/21","targetHints":{"allow":["GET"]}}],"collection":[{"href":"https:\/\/blogs.multimeios.ufc.br\/artefatosdaculturanegra\/wp-json\/wp\/v2\/pages"}],"about":[{"href":"https:\/\/blogs.multimeios.ufc.br\/artefatosdaculturanegra\/wp-json\/wp\/v2\/types\/page"}],"author":[{"embeddable":true,"href":"https:\/\/blogs.multimeios.ufc.br\/artefatosdaculturanegra\/wp-json\/wp\/v2\/users\/3"}],"replies":[{"embeddable":true,"href":"https:\/\/blogs.multimeios.ufc.br\/artefatosdaculturanegra\/wp-json\/wp\/v2\/comments?post=21"}],"version-history":[{"count":25,"href":"https:\/\/blogs.multimeios.ufc.br\/artefatosdaculturanegra\/wp-json\/wp\/v2\/pages\/21\/revisions"}],"predecessor-version":[{"id":32,"href":"https:\/\/blogs.multimeios.ufc.br\/artefatosdaculturanegra\/wp-json\/wp\/v2\/pages\/21\/revisions\/32"}],"wp:attachment":[{"href":"https:\/\/blogs.multimeios.ufc.br\/artefatosdaculturanegra\/wp-json\/wp\/v2\/media?parent=21"}],"curies":[{"name":"wp","href":"https:\/\/api.w.org\/{rel}","templated":true}]}}