{"id":15,"date":"2012-06-08T18:32:03","date_gmt":"2012-06-08T18:32:03","guid":{"rendered":"http:\/\/blogs.multimeios.ufc.br\/assentamentosdigitais\/?page_id=15"},"modified":"2012-06-08T18:46:38","modified_gmt":"2012-06-08T18:46:38","slug":"barra-do-feijao","status":"publish","type":"page","link":"https:\/\/blogs.multimeios.ufc.br\/assentamentosdigitais\/pagina-exemplo\/barra-do-feijao\/","title":{"rendered":"Barra do Feij\u00e3o"},"content":{"rendered":"<p>&nbsp;<\/p>\n<div id=\"attachment_29\" style=\"width: 512px\" class=\"wp-caption aligncenter\"><a href=\"http:\/\/blogs.multimeios.ufc.br\/assentamentosdigitais\/files\/2012\/06\/579250_407418102639395_1526507174_n.jpg\"><img fetchpriority=\"high\" decoding=\"async\" aria-describedby=\"caption-attachment-29\" class=\"wp-image-29 \" title=\"Escola no Assentamento BF\" src=\"http:\/\/blogs.multimeios.ufc.br\/assentamentosdigitais\/files\/2012\/06\/579250_407418102639395_1526507174_n-300x225.jpg\" alt=\"Escola no Assentamento BF\" width=\"502\" height=\"271\" \/><\/a><p id=\"caption-attachment-29\" class=\"wp-caption-text\">Alunos da Escola do Assentamento Barra do Feij\u00e3o<\/p><\/div>\n<p style=\"text-align: left;\"><span style=\"font-size: large; color: #800000;\">O assentamento Barra do Feij\u00e3o localiza-se no munic\u00edpio de Tabuleiro do Norte, a 230 km de Fortaleza.<\/span><\/p>\n","protected":false},"excerpt":{"rendered":"<p>&nbsp; O assentamento Barra do Feij\u00e3o localiza-se no munic\u00edpio de Tabuleiro do Norte, a 230 km de Fortaleza.<\/p>\n","protected":false},"author":3,"featured_media":0,"parent":2,"menu_order":0,"comment_status":"open","ping_status":"open","template":"","meta":{"footnotes":""},"class_list":["post-15","page","type-page","status-publish","hentry"],"yoast_head":"<!-- This site is optimized with the Yoast SEO plugin v27.4 - https:\/\/yoast.com\/product\/yoast-seo-wordpress\/ -->\n<title>Barra do Feij\u00e3o - Projeto @AD<\/title>\n<meta name=\"robots\" content=\"index, follow, max-snippet:-1, max-image-preview:large, max-video-preview:-1\" \/>\n<link rel=\"canonical\" href=\"http:\/\/blogs.multimeios.ufc.br\/assentamentosdigitais\/pagina-exemplo\/barra-do-feijao\/\" \/>\n<meta property=\"og:locale\" content=\"pt_BR\" \/>\n<meta property=\"og:type\" content=\"article\" \/>\n<meta property=\"og:title\" content=\"Barra do Feij\u00e3o - Projeto @AD\" \/>\n<meta property=\"og:description\" content=\"&nbsp; O assentamento Barra do Feij\u00e3o localiza-se no munic\u00edpio de Tabuleiro do Norte, a 230 km de Fortaleza.\" \/>\n<meta property=\"og:url\" content=\"http:\/\/blogs.multimeios.ufc.br\/assentamentosdigitais\/pagina-exemplo\/barra-do-feijao\/\" \/>\n<meta property=\"og:site_name\" content=\"Projeto @AD\" \/>\n<meta property=\"article:modified_time\" content=\"2012-06-08T18:46:38+00:00\" \/>\n<meta property=\"og:image\" content=\"http:\/\/blogs.multimeios.ufc.br\/assentamentosdigitais\/files\/2012\/06\/579250_407418102639395_1526507174_n-300x225.jpg\" \/>\n<meta name=\"twitter:card\" content=\"summary_large_image\" \/>\n<script type=\"application\/ld+json\" class=\"yoast-schema-graph\">{\"@context\":\"https:\\\/\\\/schema.org\",\"@graph\":[{\"@type\":\"WebPage\",\"@id\":\"http:\\\/\\\/blogs.multimeios.ufc.br\\\/assentamentosdigitais\\\/pagina-exemplo\\\/barra-do-feijao\\\/\",\"url\":\"http:\\\/\\\/blogs.multimeios.ufc.br\\\/assentamentosdigitais\\\/pagina-exemplo\\\/barra-do-feijao\\\/\",\"name\":\"Barra do Feij\u00e3o - Projeto @AD\",\"isPartOf\":{\"@id\":\"http:\\\/\\\/blogs.multimeios.ufc.br\\\/assentamentosdigitais\\\/#website\"},\"primaryImageOfPage\":{\"@id\":\"http:\\\/\\\/blogs.multimeios.ufc.br\\\/assentamentosdigitais\\\/pagina-exemplo\\\/barra-do-feijao\\\/#primaryimage\"},\"image\":{\"@id\":\"http:\\\/\\\/blogs.multimeios.ufc.br\\\/assentamentosdigitais\\\/pagina-exemplo\\\/barra-do-feijao\\\/#primaryimage\"},\"thumbnailUrl\":\"http:\\\/\\\/blogs.multimeios.ufc.br\\\/assentamentosdigitais\\\/files\\\/2012\\\/06\\\/579250_407418102639395_1526507174_n-300x225.jpg\",\"datePublished\":\"2012-06-08T18:32:03+00:00\",\"dateModified\":\"2012-06-08T18:46:38+00:00\",\"breadcrumb\":{\"@id\":\"http:\\\/\\\/blogs.multimeios.ufc.br\\\/assentamentosdigitais\\\/pagina-exemplo\\\/barra-do-feijao\\\/#breadcrumb\"},\"inLanguage\":\"pt-BR\",\"potentialAction\":[{\"@type\":\"ReadAction\",\"target\":[\"http:\\\/\\\/blogs.multimeios.ufc.br\\\/assentamentosdigitais\\\/pagina-exemplo\\\/barra-do-feijao\\\/\"]}]},{\"@type\":\"ImageObject\",\"inLanguage\":\"pt-BR\",\"@id\":\"http:\\\/\\\/blogs.multimeios.ufc.br\\\/assentamentosdigitais\\\/pagina-exemplo\\\/barra-do-feijao\\\/#primaryimage\",\"url\":\"https:\\\/\\\/blogs.multimeios.ufc.br\\\/assentamentosdigitais\\\/files\\\/2012\\\/06\\\/579250_407418102639395_1526507174_n.jpg\",\"contentUrl\":\"https:\\\/\\\/blogs.multimeios.ufc.br\\\/assentamentosdigitais\\\/files\\\/2012\\\/06\\\/579250_407418102639395_1526507174_n.jpg\",\"width\":\"960\",\"height\":\"720\",\"caption\":\"Alunos da Escola do Assentamento Barra do Feij\u00e3o\"},{\"@type\":\"BreadcrumbList\",\"@id\":\"http:\\\/\\\/blogs.multimeios.ufc.br\\\/assentamentosdigitais\\\/pagina-exemplo\\\/barra-do-feijao\\\/#breadcrumb\",\"itemListElement\":[{\"@type\":\"ListItem\",\"position\":1,\"name\":\"In\u00edcio\",\"item\":\"http:\\\/\\\/blogs.multimeios.ufc.br\\\/assentamentosdigitais\\\/\"},{\"@type\":\"ListItem\",\"position\":2,\"name\":\"Assentamentos\",\"item\":\"http:\\\/\\\/blogs.multimeios.ufc.br\\\/assentamentosdigitais\\\/pagina-exemplo\\\/\"},{\"@type\":\"ListItem\",\"position\":3,\"name\":\"Barra do Feij\u00e3o\"}]},{\"@type\":\"WebSite\",\"@id\":\"http:\\\/\\\/blogs.multimeios.ufc.br\\\/assentamentosdigitais\\\/#website\",\"url\":\"http:\\\/\\\/blogs.multimeios.ufc.br\\\/assentamentosdigitais\\\/\",\"name\":\"Projeto @AD\",\"description\":\"Projeto Assentamentos Digitais que visa promover Inclus\u00e3o Digital em Barra do Feij\u00e3o, Coqueirinho e Juc\u00e1 Grosso.\",\"potentialAction\":[{\"@type\":\"SearchAction\",\"target\":{\"@type\":\"EntryPoint\",\"urlTemplate\":\"http:\\\/\\\/blogs.multimeios.ufc.br\\\/assentamentosdigitais\\\/?s={search_term_string}\"},\"query-input\":{\"@type\":\"PropertyValueSpecification\",\"valueRequired\":true,\"valueName\":\"search_term_string\"}}],\"inLanguage\":\"pt-BR\"}]}<\/script>\n<!-- \/ Yoast SEO plugin. -->","yoast_head_json":{"title":"Barra do Feij\u00e3o - Projeto @AD","robots":{"index":"index","follow":"follow","max-snippet":"max-snippet:-1","max-image-preview":"max-image-preview:large","max-video-preview":"max-video-preview:-1"},"canonical":"http:\/\/blogs.multimeios.ufc.br\/assentamentosdigitais\/pagina-exemplo\/barra-do-feijao\/","og_locale":"pt_BR","og_type":"article","og_title":"Barra do Feij\u00e3o - Projeto @AD","og_description":"&nbsp; O assentamento Barra do Feij\u00e3o localiza-se no munic\u00edpio de Tabuleiro do Norte, a 230 km de Fortaleza.","og_url":"http:\/\/blogs.multimeios.ufc.br\/assentamentosdigitais\/pagina-exemplo\/barra-do-feijao\/","og_site_name":"Projeto @AD","article_modified_time":"2012-06-08T18:46:38+00:00","og_image":[{"url":"http:\/\/blogs.multimeios.ufc.br\/assentamentosdigitais\/files\/2012\/06\/579250_407418102639395_1526507174_n-300x225.jpg","type":"","width":"","height":""}],"twitter_card":"summary_large_image","schema":{"@context":"https:\/\/schema.org","@graph":[{"@type":"WebPage","@id":"http:\/\/blogs.multimeios.ufc.br\/assentamentosdigitais\/pagina-exemplo\/barra-do-feijao\/","url":"http:\/\/blogs.multimeios.ufc.br\/assentamentosdigitais\/pagina-exemplo\/barra-do-feijao\/","name":"Barra do Feij\u00e3o - Projeto @AD","isPartOf":{"@id":"http:\/\/blogs.multimeios.ufc.br\/assentamentosdigitais\/#website"},"primaryImageOfPage":{"@id":"http:\/\/blogs.multimeios.ufc.br\/assentamentosdigitais\/pagina-exemplo\/barra-do-feijao\/#primaryimage"},"image":{"@id":"http:\/\/blogs.multimeios.ufc.br\/assentamentosdigitais\/pagina-exemplo\/barra-do-feijao\/#primaryimage"},"thumbnailUrl":"http:\/\/blogs.multimeios.ufc.br\/assentamentosdigitais\/files\/2012\/06\/579250_407418102639395_1526507174_n-300x225.jpg","datePublished":"2012-06-08T18:32:03+00:00","dateModified":"2012-06-08T18:46:38+00:00","breadcrumb":{"@id":"http:\/\/blogs.multimeios.ufc.br\/assentamentosdigitais\/pagina-exemplo\/barra-do-feijao\/#breadcrumb"},"inLanguage":"pt-BR","potentialAction":[{"@type":"ReadAction","target":["http:\/\/blogs.multimeios.ufc.br\/assentamentosdigitais\/pagina-exemplo\/barra-do-feijao\/"]}]},{"@type":"ImageObject","inLanguage":"pt-BR","@id":"http:\/\/blogs.multimeios.ufc.br\/assentamentosdigitais\/pagina-exemplo\/barra-do-feijao\/#primaryimage","url":"https:\/\/blogs.multimeios.ufc.br\/assentamentosdigitais\/files\/2012\/06\/579250_407418102639395_1526507174_n.jpg","contentUrl":"https:\/\/blogs.multimeios.ufc.br\/assentamentosdigitais\/files\/2012\/06\/579250_407418102639395_1526507174_n.jpg","width":"960","height":"720","caption":"Alunos da Escola do Assentamento Barra do Feij\u00e3o"},{"@type":"BreadcrumbList","@id":"http:\/\/blogs.multimeios.ufc.br\/assentamentosdigitais\/pagina-exemplo\/barra-do-feijao\/#breadcrumb","itemListElement":[{"@type":"ListItem","position":1,"name":"In\u00edcio","item":"http:\/\/blogs.multimeios.ufc.br\/assentamentosdigitais\/"},{"@type":"ListItem","position":2,"name":"Assentamentos","item":"http:\/\/blogs.multimeios.ufc.br\/assentamentosdigitais\/pagina-exemplo\/"},{"@type":"ListItem","position":3,"name":"Barra do Feij\u00e3o"}]},{"@type":"WebSite","@id":"http:\/\/blogs.multimeios.ufc.br\/assentamentosdigitais\/#website","url":"http:\/\/blogs.multimeios.ufc.br\/assentamentosdigitais\/","name":"Projeto @AD","description":"Projeto Assentamentos Digitais que visa promover Inclus\u00e3o Digital em Barra do Feij\u00e3o, Coqueirinho e Juc\u00e1 Grosso.","potentialAction":[{"@type":"SearchAction","target":{"@type":"EntryPoint","urlTemplate":"http:\/\/blogs.multimeios.ufc.br\/assentamentosdigitais\/?s={search_term_string}"},"query-input":{"@type":"PropertyValueSpecification","valueRequired":true,"valueName":"search_term_string"}}],"inLanguage":"pt-BR"}]}},"_links":{"self":[{"href":"https:\/\/blogs.multimeios.ufc.br\/assentamentosdigitais\/wp-json\/wp\/v2\/pages\/15","targetHints":{"allow":["GET"]}}],"collection":[{"href":"https:\/\/blogs.multimeios.ufc.br\/assentamentosdigitais\/wp-json\/wp\/v2\/pages"}],"about":[{"href":"https:\/\/blogs.multimeios.ufc.br\/assentamentosdigitais\/wp-json\/wp\/v2\/types\/page"}],"author":[{"embeddable":true,"href":"https:\/\/blogs.multimeios.ufc.br\/assentamentosdigitais\/wp-json\/wp\/v2\/users\/3"}],"replies":[{"embeddable":true,"href":"https:\/\/blogs.multimeios.ufc.br\/assentamentosdigitais\/wp-json\/wp\/v2\/comments?post=15"}],"version-history":[{"count":9,"href":"https:\/\/blogs.multimeios.ufc.br\/assentamentosdigitais\/wp-json\/wp\/v2\/pages\/15\/revisions"}],"predecessor-version":[{"id":40,"href":"https:\/\/blogs.multimeios.ufc.br\/assentamentosdigitais\/wp-json\/wp\/v2\/pages\/15\/revisions\/40"}],"up":[{"embeddable":true,"href":"https:\/\/blogs.multimeios.ufc.br\/assentamentosdigitais\/wp-json\/wp\/v2\/pages\/2"}],"wp:attachment":[{"href":"https:\/\/blogs.multimeios.ufc.br\/assentamentosdigitais\/wp-json\/wp\/v2\/media?parent=15"}],"curies":[{"name":"wp","href":"https:\/\/api.w.org\/{rel}","templated":true}]}}