{"id":19,"date":"2012-06-08T18:35:51","date_gmt":"2012-06-08T18:35:51","guid":{"rendered":"http:\/\/blogs.multimeios.ufc.br\/assentamentosdigitais\/?page_id=19"},"modified":"2012-06-08T18:35:51","modified_gmt":"2012-06-08T18:35:51","slug":"tematicas","status":"publish","type":"page","link":"https:\/\/blogs.multimeios.ufc.br\/assentamentosdigitais\/tematicas\/","title":{"rendered":"Tem\u00e1ticas"},"content":{"rendered":"","protected":false},"excerpt":{"rendered":"","protected":false},"author":3,"featured_media":0,"parent":0,"menu_order":0,"comment_status":"open","ping_status":"open","template":"","meta":{"footnotes":""},"class_list":["post-19","page","type-page","status-publish","hentry"],"yoast_head":"<!-- This site is optimized with the Yoast SEO plugin v27.4 - https:\/\/yoast.com\/product\/yoast-seo-wordpress\/ -->\n<title>Tem\u00e1ticas - Projeto @AD<\/title>\n<meta name=\"robots\" content=\"index, follow, max-snippet:-1, max-image-preview:large, max-video-preview:-1\" \/>\n<link rel=\"canonical\" href=\"http:\/\/blogs.multimeios.ufc.br\/assentamentosdigitais\/tematicas\/\" \/>\n<meta property=\"og:locale\" content=\"pt_BR\" \/>\n<meta property=\"og:type\" content=\"article\" \/>\n<meta property=\"og:title\" content=\"Tem\u00e1ticas - Projeto @AD\" \/>\n<meta property=\"og:url\" content=\"http:\/\/blogs.multimeios.ufc.br\/assentamentosdigitais\/tematicas\/\" \/>\n<meta property=\"og:site_name\" content=\"Projeto @AD\" \/>\n<meta name=\"twitter:card\" content=\"summary_large_image\" \/>\n<script type=\"application\/ld+json\" class=\"yoast-schema-graph\">{\"@context\":\"https:\\\/\\\/schema.org\",\"@graph\":[{\"@type\":\"WebPage\",\"@id\":\"http:\\\/\\\/blogs.multimeios.ufc.br\\\/assentamentosdigitais\\\/tematicas\\\/\",\"url\":\"http:\\\/\\\/blogs.multimeios.ufc.br\\\/assentamentosdigitais\\\/tematicas\\\/\",\"name\":\"Tem\u00e1ticas - Projeto @AD\",\"isPartOf\":{\"@id\":\"http:\\\/\\\/blogs.multimeios.ufc.br\\\/assentamentosdigitais\\\/#website\"},\"datePublished\":\"2012-06-08T18:35:51+00:00\",\"breadcrumb\":{\"@id\":\"http:\\\/\\\/blogs.multimeios.ufc.br\\\/assentamentosdigitais\\\/tematicas\\\/#breadcrumb\"},\"inLanguage\":\"pt-BR\",\"potentialAction\":[{\"@type\":\"ReadAction\",\"target\":[\"http:\\\/\\\/blogs.multimeios.ufc.br\\\/assentamentosdigitais\\\/tematicas\\\/\"]}]},{\"@type\":\"BreadcrumbList\",\"@id\":\"http:\\\/\\\/blogs.multimeios.ufc.br\\\/assentamentosdigitais\\\/tematicas\\\/#breadcrumb\",\"itemListElement\":[{\"@type\":\"ListItem\",\"position\":1,\"name\":\"In\u00edcio\",\"item\":\"http:\\\/\\\/blogs.multimeios.ufc.br\\\/assentamentosdigitais\\\/\"},{\"@type\":\"ListItem\",\"position\":2,\"name\":\"Tem\u00e1ticas\"}]},{\"@type\":\"WebSite\",\"@id\":\"http:\\\/\\\/blogs.multimeios.ufc.br\\\/assentamentosdigitais\\\/#website\",\"url\":\"http:\\\/\\\/blogs.multimeios.ufc.br\\\/assentamentosdigitais\\\/\",\"name\":\"Projeto @AD\",\"description\":\"Projeto Assentamentos Digitais que visa promover Inclus\u00e3o Digital em Barra do Feij\u00e3o, Coqueirinho e Juc\u00e1 Grosso.\",\"potentialAction\":[{\"@type\":\"SearchAction\",\"target\":{\"@type\":\"EntryPoint\",\"urlTemplate\":\"http:\\\/\\\/blogs.multimeios.ufc.br\\\/assentamentosdigitais\\\/?s={search_term_string}\"},\"query-input\":{\"@type\":\"PropertyValueSpecification\",\"valueRequired\":true,\"valueName\":\"search_term_string\"}}],\"inLanguage\":\"pt-BR\"}]}<\/script>\n<!-- \/ Yoast SEO plugin. -->","yoast_head_json":{"title":"Tem\u00e1ticas - Projeto @AD","robots":{"index":"index","follow":"follow","max-snippet":"max-snippet:-1","max-image-preview":"max-image-preview:large","max-video-preview":"max-video-preview:-1"},"canonical":"http:\/\/blogs.multimeios.ufc.br\/assentamentosdigitais\/tematicas\/","og_locale":"pt_BR","og_type":"article","og_title":"Tem\u00e1ticas - Projeto @AD","og_url":"http:\/\/blogs.multimeios.ufc.br\/assentamentosdigitais\/tematicas\/","og_site_name":"Projeto @AD","twitter_card":"summary_large_image","schema":{"@context":"https:\/\/schema.org","@graph":[{"@type":"WebPage","@id":"http:\/\/blogs.multimeios.ufc.br\/assentamentosdigitais\/tematicas\/","url":"http:\/\/blogs.multimeios.ufc.br\/assentamentosdigitais\/tematicas\/","name":"Tem\u00e1ticas - Projeto @AD","isPartOf":{"@id":"http:\/\/blogs.multimeios.ufc.br\/assentamentosdigitais\/#website"},"datePublished":"2012-06-08T18:35:51+00:00","breadcrumb":{"@id":"http:\/\/blogs.multimeios.ufc.br\/assentamentosdigitais\/tematicas\/#breadcrumb"},"inLanguage":"pt-BR","potentialAction":[{"@type":"ReadAction","target":["http:\/\/blogs.multimeios.ufc.br\/assentamentosdigitais\/tematicas\/"]}]},{"@type":"BreadcrumbList","@id":"http:\/\/blogs.multimeios.ufc.br\/assentamentosdigitais\/tematicas\/#breadcrumb","itemListElement":[{"@type":"ListItem","position":1,"name":"In\u00edcio","item":"http:\/\/blogs.multimeios.ufc.br\/assentamentosdigitais\/"},{"@type":"ListItem","position":2,"name":"Tem\u00e1ticas"}]},{"@type":"WebSite","@id":"http:\/\/blogs.multimeios.ufc.br\/assentamentosdigitais\/#website","url":"http:\/\/blogs.multimeios.ufc.br\/assentamentosdigitais\/","name":"Projeto @AD","description":"Projeto Assentamentos Digitais que visa promover Inclus\u00e3o Digital em Barra do Feij\u00e3o, Coqueirinho e Juc\u00e1 Grosso.","potentialAction":[{"@type":"SearchAction","target":{"@type":"EntryPoint","urlTemplate":"http:\/\/blogs.multimeios.ufc.br\/assentamentosdigitais\/?s={search_term_string}"},"query-input":{"@type":"PropertyValueSpecification","valueRequired":true,"valueName":"search_term_string"}}],"inLanguage":"pt-BR"}]}},"_links":{"self":[{"href":"https:\/\/blogs.multimeios.ufc.br\/assentamentosdigitais\/wp-json\/wp\/v2\/pages\/19","targetHints":{"allow":["GET"]}}],"collection":[{"href":"https:\/\/blogs.multimeios.ufc.br\/assentamentosdigitais\/wp-json\/wp\/v2\/pages"}],"about":[{"href":"https:\/\/blogs.multimeios.ufc.br\/assentamentosdigitais\/wp-json\/wp\/v2\/types\/page"}],"author":[{"embeddable":true,"href":"https:\/\/blogs.multimeios.ufc.br\/assentamentosdigitais\/wp-json\/wp\/v2\/users\/3"}],"replies":[{"embeddable":true,"href":"https:\/\/blogs.multimeios.ufc.br\/assentamentosdigitais\/wp-json\/wp\/v2\/comments?post=19"}],"version-history":[{"count":1,"href":"https:\/\/blogs.multimeios.ufc.br\/assentamentosdigitais\/wp-json\/wp\/v2\/pages\/19\/revisions"}],"predecessor-version":[{"id":20,"href":"https:\/\/blogs.multimeios.ufc.br\/assentamentosdigitais\/wp-json\/wp\/v2\/pages\/19\/revisions\/20"}],"wp:attachment":[{"href":"https:\/\/blogs.multimeios.ufc.br\/assentamentosdigitais\/wp-json\/wp\/v2\/media?parent=19"}],"curies":[{"name":"wp","href":"https:\/\/api.w.org\/{rel}","templated":true}]}}