{"id":2,"date":"2012-06-08T17:39:39","date_gmt":"2012-06-08T17:39:39","guid":{"rendered":"http:\/\/blogs.multimeios.ufc.br\/assentamentosdigitais\/?page_id=2"},"modified":"2012-06-08T18:16:41","modified_gmt":"2012-06-08T18:16:41","slug":"pagina-exemplo","status":"publish","type":"page","link":"https:\/\/blogs.multimeios.ufc.br\/assentamentosdigitais\/pagina-exemplo\/","title":{"rendered":"Assentamentos"},"content":{"rendered":"<p>Projeto @AD \u00e9 uma parceira entre o Laborat\u00f3rio de Pesquisa Multimeios e o Minist\u00e9rio de Comunia\u00e7\u00f5es que tem como objetivo promover Inclus\u00e3o Digital em assentamentos no interior do Cear\u00e1.<\/p>\n","protected":false},"excerpt":{"rendered":"<p>Projeto @AD \u00e9 uma parceira entre o Laborat\u00f3rio de Pesquisa Multimeios e o Minist\u00e9rio de Comunia\u00e7\u00f5es que tem como objetivo promover Inclus\u00e3o Digital em assentamentos no interior do Cear\u00e1.<\/p>\n","protected":false},"author":3,"featured_media":0,"parent":0,"menu_order":0,"comment_status":"open","ping_status":"open","template":"","meta":{"footnotes":""},"class_list":["post-2","page","type-page","status-publish","hentry"],"yoast_head":"<!-- This site is optimized with the Yoast SEO plugin v27.4 - https:\/\/yoast.com\/product\/yoast-seo-wordpress\/ -->\n<title>Assentamentos - Projeto @AD<\/title>\n<meta name=\"robots\" content=\"index, follow, max-snippet:-1, max-image-preview:large, max-video-preview:-1\" \/>\n<link rel=\"canonical\" href=\"http:\/\/blogs.multimeios.ufc.br\/assentamentosdigitais\/pagina-exemplo\/\" \/>\n<meta property=\"og:locale\" content=\"pt_BR\" \/>\n<meta property=\"og:type\" content=\"article\" \/>\n<meta property=\"og:title\" content=\"Assentamentos - Projeto @AD\" \/>\n<meta property=\"og:description\" content=\"Projeto @AD \u00e9 uma parceira entre o Laborat\u00f3rio de Pesquisa Multimeios e o Minist\u00e9rio de Comunia\u00e7\u00f5es que tem como objetivo promover Inclus\u00e3o Digital em assentamentos no interior do Cear\u00e1.\" \/>\n<meta property=\"og:url\" content=\"http:\/\/blogs.multimeios.ufc.br\/assentamentosdigitais\/pagina-exemplo\/\" \/>\n<meta property=\"og:site_name\" content=\"Projeto @AD\" \/>\n<meta property=\"article:modified_time\" content=\"2012-06-08T18:16:41+00:00\" \/>\n<meta name=\"twitter:card\" content=\"summary_large_image\" \/>\n<script type=\"application\/ld+json\" class=\"yoast-schema-graph\">{\"@context\":\"https:\\\/\\\/schema.org\",\"@graph\":[{\"@type\":\"WebPage\",\"@id\":\"http:\\\/\\\/blogs.multimeios.ufc.br\\\/assentamentosdigitais\\\/pagina-exemplo\\\/\",\"url\":\"http:\\\/\\\/blogs.multimeios.ufc.br\\\/assentamentosdigitais\\\/pagina-exemplo\\\/\",\"name\":\"Assentamentos - Projeto @AD\",\"isPartOf\":{\"@id\":\"http:\\\/\\\/blogs.multimeios.ufc.br\\\/assentamentosdigitais\\\/#website\"},\"datePublished\":\"2012-06-08T17:39:39+00:00\",\"dateModified\":\"2012-06-08T18:16:41+00:00\",\"breadcrumb\":{\"@id\":\"http:\\\/\\\/blogs.multimeios.ufc.br\\\/assentamentosdigitais\\\/pagina-exemplo\\\/#breadcrumb\"},\"inLanguage\":\"pt-BR\",\"potentialAction\":[{\"@type\":\"ReadAction\",\"target\":[\"http:\\\/\\\/blogs.multimeios.ufc.br\\\/assentamentosdigitais\\\/pagina-exemplo\\\/\"]}]},{\"@type\":\"BreadcrumbList\",\"@id\":\"http:\\\/\\\/blogs.multimeios.ufc.br\\\/assentamentosdigitais\\\/pagina-exemplo\\\/#breadcrumb\",\"itemListElement\":[{\"@type\":\"ListItem\",\"position\":1,\"name\":\"In\u00edcio\",\"item\":\"http:\\\/\\\/blogs.multimeios.ufc.br\\\/assentamentosdigitais\\\/\"},{\"@type\":\"ListItem\",\"position\":2,\"name\":\"Assentamentos\"}]},{\"@type\":\"WebSite\",\"@id\":\"http:\\\/\\\/blogs.multimeios.ufc.br\\\/assentamentosdigitais\\\/#website\",\"url\":\"http:\\\/\\\/blogs.multimeios.ufc.br\\\/assentamentosdigitais\\\/\",\"name\":\"Projeto @AD\",\"description\":\"Projeto Assentamentos Digitais que visa promover Inclus\u00e3o Digital em Barra do Feij\u00e3o, Coqueirinho e Juc\u00e1 Grosso.\",\"potentialAction\":[{\"@type\":\"SearchAction\",\"target\":{\"@type\":\"EntryPoint\",\"urlTemplate\":\"http:\\\/\\\/blogs.multimeios.ufc.br\\\/assentamentosdigitais\\\/?s={search_term_string}\"},\"query-input\":{\"@type\":\"PropertyValueSpecification\",\"valueRequired\":true,\"valueName\":\"search_term_string\"}}],\"inLanguage\":\"pt-BR\"}]}<\/script>\n<!-- \/ Yoast SEO plugin. -->","yoast_head_json":{"title":"Assentamentos - Projeto @AD","robots":{"index":"index","follow":"follow","max-snippet":"max-snippet:-1","max-image-preview":"max-image-preview:large","max-video-preview":"max-video-preview:-1"},"canonical":"http:\/\/blogs.multimeios.ufc.br\/assentamentosdigitais\/pagina-exemplo\/","og_locale":"pt_BR","og_type":"article","og_title":"Assentamentos - Projeto @AD","og_description":"Projeto @AD \u00e9 uma parceira entre o Laborat\u00f3rio de Pesquisa Multimeios e o Minist\u00e9rio de Comunia\u00e7\u00f5es que tem como objetivo promover Inclus\u00e3o Digital em assentamentos no interior do Cear\u00e1.","og_url":"http:\/\/blogs.multimeios.ufc.br\/assentamentosdigitais\/pagina-exemplo\/","og_site_name":"Projeto @AD","article_modified_time":"2012-06-08T18:16:41+00:00","twitter_card":"summary_large_image","schema":{"@context":"https:\/\/schema.org","@graph":[{"@type":"WebPage","@id":"http:\/\/blogs.multimeios.ufc.br\/assentamentosdigitais\/pagina-exemplo\/","url":"http:\/\/blogs.multimeios.ufc.br\/assentamentosdigitais\/pagina-exemplo\/","name":"Assentamentos - Projeto @AD","isPartOf":{"@id":"http:\/\/blogs.multimeios.ufc.br\/assentamentosdigitais\/#website"},"datePublished":"2012-06-08T17:39:39+00:00","dateModified":"2012-06-08T18:16:41+00:00","breadcrumb":{"@id":"http:\/\/blogs.multimeios.ufc.br\/assentamentosdigitais\/pagina-exemplo\/#breadcrumb"},"inLanguage":"pt-BR","potentialAction":[{"@type":"ReadAction","target":["http:\/\/blogs.multimeios.ufc.br\/assentamentosdigitais\/pagina-exemplo\/"]}]},{"@type":"BreadcrumbList","@id":"http:\/\/blogs.multimeios.ufc.br\/assentamentosdigitais\/pagina-exemplo\/#breadcrumb","itemListElement":[{"@type":"ListItem","position":1,"name":"In\u00edcio","item":"http:\/\/blogs.multimeios.ufc.br\/assentamentosdigitais\/"},{"@type":"ListItem","position":2,"name":"Assentamentos"}]},{"@type":"WebSite","@id":"http:\/\/blogs.multimeios.ufc.br\/assentamentosdigitais\/#website","url":"http:\/\/blogs.multimeios.ufc.br\/assentamentosdigitais\/","name":"Projeto @AD","description":"Projeto Assentamentos Digitais que visa promover Inclus\u00e3o Digital em Barra do Feij\u00e3o, Coqueirinho e Juc\u00e1 Grosso.","potentialAction":[{"@type":"SearchAction","target":{"@type":"EntryPoint","urlTemplate":"http:\/\/blogs.multimeios.ufc.br\/assentamentosdigitais\/?s={search_term_string}"},"query-input":{"@type":"PropertyValueSpecification","valueRequired":true,"valueName":"search_term_string"}}],"inLanguage":"pt-BR"}]}},"_links":{"self":[{"href":"https:\/\/blogs.multimeios.ufc.br\/assentamentosdigitais\/wp-json\/wp\/v2\/pages\/2","targetHints":{"allow":["GET"]}}],"collection":[{"href":"https:\/\/blogs.multimeios.ufc.br\/assentamentosdigitais\/wp-json\/wp\/v2\/pages"}],"about":[{"href":"https:\/\/blogs.multimeios.ufc.br\/assentamentosdigitais\/wp-json\/wp\/v2\/types\/page"}],"author":[{"embeddable":true,"href":"https:\/\/blogs.multimeios.ufc.br\/assentamentosdigitais\/wp-json\/wp\/v2\/users\/3"}],"replies":[{"embeddable":true,"href":"https:\/\/blogs.multimeios.ufc.br\/assentamentosdigitais\/wp-json\/wp\/v2\/comments?post=2"}],"version-history":[{"count":2,"href":"https:\/\/blogs.multimeios.ufc.br\/assentamentosdigitais\/wp-json\/wp\/v2\/pages\/2\/revisions"}],"predecessor-version":[{"id":4,"href":"https:\/\/blogs.multimeios.ufc.br\/assentamentosdigitais\/wp-json\/wp\/v2\/pages\/2\/revisions\/4"}],"wp:attachment":[{"href":"https:\/\/blogs.multimeios.ufc.br\/assentamentosdigitais\/wp-json\/wp\/v2\/media?parent=2"}],"curies":[{"name":"wp","href":"https:\/\/api.w.org\/{rel}","templated":true}]}}