{"id":2,"date":"2022-10-22T14:39:21","date_gmt":"2022-10-22T17:39:21","guid":{"rendered":"http:\/\/blogs.multimeios.ufc.br\/assiscarneiro\/?page_id=2"},"modified":"2024-07-01T11:10:20","modified_gmt":"2024-07-01T14:10:20","slug":"pagina-exemplo","status":"publish","type":"page","link":"https:\/\/blogs.multimeios.ufc.br\/assiscarneiro\/","title":{"rendered":"In\u00edcio"},"content":{"rendered":"\n<p>Seja bem-vindo!<br \/><br \/>Ser\u00e1 uma aventura inesquec\u00edvel!<\/p>\n\n\n","protected":false},"excerpt":{"rendered":"<p>Seja bem-vindo! Ser\u00e1 uma aventura inesquec\u00edvel!<\/p>\n","protected":false},"author":35,"featured_media":0,"parent":0,"menu_order":0,"comment_status":"closed","ping_status":"open","template":"","meta":{"footnotes":""},"class_list":["post-2","page","type-page","status-publish","hentry"],"yoast_head":"<!-- This site is optimized with the Yoast SEO plugin v27.4 - https:\/\/yoast.com\/product\/yoast-seo-wordpress\/ -->\n<title>In\u00edcio - Blog do Assis Carneiro<\/title>\n<meta name=\"robots\" content=\"index, follow, max-snippet:-1, max-image-preview:large, max-video-preview:-1\" \/>\n<link rel=\"canonical\" href=\"http:\/\/blogs.multimeios.ufc.br\/assiscarneiro\/\" \/>\n<meta property=\"og:locale\" content=\"pt_BR\" \/>\n<meta property=\"og:type\" content=\"article\" \/>\n<meta property=\"og:title\" content=\"In\u00edcio - Blog do Assis Carneiro\" \/>\n<meta property=\"og:description\" content=\"Seja bem-vindo! Ser\u00e1 uma aventura inesquec\u00edvel!\" \/>\n<meta property=\"og:url\" content=\"http:\/\/blogs.multimeios.ufc.br\/assiscarneiro\/\" \/>\n<meta property=\"og:site_name\" content=\"Blog do Assis Carneiro\" \/>\n<meta property=\"article:modified_time\" content=\"2024-07-01T14:10:20+00:00\" \/>\n<meta name=\"twitter:card\" content=\"summary_large_image\" \/>\n<meta name=\"twitter:label1\" content=\"Est. tempo de leitura\" \/>\n\t<meta name=\"twitter:data1\" content=\"1 minuto\" \/>\n<script type=\"application\/ld+json\" class=\"yoast-schema-graph\">{\"@context\":\"https:\\\/\\\/schema.org\",\"@graph\":[{\"@type\":\"WebPage\",\"@id\":\"http:\\\/\\\/blogs.multimeios.ufc.br\\\/assiscarneiro\\\/\",\"url\":\"http:\\\/\\\/blogs.multimeios.ufc.br\\\/assiscarneiro\\\/\",\"name\":\"In\u00edcio - Blog do Assis Carneiro\",\"isPartOf\":{\"@id\":\"http:\\\/\\\/blogs.multimeios.ufc.br\\\/assiscarneiro\\\/#website\"},\"datePublished\":\"2022-10-22T17:39:21+00:00\",\"dateModified\":\"2024-07-01T14:10:20+00:00\",\"inLanguage\":\"pt-BR\",\"potentialAction\":[{\"@type\":\"ReadAction\",\"target\":[\"http:\\\/\\\/blogs.multimeios.ufc.br\\\/assiscarneiro\\\/\"]}]},{\"@type\":\"WebSite\",\"@id\":\"http:\\\/\\\/blogs.multimeios.ufc.br\\\/assiscarneiro\\\/#website\",\"url\":\"http:\\\/\\\/blogs.multimeios.ufc.br\\\/assiscarneiro\\\/\",\"name\":\"Blog do Assis Carneiro\",\"description\":\"Laborat\u00f3rio de Pesquisa Multimeios da Universidade Federal do Cear\u00e1 (UFC)\",\"potentialAction\":[{\"@type\":\"SearchAction\",\"target\":{\"@type\":\"EntryPoint\",\"urlTemplate\":\"http:\\\/\\\/blogs.multimeios.ufc.br\\\/assiscarneiro\\\/?s={search_term_string}\"},\"query-input\":{\"@type\":\"PropertyValueSpecification\",\"valueRequired\":true,\"valueName\":\"search_term_string\"}}],\"inLanguage\":\"pt-BR\"}]}<\/script>\n<!-- \/ Yoast SEO plugin. -->","yoast_head_json":{"title":"In\u00edcio - Blog do Assis Carneiro","robots":{"index":"index","follow":"follow","max-snippet":"max-snippet:-1","max-image-preview":"max-image-preview:large","max-video-preview":"max-video-preview:-1"},"canonical":"http:\/\/blogs.multimeios.ufc.br\/assiscarneiro\/","og_locale":"pt_BR","og_type":"article","og_title":"In\u00edcio - Blog do Assis Carneiro","og_description":"Seja bem-vindo! Ser\u00e1 uma aventura inesquec\u00edvel!","og_url":"http:\/\/blogs.multimeios.ufc.br\/assiscarneiro\/","og_site_name":"Blog do Assis Carneiro","article_modified_time":"2024-07-01T14:10:20+00:00","twitter_card":"summary_large_image","twitter_misc":{"Est. tempo de leitura":"1 minuto"},"schema":{"@context":"https:\/\/schema.org","@graph":[{"@type":"WebPage","@id":"http:\/\/blogs.multimeios.ufc.br\/assiscarneiro\/","url":"http:\/\/blogs.multimeios.ufc.br\/assiscarneiro\/","name":"In\u00edcio - Blog do Assis Carneiro","isPartOf":{"@id":"http:\/\/blogs.multimeios.ufc.br\/assiscarneiro\/#website"},"datePublished":"2022-10-22T17:39:21+00:00","dateModified":"2024-07-01T14:10:20+00:00","inLanguage":"pt-BR","potentialAction":[{"@type":"ReadAction","target":["http:\/\/blogs.multimeios.ufc.br\/assiscarneiro\/"]}]},{"@type":"WebSite","@id":"http:\/\/blogs.multimeios.ufc.br\/assiscarneiro\/#website","url":"http:\/\/blogs.multimeios.ufc.br\/assiscarneiro\/","name":"Blog do Assis Carneiro","description":"Laborat\u00f3rio de Pesquisa Multimeios da Universidade Federal do Cear\u00e1 (UFC)","potentialAction":[{"@type":"SearchAction","target":{"@type":"EntryPoint","urlTemplate":"http:\/\/blogs.multimeios.ufc.br\/assiscarneiro\/?s={search_term_string}"},"query-input":{"@type":"PropertyValueSpecification","valueRequired":true,"valueName":"search_term_string"}}],"inLanguage":"pt-BR"}]}},"_links":{"self":[{"href":"https:\/\/blogs.multimeios.ufc.br\/assiscarneiro\/wp-json\/wp\/v2\/pages\/2","targetHints":{"allow":["GET"]}}],"collection":[{"href":"https:\/\/blogs.multimeios.ufc.br\/assiscarneiro\/wp-json\/wp\/v2\/pages"}],"about":[{"href":"https:\/\/blogs.multimeios.ufc.br\/assiscarneiro\/wp-json\/wp\/v2\/types\/page"}],"author":[{"embeddable":true,"href":"https:\/\/blogs.multimeios.ufc.br\/assiscarneiro\/wp-json\/wp\/v2\/users\/35"}],"replies":[{"embeddable":true,"href":"https:\/\/blogs.multimeios.ufc.br\/assiscarneiro\/wp-json\/wp\/v2\/comments?post=2"}],"version-history":[{"count":2,"href":"https:\/\/blogs.multimeios.ufc.br\/assiscarneiro\/wp-json\/wp\/v2\/pages\/2\/revisions"}],"predecessor-version":[{"id":54,"href":"https:\/\/blogs.multimeios.ufc.br\/assiscarneiro\/wp-json\/wp\/v2\/pages\/2\/revisions\/54"}],"wp:attachment":[{"href":"https:\/\/blogs.multimeios.ufc.br\/assiscarneiro\/wp-json\/wp\/v2\/media?parent=2"}],"curies":[{"name":"wp","href":"https:\/\/api.w.org\/{rel}","templated":true}]}}