{"id":305,"date":"2020-04-28T01:17:48","date_gmt":"2020-04-28T04:17:48","guid":{"rendered":"http:\/\/blogs.multimeios.ufc.br\/audiovisualmm\/?page_id=305"},"modified":"2020-04-28T02:26:04","modified_gmt":"2020-04-28T05:26:04","slug":"home","status":"publish","type":"page","link":"https:\/\/blogs.multimeios.ufc.br\/audiovisualmm\/","title":{"rendered":"Elementor #305"},"content":{"rendered":"\t\t<div data-elementor-type=\"wp-page\" data-elementor-id=\"305\" class=\"elementor elementor-305\">\n\t\t\t\t\t\t<section class=\"elementor-section elementor-top-section elementor-element elementor-element-c0b9c2b elementor-section-stretched elementor-section-full_width elementor-section-height-default elementor-section-height-default\" data-id=\"c0b9c2b\" data-element_type=\"section\" data-e-type=\"section\" data-settings=\"{&quot;stretch_section&quot;:&quot;section-stretched&quot;}\">\n\t\t\t\t\t\t<div class=\"elementor-container elementor-column-gap-no\">\n\t\t\t\t\t<div class=\"elementor-column elementor-col-100 elementor-top-column elementor-element elementor-element-cb89dcf\" data-id=\"cb89dcf\" data-element_type=\"column\" data-e-type=\"column\">\n\t\t\t<div class=\"elementor-widget-wrap elementor-element-populated\">\n\t\t\t\t\t\t<div class=\"elementor-element elementor-element-22e6c85 elementor-widget__width-inherit elementor-arrows-position-inside elementor-widget elementor-widget-image-carousel\" data-id=\"22e6c85\" data-element_type=\"widget\" data-e-type=\"widget\" data-settings=\"{&quot;slides_to_show&quot;:&quot;1&quot;,&quot;navigation&quot;:&quot;arrows&quot;,&quot;autoplay&quot;:&quot;yes&quot;,&quot;pause_on_hover&quot;:&quot;yes&quot;,&quot;pause_on_interaction&quot;:&quot;yes&quot;,&quot;autoplay_speed&quot;:5000,&quot;infinite&quot;:&quot;yes&quot;,&quot;effect&quot;:&quot;slide&quot;,&quot;speed&quot;:500}\" data-widget_type=\"image-carousel.default\">\n\t\t\t\t<div class=\"elementor-widget-container\">\n\t\t\t\t\t\t\t<div class=\"elementor-image-carousel-wrapper swiper\" role=\"region\" aria-roledescription=\"carousel\" aria-label=\"Carrossel de imagens\" dir=\"ltr\">\n\t\t\t<div class=\"elementor-image-carousel swiper-wrapper\" aria-live=\"off\">\n\t\t\t\t\t\t\t\t<div class=\"swiper-slide\" role=\"group\" aria-roledescription=\"slide\" aria-label=\"1 de 2\"><figure class=\"swiper-slide-inner\"><img decoding=\"async\" class=\"swiper-slide-image\" src=\"https:\/\/blogs.multimeios.ufc.br\/audiovisualmm\/files\/2018\/12\/27367007657_02e1cf4d63_k.jpg\" alt=\"27367007657_02e1cf4d63_k\" \/><\/figure><\/div><div class=\"swiper-slide\" role=\"group\" aria-roledescription=\"slide\" aria-label=\"2 de 2\"><figure class=\"swiper-slide-inner\"><img decoding=\"async\" class=\"swiper-slide-image\" src=\"https:\/\/blogs.multimeios.ufc.br\/audiovisualmm\/files\/2018\/12\/IMG_4885-e1545315435149.jpg\" alt=\"IMG_4885\" \/><\/figure><\/div>\t\t\t<\/div>\n\t\t\t\t\t\t\t\t\t\t\t\t<div class=\"elementor-swiper-button elementor-swiper-button-prev\" role=\"button\" tabindex=\"0\">\n\t\t\t\t\t\t<i aria-hidden=\"true\" class=\"eicon-chevron-left\"><\/i>\t\t\t\t\t<\/div>\n\t\t\t\t\t<div class=\"elementor-swiper-button elementor-swiper-button-next\" role=\"button\" tabindex=\"0\">\n\t\t\t\t\t\t<i aria-hidden=\"true\" class=\"eicon-chevron-right\"><\/i>\t\t\t\t\t<\/div>\n\t\t\t\t\n\t\t\t\t\t\t\t\t\t<\/div>\n\t\t\t\t\t\t<\/div>\n\t\t\t\t<\/div>\n\t\t\t\t<div class=\"elementor-element elementor-element-bc4e2c5 elementor-widget elementor-widget-spacer\" data-id=\"bc4e2c5\" data-element_type=\"widget\" data-e-type=\"widget\" data-widget_type=\"spacer.default\">\n\t\t\t\t<div class=\"elementor-widget-container\">\n\t\t\t\t\t\t\t<div class=\"elementor-spacer\">\n\t\t\t<div class=\"elementor-spacer-inner\"><\/div>\n\t\t<\/div>\n\t\t\t\t\t\t<\/div>\n\t\t\t\t<\/div>\n\t\t\t\t\t<\/div>\n\t\t<\/div>\n\t\t\t\t\t<\/div>\n\t\t<\/section>\n\t\t\t\t<section class=\"elementor-section elementor-top-section elementor-element elementor-element-2b7c8e5a elementor-section-boxed elementor-section-height-default elementor-section-height-default\" data-id=\"2b7c8e5a\" data-element_type=\"section\" data-e-type=\"section\" data-settings=\"{&quot;background_background&quot;:&quot;classic&quot;}\">\n\t\t\t\t\t\t<div class=\"elementor-container elementor-column-gap-default\">\n\t\t\t\t\t<div class=\"elementor-column elementor-col-100 elementor-top-column elementor-element elementor-element-6ee9448b\" data-id=\"6ee9448b\" data-element_type=\"column\" data-e-type=\"column\">\n\t\t\t<div class=\"elementor-widget-wrap elementor-element-populated\">\n\t\t\t\t\t\t<div class=\"elementor-element elementor-element-d268105 elementor-widget elementor-widget-image-box\" data-id=\"d268105\" data-element_type=\"widget\" data-e-type=\"widget\" data-widget_type=\"image-box.default\">\n\t\t\t\t<div class=\"elementor-widget-container\">\n\t\t\t\t\t<div class=\"elementor-image-box-wrapper\"><div class=\"elementor-image-box-content\"><h2 class=\"elementor-image-box-title\">Conhe\u00e7a a estrutura de transmiss\u00e3o <\/h2><p class=\"elementor-image-box-description\">Lorem ipsum dolor sit amet, consectetur adipiscing elit. Duis ac eros ut dui bibendum ultricies. Maecenas egestas fringilla semper. <\/p><\/div><\/div>\t\t\t\t<\/div>\n\t\t\t\t<\/div>\n\t\t\t\t\t<\/div>\n\t\t<\/div>\n\t\t\t\t\t<\/div>\n\t\t<\/section>\n\t\t\t\t<\/div>\n\t\t","protected":false},"excerpt":{"rendered":"<p>Anterior Pr\u00f3ximo Conhe\u00e7a a estrutura de transmiss\u00e3o Lorem ipsum dolor sit amet, consectetur adipiscing elit. Duis ac eros ut dui bibendum ultricies. Maecenas egestas fringilla semper.<\/p>\n","protected":false},"author":17,"featured_media":0,"parent":0,"menu_order":0,"comment_status":"closed","ping_status":"closed","template":"elementor_header_footer","meta":{"site-sidebar-layout":"no-sidebar","site-content-layout":"page-builder","ast-site-content-layout":"default","site-content-style":"default","site-sidebar-style":"default","ast-global-header-display":"","ast-banner-title-visibility":"","ast-main-header-display":"","ast-hfb-above-header-display":"","ast-hfb-below-header-display":"","ast-hfb-mobile-header-display":"","site-post-title":"disabled","ast-breadcrumbs-content":"disabled","ast-featured-img":"disabled","footer-sml-layout":"","ast-disable-related-posts":"","theme-transparent-header-meta":"default","adv-header-id-meta":"","stick-header-meta":"","header-above-stick-meta":"","header-main-stick-meta":"","header-below-stick-meta":"","astra-migrate-meta-layouts":"default","ast-page-background-enabled":"default","ast-page-background-meta":{"desktop":{"background-color":"","background-image":"","background-repeat":"repeat","background-position":"center center","background-size":"auto","background-attachment":"scroll","background-type":"","background-media":"","overlay-type":"","overlay-color":"","overlay-opacity":"","overlay-gradient":""},"tablet":{"background-color":"","background-image":"","background-repeat":"repeat","background-position":"center center","background-size":"auto","background-attachment":"scroll","background-type":"","background-media":"","overlay-type":"","overlay-color":"","overlay-opacity":"","overlay-gradient":""},"mobile":{"background-color":"","background-image":"","background-repeat":"repeat","background-position":"center center","background-size":"auto","background-attachment":"scroll","background-type":"","background-media":"","overlay-type":"","overlay-color":"","overlay-opacity":"","overlay-gradient":""}},"ast-content-background-meta":{"desktop":{"background-color":"var(--ast-global-color-5)","background-image":"","background-repeat":"repeat","background-position":"center center","background-size":"auto","background-attachment":"scroll","background-type":"","background-media":"","overlay-type":"","overlay-color":"","overlay-opacity":"","overlay-gradient":""},"tablet":{"background-color":"var(--ast-global-color-5)","background-image":"","background-repeat":"repeat","background-position":"center center","background-size":"auto","background-attachment":"scroll","background-type":"","background-media":"","overlay-type":"","overlay-color":"","overlay-opacity":"","overlay-gradient":""},"mobile":{"background-color":"var(--ast-global-color-5)","background-image":"","background-repeat":"repeat","background-position":"center center","background-size":"auto","background-attachment":"scroll","background-type":"","background-media":"","overlay-type":"","overlay-color":"","overlay-opacity":"","overlay-gradient":""}},"footnotes":""},"class_list":["post-305","page","type-page","status-publish","hentry"],"yoast_head":"<!-- This site is optimized with the Yoast SEO plugin v27.4 - https:\/\/yoast.com\/product\/yoast-seo-wordpress\/ -->\n<title>Elementor #305 - Audiovisual MM<\/title>\n<meta name=\"robots\" content=\"index, follow, max-snippet:-1, max-image-preview:large, max-video-preview:-1\" \/>\n<link rel=\"canonical\" href=\"https:\/\/blogs.multimeios.ufc.br\/audiovisualmm\/\" \/>\n<meta property=\"og:locale\" content=\"pt_BR\" \/>\n<meta property=\"og:type\" content=\"article\" \/>\n<meta property=\"og:title\" content=\"Elementor #305 - Audiovisual MM\" \/>\n<meta property=\"og:description\" content=\"Anterior Pr\u00f3ximo Conhe\u00e7a a estrutura de transmiss\u00e3o Lorem ipsum dolor sit amet, consectetur adipiscing elit. Duis ac eros ut dui bibendum ultricies. Maecenas egestas fringilla semper.\" \/>\n<meta property=\"og:url\" content=\"https:\/\/blogs.multimeios.ufc.br\/audiovisualmm\/\" \/>\n<meta property=\"og:site_name\" content=\"Audiovisual MM\" \/>\n<meta property=\"article:modified_time\" content=\"2020-04-28T05:26:04+00:00\" \/>\n<meta property=\"og:image\" content=\"http:\/\/blogs.multimeios.ufc.br\/audiovisualmm\/files\/elementor\/thumbs\/27367007657_02e1cf4d63_k-o0sw8tt79ao01c4cgnawz0gq5kk2x49z4pkzkyw4ug.jpg\" \/>\n<meta name=\"twitter:card\" content=\"summary_large_image\" \/>\n<script type=\"application\/ld+json\" class=\"yoast-schema-graph\">{\"@context\":\"https:\\\/\\\/schema.org\",\"@graph\":[{\"@type\":\"WebPage\",\"@id\":\"https:\\\/\\\/blogs.multimeios.ufc.br\\\/audiovisualmm\\\/\",\"url\":\"https:\\\/\\\/blogs.multimeios.ufc.br\\\/audiovisualmm\\\/\",\"name\":\"Elementor #305 - Audiovisual MM\",\"isPartOf\":{\"@id\":\"https:\\\/\\\/blogs.multimeios.ufc.br\\\/audiovisualmm\\\/#website\"},\"primaryImageOfPage\":{\"@id\":\"https:\\\/\\\/blogs.multimeios.ufc.br\\\/audiovisualmm\\\/#primaryimage\"},\"image\":{\"@id\":\"https:\\\/\\\/blogs.multimeios.ufc.br\\\/audiovisualmm\\\/#primaryimage\"},\"thumbnailUrl\":\"http:\\\/\\\/blogs.multimeios.ufc.br\\\/audiovisualmm\\\/files\\\/elementor\\\/thumbs\\\/27367007657_02e1cf4d63_k-o0sw8tt79ao01c4cgnawz0gq5kk2x49z4pkzkyw4ug.jpg\",\"datePublished\":\"2020-04-28T04:17:48+00:00\",\"dateModified\":\"2020-04-28T05:26:04+00:00\",\"breadcrumb\":{\"@id\":\"https:\\\/\\\/blogs.multimeios.ufc.br\\\/audiovisualmm\\\/#breadcrumb\"},\"inLanguage\":\"pt-BR\",\"potentialAction\":[{\"@type\":\"ReadAction\",\"target\":[\"https:\\\/\\\/blogs.multimeios.ufc.br\\\/audiovisualmm\\\/\"]}]},{\"@type\":\"ImageObject\",\"inLanguage\":\"pt-BR\",\"@id\":\"https:\\\/\\\/blogs.multimeios.ufc.br\\\/audiovisualmm\\\/#primaryimage\",\"url\":\"http:\\\/\\\/blogs.multimeios.ufc.br\\\/audiovisualmm\\\/files\\\/elementor\\\/thumbs\\\/27367007657_02e1cf4d63_k-o0sw8tt79ao01c4cgnawz0gq5kk2x49z4pkzkyw4ug.jpg\",\"contentUrl\":\"http:\\\/\\\/blogs.multimeios.ufc.br\\\/audiovisualmm\\\/files\\\/elementor\\\/thumbs\\\/27367007657_02e1cf4d63_k-o0sw8tt79ao01c4cgnawz0gq5kk2x49z4pkzkyw4ug.jpg\"},{\"@type\":\"BreadcrumbList\",\"@id\":\"https:\\\/\\\/blogs.multimeios.ufc.br\\\/audiovisualmm\\\/#breadcrumb\",\"itemListElement\":[{\"@type\":\"ListItem\",\"position\":1,\"name\":\"In\u00edcio\",\"item\":\"https:\\\/\\\/blogs.multimeios.ufc.br\\\/audiovisualmm\\\/\"},{\"@type\":\"ListItem\",\"position\":2,\"name\":\"Elementor #305\"}]},{\"@type\":\"WebSite\",\"@id\":\"https:\\\/\\\/blogs.multimeios.ufc.br\\\/audiovisualmm\\\/#website\",\"url\":\"https:\\\/\\\/blogs.multimeios.ufc.br\\\/audiovisualmm\\\/\",\"name\":\"Audiovisual MM\",\"description\":\"\",\"publisher\":{\"@id\":\"https:\\\/\\\/blogs.multimeios.ufc.br\\\/audiovisualmm\\\/#organization\"},\"potentialAction\":[{\"@type\":\"SearchAction\",\"target\":{\"@type\":\"EntryPoint\",\"urlTemplate\":\"https:\\\/\\\/blogs.multimeios.ufc.br\\\/audiovisualmm\\\/?s={search_term_string}\"},\"query-input\":{\"@type\":\"PropertyValueSpecification\",\"valueRequired\":true,\"valueName\":\"search_term_string\"}}],\"inLanguage\":\"pt-BR\"},{\"@type\":\"Organization\",\"@id\":\"https:\\\/\\\/blogs.multimeios.ufc.br\\\/audiovisualmm\\\/#organization\",\"name\":\"Audiovisual MM\",\"url\":\"https:\\\/\\\/blogs.multimeios.ufc.br\\\/audiovisualmm\\\/\",\"logo\":{\"@type\":\"ImageObject\",\"inLanguage\":\"pt-BR\",\"@id\":\"https:\\\/\\\/blogs.multimeios.ufc.br\\\/audiovisualmm\\\/#\\\/schema\\\/logo\\\/image\\\/\",\"url\":\"https:\\\/\\\/blogs.multimeios.ufc.br\\\/audiovisualmm\\\/files\\\/2018\\\/12\\\/cropped-Sem-t\u00edtulo-1-3.png\",\"contentUrl\":\"https:\\\/\\\/blogs.multimeios.ufc.br\\\/audiovisualmm\\\/files\\\/2018\\\/12\\\/cropped-Sem-t\u00edtulo-1-3.png\",\"width\":403,\"height\":144,\"caption\":\"Audiovisual MM\"},\"image\":{\"@id\":\"https:\\\/\\\/blogs.multimeios.ufc.br\\\/audiovisualmm\\\/#\\\/schema\\\/logo\\\/image\\\/\"}}]}<\/script>\n<!-- \/ Yoast SEO plugin. -->","yoast_head_json":{"title":"Elementor #305 - Audiovisual MM","robots":{"index":"index","follow":"follow","max-snippet":"max-snippet:-1","max-image-preview":"max-image-preview:large","max-video-preview":"max-video-preview:-1"},"canonical":"https:\/\/blogs.multimeios.ufc.br\/audiovisualmm\/","og_locale":"pt_BR","og_type":"article","og_title":"Elementor #305 - Audiovisual MM","og_description":"Anterior Pr\u00f3ximo Conhe\u00e7a a estrutura de transmiss\u00e3o Lorem ipsum dolor sit amet, consectetur adipiscing elit. Duis ac eros ut dui bibendum ultricies. Maecenas egestas fringilla semper.","og_url":"https:\/\/blogs.multimeios.ufc.br\/audiovisualmm\/","og_site_name":"Audiovisual MM","article_modified_time":"2020-04-28T05:26:04+00:00","og_image":[{"url":"http:\/\/blogs.multimeios.ufc.br\/audiovisualmm\/files\/elementor\/thumbs\/27367007657_02e1cf4d63_k-o0sw8tt79ao01c4cgnawz0gq5kk2x49z4pkzkyw4ug.jpg","type":"","width":"","height":""}],"twitter_card":"summary_large_image","schema":{"@context":"https:\/\/schema.org","@graph":[{"@type":"WebPage","@id":"https:\/\/blogs.multimeios.ufc.br\/audiovisualmm\/","url":"https:\/\/blogs.multimeios.ufc.br\/audiovisualmm\/","name":"Elementor #305 - Audiovisual MM","isPartOf":{"@id":"https:\/\/blogs.multimeios.ufc.br\/audiovisualmm\/#website"},"primaryImageOfPage":{"@id":"https:\/\/blogs.multimeios.ufc.br\/audiovisualmm\/#primaryimage"},"image":{"@id":"https:\/\/blogs.multimeios.ufc.br\/audiovisualmm\/#primaryimage"},"thumbnailUrl":"http:\/\/blogs.multimeios.ufc.br\/audiovisualmm\/files\/elementor\/thumbs\/27367007657_02e1cf4d63_k-o0sw8tt79ao01c4cgnawz0gq5kk2x49z4pkzkyw4ug.jpg","datePublished":"2020-04-28T04:17:48+00:00","dateModified":"2020-04-28T05:26:04+00:00","breadcrumb":{"@id":"https:\/\/blogs.multimeios.ufc.br\/audiovisualmm\/#breadcrumb"},"inLanguage":"pt-BR","potentialAction":[{"@type":"ReadAction","target":["https:\/\/blogs.multimeios.ufc.br\/audiovisualmm\/"]}]},{"@type":"ImageObject","inLanguage":"pt-BR","@id":"https:\/\/blogs.multimeios.ufc.br\/audiovisualmm\/#primaryimage","url":"http:\/\/blogs.multimeios.ufc.br\/audiovisualmm\/files\/elementor\/thumbs\/27367007657_02e1cf4d63_k-o0sw8tt79ao01c4cgnawz0gq5kk2x49z4pkzkyw4ug.jpg","contentUrl":"http:\/\/blogs.multimeios.ufc.br\/audiovisualmm\/files\/elementor\/thumbs\/27367007657_02e1cf4d63_k-o0sw8tt79ao01c4cgnawz0gq5kk2x49z4pkzkyw4ug.jpg"},{"@type":"BreadcrumbList","@id":"https:\/\/blogs.multimeios.ufc.br\/audiovisualmm\/#breadcrumb","itemListElement":[{"@type":"ListItem","position":1,"name":"In\u00edcio","item":"https:\/\/blogs.multimeios.ufc.br\/audiovisualmm\/"},{"@type":"ListItem","position":2,"name":"Elementor #305"}]},{"@type":"WebSite","@id":"https:\/\/blogs.multimeios.ufc.br\/audiovisualmm\/#website","url":"https:\/\/blogs.multimeios.ufc.br\/audiovisualmm\/","name":"Audiovisual MM","description":"","publisher":{"@id":"https:\/\/blogs.multimeios.ufc.br\/audiovisualmm\/#organization"},"potentialAction":[{"@type":"SearchAction","target":{"@type":"EntryPoint","urlTemplate":"https:\/\/blogs.multimeios.ufc.br\/audiovisualmm\/?s={search_term_string}"},"query-input":{"@type":"PropertyValueSpecification","valueRequired":true,"valueName":"search_term_string"}}],"inLanguage":"pt-BR"},{"@type":"Organization","@id":"https:\/\/blogs.multimeios.ufc.br\/audiovisualmm\/#organization","name":"Audiovisual MM","url":"https:\/\/blogs.multimeios.ufc.br\/audiovisualmm\/","logo":{"@type":"ImageObject","inLanguage":"pt-BR","@id":"https:\/\/blogs.multimeios.ufc.br\/audiovisualmm\/#\/schema\/logo\/image\/","url":"https:\/\/blogs.multimeios.ufc.br\/audiovisualmm\/files\/2018\/12\/cropped-Sem-t\u00edtulo-1-3.png","contentUrl":"https:\/\/blogs.multimeios.ufc.br\/audiovisualmm\/files\/2018\/12\/cropped-Sem-t\u00edtulo-1-3.png","width":403,"height":144,"caption":"Audiovisual MM"},"image":{"@id":"https:\/\/blogs.multimeios.ufc.br\/audiovisualmm\/#\/schema\/logo\/image\/"}}]}},"_links":{"self":[{"href":"https:\/\/blogs.multimeios.ufc.br\/audiovisualmm\/wp-json\/wp\/v2\/pages\/305","targetHints":{"allow":["GET"]}}],"collection":[{"href":"https:\/\/blogs.multimeios.ufc.br\/audiovisualmm\/wp-json\/wp\/v2\/pages"}],"about":[{"href":"https:\/\/blogs.multimeios.ufc.br\/audiovisualmm\/wp-json\/wp\/v2\/types\/page"}],"author":[{"embeddable":true,"href":"https:\/\/blogs.multimeios.ufc.br\/audiovisualmm\/wp-json\/wp\/v2\/users\/17"}],"replies":[{"embeddable":true,"href":"https:\/\/blogs.multimeios.ufc.br\/audiovisualmm\/wp-json\/wp\/v2\/comments?post=305"}],"version-history":[{"count":22,"href":"https:\/\/blogs.multimeios.ufc.br\/audiovisualmm\/wp-json\/wp\/v2\/pages\/305\/revisions"}],"predecessor-version":[{"id":342,"href":"https:\/\/blogs.multimeios.ufc.br\/audiovisualmm\/wp-json\/wp\/v2\/pages\/305\/revisions\/342"}],"wp:attachment":[{"href":"https:\/\/blogs.multimeios.ufc.br\/audiovisualmm\/wp-json\/wp\/v2\/media?parent=305"}],"curies":[{"name":"wp","href":"https:\/\/api.w.org\/{rel}","templated":true}]}}