{"id":13,"date":"2023-02-11T11:52:19","date_gmt":"2023-02-11T14:52:19","guid":{"rendered":"http:\/\/blogs.multimeios.ufc.br\/brunarafaela\/?page_id=13"},"modified":"2023-02-11T14:45:05","modified_gmt":"2023-02-11T17:45:05","slug":"artes","status":"publish","type":"page","link":"https:\/\/blogs.multimeios.ufc.br\/brunarafaela\/artes\/","title":{"rendered":"Artes"},"content":{"rendered":"\n<h1 class=\"wp-block-heading\"> Inverno no sert\u00e3o <\/h1>\n\n\n\n<figure class=\"wp-block-image size-full\"><img fetchpriority=\"high\" decoding=\"async\" width=\"962\" height=\"562\" src=\"http:\/\/blogs.multimeios.ufc.br\/brunarafaela\/files\/2023\/02\/WhatsApp-Image-2023-02-11-at-11.00.53-AM.jpeg\" alt=\"\" class=\"wp-image-8\" srcset=\"https:\/\/blogs.multimeios.ufc.br\/brunarafaela\/files\/2023\/02\/WhatsApp-Image-2023-02-11-at-11.00.53-AM.jpeg 962w, https:\/\/blogs.multimeios.ufc.br\/brunarafaela\/files\/2023\/02\/WhatsApp-Image-2023-02-11-at-11.00.53-AM-300x175.jpeg 300w, https:\/\/blogs.multimeios.ufc.br\/brunarafaela\/files\/2023\/02\/WhatsApp-Image-2023-02-11-at-11.00.53-AM-768x449.jpeg 768w, https:\/\/blogs.multimeios.ufc.br\/brunarafaela\/files\/2023\/02\/WhatsApp-Image-2023-02-11-at-11.00.53-AM-500x292.jpeg 500w\" sizes=\"(max-width: 962px) 100vw, 962px\" \/><\/figure>\n\n\n\n<p class=\"has-text-align-center\">Esse quadro foi pintado sobre uma tela de material reciclado, com tinta fosca, em abril de 2022. Retrata o inverno farto no sert\u00e3o, com as cheias dos a\u00e7udes e as planta\u00e7\u00f5es agr\u00edcolas. A imagem \u00e9 uma jun\u00e7\u00e3o dos interiores sertanejos de Caucaia-CE e Pentecoste-CE. A obra traz elementos que caracterizam cada uma das zonas rurais dessas cidades, de forma mesclada, formando uma paisagem idealizada, baseada nas lembran\u00e7as da autora.<\/p>\n\n\n\n<p class=\"has-text-align-center\">Autora: Bruna Rafaela Ara\u00fajo da Silva<\/p>\n","protected":false},"excerpt":{"rendered":"<p>Inverno no sert\u00e3o Esse quadro foi pintado sobre uma tela de material reciclado, com tinta fosca, em abril de 2022. Retrata o inverno farto no sert\u00e3o, com as cheias dos a\u00e7udes e as planta\u00e7\u00f5es agr\u00edcolas. A imagem \u00e9 uma jun\u00e7\u00e3o &hellip; <a href=\"https:\/\/blogs.multimeios.ufc.br\/brunarafaela\/artes\/\">Continue lendo <span class=\"meta-nav\">&rarr;<\/span><\/a><\/p>\n","protected":false},"author":36,"featured_media":0,"parent":0,"menu_order":0,"comment_status":"closed","ping_status":"closed","template":"","meta":{"footnotes":""},"class_list":["post-13","page","type-page","status-publish","hentry"],"yoast_head":"<!-- This site is optimized with the Yoast SEO plugin v27.4 - https:\/\/yoast.com\/product\/yoast-seo-wordpress\/ -->\n<title>Artes - BRAS Blog<\/title>\n<meta name=\"description\" content=\"Inverno no Sert\u00e3o- pintura artesanal.\" \/>\n<meta name=\"robots\" content=\"index, follow, max-snippet:-1, max-image-preview:large, max-video-preview:-1\" \/>\n<link rel=\"canonical\" href=\"https:\/\/blogs.multimeios.ufc.br\/brunarafaela\/artes\/\" \/>\n<meta property=\"og:locale\" content=\"pt_BR\" \/>\n<meta property=\"og:type\" content=\"article\" \/>\n<meta property=\"og:title\" content=\"Artes - BRAS Blog\" \/>\n<meta property=\"og:description\" content=\"Inverno no Sert\u00e3o- pintura artesanal.\" \/>\n<meta property=\"og:url\" content=\"https:\/\/blogs.multimeios.ufc.br\/brunarafaela\/artes\/\" \/>\n<meta property=\"og:site_name\" content=\"BRAS Blog\" \/>\n<meta property=\"article:modified_time\" content=\"2023-02-11T17:45:05+00:00\" \/>\n<meta property=\"og:image\" content=\"http:\/\/blogs.multimeios.ufc.br\/brunarafaela\/files\/2023\/02\/WhatsApp-Image-2023-02-11-at-11.00.53-AM.jpeg\" \/>\n<meta name=\"twitter:card\" content=\"summary_large_image\" \/>\n<meta name=\"twitter:label1\" content=\"Est. tempo de leitura\" \/>\n\t<meta name=\"twitter:data1\" content=\"1 minuto\" \/>\n<script type=\"application\/ld+json\" class=\"yoast-schema-graph\">{\"@context\":\"https:\\\/\\\/schema.org\",\"@graph\":[{\"@type\":\"WebPage\",\"@id\":\"https:\\\/\\\/blogs.multimeios.ufc.br\\\/brunarafaela\\\/artes\\\/\",\"url\":\"https:\\\/\\\/blogs.multimeios.ufc.br\\\/brunarafaela\\\/artes\\\/\",\"name\":\"Artes - BRAS Blog\",\"isPartOf\":{\"@id\":\"https:\\\/\\\/blogs.multimeios.ufc.br\\\/brunarafaela\\\/#website\"},\"primaryImageOfPage\":{\"@id\":\"https:\\\/\\\/blogs.multimeios.ufc.br\\\/brunarafaela\\\/artes\\\/#primaryimage\"},\"image\":{\"@id\":\"https:\\\/\\\/blogs.multimeios.ufc.br\\\/brunarafaela\\\/artes\\\/#primaryimage\"},\"thumbnailUrl\":\"http:\\\/\\\/blogs.multimeios.ufc.br\\\/brunarafaela\\\/files\\\/2023\\\/02\\\/WhatsApp-Image-2023-02-11-at-11.00.53-AM.jpeg\",\"datePublished\":\"2023-02-11T14:52:19+00:00\",\"dateModified\":\"2023-02-11T17:45:05+00:00\",\"description\":\"Inverno no Sert\u00e3o- pintura artesanal.\",\"breadcrumb\":{\"@id\":\"https:\\\/\\\/blogs.multimeios.ufc.br\\\/brunarafaela\\\/artes\\\/#breadcrumb\"},\"inLanguage\":\"pt-BR\",\"potentialAction\":[{\"@type\":\"ReadAction\",\"target\":[\"https:\\\/\\\/blogs.multimeios.ufc.br\\\/brunarafaela\\\/artes\\\/\"]}]},{\"@type\":\"ImageObject\",\"inLanguage\":\"pt-BR\",\"@id\":\"https:\\\/\\\/blogs.multimeios.ufc.br\\\/brunarafaela\\\/artes\\\/#primaryimage\",\"url\":\"https:\\\/\\\/blogs.multimeios.ufc.br\\\/brunarafaela\\\/files\\\/2023\\\/02\\\/WhatsApp-Image-2023-02-11-at-11.00.53-AM.jpeg\",\"contentUrl\":\"https:\\\/\\\/blogs.multimeios.ufc.br\\\/brunarafaela\\\/files\\\/2023\\\/02\\\/WhatsApp-Image-2023-02-11-at-11.00.53-AM.jpeg\",\"width\":962,\"height\":562},{\"@type\":\"BreadcrumbList\",\"@id\":\"https:\\\/\\\/blogs.multimeios.ufc.br\\\/brunarafaela\\\/artes\\\/#breadcrumb\",\"itemListElement\":[{\"@type\":\"ListItem\",\"position\":1,\"name\":\"In\u00edcio\",\"item\":\"https:\\\/\\\/blogs.multimeios.ufc.br\\\/brunarafaela\\\/\"},{\"@type\":\"ListItem\",\"position\":2,\"name\":\"Artes\"}]},{\"@type\":\"WebSite\",\"@id\":\"https:\\\/\\\/blogs.multimeios.ufc.br\\\/brunarafaela\\\/#website\",\"url\":\"https:\\\/\\\/blogs.multimeios.ufc.br\\\/brunarafaela\\\/\",\"name\":\"BRAS Blog\",\"description\":\"Eis aqui um lugar multifacetado. Educa\u00e7\u00e3o, pesquisa, poesia e arte.\",\"potentialAction\":[{\"@type\":\"SearchAction\",\"target\":{\"@type\":\"EntryPoint\",\"urlTemplate\":\"https:\\\/\\\/blogs.multimeios.ufc.br\\\/brunarafaela\\\/?s={search_term_string}\"},\"query-input\":{\"@type\":\"PropertyValueSpecification\",\"valueRequired\":true,\"valueName\":\"search_term_string\"}}],\"inLanguage\":\"pt-BR\"}]}<\/script>\n<!-- \/ Yoast SEO plugin. -->","yoast_head_json":{"title":"Artes - BRAS Blog","description":"Inverno no Sert\u00e3o- pintura artesanal.","robots":{"index":"index","follow":"follow","max-snippet":"max-snippet:-1","max-image-preview":"max-image-preview:large","max-video-preview":"max-video-preview:-1"},"canonical":"https:\/\/blogs.multimeios.ufc.br\/brunarafaela\/artes\/","og_locale":"pt_BR","og_type":"article","og_title":"Artes - BRAS Blog","og_description":"Inverno no Sert\u00e3o- pintura artesanal.","og_url":"https:\/\/blogs.multimeios.ufc.br\/brunarafaela\/artes\/","og_site_name":"BRAS Blog","article_modified_time":"2023-02-11T17:45:05+00:00","og_image":[{"url":"http:\/\/blogs.multimeios.ufc.br\/brunarafaela\/files\/2023\/02\/WhatsApp-Image-2023-02-11-at-11.00.53-AM.jpeg","type":"","width":"","height":""}],"twitter_card":"summary_large_image","twitter_misc":{"Est. tempo de leitura":"1 minuto"},"schema":{"@context":"https:\/\/schema.org","@graph":[{"@type":"WebPage","@id":"https:\/\/blogs.multimeios.ufc.br\/brunarafaela\/artes\/","url":"https:\/\/blogs.multimeios.ufc.br\/brunarafaela\/artes\/","name":"Artes - BRAS Blog","isPartOf":{"@id":"https:\/\/blogs.multimeios.ufc.br\/brunarafaela\/#website"},"primaryImageOfPage":{"@id":"https:\/\/blogs.multimeios.ufc.br\/brunarafaela\/artes\/#primaryimage"},"image":{"@id":"https:\/\/blogs.multimeios.ufc.br\/brunarafaela\/artes\/#primaryimage"},"thumbnailUrl":"http:\/\/blogs.multimeios.ufc.br\/brunarafaela\/files\/2023\/02\/WhatsApp-Image-2023-02-11-at-11.00.53-AM.jpeg","datePublished":"2023-02-11T14:52:19+00:00","dateModified":"2023-02-11T17:45:05+00:00","description":"Inverno no Sert\u00e3o- pintura artesanal.","breadcrumb":{"@id":"https:\/\/blogs.multimeios.ufc.br\/brunarafaela\/artes\/#breadcrumb"},"inLanguage":"pt-BR","potentialAction":[{"@type":"ReadAction","target":["https:\/\/blogs.multimeios.ufc.br\/brunarafaela\/artes\/"]}]},{"@type":"ImageObject","inLanguage":"pt-BR","@id":"https:\/\/blogs.multimeios.ufc.br\/brunarafaela\/artes\/#primaryimage","url":"https:\/\/blogs.multimeios.ufc.br\/brunarafaela\/files\/2023\/02\/WhatsApp-Image-2023-02-11-at-11.00.53-AM.jpeg","contentUrl":"https:\/\/blogs.multimeios.ufc.br\/brunarafaela\/files\/2023\/02\/WhatsApp-Image-2023-02-11-at-11.00.53-AM.jpeg","width":962,"height":562},{"@type":"BreadcrumbList","@id":"https:\/\/blogs.multimeios.ufc.br\/brunarafaela\/artes\/#breadcrumb","itemListElement":[{"@type":"ListItem","position":1,"name":"In\u00edcio","item":"https:\/\/blogs.multimeios.ufc.br\/brunarafaela\/"},{"@type":"ListItem","position":2,"name":"Artes"}]},{"@type":"WebSite","@id":"https:\/\/blogs.multimeios.ufc.br\/brunarafaela\/#website","url":"https:\/\/blogs.multimeios.ufc.br\/brunarafaela\/","name":"BRAS Blog","description":"Eis aqui um lugar multifacetado. Educa\u00e7\u00e3o, pesquisa, poesia e arte.","potentialAction":[{"@type":"SearchAction","target":{"@type":"EntryPoint","urlTemplate":"https:\/\/blogs.multimeios.ufc.br\/brunarafaela\/?s={search_term_string}"},"query-input":{"@type":"PropertyValueSpecification","valueRequired":true,"valueName":"search_term_string"}}],"inLanguage":"pt-BR"}]}},"_links":{"self":[{"href":"https:\/\/blogs.multimeios.ufc.br\/brunarafaela\/wp-json\/wp\/v2\/pages\/13","targetHints":{"allow":["GET"]}}],"collection":[{"href":"https:\/\/blogs.multimeios.ufc.br\/brunarafaela\/wp-json\/wp\/v2\/pages"}],"about":[{"href":"https:\/\/blogs.multimeios.ufc.br\/brunarafaela\/wp-json\/wp\/v2\/types\/page"}],"author":[{"embeddable":true,"href":"https:\/\/blogs.multimeios.ufc.br\/brunarafaela\/wp-json\/wp\/v2\/users\/36"}],"replies":[{"embeddable":true,"href":"https:\/\/blogs.multimeios.ufc.br\/brunarafaela\/wp-json\/wp\/v2\/comments?post=13"}],"version-history":[{"count":4,"href":"https:\/\/blogs.multimeios.ufc.br\/brunarafaela\/wp-json\/wp\/v2\/pages\/13\/revisions"}],"predecessor-version":[{"id":46,"href":"https:\/\/blogs.multimeios.ufc.br\/brunarafaela\/wp-json\/wp\/v2\/pages\/13\/revisions\/46"}],"wp:attachment":[{"href":"https:\/\/blogs.multimeios.ufc.br\/brunarafaela\/wp-json\/wp\/v2\/media?parent=13"}],"curies":[{"name":"wp","href":"https:\/\/api.w.org\/{rel}","templated":true}]}}