{"id":109,"date":"2024-10-18T12:11:37","date_gmt":"2024-10-18T15:11:37","guid":{"rendered":"http:\/\/blogs.multimeios.ufc.br\/cdelmiro\/?page_id=109"},"modified":"2025-04-08T03:08:18","modified_gmt":"2025-04-08T06:08:18","slug":"atividades","status":"publish","type":"page","link":"https:\/\/blogs.multimeios.ufc.br\/cdelmiro\/atividades\/","title":{"rendered":"Inscri\u00e7\u00e3o"},"content":{"rendered":"\n<div class=\"wp-block-buttons is-content-justification-center is-layout-flex wp-container-core-buttons-is-layout-a89b3969 wp-block-buttons-is-layout-flex\">\n<div class=\"wp-block-button\"><a class=\"wp-block-button__link wp-element-button\" href=\"https:\/\/forms.office.com\/r\/QGwqgnS6rK\">Realizar Inscri\u00e7\u00e3o<\/a><\/div>\n<\/div>\n\n\n\n<p>Inscri\u00e7\u00f5es do dia 08 ao 25 de abril de 2025.<\/p>\n\n\n\n<p>A inscri\u00e7\u00e3o \u00e9 <strong>gratuita<\/strong>. A forma\u00e7\u00e3o \u00e9 100% online.<\/p>\n\n\n\n<p><\/p>\n","protected":false},"excerpt":{"rendered":"<p>Inscri\u00e7\u00f5es do dia 08 ao 25 de abril de 2025. A inscri\u00e7\u00e3o \u00e9 gratuita. A forma\u00e7\u00e3o \u00e9 100% online.<\/p>\n","protected":false},"author":28,"featured_media":0,"parent":0,"menu_order":0,"comment_status":"closed","ping_status":"closed","template":"","meta":{"site-sidebar-layout":"default","site-content-layout":"","ast-site-content-layout":"default","site-content-style":"default","site-sidebar-style":"default","ast-global-header-display":"","ast-banner-title-visibility":"","ast-main-header-display":"","ast-hfb-above-header-display":"","ast-hfb-below-header-display":"","ast-hfb-mobile-header-display":"","site-post-title":"","ast-breadcrumbs-content":"","ast-featured-img":"","footer-sml-layout":"","ast-disable-related-posts":"","theme-transparent-header-meta":"","adv-header-id-meta":"","stick-header-meta":"","header-above-stick-meta":"","header-main-stick-meta":"","header-below-stick-meta":"","astra-migrate-meta-layouts":"default","ast-page-background-enabled":"default","ast-page-background-meta":{"desktop":{"background-color":"var(--ast-global-color-4)","background-image":"","background-repeat":"repeat","background-position":"center center","background-size":"auto","background-attachment":"scroll","background-type":"","background-media":"","overlay-type":"","overlay-color":"","overlay-opacity":"","overlay-gradient":""},"tablet":{"background-color":"","background-image":"","background-repeat":"repeat","background-position":"center center","background-size":"auto","background-attachment":"scroll","background-type":"","background-media":"","overlay-type":"","overlay-color":"","overlay-opacity":"","overlay-gradient":""},"mobile":{"background-color":"","background-image":"","background-repeat":"repeat","background-position":"center center","background-size":"auto","background-attachment":"scroll","background-type":"","background-media":"","overlay-type":"","overlay-color":"","overlay-opacity":"","overlay-gradient":""}},"ast-content-background-meta":{"desktop":{"background-color":"var(--ast-global-color-5)","background-image":"","background-repeat":"repeat","background-position":"center center","background-size":"auto","background-attachment":"scroll","background-type":"","background-media":"","overlay-type":"","overlay-color":"","overlay-opacity":"","overlay-gradient":""},"tablet":{"background-color":"var(--ast-global-color-5)","background-image":"","background-repeat":"repeat","background-position":"center center","background-size":"auto","background-attachment":"scroll","background-type":"","background-media":"","overlay-type":"","overlay-color":"","overlay-opacity":"","overlay-gradient":""},"mobile":{"background-color":"var(--ast-global-color-5)","background-image":"","background-repeat":"repeat","background-position":"center center","background-size":"auto","background-attachment":"scroll","background-type":"","background-media":"","overlay-type":"","overlay-color":"","overlay-opacity":"","overlay-gradient":""}},"footnotes":""},"class_list":["post-109","page","type-page","status-publish","hentry"],"yoast_head":"<!-- This site is optimized with the Yoast SEO plugin v27.3 - https:\/\/yoast.com\/product\/yoast-seo-wordpress\/ -->\n<title>Inscri\u00e7\u00e3o - IV Projeto Fedathi<\/title>\n<meta name=\"robots\" content=\"index, follow, max-snippet:-1, max-image-preview:large, max-video-preview:-1\" \/>\n<link rel=\"canonical\" href=\"https:\/\/blogs.multimeios.ufc.br\/cdelmiro\/atividades\/\" \/>\n<meta property=\"og:locale\" content=\"pt_BR\" \/>\n<meta property=\"og:type\" content=\"article\" \/>\n<meta property=\"og:title\" content=\"Inscri\u00e7\u00e3o - IV Projeto Fedathi\" \/>\n<meta property=\"og:description\" content=\"Inscri\u00e7\u00f5es do dia 08 ao 25 de abril de 2025. A inscri\u00e7\u00e3o \u00e9 gratuita. A forma\u00e7\u00e3o \u00e9 100% online.\" \/>\n<meta property=\"og:url\" content=\"https:\/\/blogs.multimeios.ufc.br\/cdelmiro\/atividades\/\" \/>\n<meta property=\"og:site_name\" content=\"IV Projeto Fedathi\" \/>\n<meta property=\"article:modified_time\" content=\"2025-04-08T06:08:18+00:00\" \/>\n<meta name=\"twitter:card\" content=\"summary_large_image\" \/>\n<meta name=\"twitter:label1\" content=\"Est. tempo de leitura\" \/>\n\t<meta name=\"twitter:data1\" content=\"1 minuto\" \/>\n<script type=\"application\/ld+json\" class=\"yoast-schema-graph\">{\"@context\":\"https:\\\/\\\/schema.org\",\"@graph\":[{\"@type\":\"WebPage\",\"@id\":\"https:\\\/\\\/blogs.multimeios.ufc.br\\\/cdelmiro\\\/atividades\\\/\",\"url\":\"https:\\\/\\\/blogs.multimeios.ufc.br\\\/cdelmiro\\\/atividades\\\/\",\"name\":\"Inscri\u00e7\u00e3o - IV Projeto Fedathi\",\"isPartOf\":{\"@id\":\"https:\\\/\\\/blogs.multimeios.ufc.br\\\/cdelmiro\\\/#website\"},\"datePublished\":\"2024-10-18T15:11:37+00:00\",\"dateModified\":\"2025-04-08T06:08:18+00:00\",\"breadcrumb\":{\"@id\":\"https:\\\/\\\/blogs.multimeios.ufc.br\\\/cdelmiro\\\/atividades\\\/#breadcrumb\"},\"inLanguage\":\"pt-BR\",\"potentialAction\":[{\"@type\":\"ReadAction\",\"target\":[\"https:\\\/\\\/blogs.multimeios.ufc.br\\\/cdelmiro\\\/atividades\\\/\"]}]},{\"@type\":\"BreadcrumbList\",\"@id\":\"https:\\\/\\\/blogs.multimeios.ufc.br\\\/cdelmiro\\\/atividades\\\/#breadcrumb\",\"itemListElement\":[{\"@type\":\"ListItem\",\"position\":1,\"name\":\"In\u00edcio\",\"item\":\"https:\\\/\\\/blogs.multimeios.ufc.br\\\/cdelmiro\\\/\"},{\"@type\":\"ListItem\",\"position\":2,\"name\":\"Inscri\u00e7\u00e3o\"}]},{\"@type\":\"WebSite\",\"@id\":\"https:\\\/\\\/blogs.multimeios.ufc.br\\\/cdelmiro\\\/#website\",\"url\":\"https:\\\/\\\/blogs.multimeios.ufc.br\\\/cdelmiro\\\/\",\"name\":\"IV Projeto Fedathi\",\"description\":\"Uma rede de pesquisa com colaboradores de diferentes locais para contribu\u00edrem com o ensino das diversas \u00e1reas do conhecimento sob a perspectiva da Sequ\u00eancia Fedathi\",\"publisher\":{\"@id\":\"https:\\\/\\\/blogs.multimeios.ufc.br\\\/cdelmiro\\\/#organization\"},\"potentialAction\":[{\"@type\":\"SearchAction\",\"target\":{\"@type\":\"EntryPoint\",\"urlTemplate\":\"https:\\\/\\\/blogs.multimeios.ufc.br\\\/cdelmiro\\\/?s={search_term_string}\"},\"query-input\":{\"@type\":\"PropertyValueSpecification\",\"valueRequired\":true,\"valueName\":\"search_term_string\"}}],\"inLanguage\":\"pt-BR\"},{\"@type\":\"Organization\",\"@id\":\"https:\\\/\\\/blogs.multimeios.ufc.br\\\/cdelmiro\\\/#organization\",\"name\":\"IV Projeto Fedathi\",\"url\":\"https:\\\/\\\/blogs.multimeios.ufc.br\\\/cdelmiro\\\/\",\"logo\":{\"@type\":\"ImageObject\",\"inLanguage\":\"pt-BR\",\"@id\":\"https:\\\/\\\/blogs.multimeios.ufc.br\\\/cdelmiro\\\/#\\\/schema\\\/logo\\\/image\\\/\",\"url\":\"https:\\\/\\\/blogs.multimeios.ufc.br\\\/cdelmiro\\\/files\\\/2023\\\/04\\\/cropped-lab-Multimeios.png-e1680910253915.jpeg\",\"contentUrl\":\"https:\\\/\\\/blogs.multimeios.ufc.br\\\/cdelmiro\\\/files\\\/2023\\\/04\\\/cropped-lab-Multimeios.png-e1680910253915.jpeg\",\"width\":158,\"height\":53,\"caption\":\"IV Projeto Fedathi\"},\"image\":{\"@id\":\"https:\\\/\\\/blogs.multimeios.ufc.br\\\/cdelmiro\\\/#\\\/schema\\\/logo\\\/image\\\/\"}}]}<\/script>\n<!-- \/ Yoast SEO plugin. -->","yoast_head_json":{"title":"Inscri\u00e7\u00e3o - IV Projeto Fedathi","robots":{"index":"index","follow":"follow","max-snippet":"max-snippet:-1","max-image-preview":"max-image-preview:large","max-video-preview":"max-video-preview:-1"},"canonical":"https:\/\/blogs.multimeios.ufc.br\/cdelmiro\/atividades\/","og_locale":"pt_BR","og_type":"article","og_title":"Inscri\u00e7\u00e3o - IV Projeto Fedathi","og_description":"Inscri\u00e7\u00f5es do dia 08 ao 25 de abril de 2025. A inscri\u00e7\u00e3o \u00e9 gratuita. A forma\u00e7\u00e3o \u00e9 100% online.","og_url":"https:\/\/blogs.multimeios.ufc.br\/cdelmiro\/atividades\/","og_site_name":"IV Projeto Fedathi","article_modified_time":"2025-04-08T06:08:18+00:00","twitter_card":"summary_large_image","twitter_misc":{"Est. tempo de leitura":"1 minuto"},"schema":{"@context":"https:\/\/schema.org","@graph":[{"@type":"WebPage","@id":"https:\/\/blogs.multimeios.ufc.br\/cdelmiro\/atividades\/","url":"https:\/\/blogs.multimeios.ufc.br\/cdelmiro\/atividades\/","name":"Inscri\u00e7\u00e3o - IV Projeto Fedathi","isPartOf":{"@id":"https:\/\/blogs.multimeios.ufc.br\/cdelmiro\/#website"},"datePublished":"2024-10-18T15:11:37+00:00","dateModified":"2025-04-08T06:08:18+00:00","breadcrumb":{"@id":"https:\/\/blogs.multimeios.ufc.br\/cdelmiro\/atividades\/#breadcrumb"},"inLanguage":"pt-BR","potentialAction":[{"@type":"ReadAction","target":["https:\/\/blogs.multimeios.ufc.br\/cdelmiro\/atividades\/"]}]},{"@type":"BreadcrumbList","@id":"https:\/\/blogs.multimeios.ufc.br\/cdelmiro\/atividades\/#breadcrumb","itemListElement":[{"@type":"ListItem","position":1,"name":"In\u00edcio","item":"https:\/\/blogs.multimeios.ufc.br\/cdelmiro\/"},{"@type":"ListItem","position":2,"name":"Inscri\u00e7\u00e3o"}]},{"@type":"WebSite","@id":"https:\/\/blogs.multimeios.ufc.br\/cdelmiro\/#website","url":"https:\/\/blogs.multimeios.ufc.br\/cdelmiro\/","name":"IV Projeto Fedathi","description":"Uma rede de pesquisa com colaboradores de diferentes locais para contribu\u00edrem com o ensino das diversas \u00e1reas do conhecimento sob a perspectiva da Sequ\u00eancia Fedathi","publisher":{"@id":"https:\/\/blogs.multimeios.ufc.br\/cdelmiro\/#organization"},"potentialAction":[{"@type":"SearchAction","target":{"@type":"EntryPoint","urlTemplate":"https:\/\/blogs.multimeios.ufc.br\/cdelmiro\/?s={search_term_string}"},"query-input":{"@type":"PropertyValueSpecification","valueRequired":true,"valueName":"search_term_string"}}],"inLanguage":"pt-BR"},{"@type":"Organization","@id":"https:\/\/blogs.multimeios.ufc.br\/cdelmiro\/#organization","name":"IV Projeto Fedathi","url":"https:\/\/blogs.multimeios.ufc.br\/cdelmiro\/","logo":{"@type":"ImageObject","inLanguage":"pt-BR","@id":"https:\/\/blogs.multimeios.ufc.br\/cdelmiro\/#\/schema\/logo\/image\/","url":"https:\/\/blogs.multimeios.ufc.br\/cdelmiro\/files\/2023\/04\/cropped-lab-Multimeios.png-e1680910253915.jpeg","contentUrl":"https:\/\/blogs.multimeios.ufc.br\/cdelmiro\/files\/2023\/04\/cropped-lab-Multimeios.png-e1680910253915.jpeg","width":158,"height":53,"caption":"IV Projeto Fedathi"},"image":{"@id":"https:\/\/blogs.multimeios.ufc.br\/cdelmiro\/#\/schema\/logo\/image\/"}}]}},"_links":{"self":[{"href":"https:\/\/blogs.multimeios.ufc.br\/cdelmiro\/wp-json\/wp\/v2\/pages\/109","targetHints":{"allow":["GET"]}}],"collection":[{"href":"https:\/\/blogs.multimeios.ufc.br\/cdelmiro\/wp-json\/wp\/v2\/pages"}],"about":[{"href":"https:\/\/blogs.multimeios.ufc.br\/cdelmiro\/wp-json\/wp\/v2\/types\/page"}],"author":[{"embeddable":true,"href":"https:\/\/blogs.multimeios.ufc.br\/cdelmiro\/wp-json\/wp\/v2\/users\/28"}],"replies":[{"embeddable":true,"href":"https:\/\/blogs.multimeios.ufc.br\/cdelmiro\/wp-json\/wp\/v2\/comments?post=109"}],"version-history":[{"count":10,"href":"https:\/\/blogs.multimeios.ufc.br\/cdelmiro\/wp-json\/wp\/v2\/pages\/109\/revisions"}],"predecessor-version":[{"id":249,"href":"https:\/\/blogs.multimeios.ufc.br\/cdelmiro\/wp-json\/wp\/v2\/pages\/109\/revisions\/249"}],"wp:attachment":[{"href":"https:\/\/blogs.multimeios.ufc.br\/cdelmiro\/wp-json\/wp\/v2\/media?parent=109"}],"curies":[{"name":"wp","href":"https:\/\/api.w.org\/{rel}","templated":true}]}}