{"id":144,"date":"2025-02-17T14:18:53","date_gmt":"2025-02-17T17:18:53","guid":{"rendered":"https:\/\/blogs.multimeios.ufc.br\/cdelmiro\/?page_id=144"},"modified":"2025-04-08T03:21:24","modified_gmt":"2025-04-08T06:21:24","slug":"contato","status":"publish","type":"page","link":"https:\/\/blogs.multimeios.ufc.br\/cdelmiro\/contato\/","title":{"rendered":"Contato"},"content":{"rendered":"\n<figure class=\"wp-block-image size-large is-resized\"><a href=\"https:\/\/www.instagram.com\/laboratorio_mm\/\"><img fetchpriority=\"high\" decoding=\"async\" width=\"1024\" height=\"260\" src=\"https:\/\/blogs.multimeios.ufc.br\/cdelmiro\/files\/2025\/03\/Captura-de-Tela-2025-03-17-as-15.01.15-1024x260.png\" alt=\"\" class=\"wp-image-231\" style=\"width:239px;height:auto\" srcset=\"https:\/\/blogs.multimeios.ufc.br\/cdelmiro\/files\/2025\/03\/Captura-de-Tela-2025-03-17-as-15.01.15-1024x260.png 1024w, https:\/\/blogs.multimeios.ufc.br\/cdelmiro\/files\/2025\/03\/Captura-de-Tela-2025-03-17-as-15.01.15-300x76.png 300w, https:\/\/blogs.multimeios.ufc.br\/cdelmiro\/files\/2025\/03\/Captura-de-Tela-2025-03-17-as-15.01.15-768x195.png 768w, https:\/\/blogs.multimeios.ufc.br\/cdelmiro\/files\/2025\/03\/Captura-de-Tela-2025-03-17-as-15.01.15.png 1272w\" sizes=\"(max-width: 1024px) 100vw, 1024px\" \/><\/a><\/figure>\n\n\n\n<hr class=\"wp-block-separator has-alpha-channel-opacity is-style-dots\" \/>\n\n\n\n<figure class=\"wp-block-image size-large is-resized\"><a href=\"https:\/\/www.youtube.com\/@multimeiosufc\"><img decoding=\"async\" width=\"1024\" height=\"185\" src=\"https:\/\/blogs.multimeios.ufc.br\/cdelmiro\/files\/2025\/03\/Captura-de-Tela-2025-03-17-as-15.01.40-1024x185.png\" alt=\"\" class=\"wp-image-232\" style=\"width:239px;height:auto\" srcset=\"https:\/\/blogs.multimeios.ufc.br\/cdelmiro\/files\/2025\/03\/Captura-de-Tela-2025-03-17-as-15.01.40-1024x185.png 1024w, https:\/\/blogs.multimeios.ufc.br\/cdelmiro\/files\/2025\/03\/Captura-de-Tela-2025-03-17-as-15.01.40-300x54.png 300w, https:\/\/blogs.multimeios.ufc.br\/cdelmiro\/files\/2025\/03\/Captura-de-Tela-2025-03-17-as-15.01.40-768x139.png 768w, https:\/\/blogs.multimeios.ufc.br\/cdelmiro\/files\/2025\/03\/Captura-de-Tela-2025-03-17-as-15.01.40.png 1199w\" sizes=\"(max-width: 1024px) 100vw, 1024px\" \/><\/a><\/figure>\n\n\n\n<hr class=\"wp-block-separator has-alpha-channel-opacity is-style-dots\" \/>\n\n\n\n<figure class=\"wp-block-image size-large is-resized\"><a href=\"https:\/\/www.multimeios.ufc.br\/\"><img decoding=\"async\" width=\"1024\" height=\"257\" src=\"https:\/\/blogs.multimeios.ufc.br\/cdelmiro\/files\/2025\/03\/Captura-de-Tela-2025-03-17-as-15.06.38-1024x257.png\" alt=\"\" class=\"wp-image-233\" style=\"width:239px;height:auto\" srcset=\"https:\/\/blogs.multimeios.ufc.br\/cdelmiro\/files\/2025\/03\/Captura-de-Tela-2025-03-17-as-15.06.38-1024x257.png 1024w, https:\/\/blogs.multimeios.ufc.br\/cdelmiro\/files\/2025\/03\/Captura-de-Tela-2025-03-17-as-15.06.38-300x75.png 300w, https:\/\/blogs.multimeios.ufc.br\/cdelmiro\/files\/2025\/03\/Captura-de-Tela-2025-03-17-as-15.06.38-768x192.png 768w, https:\/\/blogs.multimeios.ufc.br\/cdelmiro\/files\/2025\/03\/Captura-de-Tela-2025-03-17-as-15.06.38.png 1273w\" sizes=\"(max-width: 1024px) 100vw, 1024px\" \/><\/a><\/figure>\n\n\n\n<hr class=\"wp-block-separator has-alpha-channel-opacity\" \/>\n\n\n\n<p>E-mail: delmiro@multimeios.ufc.br [Carlos Delmiro]<\/p>\n\n\n\n<p><\/p>\n","protected":false},"excerpt":{"rendered":"<p>E-mail: delmiro@multimeios.ufc.br [Carlos Delmiro]<\/p>\n","protected":false},"author":28,"featured_media":0,"parent":0,"menu_order":0,"comment_status":"closed","ping_status":"closed","template":"","meta":{"site-sidebar-layout":"default","site-content-layout":"","ast-site-content-layout":"default","site-content-style":"default","site-sidebar-style":"default","ast-global-header-display":"","ast-banner-title-visibility":"","ast-main-header-display":"","ast-hfb-above-header-display":"","ast-hfb-below-header-display":"","ast-hfb-mobile-header-display":"","site-post-title":"","ast-breadcrumbs-content":"","ast-featured-img":"","footer-sml-layout":"","ast-disable-related-posts":"","theme-transparent-header-meta":"","adv-header-id-meta":"","stick-header-meta":"","header-above-stick-meta":"","header-main-stick-meta":"","header-below-stick-meta":"","astra-migrate-meta-layouts":"default","ast-page-background-enabled":"default","ast-page-background-meta":{"desktop":{"background-color":"var(--ast-global-color-4)","background-image":"","background-repeat":"repeat","background-position":"center center","background-size":"auto","background-attachment":"scroll","background-type":"","background-media":"","overlay-type":"","overlay-color":"","overlay-opacity":"","overlay-gradient":""},"tablet":{"background-color":"","background-image":"","background-repeat":"repeat","background-position":"center center","background-size":"auto","background-attachment":"scroll","background-type":"","background-media":"","overlay-type":"","overlay-color":"","overlay-opacity":"","overlay-gradient":""},"mobile":{"background-color":"","background-image":"","background-repeat":"repeat","background-position":"center center","background-size":"auto","background-attachment":"scroll","background-type":"","background-media":"","overlay-type":"","overlay-color":"","overlay-opacity":"","overlay-gradient":""}},"ast-content-background-meta":{"desktop":{"background-color":"var(--ast-global-color-5)","background-image":"","background-repeat":"repeat","background-position":"center center","background-size":"auto","background-attachment":"scroll","background-type":"","background-media":"","overlay-type":"","overlay-color":"","overlay-opacity":"","overlay-gradient":""},"tablet":{"background-color":"var(--ast-global-color-5)","background-image":"","background-repeat":"repeat","background-position":"center center","background-size":"auto","background-attachment":"scroll","background-type":"","background-media":"","overlay-type":"","overlay-color":"","overlay-opacity":"","overlay-gradient":""},"mobile":{"background-color":"var(--ast-global-color-5)","background-image":"","background-repeat":"repeat","background-position":"center center","background-size":"auto","background-attachment":"scroll","background-type":"","background-media":"","overlay-type":"","overlay-color":"","overlay-opacity":"","overlay-gradient":""}},"footnotes":""},"class_list":["post-144","page","type-page","status-publish","hentry"],"yoast_head":"<!-- This site is optimized with the Yoast SEO plugin v27.3 - https:\/\/yoast.com\/product\/yoast-seo-wordpress\/ -->\n<title>Contato - IV Projeto Fedathi<\/title>\n<meta name=\"robots\" content=\"index, follow, max-snippet:-1, max-image-preview:large, max-video-preview:-1\" \/>\n<link rel=\"canonical\" href=\"https:\/\/blogs.multimeios.ufc.br\/cdelmiro\/contato\/\" \/>\n<meta property=\"og:locale\" content=\"pt_BR\" \/>\n<meta property=\"og:type\" content=\"article\" \/>\n<meta property=\"og:title\" content=\"Contato - IV Projeto Fedathi\" \/>\n<meta property=\"og:description\" content=\"E-mail: delmiro@multimeios.ufc.br [Carlos Delmiro]\" \/>\n<meta property=\"og:url\" content=\"https:\/\/blogs.multimeios.ufc.br\/cdelmiro\/contato\/\" \/>\n<meta property=\"og:site_name\" content=\"IV Projeto Fedathi\" \/>\n<meta property=\"article:modified_time\" content=\"2025-04-08T06:21:24+00:00\" \/>\n<meta property=\"og:image\" content=\"https:\/\/blogs.multimeios.ufc.br\/cdelmiro\/files\/2025\/03\/Captura-de-Tela-2025-03-17-as-15.01.15.png\" \/>\n\t<meta property=\"og:image:width\" content=\"1272\" \/>\n\t<meta property=\"og:image:height\" content=\"323\" \/>\n\t<meta property=\"og:image:type\" content=\"image\/png\" \/>\n<meta name=\"twitter:card\" content=\"summary_large_image\" \/>\n<meta name=\"twitter:label1\" content=\"Est. tempo de leitura\" \/>\n\t<meta name=\"twitter:data1\" content=\"1 minuto\" \/>\n<script type=\"application\/ld+json\" class=\"yoast-schema-graph\">{\"@context\":\"https:\\\/\\\/schema.org\",\"@graph\":[{\"@type\":\"WebPage\",\"@id\":\"https:\\\/\\\/blogs.multimeios.ufc.br\\\/cdelmiro\\\/contato\\\/\",\"url\":\"https:\\\/\\\/blogs.multimeios.ufc.br\\\/cdelmiro\\\/contato\\\/\",\"name\":\"Contato - IV Projeto Fedathi\",\"isPartOf\":{\"@id\":\"https:\\\/\\\/blogs.multimeios.ufc.br\\\/cdelmiro\\\/#website\"},\"primaryImageOfPage\":{\"@id\":\"https:\\\/\\\/blogs.multimeios.ufc.br\\\/cdelmiro\\\/contato\\\/#primaryimage\"},\"image\":{\"@id\":\"https:\\\/\\\/blogs.multimeios.ufc.br\\\/cdelmiro\\\/contato\\\/#primaryimage\"},\"thumbnailUrl\":\"https:\\\/\\\/blogs.multimeios.ufc.br\\\/cdelmiro\\\/files\\\/2025\\\/03\\\/Captura-de-Tela-2025-03-17-as-15.01.15-1024x260.png\",\"datePublished\":\"2025-02-17T17:18:53+00:00\",\"dateModified\":\"2025-04-08T06:21:24+00:00\",\"breadcrumb\":{\"@id\":\"https:\\\/\\\/blogs.multimeios.ufc.br\\\/cdelmiro\\\/contato\\\/#breadcrumb\"},\"inLanguage\":\"pt-BR\",\"potentialAction\":[{\"@type\":\"ReadAction\",\"target\":[\"https:\\\/\\\/blogs.multimeios.ufc.br\\\/cdelmiro\\\/contato\\\/\"]}]},{\"@type\":\"ImageObject\",\"inLanguage\":\"pt-BR\",\"@id\":\"https:\\\/\\\/blogs.multimeios.ufc.br\\\/cdelmiro\\\/contato\\\/#primaryimage\",\"url\":\"https:\\\/\\\/blogs.multimeios.ufc.br\\\/cdelmiro\\\/files\\\/2025\\\/03\\\/Captura-de-Tela-2025-03-17-as-15.01.15.png\",\"contentUrl\":\"https:\\\/\\\/blogs.multimeios.ufc.br\\\/cdelmiro\\\/files\\\/2025\\\/03\\\/Captura-de-Tela-2025-03-17-as-15.01.15.png\",\"width\":1272,\"height\":323},{\"@type\":\"BreadcrumbList\",\"@id\":\"https:\\\/\\\/blogs.multimeios.ufc.br\\\/cdelmiro\\\/contato\\\/#breadcrumb\",\"itemListElement\":[{\"@type\":\"ListItem\",\"position\":1,\"name\":\"In\u00edcio\",\"item\":\"https:\\\/\\\/blogs.multimeios.ufc.br\\\/cdelmiro\\\/\"},{\"@type\":\"ListItem\",\"position\":2,\"name\":\"Contato\"}]},{\"@type\":\"WebSite\",\"@id\":\"https:\\\/\\\/blogs.multimeios.ufc.br\\\/cdelmiro\\\/#website\",\"url\":\"https:\\\/\\\/blogs.multimeios.ufc.br\\\/cdelmiro\\\/\",\"name\":\"IV Projeto Fedathi\",\"description\":\"Uma rede de pesquisa com colaboradores de diferentes locais para contribu\u00edrem com o ensino das diversas \u00e1reas do conhecimento sob a perspectiva da Sequ\u00eancia Fedathi\",\"publisher\":{\"@id\":\"https:\\\/\\\/blogs.multimeios.ufc.br\\\/cdelmiro\\\/#organization\"},\"potentialAction\":[{\"@type\":\"SearchAction\",\"target\":{\"@type\":\"EntryPoint\",\"urlTemplate\":\"https:\\\/\\\/blogs.multimeios.ufc.br\\\/cdelmiro\\\/?s={search_term_string}\"},\"query-input\":{\"@type\":\"PropertyValueSpecification\",\"valueRequired\":true,\"valueName\":\"search_term_string\"}}],\"inLanguage\":\"pt-BR\"},{\"@type\":\"Organization\",\"@id\":\"https:\\\/\\\/blogs.multimeios.ufc.br\\\/cdelmiro\\\/#organization\",\"name\":\"IV Projeto Fedathi\",\"url\":\"https:\\\/\\\/blogs.multimeios.ufc.br\\\/cdelmiro\\\/\",\"logo\":{\"@type\":\"ImageObject\",\"inLanguage\":\"pt-BR\",\"@id\":\"https:\\\/\\\/blogs.multimeios.ufc.br\\\/cdelmiro\\\/#\\\/schema\\\/logo\\\/image\\\/\",\"url\":\"https:\\\/\\\/blogs.multimeios.ufc.br\\\/cdelmiro\\\/files\\\/2023\\\/04\\\/cropped-lab-Multimeios.png-e1680910253915.jpeg\",\"contentUrl\":\"https:\\\/\\\/blogs.multimeios.ufc.br\\\/cdelmiro\\\/files\\\/2023\\\/04\\\/cropped-lab-Multimeios.png-e1680910253915.jpeg\",\"width\":158,\"height\":53,\"caption\":\"IV Projeto Fedathi\"},\"image\":{\"@id\":\"https:\\\/\\\/blogs.multimeios.ufc.br\\\/cdelmiro\\\/#\\\/schema\\\/logo\\\/image\\\/\"}}]}<\/script>\n<!-- \/ Yoast SEO plugin. -->","yoast_head_json":{"title":"Contato - IV Projeto Fedathi","robots":{"index":"index","follow":"follow","max-snippet":"max-snippet:-1","max-image-preview":"max-image-preview:large","max-video-preview":"max-video-preview:-1"},"canonical":"https:\/\/blogs.multimeios.ufc.br\/cdelmiro\/contato\/","og_locale":"pt_BR","og_type":"article","og_title":"Contato - IV Projeto Fedathi","og_description":"E-mail: delmiro@multimeios.ufc.br [Carlos Delmiro]","og_url":"https:\/\/blogs.multimeios.ufc.br\/cdelmiro\/contato\/","og_site_name":"IV Projeto Fedathi","article_modified_time":"2025-04-08T06:21:24+00:00","og_image":[{"width":1272,"height":323,"url":"https:\/\/blogs.multimeios.ufc.br\/cdelmiro\/files\/2025\/03\/Captura-de-Tela-2025-03-17-as-15.01.15.png","type":"image\/png"}],"twitter_card":"summary_large_image","twitter_misc":{"Est. tempo de leitura":"1 minuto"},"schema":{"@context":"https:\/\/schema.org","@graph":[{"@type":"WebPage","@id":"https:\/\/blogs.multimeios.ufc.br\/cdelmiro\/contato\/","url":"https:\/\/blogs.multimeios.ufc.br\/cdelmiro\/contato\/","name":"Contato - IV Projeto Fedathi","isPartOf":{"@id":"https:\/\/blogs.multimeios.ufc.br\/cdelmiro\/#website"},"primaryImageOfPage":{"@id":"https:\/\/blogs.multimeios.ufc.br\/cdelmiro\/contato\/#primaryimage"},"image":{"@id":"https:\/\/blogs.multimeios.ufc.br\/cdelmiro\/contato\/#primaryimage"},"thumbnailUrl":"https:\/\/blogs.multimeios.ufc.br\/cdelmiro\/files\/2025\/03\/Captura-de-Tela-2025-03-17-as-15.01.15-1024x260.png","datePublished":"2025-02-17T17:18:53+00:00","dateModified":"2025-04-08T06:21:24+00:00","breadcrumb":{"@id":"https:\/\/blogs.multimeios.ufc.br\/cdelmiro\/contato\/#breadcrumb"},"inLanguage":"pt-BR","potentialAction":[{"@type":"ReadAction","target":["https:\/\/blogs.multimeios.ufc.br\/cdelmiro\/contato\/"]}]},{"@type":"ImageObject","inLanguage":"pt-BR","@id":"https:\/\/blogs.multimeios.ufc.br\/cdelmiro\/contato\/#primaryimage","url":"https:\/\/blogs.multimeios.ufc.br\/cdelmiro\/files\/2025\/03\/Captura-de-Tela-2025-03-17-as-15.01.15.png","contentUrl":"https:\/\/blogs.multimeios.ufc.br\/cdelmiro\/files\/2025\/03\/Captura-de-Tela-2025-03-17-as-15.01.15.png","width":1272,"height":323},{"@type":"BreadcrumbList","@id":"https:\/\/blogs.multimeios.ufc.br\/cdelmiro\/contato\/#breadcrumb","itemListElement":[{"@type":"ListItem","position":1,"name":"In\u00edcio","item":"https:\/\/blogs.multimeios.ufc.br\/cdelmiro\/"},{"@type":"ListItem","position":2,"name":"Contato"}]},{"@type":"WebSite","@id":"https:\/\/blogs.multimeios.ufc.br\/cdelmiro\/#website","url":"https:\/\/blogs.multimeios.ufc.br\/cdelmiro\/","name":"IV Projeto Fedathi","description":"Uma rede de pesquisa com colaboradores de diferentes locais para contribu\u00edrem com o ensino das diversas \u00e1reas do conhecimento sob a perspectiva da Sequ\u00eancia Fedathi","publisher":{"@id":"https:\/\/blogs.multimeios.ufc.br\/cdelmiro\/#organization"},"potentialAction":[{"@type":"SearchAction","target":{"@type":"EntryPoint","urlTemplate":"https:\/\/blogs.multimeios.ufc.br\/cdelmiro\/?s={search_term_string}"},"query-input":{"@type":"PropertyValueSpecification","valueRequired":true,"valueName":"search_term_string"}}],"inLanguage":"pt-BR"},{"@type":"Organization","@id":"https:\/\/blogs.multimeios.ufc.br\/cdelmiro\/#organization","name":"IV Projeto Fedathi","url":"https:\/\/blogs.multimeios.ufc.br\/cdelmiro\/","logo":{"@type":"ImageObject","inLanguage":"pt-BR","@id":"https:\/\/blogs.multimeios.ufc.br\/cdelmiro\/#\/schema\/logo\/image\/","url":"https:\/\/blogs.multimeios.ufc.br\/cdelmiro\/files\/2023\/04\/cropped-lab-Multimeios.png-e1680910253915.jpeg","contentUrl":"https:\/\/blogs.multimeios.ufc.br\/cdelmiro\/files\/2023\/04\/cropped-lab-Multimeios.png-e1680910253915.jpeg","width":158,"height":53,"caption":"IV Projeto Fedathi"},"image":{"@id":"https:\/\/blogs.multimeios.ufc.br\/cdelmiro\/#\/schema\/logo\/image\/"}}]}},"_links":{"self":[{"href":"https:\/\/blogs.multimeios.ufc.br\/cdelmiro\/wp-json\/wp\/v2\/pages\/144","targetHints":{"allow":["GET"]}}],"collection":[{"href":"https:\/\/blogs.multimeios.ufc.br\/cdelmiro\/wp-json\/wp\/v2\/pages"}],"about":[{"href":"https:\/\/blogs.multimeios.ufc.br\/cdelmiro\/wp-json\/wp\/v2\/types\/page"}],"author":[{"embeddable":true,"href":"https:\/\/blogs.multimeios.ufc.br\/cdelmiro\/wp-json\/wp\/v2\/users\/28"}],"replies":[{"embeddable":true,"href":"https:\/\/blogs.multimeios.ufc.br\/cdelmiro\/wp-json\/wp\/v2\/comments?post=144"}],"version-history":[{"count":11,"href":"https:\/\/blogs.multimeios.ufc.br\/cdelmiro\/wp-json\/wp\/v2\/pages\/144\/revisions"}],"predecessor-version":[{"id":259,"href":"https:\/\/blogs.multimeios.ufc.br\/cdelmiro\/wp-json\/wp\/v2\/pages\/144\/revisions\/259"}],"wp:attachment":[{"href":"https:\/\/blogs.multimeios.ufc.br\/cdelmiro\/wp-json\/wp\/v2\/media?parent=144"}],"curies":[{"name":"wp","href":"https:\/\/api.w.org\/{rel}","templated":true}]}}