{"id":162,"date":"2025-02-17T14:59:49","date_gmt":"2025-02-17T17:59:49","guid":{"rendered":"https:\/\/blogs.multimeios.ufc.br\/cdelmiro\/?page_id=162"},"modified":"2025-04-08T03:22:12","modified_gmt":"2025-04-08T06:22:12","slug":"sobre-a-formacao","status":"publish","type":"page","link":"https:\/\/blogs.multimeios.ufc.br\/cdelmiro\/","title":{"rendered":"Sobre a Forma\u00e7\u00e3o"},"content":{"rendered":"\n<figure class=\"wp-block-image aligncenter size-full\"><img fetchpriority=\"high\" decoding=\"async\" width=\"548\" height=\"218\" src=\"http:\/\/blogs.multimeios.ufc.br\/cdelmiro\/files\/2025\/02\/imagem-mm.png\" alt=\"\" class=\"wp-image-153\" srcset=\"https:\/\/blogs.multimeios.ufc.br\/cdelmiro\/files\/2025\/02\/imagem-mm.png 548w, https:\/\/blogs.multimeios.ufc.br\/cdelmiro\/files\/2025\/02\/imagem-mm-300x119.png 300w\" sizes=\"(max-width: 548px) 100vw, 548px\" \/><\/figure>\n\n\n\n<p>O Laborat\u00f3rio de Pesquisa Multimeios (MM), da Faculdade de Educa\u00e7\u00e3o (FACED\/UFC), da Universidade Federal do Cear\u00e1 (UFC), tem o prazer de convidar toda a comunidade de professores, pesquisadores e demais interessadas e interessados para o seu\u00a0<strong>IV Projeto Fedathi<\/strong>, a se realizar de abril a julho de 2025.<\/p>\n\n\n\n<p>O Projeto Fedathi \u00e9 uma forma\u00e7\u00e3o cont\u00ednua para professores com o intuito de refletir sobre o ensino na perspectiva da Sequ\u00eancia Fedathi. Essa forma\u00e7\u00e3o teve in\u00edcio em 2017, em que ocorreu com dois encontros presenciais (um no in\u00edcio e outro no final), com o decorrer no Ambiente Virtual de Ensino (AVE) do MM. As tr\u00eas primeiras edi\u00e7\u00f5es (2017, 2018 e 2020) foram realizadas nesse formato realizado em 2017. A quarta edi\u00e7\u00e3o ser\u00e1 totalmente online.<\/p>\n\n\n\n<p>O curso tem por objetivo oferecer uma forma\u00e7\u00e3o continuada sobre a perspectiva da Sequ\u00eancia Fedathi para o ensino de Matem\u00e1tica e possibilidades de avalia\u00e7\u00e3o, abordando seus princ\u00edpios e etapas, discutindo suas implica\u00e7\u00f5es para a sala de aula, partindo das viv\u00eancias de docente dos participantes. O percurso tem in\u00edcio com reflex\u00f5es sobre como os participantes lecionam, para ent\u00e3o refletir sobre uma outra postura que possa assumir para a promo\u00e7\u00e3o do ensino de Matem\u00e1tica.<\/p>\n\n\n\n<p>Estruturado em aulas semanais s\u00edncronas e ministrado por integrantes do MM, doutorandos em Educa\u00e7\u00e3o pela UFC, com \u00eanfase na Sequ\u00eancia Fedathi, o curso constituir\u00e1 tamb\u00e9m um espa\u00e7o de discuss\u00f5es para os desafios efetivamente encontrados, na viv\u00eancia da Sequ\u00eancia Fedathi em sala de aula, pelos seus participantes. Toda a forma\u00e7\u00e3o ser\u00e1 realizada&nbsp;online, com carga hor\u00e1ria de 100 horas. Al\u00e9m disso, \u00e9 totalmente <strong>GRATUITO<\/strong>.<\/p>\n\n\n\n<p>Todas as atividades da forma\u00e7\u00e3o ser\u00e3o realizadas no AVE Moodle Multimeios (<a href=\"https:\/\/hbn.multimeios.ufc.br\/moodle\/\">https:\/\/hbn.multimeios.ufc.br\/moodle\/<\/a>). Os encontros ser\u00e3o ao vivo por videoconfer\u00eancia por meio da Rede Nacional de Pesquisa (RNP), com acesso a partir de login e senha no ambiente virtual.<\/p>\n","protected":false},"excerpt":{"rendered":"<p>O Laborat\u00f3rio de Pesquisa Multimeios (MM), da Faculdade de Educa\u00e7\u00e3o (FACED\/UFC), da Universidade Federal do Cear\u00e1 (UFC), tem o prazer [&hellip;]<\/p>\n","protected":false},"author":28,"featured_media":0,"parent":0,"menu_order":0,"comment_status":"closed","ping_status":"closed","template":"","meta":{"site-sidebar-layout":"default","site-content-layout":"","ast-site-content-layout":"default","site-content-style":"default","site-sidebar-style":"default","ast-global-header-display":"","ast-banner-title-visibility":"","ast-main-header-display":"","ast-hfb-above-header-display":"","ast-hfb-below-header-display":"","ast-hfb-mobile-header-display":"","site-post-title":"","ast-breadcrumbs-content":"","ast-featured-img":"","footer-sml-layout":"","ast-disable-related-posts":"","theme-transparent-header-meta":"","adv-header-id-meta":"","stick-header-meta":"","header-above-stick-meta":"","header-main-stick-meta":"","header-below-stick-meta":"","astra-migrate-meta-layouts":"default","ast-page-background-enabled":"default","ast-page-background-meta":{"desktop":{"background-color":"var(--ast-global-color-4)","background-image":"","background-repeat":"repeat","background-position":"center center","background-size":"auto","background-attachment":"scroll","background-type":"","background-media":"","overlay-type":"","overlay-color":"","overlay-opacity":"","overlay-gradient":""},"tablet":{"background-color":"","background-image":"","background-repeat":"repeat","background-position":"center center","background-size":"auto","background-attachment":"scroll","background-type":"","background-media":"","overlay-type":"","overlay-color":"","overlay-opacity":"","overlay-gradient":""},"mobile":{"background-color":"","background-image":"","background-repeat":"repeat","background-position":"center center","background-size":"auto","background-attachment":"scroll","background-type":"","background-media":"","overlay-type":"","overlay-color":"","overlay-opacity":"","overlay-gradient":""}},"ast-content-background-meta":{"desktop":{"background-color":"var(--ast-global-color-5)","background-image":"","background-repeat":"repeat","background-position":"center center","background-size":"auto","background-attachment":"scroll","background-type":"","background-media":"","overlay-type":"","overlay-color":"","overlay-opacity":"","overlay-gradient":""},"tablet":{"background-color":"var(--ast-global-color-5)","background-image":"","background-repeat":"repeat","background-position":"center center","background-size":"auto","background-attachment":"scroll","background-type":"","background-media":"","overlay-type":"","overlay-color":"","overlay-opacity":"","overlay-gradient":""},"mobile":{"background-color":"var(--ast-global-color-5)","background-image":"","background-repeat":"repeat","background-position":"center center","background-size":"auto","background-attachment":"scroll","background-type":"","background-media":"","overlay-type":"","overlay-color":"","overlay-opacity":"","overlay-gradient":""}},"footnotes":""},"class_list":["post-162","page","type-page","status-publish","hentry"],"yoast_head":"<!-- This site is optimized with the Yoast SEO plugin v27.4 - https:\/\/yoast.com\/product\/yoast-seo-wordpress\/ -->\n<title>Sobre a Forma\u00e7\u00e3o - IV Projeto Fedathi<\/title>\n<meta name=\"robots\" content=\"index, follow, max-snippet:-1, max-image-preview:large, max-video-preview:-1\" \/>\n<link rel=\"canonical\" href=\"https:\/\/blogs.multimeios.ufc.br\/cdelmiro\/\" \/>\n<meta property=\"og:locale\" content=\"pt_BR\" \/>\n<meta property=\"og:type\" content=\"article\" \/>\n<meta property=\"og:title\" content=\"Sobre a Forma\u00e7\u00e3o - IV Projeto Fedathi\" \/>\n<meta property=\"og:description\" content=\"O Laborat\u00f3rio de Pesquisa Multimeios (MM), da Faculdade de Educa\u00e7\u00e3o (FACED\/UFC), da Universidade Federal do Cear\u00e1 (UFC), tem o prazer [&hellip;]\" \/>\n<meta property=\"og:url\" content=\"https:\/\/blogs.multimeios.ufc.br\/cdelmiro\/\" \/>\n<meta property=\"og:site_name\" content=\"IV Projeto Fedathi\" \/>\n<meta property=\"article:modified_time\" content=\"2025-04-08T06:22:12+00:00\" \/>\n<meta property=\"og:image\" content=\"https:\/\/blogs.multimeios.ufc.br\/cdelmiro\/files\/2025\/02\/imagem-mm.png\" \/>\n\t<meta property=\"og:image:width\" content=\"548\" \/>\n\t<meta property=\"og:image:height\" content=\"218\" \/>\n\t<meta property=\"og:image:type\" content=\"image\/png\" \/>\n<meta name=\"twitter:card\" content=\"summary_large_image\" \/>\n<meta name=\"twitter:label1\" content=\"Est. tempo de leitura\" \/>\n\t<meta name=\"twitter:data1\" content=\"2 minutos\" \/>\n<script type=\"application\/ld+json\" class=\"yoast-schema-graph\">{\"@context\":\"https:\\\/\\\/schema.org\",\"@graph\":[{\"@type\":\"WebPage\",\"@id\":\"https:\\\/\\\/blogs.multimeios.ufc.br\\\/cdelmiro\\\/\",\"url\":\"https:\\\/\\\/blogs.multimeios.ufc.br\\\/cdelmiro\\\/\",\"name\":\"Sobre a Forma\u00e7\u00e3o - IV Projeto Fedathi\",\"isPartOf\":{\"@id\":\"https:\\\/\\\/blogs.multimeios.ufc.br\\\/cdelmiro\\\/#website\"},\"primaryImageOfPage\":{\"@id\":\"https:\\\/\\\/blogs.multimeios.ufc.br\\\/cdelmiro\\\/#primaryimage\"},\"image\":{\"@id\":\"https:\\\/\\\/blogs.multimeios.ufc.br\\\/cdelmiro\\\/#primaryimage\"},\"thumbnailUrl\":\"http:\\\/\\\/blogs.multimeios.ufc.br\\\/cdelmiro\\\/files\\\/2025\\\/02\\\/imagem-mm.png\",\"datePublished\":\"2025-02-17T17:59:49+00:00\",\"dateModified\":\"2025-04-08T06:22:12+00:00\",\"breadcrumb\":{\"@id\":\"https:\\\/\\\/blogs.multimeios.ufc.br\\\/cdelmiro\\\/#breadcrumb\"},\"inLanguage\":\"pt-BR\",\"potentialAction\":[{\"@type\":\"ReadAction\",\"target\":[\"https:\\\/\\\/blogs.multimeios.ufc.br\\\/cdelmiro\\\/\"]}]},{\"@type\":\"ImageObject\",\"inLanguage\":\"pt-BR\",\"@id\":\"https:\\\/\\\/blogs.multimeios.ufc.br\\\/cdelmiro\\\/#primaryimage\",\"url\":\"https:\\\/\\\/blogs.multimeios.ufc.br\\\/cdelmiro\\\/files\\\/2025\\\/02\\\/imagem-mm.png\",\"contentUrl\":\"https:\\\/\\\/blogs.multimeios.ufc.br\\\/cdelmiro\\\/files\\\/2025\\\/02\\\/imagem-mm.png\",\"width\":548,\"height\":218},{\"@type\":\"BreadcrumbList\",\"@id\":\"https:\\\/\\\/blogs.multimeios.ufc.br\\\/cdelmiro\\\/#breadcrumb\",\"itemListElement\":[{\"@type\":\"ListItem\",\"position\":1,\"name\":\"In\u00edcio\",\"item\":\"https:\\\/\\\/blogs.multimeios.ufc.br\\\/cdelmiro\\\/\"},{\"@type\":\"ListItem\",\"position\":2,\"name\":\"Sobre a Forma\u00e7\u00e3o\"}]},{\"@type\":\"WebSite\",\"@id\":\"https:\\\/\\\/blogs.multimeios.ufc.br\\\/cdelmiro\\\/#website\",\"url\":\"https:\\\/\\\/blogs.multimeios.ufc.br\\\/cdelmiro\\\/\",\"name\":\"IV Projeto Fedathi\",\"description\":\"Uma rede de pesquisa com colaboradores de diferentes locais para contribu\u00edrem com o ensino das diversas \u00e1reas do conhecimento sob a perspectiva da Sequ\u00eancia Fedathi\",\"publisher\":{\"@id\":\"https:\\\/\\\/blogs.multimeios.ufc.br\\\/cdelmiro\\\/#organization\"},\"potentialAction\":[{\"@type\":\"SearchAction\",\"target\":{\"@type\":\"EntryPoint\",\"urlTemplate\":\"https:\\\/\\\/blogs.multimeios.ufc.br\\\/cdelmiro\\\/?s={search_term_string}\"},\"query-input\":{\"@type\":\"PropertyValueSpecification\",\"valueRequired\":true,\"valueName\":\"search_term_string\"}}],\"inLanguage\":\"pt-BR\"},{\"@type\":\"Organization\",\"@id\":\"https:\\\/\\\/blogs.multimeios.ufc.br\\\/cdelmiro\\\/#organization\",\"name\":\"IV Projeto Fedathi\",\"url\":\"https:\\\/\\\/blogs.multimeios.ufc.br\\\/cdelmiro\\\/\",\"logo\":{\"@type\":\"ImageObject\",\"inLanguage\":\"pt-BR\",\"@id\":\"https:\\\/\\\/blogs.multimeios.ufc.br\\\/cdelmiro\\\/#\\\/schema\\\/logo\\\/image\\\/\",\"url\":\"https:\\\/\\\/blogs.multimeios.ufc.br\\\/cdelmiro\\\/files\\\/2023\\\/04\\\/cropped-lab-Multimeios.png-e1680910253915.jpeg\",\"contentUrl\":\"https:\\\/\\\/blogs.multimeios.ufc.br\\\/cdelmiro\\\/files\\\/2023\\\/04\\\/cropped-lab-Multimeios.png-e1680910253915.jpeg\",\"width\":158,\"height\":53,\"caption\":\"IV Projeto Fedathi\"},\"image\":{\"@id\":\"https:\\\/\\\/blogs.multimeios.ufc.br\\\/cdelmiro\\\/#\\\/schema\\\/logo\\\/image\\\/\"}}]}<\/script>\n<!-- \/ Yoast SEO plugin. -->","yoast_head_json":{"title":"Sobre a Forma\u00e7\u00e3o - IV Projeto Fedathi","robots":{"index":"index","follow":"follow","max-snippet":"max-snippet:-1","max-image-preview":"max-image-preview:large","max-video-preview":"max-video-preview:-1"},"canonical":"https:\/\/blogs.multimeios.ufc.br\/cdelmiro\/","og_locale":"pt_BR","og_type":"article","og_title":"Sobre a Forma\u00e7\u00e3o - IV Projeto Fedathi","og_description":"O Laborat\u00f3rio de Pesquisa Multimeios (MM), da Faculdade de Educa\u00e7\u00e3o (FACED\/UFC), da Universidade Federal do Cear\u00e1 (UFC), tem o prazer [&hellip;]","og_url":"https:\/\/blogs.multimeios.ufc.br\/cdelmiro\/","og_site_name":"IV Projeto Fedathi","article_modified_time":"2025-04-08T06:22:12+00:00","og_image":[{"width":548,"height":218,"url":"https:\/\/blogs.multimeios.ufc.br\/cdelmiro\/files\/2025\/02\/imagem-mm.png","type":"image\/png"}],"twitter_card":"summary_large_image","twitter_misc":{"Est. tempo de leitura":"2 minutos"},"schema":{"@context":"https:\/\/schema.org","@graph":[{"@type":"WebPage","@id":"https:\/\/blogs.multimeios.ufc.br\/cdelmiro\/","url":"https:\/\/blogs.multimeios.ufc.br\/cdelmiro\/","name":"Sobre a Forma\u00e7\u00e3o - IV Projeto Fedathi","isPartOf":{"@id":"https:\/\/blogs.multimeios.ufc.br\/cdelmiro\/#website"},"primaryImageOfPage":{"@id":"https:\/\/blogs.multimeios.ufc.br\/cdelmiro\/#primaryimage"},"image":{"@id":"https:\/\/blogs.multimeios.ufc.br\/cdelmiro\/#primaryimage"},"thumbnailUrl":"http:\/\/blogs.multimeios.ufc.br\/cdelmiro\/files\/2025\/02\/imagem-mm.png","datePublished":"2025-02-17T17:59:49+00:00","dateModified":"2025-04-08T06:22:12+00:00","breadcrumb":{"@id":"https:\/\/blogs.multimeios.ufc.br\/cdelmiro\/#breadcrumb"},"inLanguage":"pt-BR","potentialAction":[{"@type":"ReadAction","target":["https:\/\/blogs.multimeios.ufc.br\/cdelmiro\/"]}]},{"@type":"ImageObject","inLanguage":"pt-BR","@id":"https:\/\/blogs.multimeios.ufc.br\/cdelmiro\/#primaryimage","url":"https:\/\/blogs.multimeios.ufc.br\/cdelmiro\/files\/2025\/02\/imagem-mm.png","contentUrl":"https:\/\/blogs.multimeios.ufc.br\/cdelmiro\/files\/2025\/02\/imagem-mm.png","width":548,"height":218},{"@type":"BreadcrumbList","@id":"https:\/\/blogs.multimeios.ufc.br\/cdelmiro\/#breadcrumb","itemListElement":[{"@type":"ListItem","position":1,"name":"In\u00edcio","item":"https:\/\/blogs.multimeios.ufc.br\/cdelmiro\/"},{"@type":"ListItem","position":2,"name":"Sobre a Forma\u00e7\u00e3o"}]},{"@type":"WebSite","@id":"https:\/\/blogs.multimeios.ufc.br\/cdelmiro\/#website","url":"https:\/\/blogs.multimeios.ufc.br\/cdelmiro\/","name":"IV Projeto Fedathi","description":"Uma rede de pesquisa com colaboradores de diferentes locais para contribu\u00edrem com o ensino das diversas \u00e1reas do conhecimento sob a perspectiva da Sequ\u00eancia Fedathi","publisher":{"@id":"https:\/\/blogs.multimeios.ufc.br\/cdelmiro\/#organization"},"potentialAction":[{"@type":"SearchAction","target":{"@type":"EntryPoint","urlTemplate":"https:\/\/blogs.multimeios.ufc.br\/cdelmiro\/?s={search_term_string}"},"query-input":{"@type":"PropertyValueSpecification","valueRequired":true,"valueName":"search_term_string"}}],"inLanguage":"pt-BR"},{"@type":"Organization","@id":"https:\/\/blogs.multimeios.ufc.br\/cdelmiro\/#organization","name":"IV Projeto Fedathi","url":"https:\/\/blogs.multimeios.ufc.br\/cdelmiro\/","logo":{"@type":"ImageObject","inLanguage":"pt-BR","@id":"https:\/\/blogs.multimeios.ufc.br\/cdelmiro\/#\/schema\/logo\/image\/","url":"https:\/\/blogs.multimeios.ufc.br\/cdelmiro\/files\/2023\/04\/cropped-lab-Multimeios.png-e1680910253915.jpeg","contentUrl":"https:\/\/blogs.multimeios.ufc.br\/cdelmiro\/files\/2023\/04\/cropped-lab-Multimeios.png-e1680910253915.jpeg","width":158,"height":53,"caption":"IV Projeto Fedathi"},"image":{"@id":"https:\/\/blogs.multimeios.ufc.br\/cdelmiro\/#\/schema\/logo\/image\/"}}]}},"_links":{"self":[{"href":"https:\/\/blogs.multimeios.ufc.br\/cdelmiro\/wp-json\/wp\/v2\/pages\/162","targetHints":{"allow":["GET"]}}],"collection":[{"href":"https:\/\/blogs.multimeios.ufc.br\/cdelmiro\/wp-json\/wp\/v2\/pages"}],"about":[{"href":"https:\/\/blogs.multimeios.ufc.br\/cdelmiro\/wp-json\/wp\/v2\/types\/page"}],"author":[{"embeddable":true,"href":"https:\/\/blogs.multimeios.ufc.br\/cdelmiro\/wp-json\/wp\/v2\/users\/28"}],"replies":[{"embeddable":true,"href":"https:\/\/blogs.multimeios.ufc.br\/cdelmiro\/wp-json\/wp\/v2\/comments?post=162"}],"version-history":[{"count":10,"href":"https:\/\/blogs.multimeios.ufc.br\/cdelmiro\/wp-json\/wp\/v2\/pages\/162\/revisions"}],"predecessor-version":[{"id":260,"href":"https:\/\/blogs.multimeios.ufc.br\/cdelmiro\/wp-json\/wp\/v2\/pages\/162\/revisions\/260"}],"wp:attachment":[{"href":"https:\/\/blogs.multimeios.ufc.br\/cdelmiro\/wp-json\/wp\/v2\/media?parent=162"}],"curies":[{"name":"wp","href":"https:\/\/api.w.org\/{rel}","templated":true}]}}