{"id":245,"date":"2016-08-23T12:56:14","date_gmt":"2016-08-23T12:56:14","guid":{"rendered":"http:\/\/blogs.multimeios.ufc.br\/crid\/?page_id=245"},"modified":"2023-02-23T22:38:33","modified_gmt":"2023-02-23T22:38:33","slug":"linhas-de-atuacao","status":"publish","type":"page","link":"https:\/\/blogs.multimeios.ufc.br\/crid\/linhas-de-atuacao\/","title":{"rendered":"Linhas de Atua\u00e7\u00e3o"},"content":{"rendered":"<p style=\"text-align: justify\"><strong>1. FORMA\u00c7\u00c3O DE GESTORES:<\/strong> Formar membros da comunidade, para que atuem na gest\u00e3o do CRID, atrav\u00e9s de a\u00e7\u00f5es administrativas, de manuten\u00e7\u00e3o preventiva e corretiva, de forma\u00e7\u00e3o e da orienta\u00e7\u00e3o de usu\u00e1rios. Gestores s\u00e3o os multiplicadores locais das a\u00e7\u00f5es de inclus\u00e3o digital realizadas pelo grupo Suporte T\u00e9cnico-Pedag\u00f3gico, composto por bolsistas- pesquisadores da \u00e1rea.<\/p>\n<p style=\"text-align: justify\"><strong>2. INCLUS\u00c3O DIGITAL:<\/strong> compreender que a Inclus\u00e3o Digital n\u00e3o acontece s\u00f3 mediante ao acesso \u00e0s tecnologias, mas ao seu uso em benef\u00edcio pessoal, profissional e coletivo, caracterizando uma inclus\u00e3o s\u00f3cio-digital. N\u00e3o se trata apenas da oferta de cursos de inform\u00e1tica b\u00e1sica, mas de a\u00e7\u00f5es educativas baseadas na necessidade de resolu\u00e7\u00e3o de problemas identificados pela pr\u00f3pria comunidade. As a\u00e7\u00f5es s\u00e3o planejadas e coordenadas pelo grupo Inclus\u00e3o s\u00f3cio-digital, composto por bolsistas- pesquisadores da \u00e1rea.<\/p>\n<p style=\"text-align: justify\"><strong>3. INFORM\u00c1TICA EDUCATIVA:<\/strong> viabilizar a inclus\u00e3o digital escolar favorecendo a forma\u00e7\u00e3o em saberes espec\u00edficos com base na forma\u00e7\u00e3o dos professores em inform\u00e1tica educativa. Professores e educadores podem levar suas turmas para realiza\u00e7\u00e3o de atividades no CRID, podendo tamb\u00e9m se articular como um contraturno da escola, ou alfabetiza\u00e7\u00e3o digital de jovens e adultos. O grupo que \u00e9 respons\u00e1vel por estas a\u00e7\u00f5es, \u00e9 composto por bolsistas- pesquisadores da \u00e1rea e conta com especialistas do Laborat\u00f3rio de Pesquisas Multimeios nas \u00e1reas espec\u00edficas do ensino.<\/p>\n<p style=\"text-align: justify\"><strong>4. TELETRABALHO:<\/strong> formar membros da comunidade para a otimiza\u00e7\u00e3o de seu trabalho no campo em termos administrativos, cooperativos, t\u00e9cnico- rural e socioambiental atrav\u00e9s de a\u00e7\u00f5es educativas a dist\u00e2ncia. Pode ainda, despertar as comunidades para a cultura do teletrabalho, como formas de trabalho mediado por tecnologias, sem sair de sua comunidade, como o com\u00e9rcio eletr\u00f4nico. O grupo Teletrabalho tem a incumb\u00eancia de articular estas a\u00e7\u00f5es, sendo composto por bolsistas- pesquisadores da \u00e1rea.<\/p>\n<p style=\"text-align: justify\"><strong>5. WEB COMUNICA\u00c7\u00c3O:<\/strong> Consolidar uma rede de comunica\u00e7\u00e3o (com uso e produ\u00e7\u00e3o de redes sociais) para o desenvolvimento de interc\u00e2mbio de experi\u00eancias t\u00e9cnicas, tecnol\u00f3gicas e educomunicativas entre comunidades rurais. O grupo Web Comunica\u00e7\u00e3o, composto por bolsistas- pesquisadores da \u00e1rea estabelece parceria com pesquisadores e profissionais da \u00e1rea.<\/p>\n","protected":false},"excerpt":{"rendered":"<p>1. FORMA\u00c7\u00c3O DE GESTORES: Formar membros da comunidade, para que atuem na gest\u00e3o do CRID, atrav\u00e9s de a\u00e7\u00f5es administrativas, de manuten\u00e7\u00e3o preventiva e corretiva, de forma\u00e7\u00e3o e da orienta\u00e7\u00e3o de usu\u00e1rios. Gestores s\u00e3o os multiplicadores locais das a\u00e7\u00f5es de inclus\u00e3o &hellip; <a href=\"https:\/\/blogs.multimeios.ufc.br\/crid\/linhas-de-atuacao\/\">Continue lendo <span class=\"meta-nav\">&rarr;<\/span><\/a><\/p>\n","protected":false},"author":10,"featured_media":0,"parent":0,"menu_order":0,"comment_status":"closed","ping_status":"open","template":"","meta":{"footnotes":""},"class_list":["post-245","page","type-page","status-publish","hentry"],"yoast_head":"<!-- This site is optimized with the Yoast SEO plugin v27.3 - https:\/\/yoast.com\/product\/yoast-seo-wordpress\/ -->\n<title>Linhas de Atua\u00e7\u00e3o - CRID: Uma proposta de Comunidades Digitais Rurais<\/title>\n<meta name=\"robots\" content=\"index, follow, max-snippet:-1, max-image-preview:large, max-video-preview:-1\" \/>\n<link rel=\"canonical\" href=\"https:\/\/blogs.multimeios.ufc.br\/crid\/linhas-de-atuacao\/\" \/>\n<meta property=\"og:locale\" content=\"pt_BR\" \/>\n<meta property=\"og:type\" content=\"article\" \/>\n<meta property=\"og:title\" content=\"Linhas de Atua\u00e7\u00e3o - CRID: Uma proposta de Comunidades Digitais Rurais\" \/>\n<meta property=\"og:description\" content=\"1. FORMA\u00c7\u00c3O DE GESTORES: Formar membros da comunidade, para que atuem na gest\u00e3o do CRID, atrav\u00e9s de a\u00e7\u00f5es administrativas, de manuten\u00e7\u00e3o preventiva e corretiva, de forma\u00e7\u00e3o e da orienta\u00e7\u00e3o de usu\u00e1rios. Gestores s\u00e3o os multiplicadores locais das a\u00e7\u00f5es de inclus\u00e3o &hellip; Continue lendo &rarr;\" \/>\n<meta property=\"og:url\" content=\"https:\/\/blogs.multimeios.ufc.br\/crid\/linhas-de-atuacao\/\" \/>\n<meta property=\"og:site_name\" content=\"CRID: Uma proposta de Comunidades Digitais Rurais\" \/>\n<meta property=\"article:modified_time\" content=\"2023-02-23T22:38:33+00:00\" \/>\n<meta name=\"twitter:card\" content=\"summary_large_image\" \/>\n<meta name=\"twitter:label1\" content=\"Est. tempo de leitura\" \/>\n\t<meta name=\"twitter:data1\" content=\"2 minutos\" \/>\n<script type=\"application\/ld+json\" class=\"yoast-schema-graph\">{\"@context\":\"https:\\\/\\\/schema.org\",\"@graph\":[{\"@type\":\"WebPage\",\"@id\":\"https:\\\/\\\/blogs.multimeios.ufc.br\\\/crid\\\/linhas-de-atuacao\\\/\",\"url\":\"https:\\\/\\\/blogs.multimeios.ufc.br\\\/crid\\\/linhas-de-atuacao\\\/\",\"name\":\"Linhas de Atua\u00e7\u00e3o - CRID: Uma proposta de Comunidades Digitais Rurais\",\"isPartOf\":{\"@id\":\"https:\\\/\\\/blogs.multimeios.ufc.br\\\/crid\\\/#website\"},\"datePublished\":\"2016-08-23T12:56:14+00:00\",\"dateModified\":\"2023-02-23T22:38:33+00:00\",\"breadcrumb\":{\"@id\":\"https:\\\/\\\/blogs.multimeios.ufc.br\\\/crid\\\/linhas-de-atuacao\\\/#breadcrumb\"},\"inLanguage\":\"pt-BR\",\"potentialAction\":[{\"@type\":\"ReadAction\",\"target\":[\"https:\\\/\\\/blogs.multimeios.ufc.br\\\/crid\\\/linhas-de-atuacao\\\/\"]}]},{\"@type\":\"BreadcrumbList\",\"@id\":\"https:\\\/\\\/blogs.multimeios.ufc.br\\\/crid\\\/linhas-de-atuacao\\\/#breadcrumb\",\"itemListElement\":[{\"@type\":\"ListItem\",\"position\":1,\"name\":\"In\u00edcio\",\"item\":\"https:\\\/\\\/blogs.multimeios.ufc.br\\\/crid\\\/\"},{\"@type\":\"ListItem\",\"position\":2,\"name\":\"Linhas de Atua\u00e7\u00e3o\"}]},{\"@type\":\"WebSite\",\"@id\":\"https:\\\/\\\/blogs.multimeios.ufc.br\\\/crid\\\/#website\",\"url\":\"https:\\\/\\\/blogs.multimeios.ufc.br\\\/crid\\\/\",\"name\":\"CRID: Uma proposta de Comunidades Digitais Rurais\",\"description\":\"\",\"potentialAction\":[{\"@type\":\"SearchAction\",\"target\":{\"@type\":\"EntryPoint\",\"urlTemplate\":\"https:\\\/\\\/blogs.multimeios.ufc.br\\\/crid\\\/?s={search_term_string}\"},\"query-input\":{\"@type\":\"PropertyValueSpecification\",\"valueRequired\":true,\"valueName\":\"search_term_string\"}}],\"inLanguage\":\"pt-BR\"}]}<\/script>\n<!-- \/ Yoast SEO plugin. -->","yoast_head_json":{"title":"Linhas de Atua\u00e7\u00e3o - CRID: Uma proposta de Comunidades Digitais Rurais","robots":{"index":"index","follow":"follow","max-snippet":"max-snippet:-1","max-image-preview":"max-image-preview:large","max-video-preview":"max-video-preview:-1"},"canonical":"https:\/\/blogs.multimeios.ufc.br\/crid\/linhas-de-atuacao\/","og_locale":"pt_BR","og_type":"article","og_title":"Linhas de Atua\u00e7\u00e3o - CRID: Uma proposta de Comunidades Digitais Rurais","og_description":"1. FORMA\u00c7\u00c3O DE GESTORES: Formar membros da comunidade, para que atuem na gest\u00e3o do CRID, atrav\u00e9s de a\u00e7\u00f5es administrativas, de manuten\u00e7\u00e3o preventiva e corretiva, de forma\u00e7\u00e3o e da orienta\u00e7\u00e3o de usu\u00e1rios. Gestores s\u00e3o os multiplicadores locais das a\u00e7\u00f5es de inclus\u00e3o &hellip; Continue lendo &rarr;","og_url":"https:\/\/blogs.multimeios.ufc.br\/crid\/linhas-de-atuacao\/","og_site_name":"CRID: Uma proposta de Comunidades Digitais Rurais","article_modified_time":"2023-02-23T22:38:33+00:00","twitter_card":"summary_large_image","twitter_misc":{"Est. tempo de leitura":"2 minutos"},"schema":{"@context":"https:\/\/schema.org","@graph":[{"@type":"WebPage","@id":"https:\/\/blogs.multimeios.ufc.br\/crid\/linhas-de-atuacao\/","url":"https:\/\/blogs.multimeios.ufc.br\/crid\/linhas-de-atuacao\/","name":"Linhas de Atua\u00e7\u00e3o - CRID: Uma proposta de Comunidades Digitais Rurais","isPartOf":{"@id":"https:\/\/blogs.multimeios.ufc.br\/crid\/#website"},"datePublished":"2016-08-23T12:56:14+00:00","dateModified":"2023-02-23T22:38:33+00:00","breadcrumb":{"@id":"https:\/\/blogs.multimeios.ufc.br\/crid\/linhas-de-atuacao\/#breadcrumb"},"inLanguage":"pt-BR","potentialAction":[{"@type":"ReadAction","target":["https:\/\/blogs.multimeios.ufc.br\/crid\/linhas-de-atuacao\/"]}]},{"@type":"BreadcrumbList","@id":"https:\/\/blogs.multimeios.ufc.br\/crid\/linhas-de-atuacao\/#breadcrumb","itemListElement":[{"@type":"ListItem","position":1,"name":"In\u00edcio","item":"https:\/\/blogs.multimeios.ufc.br\/crid\/"},{"@type":"ListItem","position":2,"name":"Linhas de Atua\u00e7\u00e3o"}]},{"@type":"WebSite","@id":"https:\/\/blogs.multimeios.ufc.br\/crid\/#website","url":"https:\/\/blogs.multimeios.ufc.br\/crid\/","name":"CRID: Uma proposta de Comunidades Digitais Rurais","description":"","potentialAction":[{"@type":"SearchAction","target":{"@type":"EntryPoint","urlTemplate":"https:\/\/blogs.multimeios.ufc.br\/crid\/?s={search_term_string}"},"query-input":{"@type":"PropertyValueSpecification","valueRequired":true,"valueName":"search_term_string"}}],"inLanguage":"pt-BR"}]}},"_links":{"self":[{"href":"https:\/\/blogs.multimeios.ufc.br\/crid\/wp-json\/wp\/v2\/pages\/245","targetHints":{"allow":["GET"]}}],"collection":[{"href":"https:\/\/blogs.multimeios.ufc.br\/crid\/wp-json\/wp\/v2\/pages"}],"about":[{"href":"https:\/\/blogs.multimeios.ufc.br\/crid\/wp-json\/wp\/v2\/types\/page"}],"author":[{"embeddable":true,"href":"https:\/\/blogs.multimeios.ufc.br\/crid\/wp-json\/wp\/v2\/users\/10"}],"replies":[{"embeddable":true,"href":"https:\/\/blogs.multimeios.ufc.br\/crid\/wp-json\/wp\/v2\/comments?post=245"}],"version-history":[{"count":5,"href":"https:\/\/blogs.multimeios.ufc.br\/crid\/wp-json\/wp\/v2\/pages\/245\/revisions"}],"predecessor-version":[{"id":415,"href":"https:\/\/blogs.multimeios.ufc.br\/crid\/wp-json\/wp\/v2\/pages\/245\/revisions\/415"}],"wp:attachment":[{"href":"https:\/\/blogs.multimeios.ufc.br\/crid\/wp-json\/wp\/v2\/media?parent=245"}],"curies":[{"name":"wp","href":"https:\/\/api.w.org\/{rel}","templated":true}]}}