{"id":249,"date":"2016-08-23T13:01:30","date_gmt":"2016-08-23T13:01:30","guid":{"rendered":"http:\/\/blogs.multimeios.ufc.br\/crid\/?page_id=249"},"modified":"2023-02-23T22:38:49","modified_gmt":"2023-02-23T22:38:49","slug":"che-guevara","status":"publish","type":"page","link":"https:\/\/blogs.multimeios.ufc.br\/crid\/che-guevara\/","title":{"rendered":"S\u00e3o Jos\u00e9 II &#8211; Che Guevara"},"content":{"rendered":"<div id=\"attachment_351\" style=\"width: 202px\" class=\"wp-caption aligncenter\"><a href=\"http:\/\/blogs.multimeios.ufc.br\/crid\/files\/2016\/08\/logocheguevara.jpg\"><img decoding=\"async\" aria-describedby=\"caption-attachment-351\" class=\"wp-image-351 \" src=\"http:\/\/blogs.multimeios.ufc.br\/crid\/files\/2016\/08\/logocheguevara-300x188.jpg\" alt=\"logocheguevara\" width=\"192\" height=\"120\" srcset=\"https:\/\/blogs.multimeios.ufc.br\/crid\/files\/2016\/08\/logocheguevara-300x188.jpg 300w, https:\/\/blogs.multimeios.ufc.br\/crid\/files\/2016\/08\/logocheguevara.jpg 480w\" sizes=\"(max-width: 192px) 100vw, 192px\" \/><\/a><p id=\"caption-attachment-351\" class=\"wp-caption-text\">Logo produzida pelos gestores e moradores da comunidade na forma\u00e7\u00e3o de edi\u00e7\u00e3o de imagem.<\/p><\/div>\n<p><a href=\"http:\/\/blogs.multimeios.ufc.br\/crid\/files\/2016\/08\/de9942f3-9891-4ed2-94c3-237dcbd513d8.jpg\"><img fetchpriority=\"high\" decoding=\"async\" class=\"alignnone size-medium wp-image-620\" src=\"http:\/\/blogs.multimeios.ufc.br\/crid\/files\/2016\/08\/de9942f3-9891-4ed2-94c3-237dcbd513d8-300x169.jpg\" alt=\"de9942f3-9891-4ed2-94c3-237dcbd513d8\" width=\"300\" height=\"169\" srcset=\"https:\/\/blogs.multimeios.ufc.br\/crid\/files\/2016\/08\/de9942f3-9891-4ed2-94c3-237dcbd513d8-300x169.jpg 300w, https:\/\/blogs.multimeios.ufc.br\/crid\/files\/2016\/08\/de9942f3-9891-4ed2-94c3-237dcbd513d8-768x432.jpg 768w, https:\/\/blogs.multimeios.ufc.br\/crid\/files\/2016\/08\/de9942f3-9891-4ed2-94c3-237dcbd513d8-1024x576.jpg 1024w, https:\/\/blogs.multimeios.ufc.br\/crid\/files\/2016\/08\/de9942f3-9891-4ed2-94c3-237dcbd513d8.jpg 1600w\" sizes=\"(max-width: 300px) 100vw, 300px\" \/><\/a>\u00a0 <a href=\"http:\/\/blogs.multimeios.ufc.br\/crid\/files\/2016\/08\/5668f442-dc9b-4823-824a-5fb2420ad354.jpg\"><img decoding=\"async\" class=\"alignnone size-medium wp-image-623\" src=\"http:\/\/blogs.multimeios.ufc.br\/crid\/files\/2016\/08\/5668f442-dc9b-4823-824a-5fb2420ad354-300x169.jpg\" alt=\"5668f442-dc9b-4823-824a-5fb2420ad354\" width=\"300\" height=\"169\" srcset=\"https:\/\/blogs.multimeios.ufc.br\/crid\/files\/2016\/08\/5668f442-dc9b-4823-824a-5fb2420ad354-300x169.jpg 300w, https:\/\/blogs.multimeios.ufc.br\/crid\/files\/2016\/08\/5668f442-dc9b-4823-824a-5fb2420ad354-768x432.jpg 768w, https:\/\/blogs.multimeios.ufc.br\/crid\/files\/2016\/08\/5668f442-dc9b-4823-824a-5fb2420ad354-1024x576.jpg 1024w, https:\/\/blogs.multimeios.ufc.br\/crid\/files\/2016\/08\/5668f442-dc9b-4823-824a-5fb2420ad354.jpg 1600w\" sizes=\"(max-width: 300px) 100vw, 300px\" \/><\/a><\/p>\n<p class=\"western\" style=\"text-align: justify\"><span style=\"font-family: Calibri,serif\"><span style=\"color: #000000\"><span style=\"font-size: large\">Fundado em 31 de setembro de 1999, possui uma \u00e1rea de 1.388 hectares, conta, atualmente, com 45 fam\u00edlias. O acesso se faz pela BR 116 at\u00e9 o tri\u00e2ngulo de Chorozinho, continuando pela CE 359 (tamb\u00e9m conhecida como estrada do Algod\u00e3o aproximadamente o km 18 na Comunidade Serragem entra a esquerda. Os assentados trabalham com a colheita do caju, de cajueiro an\u00e3o precoce, sendo que uma parte da produ\u00e7\u00e3o dos frutos \u00e9 vendida para empresas de suco da regi\u00e3o e a outra usada para produ\u00e7\u00e3o de ra\u00e7\u00e3o animal. A produ\u00e7\u00e3o de castanha tem uma parte vendida para comerciantes da regi\u00e3o e a outra \u00e9 processada na minif\u00e1brica de castanha de caju existente no assentamento e exportada para outros pa\u00edses. A agricultura \u00e9 de subsist\u00eancia e as culturas trabalhadas s\u00e3o: feij\u00e3o, milho e mandioca. H\u00e1 cria\u00e7\u00e3o de bovinos de corte e leiteiro, caprinos, ovinos, su\u00ednos, aves. <\/span><\/span><\/span><\/p>\n","protected":false},"excerpt":{"rendered":"<p>\u00a0 Fundado em 31 de setembro de 1999, possui uma \u00e1rea de 1.388 hectares, conta, atualmente, com 45 fam\u00edlias. O acesso se faz pela BR 116 at\u00e9 o tri\u00e2ngulo de Chorozinho, continuando pela CE 359 (tamb\u00e9m conhecida como estrada do &hellip; <a href=\"https:\/\/blogs.multimeios.ufc.br\/crid\/che-guevara\/\">Continue lendo <span class=\"meta-nav\">&rarr;<\/span><\/a><\/p>\n","protected":false},"author":10,"featured_media":0,"parent":0,"menu_order":0,"comment_status":"closed","ping_status":"open","template":"","meta":{"footnotes":""},"class_list":["post-249","page","type-page","status-publish","hentry"],"yoast_head":"<!-- This site is optimized with the Yoast SEO plugin v27.4 - https:\/\/yoast.com\/product\/yoast-seo-wordpress\/ -->\n<title>S\u00e3o Jos\u00e9 II - Che Guevara - CRID: Uma proposta de Comunidades Digitais Rurais<\/title>\n<meta name=\"robots\" content=\"index, follow, max-snippet:-1, max-image-preview:large, max-video-preview:-1\" \/>\n<link rel=\"canonical\" href=\"https:\/\/blogs.multimeios.ufc.br\/crid\/che-guevara\/\" \/>\n<meta property=\"og:locale\" content=\"pt_BR\" \/>\n<meta property=\"og:type\" content=\"article\" \/>\n<meta property=\"og:title\" content=\"S\u00e3o Jos\u00e9 II - Che Guevara - CRID: Uma proposta de Comunidades Digitais Rurais\" \/>\n<meta property=\"og:description\" content=\"\u00a0 Fundado em 31 de setembro de 1999, possui uma \u00e1rea de 1.388 hectares, conta, atualmente, com 45 fam\u00edlias. O acesso se faz pela BR 116 at\u00e9 o tri\u00e2ngulo de Chorozinho, continuando pela CE 359 (tamb\u00e9m conhecida como estrada do &hellip; Continue lendo &rarr;\" \/>\n<meta property=\"og:url\" content=\"https:\/\/blogs.multimeios.ufc.br\/crid\/che-guevara\/\" \/>\n<meta property=\"og:site_name\" content=\"CRID: Uma proposta de Comunidades Digitais Rurais\" \/>\n<meta property=\"article:modified_time\" content=\"2023-02-23T22:38:49+00:00\" \/>\n<meta property=\"og:image\" content=\"http:\/\/blogs.multimeios.ufc.br\/crid\/files\/2016\/08\/logocheguevara-300x188.jpg\" \/>\n<meta name=\"twitter:card\" content=\"summary_large_image\" \/>\n<meta name=\"twitter:label1\" content=\"Est. tempo de leitura\" \/>\n\t<meta name=\"twitter:data1\" content=\"1 minuto\" \/>\n<script type=\"application\/ld+json\" class=\"yoast-schema-graph\">{\"@context\":\"https:\\\/\\\/schema.org\",\"@graph\":[{\"@type\":\"WebPage\",\"@id\":\"https:\\\/\\\/blogs.multimeios.ufc.br\\\/crid\\\/che-guevara\\\/\",\"url\":\"https:\\\/\\\/blogs.multimeios.ufc.br\\\/crid\\\/che-guevara\\\/\",\"name\":\"S\u00e3o Jos\u00e9 II - Che Guevara - CRID: Uma proposta de Comunidades Digitais Rurais\",\"isPartOf\":{\"@id\":\"https:\\\/\\\/blogs.multimeios.ufc.br\\\/crid\\\/#website\"},\"primaryImageOfPage\":{\"@id\":\"https:\\\/\\\/blogs.multimeios.ufc.br\\\/crid\\\/che-guevara\\\/#primaryimage\"},\"image\":{\"@id\":\"https:\\\/\\\/blogs.multimeios.ufc.br\\\/crid\\\/che-guevara\\\/#primaryimage\"},\"thumbnailUrl\":\"http:\\\/\\\/blogs.multimeios.ufc.br\\\/crid\\\/files\\\/2016\\\/08\\\/logocheguevara-300x188.jpg\",\"datePublished\":\"2016-08-23T13:01:30+00:00\",\"dateModified\":\"2023-02-23T22:38:49+00:00\",\"breadcrumb\":{\"@id\":\"https:\\\/\\\/blogs.multimeios.ufc.br\\\/crid\\\/che-guevara\\\/#breadcrumb\"},\"inLanguage\":\"pt-BR\",\"potentialAction\":[{\"@type\":\"ReadAction\",\"target\":[\"https:\\\/\\\/blogs.multimeios.ufc.br\\\/crid\\\/che-guevara\\\/\"]}]},{\"@type\":\"ImageObject\",\"inLanguage\":\"pt-BR\",\"@id\":\"https:\\\/\\\/blogs.multimeios.ufc.br\\\/crid\\\/che-guevara\\\/#primaryimage\",\"url\":\"https:\\\/\\\/blogs.multimeios.ufc.br\\\/crid\\\/files\\\/2016\\\/08\\\/logocheguevara.jpg\",\"contentUrl\":\"https:\\\/\\\/blogs.multimeios.ufc.br\\\/crid\\\/files\\\/2016\\\/08\\\/logocheguevara.jpg\",\"width\":480,\"height\":300},{\"@type\":\"BreadcrumbList\",\"@id\":\"https:\\\/\\\/blogs.multimeios.ufc.br\\\/crid\\\/che-guevara\\\/#breadcrumb\",\"itemListElement\":[{\"@type\":\"ListItem\",\"position\":1,\"name\":\"In\u00edcio\",\"item\":\"https:\\\/\\\/blogs.multimeios.ufc.br\\\/crid\\\/\"},{\"@type\":\"ListItem\",\"position\":2,\"name\":\"S\u00e3o Jos\u00e9 II &#8211; Che Guevara\"}]},{\"@type\":\"WebSite\",\"@id\":\"https:\\\/\\\/blogs.multimeios.ufc.br\\\/crid\\\/#website\",\"url\":\"https:\\\/\\\/blogs.multimeios.ufc.br\\\/crid\\\/\",\"name\":\"CRID: Uma proposta de Comunidades Digitais Rurais\",\"description\":\"\",\"potentialAction\":[{\"@type\":\"SearchAction\",\"target\":{\"@type\":\"EntryPoint\",\"urlTemplate\":\"https:\\\/\\\/blogs.multimeios.ufc.br\\\/crid\\\/?s={search_term_string}\"},\"query-input\":{\"@type\":\"PropertyValueSpecification\",\"valueRequired\":true,\"valueName\":\"search_term_string\"}}],\"inLanguage\":\"pt-BR\"}]}<\/script>\n<!-- \/ Yoast SEO plugin. -->","yoast_head_json":{"title":"S\u00e3o Jos\u00e9 II - Che Guevara - CRID: Uma proposta de Comunidades Digitais Rurais","robots":{"index":"index","follow":"follow","max-snippet":"max-snippet:-1","max-image-preview":"max-image-preview:large","max-video-preview":"max-video-preview:-1"},"canonical":"https:\/\/blogs.multimeios.ufc.br\/crid\/che-guevara\/","og_locale":"pt_BR","og_type":"article","og_title":"S\u00e3o Jos\u00e9 II - Che Guevara - CRID: Uma proposta de Comunidades Digitais Rurais","og_description":"\u00a0 Fundado em 31 de setembro de 1999, possui uma \u00e1rea de 1.388 hectares, conta, atualmente, com 45 fam\u00edlias. O acesso se faz pela BR 116 at\u00e9 o tri\u00e2ngulo de Chorozinho, continuando pela CE 359 (tamb\u00e9m conhecida como estrada do &hellip; Continue lendo &rarr;","og_url":"https:\/\/blogs.multimeios.ufc.br\/crid\/che-guevara\/","og_site_name":"CRID: Uma proposta de Comunidades Digitais Rurais","article_modified_time":"2023-02-23T22:38:49+00:00","og_image":[{"url":"http:\/\/blogs.multimeios.ufc.br\/crid\/files\/2016\/08\/logocheguevara-300x188.jpg","type":"","width":"","height":""}],"twitter_card":"summary_large_image","twitter_misc":{"Est. tempo de leitura":"1 minuto"},"schema":{"@context":"https:\/\/schema.org","@graph":[{"@type":"WebPage","@id":"https:\/\/blogs.multimeios.ufc.br\/crid\/che-guevara\/","url":"https:\/\/blogs.multimeios.ufc.br\/crid\/che-guevara\/","name":"S\u00e3o Jos\u00e9 II - Che Guevara - CRID: Uma proposta de Comunidades Digitais Rurais","isPartOf":{"@id":"https:\/\/blogs.multimeios.ufc.br\/crid\/#website"},"primaryImageOfPage":{"@id":"https:\/\/blogs.multimeios.ufc.br\/crid\/che-guevara\/#primaryimage"},"image":{"@id":"https:\/\/blogs.multimeios.ufc.br\/crid\/che-guevara\/#primaryimage"},"thumbnailUrl":"http:\/\/blogs.multimeios.ufc.br\/crid\/files\/2016\/08\/logocheguevara-300x188.jpg","datePublished":"2016-08-23T13:01:30+00:00","dateModified":"2023-02-23T22:38:49+00:00","breadcrumb":{"@id":"https:\/\/blogs.multimeios.ufc.br\/crid\/che-guevara\/#breadcrumb"},"inLanguage":"pt-BR","potentialAction":[{"@type":"ReadAction","target":["https:\/\/blogs.multimeios.ufc.br\/crid\/che-guevara\/"]}]},{"@type":"ImageObject","inLanguage":"pt-BR","@id":"https:\/\/blogs.multimeios.ufc.br\/crid\/che-guevara\/#primaryimage","url":"https:\/\/blogs.multimeios.ufc.br\/crid\/files\/2016\/08\/logocheguevara.jpg","contentUrl":"https:\/\/blogs.multimeios.ufc.br\/crid\/files\/2016\/08\/logocheguevara.jpg","width":480,"height":300},{"@type":"BreadcrumbList","@id":"https:\/\/blogs.multimeios.ufc.br\/crid\/che-guevara\/#breadcrumb","itemListElement":[{"@type":"ListItem","position":1,"name":"In\u00edcio","item":"https:\/\/blogs.multimeios.ufc.br\/crid\/"},{"@type":"ListItem","position":2,"name":"S\u00e3o Jos\u00e9 II &#8211; Che Guevara"}]},{"@type":"WebSite","@id":"https:\/\/blogs.multimeios.ufc.br\/crid\/#website","url":"https:\/\/blogs.multimeios.ufc.br\/crid\/","name":"CRID: Uma proposta de Comunidades Digitais Rurais","description":"","potentialAction":[{"@type":"SearchAction","target":{"@type":"EntryPoint","urlTemplate":"https:\/\/blogs.multimeios.ufc.br\/crid\/?s={search_term_string}"},"query-input":{"@type":"PropertyValueSpecification","valueRequired":true,"valueName":"search_term_string"}}],"inLanguage":"pt-BR"}]}},"_links":{"self":[{"href":"https:\/\/blogs.multimeios.ufc.br\/crid\/wp-json\/wp\/v2\/pages\/249","targetHints":{"allow":["GET"]}}],"collection":[{"href":"https:\/\/blogs.multimeios.ufc.br\/crid\/wp-json\/wp\/v2\/pages"}],"about":[{"href":"https:\/\/blogs.multimeios.ufc.br\/crid\/wp-json\/wp\/v2\/types\/page"}],"author":[{"embeddable":true,"href":"https:\/\/blogs.multimeios.ufc.br\/crid\/wp-json\/wp\/v2\/users\/10"}],"replies":[{"embeddable":true,"href":"https:\/\/blogs.multimeios.ufc.br\/crid\/wp-json\/wp\/v2\/comments?post=249"}],"version-history":[{"count":7,"href":"https:\/\/blogs.multimeios.ufc.br\/crid\/wp-json\/wp\/v2\/pages\/249\/revisions"}],"predecessor-version":[{"id":624,"href":"https:\/\/blogs.multimeios.ufc.br\/crid\/wp-json\/wp\/v2\/pages\/249\/revisions\/624"}],"wp:attachment":[{"href":"https:\/\/blogs.multimeios.ufc.br\/crid\/wp-json\/wp\/v2\/media?parent=249"}],"curies":[{"name":"wp","href":"https:\/\/api.w.org\/{rel}","templated":true}]}}