{"id":256,"date":"2016-08-23T13:03:07","date_gmt":"2016-08-23T13:03:07","guid":{"rendered":"http:\/\/blogs.multimeios.ufc.br\/crid\/?page_id=256"},"modified":"2023-02-23T22:39:16","modified_gmt":"2023-02-23T22:39:16","slug":"terra-nova","status":"publish","type":"page","link":"https:\/\/blogs.multimeios.ufc.br\/crid\/terra-nova\/","title":{"rendered":"Terra Nova"},"content":{"rendered":"<p class=\"western\" style=\"text-align: justify\"><span style=\"font-family: Calibri,serif\"><span style=\"color: #000000\"><span style=\"font-size: large\">O Assentamento Terra Nova localiza-se a 45km da sede do munic\u00edpio de Morada Nova. A terra foi desapropriada em 1995 e a comunidade est\u00e1 organizada espacialmente em duas agrovilas. A agrovila Terra Nova, com 87 fam\u00edlias, sendo 82 jovens, 83 crian\u00e7as, e 115 adultos; e a Agrovila Planalto, com 43 fam\u00edlias, sendo 61 crian\u00e7as, 44 jovens e 59 adultos. S\u00e3o 130 fam\u00edlias, com uma popula\u00e7\u00e3o de 444 pessoas. A infraestrutura social e educacional do assentamento conta com a Casa Sede, um Centro Comunit\u00e1rio, e a Escola de Educa\u00e7\u00e3o B\u00e1sica Jos\u00e9 Joaquim dos Santos. As crian\u00e7as estudam no assentamento at\u00e9 o 5\u00b0 ano. Para cursar o Fundamental II e concluir o Ensino M\u00e9dio, todos precisam se deslocar para a comunidade vizinha de Lagoa Funda. Na casa sede funciona o Programa Mais Educa\u00e7\u00e3o e s\u00e3o realizados reuni\u00f5es e encontros da comunidade. O Centro Comunit\u00e1rio hoje funciona como sede da Igreja Cat\u00f3lica. As fam\u00edlias vivem da pecu\u00e1ria, agricultura e apicultura, sistemas produtivos que est\u00e3o desestruturados em decorr\u00eancia das secas dos \u00faltimos 05 anos. A comunidade possui servi\u00e7o de abastecimento de \u00e1gua e sua infraestrutura h\u00eddrica \u00e9 composta de um a\u00e7ude de m\u00e9dio porte, que atualmente se encontra seco, uma adutora e um po\u00e7o profundo. O assentamento \u00e9 representado pela Associa\u00e7\u00e3o dos Assentados da Fazenda Terra Nova.<br \/>\n<\/span><\/span><\/span><\/p>\n","protected":false},"excerpt":{"rendered":"<p>O Assentamento Terra Nova localiza-se a 45km da sede do munic\u00edpio de Morada Nova. A terra foi desapropriada em 1995 e a comunidade est\u00e1 organizada espacialmente em duas agrovilas. A agrovila Terra Nova, com 87 fam\u00edlias, sendo 82 jovens, 83 &hellip; <a href=\"https:\/\/blogs.multimeios.ufc.br\/crid\/terra-nova\/\">Continue lendo <span class=\"meta-nav\">&rarr;<\/span><\/a><\/p>\n","protected":false},"author":10,"featured_media":0,"parent":0,"menu_order":0,"comment_status":"closed","ping_status":"open","template":"","meta":{"footnotes":""},"class_list":["post-256","page","type-page","status-publish","hentry"],"yoast_head":"<!-- This site is optimized with the Yoast SEO plugin v27.3 - https:\/\/yoast.com\/product\/yoast-seo-wordpress\/ -->\n<title>Terra Nova - CRID: Uma proposta de Comunidades Digitais Rurais<\/title>\n<meta name=\"robots\" content=\"index, follow, max-snippet:-1, max-image-preview:large, max-video-preview:-1\" \/>\n<link rel=\"canonical\" href=\"https:\/\/blogs.multimeios.ufc.br\/crid\/terra-nova\/\" \/>\n<meta property=\"og:locale\" content=\"pt_BR\" \/>\n<meta property=\"og:type\" content=\"article\" \/>\n<meta property=\"og:title\" content=\"Terra Nova - CRID: Uma proposta de Comunidades Digitais Rurais\" \/>\n<meta property=\"og:description\" content=\"O Assentamento Terra Nova localiza-se a 45km da sede do munic\u00edpio de Morada Nova. A terra foi desapropriada em 1995 e a comunidade est\u00e1 organizada espacialmente em duas agrovilas. A agrovila Terra Nova, com 87 fam\u00edlias, sendo 82 jovens, 83 &hellip; Continue lendo &rarr;\" \/>\n<meta property=\"og:url\" content=\"https:\/\/blogs.multimeios.ufc.br\/crid\/terra-nova\/\" \/>\n<meta property=\"og:site_name\" content=\"CRID: Uma proposta de Comunidades Digitais Rurais\" \/>\n<meta property=\"article:modified_time\" content=\"2023-02-23T22:39:16+00:00\" \/>\n<meta name=\"twitter:card\" content=\"summary_large_image\" \/>\n<meta name=\"twitter:label1\" content=\"Est. tempo de leitura\" \/>\n\t<meta name=\"twitter:data1\" content=\"1 minuto\" \/>\n<script type=\"application\/ld+json\" class=\"yoast-schema-graph\">{\"@context\":\"https:\\\/\\\/schema.org\",\"@graph\":[{\"@type\":\"WebPage\",\"@id\":\"https:\\\/\\\/blogs.multimeios.ufc.br\\\/crid\\\/terra-nova\\\/\",\"url\":\"https:\\\/\\\/blogs.multimeios.ufc.br\\\/crid\\\/terra-nova\\\/\",\"name\":\"Terra Nova - CRID: Uma proposta de Comunidades Digitais Rurais\",\"isPartOf\":{\"@id\":\"https:\\\/\\\/blogs.multimeios.ufc.br\\\/crid\\\/#website\"},\"datePublished\":\"2016-08-23T13:03:07+00:00\",\"dateModified\":\"2023-02-23T22:39:16+00:00\",\"breadcrumb\":{\"@id\":\"https:\\\/\\\/blogs.multimeios.ufc.br\\\/crid\\\/terra-nova\\\/#breadcrumb\"},\"inLanguage\":\"pt-BR\",\"potentialAction\":[{\"@type\":\"ReadAction\",\"target\":[\"https:\\\/\\\/blogs.multimeios.ufc.br\\\/crid\\\/terra-nova\\\/\"]}]},{\"@type\":\"BreadcrumbList\",\"@id\":\"https:\\\/\\\/blogs.multimeios.ufc.br\\\/crid\\\/terra-nova\\\/#breadcrumb\",\"itemListElement\":[{\"@type\":\"ListItem\",\"position\":1,\"name\":\"In\u00edcio\",\"item\":\"https:\\\/\\\/blogs.multimeios.ufc.br\\\/crid\\\/\"},{\"@type\":\"ListItem\",\"position\":2,\"name\":\"Terra Nova\"}]},{\"@type\":\"WebSite\",\"@id\":\"https:\\\/\\\/blogs.multimeios.ufc.br\\\/crid\\\/#website\",\"url\":\"https:\\\/\\\/blogs.multimeios.ufc.br\\\/crid\\\/\",\"name\":\"CRID: Uma proposta de Comunidades Digitais Rurais\",\"description\":\"\",\"potentialAction\":[{\"@type\":\"SearchAction\",\"target\":{\"@type\":\"EntryPoint\",\"urlTemplate\":\"https:\\\/\\\/blogs.multimeios.ufc.br\\\/crid\\\/?s={search_term_string}\"},\"query-input\":{\"@type\":\"PropertyValueSpecification\",\"valueRequired\":true,\"valueName\":\"search_term_string\"}}],\"inLanguage\":\"pt-BR\"}]}<\/script>\n<!-- \/ Yoast SEO plugin. -->","yoast_head_json":{"title":"Terra Nova - CRID: Uma proposta de Comunidades Digitais Rurais","robots":{"index":"index","follow":"follow","max-snippet":"max-snippet:-1","max-image-preview":"max-image-preview:large","max-video-preview":"max-video-preview:-1"},"canonical":"https:\/\/blogs.multimeios.ufc.br\/crid\/terra-nova\/","og_locale":"pt_BR","og_type":"article","og_title":"Terra Nova - CRID: Uma proposta de Comunidades Digitais Rurais","og_description":"O Assentamento Terra Nova localiza-se a 45km da sede do munic\u00edpio de Morada Nova. A terra foi desapropriada em 1995 e a comunidade est\u00e1 organizada espacialmente em duas agrovilas. A agrovila Terra Nova, com 87 fam\u00edlias, sendo 82 jovens, 83 &hellip; Continue lendo &rarr;","og_url":"https:\/\/blogs.multimeios.ufc.br\/crid\/terra-nova\/","og_site_name":"CRID: Uma proposta de Comunidades Digitais Rurais","article_modified_time":"2023-02-23T22:39:16+00:00","twitter_card":"summary_large_image","twitter_misc":{"Est. tempo de leitura":"1 minuto"},"schema":{"@context":"https:\/\/schema.org","@graph":[{"@type":"WebPage","@id":"https:\/\/blogs.multimeios.ufc.br\/crid\/terra-nova\/","url":"https:\/\/blogs.multimeios.ufc.br\/crid\/terra-nova\/","name":"Terra Nova - CRID: Uma proposta de Comunidades Digitais Rurais","isPartOf":{"@id":"https:\/\/blogs.multimeios.ufc.br\/crid\/#website"},"datePublished":"2016-08-23T13:03:07+00:00","dateModified":"2023-02-23T22:39:16+00:00","breadcrumb":{"@id":"https:\/\/blogs.multimeios.ufc.br\/crid\/terra-nova\/#breadcrumb"},"inLanguage":"pt-BR","potentialAction":[{"@type":"ReadAction","target":["https:\/\/blogs.multimeios.ufc.br\/crid\/terra-nova\/"]}]},{"@type":"BreadcrumbList","@id":"https:\/\/blogs.multimeios.ufc.br\/crid\/terra-nova\/#breadcrumb","itemListElement":[{"@type":"ListItem","position":1,"name":"In\u00edcio","item":"https:\/\/blogs.multimeios.ufc.br\/crid\/"},{"@type":"ListItem","position":2,"name":"Terra Nova"}]},{"@type":"WebSite","@id":"https:\/\/blogs.multimeios.ufc.br\/crid\/#website","url":"https:\/\/blogs.multimeios.ufc.br\/crid\/","name":"CRID: Uma proposta de Comunidades Digitais Rurais","description":"","potentialAction":[{"@type":"SearchAction","target":{"@type":"EntryPoint","urlTemplate":"https:\/\/blogs.multimeios.ufc.br\/crid\/?s={search_term_string}"},"query-input":{"@type":"PropertyValueSpecification","valueRequired":true,"valueName":"search_term_string"}}],"inLanguage":"pt-BR"}]}},"_links":{"self":[{"href":"https:\/\/blogs.multimeios.ufc.br\/crid\/wp-json\/wp\/v2\/pages\/256","targetHints":{"allow":["GET"]}}],"collection":[{"href":"https:\/\/blogs.multimeios.ufc.br\/crid\/wp-json\/wp\/v2\/pages"}],"about":[{"href":"https:\/\/blogs.multimeios.ufc.br\/crid\/wp-json\/wp\/v2\/types\/page"}],"author":[{"embeddable":true,"href":"https:\/\/blogs.multimeios.ufc.br\/crid\/wp-json\/wp\/v2\/users\/10"}],"replies":[{"embeddable":true,"href":"https:\/\/blogs.multimeios.ufc.br\/crid\/wp-json\/wp\/v2\/comments?post=256"}],"version-history":[{"count":4,"href":"https:\/\/blogs.multimeios.ufc.br\/crid\/wp-json\/wp\/v2\/pages\/256\/revisions"}],"predecessor-version":[{"id":420,"href":"https:\/\/blogs.multimeios.ufc.br\/crid\/wp-json\/wp\/v2\/pages\/256\/revisions\/420"}],"wp:attachment":[{"href":"https:\/\/blogs.multimeios.ufc.br\/crid\/wp-json\/wp\/v2\/media?parent=256"}],"curies":[{"name":"wp","href":"https:\/\/api.w.org\/{rel}","templated":true}]}}