{"id":261,"date":"2016-08-23T13:03:55","date_gmt":"2016-08-23T13:03:55","guid":{"rendered":"http:\/\/blogs.multimeios.ufc.br\/crid\/?page_id=261"},"modified":"2023-02-23T22:38:35","modified_gmt":"2023-02-23T22:38:35","slug":"monte-orebe","status":"publish","type":"page","link":"https:\/\/blogs.multimeios.ufc.br\/crid\/monte-orebe\/","title":{"rendered":"Monte Orebe"},"content":{"rendered":"<p class=\"western\" style=\"text-align: justify\"><a href=\"http:\/\/blogs.multimeios.ufc.br\/crid\/files\/2016\/08\/DSC08594.jpg\"><img fetchpriority=\"high\" decoding=\"async\" class=\"alignnone size-medium wp-image-625\" src=\"http:\/\/blogs.multimeios.ufc.br\/crid\/files\/2016\/08\/DSC08594-300x169.jpg\" alt=\"dsc08594\" width=\"300\" height=\"169\" srcset=\"https:\/\/blogs.multimeios.ufc.br\/crid\/files\/2016\/08\/DSC08594-300x169.jpg 300w, https:\/\/blogs.multimeios.ufc.br\/crid\/files\/2016\/08\/DSC08594-768x432.jpg 768w, https:\/\/blogs.multimeios.ufc.br\/crid\/files\/2016\/08\/DSC08594-1024x576.jpg 1024w\" sizes=\"(max-width: 300px) 100vw, 300px\" \/><\/a> <a href=\"http:\/\/blogs.multimeios.ufc.br\/crid\/files\/2016\/08\/DSC08565.jpg\"><img decoding=\"async\" class=\"alignnone size-medium wp-image-627\" src=\"http:\/\/blogs.multimeios.ufc.br\/crid\/files\/2016\/08\/DSC08565-300x169.jpg\" alt=\"dsc08565\" width=\"300\" height=\"169\" srcset=\"https:\/\/blogs.multimeios.ufc.br\/crid\/files\/2016\/08\/DSC08565-300x169.jpg 300w, https:\/\/blogs.multimeios.ufc.br\/crid\/files\/2016\/08\/DSC08565-768x432.jpg 768w, https:\/\/blogs.multimeios.ufc.br\/crid\/files\/2016\/08\/DSC08565-1024x576.jpg 1024w\" sizes=\"(max-width: 300px) 100vw, 300px\" \/><\/a> <a href=\"http:\/\/blogs.multimeios.ufc.br\/crid\/files\/2016\/08\/DSC08643.jpg\"><img decoding=\"async\" class=\"size-medium wp-image-628 aligncenter\" src=\"http:\/\/blogs.multimeios.ufc.br\/crid\/files\/2016\/08\/DSC08643-300x169.jpg\" alt=\"dsc08643\" width=\"300\" height=\"169\" srcset=\"https:\/\/blogs.multimeios.ufc.br\/crid\/files\/2016\/08\/DSC08643-300x169.jpg 300w, https:\/\/blogs.multimeios.ufc.br\/crid\/files\/2016\/08\/DSC08643-768x432.jpg 768w, https:\/\/blogs.multimeios.ufc.br\/crid\/files\/2016\/08\/DSC08643-1024x576.jpg 1024w\" sizes=\"(max-width: 300px) 100vw, 300px\" \/><\/a><\/p>\n<p class=\"western\" style=\"text-align: justify\"><span style=\"font-family: Calibri,serif\"><span style=\"color: #000000\"><span style=\"font-size: large\">O assentamento tem 13 anos, fundado em 02\/04\/2003. As atividades econ\u00f4micas s\u00e3o: agricultura, com os quintais produtivos; pecu\u00e1ria, com cria\u00e7\u00e3o de animais; e artesanato. O assentamento sofre com a seca e atualmente est\u00e1 tendo dificuldades para manter a agricultura e a pecu\u00e1ria. Participa da feira da agricultura familiar, expondo aquilo que produz especialmente seu artesanato, como produtos confeccionados com a palha da carna\u00faba, produ\u00e7\u00e3o de bonecos de pano e croch\u00ea. A comunidade agrega 37 fam\u00edlias assentadas e 5 fam\u00edlias agregadas (fam\u00edlias que j\u00e1 habitavam a terra, antes do assentamento ser fundado), totalizando 42 fam\u00edlias no assentamento de Monte Orebe, com aproximadamente 160 pessoas. No assentamento n\u00e3o existe escola, sendo essa localizada na cidade de Canind\u00e9. Para chegar \u00e0 escola as crian\u00e7as precisam utilizar o transporte escolar, que atualmente n\u00e3o est\u00e1 sendo fornecido pela prefeitura de Canind\u00e9. O assentamento \u00e9 bem mobilizado, possuindo grupo de teatro, de mulheres e de jovens, cada um contando com participa\u00e7\u00e3o de 9 integrantes. O grupo de teatro j\u00e1 participou de v\u00e1rias competi\u00e7\u00f5es sendo premiado.<\/span><\/span><\/span><\/p>\n","protected":false},"excerpt":{"rendered":"<p>O assentamento tem 13 anos, fundado em 02\/04\/2003. As atividades econ\u00f4micas s\u00e3o: agricultura, com os quintais produtivos; pecu\u00e1ria, com cria\u00e7\u00e3o de animais; e artesanato. O assentamento sofre com a seca e atualmente est\u00e1 tendo dificuldades para manter a agricultura e &hellip; <a href=\"https:\/\/blogs.multimeios.ufc.br\/crid\/monte-orebe\/\">Continue lendo <span class=\"meta-nav\">&rarr;<\/span><\/a><\/p>\n","protected":false},"author":10,"featured_media":0,"parent":0,"menu_order":0,"comment_status":"closed","ping_status":"open","template":"","meta":{"footnotes":""},"class_list":["post-261","page","type-page","status-publish","hentry"],"yoast_head":"<!-- This site is optimized with the Yoast SEO plugin v27.4 - https:\/\/yoast.com\/product\/yoast-seo-wordpress\/ -->\n<title>Monte Orebe - CRID: Uma proposta de Comunidades Digitais Rurais<\/title>\n<meta name=\"robots\" content=\"index, follow, max-snippet:-1, max-image-preview:large, max-video-preview:-1\" \/>\n<link rel=\"canonical\" href=\"https:\/\/blogs.multimeios.ufc.br\/crid\/monte-orebe\/\" \/>\n<meta property=\"og:locale\" content=\"pt_BR\" \/>\n<meta property=\"og:type\" content=\"article\" \/>\n<meta property=\"og:title\" content=\"Monte Orebe - CRID: Uma proposta de Comunidades Digitais Rurais\" \/>\n<meta property=\"og:description\" content=\"O assentamento tem 13 anos, fundado em 02\/04\/2003. As atividades econ\u00f4micas s\u00e3o: agricultura, com os quintais produtivos; pecu\u00e1ria, com cria\u00e7\u00e3o de animais; e artesanato. O assentamento sofre com a seca e atualmente est\u00e1 tendo dificuldades para manter a agricultura e &hellip; Continue lendo &rarr;\" \/>\n<meta property=\"og:url\" content=\"https:\/\/blogs.multimeios.ufc.br\/crid\/monte-orebe\/\" \/>\n<meta property=\"og:site_name\" content=\"CRID: Uma proposta de Comunidades Digitais Rurais\" \/>\n<meta property=\"article:modified_time\" content=\"2023-02-23T22:38:35+00:00\" \/>\n<meta property=\"og:image\" content=\"http:\/\/blogs.multimeios.ufc.br\/crid\/files\/2016\/08\/DSC08594-300x169.jpg\" \/>\n<meta name=\"twitter:card\" content=\"summary_large_image\" \/>\n<meta name=\"twitter:label1\" content=\"Est. tempo de leitura\" \/>\n\t<meta name=\"twitter:data1\" content=\"1 minuto\" \/>\n<script type=\"application\/ld+json\" class=\"yoast-schema-graph\">{\"@context\":\"https:\\\/\\\/schema.org\",\"@graph\":[{\"@type\":\"WebPage\",\"@id\":\"https:\\\/\\\/blogs.multimeios.ufc.br\\\/crid\\\/monte-orebe\\\/\",\"url\":\"https:\\\/\\\/blogs.multimeios.ufc.br\\\/crid\\\/monte-orebe\\\/\",\"name\":\"Monte Orebe - CRID: Uma proposta de Comunidades Digitais Rurais\",\"isPartOf\":{\"@id\":\"https:\\\/\\\/blogs.multimeios.ufc.br\\\/crid\\\/#website\"},\"primaryImageOfPage\":{\"@id\":\"https:\\\/\\\/blogs.multimeios.ufc.br\\\/crid\\\/monte-orebe\\\/#primaryimage\"},\"image\":{\"@id\":\"https:\\\/\\\/blogs.multimeios.ufc.br\\\/crid\\\/monte-orebe\\\/#primaryimage\"},\"thumbnailUrl\":\"http:\\\/\\\/blogs.multimeios.ufc.br\\\/crid\\\/files\\\/2016\\\/08\\\/DSC08594-300x169.jpg\",\"datePublished\":\"2016-08-23T13:03:55+00:00\",\"dateModified\":\"2023-02-23T22:38:35+00:00\",\"breadcrumb\":{\"@id\":\"https:\\\/\\\/blogs.multimeios.ufc.br\\\/crid\\\/monte-orebe\\\/#breadcrumb\"},\"inLanguage\":\"pt-BR\",\"potentialAction\":[{\"@type\":\"ReadAction\",\"target\":[\"https:\\\/\\\/blogs.multimeios.ufc.br\\\/crid\\\/monte-orebe\\\/\"]}]},{\"@type\":\"ImageObject\",\"inLanguage\":\"pt-BR\",\"@id\":\"https:\\\/\\\/blogs.multimeios.ufc.br\\\/crid\\\/monte-orebe\\\/#primaryimage\",\"url\":\"https:\\\/\\\/blogs.multimeios.ufc.br\\\/crid\\\/files\\\/2016\\\/08\\\/DSC08594.jpg\",\"contentUrl\":\"https:\\\/\\\/blogs.multimeios.ufc.br\\\/crid\\\/files\\\/2016\\\/08\\\/DSC08594.jpg\",\"width\":3072,\"height\":1728},{\"@type\":\"BreadcrumbList\",\"@id\":\"https:\\\/\\\/blogs.multimeios.ufc.br\\\/crid\\\/monte-orebe\\\/#breadcrumb\",\"itemListElement\":[{\"@type\":\"ListItem\",\"position\":1,\"name\":\"In\u00edcio\",\"item\":\"https:\\\/\\\/blogs.multimeios.ufc.br\\\/crid\\\/\"},{\"@type\":\"ListItem\",\"position\":2,\"name\":\"Monte Orebe\"}]},{\"@type\":\"WebSite\",\"@id\":\"https:\\\/\\\/blogs.multimeios.ufc.br\\\/crid\\\/#website\",\"url\":\"https:\\\/\\\/blogs.multimeios.ufc.br\\\/crid\\\/\",\"name\":\"CRID: Uma proposta de Comunidades Digitais Rurais\",\"description\":\"\",\"potentialAction\":[{\"@type\":\"SearchAction\",\"target\":{\"@type\":\"EntryPoint\",\"urlTemplate\":\"https:\\\/\\\/blogs.multimeios.ufc.br\\\/crid\\\/?s={search_term_string}\"},\"query-input\":{\"@type\":\"PropertyValueSpecification\",\"valueRequired\":true,\"valueName\":\"search_term_string\"}}],\"inLanguage\":\"pt-BR\"}]}<\/script>\n<!-- \/ Yoast SEO plugin. -->","yoast_head_json":{"title":"Monte Orebe - CRID: Uma proposta de Comunidades Digitais Rurais","robots":{"index":"index","follow":"follow","max-snippet":"max-snippet:-1","max-image-preview":"max-image-preview:large","max-video-preview":"max-video-preview:-1"},"canonical":"https:\/\/blogs.multimeios.ufc.br\/crid\/monte-orebe\/","og_locale":"pt_BR","og_type":"article","og_title":"Monte Orebe - CRID: Uma proposta de Comunidades Digitais Rurais","og_description":"O assentamento tem 13 anos, fundado em 02\/04\/2003. As atividades econ\u00f4micas s\u00e3o: agricultura, com os quintais produtivos; pecu\u00e1ria, com cria\u00e7\u00e3o de animais; e artesanato. O assentamento sofre com a seca e atualmente est\u00e1 tendo dificuldades para manter a agricultura e &hellip; Continue lendo &rarr;","og_url":"https:\/\/blogs.multimeios.ufc.br\/crid\/monte-orebe\/","og_site_name":"CRID: Uma proposta de Comunidades Digitais Rurais","article_modified_time":"2023-02-23T22:38:35+00:00","og_image":[{"url":"http:\/\/blogs.multimeios.ufc.br\/crid\/files\/2016\/08\/DSC08594-300x169.jpg","type":"","width":"","height":""}],"twitter_card":"summary_large_image","twitter_misc":{"Est. tempo de leitura":"1 minuto"},"schema":{"@context":"https:\/\/schema.org","@graph":[{"@type":"WebPage","@id":"https:\/\/blogs.multimeios.ufc.br\/crid\/monte-orebe\/","url":"https:\/\/blogs.multimeios.ufc.br\/crid\/monte-orebe\/","name":"Monte Orebe - CRID: Uma proposta de Comunidades Digitais Rurais","isPartOf":{"@id":"https:\/\/blogs.multimeios.ufc.br\/crid\/#website"},"primaryImageOfPage":{"@id":"https:\/\/blogs.multimeios.ufc.br\/crid\/monte-orebe\/#primaryimage"},"image":{"@id":"https:\/\/blogs.multimeios.ufc.br\/crid\/monte-orebe\/#primaryimage"},"thumbnailUrl":"http:\/\/blogs.multimeios.ufc.br\/crid\/files\/2016\/08\/DSC08594-300x169.jpg","datePublished":"2016-08-23T13:03:55+00:00","dateModified":"2023-02-23T22:38:35+00:00","breadcrumb":{"@id":"https:\/\/blogs.multimeios.ufc.br\/crid\/monte-orebe\/#breadcrumb"},"inLanguage":"pt-BR","potentialAction":[{"@type":"ReadAction","target":["https:\/\/blogs.multimeios.ufc.br\/crid\/monte-orebe\/"]}]},{"@type":"ImageObject","inLanguage":"pt-BR","@id":"https:\/\/blogs.multimeios.ufc.br\/crid\/monte-orebe\/#primaryimage","url":"https:\/\/blogs.multimeios.ufc.br\/crid\/files\/2016\/08\/DSC08594.jpg","contentUrl":"https:\/\/blogs.multimeios.ufc.br\/crid\/files\/2016\/08\/DSC08594.jpg","width":3072,"height":1728},{"@type":"BreadcrumbList","@id":"https:\/\/blogs.multimeios.ufc.br\/crid\/monte-orebe\/#breadcrumb","itemListElement":[{"@type":"ListItem","position":1,"name":"In\u00edcio","item":"https:\/\/blogs.multimeios.ufc.br\/crid\/"},{"@type":"ListItem","position":2,"name":"Monte Orebe"}]},{"@type":"WebSite","@id":"https:\/\/blogs.multimeios.ufc.br\/crid\/#website","url":"https:\/\/blogs.multimeios.ufc.br\/crid\/","name":"CRID: Uma proposta de Comunidades Digitais Rurais","description":"","potentialAction":[{"@type":"SearchAction","target":{"@type":"EntryPoint","urlTemplate":"https:\/\/blogs.multimeios.ufc.br\/crid\/?s={search_term_string}"},"query-input":{"@type":"PropertyValueSpecification","valueRequired":true,"valueName":"search_term_string"}}],"inLanguage":"pt-BR"}]}},"_links":{"self":[{"href":"https:\/\/blogs.multimeios.ufc.br\/crid\/wp-json\/wp\/v2\/pages\/261","targetHints":{"allow":["GET"]}}],"collection":[{"href":"https:\/\/blogs.multimeios.ufc.br\/crid\/wp-json\/wp\/v2\/pages"}],"about":[{"href":"https:\/\/blogs.multimeios.ufc.br\/crid\/wp-json\/wp\/v2\/types\/page"}],"author":[{"embeddable":true,"href":"https:\/\/blogs.multimeios.ufc.br\/crid\/wp-json\/wp\/v2\/users\/10"}],"replies":[{"embeddable":true,"href":"https:\/\/blogs.multimeios.ufc.br\/crid\/wp-json\/wp\/v2\/comments?post=261"}],"version-history":[{"count":5,"href":"https:\/\/blogs.multimeios.ufc.br\/crid\/wp-json\/wp\/v2\/pages\/261\/revisions"}],"predecessor-version":[{"id":631,"href":"https:\/\/blogs.multimeios.ufc.br\/crid\/wp-json\/wp\/v2\/pages\/261\/revisions\/631"}],"wp:attachment":[{"href":"https:\/\/blogs.multimeios.ufc.br\/crid\/wp-json\/wp\/v2\/media?parent=261"}],"curies":[{"name":"wp","href":"https:\/\/api.w.org\/{rel}","templated":true}]}}