{"id":264,"date":"2016-08-23T13:04:38","date_gmt":"2016-08-23T13:04:38","guid":{"rendered":"http:\/\/blogs.multimeios.ufc.br\/crid\/?page_id=264"},"modified":"2023-02-23T22:39:24","modified_gmt":"2023-02-23T22:39:24","slug":"umari-casa-forte","status":"publish","type":"page","link":"https:\/\/blogs.multimeios.ufc.br\/crid\/umari-casa-forte\/","title":{"rendered":"Umari Casa Forte"},"content":{"rendered":"<p class=\"western\" style=\"text-align: justify\"><span style=\"font-family: Calibri,serif\"><span style=\"color: #000000\"><span style=\"font-size: large\">O assentamento tem 24 anos. Durante os primeiros anos de ocupa\u00e7\u00e3o, os moradores nos relatam que foi um per\u00edodo de grande disputa. A atividade econ\u00f4mica \u00e9 centralizada na cooperativa e baseia- se em planta\u00e7\u00f5es de feij\u00e3o, milho, verduras e a cultura do caju. A agricultura \u00e9 tanto para com\u00e9rcio, como para subsist\u00eancia. A comunidade agrega cerca de 110 fam\u00edlias, totalizando uma m\u00e9dia de 350 pessoas. Como a escola local s\u00f3 funciona com a modalidade EJA, as crian\u00e7as e os jovens que ainda estudam, frequentam as escolas das comunidades vizinhas: Surubim e Lagoa Que<\/span><\/span><\/span><span style=\"font-family: Calibri,serif\"><span style=\"color: #000000\"><span style=\"font-size: large\">imada. Para isso, eles contam com um transporte para as crian\u00e7as. <\/span><\/span><\/span><\/p>\n<p class=\"western\" style=\"text-align: justify\"><a href=\"http:\/\/blogs.multimeios.ufc.br\/crid\/files\/2016\/08\/DSC09238.jpg\"><img fetchpriority=\"high\" decoding=\"async\" class=\"wp-image-614 alignright\" src=\"http:\/\/blogs.multimeios.ufc.br\/crid\/files\/2016\/08\/DSC09238-300x169.jpg\" alt=\"dsc09238\" width=\"338\" height=\"191\" srcset=\"https:\/\/blogs.multimeios.ufc.br\/crid\/files\/2016\/08\/DSC09238-300x169.jpg 300w, https:\/\/blogs.multimeios.ufc.br\/crid\/files\/2016\/08\/DSC09238-768x432.jpg 768w, https:\/\/blogs.multimeios.ufc.br\/crid\/files\/2016\/08\/DSC09238-1024x576.jpg 1024w\" sizes=\"(max-width: 338px) 100vw, 338px\" \/><\/a><img decoding=\"async\" class=\"alignleft\" src=\"http:\/\/blogs.multimeios.ufc.br\/crid\/files\/2016\/08\/DSC08716-150x150.jpg\" alt=\"\" width=\"209\" height=\"209\" \/><\/p>\n","protected":false},"excerpt":{"rendered":"<p>O assentamento tem 24 anos. Durante os primeiros anos de ocupa\u00e7\u00e3o, os moradores nos relatam que foi um per\u00edodo de grande disputa. A atividade econ\u00f4mica \u00e9 centralizada na cooperativa e baseia- se em planta\u00e7\u00f5es de feij\u00e3o, milho, verduras e a &hellip; <a href=\"https:\/\/blogs.multimeios.ufc.br\/crid\/umari-casa-forte\/\">Continue lendo <span class=\"meta-nav\">&rarr;<\/span><\/a><\/p>\n","protected":false},"author":10,"featured_media":0,"parent":0,"menu_order":0,"comment_status":"closed","ping_status":"open","template":"","meta":{"footnotes":""},"class_list":["post-264","page","type-page","status-publish","hentry"],"yoast_head":"<!-- This site is optimized with the Yoast SEO plugin v27.3 - https:\/\/yoast.com\/product\/yoast-seo-wordpress\/ -->\n<title>Umari Casa Forte - CRID: Uma proposta de Comunidades Digitais Rurais<\/title>\n<meta name=\"robots\" content=\"index, follow, max-snippet:-1, max-image-preview:large, max-video-preview:-1\" \/>\n<link rel=\"canonical\" href=\"https:\/\/blogs.multimeios.ufc.br\/crid\/umari-casa-forte\/\" \/>\n<meta property=\"og:locale\" content=\"pt_BR\" \/>\n<meta property=\"og:type\" content=\"article\" \/>\n<meta property=\"og:title\" content=\"Umari Casa Forte - CRID: Uma proposta de Comunidades Digitais Rurais\" \/>\n<meta property=\"og:description\" content=\"O assentamento tem 24 anos. Durante os primeiros anos de ocupa\u00e7\u00e3o, os moradores nos relatam que foi um per\u00edodo de grande disputa. A atividade econ\u00f4mica \u00e9 centralizada na cooperativa e baseia- se em planta\u00e7\u00f5es de feij\u00e3o, milho, verduras e a &hellip; Continue lendo &rarr;\" \/>\n<meta property=\"og:url\" content=\"https:\/\/blogs.multimeios.ufc.br\/crid\/umari-casa-forte\/\" \/>\n<meta property=\"og:site_name\" content=\"CRID: Uma proposta de Comunidades Digitais Rurais\" \/>\n<meta property=\"article:modified_time\" content=\"2023-02-23T22:39:24+00:00\" \/>\n<meta property=\"og:image\" content=\"http:\/\/blogs.multimeios.ufc.br\/crid\/files\/2016\/08\/DSC09238-300x169.jpg\" \/>\n<meta name=\"twitter:card\" content=\"summary_large_image\" \/>\n<meta name=\"twitter:label1\" content=\"Est. tempo de leitura\" \/>\n\t<meta name=\"twitter:data1\" content=\"1 minuto\" \/>\n<script type=\"application\/ld+json\" class=\"yoast-schema-graph\">{\"@context\":\"https:\\\/\\\/schema.org\",\"@graph\":[{\"@type\":\"WebPage\",\"@id\":\"https:\\\/\\\/blogs.multimeios.ufc.br\\\/crid\\\/umari-casa-forte\\\/\",\"url\":\"https:\\\/\\\/blogs.multimeios.ufc.br\\\/crid\\\/umari-casa-forte\\\/\",\"name\":\"Umari Casa Forte - CRID: Uma proposta de Comunidades Digitais Rurais\",\"isPartOf\":{\"@id\":\"https:\\\/\\\/blogs.multimeios.ufc.br\\\/crid\\\/#website\"},\"primaryImageOfPage\":{\"@id\":\"https:\\\/\\\/blogs.multimeios.ufc.br\\\/crid\\\/umari-casa-forte\\\/#primaryimage\"},\"image\":{\"@id\":\"https:\\\/\\\/blogs.multimeios.ufc.br\\\/crid\\\/umari-casa-forte\\\/#primaryimage\"},\"thumbnailUrl\":\"http:\\\/\\\/blogs.multimeios.ufc.br\\\/crid\\\/files\\\/2016\\\/08\\\/DSC09238-300x169.jpg\",\"datePublished\":\"2016-08-23T13:04:38+00:00\",\"dateModified\":\"2023-02-23T22:39:24+00:00\",\"breadcrumb\":{\"@id\":\"https:\\\/\\\/blogs.multimeios.ufc.br\\\/crid\\\/umari-casa-forte\\\/#breadcrumb\"},\"inLanguage\":\"pt-BR\",\"potentialAction\":[{\"@type\":\"ReadAction\",\"target\":[\"https:\\\/\\\/blogs.multimeios.ufc.br\\\/crid\\\/umari-casa-forte\\\/\"]}]},{\"@type\":\"ImageObject\",\"inLanguage\":\"pt-BR\",\"@id\":\"https:\\\/\\\/blogs.multimeios.ufc.br\\\/crid\\\/umari-casa-forte\\\/#primaryimage\",\"url\":\"https:\\\/\\\/blogs.multimeios.ufc.br\\\/crid\\\/files\\\/2016\\\/08\\\/DSC09238.jpg\",\"contentUrl\":\"https:\\\/\\\/blogs.multimeios.ufc.br\\\/crid\\\/files\\\/2016\\\/08\\\/DSC09238.jpg\",\"width\":3072,\"height\":1728},{\"@type\":\"BreadcrumbList\",\"@id\":\"https:\\\/\\\/blogs.multimeios.ufc.br\\\/crid\\\/umari-casa-forte\\\/#breadcrumb\",\"itemListElement\":[{\"@type\":\"ListItem\",\"position\":1,\"name\":\"In\u00edcio\",\"item\":\"https:\\\/\\\/blogs.multimeios.ufc.br\\\/crid\\\/\"},{\"@type\":\"ListItem\",\"position\":2,\"name\":\"Umari Casa Forte\"}]},{\"@type\":\"WebSite\",\"@id\":\"https:\\\/\\\/blogs.multimeios.ufc.br\\\/crid\\\/#website\",\"url\":\"https:\\\/\\\/blogs.multimeios.ufc.br\\\/crid\\\/\",\"name\":\"CRID: Uma proposta de Comunidades Digitais Rurais\",\"description\":\"\",\"potentialAction\":[{\"@type\":\"SearchAction\",\"target\":{\"@type\":\"EntryPoint\",\"urlTemplate\":\"https:\\\/\\\/blogs.multimeios.ufc.br\\\/crid\\\/?s={search_term_string}\"},\"query-input\":{\"@type\":\"PropertyValueSpecification\",\"valueRequired\":true,\"valueName\":\"search_term_string\"}}],\"inLanguage\":\"pt-BR\"}]}<\/script>\n<!-- \/ Yoast SEO plugin. -->","yoast_head_json":{"title":"Umari Casa Forte - CRID: Uma proposta de Comunidades Digitais Rurais","robots":{"index":"index","follow":"follow","max-snippet":"max-snippet:-1","max-image-preview":"max-image-preview:large","max-video-preview":"max-video-preview:-1"},"canonical":"https:\/\/blogs.multimeios.ufc.br\/crid\/umari-casa-forte\/","og_locale":"pt_BR","og_type":"article","og_title":"Umari Casa Forte - CRID: Uma proposta de Comunidades Digitais Rurais","og_description":"O assentamento tem 24 anos. Durante os primeiros anos de ocupa\u00e7\u00e3o, os moradores nos relatam que foi um per\u00edodo de grande disputa. A atividade econ\u00f4mica \u00e9 centralizada na cooperativa e baseia- se em planta\u00e7\u00f5es de feij\u00e3o, milho, verduras e a &hellip; Continue lendo &rarr;","og_url":"https:\/\/blogs.multimeios.ufc.br\/crid\/umari-casa-forte\/","og_site_name":"CRID: Uma proposta de Comunidades Digitais Rurais","article_modified_time":"2023-02-23T22:39:24+00:00","og_image":[{"url":"http:\/\/blogs.multimeios.ufc.br\/crid\/files\/2016\/08\/DSC09238-300x169.jpg","type":"","width":"","height":""}],"twitter_card":"summary_large_image","twitter_misc":{"Est. tempo de leitura":"1 minuto"},"schema":{"@context":"https:\/\/schema.org","@graph":[{"@type":"WebPage","@id":"https:\/\/blogs.multimeios.ufc.br\/crid\/umari-casa-forte\/","url":"https:\/\/blogs.multimeios.ufc.br\/crid\/umari-casa-forte\/","name":"Umari Casa Forte - CRID: Uma proposta de Comunidades Digitais Rurais","isPartOf":{"@id":"https:\/\/blogs.multimeios.ufc.br\/crid\/#website"},"primaryImageOfPage":{"@id":"https:\/\/blogs.multimeios.ufc.br\/crid\/umari-casa-forte\/#primaryimage"},"image":{"@id":"https:\/\/blogs.multimeios.ufc.br\/crid\/umari-casa-forte\/#primaryimage"},"thumbnailUrl":"http:\/\/blogs.multimeios.ufc.br\/crid\/files\/2016\/08\/DSC09238-300x169.jpg","datePublished":"2016-08-23T13:04:38+00:00","dateModified":"2023-02-23T22:39:24+00:00","breadcrumb":{"@id":"https:\/\/blogs.multimeios.ufc.br\/crid\/umari-casa-forte\/#breadcrumb"},"inLanguage":"pt-BR","potentialAction":[{"@type":"ReadAction","target":["https:\/\/blogs.multimeios.ufc.br\/crid\/umari-casa-forte\/"]}]},{"@type":"ImageObject","inLanguage":"pt-BR","@id":"https:\/\/blogs.multimeios.ufc.br\/crid\/umari-casa-forte\/#primaryimage","url":"https:\/\/blogs.multimeios.ufc.br\/crid\/files\/2016\/08\/DSC09238.jpg","contentUrl":"https:\/\/blogs.multimeios.ufc.br\/crid\/files\/2016\/08\/DSC09238.jpg","width":3072,"height":1728},{"@type":"BreadcrumbList","@id":"https:\/\/blogs.multimeios.ufc.br\/crid\/umari-casa-forte\/#breadcrumb","itemListElement":[{"@type":"ListItem","position":1,"name":"In\u00edcio","item":"https:\/\/blogs.multimeios.ufc.br\/crid\/"},{"@type":"ListItem","position":2,"name":"Umari Casa Forte"}]},{"@type":"WebSite","@id":"https:\/\/blogs.multimeios.ufc.br\/crid\/#website","url":"https:\/\/blogs.multimeios.ufc.br\/crid\/","name":"CRID: Uma proposta de Comunidades Digitais Rurais","description":"","potentialAction":[{"@type":"SearchAction","target":{"@type":"EntryPoint","urlTemplate":"https:\/\/blogs.multimeios.ufc.br\/crid\/?s={search_term_string}"},"query-input":{"@type":"PropertyValueSpecification","valueRequired":true,"valueName":"search_term_string"}}],"inLanguage":"pt-BR"}]}},"_links":{"self":[{"href":"https:\/\/blogs.multimeios.ufc.br\/crid\/wp-json\/wp\/v2\/pages\/264","targetHints":{"allow":["GET"]}}],"collection":[{"href":"https:\/\/blogs.multimeios.ufc.br\/crid\/wp-json\/wp\/v2\/pages"}],"about":[{"href":"https:\/\/blogs.multimeios.ufc.br\/crid\/wp-json\/wp\/v2\/types\/page"}],"author":[{"embeddable":true,"href":"https:\/\/blogs.multimeios.ufc.br\/crid\/wp-json\/wp\/v2\/users\/10"}],"replies":[{"embeddable":true,"href":"https:\/\/blogs.multimeios.ufc.br\/crid\/wp-json\/wp\/v2\/comments?post=264"}],"version-history":[{"count":4,"href":"https:\/\/blogs.multimeios.ufc.br\/crid\/wp-json\/wp\/v2\/pages\/264\/revisions"}],"predecessor-version":[{"id":615,"href":"https:\/\/blogs.multimeios.ufc.br\/crid\/wp-json\/wp\/v2\/pages\/264\/revisions\/615"}],"wp:attachment":[{"href":"https:\/\/blogs.multimeios.ufc.br\/crid\/wp-json\/wp\/v2\/media?parent=264"}],"curies":[{"name":"wp","href":"https:\/\/api.w.org\/{rel}","templated":true}]}}