{"id":268,"date":"2016-08-23T13:10:21","date_gmt":"2016-08-23T13:10:21","guid":{"rendered":"http:\/\/blogs.multimeios.ufc.br\/crid\/?page_id=268"},"modified":"2023-02-23T22:37:33","modified_gmt":"2023-02-23T22:37:33","slug":"coordenacao","status":"publish","type":"page","link":"https:\/\/blogs.multimeios.ufc.br\/crid\/coordenacao\/","title":{"rendered":"Coordena\u00e7\u00e3o MM"},"content":{"rendered":"<p align=\"justify\"><strong><a href=\"http:\/\/lattes.cnpq.br\/6933091154844634\" target=\"_blank\" rel=\"noopener noreferrer\"><span style=\"color: #000000\"><span style=\"font-family: Century Schoolbook L,serif\"><span style=\"font-size: large\"><img decoding=\"async\" class=\"wp-image-293 alignleft\" src=\"http:\/\/blogs.multimeios.ufc.br\/crid\/files\/2016\/08\/Herminio_Neto.png.jpeg\" alt=\"Herminio_Neto.png\" width=\"198\" height=\"198\" \/>Herm\u00ednio Borges Neto<\/span><\/span><\/span><\/a><\/strong><span style=\"color: #000000\"><span style=\"font-family: Century Schoolbook L,serif\"><span style=\"font-size: large\"> doutor em Matem\u00e1tica pela Associa\u00e7\u00e3o Instituto Nacional de Matem\u00e1tica Pura e Aplicada (IMPA) em 1979. Atualmente, Professor Titular da Universidade Federal do Cear\u00e1.\u00a0 Atua na \u00e1rea de tecnologias digitais na Educa\u00e7\u00e3o, com \u00eanfase EaD e Inclus\u00e3o Digital e em Ensino de Matem\u00e1tica.<\/span><\/span><\/span><\/p>\n<p align=\"justify\">.<\/p>\n<p class=\"western\" align=\"justify\"><strong><a href=\"http:\/\/lattes.cnpq.br\/8909410628237524\" target=\"_blank\" rel=\"noopener noreferrer\"><span style=\"color: #000000\"><span style=\"font-family: Century Schoolbook L,serif\"><span style=\"font-size: large\"><img decoding=\"async\" class=\"wp-image-521 alignright\" src=\"http:\/\/blogs.multimeios.ufc.br\/crid\/files\/2016\/08\/Mona-150x150.jpg\" alt=\"\" width=\"199\" height=\"210\" \/>Monalisa de Abreu Leite<\/span><\/span><\/span><\/a><\/strong> <span style=\"color: #000000\"><span style=\"font-family: Century Schoolbook L,serif\"><span style=\"font-size: large\">servidora do Instituto Nacional de Estudos e Pesquisas Educacionais An\u00edsio Teixeira (INEP) com lota\u00e7\u00e3o no Laborat\u00f3rio Multimeios\/ Faculdade de Educa\u00e7\u00e3o da UFC. Mestre em Educa\u00e7\u00e3o Brasileira e graduada em Pedagogia pela Universidade Federal do Cear\u00e1. Possui experi\u00eancia na \u00e1rea de Educa\u00e7\u00e3o, com \u00eanfase em Tecnologia Educacional, atuando principalmente nas seguintes \u00e1reas: Inform\u00e1tica Educativa, Educa\u00e7\u00e3o Matem\u00e1tica, Tecnologias Digitais na Educa\u00e7\u00e3o e Inclus\u00e3o Digital.<\/span><\/span><\/span><\/p>\n<p align=\"justify\"><span style=\"font-size: large\"><strong><a href=\"http:\/\/lattes.cnpq.br\/1647929251545295\" target=\"_blank\" rel=\"noopener noreferrer\"><span style=\"color: #000000\"><span style=\"font-family: Century Schoolbook L,serif\"><img decoding=\"async\" class=\"wp-image-306 alignleft\" src=\"http:\/\/blogs.multimeios.ufc.br\/crid\/files\/2016\/08\/aNGELA-300x225.jpeg\" alt=\"ANGELA\" width=\"225\" height=\"169\" srcset=\"https:\/\/blogs.multimeios.ufc.br\/crid\/files\/2016\/08\/aNGELA-300x225.jpeg 300w, https:\/\/blogs.multimeios.ufc.br\/crid\/files\/2016\/08\/aNGELA.jpeg 640w\" sizes=\"(max-width: 225px) 100vw, 225px\" \/>Angela Maria de Sousa Bezerra<\/span><\/span><\/a><\/strong><\/span><span style=\"font-family: Century Schoolbook L,serif\"><span style=\"font-size: large\"> Mestre em Educa\u00e7\u00e3o Brasileira e graduada em Pedagogia pela Universidade Federal do Cear\u00e1. Servidora da UFC. \u00c1reas de interesse e atua\u00e7\u00e3o: Educa\u00e7\u00e3o e Tecnologias Digitais (Inclus\u00e3o e Cultura Digital, Educa\u00e7\u00e3o a Dist\u00e2ncia, Inform\u00e1tica Educativa).<\/span><\/span><\/p>\n","protected":false},"excerpt":{"rendered":"<p>Herm\u00ednio Borges Neto doutor em Matem\u00e1tica pela Associa\u00e7\u00e3o Instituto Nacional de Matem\u00e1tica Pura e Aplicada (IMPA) em 1979. Atualmente, Professor Titular da Universidade Federal do Cear\u00e1.\u00a0 Atua na \u00e1rea de tecnologias digitais na Educa\u00e7\u00e3o, com \u00eanfase EaD e Inclus\u00e3o Digital &hellip; <a href=\"https:\/\/blogs.multimeios.ufc.br\/crid\/coordenacao\/\">Continue lendo <span class=\"meta-nav\">&rarr;<\/span><\/a><\/p>\n","protected":false},"author":10,"featured_media":0,"parent":0,"menu_order":0,"comment_status":"closed","ping_status":"open","template":"","meta":{"footnotes":""},"class_list":["post-268","page","type-page","status-publish","hentry"],"yoast_head":"<!-- This site is optimized with the Yoast SEO plugin v27.3 - https:\/\/yoast.com\/product\/yoast-seo-wordpress\/ -->\n<title>Coordena\u00e7\u00e3o MM - CRID: Uma proposta de Comunidades Digitais Rurais<\/title>\n<meta name=\"robots\" content=\"index, follow, max-snippet:-1, max-image-preview:large, max-video-preview:-1\" \/>\n<link rel=\"canonical\" href=\"https:\/\/blogs.multimeios.ufc.br\/crid\/coordenacao\/\" \/>\n<meta property=\"og:locale\" content=\"pt_BR\" \/>\n<meta property=\"og:type\" content=\"article\" \/>\n<meta property=\"og:title\" content=\"Coordena\u00e7\u00e3o MM - CRID: Uma proposta de Comunidades Digitais Rurais\" \/>\n<meta property=\"og:description\" content=\"Herm\u00ednio Borges Neto doutor em Matem\u00e1tica pela Associa\u00e7\u00e3o Instituto Nacional de Matem\u00e1tica Pura e Aplicada (IMPA) em 1979. Atualmente, Professor Titular da Universidade Federal do Cear\u00e1.\u00a0 Atua na \u00e1rea de tecnologias digitais na Educa\u00e7\u00e3o, com \u00eanfase EaD e Inclus\u00e3o Digital &hellip; Continue lendo &rarr;\" \/>\n<meta property=\"og:url\" content=\"https:\/\/blogs.multimeios.ufc.br\/crid\/coordenacao\/\" \/>\n<meta property=\"og:site_name\" content=\"CRID: Uma proposta de Comunidades Digitais Rurais\" \/>\n<meta property=\"article:modified_time\" content=\"2023-02-23T22:37:33+00:00\" \/>\n<meta property=\"og:image\" content=\"http:\/\/blogs.multimeios.ufc.br\/crid\/files\/2016\/08\/Herminio_Neto.png.jpeg\" \/>\n<meta name=\"twitter:card\" content=\"summary_large_image\" \/>\n<meta name=\"twitter:label1\" content=\"Est. tempo de leitura\" \/>\n\t<meta name=\"twitter:data1\" content=\"1 minuto\" \/>\n<script type=\"application\/ld+json\" class=\"yoast-schema-graph\">{\"@context\":\"https:\\\/\\\/schema.org\",\"@graph\":[{\"@type\":\"WebPage\",\"@id\":\"https:\\\/\\\/blogs.multimeios.ufc.br\\\/crid\\\/coordenacao\\\/\",\"url\":\"https:\\\/\\\/blogs.multimeios.ufc.br\\\/crid\\\/coordenacao\\\/\",\"name\":\"Coordena\u00e7\u00e3o MM - CRID: Uma proposta de Comunidades Digitais Rurais\",\"isPartOf\":{\"@id\":\"https:\\\/\\\/blogs.multimeios.ufc.br\\\/crid\\\/#website\"},\"primaryImageOfPage\":{\"@id\":\"https:\\\/\\\/blogs.multimeios.ufc.br\\\/crid\\\/coordenacao\\\/#primaryimage\"},\"image\":{\"@id\":\"https:\\\/\\\/blogs.multimeios.ufc.br\\\/crid\\\/coordenacao\\\/#primaryimage\"},\"thumbnailUrl\":\"http:\\\/\\\/blogs.multimeios.ufc.br\\\/crid\\\/files\\\/2016\\\/08\\\/Herminio_Neto.png.jpeg\",\"datePublished\":\"2016-08-23T13:10:21+00:00\",\"dateModified\":\"2023-02-23T22:37:33+00:00\",\"breadcrumb\":{\"@id\":\"https:\\\/\\\/blogs.multimeios.ufc.br\\\/crid\\\/coordenacao\\\/#breadcrumb\"},\"inLanguage\":\"pt-BR\",\"potentialAction\":[{\"@type\":\"ReadAction\",\"target\":[\"https:\\\/\\\/blogs.multimeios.ufc.br\\\/crid\\\/coordenacao\\\/\"]}]},{\"@type\":\"ImageObject\",\"inLanguage\":\"pt-BR\",\"@id\":\"https:\\\/\\\/blogs.multimeios.ufc.br\\\/crid\\\/coordenacao\\\/#primaryimage\",\"url\":\"https:\\\/\\\/blogs.multimeios.ufc.br\\\/crid\\\/files\\\/2016\\\/08\\\/Herminio_Neto.png.jpeg\",\"contentUrl\":\"https:\\\/\\\/blogs.multimeios.ufc.br\\\/crid\\\/files\\\/2016\\\/08\\\/Herminio_Neto.png.jpeg\",\"width\":130,\"height\":130},{\"@type\":\"BreadcrumbList\",\"@id\":\"https:\\\/\\\/blogs.multimeios.ufc.br\\\/crid\\\/coordenacao\\\/#breadcrumb\",\"itemListElement\":[{\"@type\":\"ListItem\",\"position\":1,\"name\":\"In\u00edcio\",\"item\":\"https:\\\/\\\/blogs.multimeios.ufc.br\\\/crid\\\/\"},{\"@type\":\"ListItem\",\"position\":2,\"name\":\"Coordena\u00e7\u00e3o MM\"}]},{\"@type\":\"WebSite\",\"@id\":\"https:\\\/\\\/blogs.multimeios.ufc.br\\\/crid\\\/#website\",\"url\":\"https:\\\/\\\/blogs.multimeios.ufc.br\\\/crid\\\/\",\"name\":\"CRID: Uma proposta de Comunidades Digitais Rurais\",\"description\":\"\",\"potentialAction\":[{\"@type\":\"SearchAction\",\"target\":{\"@type\":\"EntryPoint\",\"urlTemplate\":\"https:\\\/\\\/blogs.multimeios.ufc.br\\\/crid\\\/?s={search_term_string}\"},\"query-input\":{\"@type\":\"PropertyValueSpecification\",\"valueRequired\":true,\"valueName\":\"search_term_string\"}}],\"inLanguage\":\"pt-BR\"}]}<\/script>\n<!-- \/ Yoast SEO plugin. -->","yoast_head_json":{"title":"Coordena\u00e7\u00e3o MM - CRID: Uma proposta de Comunidades Digitais Rurais","robots":{"index":"index","follow":"follow","max-snippet":"max-snippet:-1","max-image-preview":"max-image-preview:large","max-video-preview":"max-video-preview:-1"},"canonical":"https:\/\/blogs.multimeios.ufc.br\/crid\/coordenacao\/","og_locale":"pt_BR","og_type":"article","og_title":"Coordena\u00e7\u00e3o MM - CRID: Uma proposta de Comunidades Digitais Rurais","og_description":"Herm\u00ednio Borges Neto doutor em Matem\u00e1tica pela Associa\u00e7\u00e3o Instituto Nacional de Matem\u00e1tica Pura e Aplicada (IMPA) em 1979. Atualmente, Professor Titular da Universidade Federal do Cear\u00e1.\u00a0 Atua na \u00e1rea de tecnologias digitais na Educa\u00e7\u00e3o, com \u00eanfase EaD e Inclus\u00e3o Digital &hellip; Continue lendo &rarr;","og_url":"https:\/\/blogs.multimeios.ufc.br\/crid\/coordenacao\/","og_site_name":"CRID: Uma proposta de Comunidades Digitais Rurais","article_modified_time":"2023-02-23T22:37:33+00:00","og_image":[{"url":"http:\/\/blogs.multimeios.ufc.br\/crid\/files\/2016\/08\/Herminio_Neto.png.jpeg","type":"","width":"","height":""}],"twitter_card":"summary_large_image","twitter_misc":{"Est. tempo de leitura":"1 minuto"},"schema":{"@context":"https:\/\/schema.org","@graph":[{"@type":"WebPage","@id":"https:\/\/blogs.multimeios.ufc.br\/crid\/coordenacao\/","url":"https:\/\/blogs.multimeios.ufc.br\/crid\/coordenacao\/","name":"Coordena\u00e7\u00e3o MM - CRID: Uma proposta de Comunidades Digitais Rurais","isPartOf":{"@id":"https:\/\/blogs.multimeios.ufc.br\/crid\/#website"},"primaryImageOfPage":{"@id":"https:\/\/blogs.multimeios.ufc.br\/crid\/coordenacao\/#primaryimage"},"image":{"@id":"https:\/\/blogs.multimeios.ufc.br\/crid\/coordenacao\/#primaryimage"},"thumbnailUrl":"http:\/\/blogs.multimeios.ufc.br\/crid\/files\/2016\/08\/Herminio_Neto.png.jpeg","datePublished":"2016-08-23T13:10:21+00:00","dateModified":"2023-02-23T22:37:33+00:00","breadcrumb":{"@id":"https:\/\/blogs.multimeios.ufc.br\/crid\/coordenacao\/#breadcrumb"},"inLanguage":"pt-BR","potentialAction":[{"@type":"ReadAction","target":["https:\/\/blogs.multimeios.ufc.br\/crid\/coordenacao\/"]}]},{"@type":"ImageObject","inLanguage":"pt-BR","@id":"https:\/\/blogs.multimeios.ufc.br\/crid\/coordenacao\/#primaryimage","url":"https:\/\/blogs.multimeios.ufc.br\/crid\/files\/2016\/08\/Herminio_Neto.png.jpeg","contentUrl":"https:\/\/blogs.multimeios.ufc.br\/crid\/files\/2016\/08\/Herminio_Neto.png.jpeg","width":130,"height":130},{"@type":"BreadcrumbList","@id":"https:\/\/blogs.multimeios.ufc.br\/crid\/coordenacao\/#breadcrumb","itemListElement":[{"@type":"ListItem","position":1,"name":"In\u00edcio","item":"https:\/\/blogs.multimeios.ufc.br\/crid\/"},{"@type":"ListItem","position":2,"name":"Coordena\u00e7\u00e3o MM"}]},{"@type":"WebSite","@id":"https:\/\/blogs.multimeios.ufc.br\/crid\/#website","url":"https:\/\/blogs.multimeios.ufc.br\/crid\/","name":"CRID: Uma proposta de Comunidades Digitais Rurais","description":"","potentialAction":[{"@type":"SearchAction","target":{"@type":"EntryPoint","urlTemplate":"https:\/\/blogs.multimeios.ufc.br\/crid\/?s={search_term_string}"},"query-input":{"@type":"PropertyValueSpecification","valueRequired":true,"valueName":"search_term_string"}}],"inLanguage":"pt-BR"}]}},"_links":{"self":[{"href":"https:\/\/blogs.multimeios.ufc.br\/crid\/wp-json\/wp\/v2\/pages\/268","targetHints":{"allow":["GET"]}}],"collection":[{"href":"https:\/\/blogs.multimeios.ufc.br\/crid\/wp-json\/wp\/v2\/pages"}],"about":[{"href":"https:\/\/blogs.multimeios.ufc.br\/crid\/wp-json\/wp\/v2\/types\/page"}],"author":[{"embeddable":true,"href":"https:\/\/blogs.multimeios.ufc.br\/crid\/wp-json\/wp\/v2\/users\/10"}],"replies":[{"embeddable":true,"href":"https:\/\/blogs.multimeios.ufc.br\/crid\/wp-json\/wp\/v2\/comments?post=268"}],"version-history":[{"count":46,"href":"https:\/\/blogs.multimeios.ufc.br\/crid\/wp-json\/wp\/v2\/pages\/268\/revisions"}],"predecessor-version":[{"id":943,"href":"https:\/\/blogs.multimeios.ufc.br\/crid\/wp-json\/wp\/v2\/pages\/268\/revisions\/943"}],"wp:attachment":[{"href":"https:\/\/blogs.multimeios.ufc.br\/crid\/wp-json\/wp\/v2\/media?parent=268"}],"curies":[{"name":"wp","href":"https:\/\/api.w.org\/{rel}","templated":true}]}}