{"id":277,"date":"2016-08-24T18:40:49","date_gmt":"2016-08-24T18:40:49","guid":{"rendered":"http:\/\/blogs.multimeios.ufc.br\/crid\/?page_id=277"},"modified":"2023-02-23T22:38:43","modified_gmt":"2023-02-23T22:38:43","slug":"principios-de-sustentabilidade","status":"publish","type":"page","link":"https:\/\/blogs.multimeios.ufc.br\/crid\/principios-de-sustentabilidade\/","title":{"rendered":"Princ\u00edpios de Sustentabilidade"},"content":{"rendered":"<p style=\"text-align: center\"><strong>A Sustentabilidade no projeto CRID \u00e9 definida em cinco princ\u00edpios, dos quais, o quinto \u00e9 um modus operandi, a saber:<\/strong><\/p>\n<p style=\"text-align: justify\"><strong>Garantia de pleno funcionamento do ambiente<\/strong>: computadores e internet acessados com qualidade de hardware e software, apoiados pelo sistema de gest\u00e3o local do CRID de cada comunidade;<\/p>\n<p style=\"text-align: justify\"><strong>Continuidade de acesso:<\/strong> os gestores, que atuam no CRID de cada assentamento, multiplicam os saberes das forma\u00e7\u00f5es com outras pessoas da comunidade, em sua maioria jovens, mas tamb\u00e9m incentivando aos adultos e idosos a participarem da gest\u00e3o;<\/p>\n<p style=\"text-align: justify\"><strong>Qualidade do acesso:<\/strong>\u00a0 utiliza\u00e7\u00e3o do CRID como sala de aula por parte dos professores com seus alunos, este \u00e9 um \u00edndice para pautar este princ\u00edpio. Professores acessando o CRID, planejando as aulas, levando as turmas para a realiza\u00e7\u00e3o das atividades no CRID, mas pode se articular como um contraturno da escola, ou alfabetiza\u00e7\u00e3o digital de jovens e adultos, com os educadores das comunidades;<\/p>\n<p style=\"text-align: justify\"><strong>Instrumento para qualifica\u00e7\u00e3o profissional:<\/strong> com a cultura do Teletrabalho, os assentados podem acessar cursos e v\u00eddeos, forma\u00e7\u00f5es e materiais digitais que venham a propiciar melhoria na qualidade de vida no campo em sua comunidade.<\/p>\n<p style=\"text-align: justify\"><strong>Acompanhamento t\u00e9cnico-pedag\u00f3gico:<\/strong> a universidade tem um papel fundamental nesse princ\u00edpio, pois, nas concep\u00e7\u00f5es tradicionais de gest\u00e3o de projetos o acompanhamento \u00e9 feito ap\u00f3s a conclus\u00e3o do projeto, por\u00e9m, o acompanhamento t\u00e9cnico-pedag\u00f3gico no CRID, caracteriza-se como um princ\u00edpio que acompanha a implementa\u00e7\u00e3o do projeto, tendo como apoio as redes sociais, listas de discuss\u00e3o e grupos de discuss\u00e3o em aplicativos por celular.<\/p>\n","protected":false},"excerpt":{"rendered":"<p>A Sustentabilidade no projeto CRID \u00e9 definida em cinco princ\u00edpios, dos quais, o quinto \u00e9 um modus operandi, a saber: Garantia de pleno funcionamento do ambiente: computadores e internet acessados com qualidade de hardware e software, apoiados pelo sistema de &hellip; <a href=\"https:\/\/blogs.multimeios.ufc.br\/crid\/principios-de-sustentabilidade\/\">Continue lendo <span class=\"meta-nav\">&rarr;<\/span><\/a><\/p>\n","protected":false},"author":10,"featured_media":0,"parent":0,"menu_order":0,"comment_status":"closed","ping_status":"open","template":"","meta":{"footnotes":""},"class_list":["post-277","page","type-page","status-publish","hentry"],"yoast_head":"<!-- This site is optimized with the Yoast SEO plugin v27.3 - https:\/\/yoast.com\/product\/yoast-seo-wordpress\/ -->\n<title>Princ\u00edpios de Sustentabilidade - CRID: Uma proposta de Comunidades Digitais Rurais<\/title>\n<meta name=\"robots\" content=\"index, follow, max-snippet:-1, max-image-preview:large, max-video-preview:-1\" \/>\n<link rel=\"canonical\" href=\"https:\/\/blogs.multimeios.ufc.br\/crid\/principios-de-sustentabilidade\/\" \/>\n<meta property=\"og:locale\" content=\"pt_BR\" \/>\n<meta property=\"og:type\" content=\"article\" \/>\n<meta property=\"og:title\" content=\"Princ\u00edpios de Sustentabilidade - CRID: Uma proposta de Comunidades Digitais Rurais\" \/>\n<meta property=\"og:description\" content=\"A Sustentabilidade no projeto CRID \u00e9 definida em cinco princ\u00edpios, dos quais, o quinto \u00e9 um modus operandi, a saber: Garantia de pleno funcionamento do ambiente: computadores e internet acessados com qualidade de hardware e software, apoiados pelo sistema de &hellip; Continue lendo &rarr;\" \/>\n<meta property=\"og:url\" content=\"https:\/\/blogs.multimeios.ufc.br\/crid\/principios-de-sustentabilidade\/\" \/>\n<meta property=\"og:site_name\" content=\"CRID: Uma proposta de Comunidades Digitais Rurais\" \/>\n<meta property=\"article:modified_time\" content=\"2023-02-23T22:38:43+00:00\" \/>\n<meta name=\"twitter:card\" content=\"summary_large_image\" \/>\n<meta name=\"twitter:label1\" content=\"Est. tempo de leitura\" \/>\n\t<meta name=\"twitter:data1\" content=\"1 minuto\" \/>\n<script type=\"application\/ld+json\" class=\"yoast-schema-graph\">{\"@context\":\"https:\\\/\\\/schema.org\",\"@graph\":[{\"@type\":\"WebPage\",\"@id\":\"https:\\\/\\\/blogs.multimeios.ufc.br\\\/crid\\\/principios-de-sustentabilidade\\\/\",\"url\":\"https:\\\/\\\/blogs.multimeios.ufc.br\\\/crid\\\/principios-de-sustentabilidade\\\/\",\"name\":\"Princ\u00edpios de Sustentabilidade - CRID: Uma proposta de Comunidades Digitais Rurais\",\"isPartOf\":{\"@id\":\"https:\\\/\\\/blogs.multimeios.ufc.br\\\/crid\\\/#website\"},\"datePublished\":\"2016-08-24T18:40:49+00:00\",\"dateModified\":\"2023-02-23T22:38:43+00:00\",\"breadcrumb\":{\"@id\":\"https:\\\/\\\/blogs.multimeios.ufc.br\\\/crid\\\/principios-de-sustentabilidade\\\/#breadcrumb\"},\"inLanguage\":\"pt-BR\",\"potentialAction\":[{\"@type\":\"ReadAction\",\"target\":[\"https:\\\/\\\/blogs.multimeios.ufc.br\\\/crid\\\/principios-de-sustentabilidade\\\/\"]}]},{\"@type\":\"BreadcrumbList\",\"@id\":\"https:\\\/\\\/blogs.multimeios.ufc.br\\\/crid\\\/principios-de-sustentabilidade\\\/#breadcrumb\",\"itemListElement\":[{\"@type\":\"ListItem\",\"position\":1,\"name\":\"In\u00edcio\",\"item\":\"https:\\\/\\\/blogs.multimeios.ufc.br\\\/crid\\\/\"},{\"@type\":\"ListItem\",\"position\":2,\"name\":\"Princ\u00edpios de Sustentabilidade\"}]},{\"@type\":\"WebSite\",\"@id\":\"https:\\\/\\\/blogs.multimeios.ufc.br\\\/crid\\\/#website\",\"url\":\"https:\\\/\\\/blogs.multimeios.ufc.br\\\/crid\\\/\",\"name\":\"CRID: Uma proposta de Comunidades Digitais Rurais\",\"description\":\"\",\"potentialAction\":[{\"@type\":\"SearchAction\",\"target\":{\"@type\":\"EntryPoint\",\"urlTemplate\":\"https:\\\/\\\/blogs.multimeios.ufc.br\\\/crid\\\/?s={search_term_string}\"},\"query-input\":{\"@type\":\"PropertyValueSpecification\",\"valueRequired\":true,\"valueName\":\"search_term_string\"}}],\"inLanguage\":\"pt-BR\"}]}<\/script>\n<!-- \/ Yoast SEO plugin. -->","yoast_head_json":{"title":"Princ\u00edpios de Sustentabilidade - CRID: Uma proposta de Comunidades Digitais Rurais","robots":{"index":"index","follow":"follow","max-snippet":"max-snippet:-1","max-image-preview":"max-image-preview:large","max-video-preview":"max-video-preview:-1"},"canonical":"https:\/\/blogs.multimeios.ufc.br\/crid\/principios-de-sustentabilidade\/","og_locale":"pt_BR","og_type":"article","og_title":"Princ\u00edpios de Sustentabilidade - CRID: Uma proposta de Comunidades Digitais Rurais","og_description":"A Sustentabilidade no projeto CRID \u00e9 definida em cinco princ\u00edpios, dos quais, o quinto \u00e9 um modus operandi, a saber: Garantia de pleno funcionamento do ambiente: computadores e internet acessados com qualidade de hardware e software, apoiados pelo sistema de &hellip; Continue lendo &rarr;","og_url":"https:\/\/blogs.multimeios.ufc.br\/crid\/principios-de-sustentabilidade\/","og_site_name":"CRID: Uma proposta de Comunidades Digitais Rurais","article_modified_time":"2023-02-23T22:38:43+00:00","twitter_card":"summary_large_image","twitter_misc":{"Est. tempo de leitura":"1 minuto"},"schema":{"@context":"https:\/\/schema.org","@graph":[{"@type":"WebPage","@id":"https:\/\/blogs.multimeios.ufc.br\/crid\/principios-de-sustentabilidade\/","url":"https:\/\/blogs.multimeios.ufc.br\/crid\/principios-de-sustentabilidade\/","name":"Princ\u00edpios de Sustentabilidade - CRID: Uma proposta de Comunidades Digitais Rurais","isPartOf":{"@id":"https:\/\/blogs.multimeios.ufc.br\/crid\/#website"},"datePublished":"2016-08-24T18:40:49+00:00","dateModified":"2023-02-23T22:38:43+00:00","breadcrumb":{"@id":"https:\/\/blogs.multimeios.ufc.br\/crid\/principios-de-sustentabilidade\/#breadcrumb"},"inLanguage":"pt-BR","potentialAction":[{"@type":"ReadAction","target":["https:\/\/blogs.multimeios.ufc.br\/crid\/principios-de-sustentabilidade\/"]}]},{"@type":"BreadcrumbList","@id":"https:\/\/blogs.multimeios.ufc.br\/crid\/principios-de-sustentabilidade\/#breadcrumb","itemListElement":[{"@type":"ListItem","position":1,"name":"In\u00edcio","item":"https:\/\/blogs.multimeios.ufc.br\/crid\/"},{"@type":"ListItem","position":2,"name":"Princ\u00edpios de Sustentabilidade"}]},{"@type":"WebSite","@id":"https:\/\/blogs.multimeios.ufc.br\/crid\/#website","url":"https:\/\/blogs.multimeios.ufc.br\/crid\/","name":"CRID: Uma proposta de Comunidades Digitais Rurais","description":"","potentialAction":[{"@type":"SearchAction","target":{"@type":"EntryPoint","urlTemplate":"https:\/\/blogs.multimeios.ufc.br\/crid\/?s={search_term_string}"},"query-input":{"@type":"PropertyValueSpecification","valueRequired":true,"valueName":"search_term_string"}}],"inLanguage":"pt-BR"}]}},"_links":{"self":[{"href":"https:\/\/blogs.multimeios.ufc.br\/crid\/wp-json\/wp\/v2\/pages\/277","targetHints":{"allow":["GET"]}}],"collection":[{"href":"https:\/\/blogs.multimeios.ufc.br\/crid\/wp-json\/wp\/v2\/pages"}],"about":[{"href":"https:\/\/blogs.multimeios.ufc.br\/crid\/wp-json\/wp\/v2\/types\/page"}],"author":[{"embeddable":true,"href":"https:\/\/blogs.multimeios.ufc.br\/crid\/wp-json\/wp\/v2\/users\/10"}],"replies":[{"embeddable":true,"href":"https:\/\/blogs.multimeios.ufc.br\/crid\/wp-json\/wp\/v2\/comments?post=277"}],"version-history":[{"count":5,"href":"https:\/\/blogs.multimeios.ufc.br\/crid\/wp-json\/wp\/v2\/pages\/277\/revisions"}],"predecessor-version":[{"id":438,"href":"https:\/\/blogs.multimeios.ufc.br\/crid\/wp-json\/wp\/v2\/pages\/277\/revisions\/438"}],"wp:attachment":[{"href":"https:\/\/blogs.multimeios.ufc.br\/crid\/wp-json\/wp\/v2\/media?parent=277"}],"curies":[{"name":"wp","href":"https:\/\/api.w.org\/{rel}","templated":true}]}}