{"id":371,"date":"2016-09-06T16:36:41","date_gmt":"2016-09-06T16:36:41","guid":{"rendered":"http:\/\/blogs.multimeios.ufc.br\/crid\/?page_id=371"},"modified":"2023-02-23T22:39:31","modified_gmt":"2023-02-23T22:39:31","slug":"videos","status":"publish","type":"page","link":"https:\/\/blogs.multimeios.ufc.br\/crid\/videos\/","title":{"rendered":"V\u00eddeos"},"content":{"rendered":"<p style=\"text-align: justify\"><strong>Os v\u00eddeos, a seguir, foram produzidos pelos bolsistas do projeto CRID, tendo como pano de fundo forma\u00e7\u00f5es do grupo realizadas na UFC\u00a0 e atividades<em> in loco<\/em> nas comunidades. Para assistir, basta clicar no link desejado!!!<\/strong><\/p>\n<p style=\"text-align: justify\"><a href=\"https:\/\/www.youtube.com\/watch?v=6xeCZ2UVuJw&amp;list=FLDjuc3K0vTlyxo8Fe1tFMvg\" target=\"_blank\" rel=\"noopener\">Vinheta do Laborat\u00f3rio de Pesquisa Multimeios<\/a><\/p>\n<p style=\"text-align: justify\"><strong>Visitas iniciais para apresenta\u00e7\u00e3o do Projeto e sua equipe, an\u00e1lise do ambiente e da estrutura dispon\u00edvel nas comunidades<\/strong><\/p>\n<p><a href=\"https:\/\/www.youtube.com\/watch?v=EFvqegtMPvs\" target=\"_blank\" rel=\"noopener\">CRID Umari Casa Forte &#8211; Beberibe\/CE<\/a><\/p>\n<p><a href=\"https:\/\/www.youtube.com\/watch?v=5kvo1ZvOaRg\" target=\"_blank\" rel=\"noopener\">CRID Umari Casa Forte &#8211; Beberibe\/CE &#8211; Em: 11\/09\/2015<\/a><\/p>\n<p>CRID Terra Nova &#8211; Morada Nova\/CE<\/p>\n<p>CRID Monte Orebe &#8211; Canind\u00e9\/CE<\/p>\n<p style=\"text-align: left\"><strong>V\u00eddeos produzidos por bolsistas do Projeto ap\u00f3s discuss\u00e3o de textos e experi\u00eancias pr\u00e1ticas relativas \u00e0 WebR\u00e1dio e WebTV<\/strong><\/p>\n<p><a href=\"https:\/\/www.youtube.com\/watch?v=GoX-P8DTn6A\" target=\"_blank\" rel=\"noopener\">CRID &#8211; Forma\u00e7\u00e3o de Web R\u00e1dio e WebTV &#8211; Entrevista com Professora Ana Carmen Santana<\/a><\/p>\n<p><a href=\"https:\/\/www.youtube.com\/watch?v=OwqCoIfp7Js\" target=\"_blank\" rel=\"noopener\">CRID &#8211; Forma\u00e7\u00e3o de Web R\u00e1dio e WebTV &#8211; Entrevista com Marcelo<\/a><\/p>\n<p><a href=\"https:\/\/www.youtube.com\/watch?v=Z2hnHq3Palk\" target=\"_blank\" rel=\"noopener\">CRID &#8211; Forma\u00e7\u00e3o de Web R\u00e1dio e WebTV &#8211; Entrevista com o guarda Siqueira (Funcion\u00e1rio Terceirizado da UFC)<\/a><\/p>\n<p><a href=\"https:\/\/www.youtube.com\/watch?v=SWm3LYovrTI\" target=\"_blank\" rel=\"noopener\">CRID &#8211; Forma\u00e7\u00e3o de Web R\u00e1dio e WebTV &#8211; Entrevista sobre o programa Bicicletar\/Fortaleza.<\/a><\/p>\n<p><a href=\"https:\/\/www.youtube.com\/watch?v=1HRpOJlaLrk\">CRID &#8211; Forma\u00e7\u00e3o de Web R\u00e1dio e WebTV &#8211; Entrevista com o vendedor Rui\/Centro de Humanidades da UFC.<\/a><\/p>\n<p><strong>Outras Experi\u00eancias de Inclus\u00e3o Digital em Parceria com o\u00a0 Laborat\u00f3rio Multimeios<\/strong><\/p>\n<p><a href=\"https:\/\/www.youtube.com\/watch?v=t1boZbFKdrk\" target=\"_blank\" rel=\"noopener\">Projeto @NAVE Aprendendo a Navegar &#8211; Iraj\u00e1<\/a><\/p>\n","protected":false},"excerpt":{"rendered":"<p>Os v\u00eddeos, a seguir, foram produzidos pelos bolsistas do projeto CRID, tendo como pano de fundo forma\u00e7\u00f5es do grupo realizadas na UFC\u00a0 e atividades in loco nas comunidades. Para assistir, basta clicar no link desejado!!! Vinheta do Laborat\u00f3rio de Pesquisa &hellip; <a href=\"https:\/\/blogs.multimeios.ufc.br\/crid\/videos\/\">Continue lendo <span class=\"meta-nav\">&rarr;<\/span><\/a><\/p>\n","protected":false},"author":10,"featured_media":0,"parent":0,"menu_order":0,"comment_status":"closed","ping_status":"closed","template":"","meta":{"footnotes":""},"class_list":["post-371","page","type-page","status-publish","hentry"],"yoast_head":"<!-- This site is optimized with the Yoast SEO plugin v27.3 - https:\/\/yoast.com\/product\/yoast-seo-wordpress\/ -->\n<title>V\u00eddeos - CRID: Uma proposta de Comunidades Digitais Rurais<\/title>\n<meta name=\"robots\" content=\"index, follow, max-snippet:-1, max-image-preview:large, max-video-preview:-1\" \/>\n<link rel=\"canonical\" href=\"https:\/\/blogs.multimeios.ufc.br\/crid\/videos\/\" \/>\n<meta property=\"og:locale\" content=\"pt_BR\" \/>\n<meta property=\"og:type\" content=\"article\" \/>\n<meta property=\"og:title\" content=\"V\u00eddeos - CRID: Uma proposta de Comunidades Digitais Rurais\" \/>\n<meta property=\"og:description\" content=\"Os v\u00eddeos, a seguir, foram produzidos pelos bolsistas do projeto CRID, tendo como pano de fundo forma\u00e7\u00f5es do grupo realizadas na UFC\u00a0 e atividades in loco nas comunidades. Para assistir, basta clicar no link desejado!!! Vinheta do Laborat\u00f3rio de Pesquisa &hellip; Continue lendo &rarr;\" \/>\n<meta property=\"og:url\" content=\"https:\/\/blogs.multimeios.ufc.br\/crid\/videos\/\" \/>\n<meta property=\"og:site_name\" content=\"CRID: Uma proposta de Comunidades Digitais Rurais\" \/>\n<meta property=\"article:modified_time\" content=\"2023-02-23T22:39:31+00:00\" \/>\n<meta name=\"twitter:card\" content=\"summary_large_image\" \/>\n<meta name=\"twitter:label1\" content=\"Est. tempo de leitura\" \/>\n\t<meta name=\"twitter:data1\" content=\"1 minuto\" \/>\n<script type=\"application\/ld+json\" class=\"yoast-schema-graph\">{\"@context\":\"https:\\\/\\\/schema.org\",\"@graph\":[{\"@type\":\"WebPage\",\"@id\":\"https:\\\/\\\/blogs.multimeios.ufc.br\\\/crid\\\/videos\\\/\",\"url\":\"https:\\\/\\\/blogs.multimeios.ufc.br\\\/crid\\\/videos\\\/\",\"name\":\"V\u00eddeos - CRID: Uma proposta de Comunidades Digitais Rurais\",\"isPartOf\":{\"@id\":\"https:\\\/\\\/blogs.multimeios.ufc.br\\\/crid\\\/#website\"},\"datePublished\":\"2016-09-06T16:36:41+00:00\",\"dateModified\":\"2023-02-23T22:39:31+00:00\",\"breadcrumb\":{\"@id\":\"https:\\\/\\\/blogs.multimeios.ufc.br\\\/crid\\\/videos\\\/#breadcrumb\"},\"inLanguage\":\"pt-BR\",\"potentialAction\":[{\"@type\":\"ReadAction\",\"target\":[\"https:\\\/\\\/blogs.multimeios.ufc.br\\\/crid\\\/videos\\\/\"]}]},{\"@type\":\"BreadcrumbList\",\"@id\":\"https:\\\/\\\/blogs.multimeios.ufc.br\\\/crid\\\/videos\\\/#breadcrumb\",\"itemListElement\":[{\"@type\":\"ListItem\",\"position\":1,\"name\":\"In\u00edcio\",\"item\":\"https:\\\/\\\/blogs.multimeios.ufc.br\\\/crid\\\/\"},{\"@type\":\"ListItem\",\"position\":2,\"name\":\"V\u00eddeos\"}]},{\"@type\":\"WebSite\",\"@id\":\"https:\\\/\\\/blogs.multimeios.ufc.br\\\/crid\\\/#website\",\"url\":\"https:\\\/\\\/blogs.multimeios.ufc.br\\\/crid\\\/\",\"name\":\"CRID: Uma proposta de Comunidades Digitais Rurais\",\"description\":\"\",\"potentialAction\":[{\"@type\":\"SearchAction\",\"target\":{\"@type\":\"EntryPoint\",\"urlTemplate\":\"https:\\\/\\\/blogs.multimeios.ufc.br\\\/crid\\\/?s={search_term_string}\"},\"query-input\":{\"@type\":\"PropertyValueSpecification\",\"valueRequired\":true,\"valueName\":\"search_term_string\"}}],\"inLanguage\":\"pt-BR\"}]}<\/script>\n<!-- \/ Yoast SEO plugin. -->","yoast_head_json":{"title":"V\u00eddeos - CRID: Uma proposta de Comunidades Digitais Rurais","robots":{"index":"index","follow":"follow","max-snippet":"max-snippet:-1","max-image-preview":"max-image-preview:large","max-video-preview":"max-video-preview:-1"},"canonical":"https:\/\/blogs.multimeios.ufc.br\/crid\/videos\/","og_locale":"pt_BR","og_type":"article","og_title":"V\u00eddeos - CRID: Uma proposta de Comunidades Digitais Rurais","og_description":"Os v\u00eddeos, a seguir, foram produzidos pelos bolsistas do projeto CRID, tendo como pano de fundo forma\u00e7\u00f5es do grupo realizadas na UFC\u00a0 e atividades in loco nas comunidades. Para assistir, basta clicar no link desejado!!! Vinheta do Laborat\u00f3rio de Pesquisa &hellip; Continue lendo &rarr;","og_url":"https:\/\/blogs.multimeios.ufc.br\/crid\/videos\/","og_site_name":"CRID: Uma proposta de Comunidades Digitais Rurais","article_modified_time":"2023-02-23T22:39:31+00:00","twitter_card":"summary_large_image","twitter_misc":{"Est. tempo de leitura":"1 minuto"},"schema":{"@context":"https:\/\/schema.org","@graph":[{"@type":"WebPage","@id":"https:\/\/blogs.multimeios.ufc.br\/crid\/videos\/","url":"https:\/\/blogs.multimeios.ufc.br\/crid\/videos\/","name":"V\u00eddeos - CRID: Uma proposta de Comunidades Digitais Rurais","isPartOf":{"@id":"https:\/\/blogs.multimeios.ufc.br\/crid\/#website"},"datePublished":"2016-09-06T16:36:41+00:00","dateModified":"2023-02-23T22:39:31+00:00","breadcrumb":{"@id":"https:\/\/blogs.multimeios.ufc.br\/crid\/videos\/#breadcrumb"},"inLanguage":"pt-BR","potentialAction":[{"@type":"ReadAction","target":["https:\/\/blogs.multimeios.ufc.br\/crid\/videos\/"]}]},{"@type":"BreadcrumbList","@id":"https:\/\/blogs.multimeios.ufc.br\/crid\/videos\/#breadcrumb","itemListElement":[{"@type":"ListItem","position":1,"name":"In\u00edcio","item":"https:\/\/blogs.multimeios.ufc.br\/crid\/"},{"@type":"ListItem","position":2,"name":"V\u00eddeos"}]},{"@type":"WebSite","@id":"https:\/\/blogs.multimeios.ufc.br\/crid\/#website","url":"https:\/\/blogs.multimeios.ufc.br\/crid\/","name":"CRID: Uma proposta de Comunidades Digitais Rurais","description":"","potentialAction":[{"@type":"SearchAction","target":{"@type":"EntryPoint","urlTemplate":"https:\/\/blogs.multimeios.ufc.br\/crid\/?s={search_term_string}"},"query-input":{"@type":"PropertyValueSpecification","valueRequired":true,"valueName":"search_term_string"}}],"inLanguage":"pt-BR"}]}},"_links":{"self":[{"href":"https:\/\/blogs.multimeios.ufc.br\/crid\/wp-json\/wp\/v2\/pages\/371","targetHints":{"allow":["GET"]}}],"collection":[{"href":"https:\/\/blogs.multimeios.ufc.br\/crid\/wp-json\/wp\/v2\/pages"}],"about":[{"href":"https:\/\/blogs.multimeios.ufc.br\/crid\/wp-json\/wp\/v2\/types\/page"}],"author":[{"embeddable":true,"href":"https:\/\/blogs.multimeios.ufc.br\/crid\/wp-json\/wp\/v2\/users\/10"}],"replies":[{"embeddable":true,"href":"https:\/\/blogs.multimeios.ufc.br\/crid\/wp-json\/wp\/v2\/comments?post=371"}],"version-history":[{"count":22,"href":"https:\/\/blogs.multimeios.ufc.br\/crid\/wp-json\/wp\/v2\/pages\/371\/revisions"}],"predecessor-version":[{"id":1039,"href":"https:\/\/blogs.multimeios.ufc.br\/crid\/wp-json\/wp\/v2\/pages\/371\/revisions\/1039"}],"wp:attachment":[{"href":"https:\/\/blogs.multimeios.ufc.br\/crid\/wp-json\/wp\/v2\/media?parent=371"}],"curies":[{"name":"wp","href":"https:\/\/api.w.org\/{rel}","templated":true}]}}