{"id":447,"date":"2016-09-09T18:15:09","date_gmt":"2016-09-09T18:15:09","guid":{"rendered":"http:\/\/blogs.multimeios.ufc.br\/crid\/?page_id=447"},"modified":"2023-02-23T22:37:26","modified_gmt":"2023-02-23T22:37:26","slug":"antonio-conselheiro-2","status":"publish","type":"page","link":"https:\/\/blogs.multimeios.ufc.br\/crid\/assentamentos\/antonio-conselheiro-2\/","title":{"rendered":"Ant\u00f4nio Conselheiro"},"content":{"rendered":"<h3 style=\"text-align: justify\">\u00a0\u00a0\u00a0\u00a0\u00a0 O assentamento foi fundado pr\u00f3ximo da meia noite do dia 19 de maio, no ano de1995. Inicialmente eram 800 fam\u00edlias, ficando 200 assentadas. Est\u00e1 localizado na CE- 060 (Estrada do algod\u00e3o), na altura do km37, Distrito de Milton Belo, munic\u00edpio de Aracoiaba- CE, lim\u00edtrofe ao munic\u00edpio de Ocara- CE, distando 108 km de Fortaleza. Na agrovila onde est\u00e1 o Centro Rural de Inclus\u00e3o Digital &#8211; CRID h\u00e1 69 fam\u00edlias assentadas, contando com cerca de 52 fam\u00edlias agregadas, num total de 147 casas. Agricultura, apicultura, ovinocultura, suinocultura, bovinocultura, avicultura, artesanato e produtos beneficiados da agricultura familiar com a venda em barracas na estrada.<\/h3>\n<p style=\"text-align: justify\">\n<h3 style=\"text-align: justify\"><a href=\"http:\/\/blogs.multimeios.ufc.br\/crid\/files\/2016\/09\/DSC09007.jpg\"><img fetchpriority=\"high\" decoding=\"async\" class=\"size-medium wp-image-617 alignright\" src=\"http:\/\/blogs.multimeios.ufc.br\/crid\/files\/2016\/09\/DSC09007-300x169.jpg\" alt=\"dsc09007\" width=\"300\" height=\"169\" srcset=\"https:\/\/blogs.multimeios.ufc.br\/crid\/files\/2016\/09\/DSC09007-300x169.jpg 300w, https:\/\/blogs.multimeios.ufc.br\/crid\/files\/2016\/09\/DSC09007-768x432.jpg 768w, https:\/\/blogs.multimeios.ufc.br\/crid\/files\/2016\/09\/DSC09007-1024x576.jpg 1024w\" sizes=\"(max-width: 300px) 100vw, 300px\" \/><\/a><a href=\"http:\/\/blogs.multimeios.ufc.br\/crid\/files\/2016\/09\/DSC09032.jpg\"><img decoding=\"async\" class=\"alignnone size-medium wp-image-616\" src=\"http:\/\/blogs.multimeios.ufc.br\/crid\/files\/2016\/09\/DSC09032-300x169.jpg\" alt=\"dsc09032\" width=\"300\" height=\"169\" srcset=\"https:\/\/blogs.multimeios.ufc.br\/crid\/files\/2016\/09\/DSC09032-300x169.jpg 300w, https:\/\/blogs.multimeios.ufc.br\/crid\/files\/2016\/09\/DSC09032-768x432.jpg 768w, https:\/\/blogs.multimeios.ufc.br\/crid\/files\/2016\/09\/DSC09032-1024x576.jpg 1024w\" sizes=\"(max-width: 300px) 100vw, 300px\" \/><\/a><\/h3>\n<h3 style=\"text-align: justify\"><\/h3>\n","protected":false},"excerpt":{"rendered":"<p>\u00a0\u00a0\u00a0\u00a0\u00a0 O assentamento foi fundado pr\u00f3ximo da meia noite do dia 19 de maio, no ano de1995. Inicialmente eram 800 fam\u00edlias, ficando 200 assentadas. Est\u00e1 localizado na CE- 060 (Estrada do algod\u00e3o), na altura do km37, Distrito de Milton Belo, &hellip; <a href=\"https:\/\/blogs.multimeios.ufc.br\/crid\/assentamentos\/antonio-conselheiro-2\/\">Continue lendo <span class=\"meta-nav\">&rarr;<\/span><\/a><\/p>\n","protected":false},"author":10,"featured_media":0,"parent":242,"menu_order":0,"comment_status":"closed","ping_status":"closed","template":"","meta":{"footnotes":""},"class_list":["post-447","page","type-page","status-publish","hentry"],"yoast_head":"<!-- This site is optimized with the Yoast SEO plugin v27.3 - https:\/\/yoast.com\/product\/yoast-seo-wordpress\/ -->\n<title>Ant\u00f4nio Conselheiro - CRID: Uma proposta de Comunidades Digitais Rurais<\/title>\n<meta name=\"robots\" content=\"index, follow, max-snippet:-1, max-image-preview:large, max-video-preview:-1\" \/>\n<link rel=\"canonical\" href=\"https:\/\/blogs.multimeios.ufc.br\/crid\/assentamentos\/antonio-conselheiro-2\/\" \/>\n<meta property=\"og:locale\" content=\"pt_BR\" \/>\n<meta property=\"og:type\" content=\"article\" \/>\n<meta property=\"og:title\" content=\"Ant\u00f4nio Conselheiro - CRID: Uma proposta de Comunidades Digitais Rurais\" \/>\n<meta property=\"og:description\" content=\"\u00a0\u00a0\u00a0\u00a0\u00a0 O assentamento foi fundado pr\u00f3ximo da meia noite do dia 19 de maio, no ano de1995. Inicialmente eram 800 fam\u00edlias, ficando 200 assentadas. Est\u00e1 localizado na CE- 060 (Estrada do algod\u00e3o), na altura do km37, Distrito de Milton Belo, &hellip; Continue lendo &rarr;\" \/>\n<meta property=\"og:url\" content=\"https:\/\/blogs.multimeios.ufc.br\/crid\/assentamentos\/antonio-conselheiro-2\/\" \/>\n<meta property=\"og:site_name\" content=\"CRID: Uma proposta de Comunidades Digitais Rurais\" \/>\n<meta property=\"article:modified_time\" content=\"2023-02-23T22:37:26+00:00\" \/>\n<meta property=\"og:image\" content=\"http:\/\/blogs.multimeios.ufc.br\/crid\/files\/2016\/09\/DSC09007-300x169.jpg\" \/>\n<meta name=\"twitter:card\" content=\"summary_large_image\" \/>\n<meta name=\"twitter:label1\" content=\"Est. tempo de leitura\" \/>\n\t<meta name=\"twitter:data1\" content=\"1 minuto\" \/>\n<script type=\"application\/ld+json\" class=\"yoast-schema-graph\">{\"@context\":\"https:\\\/\\\/schema.org\",\"@graph\":[{\"@type\":\"WebPage\",\"@id\":\"https:\\\/\\\/blogs.multimeios.ufc.br\\\/crid\\\/assentamentos\\\/antonio-conselheiro-2\\\/\",\"url\":\"https:\\\/\\\/blogs.multimeios.ufc.br\\\/crid\\\/assentamentos\\\/antonio-conselheiro-2\\\/\",\"name\":\"Ant\u00f4nio Conselheiro - CRID: Uma proposta de Comunidades Digitais Rurais\",\"isPartOf\":{\"@id\":\"https:\\\/\\\/blogs.multimeios.ufc.br\\\/crid\\\/#website\"},\"primaryImageOfPage\":{\"@id\":\"https:\\\/\\\/blogs.multimeios.ufc.br\\\/crid\\\/assentamentos\\\/antonio-conselheiro-2\\\/#primaryimage\"},\"image\":{\"@id\":\"https:\\\/\\\/blogs.multimeios.ufc.br\\\/crid\\\/assentamentos\\\/antonio-conselheiro-2\\\/#primaryimage\"},\"thumbnailUrl\":\"http:\\\/\\\/blogs.multimeios.ufc.br\\\/crid\\\/files\\\/2016\\\/09\\\/DSC09007-300x169.jpg\",\"datePublished\":\"2016-09-09T18:15:09+00:00\",\"dateModified\":\"2023-02-23T22:37:26+00:00\",\"breadcrumb\":{\"@id\":\"https:\\\/\\\/blogs.multimeios.ufc.br\\\/crid\\\/assentamentos\\\/antonio-conselheiro-2\\\/#breadcrumb\"},\"inLanguage\":\"pt-BR\",\"potentialAction\":[{\"@type\":\"ReadAction\",\"target\":[\"https:\\\/\\\/blogs.multimeios.ufc.br\\\/crid\\\/assentamentos\\\/antonio-conselheiro-2\\\/\"]}]},{\"@type\":\"ImageObject\",\"inLanguage\":\"pt-BR\",\"@id\":\"https:\\\/\\\/blogs.multimeios.ufc.br\\\/crid\\\/assentamentos\\\/antonio-conselheiro-2\\\/#primaryimage\",\"url\":\"https:\\\/\\\/blogs.multimeios.ufc.br\\\/crid\\\/files\\\/2016\\\/09\\\/DSC09007.jpg\",\"contentUrl\":\"https:\\\/\\\/blogs.multimeios.ufc.br\\\/crid\\\/files\\\/2016\\\/09\\\/DSC09007.jpg\",\"width\":3072,\"height\":1728},{\"@type\":\"BreadcrumbList\",\"@id\":\"https:\\\/\\\/blogs.multimeios.ufc.br\\\/crid\\\/assentamentos\\\/antonio-conselheiro-2\\\/#breadcrumb\",\"itemListElement\":[{\"@type\":\"ListItem\",\"position\":1,\"name\":\"In\u00edcio\",\"item\":\"https:\\\/\\\/blogs.multimeios.ufc.br\\\/crid\\\/\"},{\"@type\":\"ListItem\",\"position\":2,\"name\":\"Comunidades\",\"item\":\"https:\\\/\\\/blogs.multimeios.ufc.br\\\/crid\\\/assentamentos\\\/\"},{\"@type\":\"ListItem\",\"position\":3,\"name\":\"Ant\u00f4nio Conselheiro\"}]},{\"@type\":\"WebSite\",\"@id\":\"https:\\\/\\\/blogs.multimeios.ufc.br\\\/crid\\\/#website\",\"url\":\"https:\\\/\\\/blogs.multimeios.ufc.br\\\/crid\\\/\",\"name\":\"CRID: Uma proposta de Comunidades Digitais Rurais\",\"description\":\"\",\"potentialAction\":[{\"@type\":\"SearchAction\",\"target\":{\"@type\":\"EntryPoint\",\"urlTemplate\":\"https:\\\/\\\/blogs.multimeios.ufc.br\\\/crid\\\/?s={search_term_string}\"},\"query-input\":{\"@type\":\"PropertyValueSpecification\",\"valueRequired\":true,\"valueName\":\"search_term_string\"}}],\"inLanguage\":\"pt-BR\"}]}<\/script>\n<!-- \/ Yoast SEO plugin. -->","yoast_head_json":{"title":"Ant\u00f4nio Conselheiro - CRID: Uma proposta de Comunidades Digitais Rurais","robots":{"index":"index","follow":"follow","max-snippet":"max-snippet:-1","max-image-preview":"max-image-preview:large","max-video-preview":"max-video-preview:-1"},"canonical":"https:\/\/blogs.multimeios.ufc.br\/crid\/assentamentos\/antonio-conselheiro-2\/","og_locale":"pt_BR","og_type":"article","og_title":"Ant\u00f4nio Conselheiro - CRID: Uma proposta de Comunidades Digitais Rurais","og_description":"\u00a0\u00a0\u00a0\u00a0\u00a0 O assentamento foi fundado pr\u00f3ximo da meia noite do dia 19 de maio, no ano de1995. Inicialmente eram 800 fam\u00edlias, ficando 200 assentadas. Est\u00e1 localizado na CE- 060 (Estrada do algod\u00e3o), na altura do km37, Distrito de Milton Belo, &hellip; Continue lendo &rarr;","og_url":"https:\/\/blogs.multimeios.ufc.br\/crid\/assentamentos\/antonio-conselheiro-2\/","og_site_name":"CRID: Uma proposta de Comunidades Digitais Rurais","article_modified_time":"2023-02-23T22:37:26+00:00","og_image":[{"url":"http:\/\/blogs.multimeios.ufc.br\/crid\/files\/2016\/09\/DSC09007-300x169.jpg","type":"","width":"","height":""}],"twitter_card":"summary_large_image","twitter_misc":{"Est. tempo de leitura":"1 minuto"},"schema":{"@context":"https:\/\/schema.org","@graph":[{"@type":"WebPage","@id":"https:\/\/blogs.multimeios.ufc.br\/crid\/assentamentos\/antonio-conselheiro-2\/","url":"https:\/\/blogs.multimeios.ufc.br\/crid\/assentamentos\/antonio-conselheiro-2\/","name":"Ant\u00f4nio Conselheiro - CRID: Uma proposta de Comunidades Digitais Rurais","isPartOf":{"@id":"https:\/\/blogs.multimeios.ufc.br\/crid\/#website"},"primaryImageOfPage":{"@id":"https:\/\/blogs.multimeios.ufc.br\/crid\/assentamentos\/antonio-conselheiro-2\/#primaryimage"},"image":{"@id":"https:\/\/blogs.multimeios.ufc.br\/crid\/assentamentos\/antonio-conselheiro-2\/#primaryimage"},"thumbnailUrl":"http:\/\/blogs.multimeios.ufc.br\/crid\/files\/2016\/09\/DSC09007-300x169.jpg","datePublished":"2016-09-09T18:15:09+00:00","dateModified":"2023-02-23T22:37:26+00:00","breadcrumb":{"@id":"https:\/\/blogs.multimeios.ufc.br\/crid\/assentamentos\/antonio-conselheiro-2\/#breadcrumb"},"inLanguage":"pt-BR","potentialAction":[{"@type":"ReadAction","target":["https:\/\/blogs.multimeios.ufc.br\/crid\/assentamentos\/antonio-conselheiro-2\/"]}]},{"@type":"ImageObject","inLanguage":"pt-BR","@id":"https:\/\/blogs.multimeios.ufc.br\/crid\/assentamentos\/antonio-conselheiro-2\/#primaryimage","url":"https:\/\/blogs.multimeios.ufc.br\/crid\/files\/2016\/09\/DSC09007.jpg","contentUrl":"https:\/\/blogs.multimeios.ufc.br\/crid\/files\/2016\/09\/DSC09007.jpg","width":3072,"height":1728},{"@type":"BreadcrumbList","@id":"https:\/\/blogs.multimeios.ufc.br\/crid\/assentamentos\/antonio-conselheiro-2\/#breadcrumb","itemListElement":[{"@type":"ListItem","position":1,"name":"In\u00edcio","item":"https:\/\/blogs.multimeios.ufc.br\/crid\/"},{"@type":"ListItem","position":2,"name":"Comunidades","item":"https:\/\/blogs.multimeios.ufc.br\/crid\/assentamentos\/"},{"@type":"ListItem","position":3,"name":"Ant\u00f4nio Conselheiro"}]},{"@type":"WebSite","@id":"https:\/\/blogs.multimeios.ufc.br\/crid\/#website","url":"https:\/\/blogs.multimeios.ufc.br\/crid\/","name":"CRID: Uma proposta de Comunidades Digitais Rurais","description":"","potentialAction":[{"@type":"SearchAction","target":{"@type":"EntryPoint","urlTemplate":"https:\/\/blogs.multimeios.ufc.br\/crid\/?s={search_term_string}"},"query-input":{"@type":"PropertyValueSpecification","valueRequired":true,"valueName":"search_term_string"}}],"inLanguage":"pt-BR"}]}},"_links":{"self":[{"href":"https:\/\/blogs.multimeios.ufc.br\/crid\/wp-json\/wp\/v2\/pages\/447","targetHints":{"allow":["GET"]}}],"collection":[{"href":"https:\/\/blogs.multimeios.ufc.br\/crid\/wp-json\/wp\/v2\/pages"}],"about":[{"href":"https:\/\/blogs.multimeios.ufc.br\/crid\/wp-json\/wp\/v2\/types\/page"}],"author":[{"embeddable":true,"href":"https:\/\/blogs.multimeios.ufc.br\/crid\/wp-json\/wp\/v2\/users\/10"}],"replies":[{"embeddable":true,"href":"https:\/\/blogs.multimeios.ufc.br\/crid\/wp-json\/wp\/v2\/comments?post=447"}],"version-history":[{"count":8,"href":"https:\/\/blogs.multimeios.ufc.br\/crid\/wp-json\/wp\/v2\/pages\/447\/revisions"}],"predecessor-version":[{"id":630,"href":"https:\/\/blogs.multimeios.ufc.br\/crid\/wp-json\/wp\/v2\/pages\/447\/revisions\/630"}],"up":[{"embeddable":true,"href":"https:\/\/blogs.multimeios.ufc.br\/crid\/wp-json\/wp\/v2\/pages\/242"}],"wp:attachment":[{"href":"https:\/\/blogs.multimeios.ufc.br\/crid\/wp-json\/wp\/v2\/media?parent=447"}],"curies":[{"name":"wp","href":"https:\/\/api.w.org\/{rel}","templated":true}]}}