{"id":46,"date":"2015-08-04T16:26:48","date_gmt":"2015-08-04T16:26:48","guid":{"rendered":"http:\/\/blogs.multimeios.ufc.br\/crid\/?page_id=46"},"modified":"2023-02-23T22:38:39","modified_gmt":"2023-02-23T22:38:39","slug":"parcerias","status":"publish","type":"page","link":"https:\/\/blogs.multimeios.ufc.br\/crid\/parcerias\/","title":{"rendered":"Parceiros"},"content":{"rendered":"<div id=\"attachment_64\" style=\"width: 145px\" class=\"wp-caption aligncenter\"><a href=\"http:\/\/blogs.multimeios.ufc.br\/crid\/files\/2015\/08\/georreferenciamento-rural-incra.jpg\"><img decoding=\"async\" aria-describedby=\"caption-attachment-64\" class=\"wp-image-64 \" title=\"https:\/\/www.google.com.br\/search?q=incra+logo&amp;biw=1024&amp;bih=645&amp;tbm=isch&amp;imgil=knJRiqUEnnD5jM%253A%253BpJWtU_0Tjdx4CM%253Bhttp%25253A%25252F%25252Fblog.grancursosonline.com.br%25252Fincra-enfrenta-necessidade-de-concurso-para-mais-de-800-vagas-niveis-medio-e-superior%25252F&amp;source=iu&amp;pf=m&amp;fir=knJRiqUEnnD5jM%253A%252CpJWtU_0Tjdx4CM%252C_&amp;ved=0CDIQyjdqFQoTCNSS8_Xuj8cCFYqmHgodidIAVw&amp;ei=zOrAVdT8FYrNeomlg7gF&amp;usg=__Vi2AyhlAYvDSMJlEg6A3BZiVHwM%3D#imgrc=knJRiqUEnnD5jM%3A&amp;usg=__Vi2AyhlAYvDSMJlEg6A3BZiVHwM%3D\" src=\"http:\/\/blogs.multimeios.ufc.br\/crid\/files\/2015\/08\/georreferenciamento-rural-incra-300x228.jpg\" alt=\"\" width=\"135\" height=\"103\" srcset=\"https:\/\/blogs.multimeios.ufc.br\/crid\/files\/2015\/08\/georreferenciamento-rural-incra-300x228.jpg 300w, https:\/\/blogs.multimeios.ufc.br\/crid\/files\/2015\/08\/georreferenciamento-rural-incra.jpg 417w\" sizes=\"(max-width: 135px) 100vw, 135px\" \/><\/a><p id=\"caption-attachment-64\" class=\"wp-caption-text\"><a href=\"http:\/\/www.incra.gov.br\/\" target=\"_blank\" rel=\"noopener\">http:\/\/www.incra.gov.br\/<\/a><\/p><\/div>\n<p style=\"text-align: center\">O Instituto Nacional de Coloniza\u00e7\u00e3o e Reforma Agr\u00e1ria, Incra, \u00e9 uma autarquia federal cuja miss\u00e3o priorit\u00e1ria \u00e9\u00a0executar a reforma agr\u00e1ria e realizar o ordenamento fundi\u00e1rio nacional.<\/p>\n<p style=\"text-align: center\">Fonte: <a href=\"http:\/\/www.incra.gov.br\/institucional_abertura\" target=\"_blank\" rel=\"noopener\">http:\/\/www.incra.gov.br\/institucional_abertura<\/a><\/p>\n<p style=\"text-align: center\">\n<div id=\"attachment_187\" style=\"width: 186px\" class=\"wp-caption aligncenter\"><a href=\"http:\/\/blogs.multimeios.ufc.br\/crid\/files\/2015\/08\/fetra.jpg\"><img decoding=\"async\" aria-describedby=\"caption-attachment-187\" class=\"wp-image-187 \" src=\"http:\/\/blogs.multimeios.ufc.br\/crid\/files\/2015\/08\/fetra-300x118.jpg\" alt=\"fetra\" width=\"176\" height=\"69\" srcset=\"https:\/\/blogs.multimeios.ufc.br\/crid\/files\/2015\/08\/fetra-300x118.jpg 300w, https:\/\/blogs.multimeios.ufc.br\/crid\/files\/2015\/08\/fetra.jpg 444w\" sizes=\"(max-width: 176px) 100vw, 176px\" \/><\/a><p id=\"caption-attachment-187\" class=\"wp-caption-text\"><a href=\"http:\/\/www.fetraece.org.br\/\">http:\/\/www.fetraece.org.br\/<\/a><\/p><\/div>\n<p style=\"text-align: center\">A Federa\u00e7\u00e3o dos Trabalhadores e Trabalhadoras Rurais na Agricultura no Estado do Cear\u00e1 (FETRAECE) \u00e9 uma institui\u00e7\u00e3o de representa\u00e7\u00e3o sindical de 2\u00ba grau. Com sede em Fortaleza, a FETRAECE \u00e9 composta por uma Dire\u00e7\u00e3o Ampliada, que compreende a Presid\u00eancia, Vice-presid\u00eancia, nove Secretarias e oito Regionais (Cariri, Crate\u00fas, Iguatu, Itapipoca, Grande Fortaleza, Sert\u00e3o Central, Sobral e Vale do Jaguaribe), tudo para melhor atender os 183 sindicatos filiados e os agricultores e agricultoras familiares.<\/p>\n<p style=\"text-align: center\">Fonte: <a href=\"http:\/\/www.fetraece.org.br\/pagina_simples.php?titulo=Quem%20Somos&amp;pagina=quem_somos#.VcDvWje37tQ\" target=\"_blank\" rel=\"noopener\">http:\/\/www.fetraece.org.br\/pagina_simples.php?titulo=Quem%20Somos&amp;pagina=quem_somos#.VcDvWje37tQ<\/a><\/p>\n<p style=\"text-align: center\">\n<div id=\"attachment_68\" style=\"width: 214px\" class=\"wp-caption aligncenter\"><a href=\"http:\/\/blogs.multimeios.ufc.br\/crid\/files\/2015\/08\/logo_cnpq.jpg\"><img decoding=\"async\" aria-describedby=\"caption-attachment-68\" class=\"wp-image-68 \" title=\"https:\/\/www.google.com.br\/search?q=incra+logo&amp;biw=1024&amp;bih=645&amp;tbm=isch&amp;imgil=knJRiqUEnnD5jM%253A%253BpJWtU_0Tjdx4CM%253Bhttp%25253A%25252F%25252Fblog.grancursosonline.com.br%25252Fincra-enfrenta-necessidade-de-concurso-para-mais-de-800-vagas-niveis-medio-e-superior%25252F&amp;source=iu&amp;pf=m&amp;fir=knJRiqUEnnD5jM%253A%252CpJWtU_0Tjdx4CM%252C_&amp;ved=0CDIQyjdqFQoTCNSS8_Xuj8cCFYqmHgodidIAVw&amp;ei=zOrAVdT8FYrNeomlg7gF&amp;usg=__Vi2AyhlAYvDSMJlEg6A3BZiVHwM%3D#tbm=isch&amp;q=cnpq+logo&amp;imgrc=KcEiJpVo8rBtPM%3A\" src=\"http:\/\/blogs.multimeios.ufc.br\/crid\/files\/2015\/08\/logo_cnpq-300x133.jpg\" alt=\"http:\/\/www.cnpq.br\/\" width=\"204\" height=\"90\" srcset=\"https:\/\/blogs.multimeios.ufc.br\/crid\/files\/2015\/08\/logo_cnpq-300x133.jpg 300w, https:\/\/blogs.multimeios.ufc.br\/crid\/files\/2015\/08\/logo_cnpq.jpg 635w\" sizes=\"(max-width: 204px) 100vw, 204px\" \/><\/a><p id=\"caption-attachment-68\" class=\"wp-caption-text\"><a href=\"http:\/\/www.cnpq.br\/\" target=\"_blank\" rel=\"noopener\">http:\/\/www.cnpq.br\/<\/a><\/p><\/div>\n<div id=\"p_p_id_56_INSTANCE_C47b_\" class=\"portlet-boundary portlet-boundary_56_  portlet-static portlet-static-end portlet-journal-content \">\n<div class=\"portlet-borderless-container\">\n<div class=\"portlet-body\">\n<div id=\"article_10132_10157_2082155_1.0\" class=\"journal-content-article\">\n<div class=\"containerTxt\">\n<p style=\"text-align: center\">O Conselho Nacional de Desenvolvimento Cient\u00edfico e Tecnol\u00f3gico (CNPq), ag\u00eancia do Minist\u00e9rio da Ci\u00eancia, Tecnologia e Inova\u00e7\u00e3o (MCTI), tem como principais atribui\u00e7\u00f5es fomentar a pesquisa cient\u00edfica e tecnol\u00f3gica e incentivar a forma\u00e7\u00e3o de pesquisadores brasileiros.<\/p>\n<p style=\"text-align: center\">Fonte: <a href=\"http:\/\/www.cnpq.br\/web\/guest\/o-cnpq\" target=\"_blank\" rel=\"noopener\">http:\/\/www.cnpq.br\/web\/guest\/o-cnpq<\/a><\/p>\n<\/div>\n<\/div>\n<\/div>\n<\/div>\n<\/div>\n","protected":false},"excerpt":{"rendered":"<p>O Instituto Nacional de Coloniza\u00e7\u00e3o e Reforma Agr\u00e1ria, Incra, \u00e9 uma autarquia federal cuja miss\u00e3o priorit\u00e1ria \u00e9\u00a0executar a reforma agr\u00e1ria e realizar o ordenamento fundi\u00e1rio nacional. Fonte: http:\/\/www.incra.gov.br\/institucional_abertura A Federa\u00e7\u00e3o dos Trabalhadores e Trabalhadoras Rurais na Agricultura no Estado do &hellip; <a href=\"https:\/\/blogs.multimeios.ufc.br\/crid\/parcerias\/\">Continue lendo <span class=\"meta-nav\">&rarr;<\/span><\/a><\/p>\n","protected":false},"author":10,"featured_media":0,"parent":0,"menu_order":0,"comment_status":"closed","ping_status":"open","template":"","meta":{"footnotes":""},"class_list":["post-46","page","type-page","status-publish","hentry"],"yoast_head":"<!-- This site is optimized with the Yoast SEO plugin v27.4 - https:\/\/yoast.com\/product\/yoast-seo-wordpress\/ -->\n<title>Parceiros - CRID: Uma proposta de Comunidades Digitais Rurais<\/title>\n<meta name=\"robots\" content=\"index, follow, max-snippet:-1, max-image-preview:large, max-video-preview:-1\" \/>\n<link rel=\"canonical\" href=\"https:\/\/blogs.multimeios.ufc.br\/crid\/parcerias\/\" \/>\n<meta property=\"og:locale\" content=\"pt_BR\" \/>\n<meta property=\"og:type\" content=\"article\" \/>\n<meta property=\"og:title\" content=\"Parceiros - CRID: Uma proposta de Comunidades Digitais Rurais\" \/>\n<meta property=\"og:description\" content=\"O Instituto Nacional de Coloniza\u00e7\u00e3o e Reforma Agr\u00e1ria, Incra, \u00e9 uma autarquia federal cuja miss\u00e3o priorit\u00e1ria \u00e9\u00a0executar a reforma agr\u00e1ria e realizar o ordenamento fundi\u00e1rio nacional. Fonte: http:\/\/www.incra.gov.br\/institucional_abertura A Federa\u00e7\u00e3o dos Trabalhadores e Trabalhadoras Rurais na Agricultura no Estado do &hellip; Continue lendo &rarr;\" \/>\n<meta property=\"og:url\" content=\"https:\/\/blogs.multimeios.ufc.br\/crid\/parcerias\/\" \/>\n<meta property=\"og:site_name\" content=\"CRID: Uma proposta de Comunidades Digitais Rurais\" \/>\n<meta property=\"article:modified_time\" content=\"2023-02-23T22:38:39+00:00\" \/>\n<meta property=\"og:image\" content=\"http:\/\/blogs.multimeios.ufc.br\/crid\/files\/2015\/08\/georreferenciamento-rural-incra-300x228.jpg\" \/>\n<meta name=\"twitter:card\" content=\"summary_large_image\" \/>\n<meta name=\"twitter:label1\" content=\"Est. tempo de leitura\" \/>\n\t<meta name=\"twitter:data1\" content=\"1 minuto\" \/>\n<script type=\"application\/ld+json\" class=\"yoast-schema-graph\">{\"@context\":\"https:\\\/\\\/schema.org\",\"@graph\":[{\"@type\":\"WebPage\",\"@id\":\"https:\\\/\\\/blogs.multimeios.ufc.br\\\/crid\\\/parcerias\\\/\",\"url\":\"https:\\\/\\\/blogs.multimeios.ufc.br\\\/crid\\\/parcerias\\\/\",\"name\":\"Parceiros - CRID: Uma proposta de Comunidades Digitais Rurais\",\"isPartOf\":{\"@id\":\"https:\\\/\\\/blogs.multimeios.ufc.br\\\/crid\\\/#website\"},\"primaryImageOfPage\":{\"@id\":\"https:\\\/\\\/blogs.multimeios.ufc.br\\\/crid\\\/parcerias\\\/#primaryimage\"},\"image\":{\"@id\":\"https:\\\/\\\/blogs.multimeios.ufc.br\\\/crid\\\/parcerias\\\/#primaryimage\"},\"thumbnailUrl\":\"http:\\\/\\\/blogs.multimeios.ufc.br\\\/crid\\\/files\\\/2015\\\/08\\\/georreferenciamento-rural-incra-300x228.jpg\",\"datePublished\":\"2015-08-04T16:26:48+00:00\",\"dateModified\":\"2023-02-23T22:38:39+00:00\",\"breadcrumb\":{\"@id\":\"https:\\\/\\\/blogs.multimeios.ufc.br\\\/crid\\\/parcerias\\\/#breadcrumb\"},\"inLanguage\":\"pt-BR\",\"potentialAction\":[{\"@type\":\"ReadAction\",\"target\":[\"https:\\\/\\\/blogs.multimeios.ufc.br\\\/crid\\\/parcerias\\\/\"]}]},{\"@type\":\"ImageObject\",\"inLanguage\":\"pt-BR\",\"@id\":\"https:\\\/\\\/blogs.multimeios.ufc.br\\\/crid\\\/parcerias\\\/#primaryimage\",\"url\":\"https:\\\/\\\/blogs.multimeios.ufc.br\\\/crid\\\/files\\\/2015\\\/08\\\/georreferenciamento-rural-incra.jpg\",\"contentUrl\":\"https:\\\/\\\/blogs.multimeios.ufc.br\\\/crid\\\/files\\\/2015\\\/08\\\/georreferenciamento-rural-incra.jpg\",\"width\":417,\"height\":317,\"caption\":\"http:\\\/\\\/www.incra.gov.br\\\/\"},{\"@type\":\"BreadcrumbList\",\"@id\":\"https:\\\/\\\/blogs.multimeios.ufc.br\\\/crid\\\/parcerias\\\/#breadcrumb\",\"itemListElement\":[{\"@type\":\"ListItem\",\"position\":1,\"name\":\"In\u00edcio\",\"item\":\"https:\\\/\\\/blogs.multimeios.ufc.br\\\/crid\\\/\"},{\"@type\":\"ListItem\",\"position\":2,\"name\":\"Parceiros\"}]},{\"@type\":\"WebSite\",\"@id\":\"https:\\\/\\\/blogs.multimeios.ufc.br\\\/crid\\\/#website\",\"url\":\"https:\\\/\\\/blogs.multimeios.ufc.br\\\/crid\\\/\",\"name\":\"CRID: Uma proposta de Comunidades Digitais Rurais\",\"description\":\"\",\"potentialAction\":[{\"@type\":\"SearchAction\",\"target\":{\"@type\":\"EntryPoint\",\"urlTemplate\":\"https:\\\/\\\/blogs.multimeios.ufc.br\\\/crid\\\/?s={search_term_string}\"},\"query-input\":{\"@type\":\"PropertyValueSpecification\",\"valueRequired\":true,\"valueName\":\"search_term_string\"}}],\"inLanguage\":\"pt-BR\"}]}<\/script>\n<!-- \/ Yoast SEO plugin. -->","yoast_head_json":{"title":"Parceiros - CRID: Uma proposta de Comunidades Digitais Rurais","robots":{"index":"index","follow":"follow","max-snippet":"max-snippet:-1","max-image-preview":"max-image-preview:large","max-video-preview":"max-video-preview:-1"},"canonical":"https:\/\/blogs.multimeios.ufc.br\/crid\/parcerias\/","og_locale":"pt_BR","og_type":"article","og_title":"Parceiros - CRID: Uma proposta de Comunidades Digitais Rurais","og_description":"O Instituto Nacional de Coloniza\u00e7\u00e3o e Reforma Agr\u00e1ria, Incra, \u00e9 uma autarquia federal cuja miss\u00e3o priorit\u00e1ria \u00e9\u00a0executar a reforma agr\u00e1ria e realizar o ordenamento fundi\u00e1rio nacional. Fonte: http:\/\/www.incra.gov.br\/institucional_abertura A Federa\u00e7\u00e3o dos Trabalhadores e Trabalhadoras Rurais na Agricultura no Estado do &hellip; Continue lendo &rarr;","og_url":"https:\/\/blogs.multimeios.ufc.br\/crid\/parcerias\/","og_site_name":"CRID: Uma proposta de Comunidades Digitais Rurais","article_modified_time":"2023-02-23T22:38:39+00:00","og_image":[{"url":"http:\/\/blogs.multimeios.ufc.br\/crid\/files\/2015\/08\/georreferenciamento-rural-incra-300x228.jpg","type":"","width":"","height":""}],"twitter_card":"summary_large_image","twitter_misc":{"Est. tempo de leitura":"1 minuto"},"schema":{"@context":"https:\/\/schema.org","@graph":[{"@type":"WebPage","@id":"https:\/\/blogs.multimeios.ufc.br\/crid\/parcerias\/","url":"https:\/\/blogs.multimeios.ufc.br\/crid\/parcerias\/","name":"Parceiros - CRID: Uma proposta de Comunidades Digitais Rurais","isPartOf":{"@id":"https:\/\/blogs.multimeios.ufc.br\/crid\/#website"},"primaryImageOfPage":{"@id":"https:\/\/blogs.multimeios.ufc.br\/crid\/parcerias\/#primaryimage"},"image":{"@id":"https:\/\/blogs.multimeios.ufc.br\/crid\/parcerias\/#primaryimage"},"thumbnailUrl":"http:\/\/blogs.multimeios.ufc.br\/crid\/files\/2015\/08\/georreferenciamento-rural-incra-300x228.jpg","datePublished":"2015-08-04T16:26:48+00:00","dateModified":"2023-02-23T22:38:39+00:00","breadcrumb":{"@id":"https:\/\/blogs.multimeios.ufc.br\/crid\/parcerias\/#breadcrumb"},"inLanguage":"pt-BR","potentialAction":[{"@type":"ReadAction","target":["https:\/\/blogs.multimeios.ufc.br\/crid\/parcerias\/"]}]},{"@type":"ImageObject","inLanguage":"pt-BR","@id":"https:\/\/blogs.multimeios.ufc.br\/crid\/parcerias\/#primaryimage","url":"https:\/\/blogs.multimeios.ufc.br\/crid\/files\/2015\/08\/georreferenciamento-rural-incra.jpg","contentUrl":"https:\/\/blogs.multimeios.ufc.br\/crid\/files\/2015\/08\/georreferenciamento-rural-incra.jpg","width":417,"height":317,"caption":"http:\/\/www.incra.gov.br\/"},{"@type":"BreadcrumbList","@id":"https:\/\/blogs.multimeios.ufc.br\/crid\/parcerias\/#breadcrumb","itemListElement":[{"@type":"ListItem","position":1,"name":"In\u00edcio","item":"https:\/\/blogs.multimeios.ufc.br\/crid\/"},{"@type":"ListItem","position":2,"name":"Parceiros"}]},{"@type":"WebSite","@id":"https:\/\/blogs.multimeios.ufc.br\/crid\/#website","url":"https:\/\/blogs.multimeios.ufc.br\/crid\/","name":"CRID: Uma proposta de Comunidades Digitais Rurais","description":"","potentialAction":[{"@type":"SearchAction","target":{"@type":"EntryPoint","urlTemplate":"https:\/\/blogs.multimeios.ufc.br\/crid\/?s={search_term_string}"},"query-input":{"@type":"PropertyValueSpecification","valueRequired":true,"valueName":"search_term_string"}}],"inLanguage":"pt-BR"}]}},"_links":{"self":[{"href":"https:\/\/blogs.multimeios.ufc.br\/crid\/wp-json\/wp\/v2\/pages\/46","targetHints":{"allow":["GET"]}}],"collection":[{"href":"https:\/\/blogs.multimeios.ufc.br\/crid\/wp-json\/wp\/v2\/pages"}],"about":[{"href":"https:\/\/blogs.multimeios.ufc.br\/crid\/wp-json\/wp\/v2\/types\/page"}],"author":[{"embeddable":true,"href":"https:\/\/blogs.multimeios.ufc.br\/crid\/wp-json\/wp\/v2\/users\/10"}],"replies":[{"embeddable":true,"href":"https:\/\/blogs.multimeios.ufc.br\/crid\/wp-json\/wp\/v2\/comments?post=46"}],"version-history":[{"count":15,"href":"https:\/\/blogs.multimeios.ufc.br\/crid\/wp-json\/wp\/v2\/pages\/46\/revisions"}],"predecessor-version":[{"id":1038,"href":"https:\/\/blogs.multimeios.ufc.br\/crid\/wp-json\/wp\/v2\/pages\/46\/revisions\/1038"}],"wp:attachment":[{"href":"https:\/\/blogs.multimeios.ufc.br\/crid\/wp-json\/wp\/v2\/media?parent=46"}],"curies":[{"name":"wp","href":"https:\/\/api.w.org\/{rel}","templated":true}]}}