{"id":466,"date":"2017-03-17T15:18:27","date_gmt":"2017-03-17T15:18:27","guid":{"rendered":"http:\/\/blogs.multimeios.ufc.br\/crid\/?page_id=466"},"modified":"2023-02-23T22:37:56","modified_gmt":"2023-02-23T22:37:56","slug":"ex-bolsistas","status":"publish","type":"page","link":"https:\/\/blogs.multimeios.ufc.br\/crid\/ex-bolsistas\/","title":{"rendered":"Ex- bolsistas"},"content":{"rendered":"<h2 style=\"text-align: center\">Conhe\u00e7a os ex- bolsistas que fizeram parte da hist\u00f3ria do CRID!! Para acessar, basta clicar no nome \ud83d\ude09<\/h2>\n<h3><span style=\"color: #ff0000\"><strong><u>Bolsistas de Gradua\u00e7\u00e3o<\/u><\/strong><\/span><\/h3>\n<p><a href=\"http:\/\/lattes.cnpq.br\/5241369453826453\" target=\"_blank\" rel=\"noopener noreferrer\">Amanda Salvador Lopes \u2013 Pedagogia\/FACED\/UFC<\/a><\/p>\n<p><a href=\"http:\/\/lattes.cnpq.br\/0320003763065324\" target=\"_blank\" rel=\"noopener noreferrer\">Ana Beatriz Bezerra de Abreu Carneiro \u2013 Ci\u00eancias da computa\u00e7\u00e3o IFCE\/Maracana\u00fa<\/a><\/p>\n<p><a href=\"http:\/\/lattes.cnpq.br\/9516095943955387\" target=\"_blank\" rel=\"noopener noreferrer\">Ana Vict\u00f3ria de Oliveira \u2013 Sistemas e M\u00eddia Digitais\/UFC<\/a><\/p>\n<p>Allan Thompson Nunes de Lima- Publicidade e Propaganda\/UFC<\/p>\n<p><a href=\"http:\/\/lattes.cnpq.br\/3927537161317771\" target=\"_blank\" rel=\"noopener noreferrer\">Beatriz Pereira da Silva &#8211; Pedagogia\/FACED\/UFC<\/a><\/p>\n<p><a href=\"http:\/\/lattes.cnpq.br\/6279332231330763\" target=\"_blank\" rel=\"noopener noreferrer\">Davi Freire Silvino \u2013 Engenharia El\u00e9trica\/UFC<\/a><\/p>\n<p><a href=\"http:\/\/lattes.cnpq.br\/0553392473268283\">Di\u00eago Luan Silva Mendes &#8211; Pedagogia\/FACED\/UFC\u00a0 <\/a><\/p>\n<p><a href=\"http:\/\/lattes.cnpq.br\/5350692885991190\" target=\"_blank\" rel=\"noopener noreferrer\">Emilly Vict\u00f3ria de Oliveira Marinho &#8211; Pedagogia\/FACED\/UFC<\/a><\/p>\n<p>Ellie Zon Freitas Xavier &#8211; Pedagogia\/FACED\/UFC<\/p>\n<p>F\u00e1bio Florc\u00eancio Nogueira J\u00fanior &#8211; Pedagogia\/FACED\/UFC<\/p>\n<p><a href=\"http:\/\/lattes.cnpq.br\/1074504533188782\" target=\"_blank\" rel=\"noopener noreferrer\">Francisca V\u00e2nia dos Santos Silva &#8211; Pedagogia\/FACED\/UFC<\/a><\/p>\n<p><a href=\"http:\/\/lattes.cnpq.br\/5953539932001260\">Franksuan Morais da Costa &#8211; Pedagogia\/FACED\/UFC <\/a><\/p>\n<p><a href=\"http:\/\/lattes.cnpq.br\/8534981955883314\" target=\"_blank\" rel=\"noopener noreferrer\">Igor Marcio do Nascimento Azevedo \u2013 Graduado em Pedagogia<\/a><\/p>\n<p><a href=\"http:\/\/lattes.cnpq.br\/5153185819964999\">Isaac Coelho Medeiros &#8211; Ci\u00eancias da Computa\u00e7\u00e3o\/IFCE-Maracana\u00fa <\/a><\/p>\n<p><a href=\"http:\/\/lattes.cnpq.br\/1661641953372978\" target=\"_blank\" rel=\"noopener noreferrer\">Janyara Emanuelly Bernardo Barbosa &#8211; Pedagogia\/FACED\/UFC<\/a><\/p>\n<p><a href=\"http:\/\/lattes.cnpq.br\/5863492615969456\" target=\"_blank\" rel=\"noopener noreferrer\">J\u00e9sica Lima da <u>S<\/u>ilva &#8211; Pedagogia\/FACED\/UFC<\/a><\/p>\n<p><a href=\"http:\/\/lattes.cnpq.br\/3159334704183780\">J\u00e9ssica Castro de Barbosa &#8211; Pedagogia\/FACED\/UFC\u00a0 <\/a><\/p>\n<p>Julia Leite Rabay \u2013 Audiovisual\/UNIFOR<\/p>\n<p><a href=\"http:\/\/lattes.cnpq.br\/4610398414465744\">Let\u00edcia dos Santos Maia &#8211; Pedagogia\/FACED\/UFC<\/a><\/p>\n<p><a href=\"http:\/\/lattes.cnpq.br\/8954331777364414\" target=\"_blank\" rel=\"noopener noreferrer\">M\u00e1spoli Igor Fontenele de Carvalho &#8211; Pedagogia\/FACED\/UFC<\/a><\/p>\n<p><a href=\"http:\/\/lattes.cnpq.br\/1947257465846790\">Matheus Alves Frota &#8211; Pedagogia\/FACED\/UFC<\/a><\/p>\n<p><a href=\"http:\/\/lattes.cnpq.br\/7310541083067472\">Paulo Victor Costa Silva &#8211; Arquitetura\/UNI7 <\/a><\/p>\n<p><a href=\"http:\/\/lattes.cnpq.br\/5742331458999788\" target=\"_blank\" rel=\"noopener noreferrer\">Paulo Victor Vasconcelos Farias Arag\u00e3o &#8211; Sistemas da Informa\u00e7\u00e3o\/FA7<\/a><\/p>\n<p><a href=\"http:\/\/lattes.cnpq.br\/3429812511754998\" target=\"_blank\" rel=\"noopener noreferrer\">Sara Maria Fernandes Garcez &#8211; Administra\u00e7\u00e3o\/UNIP<\/a><\/p>\n<p><a href=\"http:\/\/lattes.cnpq.br\/2743975065796989\" target=\"_blank\" rel=\"noopener noreferrer\">Stefan Podgurski &#8211; Sistemas da Informa\u00e7\u00e3o\/Faculdade 7 de Setembro<\/a><\/p>\n<p><a href=\"http:\/\/lattes.cnpq.br\/8196746543427783\">Synara Soares Pereira\/UNI7 <\/a><\/p>\n<p><a href=\"http:\/\/lattes.cnpq.br\/7833892147049191\">Tayara Lima Alves &#8211; Pedagogia\/FACED\/UFC <\/a><\/p>\n<p><a href=\"http:\/\/lattes.cnpq.br\/8156298426804539\" target=\"_blank\" rel=\"noopener noreferrer\">Tha\u00eds Gabriela Veras Gama \u2013 Ci\u00eancias Econ\u00f4micas\/UFC<\/a><\/p>\n<h3><span style=\"color: #ff0000\"><strong><u>Coordena\u00e7\u00e3o<\/u><\/strong><\/span><\/h3>\n<p><a href=\"http:\/\/lattes.cnpq.br\/2456892294445426\" target=\"_blank\" rel=\"noopener noreferrer\">Agercicleiton Coelho Guerra \u2013 Mestrando em Educa\u00e7\u00e3o\/FACED\/UFC<\/a><\/p>\n<p><a href=\"http:\/\/lattes.cnpq.br\/4775855645730158\" target=\"_blank\" rel=\"noopener noreferrer\">Jeriane da Silva Rabelo &#8211; Mestranda em Educa\u00e7\u00e3o\/FACED\/UFC<\/a><\/p>\n<p>&nbsp;<\/p>\n","protected":false},"excerpt":{"rendered":"<p>Conhe\u00e7a os ex- bolsistas que fizeram parte da hist\u00f3ria do CRID!! Para acessar, basta clicar no nome \ud83d\ude09 Bolsistas de Gradua\u00e7\u00e3o Amanda Salvador Lopes \u2013 Pedagogia\/FACED\/UFC Ana Beatriz Bezerra de Abreu Carneiro \u2013 Ci\u00eancias da computa\u00e7\u00e3o IFCE\/Maracana\u00fa Ana Vict\u00f3ria de &hellip; <a href=\"https:\/\/blogs.multimeios.ufc.br\/crid\/ex-bolsistas\/\">Continue lendo <span class=\"meta-nav\">&rarr;<\/span><\/a><\/p>\n","protected":false},"author":10,"featured_media":0,"parent":0,"menu_order":0,"comment_status":"closed","ping_status":"closed","template":"","meta":{"footnotes":""},"class_list":["post-466","page","type-page","status-publish","hentry"],"yoast_head":"<!-- This site is optimized with the Yoast SEO plugin v27.3 - https:\/\/yoast.com\/product\/yoast-seo-wordpress\/ -->\n<title>Ex- bolsistas - CRID: Uma proposta de Comunidades Digitais Rurais<\/title>\n<meta name=\"robots\" content=\"index, follow, max-snippet:-1, max-image-preview:large, max-video-preview:-1\" \/>\n<link rel=\"canonical\" href=\"https:\/\/blogs.multimeios.ufc.br\/crid\/ex-bolsistas\/\" \/>\n<meta property=\"og:locale\" content=\"pt_BR\" \/>\n<meta property=\"og:type\" content=\"article\" \/>\n<meta property=\"og:title\" content=\"Ex- bolsistas - CRID: Uma proposta de Comunidades Digitais Rurais\" \/>\n<meta property=\"og:description\" content=\"Conhe\u00e7a os ex- bolsistas que fizeram parte da hist\u00f3ria do CRID!! Para acessar, basta clicar no nome \ud83d\ude09 Bolsistas de Gradua\u00e7\u00e3o Amanda Salvador Lopes \u2013 Pedagogia\/FACED\/UFC Ana Beatriz Bezerra de Abreu Carneiro \u2013 Ci\u00eancias da computa\u00e7\u00e3o IFCE\/Maracana\u00fa Ana Vict\u00f3ria de &hellip; Continue lendo &rarr;\" \/>\n<meta property=\"og:url\" content=\"https:\/\/blogs.multimeios.ufc.br\/crid\/ex-bolsistas\/\" \/>\n<meta property=\"og:site_name\" content=\"CRID: Uma proposta de Comunidades Digitais Rurais\" \/>\n<meta property=\"article:modified_time\" content=\"2023-02-23T22:37:56+00:00\" \/>\n<meta name=\"twitter:card\" content=\"summary_large_image\" \/>\n<meta name=\"twitter:label1\" content=\"Est. tempo de leitura\" \/>\n\t<meta name=\"twitter:data1\" content=\"1 minuto\" \/>\n<script type=\"application\/ld+json\" class=\"yoast-schema-graph\">{\"@context\":\"https:\\\/\\\/schema.org\",\"@graph\":[{\"@type\":\"WebPage\",\"@id\":\"https:\\\/\\\/blogs.multimeios.ufc.br\\\/crid\\\/ex-bolsistas\\\/\",\"url\":\"https:\\\/\\\/blogs.multimeios.ufc.br\\\/crid\\\/ex-bolsistas\\\/\",\"name\":\"Ex- bolsistas - CRID: Uma proposta de Comunidades Digitais Rurais\",\"isPartOf\":{\"@id\":\"https:\\\/\\\/blogs.multimeios.ufc.br\\\/crid\\\/#website\"},\"datePublished\":\"2017-03-17T15:18:27+00:00\",\"dateModified\":\"2023-02-23T22:37:56+00:00\",\"breadcrumb\":{\"@id\":\"https:\\\/\\\/blogs.multimeios.ufc.br\\\/crid\\\/ex-bolsistas\\\/#breadcrumb\"},\"inLanguage\":\"pt-BR\",\"potentialAction\":[{\"@type\":\"ReadAction\",\"target\":[\"https:\\\/\\\/blogs.multimeios.ufc.br\\\/crid\\\/ex-bolsistas\\\/\"]}]},{\"@type\":\"BreadcrumbList\",\"@id\":\"https:\\\/\\\/blogs.multimeios.ufc.br\\\/crid\\\/ex-bolsistas\\\/#breadcrumb\",\"itemListElement\":[{\"@type\":\"ListItem\",\"position\":1,\"name\":\"In\u00edcio\",\"item\":\"https:\\\/\\\/blogs.multimeios.ufc.br\\\/crid\\\/\"},{\"@type\":\"ListItem\",\"position\":2,\"name\":\"Ex- bolsistas\"}]},{\"@type\":\"WebSite\",\"@id\":\"https:\\\/\\\/blogs.multimeios.ufc.br\\\/crid\\\/#website\",\"url\":\"https:\\\/\\\/blogs.multimeios.ufc.br\\\/crid\\\/\",\"name\":\"CRID: Uma proposta de Comunidades Digitais Rurais\",\"description\":\"\",\"potentialAction\":[{\"@type\":\"SearchAction\",\"target\":{\"@type\":\"EntryPoint\",\"urlTemplate\":\"https:\\\/\\\/blogs.multimeios.ufc.br\\\/crid\\\/?s={search_term_string}\"},\"query-input\":{\"@type\":\"PropertyValueSpecification\",\"valueRequired\":true,\"valueName\":\"search_term_string\"}}],\"inLanguage\":\"pt-BR\"}]}<\/script>\n<!-- \/ Yoast SEO plugin. -->","yoast_head_json":{"title":"Ex- bolsistas - CRID: Uma proposta de Comunidades Digitais Rurais","robots":{"index":"index","follow":"follow","max-snippet":"max-snippet:-1","max-image-preview":"max-image-preview:large","max-video-preview":"max-video-preview:-1"},"canonical":"https:\/\/blogs.multimeios.ufc.br\/crid\/ex-bolsistas\/","og_locale":"pt_BR","og_type":"article","og_title":"Ex- bolsistas - CRID: Uma proposta de Comunidades Digitais Rurais","og_description":"Conhe\u00e7a os ex- bolsistas que fizeram parte da hist\u00f3ria do CRID!! Para acessar, basta clicar no nome \ud83d\ude09 Bolsistas de Gradua\u00e7\u00e3o Amanda Salvador Lopes \u2013 Pedagogia\/FACED\/UFC Ana Beatriz Bezerra de Abreu Carneiro \u2013 Ci\u00eancias da computa\u00e7\u00e3o IFCE\/Maracana\u00fa Ana Vict\u00f3ria de &hellip; Continue lendo &rarr;","og_url":"https:\/\/blogs.multimeios.ufc.br\/crid\/ex-bolsistas\/","og_site_name":"CRID: Uma proposta de Comunidades Digitais Rurais","article_modified_time":"2023-02-23T22:37:56+00:00","twitter_card":"summary_large_image","twitter_misc":{"Est. tempo de leitura":"1 minuto"},"schema":{"@context":"https:\/\/schema.org","@graph":[{"@type":"WebPage","@id":"https:\/\/blogs.multimeios.ufc.br\/crid\/ex-bolsistas\/","url":"https:\/\/blogs.multimeios.ufc.br\/crid\/ex-bolsistas\/","name":"Ex- bolsistas - CRID: Uma proposta de Comunidades Digitais Rurais","isPartOf":{"@id":"https:\/\/blogs.multimeios.ufc.br\/crid\/#website"},"datePublished":"2017-03-17T15:18:27+00:00","dateModified":"2023-02-23T22:37:56+00:00","breadcrumb":{"@id":"https:\/\/blogs.multimeios.ufc.br\/crid\/ex-bolsistas\/#breadcrumb"},"inLanguage":"pt-BR","potentialAction":[{"@type":"ReadAction","target":["https:\/\/blogs.multimeios.ufc.br\/crid\/ex-bolsistas\/"]}]},{"@type":"BreadcrumbList","@id":"https:\/\/blogs.multimeios.ufc.br\/crid\/ex-bolsistas\/#breadcrumb","itemListElement":[{"@type":"ListItem","position":1,"name":"In\u00edcio","item":"https:\/\/blogs.multimeios.ufc.br\/crid\/"},{"@type":"ListItem","position":2,"name":"Ex- bolsistas"}]},{"@type":"WebSite","@id":"https:\/\/blogs.multimeios.ufc.br\/crid\/#website","url":"https:\/\/blogs.multimeios.ufc.br\/crid\/","name":"CRID: Uma proposta de Comunidades Digitais Rurais","description":"","potentialAction":[{"@type":"SearchAction","target":{"@type":"EntryPoint","urlTemplate":"https:\/\/blogs.multimeios.ufc.br\/crid\/?s={search_term_string}"},"query-input":{"@type":"PropertyValueSpecification","valueRequired":true,"valueName":"search_term_string"}}],"inLanguage":"pt-BR"}]}},"_links":{"self":[{"href":"https:\/\/blogs.multimeios.ufc.br\/crid\/wp-json\/wp\/v2\/pages\/466","targetHints":{"allow":["GET"]}}],"collection":[{"href":"https:\/\/blogs.multimeios.ufc.br\/crid\/wp-json\/wp\/v2\/pages"}],"about":[{"href":"https:\/\/blogs.multimeios.ufc.br\/crid\/wp-json\/wp\/v2\/types\/page"}],"author":[{"embeddable":true,"href":"https:\/\/blogs.multimeios.ufc.br\/crid\/wp-json\/wp\/v2\/users\/10"}],"replies":[{"embeddable":true,"href":"https:\/\/blogs.multimeios.ufc.br\/crid\/wp-json\/wp\/v2\/comments?post=466"}],"version-history":[{"count":10,"href":"https:\/\/blogs.multimeios.ufc.br\/crid\/wp-json\/wp\/v2\/pages\/466\/revisions"}],"predecessor-version":[{"id":926,"href":"https:\/\/blogs.multimeios.ufc.br\/crid\/wp-json\/wp\/v2\/pages\/466\/revisions\/926"}],"wp:attachment":[{"href":"https:\/\/blogs.multimeios.ufc.br\/crid\/wp-json\/wp\/v2\/media?parent=466"}],"curies":[{"name":"wp","href":"https:\/\/api.w.org\/{rel}","templated":true}]}}