{"id":543,"date":"2016-09-26T14:02:48","date_gmt":"2016-09-26T14:02:48","guid":{"rendered":"http:\/\/blogs.multimeios.ufc.br\/crid\/?page_id=543"},"modified":"2023-02-23T22:37:14","modified_gmt":"2023-02-23T22:37:14","slug":"apresentacao","status":"publish","type":"page","link":"https:\/\/blogs.multimeios.ufc.br\/crid\/apresentacao\/","title":{"rendered":"Apresenta\u00e7\u00e3o"},"content":{"rendered":"<div class=\"entry-content\">\n<p style=\"text-align: justify\">O CRID (Centros Rurais de Inclus\u00e3o de Digital) \u00e9 um projeto que nasceu em <a href=\"http:\/\/www.multimeios.ufc.br\/crid\/\" target=\"_blank\" rel=\"noopener noreferrer\">2004<\/a> no Laborat\u00f3rio de Pesquisa Multimeios da Faculdade de Educa\u00e7\u00e3o da Universidade Federal do Cear\u00e1 (UFC), tendo como parceiros o Instituto Nacional de Coloniza\u00e7\u00e3o e Reforma Agr\u00e1ria (INCRA\/CE), o Banco do Nordeste do Brasil (BNB) e o Minist\u00e9rio do Desenvolvimento Agr\u00e1rio-MDA, atrav\u00e9s do N\u00facleo de Estudos Agr\u00e1rios e Desenvolvimento Rural (NEAD). O Prof. Herm\u00ednio Borges Neto \u00e9 o coordenador geral do projeto e atualmente conta com uma equipe de vinte e tr\u00eas\u00a0 (17) integrantes, treze dezesseis (13) bolsistas de gradua\u00e7\u00e3o e quatro (4) coordenadoras que contam com o financiamento do CNPq para fomento das atividades previstas (2015-2017).<\/p>\n<p style=\"text-align: justify\">Tem como objetivos formar gestores (jovens e adultos), com habilidades para manuten\u00e7\u00e3o b\u00e1sicas na Unidade de Inclus\u00e3o Digital\/Laborat\u00f3rio de Inform\u00e1tica Educativa (UID\/LIE); Implementar as UID\u2019s\/LIE por jovens e assentados nos Projetos de Assentamento, com suporte da equipe da universidade; desenvolver uma cultura de t\u00e9l\u00e9-travaille (resolu\u00e7\u00e3o de problemas a dist\u00e2ncia, com uso das Interfaces Digitais Interativas dispon\u00edveis; criar web-r\u00e1dios e web tv para o dom\u00ednio de t\u00e9cnicas para sua implementa\u00e7\u00e3o e multiplica\u00e7\u00e3o; disponibilizar o acesso \u00e0 Internet para comunidade de um modo geral, com roteadores sem fio espalhados pelos assentamentos.<\/p>\n<p style=\"text-align: justify\">A metodologia empregada \u00e9 a de que os usu\u00e1rios do CRID sejam ativos em seu aprendizado, sendo os bolsistas do projeto\/monitores apenas guias, num procedimento batizado de \u201cm\u00e3o no bolso\u201d. A \u201cSequ\u00eancia FEDATHI\u201d utilizada pelo CRID, \u00e9 uma proposta de media\u00e7\u00e3o pedag\u00f3gica que orienta todas as a\u00e7\u00f5es, pesquisas e projetos do Laborat\u00f3rio Multimeios.<\/p>\n<p style=\"text-align: justify\">As linhas de atua\u00e7\u00e3o do projeto s\u00e3o Inform\u00e1tica Educativa, Inclus\u00e3o Digital, Teletrabalho, Forma\u00e7\u00e3o de Gestores e Web Comunica\u00e7\u00e3o que visam numa perspectiva geral o desenvolvimento social, econ\u00f4mico, cultural, mobilizando as comunidades a fim de promover uma mudan\u00e7a local em busca da consci\u00eancia de que o cidad\u00e3o tem o seu poder aumentado quando tem acesso \u00e0 informa\u00e7\u00e3o, sendo capaz de transform\u00e1-la em conhecimento.<\/p>\n<p style=\"text-align: justify\"><strong>Vem conhecer o #CRID e fica ligad@ nas nossas novidades!!!<\/strong><\/p>\n<\/div>\n","protected":false},"excerpt":{"rendered":"<p>O CRID (Centros Rurais de Inclus\u00e3o de Digital) \u00e9 um projeto que nasceu em 2004 no Laborat\u00f3rio de Pesquisa Multimeios da Faculdade de Educa\u00e7\u00e3o da Universidade Federal do Cear\u00e1 (UFC), tendo como parceiros o Instituto Nacional de Coloniza\u00e7\u00e3o e Reforma &hellip; <a href=\"https:\/\/blogs.multimeios.ufc.br\/crid\/apresentacao\/\">Continue lendo <span class=\"meta-nav\">&rarr;<\/span><\/a><\/p>\n","protected":false},"author":10,"featured_media":0,"parent":0,"menu_order":0,"comment_status":"closed","ping_status":"closed","template":"","meta":{"footnotes":""},"class_list":["post-543","page","type-page","status-publish","hentry"],"yoast_head":"<!-- This site is optimized with the Yoast SEO plugin v27.3 - https:\/\/yoast.com\/product\/yoast-seo-wordpress\/ -->\n<title>Apresenta\u00e7\u00e3o - CRID: Uma proposta de Comunidades Digitais Rurais<\/title>\n<meta name=\"robots\" content=\"index, follow, max-snippet:-1, max-image-preview:large, max-video-preview:-1\" \/>\n<link rel=\"canonical\" href=\"https:\/\/blogs.multimeios.ufc.br\/crid\/apresentacao\/\" \/>\n<meta property=\"og:locale\" content=\"pt_BR\" \/>\n<meta property=\"og:type\" content=\"article\" \/>\n<meta property=\"og:title\" content=\"Apresenta\u00e7\u00e3o - CRID: Uma proposta de Comunidades Digitais Rurais\" \/>\n<meta property=\"og:description\" content=\"O CRID (Centros Rurais de Inclus\u00e3o de Digital) \u00e9 um projeto que nasceu em 2004 no Laborat\u00f3rio de Pesquisa Multimeios da Faculdade de Educa\u00e7\u00e3o da Universidade Federal do Cear\u00e1 (UFC), tendo como parceiros o Instituto Nacional de Coloniza\u00e7\u00e3o e Reforma &hellip; Continue lendo &rarr;\" \/>\n<meta property=\"og:url\" content=\"https:\/\/blogs.multimeios.ufc.br\/crid\/apresentacao\/\" \/>\n<meta property=\"og:site_name\" content=\"CRID: Uma proposta de Comunidades Digitais Rurais\" \/>\n<meta property=\"article:modified_time\" content=\"2023-02-23T22:37:14+00:00\" \/>\n<meta name=\"twitter:card\" content=\"summary_large_image\" \/>\n<meta name=\"twitter:label1\" content=\"Est. tempo de leitura\" \/>\n\t<meta name=\"twitter:data1\" content=\"2 minutos\" \/>\n<script type=\"application\/ld+json\" class=\"yoast-schema-graph\">{\"@context\":\"https:\\\/\\\/schema.org\",\"@graph\":[{\"@type\":\"WebPage\",\"@id\":\"https:\\\/\\\/blogs.multimeios.ufc.br\\\/crid\\\/apresentacao\\\/\",\"url\":\"https:\\\/\\\/blogs.multimeios.ufc.br\\\/crid\\\/apresentacao\\\/\",\"name\":\"Apresenta\u00e7\u00e3o - CRID: Uma proposta de Comunidades Digitais Rurais\",\"isPartOf\":{\"@id\":\"https:\\\/\\\/blogs.multimeios.ufc.br\\\/crid\\\/#website\"},\"datePublished\":\"2016-09-26T14:02:48+00:00\",\"dateModified\":\"2023-02-23T22:37:14+00:00\",\"breadcrumb\":{\"@id\":\"https:\\\/\\\/blogs.multimeios.ufc.br\\\/crid\\\/apresentacao\\\/#breadcrumb\"},\"inLanguage\":\"pt-BR\",\"potentialAction\":[{\"@type\":\"ReadAction\",\"target\":[\"https:\\\/\\\/blogs.multimeios.ufc.br\\\/crid\\\/apresentacao\\\/\"]}]},{\"@type\":\"BreadcrumbList\",\"@id\":\"https:\\\/\\\/blogs.multimeios.ufc.br\\\/crid\\\/apresentacao\\\/#breadcrumb\",\"itemListElement\":[{\"@type\":\"ListItem\",\"position\":1,\"name\":\"In\u00edcio\",\"item\":\"https:\\\/\\\/blogs.multimeios.ufc.br\\\/crid\\\/\"},{\"@type\":\"ListItem\",\"position\":2,\"name\":\"Apresenta\u00e7\u00e3o\"}]},{\"@type\":\"WebSite\",\"@id\":\"https:\\\/\\\/blogs.multimeios.ufc.br\\\/crid\\\/#website\",\"url\":\"https:\\\/\\\/blogs.multimeios.ufc.br\\\/crid\\\/\",\"name\":\"CRID: Uma proposta de Comunidades Digitais Rurais\",\"description\":\"\",\"potentialAction\":[{\"@type\":\"SearchAction\",\"target\":{\"@type\":\"EntryPoint\",\"urlTemplate\":\"https:\\\/\\\/blogs.multimeios.ufc.br\\\/crid\\\/?s={search_term_string}\"},\"query-input\":{\"@type\":\"PropertyValueSpecification\",\"valueRequired\":true,\"valueName\":\"search_term_string\"}}],\"inLanguage\":\"pt-BR\"}]}<\/script>\n<!-- \/ Yoast SEO plugin. -->","yoast_head_json":{"title":"Apresenta\u00e7\u00e3o - CRID: Uma proposta de Comunidades Digitais Rurais","robots":{"index":"index","follow":"follow","max-snippet":"max-snippet:-1","max-image-preview":"max-image-preview:large","max-video-preview":"max-video-preview:-1"},"canonical":"https:\/\/blogs.multimeios.ufc.br\/crid\/apresentacao\/","og_locale":"pt_BR","og_type":"article","og_title":"Apresenta\u00e7\u00e3o - CRID: Uma proposta de Comunidades Digitais Rurais","og_description":"O CRID (Centros Rurais de Inclus\u00e3o de Digital) \u00e9 um projeto que nasceu em 2004 no Laborat\u00f3rio de Pesquisa Multimeios da Faculdade de Educa\u00e7\u00e3o da Universidade Federal do Cear\u00e1 (UFC), tendo como parceiros o Instituto Nacional de Coloniza\u00e7\u00e3o e Reforma &hellip; Continue lendo &rarr;","og_url":"https:\/\/blogs.multimeios.ufc.br\/crid\/apresentacao\/","og_site_name":"CRID: Uma proposta de Comunidades Digitais Rurais","article_modified_time":"2023-02-23T22:37:14+00:00","twitter_card":"summary_large_image","twitter_misc":{"Est. tempo de leitura":"2 minutos"},"schema":{"@context":"https:\/\/schema.org","@graph":[{"@type":"WebPage","@id":"https:\/\/blogs.multimeios.ufc.br\/crid\/apresentacao\/","url":"https:\/\/blogs.multimeios.ufc.br\/crid\/apresentacao\/","name":"Apresenta\u00e7\u00e3o - CRID: Uma proposta de Comunidades Digitais Rurais","isPartOf":{"@id":"https:\/\/blogs.multimeios.ufc.br\/crid\/#website"},"datePublished":"2016-09-26T14:02:48+00:00","dateModified":"2023-02-23T22:37:14+00:00","breadcrumb":{"@id":"https:\/\/blogs.multimeios.ufc.br\/crid\/apresentacao\/#breadcrumb"},"inLanguage":"pt-BR","potentialAction":[{"@type":"ReadAction","target":["https:\/\/blogs.multimeios.ufc.br\/crid\/apresentacao\/"]}]},{"@type":"BreadcrumbList","@id":"https:\/\/blogs.multimeios.ufc.br\/crid\/apresentacao\/#breadcrumb","itemListElement":[{"@type":"ListItem","position":1,"name":"In\u00edcio","item":"https:\/\/blogs.multimeios.ufc.br\/crid\/"},{"@type":"ListItem","position":2,"name":"Apresenta\u00e7\u00e3o"}]},{"@type":"WebSite","@id":"https:\/\/blogs.multimeios.ufc.br\/crid\/#website","url":"https:\/\/blogs.multimeios.ufc.br\/crid\/","name":"CRID: Uma proposta de Comunidades Digitais Rurais","description":"","potentialAction":[{"@type":"SearchAction","target":{"@type":"EntryPoint","urlTemplate":"https:\/\/blogs.multimeios.ufc.br\/crid\/?s={search_term_string}"},"query-input":{"@type":"PropertyValueSpecification","valueRequired":true,"valueName":"search_term_string"}}],"inLanguage":"pt-BR"}]}},"_links":{"self":[{"href":"https:\/\/blogs.multimeios.ufc.br\/crid\/wp-json\/wp\/v2\/pages\/543","targetHints":{"allow":["GET"]}}],"collection":[{"href":"https:\/\/blogs.multimeios.ufc.br\/crid\/wp-json\/wp\/v2\/pages"}],"about":[{"href":"https:\/\/blogs.multimeios.ufc.br\/crid\/wp-json\/wp\/v2\/types\/page"}],"author":[{"embeddable":true,"href":"https:\/\/blogs.multimeios.ufc.br\/crid\/wp-json\/wp\/v2\/users\/10"}],"replies":[{"embeddable":true,"href":"https:\/\/blogs.multimeios.ufc.br\/crid\/wp-json\/wp\/v2\/comments?post=543"}],"version-history":[{"count":3,"href":"https:\/\/blogs.multimeios.ufc.br\/crid\/wp-json\/wp\/v2\/pages\/543\/revisions"}],"predecessor-version":[{"id":932,"href":"https:\/\/blogs.multimeios.ufc.br\/crid\/wp-json\/wp\/v2\/pages\/543\/revisions\/932"}],"wp:attachment":[{"href":"https:\/\/blogs.multimeios.ufc.br\/crid\/wp-json\/wp\/v2\/media?parent=543"}],"curies":[{"name":"wp","href":"https:\/\/api.w.org\/{rel}","templated":true}]}}