{"id":55,"date":"2015-08-04T16:32:34","date_gmt":"2015-08-04T16:32:34","guid":{"rendered":"http:\/\/blogs.multimeios.ufc.br\/crid\/?page_id=55"},"modified":"2023-02-23T22:38:46","modified_gmt":"2023-02-23T22:38:46","slug":"equipe-crid","status":"publish","type":"page","link":"https:\/\/blogs.multimeios.ufc.br\/crid\/equipe-crid\/","title":{"rendered":"Quem somos?"},"content":{"rendered":"<p style=\"text-align: center\">Atualmente, o Projeto CRID conta com cerca de 17 integrantes (alunos de gradua\u00e7\u00e3o,\u00a0 p\u00f3s- gradua\u00e7\u00e3o e colaboradores). A forma\u00e7\u00e3o dos envolvidos\u00a0 \u00e9 variada,\u00a0 pois contamos com bolsistas na \u00e1rea da Pedagogia, Ci\u00eancias Econ\u00f4micas, Sistemas da Informa\u00e7\u00e3o, Engenharia, M\u00eddias digitais e Audiovisual.<\/p>\n<p style=\"text-align: center\">\n","protected":false},"excerpt":{"rendered":"<p>Atualmente, o Projeto CRID conta com cerca de 17 integrantes (alunos de gradua\u00e7\u00e3o,\u00a0 p\u00f3s- gradua\u00e7\u00e3o e colaboradores). A forma\u00e7\u00e3o dos envolvidos\u00a0 \u00e9 variada,\u00a0 pois contamos com bolsistas na \u00e1rea da Pedagogia, Ci\u00eancias Econ\u00f4micas, Sistemas da Informa\u00e7\u00e3o, Engenharia, M\u00eddias digitais e &hellip; <a href=\"https:\/\/blogs.multimeios.ufc.br\/crid\/equipe-crid\/\">Continue lendo <span class=\"meta-nav\">&rarr;<\/span><\/a><\/p>\n","protected":false},"author":10,"featured_media":0,"parent":0,"menu_order":0,"comment_status":"closed","ping_status":"open","template":"","meta":{"footnotes":""},"class_list":["post-55","page","type-page","status-publish","hentry"],"yoast_head":"<!-- This site is optimized with the Yoast SEO plugin v27.3 - https:\/\/yoast.com\/product\/yoast-seo-wordpress\/ -->\n<title>Quem somos? - CRID: Uma proposta de Comunidades Digitais Rurais<\/title>\n<meta name=\"robots\" content=\"index, follow, max-snippet:-1, max-image-preview:large, max-video-preview:-1\" \/>\n<link rel=\"canonical\" href=\"https:\/\/blogs.multimeios.ufc.br\/crid\/equipe-crid\/\" \/>\n<meta property=\"og:locale\" content=\"pt_BR\" \/>\n<meta property=\"og:type\" content=\"article\" \/>\n<meta property=\"og:title\" content=\"Quem somos? - CRID: Uma proposta de Comunidades Digitais Rurais\" \/>\n<meta property=\"og:description\" content=\"Atualmente, o Projeto CRID conta com cerca de 17 integrantes (alunos de gradua\u00e7\u00e3o,\u00a0 p\u00f3s- gradua\u00e7\u00e3o e colaboradores). A forma\u00e7\u00e3o dos envolvidos\u00a0 \u00e9 variada,\u00a0 pois contamos com bolsistas na \u00e1rea da Pedagogia, Ci\u00eancias Econ\u00f4micas, Sistemas da Informa\u00e7\u00e3o, Engenharia, M\u00eddias digitais e &hellip; Continue lendo &rarr;\" \/>\n<meta property=\"og:url\" content=\"https:\/\/blogs.multimeios.ufc.br\/crid\/equipe-crid\/\" \/>\n<meta property=\"og:site_name\" content=\"CRID: Uma proposta de Comunidades Digitais Rurais\" \/>\n<meta property=\"article:modified_time\" content=\"2023-02-23T22:38:46+00:00\" \/>\n<meta name=\"twitter:card\" content=\"summary_large_image\" \/>\n<script type=\"application\/ld+json\" class=\"yoast-schema-graph\">{\"@context\":\"https:\\\/\\\/schema.org\",\"@graph\":[{\"@type\":\"WebPage\",\"@id\":\"https:\\\/\\\/blogs.multimeios.ufc.br\\\/crid\\\/equipe-crid\\\/\",\"url\":\"https:\\\/\\\/blogs.multimeios.ufc.br\\\/crid\\\/equipe-crid\\\/\",\"name\":\"Quem somos? - CRID: Uma proposta de Comunidades Digitais Rurais\",\"isPartOf\":{\"@id\":\"https:\\\/\\\/blogs.multimeios.ufc.br\\\/crid\\\/#website\"},\"datePublished\":\"2015-08-04T16:32:34+00:00\",\"dateModified\":\"2023-02-23T22:38:46+00:00\",\"breadcrumb\":{\"@id\":\"https:\\\/\\\/blogs.multimeios.ufc.br\\\/crid\\\/equipe-crid\\\/#breadcrumb\"},\"inLanguage\":\"pt-BR\",\"potentialAction\":[{\"@type\":\"ReadAction\",\"target\":[\"https:\\\/\\\/blogs.multimeios.ufc.br\\\/crid\\\/equipe-crid\\\/\"]}]},{\"@type\":\"BreadcrumbList\",\"@id\":\"https:\\\/\\\/blogs.multimeios.ufc.br\\\/crid\\\/equipe-crid\\\/#breadcrumb\",\"itemListElement\":[{\"@type\":\"ListItem\",\"position\":1,\"name\":\"In\u00edcio\",\"item\":\"https:\\\/\\\/blogs.multimeios.ufc.br\\\/crid\\\/\"},{\"@type\":\"ListItem\",\"position\":2,\"name\":\"Quem somos?\"}]},{\"@type\":\"WebSite\",\"@id\":\"https:\\\/\\\/blogs.multimeios.ufc.br\\\/crid\\\/#website\",\"url\":\"https:\\\/\\\/blogs.multimeios.ufc.br\\\/crid\\\/\",\"name\":\"CRID: Uma proposta de Comunidades Digitais Rurais\",\"description\":\"\",\"potentialAction\":[{\"@type\":\"SearchAction\",\"target\":{\"@type\":\"EntryPoint\",\"urlTemplate\":\"https:\\\/\\\/blogs.multimeios.ufc.br\\\/crid\\\/?s={search_term_string}\"},\"query-input\":{\"@type\":\"PropertyValueSpecification\",\"valueRequired\":true,\"valueName\":\"search_term_string\"}}],\"inLanguage\":\"pt-BR\"}]}<\/script>\n<!-- \/ Yoast SEO plugin. -->","yoast_head_json":{"title":"Quem somos? - CRID: Uma proposta de Comunidades Digitais Rurais","robots":{"index":"index","follow":"follow","max-snippet":"max-snippet:-1","max-image-preview":"max-image-preview:large","max-video-preview":"max-video-preview:-1"},"canonical":"https:\/\/blogs.multimeios.ufc.br\/crid\/equipe-crid\/","og_locale":"pt_BR","og_type":"article","og_title":"Quem somos? - CRID: Uma proposta de Comunidades Digitais Rurais","og_description":"Atualmente, o Projeto CRID conta com cerca de 17 integrantes (alunos de gradua\u00e7\u00e3o,\u00a0 p\u00f3s- gradua\u00e7\u00e3o e colaboradores). A forma\u00e7\u00e3o dos envolvidos\u00a0 \u00e9 variada,\u00a0 pois contamos com bolsistas na \u00e1rea da Pedagogia, Ci\u00eancias Econ\u00f4micas, Sistemas da Informa\u00e7\u00e3o, Engenharia, M\u00eddias digitais e &hellip; Continue lendo &rarr;","og_url":"https:\/\/blogs.multimeios.ufc.br\/crid\/equipe-crid\/","og_site_name":"CRID: Uma proposta de Comunidades Digitais Rurais","article_modified_time":"2023-02-23T22:38:46+00:00","twitter_card":"summary_large_image","schema":{"@context":"https:\/\/schema.org","@graph":[{"@type":"WebPage","@id":"https:\/\/blogs.multimeios.ufc.br\/crid\/equipe-crid\/","url":"https:\/\/blogs.multimeios.ufc.br\/crid\/equipe-crid\/","name":"Quem somos? - CRID: Uma proposta de Comunidades Digitais Rurais","isPartOf":{"@id":"https:\/\/blogs.multimeios.ufc.br\/crid\/#website"},"datePublished":"2015-08-04T16:32:34+00:00","dateModified":"2023-02-23T22:38:46+00:00","breadcrumb":{"@id":"https:\/\/blogs.multimeios.ufc.br\/crid\/equipe-crid\/#breadcrumb"},"inLanguage":"pt-BR","potentialAction":[{"@type":"ReadAction","target":["https:\/\/blogs.multimeios.ufc.br\/crid\/equipe-crid\/"]}]},{"@type":"BreadcrumbList","@id":"https:\/\/blogs.multimeios.ufc.br\/crid\/equipe-crid\/#breadcrumb","itemListElement":[{"@type":"ListItem","position":1,"name":"In\u00edcio","item":"https:\/\/blogs.multimeios.ufc.br\/crid\/"},{"@type":"ListItem","position":2,"name":"Quem somos?"}]},{"@type":"WebSite","@id":"https:\/\/blogs.multimeios.ufc.br\/crid\/#website","url":"https:\/\/blogs.multimeios.ufc.br\/crid\/","name":"CRID: Uma proposta de Comunidades Digitais Rurais","description":"","potentialAction":[{"@type":"SearchAction","target":{"@type":"EntryPoint","urlTemplate":"https:\/\/blogs.multimeios.ufc.br\/crid\/?s={search_term_string}"},"query-input":{"@type":"PropertyValueSpecification","valueRequired":true,"valueName":"search_term_string"}}],"inLanguage":"pt-BR"}]}},"_links":{"self":[{"href":"https:\/\/blogs.multimeios.ufc.br\/crid\/wp-json\/wp\/v2\/pages\/55","targetHints":{"allow":["GET"]}}],"collection":[{"href":"https:\/\/blogs.multimeios.ufc.br\/crid\/wp-json\/wp\/v2\/pages"}],"about":[{"href":"https:\/\/blogs.multimeios.ufc.br\/crid\/wp-json\/wp\/v2\/types\/page"}],"author":[{"embeddable":true,"href":"https:\/\/blogs.multimeios.ufc.br\/crid\/wp-json\/wp\/v2\/users\/10"}],"replies":[{"embeddable":true,"href":"https:\/\/blogs.multimeios.ufc.br\/crid\/wp-json\/wp\/v2\/comments?post=55"}],"version-history":[{"count":9,"href":"https:\/\/blogs.multimeios.ufc.br\/crid\/wp-json\/wp\/v2\/pages\/55\/revisions"}],"predecessor-version":[{"id":933,"href":"https:\/\/blogs.multimeios.ufc.br\/crid\/wp-json\/wp\/v2\/pages\/55\/revisions\/933"}],"wp:attachment":[{"href":"https:\/\/blogs.multimeios.ufc.br\/crid\/wp-json\/wp\/v2\/media?parent=55"}],"curies":[{"name":"wp","href":"https:\/\/api.w.org\/{rel}","templated":true}]}}