{"id":961,"date":"2018-08-20T16:55:16","date_gmt":"2018-08-20T16:55:16","guid":{"rendered":"http:\/\/blogs.multimeios.ufc.br\/crid\/?page_id=961"},"modified":"2023-02-23T22:38:04","modified_gmt":"2023-02-23T22:38:04","slug":"formacoes-crid-2016-2017","status":"publish","type":"page","link":"https:\/\/blogs.multimeios.ufc.br\/crid\/formacoes-crid-2016-2017\/","title":{"rendered":"Forma\u00e7\u00f5es CRID 2016 &#8211; 2017"},"content":{"rendered":"<p class=\"western\" align=\"justify\"><span style=\"font-family: Times, serif\"><span style=\"font-size: large\">Com o encerramento da \u00faltima vers\u00e3o do projeto, aqui nessa aba voc\u00eas podem visualizar de forma sucinta o que foi desenvolvido em cada forma\u00e7\u00e3o nos assentamentos no per\u00edodo de\u00a0 2015 a 2017.<\/span><\/span><\/p>\n<p class=\"western\" align=\"justify\"><span style=\"font-family: Times, serif\"><span style=\"font-size: large\">Ao todo, foram trabalhados tr\u00eas assentamentos rurais no interior do estado do Cear\u00e1, com uma equipe de 15 bolsistas de gradua\u00e7\u00e3o e 4 coordenadoras, sob a orienta\u00e7\u00e3o do professor Herm\u00ednio Borges Neto. As forma\u00e7\u00f5es foram com temas ligados \u00e0 Inclus\u00e3o Digital e desenvovidas a partir da Sequ\u00eancia Fedathi.<\/span><\/span><\/p>\n<p class=\"western\" align=\"justify\"><span style=\"font-family: Times, serif\"><span style=\"font-size: large\"><a href=\"http:\/\/blogs.multimeios.ufc.br\/crid\/che-guevara-2\/\">Assentamento Che Guevara <\/a>(Forma\u00e7\u00f5es de Fevereiro a Setembro de 2016)<\/span><\/span><\/p>\n<p class=\"western\"><span style=\"font-family: Times, serif\"><span style=\"font-size: large\"><a href=\"http:\/\/blogs.multimeios.ufc.br\/crid\/formacoes-crid-2016-2017\/antonio-conselheiro\/\">Assentamento Ant\u00f4nio Conselheiro<\/a> (Forma\u00e7\u00f5es de Junho a Setembro de 2016)<\/span><\/span><\/p>\n<p class=\"western\"><span style=\"font-family: Times, serif\"><span style=\"font-size: large\"><a href=\"http:\/\/blogs.multimeios.ufc.br\/crid\/formacoes-crid-2016-2017\/monte-orebe\/\">Assentamento Monte Orebe<\/a> (Forma\u00e7\u00f5es de Dezembro de 2016 a Mar\u00e7o de 2017)<\/span><\/span><\/p>\n","protected":false},"excerpt":{"rendered":"<p>Com o encerramento da \u00faltima vers\u00e3o do projeto, aqui nessa aba voc\u00eas podem visualizar de forma sucinta o que foi desenvolvido em cada forma\u00e7\u00e3o nos assentamentos no per\u00edodo de\u00a0 2015 a 2017. Ao todo, foram trabalhados tr\u00eas assentamentos rurais no &hellip; <a href=\"https:\/\/blogs.multimeios.ufc.br\/crid\/formacoes-crid-2016-2017\/\">Continue lendo <span class=\"meta-nav\">&rarr;<\/span><\/a><\/p>\n","protected":false},"author":16,"featured_media":0,"parent":0,"menu_order":0,"comment_status":"closed","ping_status":"closed","template":"","meta":{"footnotes":""},"class_list":["post-961","page","type-page","status-publish","hentry"],"yoast_head":"<!-- This site is optimized with the Yoast SEO plugin v27.4 - https:\/\/yoast.com\/product\/yoast-seo-wordpress\/ -->\n<title>Forma\u00e7\u00f5es CRID 2016 - 2017 - CRID: Uma proposta de Comunidades Digitais Rurais<\/title>\n<meta name=\"robots\" content=\"index, follow, max-snippet:-1, max-image-preview:large, max-video-preview:-1\" \/>\n<link rel=\"canonical\" href=\"https:\/\/blogs.multimeios.ufc.br\/crid\/formacoes-crid-2016-2017\/\" \/>\n<meta property=\"og:locale\" content=\"pt_BR\" \/>\n<meta property=\"og:type\" content=\"article\" \/>\n<meta property=\"og:title\" content=\"Forma\u00e7\u00f5es CRID 2016 - 2017 - CRID: Uma proposta de Comunidades Digitais Rurais\" \/>\n<meta property=\"og:description\" content=\"Com o encerramento da \u00faltima vers\u00e3o do projeto, aqui nessa aba voc\u00eas podem visualizar de forma sucinta o que foi desenvolvido em cada forma\u00e7\u00e3o nos assentamentos no per\u00edodo de\u00a0 2015 a 2017. Ao todo, foram trabalhados tr\u00eas assentamentos rurais no &hellip; Continue lendo &rarr;\" \/>\n<meta property=\"og:url\" content=\"https:\/\/blogs.multimeios.ufc.br\/crid\/formacoes-crid-2016-2017\/\" \/>\n<meta property=\"og:site_name\" content=\"CRID: Uma proposta de Comunidades Digitais Rurais\" \/>\n<meta property=\"article:modified_time\" content=\"2023-02-23T22:38:04+00:00\" \/>\n<meta name=\"twitter:card\" content=\"summary_large_image\" \/>\n<meta name=\"twitter:label1\" content=\"Est. tempo de leitura\" \/>\n\t<meta name=\"twitter:data1\" content=\"1 minuto\" \/>\n<script type=\"application\/ld+json\" class=\"yoast-schema-graph\">{\"@context\":\"https:\\\/\\\/schema.org\",\"@graph\":[{\"@type\":\"WebPage\",\"@id\":\"https:\\\/\\\/blogs.multimeios.ufc.br\\\/crid\\\/formacoes-crid-2016-2017\\\/\",\"url\":\"https:\\\/\\\/blogs.multimeios.ufc.br\\\/crid\\\/formacoes-crid-2016-2017\\\/\",\"name\":\"Forma\u00e7\u00f5es CRID 2016 - 2017 - CRID: Uma proposta de Comunidades Digitais Rurais\",\"isPartOf\":{\"@id\":\"https:\\\/\\\/blogs.multimeios.ufc.br\\\/crid\\\/#website\"},\"datePublished\":\"2018-08-20T16:55:16+00:00\",\"dateModified\":\"2023-02-23T22:38:04+00:00\",\"breadcrumb\":{\"@id\":\"https:\\\/\\\/blogs.multimeios.ufc.br\\\/crid\\\/formacoes-crid-2016-2017\\\/#breadcrumb\"},\"inLanguage\":\"pt-BR\",\"potentialAction\":[{\"@type\":\"ReadAction\",\"target\":[\"https:\\\/\\\/blogs.multimeios.ufc.br\\\/crid\\\/formacoes-crid-2016-2017\\\/\"]}]},{\"@type\":\"BreadcrumbList\",\"@id\":\"https:\\\/\\\/blogs.multimeios.ufc.br\\\/crid\\\/formacoes-crid-2016-2017\\\/#breadcrumb\",\"itemListElement\":[{\"@type\":\"ListItem\",\"position\":1,\"name\":\"In\u00edcio\",\"item\":\"https:\\\/\\\/blogs.multimeios.ufc.br\\\/crid\\\/\"},{\"@type\":\"ListItem\",\"position\":2,\"name\":\"Forma\u00e7\u00f5es CRID 2016 &#8211; 2017\"}]},{\"@type\":\"WebSite\",\"@id\":\"https:\\\/\\\/blogs.multimeios.ufc.br\\\/crid\\\/#website\",\"url\":\"https:\\\/\\\/blogs.multimeios.ufc.br\\\/crid\\\/\",\"name\":\"CRID: Uma proposta de Comunidades Digitais Rurais\",\"description\":\"\",\"potentialAction\":[{\"@type\":\"SearchAction\",\"target\":{\"@type\":\"EntryPoint\",\"urlTemplate\":\"https:\\\/\\\/blogs.multimeios.ufc.br\\\/crid\\\/?s={search_term_string}\"},\"query-input\":{\"@type\":\"PropertyValueSpecification\",\"valueRequired\":true,\"valueName\":\"search_term_string\"}}],\"inLanguage\":\"pt-BR\"}]}<\/script>\n<!-- \/ Yoast SEO plugin. -->","yoast_head_json":{"title":"Forma\u00e7\u00f5es CRID 2016 - 2017 - CRID: Uma proposta de Comunidades Digitais Rurais","robots":{"index":"index","follow":"follow","max-snippet":"max-snippet:-1","max-image-preview":"max-image-preview:large","max-video-preview":"max-video-preview:-1"},"canonical":"https:\/\/blogs.multimeios.ufc.br\/crid\/formacoes-crid-2016-2017\/","og_locale":"pt_BR","og_type":"article","og_title":"Forma\u00e7\u00f5es CRID 2016 - 2017 - CRID: Uma proposta de Comunidades Digitais Rurais","og_description":"Com o encerramento da \u00faltima vers\u00e3o do projeto, aqui nessa aba voc\u00eas podem visualizar de forma sucinta o que foi desenvolvido em cada forma\u00e7\u00e3o nos assentamentos no per\u00edodo de\u00a0 2015 a 2017. Ao todo, foram trabalhados tr\u00eas assentamentos rurais no &hellip; Continue lendo &rarr;","og_url":"https:\/\/blogs.multimeios.ufc.br\/crid\/formacoes-crid-2016-2017\/","og_site_name":"CRID: Uma proposta de Comunidades Digitais Rurais","article_modified_time":"2023-02-23T22:38:04+00:00","twitter_card":"summary_large_image","twitter_misc":{"Est. tempo de leitura":"1 minuto"},"schema":{"@context":"https:\/\/schema.org","@graph":[{"@type":"WebPage","@id":"https:\/\/blogs.multimeios.ufc.br\/crid\/formacoes-crid-2016-2017\/","url":"https:\/\/blogs.multimeios.ufc.br\/crid\/formacoes-crid-2016-2017\/","name":"Forma\u00e7\u00f5es CRID 2016 - 2017 - CRID: Uma proposta de Comunidades Digitais Rurais","isPartOf":{"@id":"https:\/\/blogs.multimeios.ufc.br\/crid\/#website"},"datePublished":"2018-08-20T16:55:16+00:00","dateModified":"2023-02-23T22:38:04+00:00","breadcrumb":{"@id":"https:\/\/blogs.multimeios.ufc.br\/crid\/formacoes-crid-2016-2017\/#breadcrumb"},"inLanguage":"pt-BR","potentialAction":[{"@type":"ReadAction","target":["https:\/\/blogs.multimeios.ufc.br\/crid\/formacoes-crid-2016-2017\/"]}]},{"@type":"BreadcrumbList","@id":"https:\/\/blogs.multimeios.ufc.br\/crid\/formacoes-crid-2016-2017\/#breadcrumb","itemListElement":[{"@type":"ListItem","position":1,"name":"In\u00edcio","item":"https:\/\/blogs.multimeios.ufc.br\/crid\/"},{"@type":"ListItem","position":2,"name":"Forma\u00e7\u00f5es CRID 2016 &#8211; 2017"}]},{"@type":"WebSite","@id":"https:\/\/blogs.multimeios.ufc.br\/crid\/#website","url":"https:\/\/blogs.multimeios.ufc.br\/crid\/","name":"CRID: Uma proposta de Comunidades Digitais Rurais","description":"","potentialAction":[{"@type":"SearchAction","target":{"@type":"EntryPoint","urlTemplate":"https:\/\/blogs.multimeios.ufc.br\/crid\/?s={search_term_string}"},"query-input":{"@type":"PropertyValueSpecification","valueRequired":true,"valueName":"search_term_string"}}],"inLanguage":"pt-BR"}]}},"_links":{"self":[{"href":"https:\/\/blogs.multimeios.ufc.br\/crid\/wp-json\/wp\/v2\/pages\/961","targetHints":{"allow":["GET"]}}],"collection":[{"href":"https:\/\/blogs.multimeios.ufc.br\/crid\/wp-json\/wp\/v2\/pages"}],"about":[{"href":"https:\/\/blogs.multimeios.ufc.br\/crid\/wp-json\/wp\/v2\/types\/page"}],"author":[{"embeddable":true,"href":"https:\/\/blogs.multimeios.ufc.br\/crid\/wp-json\/wp\/v2\/users\/16"}],"replies":[{"embeddable":true,"href":"https:\/\/blogs.multimeios.ufc.br\/crid\/wp-json\/wp\/v2\/comments?post=961"}],"version-history":[{"count":4,"href":"https:\/\/blogs.multimeios.ufc.br\/crid\/wp-json\/wp\/v2\/pages\/961\/revisions"}],"predecessor-version":[{"id":1019,"href":"https:\/\/blogs.multimeios.ufc.br\/crid\/wp-json\/wp\/v2\/pages\/961\/revisions\/1019"}],"wp:attachment":[{"href":"https:\/\/blogs.multimeios.ufc.br\/crid\/wp-json\/wp\/v2\/media?parent=961"}],"curies":[{"name":"wp","href":"https:\/\/api.w.org\/{rel}","templated":true}]}}