{"id":2,"date":"2025-01-17T17:36:18","date_gmt":"2025-01-17T20:36:18","guid":{"rendered":"http:\/\/blogs.multimeios.ufc.br\/dalmarioheitorabreu\/?page_id=2"},"modified":"2025-01-17T21:30:41","modified_gmt":"2025-01-18T00:30:41","slug":"pagina-exemplo","status":"publish","type":"page","link":"https:\/\/blogs.multimeios.ufc.br\/dalmarioheitorabreu\/pagina-exemplo\/","title":{"rendered":"Resumo"},"content":{"rendered":"\n<p>A avalia\u00e7\u00e3o de larga escala, com testes padronizados, prop\u00f5e se alinhar, em tese, ao projeto pol\u00edtico pedag\u00f3gico das escolas e \u00e0 forma\u00e7\u00e3o dos professores como principal objetivo norteador da reforma escolar. Esse alinhamento acendeu mudan\u00e7as significativas no campo educacional a partir da d\u00e9cada de 1990 em muitos pa\u00edses, inclusive no Brasil, atrav\u00e9s das reformas educacionais marcadas pela necessidade de se elaborar um projeto educacional global para atender \u00e0 reestrutura\u00e7\u00e3o produtiva do sistema capitalista. Numa perspectiva de pol\u00edtica educacional de cunho neoliberal, elas v\u00eam provocando tens\u00f5es estruturais na forma\u00e7\u00e3o dos professores, no trabalho docente, na organiza\u00e7\u00e3o curricular da escola, na forma de avaliar e, na vida dos estudantes, v\u00eam se tornando uma pol\u00edtica cada vez mais central. Esse modelo de avaliar tem estreitado o v\u00ednculo entre a produtividade, capital humano e a pol\u00edtica educacional. Essa l\u00f3gica faz com que a educa\u00e7\u00e3o se alie ao crescimento econ\u00f4mico focado no mercado, tendo como seus difusores os organismos econ\u00f4micos internacionais, que t\u00eam desempenhado um papel crucial de transmiss\u00e3o do discurso hegem\u00f4nico acerca de uma educa\u00e7\u00e3o quantific\u00e1vel e mensur\u00e1vel, baseada no ensino de compet\u00eancias, pondo em circula\u00e7\u00e3o uma pol\u00edtica que interfere na forma de condu\u00e7\u00e3o dos sistemas educacionais pelo mundo, a partir de seu car\u00e1ter pragm\u00e1tico, fornecendo dados e indicadores que permitem compara\u00e7\u00f5es e classifica\u00e7\u00f5es. O objetivo desse estudo \u00e9 discutir as Pol\u00edticas P\u00fablicas Educacionais e suas Implica\u00e7\u00f5es do <a href=\"https:\/\/www.seduc.ce.gov.br\/spaece\/\" target=\"_blank\" rel=\"noreferrer noopener\">Sistema Permanente de Avalia\u00e7\u00e3o da Educa\u00e7\u00e3o B\u00e1sica do Cear\u00e1 (Spaece)<\/a> para a Forma\u00e7\u00e3o do Professor de Matem\u00e1tica do Ensino Fundamental. Desta forma, analisamos e descrevemos, a partir das leituras dos discursos dos professores de matem\u00e1tica da rede de ensino de Fortaleza dos anos finais do ensino fundamental e que exercem a fun\u00e7\u00e3o de formador dos docentes, diretores de escolas, coordenadores pedag\u00f3gicos e professores de sala aula, a compreens\u00e3o acerca dos impactos das reformas educacionais e da avalia\u00e7\u00e3o externa em sua pr\u00e1tica pedag\u00f3gica. Na metodologia aplicada, utilizou-se a t\u00e9cnica de entrevistas semiestruturadas individualizada, de an\u00e1lise de discurso de cunho hermen\u00eautico, imanente e predominantemente qualitativo da fala dos participantes. Todo esse trabalho est\u00e1 ancorado nas bases te\u00f3ricas e pr\u00e1ticas das pesquisas desenvolvidas por um apanhado de muitos autores que dialogam com a tem\u00e1tica desta investiga\u00e7\u00e3o como Ball (2011), Fernandes (2019), Freitas (2007), Lopes (2016), Marx (2001), P\u00eacheux (1997), Ravitch (2011), Popkewitz (1992), Luckesi (2011), Lib\u00e2neo (2018), Maia Filho e Jimenez (2004), dentre outros. Diante de muitos depoimentos dos professores acerca do objeto da pesquisa ficou expl\u00edcito o quanto o efeito da pol\u00edtica de implementa\u00e7\u00e3o do SPAECE pode redundar numa pol\u00edtica educacional \u201cavaliacionista\u201d, uma externalidade que \u00e9 imposta ao ambiente escolar e que faz com que os docentes e os discentes n\u00e3o se sintam comprometidos com a melhoria da educa\u00e7\u00e3o, embora assumindo essa pol\u00edtica educacional uma centralidade cada vez maior no cotidiano escolar.<br><br><strong>Palavras-chave:<\/strong> pol\u00edtica p\u00fablica educacional; neoliberalismo; avalia\u00e7\u00e3o em larga escala<br>SPAECE-CE; forma\u00e7\u00e3o de professores.<\/p>\n\n\n\n<p class=\"has-text-align-right\">             <a href=\"http:\/\/blogs.multimeios.ufc.br\/dalmarioheitorabreu\/\">\ud83e\udca0 Anterior<\/a>  <a href=\"http:\/\/blogs.multimeios.ufc.br\/dalmarioheitorabreu\/abstract\/\">Pr\u00f3xima \ud83e\udca1<\/a><\/p>\n","protected":false},"excerpt":{"rendered":"<p>A avalia\u00e7\u00e3o de larga escala, com testes padronizados, prop\u00f5e se alinhar, em tese, ao projeto pol\u00edtico pedag\u00f3gico das escolas e \u00e0 forma\u00e7\u00e3o dos professores como principal objetivo norteador da reforma escolar. Esse alinhamento acendeu mudan\u00e7as significativas no campo educacional a &hellip; <a href=\"https:\/\/blogs.multimeios.ufc.br\/dalmarioheitorabreu\/pagina-exemplo\/\">Continue lendo <span class=\"meta-nav\">&rarr;<\/span><\/a><\/p>\n","protected":false},"author":27,"featured_media":0,"parent":0,"menu_order":0,"comment_status":"closed","ping_status":"open","template":"","meta":{"footnotes":""},"class_list":["post-2","page","type-page","status-publish","hentry"],"yoast_head":"<!-- This site is optimized with the Yoast SEO plugin v27.3 - https:\/\/yoast.com\/product\/yoast-seo-wordpress\/ -->\n<title>Resumo - Pol\u00edticas P\u00fablicas Educacionais e implica\u00e7\u00f5es do Sistema Permanente de Avalia\u00e7\u00e3o da Educa\u00e7\u00e3o B\u00e1sica do Cear\u00e1 (SPAECE) para a forma\u00e7\u00e3o do professor de Matem\u00e1tica<\/title>\n<meta name=\"robots\" content=\"index, follow, max-snippet:-1, max-image-preview:large, max-video-preview:-1\" \/>\n<link rel=\"canonical\" href=\"https:\/\/blogs.multimeios.ufc.br\/dalmarioheitorabreu\/pagina-exemplo\/\" \/>\n<meta property=\"og:locale\" content=\"pt_BR\" \/>\n<meta property=\"og:type\" content=\"article\" \/>\n<meta property=\"og:title\" content=\"Resumo - Pol\u00edticas P\u00fablicas Educacionais e implica\u00e7\u00f5es do Sistema Permanente de Avalia\u00e7\u00e3o da Educa\u00e7\u00e3o B\u00e1sica do Cear\u00e1 (SPAECE) para a forma\u00e7\u00e3o do professor de Matem\u00e1tica\" \/>\n<meta property=\"og:description\" content=\"A avalia\u00e7\u00e3o de larga escala, com testes padronizados, prop\u00f5e se alinhar, em tese, ao projeto pol\u00edtico pedag\u00f3gico das escolas e \u00e0 forma\u00e7\u00e3o dos professores como principal objetivo norteador da reforma escolar. Esse alinhamento acendeu mudan\u00e7as significativas no campo educacional a &hellip; Continue lendo &rarr;\" \/>\n<meta property=\"og:url\" content=\"https:\/\/blogs.multimeios.ufc.br\/dalmarioheitorabreu\/pagina-exemplo\/\" \/>\n<meta property=\"og:site_name\" content=\"Pol\u00edticas P\u00fablicas Educacionais e implica\u00e7\u00f5es do Sistema Permanente de Avalia\u00e7\u00e3o da Educa\u00e7\u00e3o B\u00e1sica do Cear\u00e1 (SPAECE) para a forma\u00e7\u00e3o do professor de Matem\u00e1tica\" \/>\n<meta property=\"article:modified_time\" content=\"2025-01-18T00:30:41+00:00\" \/>\n<meta name=\"twitter:card\" content=\"summary_large_image\" \/>\n<meta name=\"twitter:label1\" content=\"Est. tempo de leitura\" \/>\n\t<meta name=\"twitter:data1\" content=\"3 minutos\" \/>\n<script type=\"application\/ld+json\" class=\"yoast-schema-graph\">{\"@context\":\"https:\\\/\\\/schema.org\",\"@graph\":[{\"@type\":\"WebPage\",\"@id\":\"https:\\\/\\\/blogs.multimeios.ufc.br\\\/dalmarioheitorabreu\\\/pagina-exemplo\\\/\",\"url\":\"https:\\\/\\\/blogs.multimeios.ufc.br\\\/dalmarioheitorabreu\\\/pagina-exemplo\\\/\",\"name\":\"Resumo - Pol\u00edticas P\u00fablicas Educacionais e implica\u00e7\u00f5es do Sistema Permanente de Avalia\u00e7\u00e3o da Educa\u00e7\u00e3o B\u00e1sica do Cear\u00e1 (SPAECE) para a forma\u00e7\u00e3o do professor de Matem\u00e1tica\",\"isPartOf\":{\"@id\":\"https:\\\/\\\/blogs.multimeios.ufc.br\\\/dalmarioheitorabreu\\\/#website\"},\"datePublished\":\"2025-01-17T20:36:18+00:00\",\"dateModified\":\"2025-01-18T00:30:41+00:00\",\"breadcrumb\":{\"@id\":\"https:\\\/\\\/blogs.multimeios.ufc.br\\\/dalmarioheitorabreu\\\/pagina-exemplo\\\/#breadcrumb\"},\"inLanguage\":\"pt-BR\",\"potentialAction\":[{\"@type\":\"ReadAction\",\"target\":[\"https:\\\/\\\/blogs.multimeios.ufc.br\\\/dalmarioheitorabreu\\\/pagina-exemplo\\\/\"]}]},{\"@type\":\"BreadcrumbList\",\"@id\":\"https:\\\/\\\/blogs.multimeios.ufc.br\\\/dalmarioheitorabreu\\\/pagina-exemplo\\\/#breadcrumb\",\"itemListElement\":[{\"@type\":\"ListItem\",\"position\":1,\"name\":\"In\u00edcio\",\"item\":\"https:\\\/\\\/blogs.multimeios.ufc.br\\\/dalmarioheitorabreu\\\/\"},{\"@type\":\"ListItem\",\"position\":2,\"name\":\"Resumo\"}]},{\"@type\":\"WebSite\",\"@id\":\"https:\\\/\\\/blogs.multimeios.ufc.br\\\/dalmarioheitorabreu\\\/#website\",\"url\":\"https:\\\/\\\/blogs.multimeios.ufc.br\\\/dalmarioheitorabreu\\\/\",\"name\":\"Pol\u00edticas P\u00fablicas Educacionais e implica\u00e7\u00f5es do Sistema Permanente de Avalia\u00e7\u00e3o da Educa\u00e7\u00e3o B\u00e1sica do Cear\u00e1 (SPAECE) para a forma\u00e7\u00e3o do professor de Matem\u00e1tica\",\"description\":\"E-book relativo \u00e0 tese de doutorado de Dalm\u00e1rio Heitor Miranda de Abreu.\",\"potentialAction\":[{\"@type\":\"SearchAction\",\"target\":{\"@type\":\"EntryPoint\",\"urlTemplate\":\"https:\\\/\\\/blogs.multimeios.ufc.br\\\/dalmarioheitorabreu\\\/?s={search_term_string}\"},\"query-input\":{\"@type\":\"PropertyValueSpecification\",\"valueRequired\":true,\"valueName\":\"search_term_string\"}}],\"inLanguage\":\"pt-BR\"}]}<\/script>\n<!-- \/ Yoast SEO plugin. -->","yoast_head_json":{"title":"Resumo - Pol\u00edticas P\u00fablicas Educacionais e implica\u00e7\u00f5es do Sistema Permanente de Avalia\u00e7\u00e3o da Educa\u00e7\u00e3o B\u00e1sica do Cear\u00e1 (SPAECE) para a forma\u00e7\u00e3o do professor de Matem\u00e1tica","robots":{"index":"index","follow":"follow","max-snippet":"max-snippet:-1","max-image-preview":"max-image-preview:large","max-video-preview":"max-video-preview:-1"},"canonical":"https:\/\/blogs.multimeios.ufc.br\/dalmarioheitorabreu\/pagina-exemplo\/","og_locale":"pt_BR","og_type":"article","og_title":"Resumo - Pol\u00edticas P\u00fablicas Educacionais e implica\u00e7\u00f5es do Sistema Permanente de Avalia\u00e7\u00e3o da Educa\u00e7\u00e3o B\u00e1sica do Cear\u00e1 (SPAECE) para a forma\u00e7\u00e3o do professor de Matem\u00e1tica","og_description":"A avalia\u00e7\u00e3o de larga escala, com testes padronizados, prop\u00f5e se alinhar, em tese, ao projeto pol\u00edtico pedag\u00f3gico das escolas e \u00e0 forma\u00e7\u00e3o dos professores como principal objetivo norteador da reforma escolar. Esse alinhamento acendeu mudan\u00e7as significativas no campo educacional a &hellip; Continue lendo &rarr;","og_url":"https:\/\/blogs.multimeios.ufc.br\/dalmarioheitorabreu\/pagina-exemplo\/","og_site_name":"Pol\u00edticas P\u00fablicas Educacionais e implica\u00e7\u00f5es do Sistema Permanente de Avalia\u00e7\u00e3o da Educa\u00e7\u00e3o B\u00e1sica do Cear\u00e1 (SPAECE) para a forma\u00e7\u00e3o do professor de Matem\u00e1tica","article_modified_time":"2025-01-18T00:30:41+00:00","twitter_card":"summary_large_image","twitter_misc":{"Est. tempo de leitura":"3 minutos"},"schema":{"@context":"https:\/\/schema.org","@graph":[{"@type":"WebPage","@id":"https:\/\/blogs.multimeios.ufc.br\/dalmarioheitorabreu\/pagina-exemplo\/","url":"https:\/\/blogs.multimeios.ufc.br\/dalmarioheitorabreu\/pagina-exemplo\/","name":"Resumo - Pol\u00edticas P\u00fablicas Educacionais e implica\u00e7\u00f5es do Sistema Permanente de Avalia\u00e7\u00e3o da Educa\u00e7\u00e3o B\u00e1sica do Cear\u00e1 (SPAECE) para a forma\u00e7\u00e3o do professor de Matem\u00e1tica","isPartOf":{"@id":"https:\/\/blogs.multimeios.ufc.br\/dalmarioheitorabreu\/#website"},"datePublished":"2025-01-17T20:36:18+00:00","dateModified":"2025-01-18T00:30:41+00:00","breadcrumb":{"@id":"https:\/\/blogs.multimeios.ufc.br\/dalmarioheitorabreu\/pagina-exemplo\/#breadcrumb"},"inLanguage":"pt-BR","potentialAction":[{"@type":"ReadAction","target":["https:\/\/blogs.multimeios.ufc.br\/dalmarioheitorabreu\/pagina-exemplo\/"]}]},{"@type":"BreadcrumbList","@id":"https:\/\/blogs.multimeios.ufc.br\/dalmarioheitorabreu\/pagina-exemplo\/#breadcrumb","itemListElement":[{"@type":"ListItem","position":1,"name":"In\u00edcio","item":"https:\/\/blogs.multimeios.ufc.br\/dalmarioheitorabreu\/"},{"@type":"ListItem","position":2,"name":"Resumo"}]},{"@type":"WebSite","@id":"https:\/\/blogs.multimeios.ufc.br\/dalmarioheitorabreu\/#website","url":"https:\/\/blogs.multimeios.ufc.br\/dalmarioheitorabreu\/","name":"Pol\u00edticas P\u00fablicas Educacionais e implica\u00e7\u00f5es do Sistema Permanente de Avalia\u00e7\u00e3o da Educa\u00e7\u00e3o B\u00e1sica do Cear\u00e1 (SPAECE) para a forma\u00e7\u00e3o do professor de Matem\u00e1tica","description":"E-book relativo \u00e0 tese de doutorado de Dalm\u00e1rio Heitor Miranda de Abreu.","potentialAction":[{"@type":"SearchAction","target":{"@type":"EntryPoint","urlTemplate":"https:\/\/blogs.multimeios.ufc.br\/dalmarioheitorabreu\/?s={search_term_string}"},"query-input":{"@type":"PropertyValueSpecification","valueRequired":true,"valueName":"search_term_string"}}],"inLanguage":"pt-BR"}]}},"_links":{"self":[{"href":"https:\/\/blogs.multimeios.ufc.br\/dalmarioheitorabreu\/wp-json\/wp\/v2\/pages\/2","targetHints":{"allow":["GET"]}}],"collection":[{"href":"https:\/\/blogs.multimeios.ufc.br\/dalmarioheitorabreu\/wp-json\/wp\/v2\/pages"}],"about":[{"href":"https:\/\/blogs.multimeios.ufc.br\/dalmarioheitorabreu\/wp-json\/wp\/v2\/types\/page"}],"author":[{"embeddable":true,"href":"https:\/\/blogs.multimeios.ufc.br\/dalmarioheitorabreu\/wp-json\/wp\/v2\/users\/27"}],"replies":[{"embeddable":true,"href":"https:\/\/blogs.multimeios.ufc.br\/dalmarioheitorabreu\/wp-json\/wp\/v2\/comments?post=2"}],"version-history":[{"count":10,"href":"https:\/\/blogs.multimeios.ufc.br\/dalmarioheitorabreu\/wp-json\/wp\/v2\/pages\/2\/revisions"}],"predecessor-version":[{"id":56,"href":"https:\/\/blogs.multimeios.ufc.br\/dalmarioheitorabreu\/wp-json\/wp\/v2\/pages\/2\/revisions\/56"}],"wp:attachment":[{"href":"https:\/\/blogs.multimeios.ufc.br\/dalmarioheitorabreu\/wp-json\/wp\/v2\/media?parent=2"}],"curies":[{"name":"wp","href":"https:\/\/api.w.org\/{rel}","templated":true}]}}