{"id":110,"date":"2017-01-10T11:04:39","date_gmt":"2017-01-10T13:04:39","guid":{"rendered":"http:\/\/blogs.multimeios.ufc.br\/danielbrandao\/?page_id=110"},"modified":"2025-01-21T12:22:37","modified_gmt":"2025-01-21T15:22:37","slug":"patrocinadores","status":"publish","type":"page","link":"https:\/\/blogs.multimeios.ufc.br\/danielbrandao\/patrocinadores\/","title":{"rendered":"Patrocinadores"},"content":{"rendered":"<p><img fetchpriority=\"high\" decoding=\"async\" class=\"alignnone size-medium wp-image-113\" src=\"http:\/\/blogs.multimeios.ufc.br\/danielbrandao\/files\/2017\/01\/\u00edndice7.png\" alt=\"indice7\" width=\"259\" height=\"195\" \/> <img decoding=\"async\" class=\"alignnone size-medium wp-image-114\" src=\"http:\/\/blogs.multimeios.ufc.br\/danielbrandao\/files\/2017\/01\/9-300x125.png\" alt=\"9\" width=\"300\" height=\"125\" srcset=\"https:\/\/blogs.multimeios.ufc.br\/danielbrandao\/files\/2017\/01\/9-300x125.png 300w, https:\/\/blogs.multimeios.ufc.br\/danielbrandao\/files\/2017\/01\/9.png 347w\" sizes=\"(max-width: 300px) 100vw, 300px\" \/><\/p>\n","protected":false},"excerpt":{"rendered":"","protected":false},"author":13,"featured_media":0,"parent":0,"menu_order":1,"comment_status":"closed","ping_status":"closed","template":"full-width-page.php","meta":{"footnotes":""},"class_list":["post-110","page","type-page","status-publish","hentry"],"yoast_head":"<!-- This site is optimized with the Yoast SEO plugin v27.4 - https:\/\/yoast.com\/product\/yoast-seo-wordpress\/ -->\n<title>Patrocinadores - Projeto Fedathi<\/title>\n<meta name=\"robots\" content=\"index, follow, max-snippet:-1, max-image-preview:large, max-video-preview:-1\" \/>\n<link rel=\"canonical\" href=\"https:\/\/blogs.multimeios.ufc.br\/danielbrandao\/patrocinadores\/\" \/>\n<meta property=\"og:locale\" content=\"pt_BR\" \/>\n<meta property=\"og:type\" content=\"article\" \/>\n<meta property=\"og:title\" content=\"Patrocinadores - Projeto Fedathi\" \/>\n<meta property=\"og:url\" content=\"https:\/\/blogs.multimeios.ufc.br\/danielbrandao\/patrocinadores\/\" \/>\n<meta property=\"og:site_name\" content=\"Projeto Fedathi\" \/>\n<meta property=\"article:modified_time\" content=\"2025-01-21T15:22:37+00:00\" \/>\n<meta property=\"og:image\" content=\"http:\/\/blogs.multimeios.ufc.br\/danielbrandao\/files\/2017\/01\/9-300x125.png\" \/>\n<meta name=\"twitter:card\" content=\"summary_large_image\" \/>\n<meta name=\"twitter:label1\" content=\"Est. tempo de leitura\" \/>\n\t<meta name=\"twitter:data1\" content=\"1 minuto\" \/>\n<script type=\"application\/ld+json\" class=\"yoast-schema-graph\">{\"@context\":\"https:\\\/\\\/schema.org\",\"@graph\":[{\"@type\":\"WebPage\",\"@id\":\"https:\\\/\\\/blogs.multimeios.ufc.br\\\/danielbrandao\\\/patrocinadores\\\/\",\"url\":\"https:\\\/\\\/blogs.multimeios.ufc.br\\\/danielbrandao\\\/patrocinadores\\\/\",\"name\":\"Patrocinadores - Projeto Fedathi\",\"isPartOf\":{\"@id\":\"https:\\\/\\\/blogs.multimeios.ufc.br\\\/danielbrandao\\\/#website\"},\"primaryImageOfPage\":{\"@id\":\"https:\\\/\\\/blogs.multimeios.ufc.br\\\/danielbrandao\\\/patrocinadores\\\/#primaryimage\"},\"image\":{\"@id\":\"https:\\\/\\\/blogs.multimeios.ufc.br\\\/danielbrandao\\\/patrocinadores\\\/#primaryimage\"},\"thumbnailUrl\":\"http:\\\/\\\/blogs.multimeios.ufc.br\\\/danielbrandao\\\/files\\\/2017\\\/01\\\/9-300x125.png\",\"datePublished\":\"2017-01-10T13:04:39+00:00\",\"dateModified\":\"2025-01-21T15:22:37+00:00\",\"breadcrumb\":{\"@id\":\"https:\\\/\\\/blogs.multimeios.ufc.br\\\/danielbrandao\\\/patrocinadores\\\/#breadcrumb\"},\"inLanguage\":\"pt-BR\",\"potentialAction\":[{\"@type\":\"ReadAction\",\"target\":[\"https:\\\/\\\/blogs.multimeios.ufc.br\\\/danielbrandao\\\/patrocinadores\\\/\"]}]},{\"@type\":\"ImageObject\",\"inLanguage\":\"pt-BR\",\"@id\":\"https:\\\/\\\/blogs.multimeios.ufc.br\\\/danielbrandao\\\/patrocinadores\\\/#primaryimage\",\"url\":\"https:\\\/\\\/blogs.multimeios.ufc.br\\\/danielbrandao\\\/files\\\/2017\\\/01\\\/9.png\",\"contentUrl\":\"https:\\\/\\\/blogs.multimeios.ufc.br\\\/danielbrandao\\\/files\\\/2017\\\/01\\\/9.png\",\"width\":347,\"height\":145},{\"@type\":\"BreadcrumbList\",\"@id\":\"https:\\\/\\\/blogs.multimeios.ufc.br\\\/danielbrandao\\\/patrocinadores\\\/#breadcrumb\",\"itemListElement\":[{\"@type\":\"ListItem\",\"position\":1,\"name\":\"In\u00edcio\",\"item\":\"https:\\\/\\\/blogs.multimeios.ufc.br\\\/danielbrandao\\\/\"},{\"@type\":\"ListItem\",\"position\":2,\"name\":\"Patrocinadores\"}]},{\"@type\":\"WebSite\",\"@id\":\"https:\\\/\\\/blogs.multimeios.ufc.br\\\/danielbrandao\\\/#website\",\"url\":\"https:\\\/\\\/blogs.multimeios.ufc.br\\\/danielbrandao\\\/\",\"name\":\"Projeto Fedathi\",\"description\":\"METODOLOGIA DE ENSINO PARA FORMA\u00c7\u00c3O DOS DOCENTES DO ENSINO M\u00c9DIO DA REDE P\u00daBLICA ESTADUAL DE EDUCA\u00c7\u00c3O\",\"potentialAction\":[{\"@type\":\"SearchAction\",\"target\":{\"@type\":\"EntryPoint\",\"urlTemplate\":\"https:\\\/\\\/blogs.multimeios.ufc.br\\\/danielbrandao\\\/?s={search_term_string}\"},\"query-input\":{\"@type\":\"PropertyValueSpecification\",\"valueRequired\":true,\"valueName\":\"search_term_string\"}}],\"inLanguage\":\"pt-BR\"}]}<\/script>\n<!-- \/ Yoast SEO plugin. -->","yoast_head_json":{"title":"Patrocinadores - Projeto Fedathi","robots":{"index":"index","follow":"follow","max-snippet":"max-snippet:-1","max-image-preview":"max-image-preview:large","max-video-preview":"max-video-preview:-1"},"canonical":"https:\/\/blogs.multimeios.ufc.br\/danielbrandao\/patrocinadores\/","og_locale":"pt_BR","og_type":"article","og_title":"Patrocinadores - Projeto Fedathi","og_url":"https:\/\/blogs.multimeios.ufc.br\/danielbrandao\/patrocinadores\/","og_site_name":"Projeto Fedathi","article_modified_time":"2025-01-21T15:22:37+00:00","og_image":[{"url":"http:\/\/blogs.multimeios.ufc.br\/danielbrandao\/files\/2017\/01\/9-300x125.png","type":"","width":"","height":""}],"twitter_card":"summary_large_image","twitter_misc":{"Est. tempo de leitura":"1 minuto"},"schema":{"@context":"https:\/\/schema.org","@graph":[{"@type":"WebPage","@id":"https:\/\/blogs.multimeios.ufc.br\/danielbrandao\/patrocinadores\/","url":"https:\/\/blogs.multimeios.ufc.br\/danielbrandao\/patrocinadores\/","name":"Patrocinadores - Projeto Fedathi","isPartOf":{"@id":"https:\/\/blogs.multimeios.ufc.br\/danielbrandao\/#website"},"primaryImageOfPage":{"@id":"https:\/\/blogs.multimeios.ufc.br\/danielbrandao\/patrocinadores\/#primaryimage"},"image":{"@id":"https:\/\/blogs.multimeios.ufc.br\/danielbrandao\/patrocinadores\/#primaryimage"},"thumbnailUrl":"http:\/\/blogs.multimeios.ufc.br\/danielbrandao\/files\/2017\/01\/9-300x125.png","datePublished":"2017-01-10T13:04:39+00:00","dateModified":"2025-01-21T15:22:37+00:00","breadcrumb":{"@id":"https:\/\/blogs.multimeios.ufc.br\/danielbrandao\/patrocinadores\/#breadcrumb"},"inLanguage":"pt-BR","potentialAction":[{"@type":"ReadAction","target":["https:\/\/blogs.multimeios.ufc.br\/danielbrandao\/patrocinadores\/"]}]},{"@type":"ImageObject","inLanguage":"pt-BR","@id":"https:\/\/blogs.multimeios.ufc.br\/danielbrandao\/patrocinadores\/#primaryimage","url":"https:\/\/blogs.multimeios.ufc.br\/danielbrandao\/files\/2017\/01\/9.png","contentUrl":"https:\/\/blogs.multimeios.ufc.br\/danielbrandao\/files\/2017\/01\/9.png","width":347,"height":145},{"@type":"BreadcrumbList","@id":"https:\/\/blogs.multimeios.ufc.br\/danielbrandao\/patrocinadores\/#breadcrumb","itemListElement":[{"@type":"ListItem","position":1,"name":"In\u00edcio","item":"https:\/\/blogs.multimeios.ufc.br\/danielbrandao\/"},{"@type":"ListItem","position":2,"name":"Patrocinadores"}]},{"@type":"WebSite","@id":"https:\/\/blogs.multimeios.ufc.br\/danielbrandao\/#website","url":"https:\/\/blogs.multimeios.ufc.br\/danielbrandao\/","name":"Projeto Fedathi","description":"METODOLOGIA DE ENSINO PARA FORMA\u00c7\u00c3O DOS DOCENTES DO ENSINO M\u00c9DIO DA REDE P\u00daBLICA ESTADUAL DE EDUCA\u00c7\u00c3O","potentialAction":[{"@type":"SearchAction","target":{"@type":"EntryPoint","urlTemplate":"https:\/\/blogs.multimeios.ufc.br\/danielbrandao\/?s={search_term_string}"},"query-input":{"@type":"PropertyValueSpecification","valueRequired":true,"valueName":"search_term_string"}}],"inLanguage":"pt-BR"}]}},"_links":{"self":[{"href":"https:\/\/blogs.multimeios.ufc.br\/danielbrandao\/wp-json\/wp\/v2\/pages\/110","targetHints":{"allow":["GET"]}}],"collection":[{"href":"https:\/\/blogs.multimeios.ufc.br\/danielbrandao\/wp-json\/wp\/v2\/pages"}],"about":[{"href":"https:\/\/blogs.multimeios.ufc.br\/danielbrandao\/wp-json\/wp\/v2\/types\/page"}],"author":[{"embeddable":true,"href":"https:\/\/blogs.multimeios.ufc.br\/danielbrandao\/wp-json\/wp\/v2\/users\/13"}],"replies":[{"embeddable":true,"href":"https:\/\/blogs.multimeios.ufc.br\/danielbrandao\/wp-json\/wp\/v2\/comments?post=110"}],"version-history":[{"count":4,"href":"https:\/\/blogs.multimeios.ufc.br\/danielbrandao\/wp-json\/wp\/v2\/pages\/110\/revisions"}],"predecessor-version":[{"id":162,"href":"https:\/\/blogs.multimeios.ufc.br\/danielbrandao\/wp-json\/wp\/v2\/pages\/110\/revisions\/162"}],"wp:attachment":[{"href":"https:\/\/blogs.multimeios.ufc.br\/danielbrandao\/wp-json\/wp\/v2\/media?parent=110"}],"curies":[{"name":"wp","href":"https:\/\/api.w.org\/{rel}","templated":true}]}}