{"id":163,"date":"2020-02-04T00:18:01","date_gmt":"2020-02-04T03:18:01","guid":{"rendered":"http:\/\/blogs.multimeios.ufc.br\/danielbrandao\/?page_id=163"},"modified":"2020-02-05T10:12:17","modified_gmt":"2020-02-05T13:12:17","slug":"fotos","status":"publish","type":"page","link":"https:\/\/blogs.multimeios.ufc.br\/danielbrandao\/fotos\/","title":{"rendered":"Fotos"},"content":{"rendered":"\n<p><img fetchpriority=\"high\" decoding=\"async\" class=\"alignnone wp-image-176 size-full\" src=\"http:\/\/blogs.multimeios.ufc.br\/danielbrandao\/files\/2020\/02\/DSCN0393-scaled.jpg\" alt=\"\" width=\"1920\" height=\"2560\" srcset=\"https:\/\/blogs.multimeios.ufc.br\/danielbrandao\/files\/2020\/02\/DSCN0393-scaled.jpg 1920w, https:\/\/blogs.multimeios.ufc.br\/danielbrandao\/files\/2020\/02\/DSCN0393-225x300.jpg 225w, https:\/\/blogs.multimeios.ufc.br\/danielbrandao\/files\/2020\/02\/DSCN0393-768x1024.jpg 768w, https:\/\/blogs.multimeios.ufc.br\/danielbrandao\/files\/2020\/02\/DSCN0393-1152x1536.jpg 1152w, https:\/\/blogs.multimeios.ufc.br\/danielbrandao\/files\/2020\/02\/DSCN0393-1536x2048.jpg 1536w, https:\/\/blogs.multimeios.ufc.br\/danielbrandao\/files\/2020\/02\/DSCN0393-600x800.jpg 600w\" sizes=\"(max-width: 1920px) 100vw, 1920px\" \/> <img decoding=\"async\" class=\"alignnone wp-image-177 size-full\" src=\"http:\/\/blogs.multimeios.ufc.br\/danielbrandao\/files\/2020\/02\/DSCN0400-scaled.jpg\" alt=\"\" width=\"1920\" height=\"2560\" srcset=\"https:\/\/blogs.multimeios.ufc.br\/danielbrandao\/files\/2020\/02\/DSCN0400-scaled.jpg 1920w, https:\/\/blogs.multimeios.ufc.br\/danielbrandao\/files\/2020\/02\/DSCN0400-225x300.jpg 225w, https:\/\/blogs.multimeios.ufc.br\/danielbrandao\/files\/2020\/02\/DSCN0400-768x1024.jpg 768w, https:\/\/blogs.multimeios.ufc.br\/danielbrandao\/files\/2020\/02\/DSCN0400-1152x1536.jpg 1152w, https:\/\/blogs.multimeios.ufc.br\/danielbrandao\/files\/2020\/02\/DSCN0400-1536x2048.jpg 1536w, https:\/\/blogs.multimeios.ufc.br\/danielbrandao\/files\/2020\/02\/DSCN0400-600x800.jpg 600w\" sizes=\"(max-width: 1920px) 100vw, 1920px\" \/> <img decoding=\"async\" class=\"alignnone wp-image-179 size-full\" src=\"http:\/\/blogs.multimeios.ufc.br\/danielbrandao\/files\/2020\/02\/DSCN0405-scaled.jpg\" alt=\"\" width=\"2560\" height=\"1920\" srcset=\"https:\/\/blogs.multimeios.ufc.br\/danielbrandao\/files\/2020\/02\/DSCN0405-scaled.jpg 2560w, https:\/\/blogs.multimeios.ufc.br\/danielbrandao\/files\/2020\/02\/DSCN0405-300x225.jpg 300w, https:\/\/blogs.multimeios.ufc.br\/danielbrandao\/files\/2020\/02\/DSCN0405-1024x768.jpg 1024w, https:\/\/blogs.multimeios.ufc.br\/danielbrandao\/files\/2020\/02\/DSCN0405-768x576.jpg 768w, https:\/\/blogs.multimeios.ufc.br\/danielbrandao\/files\/2020\/02\/DSCN0405-1536x1152.jpg 1536w, https:\/\/blogs.multimeios.ufc.br\/danielbrandao\/files\/2020\/02\/DSCN0405-2048x1536.jpg 2048w, https:\/\/blogs.multimeios.ufc.br\/danielbrandao\/files\/2020\/02\/DSCN0405-800x600.jpg 800w\" sizes=\"(max-width: 2560px) 100vw, 2560px\" \/> <img loading=\"lazy\" decoding=\"async\" class=\"alignnone wp-image-180 size-full\" src=\"http:\/\/blogs.multimeios.ufc.br\/danielbrandao\/files\/2020\/02\/DSCN0406-scaled.jpg\" alt=\"\" width=\"2560\" height=\"1920\" srcset=\"https:\/\/blogs.multimeios.ufc.br\/danielbrandao\/files\/2020\/02\/DSCN0406-scaled.jpg 2560w, https:\/\/blogs.multimeios.ufc.br\/danielbrandao\/files\/2020\/02\/DSCN0406-300x225.jpg 300w, https:\/\/blogs.multimeios.ufc.br\/danielbrandao\/files\/2020\/02\/DSCN0406-1024x768.jpg 1024w, https:\/\/blogs.multimeios.ufc.br\/danielbrandao\/files\/2020\/02\/DSCN0406-768x576.jpg 768w, https:\/\/blogs.multimeios.ufc.br\/danielbrandao\/files\/2020\/02\/DSCN0406-1536x1152.jpg 1536w, https:\/\/blogs.multimeios.ufc.br\/danielbrandao\/files\/2020\/02\/DSCN0406-2048x1536.jpg 2048w, https:\/\/blogs.multimeios.ufc.br\/danielbrandao\/files\/2020\/02\/DSCN0406-800x600.jpg 800w\" sizes=\"(max-width: 2560px) 100vw, 2560px\" \/> <img loading=\"lazy\" decoding=\"async\" class=\"alignnone wp-image-181 size-full\" src=\"http:\/\/blogs.multimeios.ufc.br\/danielbrandao\/files\/2020\/02\/DSCN0407-scaled.jpg\" alt=\"\" width=\"2560\" height=\"1920\" srcset=\"https:\/\/blogs.multimeios.ufc.br\/danielbrandao\/files\/2020\/02\/DSCN0407-scaled.jpg 2560w, https:\/\/blogs.multimeios.ufc.br\/danielbrandao\/files\/2020\/02\/DSCN0407-300x225.jpg 300w, https:\/\/blogs.multimeios.ufc.br\/danielbrandao\/files\/2020\/02\/DSCN0407-1024x768.jpg 1024w, https:\/\/blogs.multimeios.ufc.br\/danielbrandao\/files\/2020\/02\/DSCN0407-768x576.jpg 768w, https:\/\/blogs.multimeios.ufc.br\/danielbrandao\/files\/2020\/02\/DSCN0407-1536x1152.jpg 1536w, https:\/\/blogs.multimeios.ufc.br\/danielbrandao\/files\/2020\/02\/DSCN0407-2048x1536.jpg 2048w, https:\/\/blogs.multimeios.ufc.br\/danielbrandao\/files\/2020\/02\/DSCN0407-800x600.jpg 800w\" sizes=\"(max-width: 2560px) 100vw, 2560px\" \/><\/p>\n","protected":false},"excerpt":{"rendered":"","protected":false},"author":13,"featured_media":0,"parent":0,"menu_order":0,"comment_status":"closed","ping_status":"closed","template":"","meta":{"footnotes":""},"class_list":["post-163","page","type-page","status-publish","hentry"],"yoast_head":"<!-- This site is optimized with the Yoast SEO plugin v27.3 - https:\/\/yoast.com\/product\/yoast-seo-wordpress\/ -->\n<title>Fotos - Projeto Fedathi<\/title>\n<meta name=\"robots\" content=\"index, follow, max-snippet:-1, max-image-preview:large, max-video-preview:-1\" \/>\n<link rel=\"canonical\" href=\"https:\/\/blogs.multimeios.ufc.br\/danielbrandao\/fotos\/\" \/>\n<meta property=\"og:locale\" content=\"pt_BR\" \/>\n<meta property=\"og:type\" content=\"article\" \/>\n<meta property=\"og:title\" content=\"Fotos - Projeto Fedathi\" \/>\n<meta property=\"og:url\" content=\"https:\/\/blogs.multimeios.ufc.br\/danielbrandao\/fotos\/\" \/>\n<meta property=\"og:site_name\" content=\"Projeto Fedathi\" \/>\n<meta property=\"article:modified_time\" content=\"2020-02-05T13:12:17+00:00\" \/>\n<meta property=\"og:image\" content=\"http:\/\/blogs.multimeios.ufc.br\/danielbrandao\/files\/2020\/02\/DSCN0393-scaled.jpg\" \/>\n<meta name=\"twitter:card\" content=\"summary_large_image\" \/>\n<script type=\"application\/ld+json\" class=\"yoast-schema-graph\">{\"@context\":\"https:\\\/\\\/schema.org\",\"@graph\":[{\"@type\":\"WebPage\",\"@id\":\"https:\\\/\\\/blogs.multimeios.ufc.br\\\/danielbrandao\\\/fotos\\\/\",\"url\":\"https:\\\/\\\/blogs.multimeios.ufc.br\\\/danielbrandao\\\/fotos\\\/\",\"name\":\"Fotos - Projeto Fedathi\",\"isPartOf\":{\"@id\":\"https:\\\/\\\/blogs.multimeios.ufc.br\\\/danielbrandao\\\/#website\"},\"primaryImageOfPage\":{\"@id\":\"https:\\\/\\\/blogs.multimeios.ufc.br\\\/danielbrandao\\\/fotos\\\/#primaryimage\"},\"image\":{\"@id\":\"https:\\\/\\\/blogs.multimeios.ufc.br\\\/danielbrandao\\\/fotos\\\/#primaryimage\"},\"thumbnailUrl\":\"http:\\\/\\\/blogs.multimeios.ufc.br\\\/danielbrandao\\\/files\\\/2020\\\/02\\\/DSCN0393-scaled.jpg\",\"datePublished\":\"2020-02-04T03:18:01+00:00\",\"dateModified\":\"2020-02-05T13:12:17+00:00\",\"breadcrumb\":{\"@id\":\"https:\\\/\\\/blogs.multimeios.ufc.br\\\/danielbrandao\\\/fotos\\\/#breadcrumb\"},\"inLanguage\":\"pt-BR\",\"potentialAction\":[{\"@type\":\"ReadAction\",\"target\":[\"https:\\\/\\\/blogs.multimeios.ufc.br\\\/danielbrandao\\\/fotos\\\/\"]}]},{\"@type\":\"ImageObject\",\"inLanguage\":\"pt-BR\",\"@id\":\"https:\\\/\\\/blogs.multimeios.ufc.br\\\/danielbrandao\\\/fotos\\\/#primaryimage\",\"url\":\"https:\\\/\\\/blogs.multimeios.ufc.br\\\/danielbrandao\\\/files\\\/2020\\\/02\\\/DSCN0393-scaled.jpg\",\"contentUrl\":\"https:\\\/\\\/blogs.multimeios.ufc.br\\\/danielbrandao\\\/files\\\/2020\\\/02\\\/DSCN0393-scaled.jpg\",\"width\":1920,\"height\":2560},{\"@type\":\"BreadcrumbList\",\"@id\":\"https:\\\/\\\/blogs.multimeios.ufc.br\\\/danielbrandao\\\/fotos\\\/#breadcrumb\",\"itemListElement\":[{\"@type\":\"ListItem\",\"position\":1,\"name\":\"In\u00edcio\",\"item\":\"https:\\\/\\\/blogs.multimeios.ufc.br\\\/danielbrandao\\\/\"},{\"@type\":\"ListItem\",\"position\":2,\"name\":\"Fotos\"}]},{\"@type\":\"WebSite\",\"@id\":\"https:\\\/\\\/blogs.multimeios.ufc.br\\\/danielbrandao\\\/#website\",\"url\":\"https:\\\/\\\/blogs.multimeios.ufc.br\\\/danielbrandao\\\/\",\"name\":\"Projeto Fedathi\",\"description\":\"METODOLOGIA DE ENSINO PARA FORMA\u00c7\u00c3O DOS DOCENTES DO ENSINO M\u00c9DIO DA REDE P\u00daBLICA ESTADUAL DE EDUCA\u00c7\u00c3O\",\"potentialAction\":[{\"@type\":\"SearchAction\",\"target\":{\"@type\":\"EntryPoint\",\"urlTemplate\":\"https:\\\/\\\/blogs.multimeios.ufc.br\\\/danielbrandao\\\/?s={search_term_string}\"},\"query-input\":{\"@type\":\"PropertyValueSpecification\",\"valueRequired\":true,\"valueName\":\"search_term_string\"}}],\"inLanguage\":\"pt-BR\"}]}<\/script>\n<!-- \/ Yoast SEO plugin. -->","yoast_head_json":{"title":"Fotos - Projeto Fedathi","robots":{"index":"index","follow":"follow","max-snippet":"max-snippet:-1","max-image-preview":"max-image-preview:large","max-video-preview":"max-video-preview:-1"},"canonical":"https:\/\/blogs.multimeios.ufc.br\/danielbrandao\/fotos\/","og_locale":"pt_BR","og_type":"article","og_title":"Fotos - Projeto Fedathi","og_url":"https:\/\/blogs.multimeios.ufc.br\/danielbrandao\/fotos\/","og_site_name":"Projeto Fedathi","article_modified_time":"2020-02-05T13:12:17+00:00","og_image":[{"url":"http:\/\/blogs.multimeios.ufc.br\/danielbrandao\/files\/2020\/02\/DSCN0393-scaled.jpg","type":"","width":"","height":""}],"twitter_card":"summary_large_image","schema":{"@context":"https:\/\/schema.org","@graph":[{"@type":"WebPage","@id":"https:\/\/blogs.multimeios.ufc.br\/danielbrandao\/fotos\/","url":"https:\/\/blogs.multimeios.ufc.br\/danielbrandao\/fotos\/","name":"Fotos - Projeto Fedathi","isPartOf":{"@id":"https:\/\/blogs.multimeios.ufc.br\/danielbrandao\/#website"},"primaryImageOfPage":{"@id":"https:\/\/blogs.multimeios.ufc.br\/danielbrandao\/fotos\/#primaryimage"},"image":{"@id":"https:\/\/blogs.multimeios.ufc.br\/danielbrandao\/fotos\/#primaryimage"},"thumbnailUrl":"http:\/\/blogs.multimeios.ufc.br\/danielbrandao\/files\/2020\/02\/DSCN0393-scaled.jpg","datePublished":"2020-02-04T03:18:01+00:00","dateModified":"2020-02-05T13:12:17+00:00","breadcrumb":{"@id":"https:\/\/blogs.multimeios.ufc.br\/danielbrandao\/fotos\/#breadcrumb"},"inLanguage":"pt-BR","potentialAction":[{"@type":"ReadAction","target":["https:\/\/blogs.multimeios.ufc.br\/danielbrandao\/fotos\/"]}]},{"@type":"ImageObject","inLanguage":"pt-BR","@id":"https:\/\/blogs.multimeios.ufc.br\/danielbrandao\/fotos\/#primaryimage","url":"https:\/\/blogs.multimeios.ufc.br\/danielbrandao\/files\/2020\/02\/DSCN0393-scaled.jpg","contentUrl":"https:\/\/blogs.multimeios.ufc.br\/danielbrandao\/files\/2020\/02\/DSCN0393-scaled.jpg","width":1920,"height":2560},{"@type":"BreadcrumbList","@id":"https:\/\/blogs.multimeios.ufc.br\/danielbrandao\/fotos\/#breadcrumb","itemListElement":[{"@type":"ListItem","position":1,"name":"In\u00edcio","item":"https:\/\/blogs.multimeios.ufc.br\/danielbrandao\/"},{"@type":"ListItem","position":2,"name":"Fotos"}]},{"@type":"WebSite","@id":"https:\/\/blogs.multimeios.ufc.br\/danielbrandao\/#website","url":"https:\/\/blogs.multimeios.ufc.br\/danielbrandao\/","name":"Projeto Fedathi","description":"METODOLOGIA DE ENSINO PARA FORMA\u00c7\u00c3O DOS DOCENTES DO ENSINO M\u00c9DIO DA REDE P\u00daBLICA ESTADUAL DE EDUCA\u00c7\u00c3O","potentialAction":[{"@type":"SearchAction","target":{"@type":"EntryPoint","urlTemplate":"https:\/\/blogs.multimeios.ufc.br\/danielbrandao\/?s={search_term_string}"},"query-input":{"@type":"PropertyValueSpecification","valueRequired":true,"valueName":"search_term_string"}}],"inLanguage":"pt-BR"}]}},"_links":{"self":[{"href":"https:\/\/blogs.multimeios.ufc.br\/danielbrandao\/wp-json\/wp\/v2\/pages\/163","targetHints":{"allow":["GET"]}}],"collection":[{"href":"https:\/\/blogs.multimeios.ufc.br\/danielbrandao\/wp-json\/wp\/v2\/pages"}],"about":[{"href":"https:\/\/blogs.multimeios.ufc.br\/danielbrandao\/wp-json\/wp\/v2\/types\/page"}],"author":[{"embeddable":true,"href":"https:\/\/blogs.multimeios.ufc.br\/danielbrandao\/wp-json\/wp\/v2\/users\/13"}],"replies":[{"embeddable":true,"href":"https:\/\/blogs.multimeios.ufc.br\/danielbrandao\/wp-json\/wp\/v2\/comments?post=163"}],"version-history":[{"count":3,"href":"https:\/\/blogs.multimeios.ufc.br\/danielbrandao\/wp-json\/wp\/v2\/pages\/163\/revisions"}],"predecessor-version":[{"id":183,"href":"https:\/\/blogs.multimeios.ufc.br\/danielbrandao\/wp-json\/wp\/v2\/pages\/163\/revisions\/183"}],"wp:attachment":[{"href":"https:\/\/blogs.multimeios.ufc.br\/danielbrandao\/wp-json\/wp\/v2\/media?parent=163"}],"curies":[{"name":"wp","href":"https:\/\/api.w.org\/{rel}","templated":true}]}}