{"id":2,"date":"2021-04-05T14:37:09","date_gmt":"2021-04-05T17:37:09","guid":{"rendered":"http:\/\/blogs.multimeios.ufc.br\/dina\/?page_id=2"},"modified":"2025-12-02T00:56:43","modified_gmt":"2025-12-02T03:56:43","slug":"pagina-exemplo","status":"publish","type":"page","link":"https:\/\/blogs.multimeios.ufc.br\/dina\/","title":{"rendered":"A fim de conhecer um pouco do pouco dessa professora?"},"content":{"rendered":"\n<div class=\"wp-block-media-text is-stacked-on-mobile\" style=\"grid-template-columns:19% auto\"><figure class=\"wp-block-media-text__media\"><img fetchpriority=\"high\" decoding=\"async\" width=\"343\" height=\"425\" src=\"http:\/\/blogs.multimeios.ufc.br\/dina\/files\/2025\/12\/WhatsApp-Image-2025-12-01-at-21.11.43.jpeg\" alt=\"\" class=\"wp-image-201 size-full\" srcset=\"https:\/\/blogs.multimeios.ufc.br\/dina\/files\/2025\/12\/WhatsApp-Image-2025-12-01-at-21.11.43.jpeg 343w, https:\/\/blogs.multimeios.ufc.br\/dina\/files\/2025\/12\/WhatsApp-Image-2025-12-01-at-21.11.43-242x300.jpeg 242w\" sizes=\"(max-width: 343px) 100vw, 343px\" \/><\/figure><div class=\"wp-block-media-text__content\">\n<h2><span style=\"color: #000000\"><strong>Oi, vou lhes convidar \u00e0 conhecer a minha trajet\u00f3ria. Preparados para muitas emo\u00e7\u00f5es? <\/strong><\/span><\/h2>\n<\/div><\/div>\n\n\n<h2><span style=\"color: #993300\">\u00c9 com essa forma leve que vos apresentarei aqui um pouco do que escrevo na tese e servir\u00e1 como reposit\u00f3rio de maiores dados. Imagine colocar tudo o que vivi em uma tese escrita? Pois bem, aqui disponibilizarei o que n\u00e3o vai caber l\u00e1, como fotos, v\u00eddeos, documentos &#8230;. <\/span><\/h2>\n<h2><span style=\"color: #993300\">Aos poucos vou puxando as pastas da minha forma\u00e7\u00e3o no MM. Foram muitos projetos e pude vivenciar esse protagonismos desde de 2002 \u00e0 2012. Iniciando na Gradua\u00e7\u00e3o, passando pelo Mestrado e voltando ap\u00f3s dez anos para finalizar o ciclo acad\u00eamico com o Doutorado em 2022.\u00a0<\/span><\/h2>\n\n\n<div class=\"wp-block-group is-content-justification-center is-nowrap is-layout-flex wp-container-core-group-is-layout-94bc23d7 wp-block-group-is-layout-flex\"><div class=\"wp-block-image\">\n<figure class=\"aligncenter size-large is-resized\"><img decoding=\"async\" width=\"768\" height=\"1024\" src=\"http:\/\/blogs.multimeios.ufc.br\/dina\/files\/2025\/12\/WhatsApp-Image-2025-11-28-at-19.33.26-768x1024.jpeg\" alt=\"\" class=\"wp-image-107\" style=\"width:379px;height:auto\" srcset=\"https:\/\/blogs.multimeios.ufc.br\/dina\/files\/2025\/12\/WhatsApp-Image-2025-11-28-at-19.33.26-768x1024.jpeg 768w, https:\/\/blogs.multimeios.ufc.br\/dina\/files\/2025\/12\/WhatsApp-Image-2025-11-28-at-19.33.26-225x300.jpeg 225w, https:\/\/blogs.multimeios.ufc.br\/dina\/files\/2025\/12\/WhatsApp-Image-2025-11-28-at-19.33.26.jpeg 960w\" sizes=\"(max-width: 768px) 100vw, 768px\" \/><\/figure>\n<\/div><\/div>\n\n\n\n<div class=\"wp-block-media-text is-stacked-on-mobile\" style=\"grid-template-columns:28% auto\"><figure class=\"wp-block-media-text__media\"><img decoding=\"async\" width=\"384\" height=\"445\" src=\"http:\/\/blogs.multimeios.ufc.br\/dina\/files\/2025\/12\/WhatsApp-Image-2025-12-01-at-21.11.42-1.jpeg\" alt=\"\" class=\"wp-image-203 size-full\" srcset=\"https:\/\/blogs.multimeios.ufc.br\/dina\/files\/2025\/12\/WhatsApp-Image-2025-12-01-at-21.11.42-1.jpeg 384w, https:\/\/blogs.multimeios.ufc.br\/dina\/files\/2025\/12\/WhatsApp-Image-2025-12-01-at-21.11.42-1-259x300.jpeg 259w\" sizes=\"(max-width: 384px) 100vw, 384px\" \/><\/figure><div class=\"wp-block-media-text__content\">\n\n\n<h2><strong><span style=\"color: #000000\">Oi, sou o HBN e gostaria de acompanhar voc\u00eas nessa longa viagem de forma\u00e7\u00e3o da Dina. <\/span><\/strong><\/h2>\n<h2><strong><span style=\"color: #000000\">Lembro que chegou ainda muito nova e que j\u00e1 completou vinte e pouco anos &#8230; rsrs <\/span><\/strong><\/h2>\n\n\n\n<p><\/p>\n<\/div><\/div>\n\n\n\n<p class=\"has-medium-font-size\">Olha n\u00f3s aqui!!! <\/p>\n\n\n\n<figure class=\"wp-block-image size-full is-resized is-style-rounded\"><img loading=\"lazy\" decoding=\"async\" width=\"800\" height=\"600\" src=\"https:\/\/blogs.multimeios.ufc.br\/dina\/files\/2025\/12\/WhatsApp-Image-2025-12-01-at-20.31.36-2.jpeg\" alt=\"\" class=\"wp-image-275\" style=\"width:519px;height:auto\" srcset=\"https:\/\/blogs.multimeios.ufc.br\/dina\/files\/2025\/12\/WhatsApp-Image-2025-12-01-at-20.31.36-2.jpeg 800w, https:\/\/blogs.multimeios.ufc.br\/dina\/files\/2025\/12\/WhatsApp-Image-2025-12-01-at-20.31.36-2-300x225.jpeg 300w, https:\/\/blogs.multimeios.ufc.br\/dina\/files\/2025\/12\/WhatsApp-Image-2025-12-01-at-20.31.36-2-768x576.jpeg 768w\" sizes=\"(max-width: 800px) 100vw, 800px\" \/><\/figure>\n\n\n<form role=\"search\" method=\"get\" action=\"https:\/\/blogs.multimeios.ufc.br\/dina\/\" class=\"wp-block-search__button-outside wp-block-search__text-button wp-block-search\"    ><label class=\"wp-block-search__label\" for=\"wp-block-search__input-1\" >Pesquisar<\/label><div class=\"wp-block-search__inside-wrapper\" ><input class=\"wp-block-search__input\" id=\"wp-block-search__input-1\" placeholder=\"\" value=\"\" type=\"search\" name=\"s\" required \/><button aria-label=\"Pesquisar\" class=\"wp-block-search__button wp-element-button\" type=\"submit\" >Pesquisar<\/button><\/div><\/form>\n\n\n\n\n<p><\/p>\n","protected":false},"excerpt":{"rendered":"<p>Oi, vou lhes convidar \u00e0 conhecer a minha trajet\u00f3ria. Preparados para muitas emo\u00e7\u00f5es? \u00c9 com essa forma leve que vos apresentarei aqui um pouco do que escrevo na tese e servir\u00e1 como reposit\u00f3rio de maiores dados. Imagine colocar tudo o &hellip; <a href=\"https:\/\/blogs.multimeios.ufc.br\/dina\/\">Continue lendo <span class=\"meta-nav\">&rarr;<\/span><\/a><\/p>\n","protected":false},"author":32,"featured_media":0,"parent":0,"menu_order":0,"comment_status":"closed","ping_status":"open","template":"","meta":{"footnotes":""},"class_list":["post-2","page","type-page","status-publish","hentry"],"yoast_head":"<!-- This site is optimized with the Yoast SEO plugin v27.4 - https:\/\/yoast.com\/product\/yoast-seo-wordpress\/ -->\n<title>A fim de conhecer um pouco do pouco dessa professora? - Dina Mara Pinheiro Dantas<\/title>\n<meta name=\"robots\" content=\"index, follow, max-snippet:-1, max-image-preview:large, max-video-preview:-1\" \/>\n<link rel=\"canonical\" href=\"https:\/\/blogs.multimeios.ufc.br\/dina\/\" \/>\n<meta property=\"og:locale\" content=\"pt_BR\" \/>\n<meta property=\"og:type\" content=\"article\" \/>\n<meta property=\"og:title\" content=\"A fim de conhecer um pouco do pouco dessa professora? - Dina Mara Pinheiro Dantas\" \/>\n<meta property=\"og:description\" content=\"Oi, vou lhes convidar \u00e0 conhecer a minha trajet\u00f3ria. Preparados para muitas emo\u00e7\u00f5es? \u00c9 com essa forma leve que vos apresentarei aqui um pouco do que escrevo na tese e servir\u00e1 como reposit\u00f3rio de maiores dados. Imagine colocar tudo o &hellip; Continue lendo &rarr;\" \/>\n<meta property=\"og:url\" content=\"https:\/\/blogs.multimeios.ufc.br\/dina\/\" \/>\n<meta property=\"og:site_name\" content=\"Dina Mara Pinheiro Dantas\" \/>\n<meta property=\"article:modified_time\" content=\"2025-12-02T03:56:43+00:00\" \/>\n<meta property=\"og:image\" content=\"https:\/\/blogs.multimeios.ufc.br\/dina\/files\/2025\/12\/WhatsApp-Image-2025-12-01-at-21.11.43.jpeg\" \/>\n\t<meta property=\"og:image:width\" content=\"343\" \/>\n\t<meta property=\"og:image:height\" content=\"425\" \/>\n\t<meta property=\"og:image:type\" content=\"image\/jpeg\" \/>\n<meta name=\"twitter:card\" content=\"summary_large_image\" \/>\n<meta name=\"twitter:label1\" content=\"Est. tempo de leitura\" \/>\n\t<meta name=\"twitter:data1\" content=\"2 minutos\" \/>\n<script type=\"application\/ld+json\" class=\"yoast-schema-graph\">{\"@context\":\"https:\\\/\\\/schema.org\",\"@graph\":[{\"@type\":\"WebPage\",\"@id\":\"https:\\\/\\\/blogs.multimeios.ufc.br\\\/dina\\\/\",\"url\":\"https:\\\/\\\/blogs.multimeios.ufc.br\\\/dina\\\/\",\"name\":\"A fim de conhecer um pouco do pouco dessa professora? - Dina Mara Pinheiro Dantas\",\"isPartOf\":{\"@id\":\"https:\\\/\\\/blogs.multimeios.ufc.br\\\/dina\\\/#website\"},\"primaryImageOfPage\":{\"@id\":\"https:\\\/\\\/blogs.multimeios.ufc.br\\\/dina\\\/#primaryimage\"},\"image\":{\"@id\":\"https:\\\/\\\/blogs.multimeios.ufc.br\\\/dina\\\/#primaryimage\"},\"thumbnailUrl\":\"http:\\\/\\\/blogs.multimeios.ufc.br\\\/dina\\\/files\\\/2025\\\/12\\\/WhatsApp-Image-2025-12-01-at-21.11.43.jpeg\",\"datePublished\":\"2021-04-05T17:37:09+00:00\",\"dateModified\":\"2025-12-02T03:56:43+00:00\",\"breadcrumb\":{\"@id\":\"https:\\\/\\\/blogs.multimeios.ufc.br\\\/dina\\\/#breadcrumb\"},\"inLanguage\":\"pt-BR\",\"potentialAction\":[{\"@type\":\"ReadAction\",\"target\":[\"https:\\\/\\\/blogs.multimeios.ufc.br\\\/dina\\\/\"]}]},{\"@type\":\"ImageObject\",\"inLanguage\":\"pt-BR\",\"@id\":\"https:\\\/\\\/blogs.multimeios.ufc.br\\\/dina\\\/#primaryimage\",\"url\":\"https:\\\/\\\/blogs.multimeios.ufc.br\\\/dina\\\/files\\\/2025\\\/12\\\/WhatsApp-Image-2025-12-01-at-21.11.43.jpeg\",\"contentUrl\":\"https:\\\/\\\/blogs.multimeios.ufc.br\\\/dina\\\/files\\\/2025\\\/12\\\/WhatsApp-Image-2025-12-01-at-21.11.43.jpeg\",\"width\":343,\"height\":425},{\"@type\":\"BreadcrumbList\",\"@id\":\"https:\\\/\\\/blogs.multimeios.ufc.br\\\/dina\\\/#breadcrumb\",\"itemListElement\":[{\"@type\":\"ListItem\",\"position\":1,\"name\":\"In\u00edcio\",\"item\":\"https:\\\/\\\/blogs.multimeios.ufc.br\\\/dina\\\/\"},{\"@type\":\"ListItem\",\"position\":2,\"name\":\"A fim de conhecer um pouco do pouco dessa professora?\"}]},{\"@type\":\"WebSite\",\"@id\":\"https:\\\/\\\/blogs.multimeios.ufc.br\\\/dina\\\/#website\",\"url\":\"https:\\\/\\\/blogs.multimeios.ufc.br\\\/dina\\\/\",\"name\":\"Dina Mara Pinheiro Dantas\",\"description\":\"Caminhei do MultiMeios\",\"potentialAction\":[{\"@type\":\"SearchAction\",\"target\":{\"@type\":\"EntryPoint\",\"urlTemplate\":\"https:\\\/\\\/blogs.multimeios.ufc.br\\\/dina\\\/?s={search_term_string}\"},\"query-input\":{\"@type\":\"PropertyValueSpecification\",\"valueRequired\":true,\"valueName\":\"search_term_string\"}}],\"inLanguage\":\"pt-BR\"}]}<\/script>\n<!-- \/ Yoast SEO plugin. -->","yoast_head_json":{"title":"A fim de conhecer um pouco do pouco dessa professora? - Dina Mara Pinheiro Dantas","robots":{"index":"index","follow":"follow","max-snippet":"max-snippet:-1","max-image-preview":"max-image-preview:large","max-video-preview":"max-video-preview:-1"},"canonical":"https:\/\/blogs.multimeios.ufc.br\/dina\/","og_locale":"pt_BR","og_type":"article","og_title":"A fim de conhecer um pouco do pouco dessa professora? - Dina Mara Pinheiro Dantas","og_description":"Oi, vou lhes convidar \u00e0 conhecer a minha trajet\u00f3ria. Preparados para muitas emo\u00e7\u00f5es? \u00c9 com essa forma leve que vos apresentarei aqui um pouco do que escrevo na tese e servir\u00e1 como reposit\u00f3rio de maiores dados. Imagine colocar tudo o &hellip; Continue lendo &rarr;","og_url":"https:\/\/blogs.multimeios.ufc.br\/dina\/","og_site_name":"Dina Mara Pinheiro Dantas","article_modified_time":"2025-12-02T03:56:43+00:00","og_image":[{"width":343,"height":425,"url":"https:\/\/blogs.multimeios.ufc.br\/dina\/files\/2025\/12\/WhatsApp-Image-2025-12-01-at-21.11.43.jpeg","type":"image\/jpeg"}],"twitter_card":"summary_large_image","twitter_misc":{"Est. tempo de leitura":"2 minutos"},"schema":{"@context":"https:\/\/schema.org","@graph":[{"@type":"WebPage","@id":"https:\/\/blogs.multimeios.ufc.br\/dina\/","url":"https:\/\/blogs.multimeios.ufc.br\/dina\/","name":"A fim de conhecer um pouco do pouco dessa professora? - Dina Mara Pinheiro Dantas","isPartOf":{"@id":"https:\/\/blogs.multimeios.ufc.br\/dina\/#website"},"primaryImageOfPage":{"@id":"https:\/\/blogs.multimeios.ufc.br\/dina\/#primaryimage"},"image":{"@id":"https:\/\/blogs.multimeios.ufc.br\/dina\/#primaryimage"},"thumbnailUrl":"http:\/\/blogs.multimeios.ufc.br\/dina\/files\/2025\/12\/WhatsApp-Image-2025-12-01-at-21.11.43.jpeg","datePublished":"2021-04-05T17:37:09+00:00","dateModified":"2025-12-02T03:56:43+00:00","breadcrumb":{"@id":"https:\/\/blogs.multimeios.ufc.br\/dina\/#breadcrumb"},"inLanguage":"pt-BR","potentialAction":[{"@type":"ReadAction","target":["https:\/\/blogs.multimeios.ufc.br\/dina\/"]}]},{"@type":"ImageObject","inLanguage":"pt-BR","@id":"https:\/\/blogs.multimeios.ufc.br\/dina\/#primaryimage","url":"https:\/\/blogs.multimeios.ufc.br\/dina\/files\/2025\/12\/WhatsApp-Image-2025-12-01-at-21.11.43.jpeg","contentUrl":"https:\/\/blogs.multimeios.ufc.br\/dina\/files\/2025\/12\/WhatsApp-Image-2025-12-01-at-21.11.43.jpeg","width":343,"height":425},{"@type":"BreadcrumbList","@id":"https:\/\/blogs.multimeios.ufc.br\/dina\/#breadcrumb","itemListElement":[{"@type":"ListItem","position":1,"name":"In\u00edcio","item":"https:\/\/blogs.multimeios.ufc.br\/dina\/"},{"@type":"ListItem","position":2,"name":"A fim de conhecer um pouco do pouco dessa professora?"}]},{"@type":"WebSite","@id":"https:\/\/blogs.multimeios.ufc.br\/dina\/#website","url":"https:\/\/blogs.multimeios.ufc.br\/dina\/","name":"Dina Mara Pinheiro Dantas","description":"Caminhei do MultiMeios","potentialAction":[{"@type":"SearchAction","target":{"@type":"EntryPoint","urlTemplate":"https:\/\/blogs.multimeios.ufc.br\/dina\/?s={search_term_string}"},"query-input":{"@type":"PropertyValueSpecification","valueRequired":true,"valueName":"search_term_string"}}],"inLanguage":"pt-BR"}]}},"_links":{"self":[{"href":"https:\/\/blogs.multimeios.ufc.br\/dina\/wp-json\/wp\/v2\/pages\/2","targetHints":{"allow":["GET"]}}],"collection":[{"href":"https:\/\/blogs.multimeios.ufc.br\/dina\/wp-json\/wp\/v2\/pages"}],"about":[{"href":"https:\/\/blogs.multimeios.ufc.br\/dina\/wp-json\/wp\/v2\/types\/page"}],"author":[{"embeddable":true,"href":"https:\/\/blogs.multimeios.ufc.br\/dina\/wp-json\/wp\/v2\/users\/32"}],"replies":[{"embeddable":true,"href":"https:\/\/blogs.multimeios.ufc.br\/dina\/wp-json\/wp\/v2\/comments?post=2"}],"version-history":[{"count":9,"href":"https:\/\/blogs.multimeios.ufc.br\/dina\/wp-json\/wp\/v2\/pages\/2\/revisions"}],"predecessor-version":[{"id":368,"href":"https:\/\/blogs.multimeios.ufc.br\/dina\/wp-json\/wp\/v2\/pages\/2\/revisions\/368"}],"wp:attachment":[{"href":"https:\/\/blogs.multimeios.ufc.br\/dina\/wp-json\/wp\/v2\/media?parent=2"}],"curies":[{"name":"wp","href":"https:\/\/api.w.org\/{rel}","templated":true}]}}