{"id":74,"date":"2025-12-01T11:47:29","date_gmt":"2025-12-01T14:47:29","guid":{"rendered":"https:\/\/blogs.multimeios.ufc.br\/dina\/?page_id=74"},"modified":"2025-12-02T00:05:14","modified_gmt":"2025-12-02T03:05:14","slug":"iniciacao-cientifica-ic","status":"publish","type":"page","link":"https:\/\/blogs.multimeios.ufc.br\/dina\/iniciacao-cientifica-ic\/","title":{"rendered":"Inicia\u00e7\u00e3o Cient\u00edfica &#8211; IC"},"content":{"rendered":"\n<h2><span style=\"color: #993300\">Muitas s\u00e3o as hist\u00f3rias vividas quando cheguei ao MM. Essas s\u00e3o algumas lembran\u00e7as midi\u00e1ticas de uma tempo de muito aprendizado. <\/span><\/h2>\n<h2><span style=\"color: #993300\">Tudo come\u00e7ou com a Bolsa de IC \/ CNPq em que pesquisava jogos e games educativos. Paralelo a essa atividade de pesquisa eu ministrava aulas de inclus\u00e3o digital no Banco do Nordeste chegando a trabalhar encontros com crian\u00e7as e que essa atividade se chamava de Bibliotequinha Virtual &#8211; BNB. Como no MM tudo funciona ao mesmo tempo, o trip\u00e9 da universidade se fazia presente na minha forma\u00e7\u00e3o e foi coroado com o Projeto de Centros Rurais de Inclus\u00e3o Digital &#8211; CRID em que fomos premiados pelo Projeto de Inclus\u00e3o Digital pela TELEMAR na categoria universidade.\u00a0 \u00a0<\/span><\/h2>\n<p>\u00a0<\/p>\n\n\n\n<figure class=\"wp-block-gallery has-nested-images columns-default is-cropped wp-block-gallery-1 is-layout-flex wp-block-gallery-is-layout-flex\">\n<figure class=\"wp-block-image size-large\"><img fetchpriority=\"high\" decoding=\"async\" width=\"400\" height=\"300\" data-id=\"151\" src=\"https:\/\/blogs.multimeios.ufc.br\/dina\/files\/2025\/12\/Neth29.jpg\" alt=\"\" class=\"wp-image-151\" srcset=\"https:\/\/blogs.multimeios.ufc.br\/dina\/files\/2025\/12\/Neth29.jpg 400w, https:\/\/blogs.multimeios.ufc.br\/dina\/files\/2025\/12\/Neth29-300x225.jpg 300w\" sizes=\"(max-width: 400px) 100vw, 400px\" \/><figcaption class=\"wp-element-caption\">Comemora\u00e7\u00e3o dos anivers\u00e1rios <\/figcaption><\/figure>\n\n\n\n<figure class=\"wp-block-image size-large\"><img decoding=\"async\" width=\"400\" height=\"300\" data-id=\"149\" src=\"https:\/\/blogs.multimeios.ufc.br\/dina\/files\/2025\/12\/foto01.jpg\" alt=\"\" class=\"wp-image-149\" srcset=\"https:\/\/blogs.multimeios.ufc.br\/dina\/files\/2025\/12\/foto01.jpg 400w, https:\/\/blogs.multimeios.ufc.br\/dina\/files\/2025\/12\/foto01-300x225.jpg 300w\" sizes=\"(max-width: 400px) 100vw, 400px\" \/><figcaption class=\"wp-element-caption\">Acompanhamento projeto Col\u00e9gio Militar<\/figcaption><\/figure>\n\n\n\n<figure class=\"wp-block-image size-large\"><img decoding=\"async\" width=\"1024\" height=\"768\" data-id=\"121\" src=\"https:\/\/blogs.multimeios.ufc.br\/dina\/files\/2025\/12\/S4020404-1024x768.jpg\" alt=\"\" class=\"wp-image-121\" srcset=\"https:\/\/blogs.multimeios.ufc.br\/dina\/files\/2025\/12\/S4020404-1024x768.jpg 1024w, https:\/\/blogs.multimeios.ufc.br\/dina\/files\/2025\/12\/S4020404-300x225.jpg 300w, https:\/\/blogs.multimeios.ufc.br\/dina\/files\/2025\/12\/S4020404-768x576.jpg 768w, https:\/\/blogs.multimeios.ufc.br\/dina\/files\/2025\/12\/S4020404-1536x1152.jpg 1536w, https:\/\/blogs.multimeios.ufc.br\/dina\/files\/2025\/12\/S4020404.jpg 1600w\" sizes=\"(max-width: 1024px) 100vw, 1024px\" \/><figcaption class=\"wp-element-caption\">Computador EULLER<\/figcaption><\/figure>\n\n\n\n<figure class=\"wp-block-image size-large\"><img loading=\"lazy\" decoding=\"async\" width=\"1024\" height=\"768\" data-id=\"123\" src=\"https:\/\/blogs.multimeios.ufc.br\/dina\/files\/2025\/12\/S4020402-1024x768.jpg\" alt=\"\" class=\"wp-image-123\" srcset=\"https:\/\/blogs.multimeios.ufc.br\/dina\/files\/2025\/12\/S4020402-1024x768.jpg 1024w, https:\/\/blogs.multimeios.ufc.br\/dina\/files\/2025\/12\/S4020402-300x225.jpg 300w, https:\/\/blogs.multimeios.ufc.br\/dina\/files\/2025\/12\/S4020402-768x576.jpg 768w, https:\/\/blogs.multimeios.ufc.br\/dina\/files\/2025\/12\/S4020402-1536x1152.jpg 1536w, https:\/\/blogs.multimeios.ufc.br\/dina\/files\/2025\/12\/S4020402.jpg 1600w\" sizes=\"(max-width: 1024px) 100vw, 1024px\" \/><figcaption class=\"wp-element-caption\">Laborat\u00f3rio com a \u00c2ngela<\/figcaption><\/figure>\n\n\n\n<figure class=\"wp-block-image size-large\"><img loading=\"lazy\" decoding=\"async\" width=\"640\" height=\"480\" data-id=\"134\" src=\"https:\/\/blogs.multimeios.ufc.br\/dina\/files\/2025\/12\/Zu-dina.jpg\" alt=\"\" class=\"wp-image-134\" srcset=\"https:\/\/blogs.multimeios.ufc.br\/dina\/files\/2025\/12\/Zu-dina.jpg 640w, https:\/\/blogs.multimeios.ufc.br\/dina\/files\/2025\/12\/Zu-dina-300x225.jpg 300w\" sizes=\"(max-width: 640px) 100vw, 640px\" \/><figcaption class=\"wp-element-caption\">Aula de Inclus\u00e3o digital no BNB<\/figcaption><\/figure>\n\n\n\n<figure class=\"wp-block-image size-large\"><img loading=\"lazy\" decoding=\"async\" width=\"800\" height=\"600\" data-id=\"287\" src=\"https:\/\/blogs.multimeios.ufc.br\/dina\/files\/2025\/12\/WhatsApp-Image-2025-12-01-at-20.31.40-4.jpeg\" alt=\"\" class=\"wp-image-287\" srcset=\"https:\/\/blogs.multimeios.ufc.br\/dina\/files\/2025\/12\/WhatsApp-Image-2025-12-01-at-20.31.40-4.jpeg 800w, https:\/\/blogs.multimeios.ufc.br\/dina\/files\/2025\/12\/WhatsApp-Image-2025-12-01-at-20.31.40-4-300x225.jpeg 300w, https:\/\/blogs.multimeios.ufc.br\/dina\/files\/2025\/12\/WhatsApp-Image-2025-12-01-at-20.31.40-4-768x576.jpeg 768w\" sizes=\"(max-width: 800px) 100vw, 800px\" \/><figcaption class=\"wp-element-caption\">Aula de Inclus\u00e3o digital no BNB<\/figcaption><\/figure>\n\n\n\n<figure class=\"wp-block-image size-large\"><img loading=\"lazy\" decoding=\"async\" width=\"800\" height=\"600\" data-id=\"293\" src=\"https:\/\/blogs.multimeios.ufc.br\/dina\/files\/2025\/12\/WhatsApp-Image-2025-12-01-at-20.31.40-1.jpeg\" alt=\"\" class=\"wp-image-293\" srcset=\"https:\/\/blogs.multimeios.ufc.br\/dina\/files\/2025\/12\/WhatsApp-Image-2025-12-01-at-20.31.40-1.jpeg 800w, https:\/\/blogs.multimeios.ufc.br\/dina\/files\/2025\/12\/WhatsApp-Image-2025-12-01-at-20.31.40-1-300x225.jpeg 300w, https:\/\/blogs.multimeios.ufc.br\/dina\/files\/2025\/12\/WhatsApp-Image-2025-12-01-at-20.31.40-1-768x576.jpeg 768w\" sizes=\"(max-width: 800px) 100vw, 800px\" \/><figcaption class=\"wp-element-caption\">Aula de Inclus\u00e3o digital no BNB<\/figcaption><\/figure>\n\n\n\n<figure class=\"wp-block-image size-large\"><img loading=\"lazy\" decoding=\"async\" width=\"800\" height=\"600\" data-id=\"294\" src=\"https:\/\/blogs.multimeios.ufc.br\/dina\/files\/2025\/12\/WhatsApp-Image-2025-12-01-at-20.31.40.jpeg\" alt=\"\" class=\"wp-image-294\" srcset=\"https:\/\/blogs.multimeios.ufc.br\/dina\/files\/2025\/12\/WhatsApp-Image-2025-12-01-at-20.31.40.jpeg 800w, https:\/\/blogs.multimeios.ufc.br\/dina\/files\/2025\/12\/WhatsApp-Image-2025-12-01-at-20.31.40-300x225.jpeg 300w, https:\/\/blogs.multimeios.ufc.br\/dina\/files\/2025\/12\/WhatsApp-Image-2025-12-01-at-20.31.40-768x576.jpeg 768w\" sizes=\"(max-width: 800px) 100vw, 800px\" \/><figcaption class=\"wp-element-caption\">Aula de Inclus\u00e3o digital no BNB<\/figcaption><\/figure>\n\n\n\n<figure class=\"wp-block-image size-large\"><img loading=\"lazy\" decoding=\"async\" width=\"800\" height=\"600\" data-id=\"288\" src=\"https:\/\/blogs.multimeios.ufc.br\/dina\/files\/2025\/12\/WhatsApp-Image-2025-12-01-at-20.31.40-3.jpeg\" alt=\"\" class=\"wp-image-288\" srcset=\"https:\/\/blogs.multimeios.ufc.br\/dina\/files\/2025\/12\/WhatsApp-Image-2025-12-01-at-20.31.40-3.jpeg 800w, https:\/\/blogs.multimeios.ufc.br\/dina\/files\/2025\/12\/WhatsApp-Image-2025-12-01-at-20.31.40-3-300x225.jpeg 300w, https:\/\/blogs.multimeios.ufc.br\/dina\/files\/2025\/12\/WhatsApp-Image-2025-12-01-at-20.31.40-3-768x576.jpeg 768w\" sizes=\"(max-width: 800px) 100vw, 800px\" \/><figcaption class=\"wp-element-caption\">Aula de Inclus\u00e3o digital no BNB<\/figcaption><\/figure>\n\n\n\n<figure class=\"wp-block-image size-large\"><img loading=\"lazy\" decoding=\"async\" width=\"1024\" height=\"768\" data-id=\"262\" src=\"https:\/\/blogs.multimeios.ufc.br\/dina\/files\/2025\/12\/WhatsApp-Image-2025-12-01-at-20.31.34-2-1024x768.jpeg\" alt=\"\" class=\"wp-image-262\" srcset=\"https:\/\/blogs.multimeios.ufc.br\/dina\/files\/2025\/12\/WhatsApp-Image-2025-12-01-at-20.31.34-2-1024x768.jpeg 1024w, https:\/\/blogs.multimeios.ufc.br\/dina\/files\/2025\/12\/WhatsApp-Image-2025-12-01-at-20.31.34-2-300x225.jpeg 300w, https:\/\/blogs.multimeios.ufc.br\/dina\/files\/2025\/12\/WhatsApp-Image-2025-12-01-at-20.31.34-2-768x576.jpeg 768w, https:\/\/blogs.multimeios.ufc.br\/dina\/files\/2025\/12\/WhatsApp-Image-2025-12-01-at-20.31.34-2-1536x1152.jpeg 1536w, https:\/\/blogs.multimeios.ufc.br\/dina\/files\/2025\/12\/WhatsApp-Image-2025-12-01-at-20.31.34-2.jpeg 1600w\" sizes=\"(max-width: 1024px) 100vw, 1024px\" \/><figcaption class=\"wp-element-caption\">Brinquedotequinha  Virtual &#8211;  BNB<\/figcaption><\/figure>\n\n\n\n<figure class=\"wp-block-image size-large\"><img loading=\"lazy\" decoding=\"async\" width=\"1024\" height=\"698\" data-id=\"188\" src=\"https:\/\/blogs.multimeios.ufc.br\/dina\/files\/2025\/12\/WhatsApp-Image-2025-12-01-at-20.31.10-1024x698.jpeg\" alt=\"\" class=\"wp-image-188\" srcset=\"https:\/\/blogs.multimeios.ufc.br\/dina\/files\/2025\/12\/WhatsApp-Image-2025-12-01-at-20.31.10-1024x698.jpeg 1024w, https:\/\/blogs.multimeios.ufc.br\/dina\/files\/2025\/12\/WhatsApp-Image-2025-12-01-at-20.31.10-300x205.jpeg 300w, https:\/\/blogs.multimeios.ufc.br\/dina\/files\/2025\/12\/WhatsApp-Image-2025-12-01-at-20.31.10-768x524.jpeg 768w, https:\/\/blogs.multimeios.ufc.br\/dina\/files\/2025\/12\/WhatsApp-Image-2025-12-01-at-20.31.10.jpeg 1280w\" sizes=\"(max-width: 1024px) 100vw, 1024px\" \/><figcaption class=\"wp-element-caption\">Projetos CRID<\/figcaption><\/figure>\n\n\n\n<figure class=\"wp-block-image size-large\"><img loading=\"lazy\" decoding=\"async\" width=\"400\" height=\"300\" data-id=\"144\" src=\"https:\/\/blogs.multimeios.ufc.br\/dina\/files\/2025\/12\/f07.jpg\" alt=\"\" class=\"wp-image-144\" srcset=\"https:\/\/blogs.multimeios.ufc.br\/dina\/files\/2025\/12\/f07.jpg 400w, https:\/\/blogs.multimeios.ufc.br\/dina\/files\/2025\/12\/f07-300x225.jpg 300w\" sizes=\"(max-width: 400px) 100vw, 400px\" \/><figcaption class=\"wp-element-caption\">Viagens para os assentamentos projeto CRID<\/figcaption><\/figure>\n\n\n\n<figure class=\"wp-block-image size-large\"><img loading=\"lazy\" decoding=\"async\" width=\"800\" height=\"600\" data-id=\"286\" src=\"https:\/\/blogs.multimeios.ufc.br\/dina\/files\/2025\/12\/WhatsApp-Image-2025-12-01-at-20.31.39.jpeg\" alt=\"\" class=\"wp-image-286\" srcset=\"https:\/\/blogs.multimeios.ufc.br\/dina\/files\/2025\/12\/WhatsApp-Image-2025-12-01-at-20.31.39.jpeg 800w, https:\/\/blogs.multimeios.ufc.br\/dina\/files\/2025\/12\/WhatsApp-Image-2025-12-01-at-20.31.39-300x225.jpeg 300w, https:\/\/blogs.multimeios.ufc.br\/dina\/files\/2025\/12\/WhatsApp-Image-2025-12-01-at-20.31.39-768x576.jpeg 768w\" sizes=\"(max-width: 800px) 100vw, 800px\" \/><figcaption class=\"wp-element-caption\">Viagens para assentamento  CRID<\/figcaption><\/figure>\n\n\n\n<figure class=\"wp-block-image size-large\"><img loading=\"lazy\" decoding=\"async\" width=\"800\" height=\"600\" data-id=\"348\" src=\"https:\/\/blogs.multimeios.ufc.br\/dina\/files\/2025\/12\/WhatsApp-Image-2025-12-01-at-20.31.39-1-2.jpeg\" alt=\"\" class=\"wp-image-348\" srcset=\"https:\/\/blogs.multimeios.ufc.br\/dina\/files\/2025\/12\/WhatsApp-Image-2025-12-01-at-20.31.39-1-2.jpeg 800w, https:\/\/blogs.multimeios.ufc.br\/dina\/files\/2025\/12\/WhatsApp-Image-2025-12-01-at-20.31.39-1-2-300x225.jpeg 300w, https:\/\/blogs.multimeios.ufc.br\/dina\/files\/2025\/12\/WhatsApp-Image-2025-12-01-at-20.31.39-1-2-768x576.jpeg 768w\" sizes=\"(max-width: 800px) 100vw, 800px\" \/><figcaption class=\"wp-element-caption\">Aula de Inclus\u00e3o digital no Iraj\u00e1<\/figcaption><\/figure>\n\n\n\n<figure class=\"wp-block-image size-large\"><img loading=\"lazy\" decoding=\"async\" width=\"519\" height=\"1024\" data-id=\"268\" src=\"https:\/\/blogs.multimeios.ufc.br\/dina\/files\/2025\/12\/WhatsApp-Image-2025-12-01-at-20.31.32-3-519x1024.jpeg\" alt=\"\" class=\"wp-image-268\" srcset=\"https:\/\/blogs.multimeios.ufc.br\/dina\/files\/2025\/12\/WhatsApp-Image-2025-12-01-at-20.31.32-3-519x1024.jpeg 519w, https:\/\/blogs.multimeios.ufc.br\/dina\/files\/2025\/12\/WhatsApp-Image-2025-12-01-at-20.31.32-3-152x300.jpeg 152w, https:\/\/blogs.multimeios.ufc.br\/dina\/files\/2025\/12\/WhatsApp-Image-2025-12-01-at-20.31.32-3.jpeg 720w\" sizes=\"(max-width: 519px) 100vw, 519px\" \/><figcaption class=\"wp-element-caption\">EPENN &#8211;  Bel\u00e9m do Par\u00e1<\/figcaption><\/figure>\n\n\n\n<figure class=\"wp-block-image size-large\"><img loading=\"lazy\" decoding=\"async\" width=\"1024\" height=\"686\" data-id=\"269\" src=\"https:\/\/blogs.multimeios.ufc.br\/dina\/files\/2025\/12\/WhatsApp-Image-2025-12-01-at-20.31.32-2-1024x686.jpeg\" alt=\"\" class=\"wp-image-269\" srcset=\"https:\/\/blogs.multimeios.ufc.br\/dina\/files\/2025\/12\/WhatsApp-Image-2025-12-01-at-20.31.32-2-1024x686.jpeg 1024w, https:\/\/blogs.multimeios.ufc.br\/dina\/files\/2025\/12\/WhatsApp-Image-2025-12-01-at-20.31.32-2-300x201.jpeg 300w, https:\/\/blogs.multimeios.ufc.br\/dina\/files\/2025\/12\/WhatsApp-Image-2025-12-01-at-20.31.32-2-768x514.jpeg 768w, https:\/\/blogs.multimeios.ufc.br\/dina\/files\/2025\/12\/WhatsApp-Image-2025-12-01-at-20.31.32-2.jpeg 1080w\" sizes=\"(max-width: 1024px) 100vw, 1024px\" \/><figcaption class=\"wp-element-caption\">EPENN &#8211;  Bel\u00e9m do Par\u00e1<\/figcaption><\/figure>\n\n\n\n<figure class=\"wp-block-image size-large\"><img loading=\"lazy\" decoding=\"async\" width=\"640\" height=\"480\" data-id=\"138\" src=\"https:\/\/blogs.multimeios.ufc.br\/dina\/files\/2025\/12\/Dina-Jane-e-Junior.jpg\" alt=\"\" class=\"wp-image-138\" srcset=\"https:\/\/blogs.multimeios.ufc.br\/dina\/files\/2025\/12\/Dina-Jane-e-Junior.jpg 640w, https:\/\/blogs.multimeios.ufc.br\/dina\/files\/2025\/12\/Dina-Jane-e-Junior-300x225.jpg 300w\" sizes=\"(max-width: 640px) 100vw, 640px\" \/><\/figure>\n<\/figure>\n\n\n\n\n\n<p><\/p>\n","protected":false},"excerpt":{"rendered":"<p>Muitas s\u00e3o as hist\u00f3rias vividas quando cheguei ao MM. Essas s\u00e3o algumas lembran\u00e7as midi\u00e1ticas de uma tempo de muito aprendizado. Tudo come\u00e7ou com a Bolsa de IC \/ CNPq em que pesquisava jogos e games educativos. Paralelo a essa atividade &hellip; <a href=\"https:\/\/blogs.multimeios.ufc.br\/dina\/iniciacao-cientifica-ic\/\">Continue lendo <span class=\"meta-nav\">&rarr;<\/span><\/a><\/p>\n","protected":false},"author":32,"featured_media":0,"parent":0,"menu_order":0,"comment_status":"closed","ping_status":"closed","template":"","meta":{"footnotes":""},"class_list":["post-74","page","type-page","status-publish","hentry"],"yoast_head":"<!-- This site is optimized with the Yoast SEO plugin v27.3 - https:\/\/yoast.com\/product\/yoast-seo-wordpress\/ -->\n<title>Inicia\u00e7\u00e3o Cient\u00edfica - IC - Dina Mara Pinheiro Dantas<\/title>\n<meta name=\"robots\" content=\"index, follow, max-snippet:-1, max-image-preview:large, max-video-preview:-1\" \/>\n<link rel=\"canonical\" href=\"https:\/\/blogs.multimeios.ufc.br\/dina\/iniciacao-cientifica-ic\/\" \/>\n<meta property=\"og:locale\" content=\"pt_BR\" \/>\n<meta property=\"og:type\" content=\"article\" \/>\n<meta property=\"og:title\" content=\"Inicia\u00e7\u00e3o Cient\u00edfica - IC - Dina Mara Pinheiro Dantas\" \/>\n<meta property=\"og:description\" content=\"Muitas s\u00e3o as hist\u00f3rias vividas quando cheguei ao MM. Essas s\u00e3o algumas lembran\u00e7as midi\u00e1ticas de uma tempo de muito aprendizado. Tudo come\u00e7ou com a Bolsa de IC \/ CNPq em que pesquisava jogos e games educativos. Paralelo a essa atividade &hellip; Continue lendo &rarr;\" \/>\n<meta property=\"og:url\" content=\"https:\/\/blogs.multimeios.ufc.br\/dina\/iniciacao-cientifica-ic\/\" \/>\n<meta property=\"og:site_name\" content=\"Dina Mara Pinheiro Dantas\" \/>\n<meta property=\"article:modified_time\" content=\"2025-12-02T03:05:14+00:00\" \/>\n<meta property=\"og:image\" content=\"https:\/\/blogs.multimeios.ufc.br\/dina\/files\/2025\/12\/Neth29.jpg\" \/>\n\t<meta property=\"og:image:width\" content=\"400\" \/>\n\t<meta property=\"og:image:height\" content=\"300\" \/>\n\t<meta property=\"og:image:type\" content=\"image\/jpeg\" \/>\n<meta name=\"twitter:card\" content=\"summary_large_image\" \/>\n<meta name=\"twitter:label1\" content=\"Est. tempo de leitura\" \/>\n\t<meta name=\"twitter:data1\" content=\"5 minutos\" \/>\n<script type=\"application\/ld+json\" class=\"yoast-schema-graph\">{\"@context\":\"https:\\\/\\\/schema.org\",\"@graph\":[{\"@type\":\"WebPage\",\"@id\":\"https:\\\/\\\/blogs.multimeios.ufc.br\\\/dina\\\/iniciacao-cientifica-ic\\\/\",\"url\":\"https:\\\/\\\/blogs.multimeios.ufc.br\\\/dina\\\/iniciacao-cientifica-ic\\\/\",\"name\":\"Inicia\u00e7\u00e3o Cient\u00edfica - IC - Dina Mara Pinheiro Dantas\",\"isPartOf\":{\"@id\":\"https:\\\/\\\/blogs.multimeios.ufc.br\\\/dina\\\/#website\"},\"primaryImageOfPage\":{\"@id\":\"https:\\\/\\\/blogs.multimeios.ufc.br\\\/dina\\\/iniciacao-cientifica-ic\\\/#primaryimage\"},\"image\":{\"@id\":\"https:\\\/\\\/blogs.multimeios.ufc.br\\\/dina\\\/iniciacao-cientifica-ic\\\/#primaryimage\"},\"thumbnailUrl\":\"https:\\\/\\\/blogs.multimeios.ufc.br\\\/dina\\\/files\\\/2025\\\/12\\\/Neth29.jpg\",\"datePublished\":\"2025-12-01T14:47:29+00:00\",\"dateModified\":\"2025-12-02T03:05:14+00:00\",\"breadcrumb\":{\"@id\":\"https:\\\/\\\/blogs.multimeios.ufc.br\\\/dina\\\/iniciacao-cientifica-ic\\\/#breadcrumb\"},\"inLanguage\":\"pt-BR\",\"potentialAction\":[{\"@type\":\"ReadAction\",\"target\":[\"https:\\\/\\\/blogs.multimeios.ufc.br\\\/dina\\\/iniciacao-cientifica-ic\\\/\"]}]},{\"@type\":\"ImageObject\",\"inLanguage\":\"pt-BR\",\"@id\":\"https:\\\/\\\/blogs.multimeios.ufc.br\\\/dina\\\/iniciacao-cientifica-ic\\\/#primaryimage\",\"url\":\"https:\\\/\\\/blogs.multimeios.ufc.br\\\/dina\\\/files\\\/2025\\\/12\\\/Neth29.jpg\",\"contentUrl\":\"https:\\\/\\\/blogs.multimeios.ufc.br\\\/dina\\\/files\\\/2025\\\/12\\\/Neth29.jpg\",\"width\":400,\"height\":300,\"caption\":\"Comemora\u00e7\u00e3o dos anivers\u00e1rios\"},{\"@type\":\"BreadcrumbList\",\"@id\":\"https:\\\/\\\/blogs.multimeios.ufc.br\\\/dina\\\/iniciacao-cientifica-ic\\\/#breadcrumb\",\"itemListElement\":[{\"@type\":\"ListItem\",\"position\":1,\"name\":\"In\u00edcio\",\"item\":\"https:\\\/\\\/blogs.multimeios.ufc.br\\\/dina\\\/\"},{\"@type\":\"ListItem\",\"position\":2,\"name\":\"Inicia\u00e7\u00e3o Cient\u00edfica &#8211; IC\"}]},{\"@type\":\"WebSite\",\"@id\":\"https:\\\/\\\/blogs.multimeios.ufc.br\\\/dina\\\/#website\",\"url\":\"https:\\\/\\\/blogs.multimeios.ufc.br\\\/dina\\\/\",\"name\":\"Dina Mara Pinheiro Dantas\",\"description\":\"Caminhei do MultiMeios\",\"potentialAction\":[{\"@type\":\"SearchAction\",\"target\":{\"@type\":\"EntryPoint\",\"urlTemplate\":\"https:\\\/\\\/blogs.multimeios.ufc.br\\\/dina\\\/?s={search_term_string}\"},\"query-input\":{\"@type\":\"PropertyValueSpecification\",\"valueRequired\":true,\"valueName\":\"search_term_string\"}}],\"inLanguage\":\"pt-BR\"}]}<\/script>\n<!-- \/ Yoast SEO plugin. -->","yoast_head_json":{"title":"Inicia\u00e7\u00e3o Cient\u00edfica - IC - Dina Mara Pinheiro Dantas","robots":{"index":"index","follow":"follow","max-snippet":"max-snippet:-1","max-image-preview":"max-image-preview:large","max-video-preview":"max-video-preview:-1"},"canonical":"https:\/\/blogs.multimeios.ufc.br\/dina\/iniciacao-cientifica-ic\/","og_locale":"pt_BR","og_type":"article","og_title":"Inicia\u00e7\u00e3o Cient\u00edfica - IC - Dina Mara Pinheiro Dantas","og_description":"Muitas s\u00e3o as hist\u00f3rias vividas quando cheguei ao MM. Essas s\u00e3o algumas lembran\u00e7as midi\u00e1ticas de uma tempo de muito aprendizado. Tudo come\u00e7ou com a Bolsa de IC \/ CNPq em que pesquisava jogos e games educativos. Paralelo a essa atividade &hellip; Continue lendo &rarr;","og_url":"https:\/\/blogs.multimeios.ufc.br\/dina\/iniciacao-cientifica-ic\/","og_site_name":"Dina Mara Pinheiro Dantas","article_modified_time":"2025-12-02T03:05:14+00:00","og_image":[{"width":400,"height":300,"url":"https:\/\/blogs.multimeios.ufc.br\/dina\/files\/2025\/12\/Neth29.jpg","type":"image\/jpeg"}],"twitter_card":"summary_large_image","twitter_misc":{"Est. tempo de leitura":"5 minutos"},"schema":{"@context":"https:\/\/schema.org","@graph":[{"@type":"WebPage","@id":"https:\/\/blogs.multimeios.ufc.br\/dina\/iniciacao-cientifica-ic\/","url":"https:\/\/blogs.multimeios.ufc.br\/dina\/iniciacao-cientifica-ic\/","name":"Inicia\u00e7\u00e3o Cient\u00edfica - IC - Dina Mara Pinheiro Dantas","isPartOf":{"@id":"https:\/\/blogs.multimeios.ufc.br\/dina\/#website"},"primaryImageOfPage":{"@id":"https:\/\/blogs.multimeios.ufc.br\/dina\/iniciacao-cientifica-ic\/#primaryimage"},"image":{"@id":"https:\/\/blogs.multimeios.ufc.br\/dina\/iniciacao-cientifica-ic\/#primaryimage"},"thumbnailUrl":"https:\/\/blogs.multimeios.ufc.br\/dina\/files\/2025\/12\/Neth29.jpg","datePublished":"2025-12-01T14:47:29+00:00","dateModified":"2025-12-02T03:05:14+00:00","breadcrumb":{"@id":"https:\/\/blogs.multimeios.ufc.br\/dina\/iniciacao-cientifica-ic\/#breadcrumb"},"inLanguage":"pt-BR","potentialAction":[{"@type":"ReadAction","target":["https:\/\/blogs.multimeios.ufc.br\/dina\/iniciacao-cientifica-ic\/"]}]},{"@type":"ImageObject","inLanguage":"pt-BR","@id":"https:\/\/blogs.multimeios.ufc.br\/dina\/iniciacao-cientifica-ic\/#primaryimage","url":"https:\/\/blogs.multimeios.ufc.br\/dina\/files\/2025\/12\/Neth29.jpg","contentUrl":"https:\/\/blogs.multimeios.ufc.br\/dina\/files\/2025\/12\/Neth29.jpg","width":400,"height":300,"caption":"Comemora\u00e7\u00e3o dos anivers\u00e1rios"},{"@type":"BreadcrumbList","@id":"https:\/\/blogs.multimeios.ufc.br\/dina\/iniciacao-cientifica-ic\/#breadcrumb","itemListElement":[{"@type":"ListItem","position":1,"name":"In\u00edcio","item":"https:\/\/blogs.multimeios.ufc.br\/dina\/"},{"@type":"ListItem","position":2,"name":"Inicia\u00e7\u00e3o Cient\u00edfica &#8211; IC"}]},{"@type":"WebSite","@id":"https:\/\/blogs.multimeios.ufc.br\/dina\/#website","url":"https:\/\/blogs.multimeios.ufc.br\/dina\/","name":"Dina Mara Pinheiro Dantas","description":"Caminhei do MultiMeios","potentialAction":[{"@type":"SearchAction","target":{"@type":"EntryPoint","urlTemplate":"https:\/\/blogs.multimeios.ufc.br\/dina\/?s={search_term_string}"},"query-input":{"@type":"PropertyValueSpecification","valueRequired":true,"valueName":"search_term_string"}}],"inLanguage":"pt-BR"}]}},"_links":{"self":[{"href":"https:\/\/blogs.multimeios.ufc.br\/dina\/wp-json\/wp\/v2\/pages\/74","targetHints":{"allow":["GET"]}}],"collection":[{"href":"https:\/\/blogs.multimeios.ufc.br\/dina\/wp-json\/wp\/v2\/pages"}],"about":[{"href":"https:\/\/blogs.multimeios.ufc.br\/dina\/wp-json\/wp\/v2\/types\/page"}],"author":[{"embeddable":true,"href":"https:\/\/blogs.multimeios.ufc.br\/dina\/wp-json\/wp\/v2\/users\/32"}],"replies":[{"embeddable":true,"href":"https:\/\/blogs.multimeios.ufc.br\/dina\/wp-json\/wp\/v2\/comments?post=74"}],"version-history":[{"count":6,"href":"https:\/\/blogs.multimeios.ufc.br\/dina\/wp-json\/wp\/v2\/pages\/74\/revisions"}],"predecessor-version":[{"id":361,"href":"https:\/\/blogs.multimeios.ufc.br\/dina\/wp-json\/wp\/v2\/pages\/74\/revisions\/361"}],"wp:attachment":[{"href":"https:\/\/blogs.multimeios.ufc.br\/dina\/wp-json\/wp\/v2\/media?parent=74"}],"curies":[{"name":"wp","href":"https:\/\/api.w.org\/{rel}","templated":true}]}}