{"id":93,"date":"2025-12-01T12:01:36","date_gmt":"2025-12-01T15:01:36","guid":{"rendered":"https:\/\/blogs.multimeios.ufc.br\/dina\/?page_id=93"},"modified":"2025-12-01T21:11:29","modified_gmt":"2025-12-02T00:11:29","slug":"conhecendo-o-lado-a-e-o-b-dessa-caminhada","status":"publish","type":"page","link":"https:\/\/blogs.multimeios.ufc.br\/dina\/conhecendo-o-lado-a-e-o-b-dessa-caminhada\/","title":{"rendered":"Conhecendo o Lado A e o B dessa caminhada"},"content":{"rendered":"\n<p>Aqui vou colocando um pouco das m\u00eddias sobre as minhas intera\u00e7\u00f5es profissionais. Preparados para perder o time do cabelo?<\/p>\n\n\n\n<p>Momentos est\u00e3o longos e outros curtos, mas sempre com o mesmo sorriso!<\/p>\n\n\n\n<p>Muitas foras as minhas experi\u00eancias e estou prestes e compartilhar um pouco das minhas trilhas que segue partindo da Inicia\u00e7\u00e3o Cient\u00edfica, Mestrado, Doutorado e outras experi\u00eancias docentes chegando at\u00e9 o al\u00e9m-mar&#8230; rsrs <\/p>\n\n\n\n<p><\/p>\n","protected":false},"excerpt":{"rendered":"<p>Aqui vou colocando um pouco das m\u00eddias sobre as minhas intera\u00e7\u00f5es profissionais. Preparados para perder o time do cabelo? Momentos est\u00e3o longos e outros curtos, mas sempre com o mesmo sorriso! Muitas foras as minhas experi\u00eancias e estou prestes e &hellip; <a href=\"https:\/\/blogs.multimeios.ufc.br\/dina\/conhecendo-o-lado-a-e-o-b-dessa-caminhada\/\">Continue lendo <span class=\"meta-nav\">&rarr;<\/span><\/a><\/p>\n","protected":false},"author":32,"featured_media":0,"parent":0,"menu_order":0,"comment_status":"closed","ping_status":"closed","template":"","meta":{"footnotes":""},"class_list":["post-93","page","type-page","status-publish","hentry"],"yoast_head":"<!-- This site is optimized with the Yoast SEO plugin v27.3 - https:\/\/yoast.com\/product\/yoast-seo-wordpress\/ -->\n<title>Conhecendo o Lado A e o B dessa caminhada - Dina Mara Pinheiro Dantas<\/title>\n<meta name=\"robots\" content=\"index, follow, max-snippet:-1, max-image-preview:large, max-video-preview:-1\" \/>\n<link rel=\"canonical\" href=\"https:\/\/blogs.multimeios.ufc.br\/dina\/conhecendo-o-lado-a-e-o-b-dessa-caminhada\/\" \/>\n<meta property=\"og:locale\" content=\"pt_BR\" \/>\n<meta property=\"og:type\" content=\"article\" \/>\n<meta property=\"og:title\" content=\"Conhecendo o Lado A e o B dessa caminhada - Dina Mara Pinheiro Dantas\" \/>\n<meta property=\"og:description\" content=\"Aqui vou colocando um pouco das m\u00eddias sobre as minhas intera\u00e7\u00f5es profissionais. Preparados para perder o time do cabelo? Momentos est\u00e3o longos e outros curtos, mas sempre com o mesmo sorriso! Muitas foras as minhas experi\u00eancias e estou prestes e &hellip; Continue lendo &rarr;\" \/>\n<meta property=\"og:url\" content=\"https:\/\/blogs.multimeios.ufc.br\/dina\/conhecendo-o-lado-a-e-o-b-dessa-caminhada\/\" \/>\n<meta property=\"og:site_name\" content=\"Dina Mara Pinheiro Dantas\" \/>\n<meta property=\"article:modified_time\" content=\"2025-12-02T00:11:29+00:00\" \/>\n<meta name=\"twitter:card\" content=\"summary_large_image\" \/>\n<meta name=\"twitter:label1\" content=\"Est. tempo de leitura\" \/>\n\t<meta name=\"twitter:data1\" content=\"1 minuto\" \/>\n<script type=\"application\/ld+json\" class=\"yoast-schema-graph\">{\"@context\":\"https:\\\/\\\/schema.org\",\"@graph\":[{\"@type\":\"WebPage\",\"@id\":\"https:\\\/\\\/blogs.multimeios.ufc.br\\\/dina\\\/conhecendo-o-lado-a-e-o-b-dessa-caminhada\\\/\",\"url\":\"https:\\\/\\\/blogs.multimeios.ufc.br\\\/dina\\\/conhecendo-o-lado-a-e-o-b-dessa-caminhada\\\/\",\"name\":\"Conhecendo o Lado A e o B dessa caminhada - Dina Mara Pinheiro Dantas\",\"isPartOf\":{\"@id\":\"https:\\\/\\\/blogs.multimeios.ufc.br\\\/dina\\\/#website\"},\"datePublished\":\"2025-12-01T15:01:36+00:00\",\"dateModified\":\"2025-12-02T00:11:29+00:00\",\"breadcrumb\":{\"@id\":\"https:\\\/\\\/blogs.multimeios.ufc.br\\\/dina\\\/conhecendo-o-lado-a-e-o-b-dessa-caminhada\\\/#breadcrumb\"},\"inLanguage\":\"pt-BR\",\"potentialAction\":[{\"@type\":\"ReadAction\",\"target\":[\"https:\\\/\\\/blogs.multimeios.ufc.br\\\/dina\\\/conhecendo-o-lado-a-e-o-b-dessa-caminhada\\\/\"]}]},{\"@type\":\"BreadcrumbList\",\"@id\":\"https:\\\/\\\/blogs.multimeios.ufc.br\\\/dina\\\/conhecendo-o-lado-a-e-o-b-dessa-caminhada\\\/#breadcrumb\",\"itemListElement\":[{\"@type\":\"ListItem\",\"position\":1,\"name\":\"In\u00edcio\",\"item\":\"https:\\\/\\\/blogs.multimeios.ufc.br\\\/dina\\\/\"},{\"@type\":\"ListItem\",\"position\":2,\"name\":\"Conhecendo o Lado A e o B dessa caminhada\"}]},{\"@type\":\"WebSite\",\"@id\":\"https:\\\/\\\/blogs.multimeios.ufc.br\\\/dina\\\/#website\",\"url\":\"https:\\\/\\\/blogs.multimeios.ufc.br\\\/dina\\\/\",\"name\":\"Dina Mara Pinheiro Dantas\",\"description\":\"Caminhei do MultiMeios\",\"potentialAction\":[{\"@type\":\"SearchAction\",\"target\":{\"@type\":\"EntryPoint\",\"urlTemplate\":\"https:\\\/\\\/blogs.multimeios.ufc.br\\\/dina\\\/?s={search_term_string}\"},\"query-input\":{\"@type\":\"PropertyValueSpecification\",\"valueRequired\":true,\"valueName\":\"search_term_string\"}}],\"inLanguage\":\"pt-BR\"}]}<\/script>\n<!-- \/ Yoast SEO plugin. -->","yoast_head_json":{"title":"Conhecendo o Lado A e o B dessa caminhada - Dina Mara Pinheiro Dantas","robots":{"index":"index","follow":"follow","max-snippet":"max-snippet:-1","max-image-preview":"max-image-preview:large","max-video-preview":"max-video-preview:-1"},"canonical":"https:\/\/blogs.multimeios.ufc.br\/dina\/conhecendo-o-lado-a-e-o-b-dessa-caminhada\/","og_locale":"pt_BR","og_type":"article","og_title":"Conhecendo o Lado A e o B dessa caminhada - Dina Mara Pinheiro Dantas","og_description":"Aqui vou colocando um pouco das m\u00eddias sobre as minhas intera\u00e7\u00f5es profissionais. Preparados para perder o time do cabelo? Momentos est\u00e3o longos e outros curtos, mas sempre com o mesmo sorriso! Muitas foras as minhas experi\u00eancias e estou prestes e &hellip; Continue lendo &rarr;","og_url":"https:\/\/blogs.multimeios.ufc.br\/dina\/conhecendo-o-lado-a-e-o-b-dessa-caminhada\/","og_site_name":"Dina Mara Pinheiro Dantas","article_modified_time":"2025-12-02T00:11:29+00:00","twitter_card":"summary_large_image","twitter_misc":{"Est. tempo de leitura":"1 minuto"},"schema":{"@context":"https:\/\/schema.org","@graph":[{"@type":"WebPage","@id":"https:\/\/blogs.multimeios.ufc.br\/dina\/conhecendo-o-lado-a-e-o-b-dessa-caminhada\/","url":"https:\/\/blogs.multimeios.ufc.br\/dina\/conhecendo-o-lado-a-e-o-b-dessa-caminhada\/","name":"Conhecendo o Lado A e o B dessa caminhada - Dina Mara Pinheiro Dantas","isPartOf":{"@id":"https:\/\/blogs.multimeios.ufc.br\/dina\/#website"},"datePublished":"2025-12-01T15:01:36+00:00","dateModified":"2025-12-02T00:11:29+00:00","breadcrumb":{"@id":"https:\/\/blogs.multimeios.ufc.br\/dina\/conhecendo-o-lado-a-e-o-b-dessa-caminhada\/#breadcrumb"},"inLanguage":"pt-BR","potentialAction":[{"@type":"ReadAction","target":["https:\/\/blogs.multimeios.ufc.br\/dina\/conhecendo-o-lado-a-e-o-b-dessa-caminhada\/"]}]},{"@type":"BreadcrumbList","@id":"https:\/\/blogs.multimeios.ufc.br\/dina\/conhecendo-o-lado-a-e-o-b-dessa-caminhada\/#breadcrumb","itemListElement":[{"@type":"ListItem","position":1,"name":"In\u00edcio","item":"https:\/\/blogs.multimeios.ufc.br\/dina\/"},{"@type":"ListItem","position":2,"name":"Conhecendo o Lado A e o B dessa caminhada"}]},{"@type":"WebSite","@id":"https:\/\/blogs.multimeios.ufc.br\/dina\/#website","url":"https:\/\/blogs.multimeios.ufc.br\/dina\/","name":"Dina Mara Pinheiro Dantas","description":"Caminhei do MultiMeios","potentialAction":[{"@type":"SearchAction","target":{"@type":"EntryPoint","urlTemplate":"https:\/\/blogs.multimeios.ufc.br\/dina\/?s={search_term_string}"},"query-input":{"@type":"PropertyValueSpecification","valueRequired":true,"valueName":"search_term_string"}}],"inLanguage":"pt-BR"}]}},"_links":{"self":[{"href":"https:\/\/blogs.multimeios.ufc.br\/dina\/wp-json\/wp\/v2\/pages\/93","targetHints":{"allow":["GET"]}}],"collection":[{"href":"https:\/\/blogs.multimeios.ufc.br\/dina\/wp-json\/wp\/v2\/pages"}],"about":[{"href":"https:\/\/blogs.multimeios.ufc.br\/dina\/wp-json\/wp\/v2\/types\/page"}],"author":[{"embeddable":true,"href":"https:\/\/blogs.multimeios.ufc.br\/dina\/wp-json\/wp\/v2\/users\/32"}],"replies":[{"embeddable":true,"href":"https:\/\/blogs.multimeios.ufc.br\/dina\/wp-json\/wp\/v2\/comments?post=93"}],"version-history":[{"count":2,"href":"https:\/\/blogs.multimeios.ufc.br\/dina\/wp-json\/wp\/v2\/pages\/93\/revisions"}],"predecessor-version":[{"id":197,"href":"https:\/\/blogs.multimeios.ufc.br\/dina\/wp-json\/wp\/v2\/pages\/93\/revisions\/197"}],"wp:attachment":[{"href":"https:\/\/blogs.multimeios.ufc.br\/dina\/wp-json\/wp\/v2\/media?parent=93"}],"curies":[{"name":"wp","href":"https:\/\/api.w.org\/{rel}","templated":true}]}}