{"id":211,"date":"2021-02-14T15:58:08","date_gmt":"2021-02-14T18:58:08","guid":{"rendered":"http:\/\/blogs.multimeios.ufc.br\/dossieformacao\/?page_id=211"},"modified":"2021-02-15T14:23:22","modified_gmt":"2021-02-15T17:23:22","slug":"4-nossa-equipe-de-formadores","status":"publish","type":"page","link":"https:\/\/blogs.multimeios.ufc.br\/dossieformacao\/4-nossa-equipe-de-formadores\/","title":{"rendered":"4 &#8211; Nossa Equipe de Formadores"},"content":{"rendered":"<blockquote class=\"wp-block-quote has-text-align-right\">\n<p><strong><a href=\"https:\/\/www.youtube.com\/watch?v=pE_4m5_Da1o\" target=\"_blank\" rel=\"noreferrer noopener\">\u201cUm mais um \u00e9 sempre mais que dois\u201d<\/a><\/strong> <strong><a href=\"https:\/\/www.youtube.com\/watch?v=pE_4m5_Da1o\" target=\"_blank\" rel=\"noreferrer noopener\"><strong>(Beto Guedes)<\/strong><\/a><\/strong><\/p>\n<\/blockquote>\n\n\n<figure class=\"wp-block-table\"><table><tbody><tr><td class=\"has-text-align-center\" data-align=\"center\"><img decoding=\"async\" src=\"https:\/\/lh4.googleusercontent.com\/_IH16bRR3u2XrZBQ41Aw2DZCF6He39Bb8PvSf8T88CnYQIlqGjeCwU3toMihhWPuf6Er1dWBL-6Ka4em6PZQ9wHknyDERA2f6eFVvGw9xeNxh276nqjLXv14WMSkY9xVir5qln8j\" width=\"204\" height=\"204\"><\/td><td class=\"has-text-align-center\" data-align=\"center\"><img decoding=\"async\" src=\"https:\/\/lh4.googleusercontent.com\/uJqoX2JdQJOn7DkmtwNeysizmlgsByq7sI-Bn_Tmx_fqXGwCI07vnfH6XeabOB0dWMc93GtND9oTS-8R19gGTESafHIuSVaGd38IIffFudiIj7h4xHCkTDpnYUcumfGCSjasdENC\" width=\"202\" height=\"202\"><\/td><td class=\"has-text-align-center\" data-align=\"center\"><img decoding=\"async\" src=\"https:\/\/lh4.googleusercontent.com\/GQQX1c_BDiFhAo0wkCjrdF6MFAZSrwAuRdXLEcwwrZ-HT1CgiwBIBafBNhMP3CMEy9w2ed6cvKkXjMK4kpDZWYnNEbT5VeaNHLarpzJvFqm_-T5cWwezvUS19SepJ7TLS1m0iv3Q\" width=\"202\" height=\"202\"><\/td><\/tr><tr><td class=\"has-text-align-center\" data-align=\"center\">Formadora<br>Adriana Mendon\u00e7a<\/td><td class=\"has-text-align-center\" data-align=\"center\">Formadora<br>Ana Uch\u00f4a &nbsp;<\/td><td class=\"has-text-align-center\" data-align=\"center\">Formador<br>Antonio Landim<\/td><\/tr><tr><td class=\"has-text-align-center\" data-align=\"center\"><img loading=\"lazy\" decoding=\"async\" src=\"https:\/\/lh4.googleusercontent.com\/ufrw1LJcI66MrqVjtAVrNtu3WSR1ic3GFhKz77LkIppCgoTvBdUBDkysUvGgy6jof54wP0-pg6vtq-v6nUoLvE4qlEs89inn0ZMFmnFwnEEX0w73Qir5Wuv3dfnoucPCtdEUwCxK\" width=\"202\" height=\"202\"><\/td><td class=\"has-text-align-center\" data-align=\"center\"><img loading=\"lazy\" decoding=\"async\" src=\"https:\/\/lh6.googleusercontent.com\/2Ket3PdKIbVXSEtslCuHAr9LzzXd23ATF7JH-cc2QsfD9EgcAZVBqlcIn7O0eXkINVUHjO_jcZWyfeLPV0y8SPJ3qlc8g2EVl_q_8wSNVPZeykuKcDNzGiNby5w362j0WP9dhxCT\" width=\"202\" height=\"202\"><\/td><td class=\"has-text-align-center\" data-align=\"center\"><img loading=\"lazy\" decoding=\"async\" src=\"https:\/\/lh5.googleusercontent.com\/wzxftx3ZGBIS2LwLoQIJZo007O2JkI_LIMZBjaKtlHkoagakKBAE2W0R24lTlyPSB4s-unP6l_BxhG4QUYK49FvAEAkFGw1trd4bcoCQnehqrXHHaUELD_mSxYp1BmcmQUhgedY9\" width=\"202\" height=\"202\"><\/td><\/tr><tr><td class=\"has-text-align-center\" data-align=\"center\">Formadora<br>Daniele Xavier<\/td><td class=\"has-text-align-center\" data-align=\"center\">Formadora<br>J\u00e9ssica Barbosa<\/td><td class=\"has-text-align-center\" data-align=\"center\">Formadora<br>Lara Nepomuceno<\/td><\/tr><tr><td class=\"has-text-align-center\" data-align=\"center\"><img loading=\"lazy\" decoding=\"async\" src=\"https:\/\/lh6.googleusercontent.com\/dPeDC8n2RbluN7xpqkFVlJzTLJesY6FInzcM7B16surAUy_atRjxtKM7baiDX40544vZPIO9gY5-5YdkVnc3zFQxWpcYu2GXWJXbwYBeoYS6Syi579-meqWEEos-hz-ZbeVFHqiN\" width=\"202\" height=\"202\"><\/td><td class=\"has-text-align-center\" data-align=\"center\"><img loading=\"lazy\" decoding=\"async\" src=\"https:\/\/lh4.googleusercontent.com\/-PUTTChFYSX2NmL19bGknROnYA-sIVc5_nhfOV-F3Plnm3qqNnVQtj9XrrJj_7qjJkNqatSoE7_YZdgx3wugBZlSqywCYMOGyNUxLu3RRYBxT6EbY1hbHHLXS3SiIRnNBx4RWuLK\" width=\"202\" height=\"202\"><\/td><td class=\"has-text-align-center\" data-align=\"center\"><img loading=\"lazy\" decoding=\"async\" src=\"https:\/\/lh6.googleusercontent.com\/35SajDJ3Bp26lTB1PJy8ZQHyHBeFnJQ1-RMogEOgt4yMq7GQLVZa88NL8bt6Puuxw8vsznbzhPCaTdbV4SBgav4sIXGHO4RcjgGiH7MG8HakK68KOFc9syrMsuqNneoMB9eRv5M8\" width=\"202\" height=\"202\"><\/td><\/tr><tr><td class=\"has-text-align-center\" data-align=\"center\">Formadora<br>Lis de Maria<\/td><td class=\"has-text-align-center\" data-align=\"center\">Formadora<br>Mar\u00edlia Moreira<\/td><td class=\"has-text-align-center\" data-align=\"center\">Formadora<br>S\u00edlvia Sales<\/td><\/tr><tr><td class=\"has-text-align-center\" data-align=\"center\"><img loading=\"lazy\" decoding=\"async\" src=\"https:\/\/lh3.googleusercontent.com\/t96_E9odd1vR3E8IZc7GcdB8i7-Va97mIkSZbPNyyA89hFOQrhm9khwIt0AEDM4hW7D1AR9oOceaTpiVoidDlIszXoIWHTNKCDDigTugb9AXInwfQLUQTu3W2jC-aLiU9SWGqNvU\" width=\"202\" height=\"202\"><\/td><td class=\"has-text-align-center\" data-align=\"center\"><img loading=\"lazy\" decoding=\"async\" src=\"https:\/\/lh4.googleusercontent.com\/k1xAyrcu9We8YuiecmI5eoS0zD9wRvTW0P8SDUUrHFeN2MGiWAouSLpXk5vnzUnybUPwwT_JNhKzz7dajlmctRKk7pgFG_5DFJQ3UoHmFWu3ux1rINIuP8sf0Q6MkiKtQJT-XAJu\" width=\"202\" height=\"202\"><\/td><td class=\"has-text-align-center\" data-align=\"center\"><img loading=\"lazy\" decoding=\"async\" width=\"204\" height=\"204\" src=\"https:\/\/lh4.googleusercontent.com\/ETWDMdQHwsNLEwbWPvi53X7j5NIOb0knt0ss0r85pRmkMtsfxkjYaK4ihmG2CsT_hh5F_D1oiIVhB8FC51S8rG3syIz9qHZ1mPVuRMzm0Rn9-fKwRysXWu6rlxVs942bxJzKPMSr\">&nbsp;<\/td><\/tr><tr><td class=\"has-text-align-center\" data-align=\"center\">Formadora<br>Sinara Duarte &nbsp;<\/td><td class=\"has-text-align-center\" data-align=\"center\">Formadora<br>Tatiana Holanda<\/td><td class=\"has-text-align-center\" data-align=\"center\">Formador<br>Herminio Borges<\/td><\/tr><tr><td class=\"has-text-align-center\" data-align=\"center\"><img loading=\"lazy\" decoding=\"async\" width=\"204\" height=\"204\" src=\"https:\/\/lh3.googleusercontent.com\/ou9Gw2gtKMUxTOLm-Jbj9SMROAGSNgye_AebrawLrfHYuP_yBRJnc1wVGq0kksm2pnZsxIDmw_GSaaqSyYNtoQIHjC5bC6ikFkVsa7jR68Y-MZXEnJgJ8n1piFyl3gPRW731gq5l\"><\/td><td class=\"has-text-align-center\" data-align=\"center\"><img loading=\"lazy\" decoding=\"async\" src=\"https:\/\/lh6.googleusercontent.com\/j8ns5Bepvw3lJ16NRd77EmhFVFfJ0WLsCslmSoRH2z9BvqH_vzpCl3Cv4xkAcLKHWMciHMiTDXxKs_dXoeNiAvT6C2BQHJvsM4lElFj_t15xh8gKWJgznnYcywbr6u7myoVmIdBj\" width=\"202\" height=\"202\"><\/td><td class=\"has-text-align-center\" data-align=\"center\"><img loading=\"lazy\" decoding=\"async\" width=\"202\" height=\"202\" src=\"https:\/\/lh4.googleusercontent.com\/fbDpp5I3WK4SyRkByMTYt9XARLc_bzy-wpnXrjRPp1Ebl6JUL7yEIvBvqC-emAlm7KUhpt6F7lXwnLTyLOBJmyJWI5GuoTIRjh_eqy3wkv_yK_C6LPdmPR9F3yZofmWTVoYTZHUm\">&nbsp;<\/td><\/tr><tr><td class=\"has-text-align-center\" data-align=\"center\">Formador<br>Andr\u00e9 dos Santos<\/td><td class=\"has-text-align-center\" data-align=\"center\">Formadora<br>Cristina Mandau<\/td><td class=\"has-text-align-center\" data-align=\"center\">Formador<br>Carlos Delmiro<\/td><\/tr><tr><td class=\"has-text-align-center\" data-align=\"center\"><img loading=\"lazy\" decoding=\"async\" width=\"204\" height=\"204\" src=\"https:\/\/lh4.googleusercontent.com\/dL7Bi3Vg68ZIjv9OOt4Q1D9sdRZH4F71HyvutgPofCYVyEgIBDQB1fPn7KEia9Ym_KXQYjgUtCunmWZGLOaj3WaPGQDFZ0mSaHAIxU_ofnQxoILjr2wf-RtYby8d6rFUA1CNcv_x\"><\/td><td class=\"has-text-align-center\" data-align=\"center\"><img loading=\"lazy\" decoding=\"async\" width=\"204\" height=\"204\" src=\"https:\/\/lh6.googleusercontent.com\/lBfxyZLzl2r9CDmsyz1tWigOOYcBY4vhTGKINh0NMJ_8GYm7AZGQYzMeZYiC_V0F5G8Y7dekIdYiOrN8oTepyh5fGncmKX-lXwog85-Ii8gRTosKRig8SDkJeaaycgmKG4Zy3UTS\">&nbsp;<\/td><td class=\"has-text-align-center\" data-align=\"center\"><img loading=\"lazy\" decoding=\"async\" width=\"204\" height=\"204\" src=\"https:\/\/lh6.googleusercontent.com\/fo7zD0dBTi99z0T5k1bD51rbU97_oYeT5mdOP0a7gzasZOrZLREMpK5uBM9PzKj6k2QxPaHE9YcIgiU7hUU8mjW_Mdxa3MPFjs_8PGyWjlsEZIeGZOUkGIQ7QxSO_Kw_B3xVYY31\">&nbsp;<\/td><\/tr><tr><td class=\"has-text-align-center\" data-align=\"center\">Formadora<br>Mil\u00ednia Nogueira<\/td><td class=\"has-text-align-center\" data-align=\"center\">Formadora<br>Maria Auxiliadora<\/td><td class=\"has-text-align-center\" data-align=\"center\">Formadora<br>Van\u00edsia Mendon\u00e7a<\/td><\/tr><tr><td class=\"has-text-align-center\" data-align=\"center\">&nbsp;<img loading=\"lazy\" decoding=\"async\" width=\"204\" height=\"204\" src=\"https:\/\/lh5.googleusercontent.com\/vIx6IlClOMZeLNia5WB-_6RQVW9Z0OfFJ0kMNN100BXk8SgCzjJnvW67f1omVjZskomc9nKLLUhyWto3hKz60Rct9LPLtWVTYBmf0PpEDO6eTikPeGqikub-IIa8hVLvKNIfqVja\"><\/td><td class=\"has-text-align-center\" data-align=\"center\">&nbsp;<img loading=\"lazy\" decoding=\"async\" width=\"204\" height=\"204\" src=\"https:\/\/lh5.googleusercontent.com\/ylRsB_9TTQS3ntTLgaYA6Zb4VGYaEyNGewhUUJoj4woxkg8Y6wxGrS0CNpYpyq2lDDK5S2a8-I4ezxUGpCvGs4q0KrWTC2dUGEwd52h6CfSfG04hPlrLffQ-x6ZXwcUjC1IKJkKU\"><\/td><td class=\"has-text-align-center\" data-align=\"center\">&nbsp;<img loading=\"lazy\" decoding=\"async\" width=\"204\" height=\"204\" src=\"https:\/\/lh5.googleusercontent.com\/m_TUD4_ixGUuyijpUP8ujJwxCI68sirKf2eaZTx0hFMMom85LONNUdMkTv7Avbn5rUA1drs9BVant7u2zumxgffQzWOOIGqd978gmIFYqyuyDA5LmZkmnbj5UXqiXfWTHjERbqm2\"><\/td><\/tr><tr><td class=\"has-text-align-center\" data-align=\"center\">Formadora<br>Carolina Ferreira<\/td><td class=\"has-text-align-center\" data-align=\"center\">Formadora<br>Eliana Moreira<\/td><td class=\"has-text-align-center\" data-align=\"center\">Formadora<br>Mirley N\u00e1dia<\/td><\/tr><tr><td class=\"has-text-align-center\" data-align=\"center\"><img loading=\"lazy\" decoding=\"async\" width=\"204\" height=\"204\" src=\"https:\/\/lh6.googleusercontent.com\/eEPb5tvX8OwRgdKvtF6rktucPkqeI6PRTwU0tB2c5EDfrKaaIwVuEMtN3ThOGHhOaP-mzSZ70LK4JS5L2LhR0_5IaYxO_QHc_R66LARcek3mtpQUM2UHKTYIEIkD2IiLpABNRoKM\"><\/td><td class=\"has-text-align-center\" data-align=\"center\"><img loading=\"lazy\" decoding=\"async\" width=\"204\" height=\"204\" src=\"https:\/\/lh6.googleusercontent.com\/TpPuDPYYUytaipc-39DvHgyWrOFy4r8r_2evtAV1sAl46TjJz-P0j9tBEfE8_shBpW_nfBModHtzubuhZ_BSyHb2MsYbqJav76jFxdaUXDRdOi5sgodwrwtGMyPR1N4KJsAcHSrA\"><\/td><td class=\"has-text-align-center\" data-align=\"center\"><img loading=\"lazy\" decoding=\"async\" src=\"https:\/\/lh4.googleusercontent.com\/6l22QSw18sWp5xU1C82_AkAEuBQfxO40OWXv04OPlBhzYw6YUUAyywcW2b7cJuDAVtrLCi7wnUKGHApM_0oF_pjEFeIekQToGfmivVH8ekBu6NbRwyYZ28SYKpdZ8wnxFbKY5DiO\" width=\"202\" height=\"202\"><\/td><\/tr><tr><td class=\"has-text-align-center\" data-align=\"center\">Formadora<br>Dina Mara<\/td><td class=\"has-text-align-center\" data-align=\"center\">Formadora<br>Fernanda Carmo<\/td><td class=\"has-text-align-center\" data-align=\"center\">Formador<br>Daniel Brand\u00e3o<\/td><\/tr><\/tbody><\/table><\/figure>\n\n\n\n<blockquote class=\"wp-block-quote has-text-align-center is-layout-flow wp-block-quote-is-layout-flow\"><p><\/p><p><strong>Eis que cada formador-formando chegou.<\/strong><\/p><p><strong>Ora de manso.<\/strong><\/p><p><strong>Ora de intensidade.<\/strong><\/p><p><strong><a rel=\"noreferrer noopener\" href=\"https:\/\/hbn.multimeios.ufc.br\/moodle\/mod\/page\/view.php?id=2988\" target=\"_blank\"><span style=\"color:#00b2ff\" class=\"tadv-color\">Trouxe<\/span><\/a> consigo&nbsp;<\/strong><\/p><p><strong>sonhos, <a rel=\"noreferrer noopener\" href=\"https:\/\/hbn.multimeios.ufc.br\/moodle\/mod\/bigbluebuttonbn\/view.php?id=2762\" target=\"_blank\"><span style=\"color:#00b2ff\" class=\"tadv-color\">reflex\u00f5es<\/span><\/a>, experi\u00eancias,<\/strong><\/p><p><strong>juventude e maturidade.<\/strong><\/p><p><strong>E o tecido diverso,<\/strong><\/p><p><strong>costurado por suas m\u00e3os,<\/strong><\/p><p><strong>multim\u00e3os,<\/strong><\/p><p><strong>tricotado, <a style=\"color: #00ccff\" rel=\"noreferrer noopener\" href=\"https:\/\/drive.google.com\/file\/d\/1tlftez0w6sXDc5fzGrZv3RptghXJXrHH\/view?usp=sharing\" target=\"_blank\"><span style=\"color:#00b2ff\" class=\"tadv-color\">colorido<\/span><\/a>, criativo,<\/strong><\/p><p><strong>disruptivo<\/strong><\/p><p><strong>ficou.<\/strong><\/p><p><strong><a rel=\"noreferrer noopener\" href=\"https:\/\/hbn.multimeios.ufc.br\/moodle\/mod\/bigbluebuttonbn\/view.php?id=3356\" target=\"_blank\"><span style=\"color:#00b2ff\" class=\"tadv-color\">Fedathianamente<\/span><\/a>, ent\u00e3o,<\/strong><\/p><p><strong>a busca horizontal pelo <a rel=\"noreferrer noopener\" href=\"https:\/\/drive.google.com\/file\/d\/1FwRFScr-tIw2mMLUBuOB0BOphfem3C_i\/view?usp=sharing\" target=\"_blank\"><span style=\"color:#00b2ff\" class=\"tadv-color\">ensino<\/span><\/a><\/strong><\/p><p><strong>se fez como um hino,<\/strong><\/p><p><strong>que <span style=\"color:#00b2ff\" class=\"tadv-color\"><a style=\"color: #00ccff\" rel=\"noreferrer noopener\" href=\"https:\/\/drive.google.com\/file\/d\/1bWC6djOAvACBiFS3yW4JL5HD80bo_5XU\/view?usp=sharing\" target=\"_blank\">digitalmente<\/a> <\/span>ecoou<\/strong><\/p><p><strong>Acua, 2021.<\/strong><\/p><\/blockquote>\n","protected":false},"excerpt":{"rendered":"<p>\u201cUm mais um \u00e9 sempre mais que dois\u201d (Beto Guedes) FormadoraAdriana Mendon\u00e7a FormadoraAna Uch\u00f4a &nbsp; FormadorAntonio Landim FormadoraDaniele Xavier FormadoraJ\u00e9ssica Barbosa FormadoraLara Nepomuceno FormadoraLis de Maria FormadoraMar\u00edlia Moreira FormadoraS\u00edlvia Sales &nbsp; FormadoraSinara Duarte &nbsp; FormadoraTatiana Holanda FormadorHerminio Borges &nbsp; FormadorAndr\u00e9 dos Santos FormadoraCristina Mandau FormadorCarlos Delmiro &nbsp; &nbsp; FormadoraMil\u00ednia Nogueira FormadoraMaria Auxiliadora FormadoraVan\u00edsia Mendon\u00e7a &nbsp; &hellip; <a href=\"https:\/\/blogs.multimeios.ufc.br\/dossieformacao\/4-nossa-equipe-de-formadores\/\" class=\"more-link\">Continuar lendo <span class=\"screen-reader-text\">4 &#8211; Nossa Equipe de Formadores<\/span><\/a><\/p>\n","protected":false},"author":25,"featured_media":0,"parent":0,"menu_order":0,"comment_status":"closed","ping_status":"closed","template":"","meta":{"footnotes":""},"class_list":["post-211","page","type-page","status-publish","hentry"],"yoast_head":"<!-- This site is optimized with the Yoast SEO plugin v27.4 - https:\/\/yoast.com\/product\/yoast-seo-wordpress\/ -->\n<title>4 - Nossa Equipe de Formadores - Dossi\u00ea do Ciclo de Forma\u00e7\u00e3o Multimeios<\/title>\n<meta name=\"robots\" content=\"index, follow, max-snippet:-1, max-image-preview:large, max-video-preview:-1\" \/>\n<link rel=\"canonical\" href=\"https:\/\/blogs.multimeios.ufc.br\/dossieformacao\/4-nossa-equipe-de-formadores\/\" \/>\n<meta property=\"og:locale\" content=\"pt_BR\" \/>\n<meta property=\"og:type\" content=\"article\" \/>\n<meta property=\"og:title\" content=\"4 - Nossa Equipe de Formadores - Dossi\u00ea do Ciclo de Forma\u00e7\u00e3o Multimeios\" \/>\n<meta property=\"og:description\" content=\"\u201cUm mais um \u00e9 sempre mais que dois\u201d (Beto Guedes) FormadoraAdriana Mendon\u00e7a FormadoraAna Uch\u00f4a &nbsp; FormadorAntonio Landim FormadoraDaniele Xavier FormadoraJ\u00e9ssica Barbosa FormadoraLara Nepomuceno FormadoraLis de Maria FormadoraMar\u00edlia Moreira FormadoraS\u00edlvia Sales &nbsp; FormadoraSinara Duarte &nbsp; FormadoraTatiana Holanda FormadorHerminio Borges &nbsp; FormadorAndr\u00e9 dos Santos FormadoraCristina Mandau FormadorCarlos Delmiro &nbsp; &nbsp; FormadoraMil\u00ednia Nogueira FormadoraMaria Auxiliadora FormadoraVan\u00edsia Mendon\u00e7a &nbsp; &hellip; Continuar lendo 4 &#8211; Nossa Equipe de Formadores\" \/>\n<meta property=\"og:url\" content=\"https:\/\/blogs.multimeios.ufc.br\/dossieformacao\/4-nossa-equipe-de-formadores\/\" \/>\n<meta property=\"og:site_name\" content=\"Dossi\u00ea do Ciclo de Forma\u00e7\u00e3o Multimeios\" \/>\n<meta property=\"article:modified_time\" content=\"2021-02-15T17:23:22+00:00\" \/>\n<meta property=\"og:image\" content=\"https:\/\/lh4.googleusercontent.com\/_IH16bRR3u2XrZBQ41Aw2DZCF6He39Bb8PvSf8T88CnYQIlqGjeCwU3toMihhWPuf6Er1dWBL-6Ka4em6PZQ9wHknyDERA2f6eFVvGw9xeNxh276nqjLXv14WMSkY9xVir5qln8j\" \/>\n<meta name=\"twitter:card\" content=\"summary_large_image\" \/>\n<meta name=\"twitter:label1\" content=\"Est. tempo de leitura\" \/>\n\t<meta name=\"twitter:data1\" content=\"1 minuto\" \/>\n<script type=\"application\/ld+json\" class=\"yoast-schema-graph\">{\"@context\":\"https:\\\/\\\/schema.org\",\"@graph\":[{\"@type\":\"WebPage\",\"@id\":\"https:\\\/\\\/blogs.multimeios.ufc.br\\\/dossieformacao\\\/4-nossa-equipe-de-formadores\\\/\",\"url\":\"https:\\\/\\\/blogs.multimeios.ufc.br\\\/dossieformacao\\\/4-nossa-equipe-de-formadores\\\/\",\"name\":\"4 - Nossa Equipe de Formadores - Dossi\u00ea do Ciclo de Forma\u00e7\u00e3o Multimeios\",\"isPartOf\":{\"@id\":\"https:\\\/\\\/blogs.multimeios.ufc.br\\\/dossieformacao\\\/#website\"},\"primaryImageOfPage\":{\"@id\":\"https:\\\/\\\/blogs.multimeios.ufc.br\\\/dossieformacao\\\/4-nossa-equipe-de-formadores\\\/#primaryimage\"},\"image\":{\"@id\":\"https:\\\/\\\/blogs.multimeios.ufc.br\\\/dossieformacao\\\/4-nossa-equipe-de-formadores\\\/#primaryimage\"},\"thumbnailUrl\":\"https:\\\/\\\/lh4.googleusercontent.com\\\/_IH16bRR3u2XrZBQ41Aw2DZCF6He39Bb8PvSf8T88CnYQIlqGjeCwU3toMihhWPuf6Er1dWBL-6Ka4em6PZQ9wHknyDERA2f6eFVvGw9xeNxh276nqjLXv14WMSkY9xVir5qln8j\",\"datePublished\":\"2021-02-14T18:58:08+00:00\",\"dateModified\":\"2021-02-15T17:23:22+00:00\",\"breadcrumb\":{\"@id\":\"https:\\\/\\\/blogs.multimeios.ufc.br\\\/dossieformacao\\\/4-nossa-equipe-de-formadores\\\/#breadcrumb\"},\"inLanguage\":\"pt-BR\",\"potentialAction\":[{\"@type\":\"ReadAction\",\"target\":[\"https:\\\/\\\/blogs.multimeios.ufc.br\\\/dossieformacao\\\/4-nossa-equipe-de-formadores\\\/\"]}]},{\"@type\":\"ImageObject\",\"inLanguage\":\"pt-BR\",\"@id\":\"https:\\\/\\\/blogs.multimeios.ufc.br\\\/dossieformacao\\\/4-nossa-equipe-de-formadores\\\/#primaryimage\",\"url\":\"https:\\\/\\\/lh4.googleusercontent.com\\\/_IH16bRR3u2XrZBQ41Aw2DZCF6He39Bb8PvSf8T88CnYQIlqGjeCwU3toMihhWPuf6Er1dWBL-6Ka4em6PZQ9wHknyDERA2f6eFVvGw9xeNxh276nqjLXv14WMSkY9xVir5qln8j\",\"contentUrl\":\"https:\\\/\\\/lh4.googleusercontent.com\\\/_IH16bRR3u2XrZBQ41Aw2DZCF6He39Bb8PvSf8T88CnYQIlqGjeCwU3toMihhWPuf6Er1dWBL-6Ka4em6PZQ9wHknyDERA2f6eFVvGw9xeNxh276nqjLXv14WMSkY9xVir5qln8j\"},{\"@type\":\"BreadcrumbList\",\"@id\":\"https:\\\/\\\/blogs.multimeios.ufc.br\\\/dossieformacao\\\/4-nossa-equipe-de-formadores\\\/#breadcrumb\",\"itemListElement\":[{\"@type\":\"ListItem\",\"position\":1,\"name\":\"In\u00edcio\",\"item\":\"https:\\\/\\\/blogs.multimeios.ufc.br\\\/dossieformacao\\\/\"},{\"@type\":\"ListItem\",\"position\":2,\"name\":\"4 &#8211; Nossa Equipe de Formadores\"}]},{\"@type\":\"WebSite\",\"@id\":\"https:\\\/\\\/blogs.multimeios.ufc.br\\\/dossieformacao\\\/#website\",\"url\":\"https:\\\/\\\/blogs.multimeios.ufc.br\\\/dossieformacao\\\/\",\"name\":\"Dossi\u00ea do Ciclo de Forma\u00e7\u00e3o Multimeios\",\"description\":\"S\u00f3 mais um site Blogs do MultiMeios\",\"publisher\":{\"@id\":\"https:\\\/\\\/blogs.multimeios.ufc.br\\\/dossieformacao\\\/#organization\"},\"potentialAction\":[{\"@type\":\"SearchAction\",\"target\":{\"@type\":\"EntryPoint\",\"urlTemplate\":\"https:\\\/\\\/blogs.multimeios.ufc.br\\\/dossieformacao\\\/?s={search_term_string}\"},\"query-input\":{\"@type\":\"PropertyValueSpecification\",\"valueRequired\":true,\"valueName\":\"search_term_string\"}}],\"inLanguage\":\"pt-BR\"},{\"@type\":\"Organization\",\"@id\":\"https:\\\/\\\/blogs.multimeios.ufc.br\\\/dossieformacao\\\/#organization\",\"name\":\"Dossi\u00ea do Ciclo de Forma\u00e7\u00e3o Multimeios\",\"url\":\"https:\\\/\\\/blogs.multimeios.ufc.br\\\/dossieformacao\\\/\",\"logo\":{\"@type\":\"ImageObject\",\"inLanguage\":\"pt-BR\",\"@id\":\"https:\\\/\\\/blogs.multimeios.ufc.br\\\/dossieformacao\\\/#\\\/schema\\\/logo\\\/image\\\/\",\"url\":\"https:\\\/\\\/blogs.multimeios.ufc.br\\\/dossieformacao\\\/files\\\/2021\\\/02\\\/cropped-LOGO-DOSSIE-DARK-BLUE.png\",\"contentUrl\":\"https:\\\/\\\/blogs.multimeios.ufc.br\\\/dossieformacao\\\/files\\\/2021\\\/02\\\/cropped-LOGO-DOSSIE-DARK-BLUE.png\",\"width\":248,\"height\":249,\"caption\":\"Dossi\u00ea do Ciclo de Forma\u00e7\u00e3o Multimeios\"},\"image\":{\"@id\":\"https:\\\/\\\/blogs.multimeios.ufc.br\\\/dossieformacao\\\/#\\\/schema\\\/logo\\\/image\\\/\"}}]}<\/script>\n<!-- \/ Yoast SEO plugin. -->","yoast_head_json":{"title":"4 - Nossa Equipe de Formadores - Dossi\u00ea do Ciclo de Forma\u00e7\u00e3o Multimeios","robots":{"index":"index","follow":"follow","max-snippet":"max-snippet:-1","max-image-preview":"max-image-preview:large","max-video-preview":"max-video-preview:-1"},"canonical":"https:\/\/blogs.multimeios.ufc.br\/dossieformacao\/4-nossa-equipe-de-formadores\/","og_locale":"pt_BR","og_type":"article","og_title":"4 - Nossa Equipe de Formadores - Dossi\u00ea do Ciclo de Forma\u00e7\u00e3o Multimeios","og_description":"\u201cUm mais um \u00e9 sempre mais que dois\u201d (Beto Guedes) FormadoraAdriana Mendon\u00e7a FormadoraAna Uch\u00f4a &nbsp; FormadorAntonio Landim FormadoraDaniele Xavier FormadoraJ\u00e9ssica Barbosa FormadoraLara Nepomuceno FormadoraLis de Maria FormadoraMar\u00edlia Moreira FormadoraS\u00edlvia Sales &nbsp; FormadoraSinara Duarte &nbsp; FormadoraTatiana Holanda FormadorHerminio Borges &nbsp; FormadorAndr\u00e9 dos Santos FormadoraCristina Mandau FormadorCarlos Delmiro &nbsp; &nbsp; FormadoraMil\u00ednia Nogueira FormadoraMaria Auxiliadora FormadoraVan\u00edsia Mendon\u00e7a &nbsp; &hellip; Continuar lendo 4 &#8211; Nossa Equipe de Formadores","og_url":"https:\/\/blogs.multimeios.ufc.br\/dossieformacao\/4-nossa-equipe-de-formadores\/","og_site_name":"Dossi\u00ea do Ciclo de Forma\u00e7\u00e3o Multimeios","article_modified_time":"2021-02-15T17:23:22+00:00","og_image":[{"url":"https:\/\/lh4.googleusercontent.com\/_IH16bRR3u2XrZBQ41Aw2DZCF6He39Bb8PvSf8T88CnYQIlqGjeCwU3toMihhWPuf6Er1dWBL-6Ka4em6PZQ9wHknyDERA2f6eFVvGw9xeNxh276nqjLXv14WMSkY9xVir5qln8j","type":"","width":"","height":""}],"twitter_card":"summary_large_image","twitter_misc":{"Est. tempo de leitura":"1 minuto"},"schema":{"@context":"https:\/\/schema.org","@graph":[{"@type":"WebPage","@id":"https:\/\/blogs.multimeios.ufc.br\/dossieformacao\/4-nossa-equipe-de-formadores\/","url":"https:\/\/blogs.multimeios.ufc.br\/dossieformacao\/4-nossa-equipe-de-formadores\/","name":"4 - Nossa Equipe de Formadores - Dossi\u00ea do Ciclo de Forma\u00e7\u00e3o Multimeios","isPartOf":{"@id":"https:\/\/blogs.multimeios.ufc.br\/dossieformacao\/#website"},"primaryImageOfPage":{"@id":"https:\/\/blogs.multimeios.ufc.br\/dossieformacao\/4-nossa-equipe-de-formadores\/#primaryimage"},"image":{"@id":"https:\/\/blogs.multimeios.ufc.br\/dossieformacao\/4-nossa-equipe-de-formadores\/#primaryimage"},"thumbnailUrl":"https:\/\/lh4.googleusercontent.com\/_IH16bRR3u2XrZBQ41Aw2DZCF6He39Bb8PvSf8T88CnYQIlqGjeCwU3toMihhWPuf6Er1dWBL-6Ka4em6PZQ9wHknyDERA2f6eFVvGw9xeNxh276nqjLXv14WMSkY9xVir5qln8j","datePublished":"2021-02-14T18:58:08+00:00","dateModified":"2021-02-15T17:23:22+00:00","breadcrumb":{"@id":"https:\/\/blogs.multimeios.ufc.br\/dossieformacao\/4-nossa-equipe-de-formadores\/#breadcrumb"},"inLanguage":"pt-BR","potentialAction":[{"@type":"ReadAction","target":["https:\/\/blogs.multimeios.ufc.br\/dossieformacao\/4-nossa-equipe-de-formadores\/"]}]},{"@type":"ImageObject","inLanguage":"pt-BR","@id":"https:\/\/blogs.multimeios.ufc.br\/dossieformacao\/4-nossa-equipe-de-formadores\/#primaryimage","url":"https:\/\/lh4.googleusercontent.com\/_IH16bRR3u2XrZBQ41Aw2DZCF6He39Bb8PvSf8T88CnYQIlqGjeCwU3toMihhWPuf6Er1dWBL-6Ka4em6PZQ9wHknyDERA2f6eFVvGw9xeNxh276nqjLXv14WMSkY9xVir5qln8j","contentUrl":"https:\/\/lh4.googleusercontent.com\/_IH16bRR3u2XrZBQ41Aw2DZCF6He39Bb8PvSf8T88CnYQIlqGjeCwU3toMihhWPuf6Er1dWBL-6Ka4em6PZQ9wHknyDERA2f6eFVvGw9xeNxh276nqjLXv14WMSkY9xVir5qln8j"},{"@type":"BreadcrumbList","@id":"https:\/\/blogs.multimeios.ufc.br\/dossieformacao\/4-nossa-equipe-de-formadores\/#breadcrumb","itemListElement":[{"@type":"ListItem","position":1,"name":"In\u00edcio","item":"https:\/\/blogs.multimeios.ufc.br\/dossieformacao\/"},{"@type":"ListItem","position":2,"name":"4 &#8211; Nossa Equipe de Formadores"}]},{"@type":"WebSite","@id":"https:\/\/blogs.multimeios.ufc.br\/dossieformacao\/#website","url":"https:\/\/blogs.multimeios.ufc.br\/dossieformacao\/","name":"Dossi\u00ea do Ciclo de Forma\u00e7\u00e3o Multimeios","description":"S\u00f3 mais um site Blogs do MultiMeios","publisher":{"@id":"https:\/\/blogs.multimeios.ufc.br\/dossieformacao\/#organization"},"potentialAction":[{"@type":"SearchAction","target":{"@type":"EntryPoint","urlTemplate":"https:\/\/blogs.multimeios.ufc.br\/dossieformacao\/?s={search_term_string}"},"query-input":{"@type":"PropertyValueSpecification","valueRequired":true,"valueName":"search_term_string"}}],"inLanguage":"pt-BR"},{"@type":"Organization","@id":"https:\/\/blogs.multimeios.ufc.br\/dossieformacao\/#organization","name":"Dossi\u00ea do Ciclo de Forma\u00e7\u00e3o Multimeios","url":"https:\/\/blogs.multimeios.ufc.br\/dossieformacao\/","logo":{"@type":"ImageObject","inLanguage":"pt-BR","@id":"https:\/\/blogs.multimeios.ufc.br\/dossieformacao\/#\/schema\/logo\/image\/","url":"https:\/\/blogs.multimeios.ufc.br\/dossieformacao\/files\/2021\/02\/cropped-LOGO-DOSSIE-DARK-BLUE.png","contentUrl":"https:\/\/blogs.multimeios.ufc.br\/dossieformacao\/files\/2021\/02\/cropped-LOGO-DOSSIE-DARK-BLUE.png","width":248,"height":249,"caption":"Dossi\u00ea do Ciclo de Forma\u00e7\u00e3o Multimeios"},"image":{"@id":"https:\/\/blogs.multimeios.ufc.br\/dossieformacao\/#\/schema\/logo\/image\/"}}]}},"_links":{"self":[{"href":"https:\/\/blogs.multimeios.ufc.br\/dossieformacao\/wp-json\/wp\/v2\/pages\/211","targetHints":{"allow":["GET"]}}],"collection":[{"href":"https:\/\/blogs.multimeios.ufc.br\/dossieformacao\/wp-json\/wp\/v2\/pages"}],"about":[{"href":"https:\/\/blogs.multimeios.ufc.br\/dossieformacao\/wp-json\/wp\/v2\/types\/page"}],"author":[{"embeddable":true,"href":"https:\/\/blogs.multimeios.ufc.br\/dossieformacao\/wp-json\/wp\/v2\/users\/25"}],"replies":[{"embeddable":true,"href":"https:\/\/blogs.multimeios.ufc.br\/dossieformacao\/wp-json\/wp\/v2\/comments?post=211"}],"version-history":[{"count":42,"href":"https:\/\/blogs.multimeios.ufc.br\/dossieformacao\/wp-json\/wp\/v2\/pages\/211\/revisions"}],"predecessor-version":[{"id":369,"href":"https:\/\/blogs.multimeios.ufc.br\/dossieformacao\/wp-json\/wp\/v2\/pages\/211\/revisions\/369"}],"wp:attachment":[{"href":"https:\/\/blogs.multimeios.ufc.br\/dossieformacao\/wp-json\/wp\/v2\/media?parent=211"}],"curies":[{"name":"wp","href":"https:\/\/api.w.org\/{rel}","templated":true}]}}