{"id":2,"date":"2011-09-26T14:33:07","date_gmt":"2011-09-26T14:33:07","guid":{"rendered":"http:\/\/blogs.multimeios.ufc.br\/educacaopopular\/?page_id=2"},"modified":"2011-10-03T13:25:10","modified_gmt":"2011-10-03T13:25:10","slug":"pagina-exemplo","status":"publish","type":"page","link":"https:\/\/blogs.multimeios.ufc.br\/educacaopopular\/pagina-exemplo\/","title":{"rendered":"O evento"},"content":{"rendered":"<p><span style=\"color: #000000;\"><strong>OBJETIVOS<\/strong><\/span><\/p>\n<ul>\n<li><span style=\"color: #000000;\">Socializar a produ\u00e7\u00e3o docente e discente da linha de pesquisa Movimentos Sociais, Educa\u00e7\u00e3o Popular e Escola do Programa de P\u00f3s-Gradua\u00e7\u00e3o em Educa\u00e7\u00e3o Brasileira da UFC;<\/span><\/li>\n<\/ul>\n<ul>\n<li><span style=\"color: #000000;\">Propiciar o compartilhamento de experi\u00eancias entre educadores populares\/pesquisadores voltados para a educa\u00e7\u00e3o popular;<\/span><\/li>\n<\/ul>\n<ul>\n<li><span style=\"color: #000000;\">Discutir diferentes enfoques te\u00f3rico-metodol\u00f3gicos que embasam a produ\u00e7\u00e3o no campo dos Movimentos Sociais e da Educa\u00e7\u00e3o Popular, identificando as tend\u00eancias mais recentes;<\/span><\/li>\n<li><span style=\"color: #000000;\">Refletir acerca dos novos espa\u00e7os de atua\u00e7\u00e3o dos Movimentos Sociais e da Educa\u00e7\u00e3o Popular, analisando as implica\u00e7\u00f5es sociais, pol\u00edticas, pedag\u00f3gicas e culturais dessas inser\u00e7\u00f5es e suas conseq\u00fc\u00eancias para a forma\u00e7\u00e3o humana;<\/span><\/li>\n<li><span style=\"color: #000000;\">Refletir acerca dos processos de subjetiva\u00e7\u00e3o e constitui\u00e7\u00e3o de identidades que ocorrem nos Movimentos Sociais e na Educa\u00e7\u00e3o Popular;<\/span><\/li>\n<li><span style=\"color: #000000;\">Garantir espa\u00e7os para viv\u00eancias corporais e culturais, integrando diferentes linguagens e abordagens te\u00f3ricas.<\/span><\/li>\n<\/ul>\n<p><span style=\"color: #000000;\"><strong>GT- EIXOS TEM\u00c1TICOS<\/strong><\/span><\/p>\n<p><span style=\"color: #000000;\">E1 &#8211; Estudos Interculturais e Saberes Ind\u00edgenas<\/span><\/p>\n<p><span style=\"color: #000000;\">E2 \u2013 Pesquisas (Auto)Biogr\u00e1fica e Hist\u00f3ria da Educa\u00e7\u00e3o Popular<\/span><\/p>\n<p><span style=\"color: #000000;\">E3 &#8211; Trabalho e Educa\u00e7\u00e3o de jovens e adultos <\/span><\/p>\n<p><span style=\"color: #000000;\">E4 \u2013 G\u00eanero e Juventudes<\/span><\/p>\n<p><span style=\"color: #000000;\">E5 &#8211; Corporeidade e Ludicidade na Educa\u00e7\u00e3o Popular<\/span><\/p>\n<p><span style=\"color: #000000;\">E6 \u2013 Sa\u00fade e Espiritualidade na Educa\u00e7\u00e3o Popular<\/span><\/p>\n<p><span style=\"color: #000000;\">E7 &#8211; Educa\u00e7\u00e3o do Campo<\/span><\/p>\n<p><span style=\"color: #000000;\">E8 &#8211; Educa\u00e7\u00e3o Ambiental<\/span><\/p>\n<p><span style=\"color: #000000;\">E9 \u2013 Artes, Comunica\u00e7\u00e3o, Novas Tecnologias e Cultura Popular<\/span><\/p>\n<p><span style=\"color: #000000;\">E10- Africanidades <\/span><\/p>\n<p><span style=\"color: #000000;\"><strong>FORMATO<\/strong><\/span><\/p>\n<p><span style=\"color: #000000;\">O Encontro realizar-se-\u00e1 numa ambi\u00eancia que propicie o di\u00e1logo e a troca de experi\u00eancias, privilegiando metodologias interativas que consideram o sujeito na sua multidimensionalidade. Deste modo, propomos as seguintes atividades:<\/span><\/p>\n<ul>\n<li><span style=\"color: #000000;\">CONVERSA DE ABERTURA &#8211; um(a) convidado(a) far\u00e1 uma explana\u00e7\u00e3o ampla da tem\u00e1tica central do encontro.<\/span><\/li>\n<li><span style=\"color: #000000;\">C\u00cdRCULOS DE CULTURA \u2013 espa\u00e7o para discuss\u00e3o das tem\u00e1ticas propostas em cada eixo. O prop\u00f3sito fundamental \u00e9 potencializar o di\u00e1logo e a troca de experi\u00eancias entre os participantes. O ritual ocorrer\u00e1 de modo que os animadores fa\u00e7am uma breve introdu\u00e7\u00e3o ao tema, estimulando a participa\u00e7\u00e3o de todos.<\/span><\/li>\n<li><span style=\"color: #000000;\">APRESENTA\u00c7\u00c3O DE COMUNICA\u00c7\u00c3O \u2013 Espa\u00e7o\/tempo de apresenta\u00e7\u00e3o de trabalhos pertinentes aos eixos propostos, escolhidos por uma comiss\u00e3o cient\u00edfica indicada pela coordena\u00e7\u00e3o do evento.<\/span><\/li>\n<li><span style=\"color: #000000;\">OFICINAS (pr\u00e1xis em grupo)\u2013 espa\u00e7o de produ\u00e7\u00e3o\/troca de experi\u00eancias, viv\u00eancias e saberes vinculados aos movimentos populares.<\/span><\/li>\n<li><span style=\"color: #000000;\">ATIVIDADES CULTURAIS E VIV\u00caNCIAS \u2013 espa\u00e7o\/tempo de manifesta\u00e7\u00f5es art\u00edstico-culturais e vivenciais que propiciem o autodesenvolvimento, a consci\u00eancia, a alegria e integra\u00e7\u00e3o grupal.<\/span><\/li>\n<\/ul>\n<p><span style=\"color: #000000;\"><strong>COMISS\u00c3O ORGANIZADORA<\/strong><\/span><\/p>\n<p><span style=\"color: #000000;\">Coordena\u00e7\u00e3o Geral: <\/span><\/p>\n<p><span style=\"color: #000000;\">Profa. Dra. Celecina de Maria Veras Sales<\/span><\/p>\n<p><span style=\"color: #000000;\">Profo. Dr. Jo\u00e3o Batista A. Figueiredo<\/span><\/p>\n<p><span style=\"color: #000000;\">Profa. Dra.<span style=\"font-family: arial,helvetica,sans-serif;\">Erc\u00edlia Maria Braga de Olinda<br \/>\n<\/span><\/span><\/p>\n","protected":false},"excerpt":{"rendered":"<p>OBJETIVOS Socializar a produ\u00e7\u00e3o docente e discente da linha de pesquisa Movimentos Sociais, Educa\u00e7\u00e3o Popular e Escola do Programa de P\u00f3s-Gradua\u00e7\u00e3o em Educa\u00e7\u00e3o Brasileira da UFC; Propiciar o compartilhamento de experi\u00eancias entre educadores populares\/pesquisadores voltados para a educa\u00e7\u00e3o popular; Discutir diferentes enfoques te\u00f3rico-metodol\u00f3gicos que embasam a produ\u00e7\u00e3o no campo dos Movimentos Sociais e da Educa\u00e7\u00e3o [&hellip;]<\/p>\n","protected":false},"author":3,"featured_media":0,"parent":0,"menu_order":0,"comment_status":"open","ping_status":"open","template":"","meta":{"footnotes":""},"class_list":["post-2","page","type-page","status-publish","hentry"],"yoast_head":"<!-- This site is optimized with the Yoast SEO plugin v27.4 - https:\/\/yoast.com\/product\/yoast-seo-wordpress\/ -->\n<title>O evento - III Encontro Estadual de Educa\u00e7\u00e3o Popular<\/title>\n<meta name=\"robots\" content=\"index, follow, max-snippet:-1, max-image-preview:large, max-video-preview:-1\" \/>\n<link rel=\"canonical\" href=\"https:\/\/blogs.multimeios.ufc.br\/educacaopopular\/pagina-exemplo\/\" \/>\n<meta property=\"og:locale\" content=\"pt_BR\" \/>\n<meta property=\"og:type\" content=\"article\" \/>\n<meta property=\"og:title\" content=\"O evento - III Encontro Estadual de Educa\u00e7\u00e3o Popular\" \/>\n<meta property=\"og:description\" content=\"OBJETIVOS Socializar a produ\u00e7\u00e3o docente e discente da linha de pesquisa Movimentos Sociais, Educa\u00e7\u00e3o Popular e Escola do Programa de P\u00f3s-Gradua\u00e7\u00e3o em Educa\u00e7\u00e3o Brasileira da UFC; Propiciar o compartilhamento de experi\u00eancias entre educadores populares\/pesquisadores voltados para a educa\u00e7\u00e3o popular; Discutir diferentes enfoques te\u00f3rico-metodol\u00f3gicos que embasam a produ\u00e7\u00e3o no campo dos Movimentos Sociais e da Educa\u00e7\u00e3o [&hellip;]\" \/>\n<meta property=\"og:url\" content=\"https:\/\/blogs.multimeios.ufc.br\/educacaopopular\/pagina-exemplo\/\" \/>\n<meta property=\"og:site_name\" content=\"III Encontro Estadual de Educa\u00e7\u00e3o Popular\" \/>\n<meta property=\"article:modified_time\" content=\"2011-10-03T13:25:10+00:00\" \/>\n<meta name=\"twitter:card\" content=\"summary_large_image\" \/>\n<meta name=\"twitter:label1\" content=\"Est. tempo de leitura\" \/>\n\t<meta name=\"twitter:data1\" content=\"2 minutos\" \/>\n<script type=\"application\/ld+json\" class=\"yoast-schema-graph\">{\"@context\":\"https:\\\/\\\/schema.org\",\"@graph\":[{\"@type\":\"WebPage\",\"@id\":\"https:\\\/\\\/blogs.multimeios.ufc.br\\\/educacaopopular\\\/pagina-exemplo\\\/\",\"url\":\"https:\\\/\\\/blogs.multimeios.ufc.br\\\/educacaopopular\\\/pagina-exemplo\\\/\",\"name\":\"O evento - III Encontro Estadual de Educa\u00e7\u00e3o Popular\",\"isPartOf\":{\"@id\":\"https:\\\/\\\/blogs.multimeios.ufc.br\\\/educacaopopular\\\/#website\"},\"datePublished\":\"2011-09-26T14:33:07+00:00\",\"dateModified\":\"2011-10-03T13:25:10+00:00\",\"breadcrumb\":{\"@id\":\"https:\\\/\\\/blogs.multimeios.ufc.br\\\/educacaopopular\\\/pagina-exemplo\\\/#breadcrumb\"},\"inLanguage\":\"pt-BR\",\"potentialAction\":[{\"@type\":\"ReadAction\",\"target\":[\"https:\\\/\\\/blogs.multimeios.ufc.br\\\/educacaopopular\\\/pagina-exemplo\\\/\"]}]},{\"@type\":\"BreadcrumbList\",\"@id\":\"https:\\\/\\\/blogs.multimeios.ufc.br\\\/educacaopopular\\\/pagina-exemplo\\\/#breadcrumb\",\"itemListElement\":[{\"@type\":\"ListItem\",\"position\":1,\"name\":\"In\u00edcio\",\"item\":\"https:\\\/\\\/blogs.multimeios.ufc.br\\\/educacaopopular\\\/\"},{\"@type\":\"ListItem\",\"position\":2,\"name\":\"O evento\"}]},{\"@type\":\"WebSite\",\"@id\":\"https:\\\/\\\/blogs.multimeios.ufc.br\\\/educacaopopular\\\/#website\",\"url\":\"https:\\\/\\\/blogs.multimeios.ufc.br\\\/educacaopopular\\\/\",\"name\":\"III Encontro Estadual de Educa\u00e7\u00e3o Popular\",\"description\":\"Educa\u00e7\u00e3o Popular na Contemporaneidade: novos temas e novas abordagens\",\"potentialAction\":[{\"@type\":\"SearchAction\",\"target\":{\"@type\":\"EntryPoint\",\"urlTemplate\":\"https:\\\/\\\/blogs.multimeios.ufc.br\\\/educacaopopular\\\/?s={search_term_string}\"},\"query-input\":{\"@type\":\"PropertyValueSpecification\",\"valueRequired\":true,\"valueName\":\"search_term_string\"}}],\"inLanguage\":\"pt-BR\"}]}<\/script>\n<!-- \/ Yoast SEO plugin. -->","yoast_head_json":{"title":"O evento - III Encontro Estadual de Educa\u00e7\u00e3o Popular","robots":{"index":"index","follow":"follow","max-snippet":"max-snippet:-1","max-image-preview":"max-image-preview:large","max-video-preview":"max-video-preview:-1"},"canonical":"https:\/\/blogs.multimeios.ufc.br\/educacaopopular\/pagina-exemplo\/","og_locale":"pt_BR","og_type":"article","og_title":"O evento - III Encontro Estadual de Educa\u00e7\u00e3o Popular","og_description":"OBJETIVOS Socializar a produ\u00e7\u00e3o docente e discente da linha de pesquisa Movimentos Sociais, Educa\u00e7\u00e3o Popular e Escola do Programa de P\u00f3s-Gradua\u00e7\u00e3o em Educa\u00e7\u00e3o Brasileira da UFC; Propiciar o compartilhamento de experi\u00eancias entre educadores populares\/pesquisadores voltados para a educa\u00e7\u00e3o popular; Discutir diferentes enfoques te\u00f3rico-metodol\u00f3gicos que embasam a produ\u00e7\u00e3o no campo dos Movimentos Sociais e da Educa\u00e7\u00e3o [&hellip;]","og_url":"https:\/\/blogs.multimeios.ufc.br\/educacaopopular\/pagina-exemplo\/","og_site_name":"III Encontro Estadual de Educa\u00e7\u00e3o Popular","article_modified_time":"2011-10-03T13:25:10+00:00","twitter_card":"summary_large_image","twitter_misc":{"Est. tempo de leitura":"2 minutos"},"schema":{"@context":"https:\/\/schema.org","@graph":[{"@type":"WebPage","@id":"https:\/\/blogs.multimeios.ufc.br\/educacaopopular\/pagina-exemplo\/","url":"https:\/\/blogs.multimeios.ufc.br\/educacaopopular\/pagina-exemplo\/","name":"O evento - III Encontro Estadual de Educa\u00e7\u00e3o Popular","isPartOf":{"@id":"https:\/\/blogs.multimeios.ufc.br\/educacaopopular\/#website"},"datePublished":"2011-09-26T14:33:07+00:00","dateModified":"2011-10-03T13:25:10+00:00","breadcrumb":{"@id":"https:\/\/blogs.multimeios.ufc.br\/educacaopopular\/pagina-exemplo\/#breadcrumb"},"inLanguage":"pt-BR","potentialAction":[{"@type":"ReadAction","target":["https:\/\/blogs.multimeios.ufc.br\/educacaopopular\/pagina-exemplo\/"]}]},{"@type":"BreadcrumbList","@id":"https:\/\/blogs.multimeios.ufc.br\/educacaopopular\/pagina-exemplo\/#breadcrumb","itemListElement":[{"@type":"ListItem","position":1,"name":"In\u00edcio","item":"https:\/\/blogs.multimeios.ufc.br\/educacaopopular\/"},{"@type":"ListItem","position":2,"name":"O evento"}]},{"@type":"WebSite","@id":"https:\/\/blogs.multimeios.ufc.br\/educacaopopular\/#website","url":"https:\/\/blogs.multimeios.ufc.br\/educacaopopular\/","name":"III Encontro Estadual de Educa\u00e7\u00e3o Popular","description":"Educa\u00e7\u00e3o Popular na Contemporaneidade: novos temas e novas abordagens","potentialAction":[{"@type":"SearchAction","target":{"@type":"EntryPoint","urlTemplate":"https:\/\/blogs.multimeios.ufc.br\/educacaopopular\/?s={search_term_string}"},"query-input":{"@type":"PropertyValueSpecification","valueRequired":true,"valueName":"search_term_string"}}],"inLanguage":"pt-BR"}]}},"_links":{"self":[{"href":"https:\/\/blogs.multimeios.ufc.br\/educacaopopular\/wp-json\/wp\/v2\/pages\/2","targetHints":{"allow":["GET"]}}],"collection":[{"href":"https:\/\/blogs.multimeios.ufc.br\/educacaopopular\/wp-json\/wp\/v2\/pages"}],"about":[{"href":"https:\/\/blogs.multimeios.ufc.br\/educacaopopular\/wp-json\/wp\/v2\/types\/page"}],"author":[{"embeddable":true,"href":"https:\/\/blogs.multimeios.ufc.br\/educacaopopular\/wp-json\/wp\/v2\/users\/3"}],"replies":[{"embeddable":true,"href":"https:\/\/blogs.multimeios.ufc.br\/educacaopopular\/wp-json\/wp\/v2\/comments?post=2"}],"version-history":[{"count":24,"href":"https:\/\/blogs.multimeios.ufc.br\/educacaopopular\/wp-json\/wp\/v2\/pages\/2\/revisions"}],"predecessor-version":[{"id":82,"href":"https:\/\/blogs.multimeios.ufc.br\/educacaopopular\/wp-json\/wp\/v2\/pages\/2\/revisions\/82"}],"wp:attachment":[{"href":"https:\/\/blogs.multimeios.ufc.br\/educacaopopular\/wp-json\/wp\/v2\/media?parent=2"}],"curies":[{"name":"wp","href":"https:\/\/api.w.org\/{rel}","templated":true}]}}