{"id":22,"date":"2011-09-26T16:02:33","date_gmt":"2011-09-26T16:02:33","guid":{"rendered":"http:\/\/blogs.multimeios.ufc.br\/educacaopopular\/?page_id=22"},"modified":"2011-11-09T23:37:28","modified_gmt":"2011-11-09T23:37:28","slug":"inicio","status":"publish","type":"page","link":"https:\/\/blogs.multimeios.ufc.br\/educacaopopular\/","title":{"rendered":"In\u00edcio"},"content":{"rendered":"<p><a href=\"http:\/\/blogs.multimeios.ufc.br\/educacaopopular\/files\/2011\/09\/cartaz-escolhido1.jpg\"><img fetchpriority=\"high\" decoding=\"async\" class=\"alignleft\" title=\"cartaz escolhido\" src=\"http:\/\/blogs.multimeios.ufc.br\/educacaopopular\/files\/2011\/09\/cartaz-escolhido1-212x300.jpg\" alt=\"\" width=\"212\" height=\"300\" \/><\/a><span style=\"color: #000000;\">O III Encontro Estadual de Educa\u00e7\u00e3o Popular cujo tema \u00e9 Educa\u00e7\u00e3o Popular na Contemporaneidade: novos temas e novas abordagens,consiste em um espa\u00e7o de reflex\u00e3o e troca de experi\u00eancias entre educadores e educadoras populares que atuam em diferentes setores: escolas, Ong\u2019s, movimentos sociais, universidades e outros centros e grupos de estudos, pesquisas e viv\u00eancias voltados para pr\u00e1ticas educativas comprometidas com a conquista de um mundo humano, solid\u00e1rio e justo. A iniciativa da Linha de Pesquisa Movimentos Sociais, Educa\u00e7\u00e3o Popular e Escola, do Programa de P\u00f3s-Gradua\u00e7\u00e3o em Educa\u00e7\u00e3o Brasileira, da UFC, responde ao anseio de centenas de educadores populares que continuam reinventando seus saberes e fazeres, inspirados no legado libertador do pensamento freireano.<\/span><\/p>\n<p>&nbsp;<\/p>\n<p><span style=\"font-family: arial,helvetica,sans-serif; color: #000000;\">Local: Faculdade de Educa\u00e7\u00e3o \u2013 FACED\/UFC<\/span><\/p>\n<p><span style=\"font-family: arial,helvetica,sans-serif; color: #000000;\">Endere\u00e7o: Rua Marechal Deodoro &#8211; 750 &#8211; Blocos 122 e 123 &#8211; Benfica \u2013 Fortaleza\/CE<\/span><\/p>\n<p><span style=\"color: #000000;\">Data: 13, 14 e 15 de Novembro de 2011<\/span><\/p>\n<p><span style=\"color: #000000;\">Valor das inscri\u00e7\u00f5es<\/span><\/p>\n<p><span style=\"color: #000000;\">Com envio de trabalho (pagamento at\u00e9 o dia 03\/11\/2011)<\/span><\/p>\n<p><span style=\"color: #000000;\">profissionais: R$ 50,00<\/span><\/p>\n<p><span style=\"color: #000000;\">estudantes: R$ 25,00<\/span><\/p>\n<p><span style=\"color: #000000;\">Sem envio de trabalho\u00a0 (pagamento at\u00e9 o dia 05\/11\/2011)<\/span><\/p>\n<p><span style=\"color: #000000;\">profissionais: R$ 25,00<\/span><\/p>\n<p><span style=\"color: #000000;\">estudantes: R$ 15,00<\/span><\/p>\n<p><span style=\"color: #000000;\">PAGAMENTO:<\/span><\/p>\n<p><span style=\"color: #000000;\">Dep\u00f3sito no Banco do Brasil \u2013 Conta\/poupan\u00e7a 130. 205 \u2013 1 (varia\u00e7\u00e3o 01) \u2013 Ag\u00eancia 3653-6. Ap\u00f3s o pagamento enviar o comprovante escaneado e o Resumo para o e-mail geral (seminarioeducacaopopular@gmail.com) e o e-mail do GT (e-mails na p\u00e1gina de Normas dos Trabalhos).<\/span><\/p>\n<p><span style=\"color: #000000;\">OBS.: Caso o pagamento n\u00e3o seja confirmado at\u00e9 a data limite, a inscri\u00e7\u00e3o n\u00e3o ser\u00e1 validada.<\/span><\/p>\n<p><a href=\"https:\/\/docs.google.com\/spreadsheet\/viewform?formkey=dGtCX2dwTlkwa0NJc0FLS2tEN1VSaXc6MQ\" target=\"_blank\"><img decoding=\"async\" class=\"aligncenter\" title=\"inscricao\" src=\"http:\/\/blogs.multimeios.ufc.br\/educacaopopular\/files\/2011\/09\/inscricao.jpg\" alt=\"\" width=\"150\" height=\"75\" \/><\/a><\/p>\n","protected":false},"excerpt":{"rendered":"<p>O III Encontro Estadual de Educa\u00e7\u00e3o Popular cujo tema \u00e9 Educa\u00e7\u00e3o Popular na Contemporaneidade: novos temas e novas abordagens,consiste em um espa\u00e7o de reflex\u00e3o e troca de experi\u00eancias entre educadores e educadoras populares que atuam em diferentes setores: escolas, Ong\u2019s, movimentos sociais, universidades e outros centros e grupos de estudos, pesquisas e viv\u00eancias voltados para [&hellip;]<\/p>\n","protected":false},"author":3,"featured_media":0,"parent":0,"menu_order":0,"comment_status":"open","ping_status":"open","template":"","meta":{"footnotes":""},"class_list":["post-22","page","type-page","status-publish","hentry"],"yoast_head":"<!-- This site is optimized with the Yoast SEO plugin v27.4 - https:\/\/yoast.com\/product\/yoast-seo-wordpress\/ -->\n<title>In\u00edcio - III Encontro Estadual de Educa\u00e7\u00e3o Popular<\/title>\n<meta name=\"robots\" content=\"index, follow, max-snippet:-1, max-image-preview:large, max-video-preview:-1\" \/>\n<link rel=\"canonical\" href=\"https:\/\/blogs.multimeios.ufc.br\/educacaopopular\/\" \/>\n<meta property=\"og:locale\" content=\"pt_BR\" \/>\n<meta property=\"og:type\" content=\"article\" \/>\n<meta property=\"og:title\" content=\"In\u00edcio - III Encontro Estadual de Educa\u00e7\u00e3o Popular\" \/>\n<meta property=\"og:description\" content=\"O III Encontro Estadual de Educa\u00e7\u00e3o Popular cujo tema \u00e9 Educa\u00e7\u00e3o Popular na Contemporaneidade: novos temas e novas abordagens,consiste em um espa\u00e7o de reflex\u00e3o e troca de experi\u00eancias entre educadores e educadoras populares que atuam em diferentes setores: escolas, Ong\u2019s, movimentos sociais, universidades e outros centros e grupos de estudos, pesquisas e viv\u00eancias voltados para [&hellip;]\" \/>\n<meta property=\"og:url\" content=\"https:\/\/blogs.multimeios.ufc.br\/educacaopopular\/\" \/>\n<meta property=\"og:site_name\" content=\"III Encontro Estadual de Educa\u00e7\u00e3o Popular\" \/>\n<meta property=\"article:modified_time\" content=\"2011-11-09T23:37:28+00:00\" \/>\n<meta property=\"og:image\" content=\"http:\/\/blogs.multimeios.ufc.br\/educacaopopular\/files\/2011\/09\/cartaz-escolhido1-212x300.jpg\" \/>\n<meta name=\"twitter:card\" content=\"summary_large_image\" \/>\n<meta name=\"twitter:label1\" content=\"Est. tempo de leitura\" \/>\n\t<meta name=\"twitter:data1\" content=\"1 minuto\" \/>\n<script type=\"application\/ld+json\" class=\"yoast-schema-graph\">{\"@context\":\"https:\\\/\\\/schema.org\",\"@graph\":[{\"@type\":\"WebPage\",\"@id\":\"https:\\\/\\\/blogs.multimeios.ufc.br\\\/educacaopopular\\\/\",\"url\":\"https:\\\/\\\/blogs.multimeios.ufc.br\\\/educacaopopular\\\/\",\"name\":\"In\u00edcio - III Encontro Estadual de Educa\u00e7\u00e3o Popular\",\"isPartOf\":{\"@id\":\"https:\\\/\\\/blogs.multimeios.ufc.br\\\/educacaopopular\\\/#website\"},\"primaryImageOfPage\":{\"@id\":\"https:\\\/\\\/blogs.multimeios.ufc.br\\\/educacaopopular\\\/#primaryimage\"},\"image\":{\"@id\":\"https:\\\/\\\/blogs.multimeios.ufc.br\\\/educacaopopular\\\/#primaryimage\"},\"thumbnailUrl\":\"http:\\\/\\\/blogs.multimeios.ufc.br\\\/educacaopopular\\\/files\\\/2011\\\/09\\\/cartaz-escolhido1-212x300.jpg\",\"datePublished\":\"2011-09-26T16:02:33+00:00\",\"dateModified\":\"2011-11-09T23:37:28+00:00\",\"breadcrumb\":{\"@id\":\"https:\\\/\\\/blogs.multimeios.ufc.br\\\/educacaopopular\\\/#breadcrumb\"},\"inLanguage\":\"pt-BR\",\"potentialAction\":[{\"@type\":\"ReadAction\",\"target\":[\"https:\\\/\\\/blogs.multimeios.ufc.br\\\/educacaopopular\\\/\"]}]},{\"@type\":\"ImageObject\",\"inLanguage\":\"pt-BR\",\"@id\":\"https:\\\/\\\/blogs.multimeios.ufc.br\\\/educacaopopular\\\/#primaryimage\",\"url\":\"https:\\\/\\\/blogs.multimeios.ufc.br\\\/educacaopopular\\\/files\\\/2011\\\/09\\\/cartaz-escolhido1.jpg\",\"contentUrl\":\"https:\\\/\\\/blogs.multimeios.ufc.br\\\/educacaopopular\\\/files\\\/2011\\\/09\\\/cartaz-escolhido1.jpg\",\"width\":\"842\",\"height\":\"1191\"},{\"@type\":\"BreadcrumbList\",\"@id\":\"https:\\\/\\\/blogs.multimeios.ufc.br\\\/educacaopopular\\\/#breadcrumb\",\"itemListElement\":[{\"@type\":\"ListItem\",\"position\":1,\"name\":\"In\u00edcio\",\"item\":\"https:\\\/\\\/blogs.multimeios.ufc.br\\\/educacaopopular\\\/\"},{\"@type\":\"ListItem\",\"position\":2,\"name\":\"In\u00edcio\"}]},{\"@type\":\"WebSite\",\"@id\":\"https:\\\/\\\/blogs.multimeios.ufc.br\\\/educacaopopular\\\/#website\",\"url\":\"https:\\\/\\\/blogs.multimeios.ufc.br\\\/educacaopopular\\\/\",\"name\":\"III Encontro Estadual de Educa\u00e7\u00e3o Popular\",\"description\":\"Educa\u00e7\u00e3o Popular na Contemporaneidade: novos temas e novas abordagens\",\"potentialAction\":[{\"@type\":\"SearchAction\",\"target\":{\"@type\":\"EntryPoint\",\"urlTemplate\":\"https:\\\/\\\/blogs.multimeios.ufc.br\\\/educacaopopular\\\/?s={search_term_string}\"},\"query-input\":{\"@type\":\"PropertyValueSpecification\",\"valueRequired\":true,\"valueName\":\"search_term_string\"}}],\"inLanguage\":\"pt-BR\"}]}<\/script>\n<!-- \/ Yoast SEO plugin. -->","yoast_head_json":{"title":"In\u00edcio - III Encontro Estadual de Educa\u00e7\u00e3o Popular","robots":{"index":"index","follow":"follow","max-snippet":"max-snippet:-1","max-image-preview":"max-image-preview:large","max-video-preview":"max-video-preview:-1"},"canonical":"https:\/\/blogs.multimeios.ufc.br\/educacaopopular\/","og_locale":"pt_BR","og_type":"article","og_title":"In\u00edcio - III Encontro Estadual de Educa\u00e7\u00e3o Popular","og_description":"O III Encontro Estadual de Educa\u00e7\u00e3o Popular cujo tema \u00e9 Educa\u00e7\u00e3o Popular na Contemporaneidade: novos temas e novas abordagens,consiste em um espa\u00e7o de reflex\u00e3o e troca de experi\u00eancias entre educadores e educadoras populares que atuam em diferentes setores: escolas, Ong\u2019s, movimentos sociais, universidades e outros centros e grupos de estudos, pesquisas e viv\u00eancias voltados para [&hellip;]","og_url":"https:\/\/blogs.multimeios.ufc.br\/educacaopopular\/","og_site_name":"III Encontro Estadual de Educa\u00e7\u00e3o Popular","article_modified_time":"2011-11-09T23:37:28+00:00","og_image":[{"url":"http:\/\/blogs.multimeios.ufc.br\/educacaopopular\/files\/2011\/09\/cartaz-escolhido1-212x300.jpg","type":"","width":"","height":""}],"twitter_card":"summary_large_image","twitter_misc":{"Est. tempo de leitura":"1 minuto"},"schema":{"@context":"https:\/\/schema.org","@graph":[{"@type":"WebPage","@id":"https:\/\/blogs.multimeios.ufc.br\/educacaopopular\/","url":"https:\/\/blogs.multimeios.ufc.br\/educacaopopular\/","name":"In\u00edcio - III Encontro Estadual de Educa\u00e7\u00e3o Popular","isPartOf":{"@id":"https:\/\/blogs.multimeios.ufc.br\/educacaopopular\/#website"},"primaryImageOfPage":{"@id":"https:\/\/blogs.multimeios.ufc.br\/educacaopopular\/#primaryimage"},"image":{"@id":"https:\/\/blogs.multimeios.ufc.br\/educacaopopular\/#primaryimage"},"thumbnailUrl":"http:\/\/blogs.multimeios.ufc.br\/educacaopopular\/files\/2011\/09\/cartaz-escolhido1-212x300.jpg","datePublished":"2011-09-26T16:02:33+00:00","dateModified":"2011-11-09T23:37:28+00:00","breadcrumb":{"@id":"https:\/\/blogs.multimeios.ufc.br\/educacaopopular\/#breadcrumb"},"inLanguage":"pt-BR","potentialAction":[{"@type":"ReadAction","target":["https:\/\/blogs.multimeios.ufc.br\/educacaopopular\/"]}]},{"@type":"ImageObject","inLanguage":"pt-BR","@id":"https:\/\/blogs.multimeios.ufc.br\/educacaopopular\/#primaryimage","url":"https:\/\/blogs.multimeios.ufc.br\/educacaopopular\/files\/2011\/09\/cartaz-escolhido1.jpg","contentUrl":"https:\/\/blogs.multimeios.ufc.br\/educacaopopular\/files\/2011\/09\/cartaz-escolhido1.jpg","width":"842","height":"1191"},{"@type":"BreadcrumbList","@id":"https:\/\/blogs.multimeios.ufc.br\/educacaopopular\/#breadcrumb","itemListElement":[{"@type":"ListItem","position":1,"name":"In\u00edcio","item":"https:\/\/blogs.multimeios.ufc.br\/educacaopopular\/"},{"@type":"ListItem","position":2,"name":"In\u00edcio"}]},{"@type":"WebSite","@id":"https:\/\/blogs.multimeios.ufc.br\/educacaopopular\/#website","url":"https:\/\/blogs.multimeios.ufc.br\/educacaopopular\/","name":"III Encontro Estadual de Educa\u00e7\u00e3o Popular","description":"Educa\u00e7\u00e3o Popular na Contemporaneidade: novos temas e novas abordagens","potentialAction":[{"@type":"SearchAction","target":{"@type":"EntryPoint","urlTemplate":"https:\/\/blogs.multimeios.ufc.br\/educacaopopular\/?s={search_term_string}"},"query-input":{"@type":"PropertyValueSpecification","valueRequired":true,"valueName":"search_term_string"}}],"inLanguage":"pt-BR"}]}},"_links":{"self":[{"href":"https:\/\/blogs.multimeios.ufc.br\/educacaopopular\/wp-json\/wp\/v2\/pages\/22","targetHints":{"allow":["GET"]}}],"collection":[{"href":"https:\/\/blogs.multimeios.ufc.br\/educacaopopular\/wp-json\/wp\/v2\/pages"}],"about":[{"href":"https:\/\/blogs.multimeios.ufc.br\/educacaopopular\/wp-json\/wp\/v2\/types\/page"}],"author":[{"embeddable":true,"href":"https:\/\/blogs.multimeios.ufc.br\/educacaopopular\/wp-json\/wp\/v2\/users\/3"}],"replies":[{"embeddable":true,"href":"https:\/\/blogs.multimeios.ufc.br\/educacaopopular\/wp-json\/wp\/v2\/comments?post=22"}],"version-history":[{"count":16,"href":"https:\/\/blogs.multimeios.ufc.br\/educacaopopular\/wp-json\/wp\/v2\/pages\/22\/revisions"}],"predecessor-version":[{"id":26,"href":"https:\/\/blogs.multimeios.ufc.br\/educacaopopular\/wp-json\/wp\/v2\/pages\/22\/revisions\/26"}],"wp:attachment":[{"href":"https:\/\/blogs.multimeios.ufc.br\/educacaopopular\/wp-json\/wp\/v2\/media?parent=22"}],"curies":[{"name":"wp","href":"https:\/\/api.w.org\/{rel}","templated":true}]}}