{"id":59,"date":"2011-09-26T16:49:07","date_gmt":"2011-09-26T16:49:07","guid":{"rendered":"http:\/\/blogs.multimeios.ufc.br\/educacaopopular\/?page_id=59"},"modified":"2011-10-24T17:11:50","modified_gmt":"2011-10-24T17:11:50","slug":"trabalhos","status":"publish","type":"page","link":"https:\/\/blogs.multimeios.ufc.br\/educacaopopular\/trabalhos\/","title":{"rendered":"Trabalhos"},"content":{"rendered":"<p align=\"JUSTIFY\"><strong><span style=\"color: #000000;\">NORMAS PARA AS COMUNICA\u00c7\u00d5ES<\/span><\/strong><\/p>\n<p align=\"JUSTIFY\"><span style=\"color: #000000;\">A Comiss\u00e3o Organizadora do III Encontro Estadual de Educa\u00e7\u00e3o Popular, torna p\u00fablico que est\u00e3o abertas de 03\/10\/11 a 03\/11\/11, as inscri\u00e7\u00f5es para apresenta\u00e7\u00e3o de pesquisas e relatos de experi\u00eancias na modalidade de Comunica\u00e7\u00e3o Oral com Resumo Simples ou Expandido. Para tanto, estes devem ser enviados EXCLUSIVAMENTE para dois e-mails:\u00a0<a href=\"mailto:seminarioeducacaopopular@gmail.com\" target=\"_blank\">seminarioeducacaopopular@<wbr>gmail.com<\/wbr><\/a>\u00a0e o e-mail do GT escolhido. Os e-mails dos GT\u00b4s s\u00e3o:<\/span><\/p>\n<p align=\"JUSTIFY\"><span style=\"color: #000000;\">sepgt1@gmail &#8211; E1\/Estudos Interculturais e Saberes Ind\u00edgenas<\/span><\/p>\n<p align=\"JUSTIFY\"><span style=\"color: #000000;\">sepgtdois@gmail &#8211; E2 \u2013 Pesquisas (Auto)Biogr\u00e1fica e Hist\u00f3ria da Educa\u00e7\u00e3o Popular<\/span><\/p>\n<p align=\"JUSTIFY\"><span style=\"color: #000000;\">sepgt3@gmail &#8211; E3 &#8211; Trabalho e\u00a0Educa\u00e7\u00e3o de jovens e adultos<\/span><\/p>\n<p align=\"JUSTIFY\"><span style=\"color: #000000;\">sepgt4@gmail &#8211; E4 \u2013 G\u00eanero e Juventudes<\/span><\/p>\n<p align=\"JUSTIFY\"><span style=\"color: #000000;\">sepgt5@gmail &#8211; E5 &#8211; Corporeidade e Ludicidade na Educa\u00e7\u00e3o Popular<\/span><\/p>\n<p align=\"JUSTIFY\"><span style=\"color: #000000;\">sepgt6@gmail &#8211; E6 \u2013 Sa\u00fade e Espiritualidade na Educa\u00e7\u00e3o Popular<\/span><\/p>\n<p align=\"JUSTIFY\"><span style=\"color: #000000;\">sepgt7@gmail &#8211; E7 &#8211; Educa\u00e7\u00e3o do Campo<\/span><\/p>\n<p align=\"JUSTIFY\"><span style=\"color: #000000;\">sepgt8@gmail &#8211; E8 &#8211; Educa\u00e7\u00e3o Ambiental<\/span><\/p>\n<p align=\"JUSTIFY\"><span style=\"color: #000000;\">sepgt9@gmail &#8211; E9 \u2013 Artes, Comunica\u00e7\u00e3o, Novas Tecnologias e Cultura Popular<\/span><\/p>\n<p align=\"JUSTIFY\"><span style=\"color: #000000;\">sepgt10@gmail &#8211; E10- Africanidades<\/span><\/p>\n<p align=\"JUSTIFY\"><span style=\"color: #000000;\">Cada participante somente poder\u00e1 submeter 01 (um) trabalho como autor e 02 (dois) como co-autor. Os resumos ser\u00e3o submetidos ao Comit\u00ea Cient\u00edfico do evento que, ap\u00f3s an\u00e1lise, publicar\u00e1 a rela\u00e7\u00e3o dos trabalhos aceitos no site oficial do evento e enviar\u00e3o as cartas de aceite a partir de 31\/10\/11.<\/span><\/p>\n<p align=\"JUSTIFY\"><span style=\"color: #000000;\">Somente ser\u00e3o aceitos para publica\u00e7\u00e3o os resumos decorrentes da comunica\u00e7\u00e3o oral, que dever\u00e3o seguir a padroniza\u00e7\u00e3o dos trabalhos t\u00e9cnicos cient\u00edficos em conformidade com as normas:<\/span><\/p>\n<p align=\"JUSTIFY\"><span style=\"color: #000000;\"><strong>RESUMO SIMPLES<\/strong><\/span><\/p>\n<p align=\"JUSTIFY\"><span style=\"color: #000000;\">T\u00edtulo em caixa alta; nome do(s) autor(es) justificado \u00e0 direita com nota de rodap\u00e9, trazendo dados sobre forma\u00e7\u00e3o e atua\u00e7\u00e3o profissional; 2000 a 3000 caracteres, contendo: objetivo do trabalho, metodologia, quest\u00f5es norteadoras, resultados; apresentar tr\u00eas palavras-chave; Times New Roman, fonte 12, espa\u00e7o simples; justificado. Seguir normas da ABNT. <\/span><\/p>\n<p align=\"JUSTIFY\"><span style=\"color: #000000;\"><strong>RESUMO EXPANDIDO<\/strong><\/span><\/p>\n<p align=\"JUSTIFY\"><span style=\"color: #000000;\">T\u00edtulo em caixa alta; nome do(s) autor(es) justificado \u00e0 direita com nota de rodap\u00e9, trazendo dados sobre forma\u00e7\u00e3o e atua\u00e7\u00e3o profissional; m\u00ednimo de 5 laudas e m\u00e1ximo de 7 laudas, contendo: objetivo do trabalho, metodologia, quest\u00f5es norteadoras, resultados; apresentar tr\u00eas palavras-chave; Times New Roman, fonte 12, espa\u00e7o simples; justificado. Seguir normas da ABNT.<\/span><\/p>\n<p>&nbsp;<\/p>\n","protected":false},"excerpt":{"rendered":"<p>NORMAS PARA AS COMUNICA\u00c7\u00d5ES A Comiss\u00e3o Organizadora do III Encontro Estadual de Educa\u00e7\u00e3o Popular, torna p\u00fablico que est\u00e3o abertas de 03\/10\/11 a 03\/11\/11, as inscri\u00e7\u00f5es para apresenta\u00e7\u00e3o de pesquisas e relatos de experi\u00eancias na modalidade de Comunica\u00e7\u00e3o Oral com Resumo Simples ou Expandido. Para tanto, estes devem ser enviados EXCLUSIVAMENTE para dois e-mails:\u00a0seminarioeducacaopopular@gmail.com\u00a0e o e-mail [&hellip;]<\/p>\n","protected":false},"author":3,"featured_media":0,"parent":0,"menu_order":0,"comment_status":"open","ping_status":"open","template":"","meta":{"footnotes":""},"class_list":["post-59","page","type-page","status-publish","hentry"],"yoast_head":"<!-- This site is optimized with the Yoast SEO plugin v27.4 - https:\/\/yoast.com\/product\/yoast-seo-wordpress\/ -->\n<title>Trabalhos - III Encontro Estadual de Educa\u00e7\u00e3o Popular<\/title>\n<meta name=\"robots\" content=\"index, follow, max-snippet:-1, max-image-preview:large, max-video-preview:-1\" \/>\n<link rel=\"canonical\" href=\"https:\/\/blogs.multimeios.ufc.br\/educacaopopular\/trabalhos\/\" \/>\n<meta property=\"og:locale\" content=\"pt_BR\" \/>\n<meta property=\"og:type\" content=\"article\" \/>\n<meta property=\"og:title\" content=\"Trabalhos - III Encontro Estadual de Educa\u00e7\u00e3o Popular\" \/>\n<meta property=\"og:description\" content=\"NORMAS PARA AS COMUNICA\u00c7\u00d5ES A Comiss\u00e3o Organizadora do III Encontro Estadual de Educa\u00e7\u00e3o Popular, torna p\u00fablico que est\u00e3o abertas de 03\/10\/11 a 03\/11\/11, as inscri\u00e7\u00f5es para apresenta\u00e7\u00e3o de pesquisas e relatos de experi\u00eancias na modalidade de Comunica\u00e7\u00e3o Oral com Resumo Simples ou Expandido. Para tanto, estes devem ser enviados EXCLUSIVAMENTE para dois e-mails:\u00a0seminarioeducacaopopular@gmail.com\u00a0e o e-mail [&hellip;]\" \/>\n<meta property=\"og:url\" content=\"https:\/\/blogs.multimeios.ufc.br\/educacaopopular\/trabalhos\/\" \/>\n<meta property=\"og:site_name\" content=\"III Encontro Estadual de Educa\u00e7\u00e3o Popular\" \/>\n<meta property=\"article:modified_time\" content=\"2011-10-24T17:11:50+00:00\" \/>\n<meta name=\"twitter:card\" content=\"summary_large_image\" \/>\n<meta name=\"twitter:label1\" content=\"Est. tempo de leitura\" \/>\n\t<meta name=\"twitter:data1\" content=\"2 minutos\" \/>\n<script type=\"application\/ld+json\" class=\"yoast-schema-graph\">{\"@context\":\"https:\\\/\\\/schema.org\",\"@graph\":[{\"@type\":\"WebPage\",\"@id\":\"https:\\\/\\\/blogs.multimeios.ufc.br\\\/educacaopopular\\\/trabalhos\\\/\",\"url\":\"https:\\\/\\\/blogs.multimeios.ufc.br\\\/educacaopopular\\\/trabalhos\\\/\",\"name\":\"Trabalhos - III Encontro Estadual de Educa\u00e7\u00e3o Popular\",\"isPartOf\":{\"@id\":\"https:\\\/\\\/blogs.multimeios.ufc.br\\\/educacaopopular\\\/#website\"},\"datePublished\":\"2011-09-26T16:49:07+00:00\",\"dateModified\":\"2011-10-24T17:11:50+00:00\",\"breadcrumb\":{\"@id\":\"https:\\\/\\\/blogs.multimeios.ufc.br\\\/educacaopopular\\\/trabalhos\\\/#breadcrumb\"},\"inLanguage\":\"pt-BR\",\"potentialAction\":[{\"@type\":\"ReadAction\",\"target\":[\"https:\\\/\\\/blogs.multimeios.ufc.br\\\/educacaopopular\\\/trabalhos\\\/\"]}]},{\"@type\":\"BreadcrumbList\",\"@id\":\"https:\\\/\\\/blogs.multimeios.ufc.br\\\/educacaopopular\\\/trabalhos\\\/#breadcrumb\",\"itemListElement\":[{\"@type\":\"ListItem\",\"position\":1,\"name\":\"In\u00edcio\",\"item\":\"https:\\\/\\\/blogs.multimeios.ufc.br\\\/educacaopopular\\\/\"},{\"@type\":\"ListItem\",\"position\":2,\"name\":\"Trabalhos\"}]},{\"@type\":\"WebSite\",\"@id\":\"https:\\\/\\\/blogs.multimeios.ufc.br\\\/educacaopopular\\\/#website\",\"url\":\"https:\\\/\\\/blogs.multimeios.ufc.br\\\/educacaopopular\\\/\",\"name\":\"III Encontro Estadual de Educa\u00e7\u00e3o Popular\",\"description\":\"Educa\u00e7\u00e3o Popular na Contemporaneidade: novos temas e novas abordagens\",\"potentialAction\":[{\"@type\":\"SearchAction\",\"target\":{\"@type\":\"EntryPoint\",\"urlTemplate\":\"https:\\\/\\\/blogs.multimeios.ufc.br\\\/educacaopopular\\\/?s={search_term_string}\"},\"query-input\":{\"@type\":\"PropertyValueSpecification\",\"valueRequired\":true,\"valueName\":\"search_term_string\"}}],\"inLanguage\":\"pt-BR\"}]}<\/script>\n<!-- \/ Yoast SEO plugin. -->","yoast_head_json":{"title":"Trabalhos - III Encontro Estadual de Educa\u00e7\u00e3o Popular","robots":{"index":"index","follow":"follow","max-snippet":"max-snippet:-1","max-image-preview":"max-image-preview:large","max-video-preview":"max-video-preview:-1"},"canonical":"https:\/\/blogs.multimeios.ufc.br\/educacaopopular\/trabalhos\/","og_locale":"pt_BR","og_type":"article","og_title":"Trabalhos - III Encontro Estadual de Educa\u00e7\u00e3o Popular","og_description":"NORMAS PARA AS COMUNICA\u00c7\u00d5ES A Comiss\u00e3o Organizadora do III Encontro Estadual de Educa\u00e7\u00e3o Popular, torna p\u00fablico que est\u00e3o abertas de 03\/10\/11 a 03\/11\/11, as inscri\u00e7\u00f5es para apresenta\u00e7\u00e3o de pesquisas e relatos de experi\u00eancias na modalidade de Comunica\u00e7\u00e3o Oral com Resumo Simples ou Expandido. Para tanto, estes devem ser enviados EXCLUSIVAMENTE para dois e-mails:\u00a0seminarioeducacaopopular@gmail.com\u00a0e o e-mail [&hellip;]","og_url":"https:\/\/blogs.multimeios.ufc.br\/educacaopopular\/trabalhos\/","og_site_name":"III Encontro Estadual de Educa\u00e7\u00e3o Popular","article_modified_time":"2011-10-24T17:11:50+00:00","twitter_card":"summary_large_image","twitter_misc":{"Est. tempo de leitura":"2 minutos"},"schema":{"@context":"https:\/\/schema.org","@graph":[{"@type":"WebPage","@id":"https:\/\/blogs.multimeios.ufc.br\/educacaopopular\/trabalhos\/","url":"https:\/\/blogs.multimeios.ufc.br\/educacaopopular\/trabalhos\/","name":"Trabalhos - III Encontro Estadual de Educa\u00e7\u00e3o Popular","isPartOf":{"@id":"https:\/\/blogs.multimeios.ufc.br\/educacaopopular\/#website"},"datePublished":"2011-09-26T16:49:07+00:00","dateModified":"2011-10-24T17:11:50+00:00","breadcrumb":{"@id":"https:\/\/blogs.multimeios.ufc.br\/educacaopopular\/trabalhos\/#breadcrumb"},"inLanguage":"pt-BR","potentialAction":[{"@type":"ReadAction","target":["https:\/\/blogs.multimeios.ufc.br\/educacaopopular\/trabalhos\/"]}]},{"@type":"BreadcrumbList","@id":"https:\/\/blogs.multimeios.ufc.br\/educacaopopular\/trabalhos\/#breadcrumb","itemListElement":[{"@type":"ListItem","position":1,"name":"In\u00edcio","item":"https:\/\/blogs.multimeios.ufc.br\/educacaopopular\/"},{"@type":"ListItem","position":2,"name":"Trabalhos"}]},{"@type":"WebSite","@id":"https:\/\/blogs.multimeios.ufc.br\/educacaopopular\/#website","url":"https:\/\/blogs.multimeios.ufc.br\/educacaopopular\/","name":"III Encontro Estadual de Educa\u00e7\u00e3o Popular","description":"Educa\u00e7\u00e3o Popular na Contemporaneidade: novos temas e novas abordagens","potentialAction":[{"@type":"SearchAction","target":{"@type":"EntryPoint","urlTemplate":"https:\/\/blogs.multimeios.ufc.br\/educacaopopular\/?s={search_term_string}"},"query-input":{"@type":"PropertyValueSpecification","valueRequired":true,"valueName":"search_term_string"}}],"inLanguage":"pt-BR"}]}},"_links":{"self":[{"href":"https:\/\/blogs.multimeios.ufc.br\/educacaopopular\/wp-json\/wp\/v2\/pages\/59","targetHints":{"allow":["GET"]}}],"collection":[{"href":"https:\/\/blogs.multimeios.ufc.br\/educacaopopular\/wp-json\/wp\/v2\/pages"}],"about":[{"href":"https:\/\/blogs.multimeios.ufc.br\/educacaopopular\/wp-json\/wp\/v2\/types\/page"}],"author":[{"embeddable":true,"href":"https:\/\/blogs.multimeios.ufc.br\/educacaopopular\/wp-json\/wp\/v2\/users\/3"}],"replies":[{"embeddable":true,"href":"https:\/\/blogs.multimeios.ufc.br\/educacaopopular\/wp-json\/wp\/v2\/comments?post=59"}],"version-history":[{"count":13,"href":"https:\/\/blogs.multimeios.ufc.br\/educacaopopular\/wp-json\/wp\/v2\/pages\/59\/revisions"}],"predecessor-version":[{"id":63,"href":"https:\/\/blogs.multimeios.ufc.br\/educacaopopular\/wp-json\/wp\/v2\/pages\/59\/revisions\/63"}],"wp:attachment":[{"href":"https:\/\/blogs.multimeios.ufc.br\/educacaopopular\/wp-json\/wp\/v2\/media?parent=59"}],"curies":[{"name":"wp","href":"https:\/\/api.w.org\/{rel}","templated":true}]}}