{"id":75,"date":"2011-09-26T17:00:39","date_gmt":"2011-09-26T17:00:39","guid":{"rendered":"http:\/\/blogs.multimeios.ufc.br\/educacaopopular\/?page_id=75"},"modified":"2011-09-26T17:01:06","modified_gmt":"2011-09-26T17:01:06","slug":"contatos","status":"publish","type":"page","link":"https:\/\/blogs.multimeios.ufc.br\/educacaopopular\/contatos\/","title":{"rendered":"Contatos"},"content":{"rendered":"<p style=\"text-align: justify;\" align=\"JUSTIFY\"><span style=\"color: #000000;\">E-mail geral: seminarioeducacaopopular@gmail.com<\/span><\/p>\n","protected":false},"excerpt":{"rendered":"<p>E-mail geral: seminarioeducacaopopular@gmail.com<\/p>\n","protected":false},"author":3,"featured_media":0,"parent":0,"menu_order":0,"comment_status":"open","ping_status":"open","template":"","meta":{"footnotes":""},"class_list":["post-75","page","type-page","status-publish","hentry"],"yoast_head":"<!-- This site is optimized with the Yoast SEO plugin v27.4 - https:\/\/yoast.com\/product\/yoast-seo-wordpress\/ -->\n<title>Contatos - III Encontro Estadual de Educa\u00e7\u00e3o Popular<\/title>\n<meta name=\"robots\" content=\"index, follow, max-snippet:-1, max-image-preview:large, max-video-preview:-1\" \/>\n<link rel=\"canonical\" href=\"https:\/\/blogs.multimeios.ufc.br\/educacaopopular\/contatos\/\" \/>\n<meta property=\"og:locale\" content=\"pt_BR\" \/>\n<meta property=\"og:type\" content=\"article\" \/>\n<meta property=\"og:title\" content=\"Contatos - III Encontro Estadual de Educa\u00e7\u00e3o Popular\" \/>\n<meta property=\"og:description\" content=\"E-mail geral: seminarioeducacaopopular@gmail.com\" \/>\n<meta property=\"og:url\" content=\"https:\/\/blogs.multimeios.ufc.br\/educacaopopular\/contatos\/\" \/>\n<meta property=\"og:site_name\" content=\"III Encontro Estadual de Educa\u00e7\u00e3o Popular\" \/>\n<meta property=\"article:modified_time\" content=\"2011-09-26T17:01:06+00:00\" \/>\n<meta name=\"twitter:card\" content=\"summary_large_image\" \/>\n<script type=\"application\/ld+json\" class=\"yoast-schema-graph\">{\"@context\":\"https:\\\/\\\/schema.org\",\"@graph\":[{\"@type\":\"WebPage\",\"@id\":\"https:\\\/\\\/blogs.multimeios.ufc.br\\\/educacaopopular\\\/contatos\\\/\",\"url\":\"https:\\\/\\\/blogs.multimeios.ufc.br\\\/educacaopopular\\\/contatos\\\/\",\"name\":\"Contatos - III Encontro Estadual de Educa\u00e7\u00e3o Popular\",\"isPartOf\":{\"@id\":\"https:\\\/\\\/blogs.multimeios.ufc.br\\\/educacaopopular\\\/#website\"},\"datePublished\":\"2011-09-26T17:00:39+00:00\",\"dateModified\":\"2011-09-26T17:01:06+00:00\",\"breadcrumb\":{\"@id\":\"https:\\\/\\\/blogs.multimeios.ufc.br\\\/educacaopopular\\\/contatos\\\/#breadcrumb\"},\"inLanguage\":\"pt-BR\",\"potentialAction\":[{\"@type\":\"ReadAction\",\"target\":[\"https:\\\/\\\/blogs.multimeios.ufc.br\\\/educacaopopular\\\/contatos\\\/\"]}]},{\"@type\":\"BreadcrumbList\",\"@id\":\"https:\\\/\\\/blogs.multimeios.ufc.br\\\/educacaopopular\\\/contatos\\\/#breadcrumb\",\"itemListElement\":[{\"@type\":\"ListItem\",\"position\":1,\"name\":\"In\u00edcio\",\"item\":\"https:\\\/\\\/blogs.multimeios.ufc.br\\\/educacaopopular\\\/\"},{\"@type\":\"ListItem\",\"position\":2,\"name\":\"Contatos\"}]},{\"@type\":\"WebSite\",\"@id\":\"https:\\\/\\\/blogs.multimeios.ufc.br\\\/educacaopopular\\\/#website\",\"url\":\"https:\\\/\\\/blogs.multimeios.ufc.br\\\/educacaopopular\\\/\",\"name\":\"III Encontro Estadual de Educa\u00e7\u00e3o Popular\",\"description\":\"Educa\u00e7\u00e3o Popular na Contemporaneidade: novos temas e novas abordagens\",\"potentialAction\":[{\"@type\":\"SearchAction\",\"target\":{\"@type\":\"EntryPoint\",\"urlTemplate\":\"https:\\\/\\\/blogs.multimeios.ufc.br\\\/educacaopopular\\\/?s={search_term_string}\"},\"query-input\":{\"@type\":\"PropertyValueSpecification\",\"valueRequired\":true,\"valueName\":\"search_term_string\"}}],\"inLanguage\":\"pt-BR\"}]}<\/script>\n<!-- \/ Yoast SEO plugin. -->","yoast_head_json":{"title":"Contatos - III Encontro Estadual de Educa\u00e7\u00e3o Popular","robots":{"index":"index","follow":"follow","max-snippet":"max-snippet:-1","max-image-preview":"max-image-preview:large","max-video-preview":"max-video-preview:-1"},"canonical":"https:\/\/blogs.multimeios.ufc.br\/educacaopopular\/contatos\/","og_locale":"pt_BR","og_type":"article","og_title":"Contatos - III Encontro Estadual de Educa\u00e7\u00e3o Popular","og_description":"E-mail geral: seminarioeducacaopopular@gmail.com","og_url":"https:\/\/blogs.multimeios.ufc.br\/educacaopopular\/contatos\/","og_site_name":"III Encontro Estadual de Educa\u00e7\u00e3o Popular","article_modified_time":"2011-09-26T17:01:06+00:00","twitter_card":"summary_large_image","schema":{"@context":"https:\/\/schema.org","@graph":[{"@type":"WebPage","@id":"https:\/\/blogs.multimeios.ufc.br\/educacaopopular\/contatos\/","url":"https:\/\/blogs.multimeios.ufc.br\/educacaopopular\/contatos\/","name":"Contatos - III Encontro Estadual de Educa\u00e7\u00e3o Popular","isPartOf":{"@id":"https:\/\/blogs.multimeios.ufc.br\/educacaopopular\/#website"},"datePublished":"2011-09-26T17:00:39+00:00","dateModified":"2011-09-26T17:01:06+00:00","breadcrumb":{"@id":"https:\/\/blogs.multimeios.ufc.br\/educacaopopular\/contatos\/#breadcrumb"},"inLanguage":"pt-BR","potentialAction":[{"@type":"ReadAction","target":["https:\/\/blogs.multimeios.ufc.br\/educacaopopular\/contatos\/"]}]},{"@type":"BreadcrumbList","@id":"https:\/\/blogs.multimeios.ufc.br\/educacaopopular\/contatos\/#breadcrumb","itemListElement":[{"@type":"ListItem","position":1,"name":"In\u00edcio","item":"https:\/\/blogs.multimeios.ufc.br\/educacaopopular\/"},{"@type":"ListItem","position":2,"name":"Contatos"}]},{"@type":"WebSite","@id":"https:\/\/blogs.multimeios.ufc.br\/educacaopopular\/#website","url":"https:\/\/blogs.multimeios.ufc.br\/educacaopopular\/","name":"III Encontro Estadual de Educa\u00e7\u00e3o Popular","description":"Educa\u00e7\u00e3o Popular na Contemporaneidade: novos temas e novas abordagens","potentialAction":[{"@type":"SearchAction","target":{"@type":"EntryPoint","urlTemplate":"https:\/\/blogs.multimeios.ufc.br\/educacaopopular\/?s={search_term_string}"},"query-input":{"@type":"PropertyValueSpecification","valueRequired":true,"valueName":"search_term_string"}}],"inLanguage":"pt-BR"}]}},"_links":{"self":[{"href":"https:\/\/blogs.multimeios.ufc.br\/educacaopopular\/wp-json\/wp\/v2\/pages\/75","targetHints":{"allow":["GET"]}}],"collection":[{"href":"https:\/\/blogs.multimeios.ufc.br\/educacaopopular\/wp-json\/wp\/v2\/pages"}],"about":[{"href":"https:\/\/blogs.multimeios.ufc.br\/educacaopopular\/wp-json\/wp\/v2\/types\/page"}],"author":[{"embeddable":true,"href":"https:\/\/blogs.multimeios.ufc.br\/educacaopopular\/wp-json\/wp\/v2\/users\/3"}],"replies":[{"embeddable":true,"href":"https:\/\/blogs.multimeios.ufc.br\/educacaopopular\/wp-json\/wp\/v2\/comments?post=75"}],"version-history":[{"count":2,"href":"https:\/\/blogs.multimeios.ufc.br\/educacaopopular\/wp-json\/wp\/v2\/pages\/75\/revisions"}],"predecessor-version":[{"id":77,"href":"https:\/\/blogs.multimeios.ufc.br\/educacaopopular\/wp-json\/wp\/v2\/pages\/75\/revisions\/77"}],"wp:attachment":[{"href":"https:\/\/blogs.multimeios.ufc.br\/educacaopopular\/wp-json\/wp\/v2\/media?parent=75"}],"curies":[{"name":"wp","href":"https:\/\/api.w.org\/{rel}","templated":true}]}}