{"id":11,"date":"2024-02-16T21:20:09","date_gmt":"2024-02-17T00:20:09","guid":{"rendered":"https:\/\/blogs.multimeios.ufc.br\/ensf\/?page_id=11"},"modified":"2024-02-19T19:20:39","modified_gmt":"2024-02-19T22:20:39","slug":"ensf","status":"publish","type":"page","link":"https:\/\/blogs.multimeios.ufc.br\/ensf\/","title":{"rendered":"ENSF"},"content":{"rendered":"\n<p style=\"text-align: justify;\">O Encontro Nacional da Sequ\u00eancia Fedathi (ENSF) \u00e9 um evento idealizado pelo Laborat\u00f3rio de Pesquisa MultiMeios, da Universidade Federal do Cear\u00e1 (UFC). Ele discute as origens, as viv\u00eancias e a amplia\u00e7\u00e3o da Sequ\u00eancia Fedathi. Al\u00e9m disso, busca agregar diferentes grupos de pesquisa, pesquisadores, professores e colaboradores que utilizam a Sequ\u00eancia Fedathi em suas pr\u00e1ticas docente e em suas pesquisas.<\/p>\n<p style=\"text-align: justify;\">Assim, o ENSF \u00e9 um espa\u00e7o idealizado e constitu\u00eddo em mesas redondas, palestras e apresenta\u00e7\u00e3o de trabalhos para divulgar, socializar e apresentar reflex\u00f5es te\u00f3ricas da Sequ\u00eancia Fedathi. Nosso p\u00fablico-alvo \u00e9 amplo, sendo voltado para alunos de gradua\u00e7\u00e3o, p\u00f3s-gradua\u00e7\u00e3o, professores da Educa\u00e7\u00e3o B\u00e1sica, professores do Ensino Superior e colaboradores em todos os n\u00edveis de ensino e pesquisa.<\/p>\n<p style=\"text-align: justify;\">A Sequ\u00eancia Fedathi se baseia no m\u00e9todo cient\u00edfico, transposto a um ambiente de ensino (BORGES NETO, 2020).<\/p>\n<blockquote>\n<p style=\"text-align: justify;\">\u00c9 caracterizada, principalmente, por ter um olhar mais atento para as a\u00e7\u00f5es do professor dentro e fora da sala de aula, favorecendo a autonomia do aluno, que \u00e9 estimulado ativamente durante este processo de ensino. Lembramos que a Sequ\u00eancia Fedathi tem como foco principal o professor, sua intencionalidade, seu comportamento, participa\u00e7\u00e3o e intera\u00e7\u00e3o com os alunos em sala de aula (BORGES NETO, 2017, p. 5).<\/p>\n<\/blockquote>\n<p style=\"text-align: justify;\">Quer saber mais? Visite nosso site: <a href=\"http:\/\/www.multimeios.ufc.br\" target=\"_blank\" rel=\"noopener\">www.multimeios.ufc.br<\/a>. L\u00e1 voc\u00ea encontra toda a produ\u00e7\u00e3o cient\u00edfica, integrantes, grupos de estudo e pesquisa, ambientes virtuais e muito mais.<\/p>\n<p style=\"text-align: justify;\">Conhe\u00e7a as edi\u00e7\u00f5es do evento na aba &#8220;Edi\u00e7\u00f5es&#8221; no menu superior.<\/p>\n<p style=\"text-align: justify;\">Visite, tamb\u00e9m, nossos canais do <a href=\"https:\/\/www.youtube.com\/@multimeiosufc\" target=\"_blank\" rel=\"noopener\">YouTube<\/a> e <a href=\"https:\/\/www.instagram.com\/laboratorio_mm?igsh=MTgydTg2aGw3YmVlZA==\" target=\"_blank\" rel=\"noopener\">Instagram<\/a>.<\/p>\n<p>______________________________________________________________<\/p>\n<p style=\"text-align: justify;\">Confira no v\u00eddeo a seguir a hist\u00f3ria do Grupo Fedathi e um pouco da trajet\u00f3ria acad\u00eamica do Prof. Dr. Herm\u00ednio, com mais detalhes, bem como as influ\u00eancias que deram origem a Sequ\u00eancia Fedathi.<\/p>\n<p style=\"text-align: justify;\"><iframe title=\"Segunda Multimeios 2021.1 - As origens do grupo Fedathi Prof. Herminio Borges Neto - 24\/05\/2021\" src=\"\/\/www.youtube.com\/embed\/9WEGkv-2rAA\" width=\"640\" height=\"360\" frameborder=\"0\" allowfullscreen=\"allowfullscreen\"><\/iframe><br \/>Palestra intitulada \u201cAs origens do Grupo Fedathi&#8221;, ministrada pelo Prof. Dr. Herm\u00ednio Borges Neto durante a &#8220;Segunda MultiMeios&#8221; em 24 de maio de 2021.<\/p>\n","protected":false},"excerpt":{"rendered":"<p>O Encontro Nacional da Sequ\u00eancia Fedathi (ENSF) \u00e9 um evento idealizado pelo Laborat\u00f3rio de Pesquisa MultiMeios, da Universidade Federal do Cear\u00e1 (UFC). Ele discute as origens, as viv\u00eancias e a amplia\u00e7\u00e3o da Sequ\u00eancia Fedathi. Al\u00e9m disso, busca agregar diferentes grupos &hellip; <a href=\"https:\/\/blogs.multimeios.ufc.br\/ensf\/\">Continue lendo <span class=\"meta-nav\">&rarr;<\/span><\/a><\/p>\n","protected":false},"author":22,"featured_media":0,"parent":0,"menu_order":0,"comment_status":"closed","ping_status":"closed","template":"onecolumn-page.php","meta":{"footnotes":""},"class_list":["post-11","page","type-page","status-publish","hentry"],"yoast_head":"<!-- This site is optimized with the Yoast SEO plugin v27.3 - https:\/\/yoast.com\/product\/yoast-seo-wordpress\/ -->\n<title>Encontro Nacional da Sequ\u00eancia Fedathi - ENSF<\/title>\n<meta name=\"description\" content=\"Encontro Nacional da Sequ\u00eancia Fedathi - ENSF\" \/>\n<meta name=\"robots\" content=\"index, follow, max-snippet:-1, max-image-preview:large, max-video-preview:-1\" \/>\n<link rel=\"canonical\" href=\"https:\/\/blogs.multimeios.ufc.br\/ensf\/\" \/>\n<meta property=\"og:locale\" content=\"pt_BR\" \/>\n<meta property=\"og:type\" content=\"article\" \/>\n<meta property=\"og:title\" content=\"Encontro Nacional da Sequ\u00eancia Fedathi - ENSF\" \/>\n<meta property=\"og:description\" content=\"Encontro Nacional da Sequ\u00eancia Fedathi - ENSF\" \/>\n<meta property=\"og:url\" content=\"https:\/\/blogs.multimeios.ufc.br\/ensf\/\" \/>\n<meta property=\"og:site_name\" content=\"Encontro Nacional da Sequ\u00eancia Fedathi\" \/>\n<meta property=\"article:modified_time\" content=\"2024-02-19T22:20:39+00:00\" \/>\n<meta name=\"twitter:card\" content=\"summary_large_image\" \/>\n<meta name=\"twitter:label1\" content=\"Est. tempo de leitura\" \/>\n\t<meta name=\"twitter:data1\" content=\"2 minutos\" \/>\n<script type=\"application\/ld+json\" class=\"yoast-schema-graph\">{\"@context\":\"https:\\\/\\\/schema.org\",\"@graph\":[{\"@type\":\"WebPage\",\"@id\":\"https:\\\/\\\/blogs.multimeios.ufc.br\\\/ensf\\\/\",\"url\":\"https:\\\/\\\/blogs.multimeios.ufc.br\\\/ensf\\\/\",\"name\":\"Encontro Nacional da Sequ\u00eancia Fedathi - ENSF\",\"isPartOf\":{\"@id\":\"https:\\\/\\\/blogs.multimeios.ufc.br\\\/ensf\\\/#website\"},\"datePublished\":\"2024-02-17T00:20:09+00:00\",\"dateModified\":\"2024-02-19T22:20:39+00:00\",\"description\":\"Encontro Nacional da Sequ\u00eancia Fedathi - ENSF\",\"breadcrumb\":{\"@id\":\"https:\\\/\\\/blogs.multimeios.ufc.br\\\/ensf\\\/#breadcrumb\"},\"inLanguage\":\"pt-BR\",\"potentialAction\":[{\"@type\":\"ReadAction\",\"target\":[\"https:\\\/\\\/blogs.multimeios.ufc.br\\\/ensf\\\/\"]}]},{\"@type\":\"BreadcrumbList\",\"@id\":\"https:\\\/\\\/blogs.multimeios.ufc.br\\\/ensf\\\/#breadcrumb\",\"itemListElement\":[{\"@type\":\"ListItem\",\"position\":1,\"name\":\"In\u00edcio\",\"item\":\"https:\\\/\\\/blogs.multimeios.ufc.br\\\/ensf\\\/\"},{\"@type\":\"ListItem\",\"position\":2,\"name\":\"ENSF\"}]},{\"@type\":\"WebSite\",\"@id\":\"https:\\\/\\\/blogs.multimeios.ufc.br\\\/ensf\\\/#website\",\"url\":\"https:\\\/\\\/blogs.multimeios.ufc.br\\\/ensf\\\/\",\"name\":\"Encontro Nacional da Sequ\u00eancia Fedathi\",\"description\":\"\",\"potentialAction\":[{\"@type\":\"SearchAction\",\"target\":{\"@type\":\"EntryPoint\",\"urlTemplate\":\"https:\\\/\\\/blogs.multimeios.ufc.br\\\/ensf\\\/?s={search_term_string}\"},\"query-input\":{\"@type\":\"PropertyValueSpecification\",\"valueRequired\":true,\"valueName\":\"search_term_string\"}}],\"inLanguage\":\"pt-BR\"}]}<\/script>\n<!-- \/ Yoast SEO plugin. -->","yoast_head_json":{"title":"Encontro Nacional da Sequ\u00eancia Fedathi - ENSF","description":"Encontro Nacional da Sequ\u00eancia Fedathi - ENSF","robots":{"index":"index","follow":"follow","max-snippet":"max-snippet:-1","max-image-preview":"max-image-preview:large","max-video-preview":"max-video-preview:-1"},"canonical":"https:\/\/blogs.multimeios.ufc.br\/ensf\/","og_locale":"pt_BR","og_type":"article","og_title":"Encontro Nacional da Sequ\u00eancia Fedathi - ENSF","og_description":"Encontro Nacional da Sequ\u00eancia Fedathi - ENSF","og_url":"https:\/\/blogs.multimeios.ufc.br\/ensf\/","og_site_name":"Encontro Nacional da Sequ\u00eancia Fedathi","article_modified_time":"2024-02-19T22:20:39+00:00","twitter_card":"summary_large_image","twitter_misc":{"Est. tempo de leitura":"2 minutos"},"schema":{"@context":"https:\/\/schema.org","@graph":[{"@type":"WebPage","@id":"https:\/\/blogs.multimeios.ufc.br\/ensf\/","url":"https:\/\/blogs.multimeios.ufc.br\/ensf\/","name":"Encontro Nacional da Sequ\u00eancia Fedathi - ENSF","isPartOf":{"@id":"https:\/\/blogs.multimeios.ufc.br\/ensf\/#website"},"datePublished":"2024-02-17T00:20:09+00:00","dateModified":"2024-02-19T22:20:39+00:00","description":"Encontro Nacional da Sequ\u00eancia Fedathi - ENSF","breadcrumb":{"@id":"https:\/\/blogs.multimeios.ufc.br\/ensf\/#breadcrumb"},"inLanguage":"pt-BR","potentialAction":[{"@type":"ReadAction","target":["https:\/\/blogs.multimeios.ufc.br\/ensf\/"]}]},{"@type":"BreadcrumbList","@id":"https:\/\/blogs.multimeios.ufc.br\/ensf\/#breadcrumb","itemListElement":[{"@type":"ListItem","position":1,"name":"In\u00edcio","item":"https:\/\/blogs.multimeios.ufc.br\/ensf\/"},{"@type":"ListItem","position":2,"name":"ENSF"}]},{"@type":"WebSite","@id":"https:\/\/blogs.multimeios.ufc.br\/ensf\/#website","url":"https:\/\/blogs.multimeios.ufc.br\/ensf\/","name":"Encontro Nacional da Sequ\u00eancia Fedathi","description":"","potentialAction":[{"@type":"SearchAction","target":{"@type":"EntryPoint","urlTemplate":"https:\/\/blogs.multimeios.ufc.br\/ensf\/?s={search_term_string}"},"query-input":{"@type":"PropertyValueSpecification","valueRequired":true,"valueName":"search_term_string"}}],"inLanguage":"pt-BR"}]}},"_links":{"self":[{"href":"https:\/\/blogs.multimeios.ufc.br\/ensf\/wp-json\/wp\/v2\/pages\/11","targetHints":{"allow":["GET"]}}],"collection":[{"href":"https:\/\/blogs.multimeios.ufc.br\/ensf\/wp-json\/wp\/v2\/pages"}],"about":[{"href":"https:\/\/blogs.multimeios.ufc.br\/ensf\/wp-json\/wp\/v2\/types\/page"}],"author":[{"embeddable":true,"href":"https:\/\/blogs.multimeios.ufc.br\/ensf\/wp-json\/wp\/v2\/users\/22"}],"replies":[{"embeddable":true,"href":"https:\/\/blogs.multimeios.ufc.br\/ensf\/wp-json\/wp\/v2\/comments?post=11"}],"version-history":[{"count":19,"href":"https:\/\/blogs.multimeios.ufc.br\/ensf\/wp-json\/wp\/v2\/pages\/11\/revisions"}],"predecessor-version":[{"id":87,"href":"https:\/\/blogs.multimeios.ufc.br\/ensf\/wp-json\/wp\/v2\/pages\/11\/revisions\/87"}],"wp:attachment":[{"href":"https:\/\/blogs.multimeios.ufc.br\/ensf\/wp-json\/wp\/v2\/media?parent=11"}],"curies":[{"name":"wp","href":"https:\/\/api.w.org\/{rel}","templated":true}]}}