{"id":17,"date":"2024-02-16T21:27:17","date_gmt":"2024-02-17T00:27:17","guid":{"rendered":"https:\/\/blogs.multimeios.ufc.br\/ensf\/?page_id=17"},"modified":"2024-02-19T19:18:07","modified_gmt":"2024-02-19T22:18:07","slug":"o-que-e-fedathi","status":"publish","type":"page","link":"https:\/\/blogs.multimeios.ufc.br\/ensf\/o-que-e-fedathi\/","title":{"rendered":"O que \u00e9 Fedathi?"},"content":{"rendered":"\n<p>Em consulta sobre o significado de &#8220;Fedathi&#8221;, o ChatGPT, em mar\u00e7o de 2023, afirmou que:<\/p>\n<p style=\"text-align: justify;\">&#8220;Sequ\u00eancia Fedathi \u00e9 um conceito da capoeira brasileira, uma arte marcial tradicional afro-brasileira. Refere-se a uma sequ\u00eancia definida de movimentos e t\u00e9cnicas que os capoeiristas (praticantes de capoeira) utilizam para treinar e aprimorar suas habilidades. A sequ\u00eancia inclui v\u00e1rios movimentos acrob\u00e1ticos, defensivos e de ataque, muitas vezes executados de forma fluida e l\u00fadica ao ritmo da m\u00fasica ao vivo. O objetivo da Sequ\u00eancia Fedathi \u00e9 ajudar os capoeiristas a dominar os fundamentos da forma de arte e desenvolver suas habilidades gerais de capoeira.&#8221;<\/p>\n<p style=\"text-align: center;\">Ser\u00e1 que o ChatGPT \u00e9 desnorteado?!<\/p>\n<p style=\"text-align: justify;\">A metodologia de ensino Sequ\u00eancia Fedathi foi idealizada pelo professor Herm\u00ednio e formalizada em seus estudos de p\u00f3s-doutorado, no ano de 1996. A denomina\u00e7\u00e3o \u201cFedathi\u201d nasceu da jun\u00e7\u00e3o da primeira s\u00edlaba de cada um dos nomes de seus tr\u00eas filhos: <span style=\"text-decoration: underline;\">Fe<\/span>lipe, <span style=\"text-decoration: underline;\">Da<\/span>niel e <span style=\"text-decoration: underline;\">Thi<\/span>ago.<\/p>\n<p><img fetchpriority=\"high\" decoding=\"async\" class=\" wp-image-66 aligncenter\" src=\"http:\/\/blogs.multimeios.ufc.br\/ensf\/files\/2024\/02\/OS-FEDATHI-300x212.png\" alt=\"\" width=\"385\" height=\"272\" srcset=\"https:\/\/blogs.multimeios.ufc.br\/ensf\/files\/2024\/02\/OS-FEDATHI-300x212.png 300w, https:\/\/blogs.multimeios.ufc.br\/ensf\/files\/2024\/02\/OS-FEDATHI-1024x725.png 1024w, https:\/\/blogs.multimeios.ufc.br\/ensf\/files\/2024\/02\/OS-FEDATHI-768x544.png 768w, https:\/\/blogs.multimeios.ufc.br\/ensf\/files\/2024\/02\/OS-FEDATHI.png 1322w\" sizes=\"(max-width: 385px) 100vw, 385px\" \/><\/p>\n<p style=\"text-align: justify;\">Desde ent\u00e3o, a Sequ\u00eancia Fedathi vem sendo estudada pelos pesquisadores membros do <a href=\"http:\/\/www.multimeios.ufc.br\" target=\"_blank\" rel=\"noopener\">Laborat\u00f3rio de Pesquisa MultiMeios<\/a>.<\/p>\n","protected":false},"excerpt":{"rendered":"<p>Em consulta sobre o significado de &#8220;Fedathi&#8221;, o ChatGPT, em mar\u00e7o de 2023, afirmou que: &#8220;Sequ\u00eancia Fedathi \u00e9 um conceito da capoeira brasileira, uma arte marcial tradicional afro-brasileira. Refere-se a uma sequ\u00eancia definida de movimentos e t\u00e9cnicas que os capoeiristas &hellip; <a href=\"https:\/\/blogs.multimeios.ufc.br\/ensf\/o-que-e-fedathi\/\">Continue lendo <span class=\"meta-nav\">&rarr;<\/span><\/a><\/p>\n","protected":false},"author":22,"featured_media":0,"parent":0,"menu_order":0,"comment_status":"closed","ping_status":"closed","template":"onecolumn-page.php","meta":{"footnotes":""},"class_list":["post-17","page","type-page","status-publish","hentry"],"yoast_head":"<!-- This site is optimized with the Yoast SEO plugin v27.3 - https:\/\/yoast.com\/product\/yoast-seo-wordpress\/ -->\n<title>Encontro Nacional da Sequ\u00eancia Fedathi - O que \u00e9 Fedathi?<\/title>\n<meta name=\"description\" content=\"Encontro Nacional da Sequ\u00eancia Fedathi - O que \u00e9 Fedathi?\" \/>\n<meta name=\"robots\" content=\"index, follow, max-snippet:-1, max-image-preview:large, max-video-preview:-1\" \/>\n<link rel=\"canonical\" href=\"https:\/\/blogs.multimeios.ufc.br\/ensf\/o-que-e-fedathi\/\" \/>\n<meta property=\"og:locale\" content=\"pt_BR\" \/>\n<meta property=\"og:type\" content=\"article\" \/>\n<meta property=\"og:title\" content=\"Encontro Nacional da Sequ\u00eancia Fedathi - O que \u00e9 Fedathi?\" \/>\n<meta property=\"og:description\" content=\"Encontro Nacional da Sequ\u00eancia Fedathi - O que \u00e9 Fedathi?\" \/>\n<meta property=\"og:url\" content=\"https:\/\/blogs.multimeios.ufc.br\/ensf\/o-que-e-fedathi\/\" \/>\n<meta property=\"og:site_name\" content=\"Encontro Nacional da Sequ\u00eancia Fedathi\" \/>\n<meta property=\"article:modified_time\" content=\"2024-02-19T22:18:07+00:00\" \/>\n<meta property=\"og:image\" content=\"http:\/\/blogs.multimeios.ufc.br\/ensf\/files\/2024\/02\/OS-FEDATHI-300x212.png\" \/>\n<meta name=\"twitter:card\" content=\"summary_large_image\" \/>\n<meta name=\"twitter:label1\" content=\"Est. tempo de leitura\" \/>\n\t<meta name=\"twitter:data1\" content=\"2 minutos\" \/>\n<script type=\"application\/ld+json\" class=\"yoast-schema-graph\">{\"@context\":\"https:\\\/\\\/schema.org\",\"@graph\":[{\"@type\":\"WebPage\",\"@id\":\"https:\\\/\\\/blogs.multimeios.ufc.br\\\/ensf\\\/o-que-e-fedathi\\\/\",\"url\":\"https:\\\/\\\/blogs.multimeios.ufc.br\\\/ensf\\\/o-que-e-fedathi\\\/\",\"name\":\"Encontro Nacional da Sequ\u00eancia Fedathi - O que \u00e9 Fedathi?\",\"isPartOf\":{\"@id\":\"https:\\\/\\\/blogs.multimeios.ufc.br\\\/ensf\\\/#website\"},\"primaryImageOfPage\":{\"@id\":\"https:\\\/\\\/blogs.multimeios.ufc.br\\\/ensf\\\/o-que-e-fedathi\\\/#primaryimage\"},\"image\":{\"@id\":\"https:\\\/\\\/blogs.multimeios.ufc.br\\\/ensf\\\/o-que-e-fedathi\\\/#primaryimage\"},\"thumbnailUrl\":\"http:\\\/\\\/blogs.multimeios.ufc.br\\\/ensf\\\/files\\\/2024\\\/02\\\/OS-FEDATHI-300x212.png\",\"datePublished\":\"2024-02-17T00:27:17+00:00\",\"dateModified\":\"2024-02-19T22:18:07+00:00\",\"description\":\"Encontro Nacional da Sequ\u00eancia Fedathi - O que \u00e9 Fedathi?\",\"breadcrumb\":{\"@id\":\"https:\\\/\\\/blogs.multimeios.ufc.br\\\/ensf\\\/o-que-e-fedathi\\\/#breadcrumb\"},\"inLanguage\":\"pt-BR\",\"potentialAction\":[{\"@type\":\"ReadAction\",\"target\":[\"https:\\\/\\\/blogs.multimeios.ufc.br\\\/ensf\\\/o-que-e-fedathi\\\/\"]}]},{\"@type\":\"ImageObject\",\"inLanguage\":\"pt-BR\",\"@id\":\"https:\\\/\\\/blogs.multimeios.ufc.br\\\/ensf\\\/o-que-e-fedathi\\\/#primaryimage\",\"url\":\"http:\\\/\\\/blogs.multimeios.ufc.br\\\/ensf\\\/files\\\/2024\\\/02\\\/OS-FEDATHI-300x212.png\",\"contentUrl\":\"http:\\\/\\\/blogs.multimeios.ufc.br\\\/ensf\\\/files\\\/2024\\\/02\\\/OS-FEDATHI-300x212.png\"},{\"@type\":\"BreadcrumbList\",\"@id\":\"https:\\\/\\\/blogs.multimeios.ufc.br\\\/ensf\\\/o-que-e-fedathi\\\/#breadcrumb\",\"itemListElement\":[{\"@type\":\"ListItem\",\"position\":1,\"name\":\"In\u00edcio\",\"item\":\"https:\\\/\\\/blogs.multimeios.ufc.br\\\/ensf\\\/\"},{\"@type\":\"ListItem\",\"position\":2,\"name\":\"O que \u00e9 Fedathi?\"}]},{\"@type\":\"WebSite\",\"@id\":\"https:\\\/\\\/blogs.multimeios.ufc.br\\\/ensf\\\/#website\",\"url\":\"https:\\\/\\\/blogs.multimeios.ufc.br\\\/ensf\\\/\",\"name\":\"Encontro Nacional da Sequ\u00eancia Fedathi\",\"description\":\"\",\"potentialAction\":[{\"@type\":\"SearchAction\",\"target\":{\"@type\":\"EntryPoint\",\"urlTemplate\":\"https:\\\/\\\/blogs.multimeios.ufc.br\\\/ensf\\\/?s={search_term_string}\"},\"query-input\":{\"@type\":\"PropertyValueSpecification\",\"valueRequired\":true,\"valueName\":\"search_term_string\"}}],\"inLanguage\":\"pt-BR\"}]}<\/script>\n<!-- \/ Yoast SEO plugin. -->","yoast_head_json":{"title":"Encontro Nacional da Sequ\u00eancia Fedathi - O que \u00e9 Fedathi?","description":"Encontro Nacional da Sequ\u00eancia Fedathi - O que \u00e9 Fedathi?","robots":{"index":"index","follow":"follow","max-snippet":"max-snippet:-1","max-image-preview":"max-image-preview:large","max-video-preview":"max-video-preview:-1"},"canonical":"https:\/\/blogs.multimeios.ufc.br\/ensf\/o-que-e-fedathi\/","og_locale":"pt_BR","og_type":"article","og_title":"Encontro Nacional da Sequ\u00eancia Fedathi - O que \u00e9 Fedathi?","og_description":"Encontro Nacional da Sequ\u00eancia Fedathi - O que \u00e9 Fedathi?","og_url":"https:\/\/blogs.multimeios.ufc.br\/ensf\/o-que-e-fedathi\/","og_site_name":"Encontro Nacional da Sequ\u00eancia Fedathi","article_modified_time":"2024-02-19T22:18:07+00:00","og_image":[{"url":"http:\/\/blogs.multimeios.ufc.br\/ensf\/files\/2024\/02\/OS-FEDATHI-300x212.png","type":"","width":"","height":""}],"twitter_card":"summary_large_image","twitter_misc":{"Est. tempo de leitura":"2 minutos"},"schema":{"@context":"https:\/\/schema.org","@graph":[{"@type":"WebPage","@id":"https:\/\/blogs.multimeios.ufc.br\/ensf\/o-que-e-fedathi\/","url":"https:\/\/blogs.multimeios.ufc.br\/ensf\/o-que-e-fedathi\/","name":"Encontro Nacional da Sequ\u00eancia Fedathi - O que \u00e9 Fedathi?","isPartOf":{"@id":"https:\/\/blogs.multimeios.ufc.br\/ensf\/#website"},"primaryImageOfPage":{"@id":"https:\/\/blogs.multimeios.ufc.br\/ensf\/o-que-e-fedathi\/#primaryimage"},"image":{"@id":"https:\/\/blogs.multimeios.ufc.br\/ensf\/o-que-e-fedathi\/#primaryimage"},"thumbnailUrl":"http:\/\/blogs.multimeios.ufc.br\/ensf\/files\/2024\/02\/OS-FEDATHI-300x212.png","datePublished":"2024-02-17T00:27:17+00:00","dateModified":"2024-02-19T22:18:07+00:00","description":"Encontro Nacional da Sequ\u00eancia Fedathi - O que \u00e9 Fedathi?","breadcrumb":{"@id":"https:\/\/blogs.multimeios.ufc.br\/ensf\/o-que-e-fedathi\/#breadcrumb"},"inLanguage":"pt-BR","potentialAction":[{"@type":"ReadAction","target":["https:\/\/blogs.multimeios.ufc.br\/ensf\/o-que-e-fedathi\/"]}]},{"@type":"ImageObject","inLanguage":"pt-BR","@id":"https:\/\/blogs.multimeios.ufc.br\/ensf\/o-que-e-fedathi\/#primaryimage","url":"http:\/\/blogs.multimeios.ufc.br\/ensf\/files\/2024\/02\/OS-FEDATHI-300x212.png","contentUrl":"http:\/\/blogs.multimeios.ufc.br\/ensf\/files\/2024\/02\/OS-FEDATHI-300x212.png"},{"@type":"BreadcrumbList","@id":"https:\/\/blogs.multimeios.ufc.br\/ensf\/o-que-e-fedathi\/#breadcrumb","itemListElement":[{"@type":"ListItem","position":1,"name":"In\u00edcio","item":"https:\/\/blogs.multimeios.ufc.br\/ensf\/"},{"@type":"ListItem","position":2,"name":"O que \u00e9 Fedathi?"}]},{"@type":"WebSite","@id":"https:\/\/blogs.multimeios.ufc.br\/ensf\/#website","url":"https:\/\/blogs.multimeios.ufc.br\/ensf\/","name":"Encontro Nacional da Sequ\u00eancia Fedathi","description":"","potentialAction":[{"@type":"SearchAction","target":{"@type":"EntryPoint","urlTemplate":"https:\/\/blogs.multimeios.ufc.br\/ensf\/?s={search_term_string}"},"query-input":{"@type":"PropertyValueSpecification","valueRequired":true,"valueName":"search_term_string"}}],"inLanguage":"pt-BR"}]}},"_links":{"self":[{"href":"https:\/\/blogs.multimeios.ufc.br\/ensf\/wp-json\/wp\/v2\/pages\/17","targetHints":{"allow":["GET"]}}],"collection":[{"href":"https:\/\/blogs.multimeios.ufc.br\/ensf\/wp-json\/wp\/v2\/pages"}],"about":[{"href":"https:\/\/blogs.multimeios.ufc.br\/ensf\/wp-json\/wp\/v2\/types\/page"}],"author":[{"embeddable":true,"href":"https:\/\/blogs.multimeios.ufc.br\/ensf\/wp-json\/wp\/v2\/users\/22"}],"replies":[{"embeddable":true,"href":"https:\/\/blogs.multimeios.ufc.br\/ensf\/wp-json\/wp\/v2\/comments?post=17"}],"version-history":[{"count":9,"href":"https:\/\/blogs.multimeios.ufc.br\/ensf\/wp-json\/wp\/v2\/pages\/17\/revisions"}],"predecessor-version":[{"id":84,"href":"https:\/\/blogs.multimeios.ufc.br\/ensf\/wp-json\/wp\/v2\/pages\/17\/revisions\/84"}],"wp:attachment":[{"href":"https:\/\/blogs.multimeios.ufc.br\/ensf\/wp-json\/wp\/v2\/media?parent=17"}],"curies":[{"name":"wp","href":"https:\/\/api.w.org\/{rel}","templated":true}]}}