{"id":142,"date":"2021-02-19T15:13:35","date_gmt":"2021-02-19T18:13:35","guid":{"rendered":"http:\/\/blogs.multimeios.ufc.br\/fernandacarmo\/?page_id=142"},"modified":"2025-11-25T14:43:46","modified_gmt":"2025-11-25T17:43:46","slug":"producoes","status":"publish","type":"page","link":"https:\/\/blogs.multimeios.ufc.br\/fernandacarmo\/producoes\/","title":{"rendered":"Produ\u00e7\u00f5es"},"content":{"rendered":"\n<div id=\"content\" style=\"margin-right: 20px !important; text-align: left;\" role=\"main\">\n<h2 role=\"main\"><strong>Produ\u00e7\u00f5es acad\u00eamicas<\/strong><\/h2>\n<span style=\"border-top: 1px solid #008000; border-bottom: 1px solid #008000; padding: 15px 0px; font-size: 1.17em; font-weight: bold; line-height: 1.5em; display: block; text-align: center; color: #008000;\"><strong>Artigos<\/strong><\/span>\n<h3>\u00a0<\/h3>\n<h3 class=\"title text-start text-md-start\" style=\"text-align: justify;\"><a href=\"https:\/\/parc.ipp.pt\/index.php\/sensos\/article\/view\/5956\" target=\"_blank\" rel=\"noopener\">CONTRIBUI\u00c7\u00d5ES DO POL\u00cdGONO FEDATHI NA PR\u00c1TICA DOCENTE FEDATHIANA EM CONTEXTO <em>COMODALE<\/em><\/a><br \/>CARMO, Fernanda Maria Almeida do; XAVIER, Daniele de Oliveira; BARBOSA, Jessica de Castro; BORGES NETO, Herminio.<br \/>Revista Sensos-e, v. 12, n. 2, 2025, p. 77-89.<\/h3>\n<h3 class=\"title text-start text-md-start\" style=\"text-align: justify;\"><a id=\"article-19950\" href=\"https:\/\/blogs.multimeios.ufc.br\/sitemmproducaocientifica\/?sdm_process_download=1&amp;download_id=3075\" target=\"_blank\" rel=\"noopener\">DESENHO DID\u00c1TICO, PARA O ENSINO A DIST\u00c2NCIA, DO CONCEITO DE MEDIDA NO AMBIENTE <em>MOODLE<\/em><\/a><br \/>CARMO, Fernanda Maria Almeida do; BORGES NETO, Herminio; CERQUEIRA, Gilberto Santos.<br \/>Revista Sergipana de Matem\u00e1tica e Educa\u00e7\u00e3o Matem\u00e1tica, v. 10, n. 1, 2025, p. 22-43.<\/h3>\n<h3 style=\"text-align: justify;\"><a href=\"https:\/\/blogs.multimeios.ufc.br\/sitemmproducaocientifica\/?sdm_process_download=1&amp;download_id=3022\" target=\"_blank\" rel=\"noopener\">REFLEX\u00d5ES SOBRE A SALA DE AULA AMPLIADA E O <em>COMODALE:<\/em> POL\u00cdGONO FEDATHI EM A\u00c7\u00c3O<\/a><br \/>XAVIER, Daniele de Oliveira; BARBOSA, Jessica de Castro; CARMO, Fernanda Maria Almeida do; BORGES NETO, Herminio.<br \/>EaD em Foco, v. 14, n. 1, 2024, p. e227.<\/h3>\n<h3 style=\"text-align: justify;\"><a href=\"http:\/\/blogs.multimeios.ufc.br\/sitemmproducaocientifica\/?smd_process_download=1&amp;download_id=2168\" target=\"_blank\" rel=\"noopener\">UMA AN\u00c1LISE DE ELEMENTOS CURRICULARES DA DISCIPLINA HIST\u00d3RIA DA MATEM\u00c1TICA NAS LICENCIATURAS DO CEAR\u00c1<\/a><br \/>CARMO, Fernanda Maria Almeida do; QUEIROZ, Antonio Jos\u00e9 Melo de.<br \/>Revista Cocar, v. 14, n. 30, set.\/dez. 2020, p. 1-18.<\/h3>\n<h3 style=\"text-align: justify;\"><a href=\"http:\/\/blogs.multimeios.ufc.br\/sitemmproducaocientifica\/?smd_process_download=1&amp;download_id=1541\" target=\"_blank\" rel=\"noopener\"><em>THE DIDACTIC CONTRACT FROM THE PERSPECTIVE OF THE THEORY OF DIDACTICAL SITUATIONS: AN INTEGRATIVE REVIEW<\/em><\/a><br \/>CARMO, Fernanda Maria Almeida do; FAUSTINO, Jos\u00e9 Airton de Oliveira; LIMA, Maria Van\u00edsia Mendon\u00e7a de; FEL\u00cdCIO, Mil\u00ednia Stephanie Nogueira Barbosa; BORGES NETO, Herm\u00ednio; CERQUEIRA, Gilberto Santos.<br \/><em>International Journal for Innovation Education and Research<\/em>, v. 8, n. 7, 2020, p. 123-134.<\/h3>\n<h3 style=\"text-align: justify;\"><a href=\"http:\/\/blogs.multimeios.ufc.br\/sitemmproducaocientifica\/?smd_process_download=1&amp;download_id=2726\" target=\"_blank\" rel=\"noopener\">AS RELA\u00c7\u00d5ES ENTRE A SEQU\u00caNCIA FEDATHI APLICADA NO ENSINO DE MATEM\u00c1TICA E O PENSAMENTO MATEM\u00c1TICO AVAN\u00c7ADO<\/a><br \/>CARMO, Fernanda Maria Almeida do; MENEZES, Daniel Brand\u00e3o; BORGES NETO, Herm\u00ednio.<br \/>Revista Cearense de Educa\u00e7\u00e3o Matem\u00e1tica, v. 01, n. 01, abr.\/ago. 2022, p. 1-20.<\/h3>\n<h3 style=\"text-align: justify;\"><a href=\"http:\/\/blogs.multimeios.ufc.br\/sitemmproducaocientifica\/?smd_process_download=1&amp;download_id=2860\" target=\"_blank\" rel=\"noopener\">A SEQU\u00caNCIA FEDATHI NO ENSINO DE GEOMETRIA PARA O ENSINO FUNDAMENTAL: RELATO DE EXPERI\u00caNCIA EM UMA ESCOLA PERIF\u00c9RICA DE CAUCAIA-CE-BRASIL<\/a><br \/>SILVA, Bruna Rafaela Ara\u00fajo da; CARMO, Fernanda Maria Almeida do; BORGES NETO, Herminio; TORRES, Antonia Lis de Maria Martins.<br \/>Educa\u00e7\u00e3o Matem\u00e1tica Revista, v. 28, n. 79, abr.\/jun. 2023, p. 1-15.<br \/><br \/><\/h3>\n<span style=\"border-top: 1px solid #008000; border-bottom: 1px solid #008000; padding: 15px 0px; font-size: 1.17em; font-weight: bold; line-height: 1.5em; display: block; text-align: center; color: #008000;\"><strong>Trabalhos de Conclus\u00e3o de Curso<\/strong><\/span>\n<h3 style=\"text-align: justify;\"><br \/><a href=\"http:\/\/blogs.multimeios.ufc.br\/fernandacarmo\/?smd_process_download=1&amp;download_id=151\" target=\"_blank\" rel=\"noopener\">AS TEND\u00caNCIAS EM EDUCA\u00c7\u00c3O MATEM\u00c1TICA E SUA INCLUS\u00c3O NA FORMA\u00c7\u00c3O E NA PR\u00c1TICA DOCENTE<\/a><br \/>CARMO, Fernanda Maria Almeida do.<br \/>Monografia do Curso de Licenciatura Plena em Matem\u00e1tica, da Faculdade de Educa\u00e7\u00e3o, Ci\u00eancias e Letras do Sert\u00e3o Central (FECLESC), Universidade Estadual do Cear\u00e1 (UECE), 2018, Quixad\u00e1 (CE), 55p.<\/h3>\n<h3 style=\"text-align: justify;\"><a href=\"http:\/\/blogs.multimeios.ufc.br\/fernandacarmo\/files\/2024\/08\/relato-de-experiencia-tcc-especializacao-ufpi.pdf\" target=\"_blank\" rel=\"noopener\">UMA AN\u00c1LISE DO USO DE MATERIAIS MANIPUL\u00c1VEIS NO ENSINO DE FATORA\u00c7\u00c3O PARA ALUNOS DO 9\u00ba ANO DO ENSINO FUNDAMENTAL<\/a><br \/>CARMO, Fernanda Maria Almeida do.<br \/>Trabalho de Conclus\u00e3o de Curso da Especializa\u00e7\u00e3o em Matem\u00e1tica, suas Tecnologias e o Mundo do Trabalho, da Universidade Federal do Piau\u00ed (UFPI), Teresina (PI), 2024, 6p.<\/h3>\n<h3 style=\"text-align: justify;\"><a href=\"http:\/\/blogs.multimeios.ufc.br\/sitemmproducaocientifica\/?smd_process_download=1&amp;download_id=2684\" target=\"_blank\" rel=\"noopener\">O ENSINO A DIST\u00c2NCIA DO CONCEITO DE MEDIDA BASEADO NA SEQU\u00caNCIA FEDATHI<\/a><br \/>CARMO, Fernanda Maria Almeida do.\u00a0<br \/>Disserta\u00e7\u00e3o do Curso de Mestrado em Educa\u00e7\u00e3o, da Faculdade de Educa\u00e7\u00e3o (FACED), Universidade Federal do Cear\u00e1, 2022, Fortaleza (CE), 92p.<br \/><a href=\"https:\/\/youtu.be\/rPqyiqSLOYM\" target=\"_blank\" rel=\"noopener\"><img decoding=\"async\" class=\"alignnone wp-image-4640\" src=\"http:\/\/blogs.multimeios.ufc.br\/fernandacarmo\/files\/2023\/01\/640px-Video_Player_-_The_Noun_Project-green-300x213.png\" alt=\"\" width=\"40\" height=\"28\" srcset=\"https:\/\/blogs.multimeios.ufc.br\/fernandacarmo\/files\/2023\/01\/640px-Video_Player_-_The_Noun_Project-green-300x213.png 300w, https:\/\/blogs.multimeios.ufc.br\/fernandacarmo\/files\/2023\/01\/640px-Video_Player_-_The_Noun_Project-green.png 640w\" sizes=\"(max-width: 40px) 100vw, 40px\" \/><\/a><br \/><br \/><\/h3>\n<span style=\"border-top: 1px solid #008000; border-bottom: 1px solid #008000; padding: 15px 0px; font-size: 1.17em; font-weight: bold; line-height: 1.5em; display: block; text-align: center; color: #008000;\"><strong>Trabalhos em Congresso<\/strong><\/span>\n<h3 style=\"text-align: justify;\"><br \/><a href=\"https:\/\/blogs.multimeios.ufc.br\/sitemmproducaocientifica\/?sdm_process_download=1&amp;download_id=3159\" target=\"_blank\" rel=\"noopener\">O F\u00d3RUM COMO FERRAMENTA PARA O DESENVOLVIMENTO DE UMA COMUNIDADE DE INVESTIGA\u00c7\u00c3O, A PARTIR DA SEQU\u00caNCIA FEDATHI<\/a><br \/>CARMO, Fernanda Maria Almeida do; SILVA, Andr\u00e9 Santos; BORGES NETO, Herminio.<br \/>XVIII Encontro Nacional da ABCiber, Faculdade C\u00e1sper L\u00edbero, S\u00e3o Paulo-SP, 2025.<\/h3>\n<h3 style=\"text-align: justify;\"><a href=\"https:\/\/blogs.multimeios.ufc.br\/sitemmproducaocientifica\/?sdm_process_download=1&amp;download_id=3169\" target=\"_blank\" rel=\"noopener\">FEDATHIN: UM CHATBOT PARA AUXILIAR O ENSINO E A APRENDIZAGEM NA SEQU\u00caNCIA FEDATHI<\/a><br \/>SILVA, Andr\u00e9 Santos; CARMO, Fernanda Maria Almeida do; BORGES NETO, Herminio.<br \/>XVIII Encontro Nacional da ABCiber, Faculdade C\u00e1sper L\u00edbero, S\u00e3o Paulo-SP, 2025.<\/h3>\n<h3 style=\"text-align: justify;\"><a href=\"https:\/\/blogs.multimeios.ufc.br\/sitemmproducaocientifica\/?sdm_process_download=1&amp;download_id=3183\" target=\"_blank\" rel=\"noopener\">O USO DE <em>CHATBOT<\/em> COM INTELIG\u00caNCIA ARTIFICIAL NA PERSPECTIVA DA FORMA\u00c7\u00c3O DE PROFESSORES<\/a><br \/>XAVIER, Daniele de Oliveira; SILVA, Andr\u00e9 Santos; CARMO, Fernanda Maria Almeida do; BARBOSA, J\u00e9ssica de Castro;\u00a0 BORGES NETO, Herminio.<br \/>Anais dos Encontros Cient\u00edficos 2025, XXV Encontro de P\u00f3s-Gradua\u00e7\u00e3o e Pesquisa, Universidade de Fortaleza &#8211; UNIFOR, Fortaleza-CE, 2025.<\/h3>\n<h3 style=\"text-align: justify;\"><a href=\"http:\/\/blogs.multimeios.ufc.br\/sitemmproducaocientifica\/?smd_process_download=1&amp;download_id=2783\" target=\"_blank\" rel=\"noopener\">A PROPOSTA DE EaD LABORAT\u00d3RIO MULTIMEIOS NA PERCEP\u00c7\u00c3O DOS ALUNOS E FORMADORES NO CURSO DE PEDAGOGIA DA UAB\/UFC<\/a><br \/>CARMO, Fernanda Maria Almeida do; SILVA, Andr\u00e9 Santos; TORRES, Antonia Lis de Maria Martins; BORGES NETO, Herminio.<br \/>Anais da XXVII Semana Universit\u00e1ria da UECE, Fortaleza-CE, 2022.<br \/><a href=\"http:\/\/blogs.multimeios.ufc.br\/sitemmproducaocientifica\/files\/2022\/11\/Slides-SU-UECE.pdf\" target=\"_blank\" rel=\"noopener\"><img decoding=\"async\" class=\"alignnone wp-image-4644\" src=\"http:\/\/blogs.multimeios.ufc.br\/fernandacarmo\/files\/2023\/01\/Presentation_2_icon-72a7cf-green-1-300x240.png\" alt=\"\" width=\"40\" height=\"32\" srcset=\"https:\/\/blogs.multimeios.ufc.br\/fernandacarmo\/files\/2023\/01\/Presentation_2_icon-72a7cf-green-1-300x240.png 300w, https:\/\/blogs.multimeios.ufc.br\/fernandacarmo\/files\/2023\/01\/Presentation_2_icon-72a7cf-green-1.png 640w\" sizes=\"(max-width: 40px) 100vw, 40px\" \/><\/a><\/h3>\n<h3 style=\"text-align: justify;\"><a style=\"cursor: pointer !important; user-select: none !important;\" href=\"http:\/\/blogs.multimeios.ufc.br\/fernandacarmo\/files\/2024\/08\/livro-de-resumo-sumario-e-trabalho-sobre-comodale.pdf\" target=\"_blank\" rel=\"noopener\">CONTRIBUI\u00c7\u00d5ES DO POL\u00cdGONO FEDATHI NA PR\u00c1TICA DOCENTE FEDATHIANA EM CONTEXTO <em>COMODALE<\/em><\/a><br \/>CARMO, Fernanda Maria Almeida do; XAVIER, Daniele de Oliveira; BARBOSA, J\u00e9ssica de Castro; SILVA, Andr\u00e9 Santos; BORGES NETO, Herminio.<br \/>Anais do 4th Porto <em>International Conference on Research in Education<\/em> (Porto&#8217;24 <em>ICRE<\/em>), Porto-Portugal, 2024.<br \/><br \/><\/h3>\n<span style=\"border-top: 1px solid #008000; border-bottom: 1px solid #008000; padding: 15px 0px; font-size: 1.17em; font-weight: bold; line-height: 1.5em; display: block; text-align: center; color: #008000;\"><strong>Cap\u00edtulos de livro<\/strong><\/span>\n<h3 style=\"text-align: justify;\"><br \/>AS CONTRIBUI\u00c7\u00d5ES DO GRUPO DE EDUCA\u00c7\u00c3O MATEM\u00c1TICA MULTIMEIOS PARA A SEQU\u00caNCIA<br \/>CARMO, Fernanda Maria Almeida do; SILVA, Andr\u00e9 Santos; BORGES NETO, Herm\u00ednio. <em>In:<\/em> <a href=\"https:\/\/drive.google.com\/file\/d\/1DmPc9miNjR3G-OjZuqvciOOqqTap9rRs\/view\" target=\"_blank\" rel=\"noopener\">EAD, ensino h\u00edbrido e tecnologias digitais: incurs\u00f5es investigativas do Laborat\u00f3rio de Pesquisa MultiMeios<\/a>. 1. ed. Curitiba: CRV, 2023, p. 87-103.<\/h3>\n<h3 style=\"text-align: justify;\"><br \/>LABORAT\u00d3RIO DE PESQUISA MULTIMEIOS<br \/>CARMO, Fernanda Maria Almeida do; SILVA, Andr\u00e9 Santos; BORGES NETO, Herm\u00ednio. <em>In:<\/em> <a href=\"https:\/\/www.sbembrasil.org.br\/ebook\/ebook_sbemce.pdf\" target=\"_blank\" rel=\"noopener\">Grupos de estudo e pesquisa em Educa\u00e7\u00e3o Matem\u00e1tica no Cear\u00e1: hist\u00f3rias, marcos te\u00f3rico-metodol\u00f3gicos e produ\u00e7\u00f5es<\/a>. Bras\u00edlia: SBEM Nacional, 2025, p. 147-163.<\/h3>\n<\/div>\n\n\n\n<p><\/p>\n","protected":false},"excerpt":{"rendered":"<p>Produ\u00e7\u00f5es acad\u00eamicas Artigos \u00a0 CONTRIBUI\u00c7\u00d5ES DO POL\u00cdGONO FEDATHI NA PR\u00c1TICA DOCENTE FEDATHIANA EM CONTEXTO COMODALECARMO, Fernanda Maria Almeida do; XAVIER, Daniele de Oliveira; BARBOSA, Jessica de Castro; BORGES NETO, Herminio.Revista Sensos-e, v. 12, n. 2, 2025, p. 77-89. DESENHO DID\u00c1TICO, &hellip; <a href=\"https:\/\/blogs.multimeios.ufc.br\/fernandacarmo\/producoes\/\">Continue lendo <span class=\"meta-nav\">&rarr;<\/span><\/a><\/p>\n","protected":false},"author":23,"featured_media":0,"parent":0,"menu_order":0,"comment_status":"closed","ping_status":"closed","template":"elementor_header_footer","meta":{"footnotes":""},"class_list":["post-142","page","type-page","status-publish","hentry"],"yoast_head":"<!-- This site is optimized with the Yoast SEO plugin v27.3 - https:\/\/yoast.com\/product\/yoast-seo-wordpress\/ -->\n<title>Blog da Fernanda - Produ\u00e7\u00f5es acad\u00eamicas<\/title>\n<meta name=\"description\" content=\"Produ\u00e7\u00f5es acad\u00eamicas de autoria da professora Fernanda Carmo do Laborat\u00f3rio MultiMeios da Universidade Federal do Cear\u00e1\" \/>\n<meta name=\"robots\" content=\"index, follow, max-snippet:-1, max-image-preview:large, max-video-preview:-1\" \/>\n<link rel=\"canonical\" href=\"https:\/\/blogs.multimeios.ufc.br\/fernandacarmo\/producoes\/\" \/>\n<meta property=\"og:locale\" content=\"pt_BR\" \/>\n<meta property=\"og:type\" content=\"article\" \/>\n<meta property=\"og:title\" content=\"Blog da Fernanda - Produ\u00e7\u00f5es acad\u00eamicas\" \/>\n<meta property=\"og:description\" content=\"Produ\u00e7\u00f5es acad\u00eamicas de autoria da professora Fernanda Carmo do Laborat\u00f3rio MultiMeios da Universidade Federal do Cear\u00e1\" \/>\n<meta property=\"og:url\" content=\"https:\/\/blogs.multimeios.ufc.br\/fernandacarmo\/producoes\/\" \/>\n<meta property=\"og:site_name\" content=\"Blog da Fernanda\" \/>\n<meta property=\"article:modified_time\" content=\"2025-11-25T17:43:46+00:00\" \/>\n<meta property=\"og:image\" content=\"https:\/\/blogs.multimeios.ufc.br\/fernandacarmo\/files\/2023\/01\/640px-Video_Player_-_The_Noun_Project-green.png\" \/>\n\t<meta property=\"og:image:width\" content=\"640\" \/>\n\t<meta property=\"og:image:height\" content=\"454\" \/>\n\t<meta property=\"og:image:type\" content=\"image\/png\" \/>\n<meta name=\"twitter:card\" content=\"summary_large_image\" \/>\n<meta name=\"twitter:label1\" content=\"Est. tempo de leitura\" \/>\n\t<meta name=\"twitter:data1\" content=\"5 minutos\" \/>\n<script type=\"application\/ld+json\" class=\"yoast-schema-graph\">{\"@context\":\"https:\\\/\\\/schema.org\",\"@graph\":[{\"@type\":\"WebPage\",\"@id\":\"https:\\\/\\\/blogs.multimeios.ufc.br\\\/fernandacarmo\\\/producoes\\\/\",\"url\":\"https:\\\/\\\/blogs.multimeios.ufc.br\\\/fernandacarmo\\\/producoes\\\/\",\"name\":\"Blog da Fernanda - Produ\u00e7\u00f5es acad\u00eamicas\",\"isPartOf\":{\"@id\":\"https:\\\/\\\/blogs.multimeios.ufc.br\\\/fernandacarmo\\\/#website\"},\"primaryImageOfPage\":{\"@id\":\"https:\\\/\\\/blogs.multimeios.ufc.br\\\/fernandacarmo\\\/producoes\\\/#primaryimage\"},\"image\":{\"@id\":\"https:\\\/\\\/blogs.multimeios.ufc.br\\\/fernandacarmo\\\/producoes\\\/#primaryimage\"},\"thumbnailUrl\":\"http:\\\/\\\/blogs.multimeios.ufc.br\\\/fernandacarmo\\\/files\\\/2023\\\/01\\\/640px-Video_Player_-_The_Noun_Project-green-300x213.png\",\"datePublished\":\"2021-02-19T18:13:35+00:00\",\"dateModified\":\"2025-11-25T17:43:46+00:00\",\"description\":\"Produ\u00e7\u00f5es acad\u00eamicas de autoria da professora Fernanda Carmo do Laborat\u00f3rio MultiMeios da Universidade Federal do Cear\u00e1\",\"breadcrumb\":{\"@id\":\"https:\\\/\\\/blogs.multimeios.ufc.br\\\/fernandacarmo\\\/producoes\\\/#breadcrumb\"},\"inLanguage\":\"pt-BR\",\"potentialAction\":[{\"@type\":\"ReadAction\",\"target\":[\"https:\\\/\\\/blogs.multimeios.ufc.br\\\/fernandacarmo\\\/producoes\\\/\"]}]},{\"@type\":\"ImageObject\",\"inLanguage\":\"pt-BR\",\"@id\":\"https:\\\/\\\/blogs.multimeios.ufc.br\\\/fernandacarmo\\\/producoes\\\/#primaryimage\",\"url\":\"https:\\\/\\\/blogs.multimeios.ufc.br\\\/fernandacarmo\\\/files\\\/2023\\\/01\\\/640px-Video_Player_-_The_Noun_Project-green.png\",\"contentUrl\":\"https:\\\/\\\/blogs.multimeios.ufc.br\\\/fernandacarmo\\\/files\\\/2023\\\/01\\\/640px-Video_Player_-_The_Noun_Project-green.png\",\"width\":640,\"height\":454},{\"@type\":\"BreadcrumbList\",\"@id\":\"https:\\\/\\\/blogs.multimeios.ufc.br\\\/fernandacarmo\\\/producoes\\\/#breadcrumb\",\"itemListElement\":[{\"@type\":\"ListItem\",\"position\":1,\"name\":\"In\u00edcio\",\"item\":\"https:\\\/\\\/blogs.multimeios.ufc.br\\\/fernandacarmo\\\/\"},{\"@type\":\"ListItem\",\"position\":2,\"name\":\"Produ\u00e7\u00f5es\"}]},{\"@type\":\"WebSite\",\"@id\":\"https:\\\/\\\/blogs.multimeios.ufc.br\\\/fernandacarmo\\\/#website\",\"url\":\"https:\\\/\\\/blogs.multimeios.ufc.br\\\/fernandacarmo\\\/\",\"name\":\"Blog da Fernanda\",\"description\":\"\",\"potentialAction\":[{\"@type\":\"SearchAction\",\"target\":{\"@type\":\"EntryPoint\",\"urlTemplate\":\"https:\\\/\\\/blogs.multimeios.ufc.br\\\/fernandacarmo\\\/?s={search_term_string}\"},\"query-input\":{\"@type\":\"PropertyValueSpecification\",\"valueRequired\":true,\"valueName\":\"search_term_string\"}}],\"inLanguage\":\"pt-BR\"}]}<\/script>\n<!-- \/ Yoast SEO plugin. -->","yoast_head_json":{"title":"Blog da Fernanda - Produ\u00e7\u00f5es acad\u00eamicas","description":"Produ\u00e7\u00f5es acad\u00eamicas de autoria da professora Fernanda Carmo do Laborat\u00f3rio MultiMeios da Universidade Federal do Cear\u00e1","robots":{"index":"index","follow":"follow","max-snippet":"max-snippet:-1","max-image-preview":"max-image-preview:large","max-video-preview":"max-video-preview:-1"},"canonical":"https:\/\/blogs.multimeios.ufc.br\/fernandacarmo\/producoes\/","og_locale":"pt_BR","og_type":"article","og_title":"Blog da Fernanda - Produ\u00e7\u00f5es acad\u00eamicas","og_description":"Produ\u00e7\u00f5es acad\u00eamicas de autoria da professora Fernanda Carmo do Laborat\u00f3rio MultiMeios da Universidade Federal do Cear\u00e1","og_url":"https:\/\/blogs.multimeios.ufc.br\/fernandacarmo\/producoes\/","og_site_name":"Blog da Fernanda","article_modified_time":"2025-11-25T17:43:46+00:00","og_image":[{"width":640,"height":454,"url":"https:\/\/blogs.multimeios.ufc.br\/fernandacarmo\/files\/2023\/01\/640px-Video_Player_-_The_Noun_Project-green.png","type":"image\/png"}],"twitter_card":"summary_large_image","twitter_misc":{"Est. tempo de leitura":"5 minutos"},"schema":{"@context":"https:\/\/schema.org","@graph":[{"@type":"WebPage","@id":"https:\/\/blogs.multimeios.ufc.br\/fernandacarmo\/producoes\/","url":"https:\/\/blogs.multimeios.ufc.br\/fernandacarmo\/producoes\/","name":"Blog da Fernanda - Produ\u00e7\u00f5es acad\u00eamicas","isPartOf":{"@id":"https:\/\/blogs.multimeios.ufc.br\/fernandacarmo\/#website"},"primaryImageOfPage":{"@id":"https:\/\/blogs.multimeios.ufc.br\/fernandacarmo\/producoes\/#primaryimage"},"image":{"@id":"https:\/\/blogs.multimeios.ufc.br\/fernandacarmo\/producoes\/#primaryimage"},"thumbnailUrl":"http:\/\/blogs.multimeios.ufc.br\/fernandacarmo\/files\/2023\/01\/640px-Video_Player_-_The_Noun_Project-green-300x213.png","datePublished":"2021-02-19T18:13:35+00:00","dateModified":"2025-11-25T17:43:46+00:00","description":"Produ\u00e7\u00f5es acad\u00eamicas de autoria da professora Fernanda Carmo do Laborat\u00f3rio MultiMeios da Universidade Federal do Cear\u00e1","breadcrumb":{"@id":"https:\/\/blogs.multimeios.ufc.br\/fernandacarmo\/producoes\/#breadcrumb"},"inLanguage":"pt-BR","potentialAction":[{"@type":"ReadAction","target":["https:\/\/blogs.multimeios.ufc.br\/fernandacarmo\/producoes\/"]}]},{"@type":"ImageObject","inLanguage":"pt-BR","@id":"https:\/\/blogs.multimeios.ufc.br\/fernandacarmo\/producoes\/#primaryimage","url":"https:\/\/blogs.multimeios.ufc.br\/fernandacarmo\/files\/2023\/01\/640px-Video_Player_-_The_Noun_Project-green.png","contentUrl":"https:\/\/blogs.multimeios.ufc.br\/fernandacarmo\/files\/2023\/01\/640px-Video_Player_-_The_Noun_Project-green.png","width":640,"height":454},{"@type":"BreadcrumbList","@id":"https:\/\/blogs.multimeios.ufc.br\/fernandacarmo\/producoes\/#breadcrumb","itemListElement":[{"@type":"ListItem","position":1,"name":"In\u00edcio","item":"https:\/\/blogs.multimeios.ufc.br\/fernandacarmo\/"},{"@type":"ListItem","position":2,"name":"Produ\u00e7\u00f5es"}]},{"@type":"WebSite","@id":"https:\/\/blogs.multimeios.ufc.br\/fernandacarmo\/#website","url":"https:\/\/blogs.multimeios.ufc.br\/fernandacarmo\/","name":"Blog da Fernanda","description":"","potentialAction":[{"@type":"SearchAction","target":{"@type":"EntryPoint","urlTemplate":"https:\/\/blogs.multimeios.ufc.br\/fernandacarmo\/?s={search_term_string}"},"query-input":{"@type":"PropertyValueSpecification","valueRequired":true,"valueName":"search_term_string"}}],"inLanguage":"pt-BR"}]}},"_links":{"self":[{"href":"https:\/\/blogs.multimeios.ufc.br\/fernandacarmo\/wp-json\/wp\/v2\/pages\/142","targetHints":{"allow":["GET"]}}],"collection":[{"href":"https:\/\/blogs.multimeios.ufc.br\/fernandacarmo\/wp-json\/wp\/v2\/pages"}],"about":[{"href":"https:\/\/blogs.multimeios.ufc.br\/fernandacarmo\/wp-json\/wp\/v2\/types\/page"}],"author":[{"embeddable":true,"href":"https:\/\/blogs.multimeios.ufc.br\/fernandacarmo\/wp-json\/wp\/v2\/users\/23"}],"replies":[{"embeddable":true,"href":"https:\/\/blogs.multimeios.ufc.br\/fernandacarmo\/wp-json\/wp\/v2\/comments?post=142"}],"version-history":[{"count":134,"href":"https:\/\/blogs.multimeios.ufc.br\/fernandacarmo\/wp-json\/wp\/v2\/pages\/142\/revisions"}],"predecessor-version":[{"id":5392,"href":"https:\/\/blogs.multimeios.ufc.br\/fernandacarmo\/wp-json\/wp\/v2\/pages\/142\/revisions\/5392"}],"wp:attachment":[{"href":"https:\/\/blogs.multimeios.ufc.br\/fernandacarmo\/wp-json\/wp\/v2\/media?parent=142"}],"curies":[{"name":"wp","href":"https:\/\/api.w.org\/{rel}","templated":true}]}}