{"id":1504,"date":"2021-05-31T12:48:15","date_gmt":"2021-05-31T15:48:15","guid":{"rendered":"http:\/\/blogs.multimeios.ufc.br\/fernandacarmo\/?page_id=1504"},"modified":"2024-08-18T12:24:18","modified_gmt":"2024-08-18T15:24:18","slug":"sumario1","status":"publish","type":"page","link":"https:\/\/blogs.multimeios.ufc.br\/fernandacarmo\/sumario1\/","title":{"rendered":"Sum\u00e1rio"},"content":{"rendered":"\n<div id=\"content\" style=\"margin-right: 20px !important;\" role=\"main\">\n<h2 style=\"text-align: left;\"><strong>Sum\u00e1rio<\/strong><\/h2>\n<table style=\"height: 240px; width: 100%; border-collapse: collapse; border-color: #ffffff;\">\n<tbody>\n<tr style=\"height: 20px;\">\n<td style=\"width: 7.91043%; border-color: #ffffff; height: 20px; padding-right: 0px; text-align: left; vertical-align: middle;\">\n<h3><a href=\"http:\/\/blogs.multimeios.ufc.br\/fernandacarmo\/1-ligeiros-aspectos-biograficos\/\"><strong>1<\/strong><\/a><\/h3>\n<\/td>\n<td style=\"width: 92.0896%; border-color: #ffffff; height: 20px; padding-left: 0px; text-align: left; vertical-align: middle;\">\n<h3><a href=\"http:\/\/blogs.multimeios.ufc.br\/fernandacarmo\/1-ligeiros-aspectos-biograficos\/\"><strong>Ligeiros aspectos biogr\u00e1ficos<\/strong><\/a><\/h3>\n<\/td>\n<\/tr>\n<tr style=\"height: 20px;\">\n<td style=\"width: 7.91043%; border-color: #ffffff; height: 20px; padding-right: 0px; text-align: left; vertical-align: middle;\">\n<h3><a href=\"http:\/\/blogs.multimeios.ufc.br\/fernandacarmo\/2-o-laboratorio-multimeios-passado-e-presente\/\"><strong>2<\/strong><\/a><\/h3>\n<\/td>\n<td style=\"width: 92.0896%; border-color: #ffffff; height: 20px; padding-left: 0px; text-align: left; vertical-align: middle;\">\n<h3><a href=\"http:\/\/blogs.multimeios.ufc.br\/fernandacarmo\/2-o-laboratorio-multimeios-passado-e-presente\/\"><strong>O Laborat\u00f3rio MultiMeios: passado e presente<\/strong><\/a><\/h3>\n<\/td>\n<\/tr>\n<tr style=\"height: 20px;\">\n<td style=\"width: 7.91043%; border-color: #ffffff; height: 20px; padding-right: 0px; text-align: left; vertical-align: middle;\">\n<h3><a href=\"http:\/\/blogs.multimeios.ufc.br\/fernandacarmo\/3-a-sequencia-fedathi-ao-longo-dos-anos\/\"><strong>3<\/strong><\/a><\/h3>\n<\/td>\n<td style=\"width: 92.0896%; border-color: #ffffff; height: 20px; padding-left: 0px; text-align: left; vertical-align: middle;\">\n<h3><a href=\"http:\/\/blogs.multimeios.ufc.br\/fernandacarmo\/3-a-sequencia-fedathi-ao-longo-dos-anos\/\"><strong>A Sequ\u00eancia Fedathi ao longo dos anos<\/strong><\/a><\/h3>\n<\/td>\n<\/tr>\n<tr style=\"height: 20px;\">\n<td style=\"width: 7.91043%; border-color: #ffffff; height: 20px; padding-right: 0px; text-align: left; vertical-align: middle;\">\n<h3><a href=\"http:\/\/blogs.multimeios.ufc.br\/fernandacarmo\/4-legado\/\"><strong>4<\/strong><\/a><\/h3>\n<\/td>\n<td style=\"width: 92.0896%; border-color: #ffffff; height: 20px; padding-left: 0px; text-align: left; vertical-align: middle;\">\n<h3><a href=\"http:\/\/blogs.multimeios.ufc.br\/fernandacarmo\/4-legado\/\"><strong>Legado<\/strong><\/a><\/h3>\n<\/td>\n<\/tr>\n<tr style=\"height: 20px;\">\n<td style=\"width: 7.91043%; border-color: #ffffff; height: 20px; padding-right: 0px; text-align: left; vertical-align: middle;\">\u00a0<\/td>\n<td style=\"width: 92.0896%; border-color: #ffffff; height: 20px; padding-left: 0px; text-align: left; vertical-align: middle;\">\n<h3><a href=\"http:\/\/blogs.multimeios.ufc.br\/fernandacarmo\/arquivo\/\"><strong>Arquivo<\/strong><\/a><\/h3>\n<\/td>\n<\/tr>\n<tr style=\"height: 20px;\">\n<td style=\"width: 7.91043%; border-color: #ffffff; height: 20px; padding-right: 0px; text-align: left; vertical-align: middle;\">\u00a0<\/td>\n<td style=\"width: 92.0896%; border-color: #ffffff; height: 20px; padding-left: 0px; text-align: left; vertical-align: middle;\">\n<h3><a href=\"https:\/\/blogs.multimeios.ufc.br\/fernandacarmo\/referencias1\/\"><strong>Refer\u00eancias<\/strong><\/a><\/h3>\n<\/td>\n<\/tr>\n<\/tbody>\n<\/table>\n<p>\u00a0<\/p>\n<table style=\"width: 100%; border-collapse: collapse; border-color: #ffffff;\">\n<tbody>\n<tr>\n<td style=\"width: 33.3333%; padding: 0px; border-color: #ffffff;\">\u00a0<\/td>\n<td style=\"width: 33.3333%; padding: 0px; border-color: #ffffff; text-align: center;\">\n<h3><a href=\"http:\/\/blogs.multimeios.ufc.br\/fernandacarmo\/herminio-borges-neto\"><img decoding=\"async\" class=\"alignnone wp-image-4540\" src=\"http:\/\/blogs.multimeios.ufc.br\/fernandacarmo\/files\/2023\/01\/Home_icon_green-1-300x300.png\" alt=\"\" width=\"30\" height=\"30\" srcset=\"https:\/\/blogs.multimeios.ufc.br\/fernandacarmo\/files\/2023\/01\/Home_icon_green-1-300x300.png 300w, https:\/\/blogs.multimeios.ufc.br\/fernandacarmo\/files\/2023\/01\/Home_icon_green-1-150x150.png 150w, https:\/\/blogs.multimeios.ufc.br\/fernandacarmo\/files\/2023\/01\/Home_icon_green-1.png 512w\" sizes=\"(max-width: 30px) 100vw, 30px\" \/><\/a><br \/>In\u00edcio<\/h3>\n<\/td>\n<td style=\"width: 33.3333%; padding: 0px; text-align: right; border-color: #ffffff;\">\n<h3><a href=\"http:\/\/blogs.multimeios.ufc.br\/fernandacarmo\/1-ligeiros-aspectos-biograficos\"><img decoding=\"async\" class=\"alignnone wp-image-4538\" src=\"http:\/\/blogs.multimeios.ufc.br\/fernandacarmo\/files\/2023\/01\/botao-para-a-direita-300x300.png\" alt=\"\" width=\"30\" height=\"30\" srcset=\"https:\/\/blogs.multimeios.ufc.br\/fernandacarmo\/files\/2023\/01\/botao-para-a-direita-300x300.png 300w, https:\/\/blogs.multimeios.ufc.br\/fernandacarmo\/files\/2023\/01\/botao-para-a-direita-150x150.png 150w, https:\/\/blogs.multimeios.ufc.br\/fernandacarmo\/files\/2023\/01\/botao-para-a-direita.png 512w\" sizes=\"(max-width: 30px) 100vw, 30px\" \/><\/a><br \/>1 Ligeiros aspectos biogr\u00e1ficos<\/h3>\n<\/td>\n<\/tr>\n<\/tbody>\n<\/table>\n<h3>\u00a0<\/h3>\n<p><img decoding=\"async\" class=\"alignnone size-full wp-image-230\" src=\"http:\/\/blogs.multimeios.ufc.br\/fernandacarmo\/files\/2021\/05\/IMG-20200826-WA0011.jpg\" alt=\"\" width=\"651\" height=\"59\" srcset=\"https:\/\/blogs.multimeios.ufc.br\/fernandacarmo\/files\/2021\/05\/IMG-20200826-WA0011.jpg 651w, https:\/\/blogs.multimeios.ufc.br\/fernandacarmo\/files\/2021\/05\/IMG-20200826-WA0011-300x27.jpg 300w\" sizes=\"(max-width: 651px) 100vw, 651px\" \/><\/p>\n<\/div>\n\n\n\n<p><\/p>\n","protected":false},"excerpt":{"rendered":"<p>Sum\u00e1rio 1 Ligeiros aspectos biogr\u00e1ficos 2 O Laborat\u00f3rio MultiMeios: passado e presente 3 A Sequ\u00eancia Fedathi ao longo dos anos 4 Legado \u00a0 Arquivo \u00a0 Refer\u00eancias \u00a0 \u00a0 In\u00edcio 1 Ligeiros aspectos biogr\u00e1ficos \u00a0<\/p>\n","protected":false},"author":23,"featured_media":0,"parent":0,"menu_order":0,"comment_status":"closed","ping_status":"closed","template":"elementor_header_footer","meta":{"footnotes":""},"class_list":["post-1504","page","type-page","status-publish","hentry"],"yoast_head":"<!-- This site is optimized with the Yoast SEO plugin v27.3 - https:\/\/yoast.com\/product\/yoast-seo-wordpress\/ -->\n<title>Blog da Fernanda - E-book &quot;Fedathi: trilhas constru\u00eddas e contrib...<\/title>\n<meta name=\"description\" content=\"E-book &quot;Fedathi: trilhas constru\u00eddas e contribui\u00e7\u00f5es para a Educa\u00e7\u00e3o&quot; que traz um pouco da biografia do professor Herminio Borges Neto\" \/>\n<meta name=\"robots\" content=\"index, follow, max-snippet:-1, max-image-preview:large, max-video-preview:-1\" \/>\n<link rel=\"canonical\" href=\"http:\/\/blogs.multimeios.ufc.br\/fernandacarmo\/sumario1\/\" \/>\n<meta property=\"og:locale\" content=\"pt_BR\" \/>\n<meta property=\"og:type\" content=\"article\" \/>\n<meta property=\"og:title\" content=\"Blog da Fernanda - E-book &quot;Fedathi: trilhas constru\u00eddas e contrib...\" \/>\n<meta property=\"og:description\" content=\"E-book &quot;Fedathi: trilhas constru\u00eddas e contribui\u00e7\u00f5es para a Educa\u00e7\u00e3o&quot; que traz um pouco da biografia do professor Herminio Borges Neto\" \/>\n<meta property=\"og:url\" content=\"http:\/\/blogs.multimeios.ufc.br\/fernandacarmo\/sumario1\/\" \/>\n<meta property=\"og:site_name\" content=\"Blog da Fernanda\" \/>\n<meta property=\"article:modified_time\" content=\"2024-08-18T15:24:18+00:00\" \/>\n<meta property=\"og:image\" content=\"http:\/\/blogs.multimeios.ufc.br\/fernandacarmo\/files\/2023\/01\/Home_icon_green-1-300x300.png\" \/>\n<meta name=\"twitter:card\" content=\"summary_large_image\" \/>\n<meta name=\"twitter:label1\" content=\"Est. tempo de leitura\" \/>\n\t<meta name=\"twitter:data1\" content=\"1 minuto\" \/>\n<script type=\"application\/ld+json\" class=\"yoast-schema-graph\">{\"@context\":\"https:\\\/\\\/schema.org\",\"@graph\":[{\"@type\":\"WebPage\",\"@id\":\"http:\\\/\\\/blogs.multimeios.ufc.br\\\/fernandacarmo\\\/sumario1\\\/\",\"url\":\"http:\\\/\\\/blogs.multimeios.ufc.br\\\/fernandacarmo\\\/sumario1\\\/\",\"name\":\"Blog da Fernanda - E-book \\\"Fedathi: trilhas constru\u00eddas e contrib...\",\"isPartOf\":{\"@id\":\"https:\\\/\\\/blogs.multimeios.ufc.br\\\/fernandacarmo\\\/#website\"},\"primaryImageOfPage\":{\"@id\":\"http:\\\/\\\/blogs.multimeios.ufc.br\\\/fernandacarmo\\\/sumario1\\\/#primaryimage\"},\"image\":{\"@id\":\"http:\\\/\\\/blogs.multimeios.ufc.br\\\/fernandacarmo\\\/sumario1\\\/#primaryimage\"},\"thumbnailUrl\":\"http:\\\/\\\/blogs.multimeios.ufc.br\\\/fernandacarmo\\\/files\\\/2023\\\/01\\\/Home_icon_green-1-300x300.png\",\"datePublished\":\"2021-05-31T15:48:15+00:00\",\"dateModified\":\"2024-08-18T15:24:18+00:00\",\"description\":\"E-book \\\"Fedathi: trilhas constru\u00eddas e contribui\u00e7\u00f5es para a Educa\u00e7\u00e3o\\\" que traz um pouco da biografia do professor Herminio Borges Neto\",\"breadcrumb\":{\"@id\":\"http:\\\/\\\/blogs.multimeios.ufc.br\\\/fernandacarmo\\\/sumario1\\\/#breadcrumb\"},\"inLanguage\":\"pt-BR\",\"potentialAction\":[{\"@type\":\"ReadAction\",\"target\":[\"http:\\\/\\\/blogs.multimeios.ufc.br\\\/fernandacarmo\\\/sumario1\\\/\"]}]},{\"@type\":\"ImageObject\",\"inLanguage\":\"pt-BR\",\"@id\":\"http:\\\/\\\/blogs.multimeios.ufc.br\\\/fernandacarmo\\\/sumario1\\\/#primaryimage\",\"url\":\"https:\\\/\\\/blogs.multimeios.ufc.br\\\/fernandacarmo\\\/files\\\/2023\\\/01\\\/Home_icon_green-1.png\",\"contentUrl\":\"https:\\\/\\\/blogs.multimeios.ufc.br\\\/fernandacarmo\\\/files\\\/2023\\\/01\\\/Home_icon_green-1.png\",\"width\":512,\"height\":512},{\"@type\":\"BreadcrumbList\",\"@id\":\"http:\\\/\\\/blogs.multimeios.ufc.br\\\/fernandacarmo\\\/sumario1\\\/#breadcrumb\",\"itemListElement\":[{\"@type\":\"ListItem\",\"position\":1,\"name\":\"In\u00edcio\",\"item\":\"https:\\\/\\\/blogs.multimeios.ufc.br\\\/fernandacarmo\\\/\"},{\"@type\":\"ListItem\",\"position\":2,\"name\":\"Sum\u00e1rio\"}]},{\"@type\":\"WebSite\",\"@id\":\"https:\\\/\\\/blogs.multimeios.ufc.br\\\/fernandacarmo\\\/#website\",\"url\":\"https:\\\/\\\/blogs.multimeios.ufc.br\\\/fernandacarmo\\\/\",\"name\":\"Blog da Fernanda\",\"description\":\"\",\"potentialAction\":[{\"@type\":\"SearchAction\",\"target\":{\"@type\":\"EntryPoint\",\"urlTemplate\":\"https:\\\/\\\/blogs.multimeios.ufc.br\\\/fernandacarmo\\\/?s={search_term_string}\"},\"query-input\":{\"@type\":\"PropertyValueSpecification\",\"valueRequired\":true,\"valueName\":\"search_term_string\"}}],\"inLanguage\":\"pt-BR\"}]}<\/script>\n<!-- \/ Yoast SEO plugin. -->","yoast_head_json":{"title":"Blog da Fernanda - E-book \"Fedathi: trilhas constru\u00eddas e contrib...","description":"E-book \"Fedathi: trilhas constru\u00eddas e contribui\u00e7\u00f5es para a Educa\u00e7\u00e3o\" que traz um pouco da biografia do professor Herminio Borges Neto","robots":{"index":"index","follow":"follow","max-snippet":"max-snippet:-1","max-image-preview":"max-image-preview:large","max-video-preview":"max-video-preview:-1"},"canonical":"http:\/\/blogs.multimeios.ufc.br\/fernandacarmo\/sumario1\/","og_locale":"pt_BR","og_type":"article","og_title":"Blog da Fernanda - E-book \"Fedathi: trilhas constru\u00eddas e contrib...","og_description":"E-book \"Fedathi: trilhas constru\u00eddas e contribui\u00e7\u00f5es para a Educa\u00e7\u00e3o\" que traz um pouco da biografia do professor Herminio Borges Neto","og_url":"http:\/\/blogs.multimeios.ufc.br\/fernandacarmo\/sumario1\/","og_site_name":"Blog da Fernanda","article_modified_time":"2024-08-18T15:24:18+00:00","og_image":[{"url":"http:\/\/blogs.multimeios.ufc.br\/fernandacarmo\/files\/2023\/01\/Home_icon_green-1-300x300.png","type":"","width":"","height":""}],"twitter_card":"summary_large_image","twitter_misc":{"Est. tempo de leitura":"1 minuto"},"schema":{"@context":"https:\/\/schema.org","@graph":[{"@type":"WebPage","@id":"http:\/\/blogs.multimeios.ufc.br\/fernandacarmo\/sumario1\/","url":"http:\/\/blogs.multimeios.ufc.br\/fernandacarmo\/sumario1\/","name":"Blog da Fernanda - E-book \"Fedathi: trilhas constru\u00eddas e contrib...","isPartOf":{"@id":"https:\/\/blogs.multimeios.ufc.br\/fernandacarmo\/#website"},"primaryImageOfPage":{"@id":"http:\/\/blogs.multimeios.ufc.br\/fernandacarmo\/sumario1\/#primaryimage"},"image":{"@id":"http:\/\/blogs.multimeios.ufc.br\/fernandacarmo\/sumario1\/#primaryimage"},"thumbnailUrl":"http:\/\/blogs.multimeios.ufc.br\/fernandacarmo\/files\/2023\/01\/Home_icon_green-1-300x300.png","datePublished":"2021-05-31T15:48:15+00:00","dateModified":"2024-08-18T15:24:18+00:00","description":"E-book \"Fedathi: trilhas constru\u00eddas e contribui\u00e7\u00f5es para a Educa\u00e7\u00e3o\" que traz um pouco da biografia do professor Herminio Borges Neto","breadcrumb":{"@id":"http:\/\/blogs.multimeios.ufc.br\/fernandacarmo\/sumario1\/#breadcrumb"},"inLanguage":"pt-BR","potentialAction":[{"@type":"ReadAction","target":["http:\/\/blogs.multimeios.ufc.br\/fernandacarmo\/sumario1\/"]}]},{"@type":"ImageObject","inLanguage":"pt-BR","@id":"http:\/\/blogs.multimeios.ufc.br\/fernandacarmo\/sumario1\/#primaryimage","url":"https:\/\/blogs.multimeios.ufc.br\/fernandacarmo\/files\/2023\/01\/Home_icon_green-1.png","contentUrl":"https:\/\/blogs.multimeios.ufc.br\/fernandacarmo\/files\/2023\/01\/Home_icon_green-1.png","width":512,"height":512},{"@type":"BreadcrumbList","@id":"http:\/\/blogs.multimeios.ufc.br\/fernandacarmo\/sumario1\/#breadcrumb","itemListElement":[{"@type":"ListItem","position":1,"name":"In\u00edcio","item":"https:\/\/blogs.multimeios.ufc.br\/fernandacarmo\/"},{"@type":"ListItem","position":2,"name":"Sum\u00e1rio"}]},{"@type":"WebSite","@id":"https:\/\/blogs.multimeios.ufc.br\/fernandacarmo\/#website","url":"https:\/\/blogs.multimeios.ufc.br\/fernandacarmo\/","name":"Blog da Fernanda","description":"","potentialAction":[{"@type":"SearchAction","target":{"@type":"EntryPoint","urlTemplate":"https:\/\/blogs.multimeios.ufc.br\/fernandacarmo\/?s={search_term_string}"},"query-input":{"@type":"PropertyValueSpecification","valueRequired":true,"valueName":"search_term_string"}}],"inLanguage":"pt-BR"}]}},"_links":{"self":[{"href":"https:\/\/blogs.multimeios.ufc.br\/fernandacarmo\/wp-json\/wp\/v2\/pages\/1504","targetHints":{"allow":["GET"]}}],"collection":[{"href":"https:\/\/blogs.multimeios.ufc.br\/fernandacarmo\/wp-json\/wp\/v2\/pages"}],"about":[{"href":"https:\/\/blogs.multimeios.ufc.br\/fernandacarmo\/wp-json\/wp\/v2\/types\/page"}],"author":[{"embeddable":true,"href":"https:\/\/blogs.multimeios.ufc.br\/fernandacarmo\/wp-json\/wp\/v2\/users\/23"}],"replies":[{"embeddable":true,"href":"https:\/\/blogs.multimeios.ufc.br\/fernandacarmo\/wp-json\/wp\/v2\/comments?post=1504"}],"version-history":[{"count":64,"href":"https:\/\/blogs.multimeios.ufc.br\/fernandacarmo\/wp-json\/wp\/v2\/pages\/1504\/revisions"}],"predecessor-version":[{"id":5133,"href":"https:\/\/blogs.multimeios.ufc.br\/fernandacarmo\/wp-json\/wp\/v2\/pages\/1504\/revisions\/5133"}],"wp:attachment":[{"href":"https:\/\/blogs.multimeios.ufc.br\/fernandacarmo\/wp-json\/wp\/v2\/media?parent=1504"}],"curies":[{"name":"wp","href":"https:\/\/api.w.org\/{rel}","templated":true}]}}