{"id":177,"date":"2021-04-09T14:05:29","date_gmt":"2021-04-09T17:05:29","guid":{"rendered":"http:\/\/blogs.multimeios.ufc.br\/fernandacarmo\/?page_id=177"},"modified":"2024-08-16T18:21:26","modified_gmt":"2024-08-16T21:21:26","slug":"luiz-oswaldo","status":"publish","type":"page","link":"https:\/\/blogs.multimeios.ufc.br\/fernandacarmo\/luiz-oswaldo\/","title":{"rendered":"As origens da maior fornecedora de professores do Sert\u00e3o Central e a figura respons\u00e1vel por ela"},"content":{"rendered":"\n<div id=\"content\" style=\"margin-right: 20px !important;\" role=\"main\">\n<h3>\u00a0<\/h3>\n<h2 style=\"text-align: center;\"><strong>As origens da maior fornecedora de professores do Sert\u00e3o Central e a figura respons\u00e1vel por ela<\/strong><\/h2>\n<div id=\"attachment_191\" style=\"width: 650px\" class=\"wp-caption aligncenter\"><img fetchpriority=\"high\" decoding=\"async\" aria-describedby=\"caption-attachment-191\" class=\"wp-image-191 size-large\" src=\"http:\/\/blogs.multimeios.ufc.br\/fernandacarmo\/files\/2021\/04\/DSC094271-1024x680.jpg\" alt=\"Fotografia do professor Luiz Oswaldo em frente a FECLESC\/UECE\" width=\"640\" height=\"425\" srcset=\"https:\/\/blogs.multimeios.ufc.br\/fernandacarmo\/files\/2021\/04\/DSC094271-1024x680.jpg 1024w, https:\/\/blogs.multimeios.ufc.br\/fernandacarmo\/files\/2021\/04\/DSC094271-300x199.jpg 300w, https:\/\/blogs.multimeios.ufc.br\/fernandacarmo\/files\/2021\/04\/DSC094271-768x510.jpg 768w, https:\/\/blogs.multimeios.ufc.br\/fernandacarmo\/files\/2021\/04\/DSC094271-1536x1021.jpg 1536w, https:\/\/blogs.multimeios.ufc.br\/fernandacarmo\/files\/2021\/04\/DSC094271-2048x1361.jpg 2048w\" sizes=\"(max-width: 640px) 100vw, 640px\" \/><p id=\"caption-attachment-191\" class=\"wp-caption-text\">Foto: Fernanda Carmo.<\/p><\/div>\n<h3 style=\"text-align: justify;\"><a href=\"http:\/\/lattes.cnpq.br\/5765106596439981\" target=\"_blank\" rel=\"noopener\">Luiz Oswaldo Sant\u2019Iago Moreira de Souza<\/a> nasceu em Natal\/RN, no dia 26 de agosto de 1946, filho de um casal conservador e de orienta\u00e7\u00e3o cat\u00f3lica. Iniciou os estudos no Col\u00e9gio S\u00e3o Lu\u00eds\/RN, com seis anos de idade, de onde foi expulso por questionar a professora, durante uma aula de Hist\u00f3ria, sobre algo que lhe incomodava. E esta pergunta foi interpretada pela mesma como uma falta de respeito. Depois disso, passou tr\u00eas anos no Col\u00e9gio Salesiano, tamb\u00e9m em Natal, onde concluiu seu curso prim\u00e1rio, assim chamado na \u00e9poca. Realizou exame de admiss\u00e3o e ingressou no Semin\u00e1rio Salesiano, em Carpina\/PE, permanecendo por seis anos. Passou um ano como noviciado em Jaboat\u00e3o; cursou dois anos de Filosofia e Pedagogia na Faculdade DomBosco em S\u00e3o Jo\u00e3o Del-Rei\/MG, de onde tamb\u00e9m foi expulso, e mudou-se para Recife. Com quatro meses foi novamente expulso, agora de Recife, e de l\u00e1 se mudou para Baturit\u00e9, onde residiu durante dois anos e meio, quando resolveu sair da congrega\u00e7\u00e3o, partindo assim, para Pedra Branca\/CE, onde viveu os anos de 1970 e 1971.<\/h3>\n<h3 style=\"text-align: justify;\">Em 1972, come\u00e7ou a trabalhar no Banco do Brasil de Quixad\u00e1, depois de uma hist\u00f3ria muito conturbada: apesar de ter ficado em terceiro lugar do pa\u00eds, aguardou dois anos para ser chamado. Ap\u00f3s chegar a Quixad\u00e1 n\u00e3o quis mais sair, pois se apaixonou pelo lugar. Ausentou-se de Quixad\u00e1 para ocupar um cargo no Conselho de Administra\u00e7\u00e3o do Banco do Brasil, \u00f3rg\u00e3o m\u00e1ximo do banco, durante dois anos, e mais um ano como reitor da universidade do banco, retornando ent\u00e3o para Quixad\u00e1 tr\u00eas anos depois. Em 2003 foi para Bras\u00edlia, ser vice-presidente no setor de gest\u00e3o de pessoas e responsabilidade socioambiental do banco at\u00e9 2009 quando passou para a dire\u00e7\u00e3o do Minist\u00e9rio da Pesca, no setor de apicultura em \u00e1guas continentais, retornando para o Cear\u00e1 apenas em 2012.<\/h3>\n<h3 style=\"text-align: justify;\">Quando chegou a Quixad\u00e1 pela primeira vez, Luiz percebeu que essa era a \u00fanica regi\u00e3o no estado do Cear\u00e1 que n\u00e3o possu\u00eda nenhuma institui\u00e7\u00e3o de ensino superior. Em Limoeiro do Norte existia a Faculdade de Filosofia Dom Aureliano Matos (FAFIDAM\/UECE); no Cariri havia a atual Universidade Regional do Cariri (URCA); em Sobral, a Faculdade Dom Jos\u00e9, todas criadas pela Igreja Cat\u00f3lica; e em Fortaleza, a Universidade Federal do Cear\u00e1 (UFC), a Universidade Estadual do Cear\u00e1 (UECE) e a Faculdade de Filosofia de Fortaleza (FAFIFOR), que tamb\u00e9m havia sido criada pela igreja. Naquela \u00e9poca a UECE estava nascendo e a igreja n\u00e3o criava mais faculdades, deixando nossa regi\u00e3o ao l\u00e9u. Isso desencadeou a ideia de se ter uma faculdade aqui em Quixad\u00e1. Na mesma \u00e9poca, Luiz Oswaldo havia sido chamado pelo prefeito Aziz Okka Baquit para ser secret\u00e1rio de educa\u00e7\u00e3o e, ent\u00e3o, essa ideia come\u00e7ou a ser trabalhada. Criou-se, ent\u00e3o, a Faculdade Jo\u00e3o XXIII por decreto. Luiz acreditava que havia a necessidade inicial de preparar os alunos, o que fez pulando de quatro mil alunos matriculados, s\u00f3 no primeiro ano, para vinte e um mil.<\/h3>\n<h3 style=\"text-align: justify;\">Nesse per\u00edodo o Estado tinha poucos recursos, mas com uma visita do governador C\u00e9sar Cals a Quixad\u00e1, Luiz fez uma reinvindica\u00e7\u00e3o para o mesmo, que prometeu aux\u00edlio desde que houvesse a doa\u00e7\u00e3o do terreno. Luiz conseguiu a compra de um terreno pela prefeitura, localizado no Alto S\u00e3o Francisco, onde hoje se encontra o col\u00e9gio C\u00e9sar Cals. Essa localiza\u00e7\u00e3o do terreno foi respons\u00e1vel pela mo\u00e7\u00e3o de rep\u00fadio feita pela c\u00e2mara dos vereadores a Luiz Oswaldo, alegando que a faculdade seria constru\u00edda \u201cno meio do mato\u201d. O mesmo aconteceu quando da constru\u00e7\u00e3o da Faculdade, de fato, em outra localiza\u00e7\u00e3o e onde ela se encontra atualmente. Hoje, ambas se encontram em bairros bastante populosos.<\/h3>\n<h3 style=\"text-align: justify;\">A luta pela faculdade, que era sonho de todo quixadaense, teve bastante apoio da comunidade, levando ao surgimento da Funda\u00e7\u00e3o Educacional do Sert\u00e3o Central (FUNESC), que tinha o objetivo de envolver toda a regi\u00e3o. Aos poucos foram feitas rifas, bingos e houve ainda a doa\u00e7\u00e3o do terreno feita pelo fazendeiro Sr. Quinzinho. Por\u00e9m, nesse terreno localizavam-se as ru\u00ednas do antigo matadouro da cidade que abrigava quatro fam\u00edlias. O juiz quis dar ordem de despejo para essas fam\u00edlias, mas isso n\u00e3o foi permitido pelos fundadores, pois n\u00e3o viam significado em come\u00e7ar uma casa de educa\u00e7\u00e3o com uma ordem de despejo. O problema foi resolvido com uma gincana feita nas escolas da cidade e em apenas tr\u00eas dias arranjou-se material de constru\u00e7\u00e3o para dez casas, que foram erguidas em mutir\u00e3o e ocupadas pelas fam\u00edlias que seriam despejadas e outras seis que estavam desabrigadas.<\/h3>\n<h3 style=\"text-align: justify;\">Em um dos bingos realizados em prol da constru\u00e7\u00e3o da faculdade houve um epis\u00f3dio que mostra o grande empenho do povo quixadaense nessa a\u00e7\u00e3o. Os funcion\u00e1rios da faculdade (j\u00e1 havia funcion\u00e1rios, pois, embora sem aulas e antes mesmo de estar com a estrutura f\u00edsica totalmente terminada, a faculdade j\u00e1 prestava diversos servi\u00e7os \u00e0 popula\u00e7\u00e3o, como a biblioteca, por exemplo) compraram bilhetes de um bingo, que tinha como pr\u00eamio dois garrotes e dois carneiros, e prometeram que se ganhassem o jogo doariam os pr\u00eamios novamente para a faculdade. O desfecho da hist\u00f3ria \u00e9 que dos quatros animais sorteados apenas um carneiro n\u00e3o foi ganho pelos funcion\u00e1rios. \u201cN\u00e3o h\u00e1 como se esquecer da grande sorte desses indiv\u00edduos\u201d, relata Luiz. Os animais foram doados novamente em prol da mesma causa e, desta vez, foi feita uma rifa ao inv\u00e9s de bingo para que os pr\u00eamios sa\u00edssem de fato.<\/h3>\n<h3 style=\"text-align: justify;\">A constru\u00e7\u00e3o da faculdade iniciou-se tendo apenas vinte e nove cruzeiros na conta e a folha da semana girava em torno de mil e quinhentos. No entanto, durante todo o per\u00edodo de constru\u00e7\u00e3o, o ex-prefeito Aziz Baquit, emprestava o dinheiro todo fim de semana e \u00e0 medida que era poss\u00edvel, a comunidade, com muito empenho, pagava. Os trabalhos s\u00f3 foram interrompidos, por falta de recursos, durante uma \u00fanica semana, uma vez que havia a contribui\u00e7\u00e3o de toda a cidade. Houve casos de pais de fam\u00edlias carentes querendo doar quinhentos cruzeiros. Entretanto, Luiz sendo conhecedor da situa\u00e7\u00e3o, aceitava apenas uma parte. Havia alunos do antigo Grupo Adolfo Siqueira, hoje chamado Terra dos Mon\u00f3litos, que faziam cota com o dinheiro que traziam para a merenda, em torno de vinte ou trinta cruzeiros, juntando um total de duzentos cruzeiros e doavam. Houve jantares, por exemplo, em que se era convidado para jantar, pagava-se caro e ainda tinha que trazer a comida se quisesse comer. Ou seja, havia uma participa\u00e7\u00e3o popular muito intensa e foi assim que conseguiram levantar o pr\u00e9dio original, que levou um ano e meio de constru\u00e7\u00e3o.<\/h3>\n<h3 style=\"text-align: justify;\">Conclu\u00edda a estrutura f\u00edsica, sucedeu a inaugura\u00e7\u00e3o que deixou a popula\u00e7\u00e3o surpresa com a chegada de dois avi\u00f5es de pol\u00edticos, entre eles o governador, para participar da solenidade, sem convite algum. Na ocasi\u00e3o, o governador prometeu o pagamento do restante da d\u00edvida, al\u00e9m de ajudar na compra do mobili\u00e1rio. Com apoio do deputado Everardo Silveira, que recebeu a visita do futuro governador Gonzaga Mota, foi poss\u00edvel autorizar a UECE a encampar a faculdade rec\u00e9m-constru\u00edda. A escolha em fazer parte da UECE foi causada por um motivo muito peculiar: a UFC j\u00e1 possu\u00eda um carimb\u00e3o muito espec\u00edfico; a Universidade de Fortaleza (UNIFOR) se interessou, mas n\u00e3o seria adequado que a faculdade constru\u00edda com muito esfor\u00e7o da popula\u00e7\u00e3o fosse vinculada a uma institui\u00e7\u00e3o privada, onde seus filhos tivessem que pagar para estudar, e ent\u00e3o, optou-se pela UECE, que, inclusive, era um caos na \u00e9poca. Ademais, Luiz afirma que a contribui\u00e7\u00e3o desta rec\u00e9m-criada faculdade, nominada Faculdade de Educa\u00e7\u00e3o, Ci\u00eancias e Letras do Sert\u00e3o Central (FECLESC), para a UECE foi bem maior que a da UECE para a FECLESC e um argumento que comprova isso \u00e9 o fato de que o reitor seguinte enviou um grupo de pessoas para adquirir experi\u00eancia e fazer todo o planejamento da UECE baseado na FECLESC.<\/h3>\n<h3 style=\"text-align: justify;\">Durante todo esse per\u00edodo havia sempre a preocupa\u00e7\u00e3o para que as coisas fossem acontecendo dentro de uma ordem pr\u00e9-estabelecida de planejamento. Sentia-se que n\u00e3o era coerente pensar em outros cursos, sem antes pensar no magist\u00e9rio, porque, com as palavras de Luiz Oswaldo, \u201cvoc\u00ea pode viver sem contador, sem psic\u00f3logo, sem advogado e at\u00e9 mesmo sem m\u00e9dico, mas nenhum deles consegue chegar \u00e0 universidade sem o professor. E \u00e9 por isso que a FECLESC se dedica ao magist\u00e9rio\u201d.<\/h3>\n<h3 style=\"text-align: justify;\">O primeiro curso criado foi o de Pedagogia, junto com o curso de Licenciatura Curta em Ci\u00eancias e o primeiro vestibular foi realizado em 18 de abril de 1983. As aulas se iniciaram no dia 26 de abril do mesmo ano e ainda no dia 29 foi realizada a solenidade da aula inaugural. No semestre seguinte, conseguiu-se convencer a reitoria a criar o curso de Licenciatura em Hist\u00f3ria. Depois, criou-se o curso de Letras Portugu\u00eas e Letras Ingl\u00eas, nessa ordem. Com o passar dos anos, o curso de Licenciatura Curta em Ci\u00eancias se desmembrou em outros quatro cursos: Licenciatura em Matem\u00e1tica, F\u00edsica, Biologia e Qu\u00edmica. E essas s\u00e3o as oito gradua\u00e7\u00f5es oferecidas, hoje, pela FECLESC.<\/h3>\n<h3 style=\"text-align: justify;\">Em 24 de maio de 1983, ocorreu um fato interessante que marcou logo o in\u00edcio do funcionamento da FECLESC. No dia do centen\u00e1rio da liberta\u00e7\u00e3o dos escravos de Quixad\u00e1, Luiz Oswaldo realizou um debate na faculdade e trouxe para a discuss\u00e3o um vaqueiro, um gari, uma professora municipal, uma dom\u00e9stica e uma prostituta. O fato de se ter uma prostituta dentro da faculdade proporcionou uma campanha pela qual se afirmava que Luiz Oswaldo havia trazido prostitutas para dar aulas para as senhoras de bem de Quixad\u00e1. Segundo ele, isso era uma forma de mascarar a insatisfa\u00e7\u00e3o dos poderosos com o resultado do debate, pois se chegou \u00e0 conclus\u00e3o de que o car\u00e1ter da escravid\u00e3o ainda permanecia na cidade, sendo citados, na ocasi\u00e3o, nomes de f\u00e1bricas e estabelecimentos comerciais.<\/h3>\n<h3 style=\"text-align: justify;\">Esse acontecimento, e outros, levaram a um rompimento das boas rela\u00e7\u00f5es com a UECE, motivados por quest\u00f5es pol\u00edticas. Ainda na quest\u00e3o pol\u00edtica, o governo de Quixad\u00e1 se mantinha contra a FECLESC, pois, de certa forma, ela estava mudando a forma de pensar da regi\u00e3o. E foi a partir mesmo da cria\u00e7\u00e3o da FECLESC que houve uma mudan\u00e7a pol\u00edtica em todo o Sert\u00e3o Central, o que fica como sugest\u00e3o do pr\u00f3prio Luiz Oswaldo para algu\u00e9m da Hist\u00f3ria analisar, n\u00e3o s\u00f3 esta, mas todas as s\u00e9ries de contribui\u00e7\u00f5es da FECLESC para a comunidade.<\/h3>\n<h3 style=\"text-align: justify;\">A exist\u00eancia dessa faculdade hoje deve muito, tamb\u00e9m, ao movimento estudantil, que era formado por professores da FECLESC e que sentiam a necessidade de se opor ao <em>status quo<\/em>, isto \u00e9, sentiam a necessidade de tentar a liberta\u00e7\u00e3o, de tentar crescer, de buscar autonomia, conseguindo garantir o reconhecimento dos Cursos pelo Conselho Federal de Educa\u00e7\u00e3o. Da FECLESC saiu ainda o nascimento da APROMICE \u2013 Associa\u00e7\u00e3o das Professoras Municipais do Interior do Cear\u00e1. Vale ressaltar que esse movimento se expandiu e deu origem ao Sindicato dos Servidores P\u00fablicos de todo o Cear\u00e1.<\/h3>\n<h3 style=\"text-align: justify;\">A FECLESC ainda chegou a criar extens\u00f5es nas cidades de Senador Pompeu e em Baturit\u00e9, mas n\u00e3o vigorou, pois ao abrir os mesmos cursos nessas extens\u00f5es, houve um esvaziamento tanto nas extens\u00f5es como na pr\u00f3pria FECLESC, havendo assim a necessidade de fech\u00e1-las. De acordo com Luiz, \u00e9 interessante a presen\u00e7a de faculdades nas v\u00e1rias cidades, por\u00e9m com cursos diferenciados, pois ao se ofertar os mesmos cursos, surge uma concorr\u00eancia interna que pode ser prejudicial a ambas.<\/h3>\n<h3 style=\"text-align: justify;\">Em abril de 2018, a FECELESC comemoria 35 anos de funcionamento, e em 2017, contava com Luiz Oswaldo novamente na dire\u00e7\u00e3o, tentando prestar maiores servi\u00e7os \u00e0 comunidade, atrav\u00e9s de escutat\u00f3rias feitas para elaborar o plano de gest\u00e3o; oferecendo cursos em parceria com o Sindicado dos Servidores P\u00fablicos, al\u00e9m de trabalhar com outros sindicatos; proporcionando projetos de extens\u00e3o na comunidade; iniciando um trabalho com a Escola da Terra em Ocara, entre outros; tudo isso como uma tentativa de retornar um pouco \u00e0s suas origens, pois a FECLESC \u00e9 filha do povo de Quixad\u00e1 e n\u00e3o pode se ausentar desse ambiente.<\/h3>\n<h3 style=\"text-align: justify;\">Em resumo, desde 1983 a FECLESC formou sucessivas turmas de educadores que hoje est\u00e3o espalhados por todo esse Sert\u00e3o Central e abrange alunos das mais diversas localidades: Aracoiaba, Aratuba, Baturit\u00e9, Guaramiranga, Irapu\u00e3 Pinheiro, Milh\u00e3, Ocara, Pacoti, Pedra Branca, Piquet Carneiro, Quixeramobim, Solon\u00f3pole, etc. Em 2017, possu\u00eda quatro cursos de mestrado: um Mestrado Acad\u00eamico Intercampi em Educa\u00e7\u00e3o (MAIE) &#8211; FECLESC\/FAFIDAM; um Mestrado Profissional em Matem\u00e1tica (PROFMAT), um Mestrado Nacional Profissional em Ensino de F\u00edsica (MNPEF) e um Mestrado Interdisciplinar em Hist\u00f3ria e Letras (MIHL). Al\u00e9m disso, tinha sido aprovado no Conselho de Ensino, Pesquisa e Extens\u00e3o (CEPE) da UECE, e deveria ir \u00e0 avalia\u00e7\u00e3o do CONSU no m\u00eas seguinte (ao da entrevista, que ocorreu em setembro de 2017), m\u00eas de Outubro, e em seguida para a CAPES, mais dois novos mestrados: um mestrado de ci\u00eancias moleculares e o outro, mestrado acad\u00eamico em f\u00edsica e, ainda, tinha-se em horizonte a cria\u00e7\u00e3o de outro mestrado em educa\u00e7\u00e3o e forma\u00e7\u00e3o de professores, que poderia, no futuro, vir a ser um curso de doutorado.<\/h3>\n<h3 style=\"text-align: justify;\">Portanto, Luiz Oswaldo \u00e9 a figura respons\u00e1vel pelo nascimento da FECLESC que hoje fornece professores para toda a rede de ensino do Sert\u00e3o Central. \u00c9 respeitado e admirado n\u00e3o s\u00f3 por atuais e ex-alunos dessa faculdade, mas por todos que conhecem seu trabalho e sua dedica\u00e7\u00e3o pela Educa\u00e7\u00e3o e por um mundo melhor, levando sempre com simpatia, bom humor e luz tudo aquilo que est\u00e1 a sua volta. E esta \u00e9 apenas uma pequena parte de sua grande hist\u00f3ria de vida e luta.<\/h3>\n<h3 style=\"text-align: left;\"><em>Autora<\/em>: Fernanda Maria Almeida do Carmo<br \/><em>Data<\/em>: 09 de abril de 2021<\/h3>\n<\/div>\n","protected":false},"excerpt":{"rendered":"<p>\u00a0 As origens da maior fornecedora de professores do Sert\u00e3o Central e a figura respons\u00e1vel por ela Luiz Oswaldo Sant\u2019Iago Moreira de Souza nasceu em Natal\/RN, no dia 26 de agosto de 1946, filho de um casal conservador e de &hellip; <a href=\"https:\/\/blogs.multimeios.ufc.br\/fernandacarmo\/luiz-oswaldo\/\">Continue lendo <span class=\"meta-nav\">&rarr;<\/span><\/a><\/p>\n","protected":false},"author":23,"featured_media":0,"parent":0,"menu_order":0,"comment_status":"closed","ping_status":"closed","template":"elementor_header_footer","meta":{"footnotes":""},"class_list":["post-177","page","type-page","status-publish","hentry"],"yoast_head":"<!-- This site is optimized with the Yoast SEO plugin v27.4 - https:\/\/yoast.com\/product\/yoast-seo-wordpress\/ -->\n<title>Blog da Fernanda - Luiz Oswaldo - FECLESC<\/title>\n<meta name=\"description\" content=\"As origens da maior fornecedora de professores do Sert\u00e3o Central (FECLESC\/UECE) e a figura respons\u00e1vel por ela (Luiz Oswaldo)\" \/>\n<meta name=\"robots\" content=\"index, follow, max-snippet:-1, max-image-preview:large, max-video-preview:-1\" \/>\n<link rel=\"canonical\" href=\"http:\/\/blogs.multimeios.ufc.br\/fernandacarmo\/luiz-oswaldo\/\" \/>\n<meta property=\"og:locale\" content=\"pt_BR\" \/>\n<meta property=\"og:type\" content=\"article\" \/>\n<meta property=\"og:title\" content=\"Blog da Fernanda - Luiz Oswaldo - FECLESC\" \/>\n<meta property=\"og:description\" content=\"As origens da maior fornecedora de professores do Sert\u00e3o Central (FECLESC\/UECE) e a figura respons\u00e1vel por ela (Luiz Oswaldo)\" \/>\n<meta property=\"og:url\" content=\"http:\/\/blogs.multimeios.ufc.br\/fernandacarmo\/luiz-oswaldo\/\" \/>\n<meta property=\"og:site_name\" content=\"Blog da Fernanda\" \/>\n<meta property=\"article:modified_time\" content=\"2024-08-16T21:21:26+00:00\" \/>\n<meta property=\"og:image\" content=\"http:\/\/blogs.multimeios.ufc.br\/fernandacarmo\/files\/2021\/04\/DSC094271-1024x680.jpg\" \/>\n<meta name=\"twitter:card\" content=\"summary_large_image\" \/>\n<meta name=\"twitter:label1\" content=\"Est. tempo de leitura\" \/>\n\t<meta name=\"twitter:data1\" content=\"13 minutos\" \/>\n<script type=\"application\/ld+json\" class=\"yoast-schema-graph\">{\"@context\":\"https:\\\/\\\/schema.org\",\"@graph\":[{\"@type\":\"WebPage\",\"@id\":\"http:\\\/\\\/blogs.multimeios.ufc.br\\\/fernandacarmo\\\/luiz-oswaldo\\\/\",\"url\":\"http:\\\/\\\/blogs.multimeios.ufc.br\\\/fernandacarmo\\\/luiz-oswaldo\\\/\",\"name\":\"Blog da Fernanda - Luiz Oswaldo - FECLESC\",\"isPartOf\":{\"@id\":\"https:\\\/\\\/blogs.multimeios.ufc.br\\\/fernandacarmo\\\/#website\"},\"primaryImageOfPage\":{\"@id\":\"http:\\\/\\\/blogs.multimeios.ufc.br\\\/fernandacarmo\\\/luiz-oswaldo\\\/#primaryimage\"},\"image\":{\"@id\":\"http:\\\/\\\/blogs.multimeios.ufc.br\\\/fernandacarmo\\\/luiz-oswaldo\\\/#primaryimage\"},\"thumbnailUrl\":\"http:\\\/\\\/blogs.multimeios.ufc.br\\\/fernandacarmo\\\/files\\\/2021\\\/04\\\/DSC094271-1024x680.jpg\",\"datePublished\":\"2021-04-09T17:05:29+00:00\",\"dateModified\":\"2024-08-16T21:21:26+00:00\",\"description\":\"As origens da maior fornecedora de professores do Sert\u00e3o Central (FECLESC\\\/UECE) e a figura respons\u00e1vel por ela (Luiz Oswaldo)\",\"breadcrumb\":{\"@id\":\"http:\\\/\\\/blogs.multimeios.ufc.br\\\/fernandacarmo\\\/luiz-oswaldo\\\/#breadcrumb\"},\"inLanguage\":\"pt-BR\",\"potentialAction\":[{\"@type\":\"ReadAction\",\"target\":[\"http:\\\/\\\/blogs.multimeios.ufc.br\\\/fernandacarmo\\\/luiz-oswaldo\\\/\"]}]},{\"@type\":\"ImageObject\",\"inLanguage\":\"pt-BR\",\"@id\":\"http:\\\/\\\/blogs.multimeios.ufc.br\\\/fernandacarmo\\\/luiz-oswaldo\\\/#primaryimage\",\"url\":\"https:\\\/\\\/blogs.multimeios.ufc.br\\\/fernandacarmo\\\/files\\\/2021\\\/04\\\/DSC094271-scaled.jpg\",\"contentUrl\":\"https:\\\/\\\/blogs.multimeios.ufc.br\\\/fernandacarmo\\\/files\\\/2021\\\/04\\\/DSC094271-scaled.jpg\",\"width\":2560,\"height\":1701},{\"@type\":\"BreadcrumbList\",\"@id\":\"http:\\\/\\\/blogs.multimeios.ufc.br\\\/fernandacarmo\\\/luiz-oswaldo\\\/#breadcrumb\",\"itemListElement\":[{\"@type\":\"ListItem\",\"position\":1,\"name\":\"In\u00edcio\",\"item\":\"https:\\\/\\\/blogs.multimeios.ufc.br\\\/fernandacarmo\\\/\"},{\"@type\":\"ListItem\",\"position\":2,\"name\":\"As origens da maior fornecedora de professores do Sert\u00e3o Central e a figura respons\u00e1vel por ela\"}]},{\"@type\":\"WebSite\",\"@id\":\"https:\\\/\\\/blogs.multimeios.ufc.br\\\/fernandacarmo\\\/#website\",\"url\":\"https:\\\/\\\/blogs.multimeios.ufc.br\\\/fernandacarmo\\\/\",\"name\":\"Blog da Fernanda\",\"description\":\"\",\"potentialAction\":[{\"@type\":\"SearchAction\",\"target\":{\"@type\":\"EntryPoint\",\"urlTemplate\":\"https:\\\/\\\/blogs.multimeios.ufc.br\\\/fernandacarmo\\\/?s={search_term_string}\"},\"query-input\":{\"@type\":\"PropertyValueSpecification\",\"valueRequired\":true,\"valueName\":\"search_term_string\"}}],\"inLanguage\":\"pt-BR\"}]}<\/script>\n<!-- \/ Yoast SEO plugin. -->","yoast_head_json":{"title":"Blog da Fernanda - Luiz Oswaldo - FECLESC","description":"As origens da maior fornecedora de professores do Sert\u00e3o Central (FECLESC\/UECE) e a figura respons\u00e1vel por ela (Luiz Oswaldo)","robots":{"index":"index","follow":"follow","max-snippet":"max-snippet:-1","max-image-preview":"max-image-preview:large","max-video-preview":"max-video-preview:-1"},"canonical":"http:\/\/blogs.multimeios.ufc.br\/fernandacarmo\/luiz-oswaldo\/","og_locale":"pt_BR","og_type":"article","og_title":"Blog da Fernanda - Luiz Oswaldo - FECLESC","og_description":"As origens da maior fornecedora de professores do Sert\u00e3o Central (FECLESC\/UECE) e a figura respons\u00e1vel por ela (Luiz Oswaldo)","og_url":"http:\/\/blogs.multimeios.ufc.br\/fernandacarmo\/luiz-oswaldo\/","og_site_name":"Blog da Fernanda","article_modified_time":"2024-08-16T21:21:26+00:00","og_image":[{"url":"http:\/\/blogs.multimeios.ufc.br\/fernandacarmo\/files\/2021\/04\/DSC094271-1024x680.jpg","type":"","width":"","height":""}],"twitter_card":"summary_large_image","twitter_misc":{"Est. tempo de leitura":"13 minutos"},"schema":{"@context":"https:\/\/schema.org","@graph":[{"@type":"WebPage","@id":"http:\/\/blogs.multimeios.ufc.br\/fernandacarmo\/luiz-oswaldo\/","url":"http:\/\/blogs.multimeios.ufc.br\/fernandacarmo\/luiz-oswaldo\/","name":"Blog da Fernanda - Luiz Oswaldo - FECLESC","isPartOf":{"@id":"https:\/\/blogs.multimeios.ufc.br\/fernandacarmo\/#website"},"primaryImageOfPage":{"@id":"http:\/\/blogs.multimeios.ufc.br\/fernandacarmo\/luiz-oswaldo\/#primaryimage"},"image":{"@id":"http:\/\/blogs.multimeios.ufc.br\/fernandacarmo\/luiz-oswaldo\/#primaryimage"},"thumbnailUrl":"http:\/\/blogs.multimeios.ufc.br\/fernandacarmo\/files\/2021\/04\/DSC094271-1024x680.jpg","datePublished":"2021-04-09T17:05:29+00:00","dateModified":"2024-08-16T21:21:26+00:00","description":"As origens da maior fornecedora de professores do Sert\u00e3o Central (FECLESC\/UECE) e a figura respons\u00e1vel por ela (Luiz Oswaldo)","breadcrumb":{"@id":"http:\/\/blogs.multimeios.ufc.br\/fernandacarmo\/luiz-oswaldo\/#breadcrumb"},"inLanguage":"pt-BR","potentialAction":[{"@type":"ReadAction","target":["http:\/\/blogs.multimeios.ufc.br\/fernandacarmo\/luiz-oswaldo\/"]}]},{"@type":"ImageObject","inLanguage":"pt-BR","@id":"http:\/\/blogs.multimeios.ufc.br\/fernandacarmo\/luiz-oswaldo\/#primaryimage","url":"https:\/\/blogs.multimeios.ufc.br\/fernandacarmo\/files\/2021\/04\/DSC094271-scaled.jpg","contentUrl":"https:\/\/blogs.multimeios.ufc.br\/fernandacarmo\/files\/2021\/04\/DSC094271-scaled.jpg","width":2560,"height":1701},{"@type":"BreadcrumbList","@id":"http:\/\/blogs.multimeios.ufc.br\/fernandacarmo\/luiz-oswaldo\/#breadcrumb","itemListElement":[{"@type":"ListItem","position":1,"name":"In\u00edcio","item":"https:\/\/blogs.multimeios.ufc.br\/fernandacarmo\/"},{"@type":"ListItem","position":2,"name":"As origens da maior fornecedora de professores do Sert\u00e3o Central e a figura respons\u00e1vel por ela"}]},{"@type":"WebSite","@id":"https:\/\/blogs.multimeios.ufc.br\/fernandacarmo\/#website","url":"https:\/\/blogs.multimeios.ufc.br\/fernandacarmo\/","name":"Blog da Fernanda","description":"","potentialAction":[{"@type":"SearchAction","target":{"@type":"EntryPoint","urlTemplate":"https:\/\/blogs.multimeios.ufc.br\/fernandacarmo\/?s={search_term_string}"},"query-input":{"@type":"PropertyValueSpecification","valueRequired":true,"valueName":"search_term_string"}}],"inLanguage":"pt-BR"}]}},"_links":{"self":[{"href":"https:\/\/blogs.multimeios.ufc.br\/fernandacarmo\/wp-json\/wp\/v2\/pages\/177","targetHints":{"allow":["GET"]}}],"collection":[{"href":"https:\/\/blogs.multimeios.ufc.br\/fernandacarmo\/wp-json\/wp\/v2\/pages"}],"about":[{"href":"https:\/\/blogs.multimeios.ufc.br\/fernandacarmo\/wp-json\/wp\/v2\/types\/page"}],"author":[{"embeddable":true,"href":"https:\/\/blogs.multimeios.ufc.br\/fernandacarmo\/wp-json\/wp\/v2\/users\/23"}],"replies":[{"embeddable":true,"href":"https:\/\/blogs.multimeios.ufc.br\/fernandacarmo\/wp-json\/wp\/v2\/comments?post=177"}],"version-history":[{"count":32,"href":"https:\/\/blogs.multimeios.ufc.br\/fernandacarmo\/wp-json\/wp\/v2\/pages\/177\/revisions"}],"predecessor-version":[{"id":5132,"href":"https:\/\/blogs.multimeios.ufc.br\/fernandacarmo\/wp-json\/wp\/v2\/pages\/177\/revisions\/5132"}],"wp:attachment":[{"href":"https:\/\/blogs.multimeios.ufc.br\/fernandacarmo\/wp-json\/wp\/v2\/media?parent=177"}],"curies":[{"name":"wp","href":"https:\/\/api.w.org\/{rel}","templated":true}]}}