{"id":1800,"date":"2021-05-31T20:31:29","date_gmt":"2021-05-31T23:31:29","guid":{"rendered":"http:\/\/blogs.multimeios.ufc.br\/fernandacarmo\/?page_id=1800"},"modified":"2024-08-18T12:36:40","modified_gmt":"2024-08-18T15:36:40","slug":"1-ligeiros-aspectos-biograficos","status":"publish","type":"page","link":"https:\/\/blogs.multimeios.ufc.br\/fernandacarmo\/1-ligeiros-aspectos-biograficos\/","title":{"rendered":"1 Ligeiros aspectos biogr\u00e1ficos"},"content":{"rendered":"\n<div id=\"content\" style=\"margin-right: 20px !important;\" role=\"main\">\n<h2><strong>1 Ligeiros aspectos biogr\u00e1ficos<\/strong><\/h2>\n<div id=\"attachment_1416\" style=\"width: 650px\" class=\"wp-caption aligncenter\"><img fetchpriority=\"high\" decoding=\"async\" aria-describedby=\"caption-attachment-1416\" class=\"wp-image-1416 size-large\" src=\"http:\/\/blogs.multimeios.ufc.br\/fernandacarmo\/files\/2021\/05\/DSC07939-1024x680.jpg\" alt=\"Fotografia do professor Herminio Borges Neto falando com um microfone e gesticulando durante uma palestra compondo a parte 1, Ligeiros aspectos biogr\u00e1ficos, do e-book &quot;Fedathi: trilhas constru\u00eddas e contribui\u00e7\u00f5es para a Educa\u00e7\u00e3o&quot;\" width=\"640\" height=\"425\" srcset=\"https:\/\/blogs.multimeios.ufc.br\/fernandacarmo\/files\/2021\/05\/DSC07939-1024x680.jpg 1024w, https:\/\/blogs.multimeios.ufc.br\/fernandacarmo\/files\/2021\/05\/DSC07939-300x199.jpg 300w, https:\/\/blogs.multimeios.ufc.br\/fernandacarmo\/files\/2021\/05\/DSC07939-768x510.jpg 768w, https:\/\/blogs.multimeios.ufc.br\/fernandacarmo\/files\/2021\/05\/DSC07939-1536x1021.jpg 1536w, https:\/\/blogs.multimeios.ufc.br\/fernandacarmo\/files\/2021\/05\/DSC07939-2048x1361.jpg 2048w\" sizes=\"(max-width: 640px) 100vw, 640px\" \/><p id=\"caption-attachment-1416\" class=\"wp-caption-text\">Foto: Fernanda Carmo.<\/p><\/div>\n<h3>\u00a0<\/h3>\n<h3 style=\"text-align: justify;\">Herm\u00ednio Borges Neto nasceu em Fortaleza\/CE, no dia 8 de abril de 1948, filho de um oficial aviador da For\u00e7a A\u00e9rea Brasileira e de uma professora. Concluiu os estudos da Educa\u00e7\u00e3o B\u00e1sica no Col\u00e9gio Militar Fortaleza, em 1966. Foi selecionado para seguir carreira militar, mas optou pelo Bacharelado em Matem\u00e1tica, na Universidade Federal do Cear\u00e1 (UFC), concluindo em 1970. Lecionou Matem\u00e1tica e F\u00edsica no Col\u00e9gio Estadual Arminda de Ara\u00fajo e, em 1971, foi aprovado em concurso p\u00fablico para professor no Departamento de Matem\u00e1tica da UFC, onde permaneceu at\u00e9 1996, ano em que se aposentou. Concluiu o Mestrado em Matem\u00e1tica, tamb\u00e9m na UFC, em 1973, e o Doutorado em Matem\u00e1tica, no Instituto de Matem\u00e1tica Pura e Aplicada (IMPA), em 1979, na cidade do Rio de Janeiro (<a href=\"http:\/\/blogs.multimeios.ufc.br\/fernandacarmo\/referencias1\/#sousa-et-al-2013\">SOUSA <em>et al<\/em>., 2013<\/a>).<\/h3>\n<h3 style=\"text-align: justify;\">Em 1996 finalizou seu P\u00f3s-doutorado na \u00e1rea de Ensino de Matem\u00e1tica na Universit\u00e9 Paris Diderot, PARIS 7 (Fran\u00e7a), formalizando a metodologia de ensino Sequ\u00eancia Fedathi. Nessa \u00e9poca, j\u00e1 havia uma aproxima\u00e7\u00e3o desse professor com a Educa\u00e7\u00e3o. Pois, algumas inquieta\u00e7\u00f5es com rela\u00e7\u00e3o \u00e0 evas\u00e3o dos estudantes no Curso de Matem\u00e1tica, levaram-no a dialogar com professores da \u00e1rea de Educa\u00e7\u00e3o, em busca de estrat\u00e9gias para a melhoria do ensino e da aprendizagem matem\u00e1tica (<a href=\"http:\/\/blogs.multimeios.ufc.br\/fernandacarmo\/referencias1\/#torres-2018\">TORRES, 2018<\/a>; <a href=\"http:\/\/blogs.multimeios.ufc.br\/fernandacarmo\/referencias1\/#sousa-et-al-2013\">SOUSA <em>et al<\/em>., 2013<\/a>).<\/h3>\n<h3 style=\"text-align: justify;\">No ano de 1997, o professor Herm\u00ednio entrou para a Faculdade de Educa\u00e7\u00e3o (FACED) &#8211; UFC, por meio de concurso, onde fundou o <a href=\"https:\/\/www.multimeios.ufc.br\" target=\"_blank\" rel=\"noopener\">Laborat\u00f3rio MultiMeios<\/a> e o Grupo Fedathi, dois grandes contributos acad\u00eamicos, apresentados nas duas pr\u00f3ximas se\u00e7\u00f5es, respectivamente (<a href=\"http:\/\/blogs.multimeios.ufc.br\/fernandacarmo\/referencias1\/#sousa-et-al-2013\">SOUSA <em>et al<\/em>., 2013<\/a>; <a href=\"http:\/\/blogs.multimeios.ufc.br\/fernandacarmo\/referencias1\/#torres-2018\">TORRES, 2018<\/a>). Atualmente, \u00e9 professor titular dessa institui\u00e7\u00e3o.<\/h3>\n<p>\u00a0<\/p>\n<table style=\"width: 100%; border-collapse: collapse; border-color: #fff;\">\n<tbody>\n<tr>\n<td style=\"width: 33.3333%; padding: 0px; border-color: #ffffff;\">\n<h3><a href=\"https:\/\/blogs.multimeios.ufc.br\/fernandacarmo\/sumario1\/\"><img decoding=\"async\" class=\"alignnone wp-image-4539\" src=\"http:\/\/blogs.multimeios.ufc.br\/fernandacarmo\/files\/2023\/01\/botao-para-a-esquerda-300x300.png\" alt=\"\" width=\"30\" height=\"30\" srcset=\"https:\/\/blogs.multimeios.ufc.br\/fernandacarmo\/files\/2023\/01\/botao-para-a-esquerda-300x300.png 300w, https:\/\/blogs.multimeios.ufc.br\/fernandacarmo\/files\/2023\/01\/botao-para-a-esquerda-150x150.png 150w, https:\/\/blogs.multimeios.ufc.br\/fernandacarmo\/files\/2023\/01\/botao-para-a-esquerda.png 512w\" sizes=\"(max-width: 30px) 100vw, 30px\" \/><\/a><br \/>Sum\u00e1rio<\/h3>\n<\/td>\n<td style=\"width: 33.3333%; padding: 0px; border-color: #ffffff; text-align: center;\">\n<h3><a href=\"http:\/\/blogs.multimeios.ufc.br\/fernandacarmo\/herminio-borges-neto\"><img decoding=\"async\" class=\"alignnone wp-image-4540\" src=\"http:\/\/blogs.multimeios.ufc.br\/fernandacarmo\/files\/2023\/01\/Home_icon_green-1-300x300.png\" alt=\"\" width=\"30\" height=\"30\" srcset=\"https:\/\/blogs.multimeios.ufc.br\/fernandacarmo\/files\/2023\/01\/Home_icon_green-1-300x300.png 300w, https:\/\/blogs.multimeios.ufc.br\/fernandacarmo\/files\/2023\/01\/Home_icon_green-1-150x150.png 150w, https:\/\/blogs.multimeios.ufc.br\/fernandacarmo\/files\/2023\/01\/Home_icon_green-1.png 512w\" sizes=\"(max-width: 30px) 100vw, 30px\" \/><\/a><br \/>In\u00edcio<\/h3>\n<\/td>\n<td style=\"width: 33.3333%; padding: 0px; border-color: #ffffff; text-align: right;\">\n<h3><a href=\"http:\/\/blogs.multimeios.ufc.br\/fernandacarmo\/2-o-laboratorio-multimeios-passado-e-presente\/\"><img loading=\"lazy\" decoding=\"async\" class=\"alignnone wp-image-4538\" src=\"http:\/\/blogs.multimeios.ufc.br\/fernandacarmo\/files\/2023\/01\/botao-para-a-direita-300x300.png\" alt=\"\" width=\"30\" height=\"30\" srcset=\"https:\/\/blogs.multimeios.ufc.br\/fernandacarmo\/files\/2023\/01\/botao-para-a-direita-300x300.png 300w, https:\/\/blogs.multimeios.ufc.br\/fernandacarmo\/files\/2023\/01\/botao-para-a-direita-150x150.png 150w, https:\/\/blogs.multimeios.ufc.br\/fernandacarmo\/files\/2023\/01\/botao-para-a-direita.png 512w\" sizes=\"(max-width: 30px) 100vw, 30px\" \/><\/a><br \/>2 O Laborat\u00f3rio MultiMeios: passado e presente<\/h3>\n<\/td>\n<\/tr>\n<\/tbody>\n<\/table>\n<\/div>\n","protected":false},"excerpt":{"rendered":"<p>1 Ligeiros aspectos biogr\u00e1ficos \u00a0 Herm\u00ednio Borges Neto nasceu em Fortaleza\/CE, no dia 8 de abril de 1948, filho de um oficial aviador da For\u00e7a A\u00e9rea Brasileira e de uma professora. Concluiu os estudos da Educa\u00e7\u00e3o B\u00e1sica no Col\u00e9gio Militar &hellip; <a href=\"https:\/\/blogs.multimeios.ufc.br\/fernandacarmo\/1-ligeiros-aspectos-biograficos\/\">Continue lendo <span class=\"meta-nav\">&rarr;<\/span><\/a><\/p>\n","protected":false},"author":23,"featured_media":0,"parent":0,"menu_order":0,"comment_status":"closed","ping_status":"closed","template":"elementor_header_footer","meta":{"footnotes":""},"class_list":["post-1800","page","type-page","status-publish","hentry"],"yoast_head":"<!-- This site is optimized with the Yoast SEO plugin v27.4 - https:\/\/yoast.com\/product\/yoast-seo-wordpress\/ -->\n<title>Blog da Fernanda - 1 Ligeiros aspectos biogr\u00e1ficos<\/title>\n<meta name=\"description\" content=\"Ligeiros aspectos biogr\u00e1ficos (parte 1) do e-book &quot;Fedathi: trilhas constru\u00eddas e contribui\u00e7\u00f5es para a Educa\u00e7\u00e3o&quot;\" \/>\n<meta name=\"robots\" content=\"index, follow, max-snippet:-1, max-image-preview:large, max-video-preview:-1\" \/>\n<link rel=\"canonical\" href=\"http:\/\/blogs.multimeios.ufc.br\/fernandacarmo\/1-ligeiros-aspectos-biograficos\/\" \/>\n<meta property=\"og:locale\" content=\"pt_BR\" \/>\n<meta property=\"og:type\" content=\"article\" \/>\n<meta property=\"og:title\" content=\"Blog da Fernanda - 1 Ligeiros aspectos biogr\u00e1ficos\" \/>\n<meta property=\"og:description\" content=\"Ligeiros aspectos biogr\u00e1ficos (parte 1) do e-book &quot;Fedathi: trilhas constru\u00eddas e contribui\u00e7\u00f5es para a Educa\u00e7\u00e3o&quot;\" \/>\n<meta property=\"og:url\" content=\"http:\/\/blogs.multimeios.ufc.br\/fernandacarmo\/1-ligeiros-aspectos-biograficos\/\" \/>\n<meta property=\"og:site_name\" content=\"Blog da Fernanda\" \/>\n<meta property=\"article:modified_time\" content=\"2024-08-18T15:36:40+00:00\" \/>\n<meta property=\"og:image\" content=\"http:\/\/blogs.multimeios.ufc.br\/fernandacarmo\/files\/2021\/05\/DSC07939-1024x680.jpg\" \/>\n<meta name=\"twitter:card\" content=\"summary_large_image\" \/>\n<meta name=\"twitter:label1\" content=\"Est. tempo de leitura\" \/>\n\t<meta name=\"twitter:data1\" content=\"3 minutos\" \/>\n<script type=\"application\/ld+json\" class=\"yoast-schema-graph\">{\"@context\":\"https:\\\/\\\/schema.org\",\"@graph\":[{\"@type\":\"WebPage\",\"@id\":\"http:\\\/\\\/blogs.multimeios.ufc.br\\\/fernandacarmo\\\/1-ligeiros-aspectos-biograficos\\\/\",\"url\":\"http:\\\/\\\/blogs.multimeios.ufc.br\\\/fernandacarmo\\\/1-ligeiros-aspectos-biograficos\\\/\",\"name\":\"Blog da Fernanda - 1 Ligeiros aspectos biogr\u00e1ficos\",\"isPartOf\":{\"@id\":\"https:\\\/\\\/blogs.multimeios.ufc.br\\\/fernandacarmo\\\/#website\"},\"primaryImageOfPage\":{\"@id\":\"http:\\\/\\\/blogs.multimeios.ufc.br\\\/fernandacarmo\\\/1-ligeiros-aspectos-biograficos\\\/#primaryimage\"},\"image\":{\"@id\":\"http:\\\/\\\/blogs.multimeios.ufc.br\\\/fernandacarmo\\\/1-ligeiros-aspectos-biograficos\\\/#primaryimage\"},\"thumbnailUrl\":\"http:\\\/\\\/blogs.multimeios.ufc.br\\\/fernandacarmo\\\/files\\\/2021\\\/05\\\/DSC07939-1024x680.jpg\",\"datePublished\":\"2021-05-31T23:31:29+00:00\",\"dateModified\":\"2024-08-18T15:36:40+00:00\",\"description\":\"Ligeiros aspectos biogr\u00e1ficos (parte 1) do e-book \\\"Fedathi: trilhas constru\u00eddas e contribui\u00e7\u00f5es para a Educa\u00e7\u00e3o\\\"\",\"breadcrumb\":{\"@id\":\"http:\\\/\\\/blogs.multimeios.ufc.br\\\/fernandacarmo\\\/1-ligeiros-aspectos-biograficos\\\/#breadcrumb\"},\"inLanguage\":\"pt-BR\",\"potentialAction\":[{\"@type\":\"ReadAction\",\"target\":[\"http:\\\/\\\/blogs.multimeios.ufc.br\\\/fernandacarmo\\\/1-ligeiros-aspectos-biograficos\\\/\"]}]},{\"@type\":\"ImageObject\",\"inLanguage\":\"pt-BR\",\"@id\":\"http:\\\/\\\/blogs.multimeios.ufc.br\\\/fernandacarmo\\\/1-ligeiros-aspectos-biograficos\\\/#primaryimage\",\"url\":\"https:\\\/\\\/blogs.multimeios.ufc.br\\\/fernandacarmo\\\/files\\\/2021\\\/05\\\/DSC07939-scaled.jpg\",\"contentUrl\":\"https:\\\/\\\/blogs.multimeios.ufc.br\\\/fernandacarmo\\\/files\\\/2021\\\/05\\\/DSC07939-scaled.jpg\",\"width\":2560,\"height\":1701},{\"@type\":\"BreadcrumbList\",\"@id\":\"http:\\\/\\\/blogs.multimeios.ufc.br\\\/fernandacarmo\\\/1-ligeiros-aspectos-biograficos\\\/#breadcrumb\",\"itemListElement\":[{\"@type\":\"ListItem\",\"position\":1,\"name\":\"In\u00edcio\",\"item\":\"https:\\\/\\\/blogs.multimeios.ufc.br\\\/fernandacarmo\\\/\"},{\"@type\":\"ListItem\",\"position\":2,\"name\":\"1 Ligeiros aspectos biogr\u00e1ficos\"}]},{\"@type\":\"WebSite\",\"@id\":\"https:\\\/\\\/blogs.multimeios.ufc.br\\\/fernandacarmo\\\/#website\",\"url\":\"https:\\\/\\\/blogs.multimeios.ufc.br\\\/fernandacarmo\\\/\",\"name\":\"Blog da Fernanda\",\"description\":\"\",\"potentialAction\":[{\"@type\":\"SearchAction\",\"target\":{\"@type\":\"EntryPoint\",\"urlTemplate\":\"https:\\\/\\\/blogs.multimeios.ufc.br\\\/fernandacarmo\\\/?s={search_term_string}\"},\"query-input\":{\"@type\":\"PropertyValueSpecification\",\"valueRequired\":true,\"valueName\":\"search_term_string\"}}],\"inLanguage\":\"pt-BR\"}]}<\/script>\n<!-- \/ Yoast SEO plugin. -->","yoast_head_json":{"title":"Blog da Fernanda - 1 Ligeiros aspectos biogr\u00e1ficos","description":"Ligeiros aspectos biogr\u00e1ficos (parte 1) do e-book \"Fedathi: trilhas constru\u00eddas e contribui\u00e7\u00f5es para a Educa\u00e7\u00e3o\"","robots":{"index":"index","follow":"follow","max-snippet":"max-snippet:-1","max-image-preview":"max-image-preview:large","max-video-preview":"max-video-preview:-1"},"canonical":"http:\/\/blogs.multimeios.ufc.br\/fernandacarmo\/1-ligeiros-aspectos-biograficos\/","og_locale":"pt_BR","og_type":"article","og_title":"Blog da Fernanda - 1 Ligeiros aspectos biogr\u00e1ficos","og_description":"Ligeiros aspectos biogr\u00e1ficos (parte 1) do e-book \"Fedathi: trilhas constru\u00eddas e contribui\u00e7\u00f5es para a Educa\u00e7\u00e3o\"","og_url":"http:\/\/blogs.multimeios.ufc.br\/fernandacarmo\/1-ligeiros-aspectos-biograficos\/","og_site_name":"Blog da Fernanda","article_modified_time":"2024-08-18T15:36:40+00:00","og_image":[{"url":"http:\/\/blogs.multimeios.ufc.br\/fernandacarmo\/files\/2021\/05\/DSC07939-1024x680.jpg","type":"","width":"","height":""}],"twitter_card":"summary_large_image","twitter_misc":{"Est. tempo de leitura":"3 minutos"},"schema":{"@context":"https:\/\/schema.org","@graph":[{"@type":"WebPage","@id":"http:\/\/blogs.multimeios.ufc.br\/fernandacarmo\/1-ligeiros-aspectos-biograficos\/","url":"http:\/\/blogs.multimeios.ufc.br\/fernandacarmo\/1-ligeiros-aspectos-biograficos\/","name":"Blog da Fernanda - 1 Ligeiros aspectos biogr\u00e1ficos","isPartOf":{"@id":"https:\/\/blogs.multimeios.ufc.br\/fernandacarmo\/#website"},"primaryImageOfPage":{"@id":"http:\/\/blogs.multimeios.ufc.br\/fernandacarmo\/1-ligeiros-aspectos-biograficos\/#primaryimage"},"image":{"@id":"http:\/\/blogs.multimeios.ufc.br\/fernandacarmo\/1-ligeiros-aspectos-biograficos\/#primaryimage"},"thumbnailUrl":"http:\/\/blogs.multimeios.ufc.br\/fernandacarmo\/files\/2021\/05\/DSC07939-1024x680.jpg","datePublished":"2021-05-31T23:31:29+00:00","dateModified":"2024-08-18T15:36:40+00:00","description":"Ligeiros aspectos biogr\u00e1ficos (parte 1) do e-book \"Fedathi: trilhas constru\u00eddas e contribui\u00e7\u00f5es para a Educa\u00e7\u00e3o\"","breadcrumb":{"@id":"http:\/\/blogs.multimeios.ufc.br\/fernandacarmo\/1-ligeiros-aspectos-biograficos\/#breadcrumb"},"inLanguage":"pt-BR","potentialAction":[{"@type":"ReadAction","target":["http:\/\/blogs.multimeios.ufc.br\/fernandacarmo\/1-ligeiros-aspectos-biograficos\/"]}]},{"@type":"ImageObject","inLanguage":"pt-BR","@id":"http:\/\/blogs.multimeios.ufc.br\/fernandacarmo\/1-ligeiros-aspectos-biograficos\/#primaryimage","url":"https:\/\/blogs.multimeios.ufc.br\/fernandacarmo\/files\/2021\/05\/DSC07939-scaled.jpg","contentUrl":"https:\/\/blogs.multimeios.ufc.br\/fernandacarmo\/files\/2021\/05\/DSC07939-scaled.jpg","width":2560,"height":1701},{"@type":"BreadcrumbList","@id":"http:\/\/blogs.multimeios.ufc.br\/fernandacarmo\/1-ligeiros-aspectos-biograficos\/#breadcrumb","itemListElement":[{"@type":"ListItem","position":1,"name":"In\u00edcio","item":"https:\/\/blogs.multimeios.ufc.br\/fernandacarmo\/"},{"@type":"ListItem","position":2,"name":"1 Ligeiros aspectos biogr\u00e1ficos"}]},{"@type":"WebSite","@id":"https:\/\/blogs.multimeios.ufc.br\/fernandacarmo\/#website","url":"https:\/\/blogs.multimeios.ufc.br\/fernandacarmo\/","name":"Blog da Fernanda","description":"","potentialAction":[{"@type":"SearchAction","target":{"@type":"EntryPoint","urlTemplate":"https:\/\/blogs.multimeios.ufc.br\/fernandacarmo\/?s={search_term_string}"},"query-input":{"@type":"PropertyValueSpecification","valueRequired":true,"valueName":"search_term_string"}}],"inLanguage":"pt-BR"}]}},"_links":{"self":[{"href":"https:\/\/blogs.multimeios.ufc.br\/fernandacarmo\/wp-json\/wp\/v2\/pages\/1800","targetHints":{"allow":["GET"]}}],"collection":[{"href":"https:\/\/blogs.multimeios.ufc.br\/fernandacarmo\/wp-json\/wp\/v2\/pages"}],"about":[{"href":"https:\/\/blogs.multimeios.ufc.br\/fernandacarmo\/wp-json\/wp\/v2\/types\/page"}],"author":[{"embeddable":true,"href":"https:\/\/blogs.multimeios.ufc.br\/fernandacarmo\/wp-json\/wp\/v2\/users\/23"}],"replies":[{"embeddable":true,"href":"https:\/\/blogs.multimeios.ufc.br\/fernandacarmo\/wp-json\/wp\/v2\/comments?post=1800"}],"version-history":[{"count":42,"href":"https:\/\/blogs.multimeios.ufc.br\/fernandacarmo\/wp-json\/wp\/v2\/pages\/1800\/revisions"}],"predecessor-version":[{"id":5259,"href":"https:\/\/blogs.multimeios.ufc.br\/fernandacarmo\/wp-json\/wp\/v2\/pages\/1800\/revisions\/5259"}],"wp:attachment":[{"href":"https:\/\/blogs.multimeios.ufc.br\/fernandacarmo\/wp-json\/wp\/v2\/media?parent=1800"}],"curies":[{"name":"wp","href":"https:\/\/api.w.org\/{rel}","templated":true}]}}