{"id":1818,"date":"2021-05-31T20:50:20","date_gmt":"2021-05-31T23:50:20","guid":{"rendered":"http:\/\/blogs.multimeios.ufc.br\/fernandacarmo\/?page_id=1818"},"modified":"2024-08-17T12:11:01","modified_gmt":"2024-08-17T15:11:01","slug":"4-legado","status":"publish","type":"page","link":"https:\/\/blogs.multimeios.ufc.br\/fernandacarmo\/4-legado\/","title":{"rendered":"4 Legado"},"content":{"rendered":"\n<div id=\"content\" style=\"margin-right: 20px !important;\" role=\"main\">\n<h2><strong>4 Legado<\/strong><\/h2>\n<h3 style=\"text-align: justify;\">O professor Herm\u00ednio foi se tornando uma refer\u00eancia te\u00f3rica acerca dos temas ensino de matem\u00e1tica e uso pedag\u00f3gico das tecnologias na educa\u00e7\u00e3o. O <a href=\"https:\/\/www.multimeios.ufc.br\" target=\"_blank\" rel=\"noopener\">Laborat\u00f3rio MultiMeios<\/a> \u00e9 refer\u00eancia para as \u00e1reas de Educa\u00e7\u00e3o Matem\u00e1tica, Educa\u00e7\u00e3o a Dist\u00e2ncia e Tecnologias na Educa\u00e7\u00e3o, incluindo em todas essas \u00e1reas a forma\u00e7\u00e3o docente. Sempre desenvolveu atividades de ensino, pesquisa e extens\u00e3o, fazendo articula\u00e7\u00e3o entre elas (<a href=\"http:\/\/blogs.multimeios.ufc.br\/fernandacarmo\/referencias1\/#torres-2018\">TORRES, 2018<\/a>).<\/h3>\n<h3 style=\"text-align: justify;\">Assim, o professor Herm\u00ednio trouxe para a Educa\u00e7\u00e3o a Educa\u00e7\u00e3o Matem\u00e1tica, a Inclus\u00e3o Digital, as Tecnologias da Educa\u00e7\u00e3o e a Educa\u00e7\u00e3o a Dist\u00e2ncia, perpassando pelos mais diversos aspectos e incluindo a pr\u00e1tica pedag\u00f3gica e formativa. Sem d\u00favida, esse docente construiu e vem construindo um legado de conhecimentos e saberes para a Educa\u00e7\u00e3o do Cear\u00e1 (<a href=\"http:\/\/blogs.multimeios.ufc.br\/fernandacarmo\/referencias1\/#torres-2018\">TORRES, 2018<\/a>).<\/h3>\n<h3 style=\"text-align: justify;\">O professor Herm\u00ednio orientou 49 disserta\u00e7\u00f5es de mestrado e 40 teses de doutorado; co-orientou 8 disserta\u00e7\u00f5es de mestrado e 1 tese de doutorado; e supervisionou 6 est\u00e1gios de P\u00f3s-doutorado na \u00e1rea de Educa\u00e7\u00e3o. Publicou 49 artigos em peri\u00f3dicos especializados e 144 trabalhos em anais de eventos. Possui 33 cap\u00edtulos de livros e 9 livros publicados. Recebeu 4 pr\u00eamios e\/ou homenagens. Em suas atividades profissionais interagiu com 76 colaboradores em co-autorias de trabalhos cient\u00edficos. Nesse \u00faltimo ano, 2020, fez est\u00e1gio de <a href=\"https:\/\/blogs.multimeios.ufc.br\/?p=842\" target=\"_blank\" rel=\"noopener\">p\u00f3s-doutorado na Universit\u00e9 T\u00c9LUQ<\/a>, localizada em Canad\u00e1 <a href=\"http:\/\/blogs.multimeios.ufc.br\/fernandacarmo\/referencias1\/#6\">[6]<\/a>.<\/h3>\n<h3 style=\"text-align: justify;\">Como podemos ver, o professor Herm\u00ednio formou um grande n\u00famero de pessoas, com qualidade, e continua formando. Al\u00e9m disso, seu legado contempla n\u00e3o apenas o territ\u00f3rio cearense, mas j\u00e1 alcan\u00e7a outros estados do Brasil e outros pa\u00edses.<\/h3>\n<p>\u00a0<\/p>\n<table style=\"width: 100%; border-collapse: collapse; border-color: #fff;\">\n<tbody>\n<tr>\n<td style=\"width: 33.3333%; padding: 0px; border-color: #ffffff;\">\n<h3><a href=\"http:\/\/blogs.multimeios.ufc.br\/fernandacarmo\/3-a-sequencia-fedathi-ao-longo-dos-anos\/\"><img decoding=\"async\" class=\"alignnone wp-image-4539\" src=\"http:\/\/blogs.multimeios.ufc.br\/fernandacarmo\/files\/2023\/01\/botao-para-a-esquerda-300x300.png\" alt=\"\" width=\"30\" height=\"30\" srcset=\"https:\/\/blogs.multimeios.ufc.br\/fernandacarmo\/files\/2023\/01\/botao-para-a-esquerda-300x300.png 300w, https:\/\/blogs.multimeios.ufc.br\/fernandacarmo\/files\/2023\/01\/botao-para-a-esquerda-150x150.png 150w, https:\/\/blogs.multimeios.ufc.br\/fernandacarmo\/files\/2023\/01\/botao-para-a-esquerda.png 512w\" sizes=\"(max-width: 30px) 100vw, 30px\" \/><\/a><br \/>3 A Sequ\u00eancia Fedathi ao longo dos anos<\/h3>\n<\/td>\n<td style=\"width: 33.3333%; padding: 0px; border-color: #ffffff; text-align: center; vertical-align: top;\">\n<h3><a href=\"http:\/\/blogs.multimeios.ufc.br\/fernandacarmo\/herminio-borges-neto\"><img decoding=\"async\" class=\"alignnone wp-image-4540\" src=\"http:\/\/blogs.multimeios.ufc.br\/fernandacarmo\/files\/2023\/01\/Home_icon_green-1-300x300.png\" alt=\"\" width=\"30\" height=\"30\" srcset=\"https:\/\/blogs.multimeios.ufc.br\/fernandacarmo\/files\/2023\/01\/Home_icon_green-1-300x300.png 300w, https:\/\/blogs.multimeios.ufc.br\/fernandacarmo\/files\/2023\/01\/Home_icon_green-1-150x150.png 150w, https:\/\/blogs.multimeios.ufc.br\/fernandacarmo\/files\/2023\/01\/Home_icon_green-1.png 512w\" sizes=\"(max-width: 30px) 100vw, 30px\" \/><\/a><br \/>In\u00edcio<\/h3>\n<\/td>\n<td style=\"width: 33.3333%; padding: 0px; border-color: #ffffff; text-align: right; vertical-align: top;\">\n<h3><a href=\"http:\/\/blogs.multimeios.ufc.br\/fernandacarmo\/arquivo\/\"><img decoding=\"async\" class=\"alignnone wp-image-4538\" src=\"http:\/\/blogs.multimeios.ufc.br\/fernandacarmo\/files\/2023\/01\/botao-para-a-direita-300x300.png\" alt=\"\" width=\"30\" height=\"30\" srcset=\"https:\/\/blogs.multimeios.ufc.br\/fernandacarmo\/files\/2023\/01\/botao-para-a-direita-300x300.png 300w, https:\/\/blogs.multimeios.ufc.br\/fernandacarmo\/files\/2023\/01\/botao-para-a-direita-150x150.png 150w, https:\/\/blogs.multimeios.ufc.br\/fernandacarmo\/files\/2023\/01\/botao-para-a-direita.png 512w\" sizes=\"(max-width: 30px) 100vw, 30px\" \/><\/a><br \/>Arquivo<\/h3>\n<\/td>\n<\/tr>\n<\/tbody>\n<\/table>\n<\/div>\n\n\n\n<p><\/p>\n","protected":false},"excerpt":{"rendered":"<p>4 Legado O professor Herm\u00ednio foi se tornando uma refer\u00eancia te\u00f3rica acerca dos temas ensino de matem\u00e1tica e uso pedag\u00f3gico das tecnologias na educa\u00e7\u00e3o. O Laborat\u00f3rio MultiMeios \u00e9 refer\u00eancia para as \u00e1reas de Educa\u00e7\u00e3o Matem\u00e1tica, Educa\u00e7\u00e3o a Dist\u00e2ncia e Tecnologias &hellip; <a href=\"https:\/\/blogs.multimeios.ufc.br\/fernandacarmo\/4-legado\/\">Continue lendo <span class=\"meta-nav\">&rarr;<\/span><\/a><\/p>\n","protected":false},"author":23,"featured_media":0,"parent":0,"menu_order":0,"comment_status":"closed","ping_status":"closed","template":"elementor_header_footer","meta":{"footnotes":""},"class_list":["post-1818","page","type-page","status-publish","hentry"],"yoast_head":"<!-- This site is optimized with the Yoast SEO plugin v27.4 - https:\/\/yoast.com\/product\/yoast-seo-wordpress\/ -->\n<title>Blog da Fernanda - 4 Legado<\/title>\n<meta name=\"description\" content=\"Legado do Prof. Herminio Borges Neto (parte 4) do e-book &quot;Fedathi: trilhas constru\u00eddas e contribui\u00e7\u00f5es para a Educa\u00e7\u00e3o&quot;\" \/>\n<meta name=\"robots\" content=\"index, follow, max-snippet:-1, max-image-preview:large, max-video-preview:-1\" \/>\n<link rel=\"canonical\" href=\"http:\/\/blogs.multimeios.ufc.br\/fernandacarmo\/4-legado\/\" \/>\n<meta property=\"og:locale\" content=\"pt_BR\" \/>\n<meta property=\"og:type\" content=\"article\" \/>\n<meta property=\"og:title\" content=\"Blog da Fernanda - 4 Legado\" \/>\n<meta property=\"og:description\" content=\"Legado do Prof. Herminio Borges Neto (parte 4) do e-book &quot;Fedathi: trilhas constru\u00eddas e contribui\u00e7\u00f5es para a Educa\u00e7\u00e3o&quot;\" \/>\n<meta property=\"og:url\" content=\"http:\/\/blogs.multimeios.ufc.br\/fernandacarmo\/4-legado\/\" \/>\n<meta property=\"og:site_name\" content=\"Blog da Fernanda\" \/>\n<meta property=\"article:modified_time\" content=\"2024-08-17T15:11:01+00:00\" \/>\n<meta property=\"og:image\" content=\"http:\/\/blogs.multimeios.ufc.br\/fernandacarmo\/files\/2023\/01\/botao-para-a-esquerda-300x300.png\" \/>\n<meta name=\"twitter:card\" content=\"summary_large_image\" \/>\n<meta name=\"twitter:label1\" content=\"Est. tempo de leitura\" \/>\n\t<meta name=\"twitter:data1\" content=\"3 minutos\" \/>\n<script type=\"application\/ld+json\" class=\"yoast-schema-graph\">{\"@context\":\"https:\\\/\\\/schema.org\",\"@graph\":[{\"@type\":\"WebPage\",\"@id\":\"http:\\\/\\\/blogs.multimeios.ufc.br\\\/fernandacarmo\\\/4-legado\\\/\",\"url\":\"http:\\\/\\\/blogs.multimeios.ufc.br\\\/fernandacarmo\\\/4-legado\\\/\",\"name\":\"Blog da Fernanda - 4 Legado\",\"isPartOf\":{\"@id\":\"https:\\\/\\\/blogs.multimeios.ufc.br\\\/fernandacarmo\\\/#website\"},\"primaryImageOfPage\":{\"@id\":\"http:\\\/\\\/blogs.multimeios.ufc.br\\\/fernandacarmo\\\/4-legado\\\/#primaryimage\"},\"image\":{\"@id\":\"http:\\\/\\\/blogs.multimeios.ufc.br\\\/fernandacarmo\\\/4-legado\\\/#primaryimage\"},\"thumbnailUrl\":\"http:\\\/\\\/blogs.multimeios.ufc.br\\\/fernandacarmo\\\/files\\\/2023\\\/01\\\/botao-para-a-esquerda-300x300.png\",\"datePublished\":\"2021-05-31T23:50:20+00:00\",\"dateModified\":\"2024-08-17T15:11:01+00:00\",\"description\":\"Legado do Prof. Herminio Borges Neto (parte 4) do e-book \\\"Fedathi: trilhas constru\u00eddas e contribui\u00e7\u00f5es para a Educa\u00e7\u00e3o\\\"\",\"breadcrumb\":{\"@id\":\"http:\\\/\\\/blogs.multimeios.ufc.br\\\/fernandacarmo\\\/4-legado\\\/#breadcrumb\"},\"inLanguage\":\"pt-BR\",\"potentialAction\":[{\"@type\":\"ReadAction\",\"target\":[\"http:\\\/\\\/blogs.multimeios.ufc.br\\\/fernandacarmo\\\/4-legado\\\/\"]}]},{\"@type\":\"ImageObject\",\"inLanguage\":\"pt-BR\",\"@id\":\"http:\\\/\\\/blogs.multimeios.ufc.br\\\/fernandacarmo\\\/4-legado\\\/#primaryimage\",\"url\":\"https:\\\/\\\/blogs.multimeios.ufc.br\\\/fernandacarmo\\\/files\\\/2023\\\/01\\\/botao-para-a-esquerda.png\",\"contentUrl\":\"https:\\\/\\\/blogs.multimeios.ufc.br\\\/fernandacarmo\\\/files\\\/2023\\\/01\\\/botao-para-a-esquerda.png\",\"width\":512,\"height\":512},{\"@type\":\"BreadcrumbList\",\"@id\":\"http:\\\/\\\/blogs.multimeios.ufc.br\\\/fernandacarmo\\\/4-legado\\\/#breadcrumb\",\"itemListElement\":[{\"@type\":\"ListItem\",\"position\":1,\"name\":\"In\u00edcio\",\"item\":\"https:\\\/\\\/blogs.multimeios.ufc.br\\\/fernandacarmo\\\/\"},{\"@type\":\"ListItem\",\"position\":2,\"name\":\"4 Legado\"}]},{\"@type\":\"WebSite\",\"@id\":\"https:\\\/\\\/blogs.multimeios.ufc.br\\\/fernandacarmo\\\/#website\",\"url\":\"https:\\\/\\\/blogs.multimeios.ufc.br\\\/fernandacarmo\\\/\",\"name\":\"Blog da Fernanda\",\"description\":\"\",\"potentialAction\":[{\"@type\":\"SearchAction\",\"target\":{\"@type\":\"EntryPoint\",\"urlTemplate\":\"https:\\\/\\\/blogs.multimeios.ufc.br\\\/fernandacarmo\\\/?s={search_term_string}\"},\"query-input\":{\"@type\":\"PropertyValueSpecification\",\"valueRequired\":true,\"valueName\":\"search_term_string\"}}],\"inLanguage\":\"pt-BR\"}]}<\/script>\n<!-- \/ Yoast SEO plugin. -->","yoast_head_json":{"title":"Blog da Fernanda - 4 Legado","description":"Legado do Prof. Herminio Borges Neto (parte 4) do e-book \"Fedathi: trilhas constru\u00eddas e contribui\u00e7\u00f5es para a Educa\u00e7\u00e3o\"","robots":{"index":"index","follow":"follow","max-snippet":"max-snippet:-1","max-image-preview":"max-image-preview:large","max-video-preview":"max-video-preview:-1"},"canonical":"http:\/\/blogs.multimeios.ufc.br\/fernandacarmo\/4-legado\/","og_locale":"pt_BR","og_type":"article","og_title":"Blog da Fernanda - 4 Legado","og_description":"Legado do Prof. Herminio Borges Neto (parte 4) do e-book \"Fedathi: trilhas constru\u00eddas e contribui\u00e7\u00f5es para a Educa\u00e7\u00e3o\"","og_url":"http:\/\/blogs.multimeios.ufc.br\/fernandacarmo\/4-legado\/","og_site_name":"Blog da Fernanda","article_modified_time":"2024-08-17T15:11:01+00:00","og_image":[{"url":"http:\/\/blogs.multimeios.ufc.br\/fernandacarmo\/files\/2023\/01\/botao-para-a-esquerda-300x300.png","type":"","width":"","height":""}],"twitter_card":"summary_large_image","twitter_misc":{"Est. tempo de leitura":"3 minutos"},"schema":{"@context":"https:\/\/schema.org","@graph":[{"@type":"WebPage","@id":"http:\/\/blogs.multimeios.ufc.br\/fernandacarmo\/4-legado\/","url":"http:\/\/blogs.multimeios.ufc.br\/fernandacarmo\/4-legado\/","name":"Blog da Fernanda - 4 Legado","isPartOf":{"@id":"https:\/\/blogs.multimeios.ufc.br\/fernandacarmo\/#website"},"primaryImageOfPage":{"@id":"http:\/\/blogs.multimeios.ufc.br\/fernandacarmo\/4-legado\/#primaryimage"},"image":{"@id":"http:\/\/blogs.multimeios.ufc.br\/fernandacarmo\/4-legado\/#primaryimage"},"thumbnailUrl":"http:\/\/blogs.multimeios.ufc.br\/fernandacarmo\/files\/2023\/01\/botao-para-a-esquerda-300x300.png","datePublished":"2021-05-31T23:50:20+00:00","dateModified":"2024-08-17T15:11:01+00:00","description":"Legado do Prof. Herminio Borges Neto (parte 4) do e-book \"Fedathi: trilhas constru\u00eddas e contribui\u00e7\u00f5es para a Educa\u00e7\u00e3o\"","breadcrumb":{"@id":"http:\/\/blogs.multimeios.ufc.br\/fernandacarmo\/4-legado\/#breadcrumb"},"inLanguage":"pt-BR","potentialAction":[{"@type":"ReadAction","target":["http:\/\/blogs.multimeios.ufc.br\/fernandacarmo\/4-legado\/"]}]},{"@type":"ImageObject","inLanguage":"pt-BR","@id":"http:\/\/blogs.multimeios.ufc.br\/fernandacarmo\/4-legado\/#primaryimage","url":"https:\/\/blogs.multimeios.ufc.br\/fernandacarmo\/files\/2023\/01\/botao-para-a-esquerda.png","contentUrl":"https:\/\/blogs.multimeios.ufc.br\/fernandacarmo\/files\/2023\/01\/botao-para-a-esquerda.png","width":512,"height":512},{"@type":"BreadcrumbList","@id":"http:\/\/blogs.multimeios.ufc.br\/fernandacarmo\/4-legado\/#breadcrumb","itemListElement":[{"@type":"ListItem","position":1,"name":"In\u00edcio","item":"https:\/\/blogs.multimeios.ufc.br\/fernandacarmo\/"},{"@type":"ListItem","position":2,"name":"4 Legado"}]},{"@type":"WebSite","@id":"https:\/\/blogs.multimeios.ufc.br\/fernandacarmo\/#website","url":"https:\/\/blogs.multimeios.ufc.br\/fernandacarmo\/","name":"Blog da Fernanda","description":"","potentialAction":[{"@type":"SearchAction","target":{"@type":"EntryPoint","urlTemplate":"https:\/\/blogs.multimeios.ufc.br\/fernandacarmo\/?s={search_term_string}"},"query-input":{"@type":"PropertyValueSpecification","valueRequired":true,"valueName":"search_term_string"}}],"inLanguage":"pt-BR"}]}},"_links":{"self":[{"href":"https:\/\/blogs.multimeios.ufc.br\/fernandacarmo\/wp-json\/wp\/v2\/pages\/1818","targetHints":{"allow":["GET"]}}],"collection":[{"href":"https:\/\/blogs.multimeios.ufc.br\/fernandacarmo\/wp-json\/wp\/v2\/pages"}],"about":[{"href":"https:\/\/blogs.multimeios.ufc.br\/fernandacarmo\/wp-json\/wp\/v2\/types\/page"}],"author":[{"embeddable":true,"href":"https:\/\/blogs.multimeios.ufc.br\/fernandacarmo\/wp-json\/wp\/v2\/users\/23"}],"replies":[{"embeddable":true,"href":"https:\/\/blogs.multimeios.ufc.br\/fernandacarmo\/wp-json\/wp\/v2\/comments?post=1818"}],"version-history":[{"count":35,"href":"https:\/\/blogs.multimeios.ufc.br\/fernandacarmo\/wp-json\/wp\/v2\/pages\/1818\/revisions"}],"predecessor-version":[{"id":5195,"href":"https:\/\/blogs.multimeios.ufc.br\/fernandacarmo\/wp-json\/wp\/v2\/pages\/1818\/revisions\/5195"}],"wp:attachment":[{"href":"https:\/\/blogs.multimeios.ufc.br\/fernandacarmo\/wp-json\/wp\/v2\/media?parent=1818"}],"curies":[{"name":"wp","href":"https:\/\/api.w.org\/{rel}","templated":true}]}}