{"id":1827,"date":"2021-05-31T20:58:38","date_gmt":"2021-05-31T23:58:38","guid":{"rendered":"http:\/\/blogs.multimeios.ufc.br\/fernandacarmo\/?page_id=1827"},"modified":"2024-08-16T18:17:54","modified_gmt":"2024-08-16T21:17:54","slug":"referencias1","status":"publish","type":"page","link":"https:\/\/blogs.multimeios.ufc.br\/fernandacarmo\/referencias1\/","title":{"rendered":"Refer\u00eancias 1"},"content":{"rendered":"\n<div id=\"content\" style=\"margin-right: 20px !important;\" role=\"main\">\n<h2><strong>Refer\u00eancias<\/strong><\/h2>\n<h3 id=\"borges-neto-et-al-2021\">BORGES NETO, Herm\u00ednio; TORRES, Antonia Lis de Maria Martins; ARA\u00daJO, Ana Cl\u00e1udia Uch\u00f4a; MOREIRA, Mar\u00edlia Maia (org.). <strong>EaD no estado do Cear\u00e1<\/strong>: hist\u00f3ria, mem\u00f3ria e experi\u00eancias formativas I. Curitiba: CRV, 2021.<\/h3>\n<h3 id=\"borges-neto-2020\">BORGES NETO, Herm\u00ednio. <strong>O protagonismo do professor<\/strong>. Reden\u00e7\u00e3o: UNILAB \u2013 Laborat\u00f3rio de Pesquisa MultiMeios\/UFC, 2020. 20 slides.<\/h3>\n<h3>KENSKI, Vani Moreira. Breve hist\u00f3ria da EAD nas institui\u00e7\u00f5es educacionais cearenses. <em>In<\/em>: BORGES NETO, Herm\u00ednio; TORRES, Antonia Lis de Maria Martins; ARA\u00daJO, Ana Cl\u00e1udia Uch\u00f4a; MOREIRA, Mar\u00edlia Maia (org.). <strong>EaD no estado do Cear\u00e1<\/strong>: hist\u00f3ria, mem\u00f3ria e experi\u00eancias formativas I. Curitiba: CRV, 2021.<\/h3>\n<h3 id=\"sousa-et-al-2013\">SOUSA, Francisco Edisom Eugenio de; VASCONCELOS, Francisco Herbert Lima; BORGES NETO, Herm\u00ednio; LIMA, Ivoneide Pinheiro de; SANTOS, Maria Jos\u00e9 Costa dos; ANDRADE, Viviane Silva de (org.). <strong>Sequ\u00eancia Fedathi<\/strong>: uma proposta pedag\u00f3gica para o ensino de ci\u00eancias e matem\u00e1tica. Fortaleza: Edi\u00e7\u00f5es UFC, 2013.<\/h3>\n<h3 id=\"torres-2018\">TORRES, Antonia Lis de Maria Martins. <strong>Laborat\u00f3rio de MultiMeios entre Gigas e Megabytes<\/strong>: (re) criando percursos formativos. Fortaleza: Edi\u00e7\u00f5es UFC, 2018. (Voc\u00ea encontra a tese em PDF <a href=\"http:\/\/blogs.multimeios.ufc.br\/sitemmproducaocientifica\/?smd_process_download=1&amp;download_id=1255\" target=\"_blank\" rel=\"noopener\">aqui<\/a>)<\/h3>\n<p>\u00a0<\/p>\n<h3><strong><span style=\"color: #0000ff;\">Mensagens eletr\u00f4nicas<\/span><\/strong><\/h3>\n<h3 id=\"1\">[1] As informa\u00e7\u00f5es acerca dos <strong>Lemas do MM<\/strong>, do <strong><em>e-mail<\/em> institucional<\/strong>, da <strong>premia\u00e7\u00e3o da disserta\u00e7\u00e3o de Eveline Oliveira<\/strong>, da <strong>apar\u00eancia do <em>site<\/em><\/strong> MultiMeios e do <strong>significado de MultiMeios<\/strong> foram fornecidas pelo professor Herm\u00ednio Borges Neto, via mensagem eletr\u00f4nica.<\/h3>\n<p>\u00a0<\/p>\n<h3><strong><span style=\"color: #0000ff;\">Endere\u00e7os eletr\u00f4nicos consultados<\/span><\/strong><\/h3>\n<h3 id=\"2\">[2] <a href=\"http:\/\/multimeios.ufc.br\" target=\"_blank\" rel=\"noopener\">multimeios.ufc.br<\/a><\/h3>\n<h3 id=\"3\">[3] <a href=\"http:\/\/blogs.multimeios.ufc.br\/telemeios\" target=\"_blank\" rel=\"noopener\">http:\/\/blogs.multimeios.ufc.br\/telemeios<\/a><\/h3>\n<h3 id=\"4\">[4] <a href=\"http:\/\/www.multimeios.ufc.br\/tele-ambiente\/tcabritop\/index.htm\" target=\"_blank\" rel=\"noopener\">http:\/\/www.multimeios.ufc.br\/tele-ambiente\/tcabritop\/index.htm<\/a><\/h3>\n<h3 id=\"5\">[5] <a href=\"http:\/\/dgp.cnpq.br\/dgp\/espelhogrupo\/8657\" target=\"_blank\" rel=\"noopener\">http:\/\/dgp.cnpq.br\/dgp\/espelhogrupo\/8657<\/a><\/h3>\n<h3 id=\"6\">[6] <a href=\"http:\/\/lattes.cnpq.br\/6933091154844634\" target=\"_blank\" rel=\"noopener\">http:\/\/lattes.cnpq.br\/6933091154844634<\/a><\/h3>\n<h3 id=\"7\">[7] <a href=\"https:\/\/conferenciaweb.rnp.br\/spaces\/laboratorio-multimeios\" target=\"_blank\" rel=\"noopener\">https:\/\/conferenciaweb.rnp.br\/spaces\/laboratorio-multimeios<\/a><\/h3>\n<h3 id=\"8\">[8] <a href=\"https:\/\/conferenciaweb.rnp.br\/spaces\/gemm-grupo-de-educacao-matematica-multimeios\" target=\"_blank\" rel=\"noopener\">https:\/\/conferenciaweb.rnp.br\/spaces\/gemm-grupo-de-educacao-matematica-multimeios<\/a><\/h3>\n<h3 id=\"9\">[9] <a href=\"http:\/\/blogs.multimeios.ufc.br\/fernandacarmo\/dissertacao\" target=\"_blank\" rel=\"noopener\">http:\/\/blogs.multimeios.ufc.br\/fernandacarmo\/dissertacao<\/a><\/h3>\n<h3 id=\"10\">[10] <a href=\"https:\/\/www.youtube.com\/watch?v=9WEGkv-2rAA\" target=\"_blank\" rel=\"noopener\">https:\/\/www.youtube.com\/watch?v=9WEGkv-2rAA<\/a><\/h3>\n<h3 id=\"11\">[11] <a href=\"http:\/\/tele.multimeios.ufc.br\/geomeios\" target=\"_blank\" rel=\"noopener\">http:\/\/tele.multimeios.ufc.br\/geomeios<\/a><\/h3>\n<p>\u00a0<\/p>\n<table style=\"width: 100%; border-collapse: collapse; border-color: #ffff;\">\n<tbody>\n<tr>\n<td style=\"width: 33.3333%; padding: 0px; border-color: #ffffff;\">\n<h3><a href=\"http:\/\/blogs.multimeios.ufc.br\/fernandacarmo\/arquivo\/\"><img decoding=\"async\" class=\"alignnone wp-image-4539\" src=\"http:\/\/blogs.multimeios.ufc.br\/fernandacarmo\/files\/2023\/01\/botao-para-a-esquerda-300x300.png\" alt=\"\" width=\"30\" height=\"30\" srcset=\"https:\/\/blogs.multimeios.ufc.br\/fernandacarmo\/files\/2023\/01\/botao-para-a-esquerda-300x300.png 300w, https:\/\/blogs.multimeios.ufc.br\/fernandacarmo\/files\/2023\/01\/botao-para-a-esquerda-150x150.png 150w, https:\/\/blogs.multimeios.ufc.br\/fernandacarmo\/files\/2023\/01\/botao-para-a-esquerda.png 512w\" sizes=\"(max-width: 30px) 100vw, 30px\" \/><\/a><br \/>Arquivo<\/h3>\n<\/td>\n<td style=\"width: 33.3333%; padding: 0px; border-color: #ffffff; text-align: center;\">\n<h3><a href=\"http:\/\/blogs.multimeios.ufc.br\/fernandacarmo\/herminio-borges-neto\"><img decoding=\"async\" class=\"alignnone wp-image-4540\" src=\"http:\/\/blogs.multimeios.ufc.br\/fernandacarmo\/files\/2023\/01\/Home_icon_green-1-300x300.png\" alt=\"\" width=\"30\" height=\"30\" srcset=\"https:\/\/blogs.multimeios.ufc.br\/fernandacarmo\/files\/2023\/01\/Home_icon_green-1-300x300.png 300w, https:\/\/blogs.multimeios.ufc.br\/fernandacarmo\/files\/2023\/01\/Home_icon_green-1-150x150.png 150w, https:\/\/blogs.multimeios.ufc.br\/fernandacarmo\/files\/2023\/01\/Home_icon_green-1.png 512w\" sizes=\"(max-width: 30px) 100vw, 30px\" \/><\/a><br \/>In\u00edcio<\/h3>\n<\/td>\n<td style=\"width: 33.3333%; padding: 0px; border-color: #ffffff;\">\u00a0<\/td>\n<\/tr>\n<\/tbody>\n<\/table>\n<\/div>\n\n\n\n<p><\/p>\n","protected":false},"excerpt":{"rendered":"<p>Refer\u00eancias BORGES NETO, Herm\u00ednio; TORRES, Antonia Lis de Maria Martins; ARA\u00daJO, Ana Cl\u00e1udia Uch\u00f4a; MOREIRA, Mar\u00edlia Maia (org.). EaD no estado do Cear\u00e1: hist\u00f3ria, mem\u00f3ria e experi\u00eancias formativas I. Curitiba: CRV, 2021. BORGES NETO, Herm\u00ednio. O protagonismo do professor. Reden\u00e7\u00e3o: &hellip; <a href=\"https:\/\/blogs.multimeios.ufc.br\/fernandacarmo\/referencias1\/\">Continue lendo <span class=\"meta-nav\">&rarr;<\/span><\/a><\/p>\n","protected":false},"author":23,"featured_media":0,"parent":0,"menu_order":0,"comment_status":"closed","ping_status":"closed","template":"elementor_header_footer","meta":{"footnotes":""},"class_list":["post-1827","page","type-page","status-publish","hentry"],"yoast_head":"<!-- This site is optimized with the Yoast SEO plugin v27.4 - https:\/\/yoast.com\/product\/yoast-seo-wordpress\/ -->\n<title>Blog da Fernanda - Refer\u00eancias 1<\/title>\n<meta name=\"description\" content=\"Bibliografia consultada para a constru\u00e7\u00e3o do e-book &quot;Fedathi: trilhas constru\u00eddas e contribui\u00e7\u00f5es para a Educa\u00e7\u00e3o&quot;\" \/>\n<meta name=\"robots\" content=\"index, follow, max-snippet:-1, max-image-preview:large, max-video-preview:-1\" \/>\n<link rel=\"canonical\" href=\"http:\/\/blogs.multimeios.ufc.br\/fernandacarmo\/referencias1\/\" \/>\n<meta property=\"og:locale\" content=\"pt_BR\" \/>\n<meta property=\"og:type\" content=\"article\" \/>\n<meta property=\"og:title\" content=\"Blog da Fernanda - Refer\u00eancias 1\" \/>\n<meta property=\"og:description\" content=\"Bibliografia consultada para a constru\u00e7\u00e3o do e-book &quot;Fedathi: trilhas constru\u00eddas e contribui\u00e7\u00f5es para a Educa\u00e7\u00e3o&quot;\" \/>\n<meta property=\"og:url\" content=\"http:\/\/blogs.multimeios.ufc.br\/fernandacarmo\/referencias1\/\" \/>\n<meta property=\"og:site_name\" content=\"Blog da Fernanda\" \/>\n<meta property=\"article:modified_time\" content=\"2024-08-16T21:17:54+00:00\" \/>\n<meta property=\"og:image\" content=\"http:\/\/blogs.multimeios.ufc.br\/fernandacarmo\/files\/2023\/01\/botao-para-a-esquerda-300x300.png\" \/>\n<meta name=\"twitter:card\" content=\"summary_large_image\" \/>\n<meta name=\"twitter:label1\" content=\"Est. tempo de leitura\" \/>\n\t<meta name=\"twitter:data1\" content=\"2 minutos\" \/>\n<script type=\"application\/ld+json\" class=\"yoast-schema-graph\">{\"@context\":\"https:\\\/\\\/schema.org\",\"@graph\":[{\"@type\":\"WebPage\",\"@id\":\"http:\\\/\\\/blogs.multimeios.ufc.br\\\/fernandacarmo\\\/referencias1\\\/\",\"url\":\"http:\\\/\\\/blogs.multimeios.ufc.br\\\/fernandacarmo\\\/referencias1\\\/\",\"name\":\"Blog da Fernanda - Refer\u00eancias 1\",\"isPartOf\":{\"@id\":\"https:\\\/\\\/blogs.multimeios.ufc.br\\\/fernandacarmo\\\/#website\"},\"primaryImageOfPage\":{\"@id\":\"http:\\\/\\\/blogs.multimeios.ufc.br\\\/fernandacarmo\\\/referencias1\\\/#primaryimage\"},\"image\":{\"@id\":\"http:\\\/\\\/blogs.multimeios.ufc.br\\\/fernandacarmo\\\/referencias1\\\/#primaryimage\"},\"thumbnailUrl\":\"http:\\\/\\\/blogs.multimeios.ufc.br\\\/fernandacarmo\\\/files\\\/2023\\\/01\\\/botao-para-a-esquerda-300x300.png\",\"datePublished\":\"2021-05-31T23:58:38+00:00\",\"dateModified\":\"2024-08-16T21:17:54+00:00\",\"description\":\"Bibliografia consultada para a constru\u00e7\u00e3o do e-book \\\"Fedathi: trilhas constru\u00eddas e contribui\u00e7\u00f5es para a Educa\u00e7\u00e3o\\\"\",\"breadcrumb\":{\"@id\":\"http:\\\/\\\/blogs.multimeios.ufc.br\\\/fernandacarmo\\\/referencias1\\\/#breadcrumb\"},\"inLanguage\":\"pt-BR\",\"potentialAction\":[{\"@type\":\"ReadAction\",\"target\":[\"http:\\\/\\\/blogs.multimeios.ufc.br\\\/fernandacarmo\\\/referencias1\\\/\"]}]},{\"@type\":\"ImageObject\",\"inLanguage\":\"pt-BR\",\"@id\":\"http:\\\/\\\/blogs.multimeios.ufc.br\\\/fernandacarmo\\\/referencias1\\\/#primaryimage\",\"url\":\"https:\\\/\\\/blogs.multimeios.ufc.br\\\/fernandacarmo\\\/files\\\/2023\\\/01\\\/botao-para-a-esquerda.png\",\"contentUrl\":\"https:\\\/\\\/blogs.multimeios.ufc.br\\\/fernandacarmo\\\/files\\\/2023\\\/01\\\/botao-para-a-esquerda.png\",\"width\":512,\"height\":512},{\"@type\":\"BreadcrumbList\",\"@id\":\"http:\\\/\\\/blogs.multimeios.ufc.br\\\/fernandacarmo\\\/referencias1\\\/#breadcrumb\",\"itemListElement\":[{\"@type\":\"ListItem\",\"position\":1,\"name\":\"In\u00edcio\",\"item\":\"https:\\\/\\\/blogs.multimeios.ufc.br\\\/fernandacarmo\\\/\"},{\"@type\":\"ListItem\",\"position\":2,\"name\":\"Refer\u00eancias 1\"}]},{\"@type\":\"WebSite\",\"@id\":\"https:\\\/\\\/blogs.multimeios.ufc.br\\\/fernandacarmo\\\/#website\",\"url\":\"https:\\\/\\\/blogs.multimeios.ufc.br\\\/fernandacarmo\\\/\",\"name\":\"Blog da Fernanda\",\"description\":\"\",\"potentialAction\":[{\"@type\":\"SearchAction\",\"target\":{\"@type\":\"EntryPoint\",\"urlTemplate\":\"https:\\\/\\\/blogs.multimeios.ufc.br\\\/fernandacarmo\\\/?s={search_term_string}\"},\"query-input\":{\"@type\":\"PropertyValueSpecification\",\"valueRequired\":true,\"valueName\":\"search_term_string\"}}],\"inLanguage\":\"pt-BR\"}]}<\/script>\n<!-- \/ Yoast SEO plugin. -->","yoast_head_json":{"title":"Blog da Fernanda - Refer\u00eancias 1","description":"Bibliografia consultada para a constru\u00e7\u00e3o do e-book \"Fedathi: trilhas constru\u00eddas e contribui\u00e7\u00f5es para a Educa\u00e7\u00e3o\"","robots":{"index":"index","follow":"follow","max-snippet":"max-snippet:-1","max-image-preview":"max-image-preview:large","max-video-preview":"max-video-preview:-1"},"canonical":"http:\/\/blogs.multimeios.ufc.br\/fernandacarmo\/referencias1\/","og_locale":"pt_BR","og_type":"article","og_title":"Blog da Fernanda - Refer\u00eancias 1","og_description":"Bibliografia consultada para a constru\u00e7\u00e3o do e-book \"Fedathi: trilhas constru\u00eddas e contribui\u00e7\u00f5es para a Educa\u00e7\u00e3o\"","og_url":"http:\/\/blogs.multimeios.ufc.br\/fernandacarmo\/referencias1\/","og_site_name":"Blog da Fernanda","article_modified_time":"2024-08-16T21:17:54+00:00","og_image":[{"url":"http:\/\/blogs.multimeios.ufc.br\/fernandacarmo\/files\/2023\/01\/botao-para-a-esquerda-300x300.png","type":"","width":"","height":""}],"twitter_card":"summary_large_image","twitter_misc":{"Est. tempo de leitura":"2 minutos"},"schema":{"@context":"https:\/\/schema.org","@graph":[{"@type":"WebPage","@id":"http:\/\/blogs.multimeios.ufc.br\/fernandacarmo\/referencias1\/","url":"http:\/\/blogs.multimeios.ufc.br\/fernandacarmo\/referencias1\/","name":"Blog da Fernanda - Refer\u00eancias 1","isPartOf":{"@id":"https:\/\/blogs.multimeios.ufc.br\/fernandacarmo\/#website"},"primaryImageOfPage":{"@id":"http:\/\/blogs.multimeios.ufc.br\/fernandacarmo\/referencias1\/#primaryimage"},"image":{"@id":"http:\/\/blogs.multimeios.ufc.br\/fernandacarmo\/referencias1\/#primaryimage"},"thumbnailUrl":"http:\/\/blogs.multimeios.ufc.br\/fernandacarmo\/files\/2023\/01\/botao-para-a-esquerda-300x300.png","datePublished":"2021-05-31T23:58:38+00:00","dateModified":"2024-08-16T21:17:54+00:00","description":"Bibliografia consultada para a constru\u00e7\u00e3o do e-book \"Fedathi: trilhas constru\u00eddas e contribui\u00e7\u00f5es para a Educa\u00e7\u00e3o\"","breadcrumb":{"@id":"http:\/\/blogs.multimeios.ufc.br\/fernandacarmo\/referencias1\/#breadcrumb"},"inLanguage":"pt-BR","potentialAction":[{"@type":"ReadAction","target":["http:\/\/blogs.multimeios.ufc.br\/fernandacarmo\/referencias1\/"]}]},{"@type":"ImageObject","inLanguage":"pt-BR","@id":"http:\/\/blogs.multimeios.ufc.br\/fernandacarmo\/referencias1\/#primaryimage","url":"https:\/\/blogs.multimeios.ufc.br\/fernandacarmo\/files\/2023\/01\/botao-para-a-esquerda.png","contentUrl":"https:\/\/blogs.multimeios.ufc.br\/fernandacarmo\/files\/2023\/01\/botao-para-a-esquerda.png","width":512,"height":512},{"@type":"BreadcrumbList","@id":"http:\/\/blogs.multimeios.ufc.br\/fernandacarmo\/referencias1\/#breadcrumb","itemListElement":[{"@type":"ListItem","position":1,"name":"In\u00edcio","item":"https:\/\/blogs.multimeios.ufc.br\/fernandacarmo\/"},{"@type":"ListItem","position":2,"name":"Refer\u00eancias 1"}]},{"@type":"WebSite","@id":"https:\/\/blogs.multimeios.ufc.br\/fernandacarmo\/#website","url":"https:\/\/blogs.multimeios.ufc.br\/fernandacarmo\/","name":"Blog da Fernanda","description":"","potentialAction":[{"@type":"SearchAction","target":{"@type":"EntryPoint","urlTemplate":"https:\/\/blogs.multimeios.ufc.br\/fernandacarmo\/?s={search_term_string}"},"query-input":{"@type":"PropertyValueSpecification","valueRequired":true,"valueName":"search_term_string"}}],"inLanguage":"pt-BR"}]}},"_links":{"self":[{"href":"https:\/\/blogs.multimeios.ufc.br\/fernandacarmo\/wp-json\/wp\/v2\/pages\/1827","targetHints":{"allow":["GET"]}}],"collection":[{"href":"https:\/\/blogs.multimeios.ufc.br\/fernandacarmo\/wp-json\/wp\/v2\/pages"}],"about":[{"href":"https:\/\/blogs.multimeios.ufc.br\/fernandacarmo\/wp-json\/wp\/v2\/types\/page"}],"author":[{"embeddable":true,"href":"https:\/\/blogs.multimeios.ufc.br\/fernandacarmo\/wp-json\/wp\/v2\/users\/23"}],"replies":[{"embeddable":true,"href":"https:\/\/blogs.multimeios.ufc.br\/fernandacarmo\/wp-json\/wp\/v2\/comments?post=1827"}],"version-history":[{"count":56,"href":"https:\/\/blogs.multimeios.ufc.br\/fernandacarmo\/wp-json\/wp\/v2\/pages\/1827\/revisions"}],"predecessor-version":[{"id":5131,"href":"https:\/\/blogs.multimeios.ufc.br\/fernandacarmo\/wp-json\/wp\/v2\/pages\/1827\/revisions\/5131"}],"wp:attachment":[{"href":"https:\/\/blogs.multimeios.ufc.br\/fernandacarmo\/wp-json\/wp\/v2\/media?parent=1827"}],"curies":[{"name":"wp","href":"https:\/\/api.w.org\/{rel}","templated":true}]}}