{"id":1836,"date":"2021-06-01T09:54:49","date_gmt":"2021-06-01T12:54:49","guid":{"rendered":"http:\/\/blogs.multimeios.ufc.br\/fernandacarmo\/?page_id=1836"},"modified":"2024-08-17T12:13:41","modified_gmt":"2024-08-17T15:13:41","slug":"arquivo","status":"publish","type":"page","link":"https:\/\/blogs.multimeios.ufc.br\/fernandacarmo\/arquivo\/","title":{"rendered":"Arquivo"},"content":{"rendered":"\n<div id=\"content\" style=\"margin-right: 20px !important;\" role=\"main\">\n<h2 style=\"text-align: left;\"><strong>Arquivo<\/strong><\/h2>\n<h3 style=\"text-align: center;\"><span style=\"background-color: #00ffff;\"><img fetchpriority=\"high\" decoding=\"async\" class=\"alignnone wp-image-1837 size-large\" src=\"http:\/\/blogs.multimeios.ufc.br\/fernandacarmo\/files\/2021\/06\/20200214_173332-1024x768.jpg\" alt=\"\" width=\"640\" height=\"480\" srcset=\"https:\/\/blogs.multimeios.ufc.br\/fernandacarmo\/files\/2021\/06\/20200214_173332-1024x768.jpg 1024w, https:\/\/blogs.multimeios.ufc.br\/fernandacarmo\/files\/2021\/06\/20200214_173332-300x225.jpg 300w, https:\/\/blogs.multimeios.ufc.br\/fernandacarmo\/files\/2021\/06\/20200214_173332-768x576.jpg 768w, https:\/\/blogs.multimeios.ufc.br\/fernandacarmo\/files\/2021\/06\/20200214_173332-1536x1152.jpg 1536w, https:\/\/blogs.multimeios.ufc.br\/fernandacarmo\/files\/2021\/06\/20200214_173332-2048x1536.jpg 2048w\" sizes=\"(max-width: 640px) 100vw, 640px\" \/><\/span><br \/>Nos despedindo do professor Herm\u00ednio,<br \/>pouco antes de ele ir para o Canad\u00e1 (14 fev. 2020).<\/h3>\n<p>\u00a0<\/p>\n<h3 style=\"text-align: center;\"><span style=\"background-color: #ffff00;\"><img decoding=\"async\" class=\"alignnone wp-image-1838 size-large\" src=\"http:\/\/blogs.multimeios.ufc.br\/fernandacarmo\/files\/2021\/06\/20191210_125357-1024x768.jpg\" alt=\"\" width=\"640\" height=\"480\" srcset=\"https:\/\/blogs.multimeios.ufc.br\/fernandacarmo\/files\/2021\/06\/20191210_125357-1024x768.jpg 1024w, https:\/\/blogs.multimeios.ufc.br\/fernandacarmo\/files\/2021\/06\/20191210_125357-300x225.jpg 300w, https:\/\/blogs.multimeios.ufc.br\/fernandacarmo\/files\/2021\/06\/20191210_125357-768x576.jpg 768w, https:\/\/blogs.multimeios.ufc.br\/fernandacarmo\/files\/2021\/06\/20191210_125357-1536x1152.jpg 1536w, https:\/\/blogs.multimeios.ufc.br\/fernandacarmo\/files\/2021\/06\/20191210_125357-2048x1536.jpg 2048w\" sizes=\"(max-width: 640px) 100vw, 640px\" \/><\/span><br \/>Bancadas no Sal\u00e3o Rosa do <a href=\"https:\/\/www.multimeios.ufc.br\" target=\"_blank\" rel=\"noopener\">Laborat\u00f3rio MultiMeios<\/a> (10 dez. 2019).<\/h3>\n<p>\u00a0<\/p>\n<h3 style=\"text-align: center;\"><span style=\"background-color: #ff00ff;\"><img decoding=\"async\" class=\"alignnone wp-image-1905 size-large\" src=\"http:\/\/blogs.multimeios.ufc.br\/fernandacarmo\/files\/2021\/06\/20191017_123252-1024x768.jpg\" alt=\"\" width=\"640\" height=\"480\" srcset=\"https:\/\/blogs.multimeios.ufc.br\/fernandacarmo\/files\/2021\/06\/20191017_123252-1024x768.jpg 1024w, https:\/\/blogs.multimeios.ufc.br\/fernandacarmo\/files\/2021\/06\/20191017_123252-300x225.jpg 300w, https:\/\/blogs.multimeios.ufc.br\/fernandacarmo\/files\/2021\/06\/20191017_123252-768x576.jpg 768w, https:\/\/blogs.multimeios.ufc.br\/fernandacarmo\/files\/2021\/06\/20191017_123252-1536x1152.jpg 1536w, https:\/\/blogs.multimeios.ufc.br\/fernandacarmo\/files\/2021\/06\/20191017_123252-2048x1536.jpg 2048w\" sizes=\"(max-width: 640px) 100vw, 640px\" \/><\/span><br \/>Mesa redonda para discuss\u00f5es em grupo do <a href=\"https:\/\/www.multimeios.ufc.br\" target=\"_blank\" rel=\"noopener\">Laborat\u00f3rio MultiMeios<\/a><br \/>(17 out. 2019).<\/h3>\n<p>\u00a0<\/p>\n<h3 style=\"text-align: center;\"><span style=\"background-color: #0000ff;\"><img loading=\"lazy\" decoding=\"async\" class=\"alignnone wp-image-1910 size-large\" src=\"http:\/\/blogs.multimeios.ufc.br\/fernandacarmo\/files\/2021\/06\/20200219_175408-1024x768.jpg\" alt=\"\" width=\"640\" height=\"480\" srcset=\"https:\/\/blogs.multimeios.ufc.br\/fernandacarmo\/files\/2021\/06\/20200219_175408-1024x768.jpg 1024w, https:\/\/blogs.multimeios.ufc.br\/fernandacarmo\/files\/2021\/06\/20200219_175408-300x225.jpg 300w, https:\/\/blogs.multimeios.ufc.br\/fernandacarmo\/files\/2021\/06\/20200219_175408-768x576.jpg 768w, https:\/\/blogs.multimeios.ufc.br\/fernandacarmo\/files\/2021\/06\/20200219_175408-1536x1152.jpg 1536w, https:\/\/blogs.multimeios.ufc.br\/fernandacarmo\/files\/2021\/06\/20200219_175408-2048x1536.jpg 2048w\" sizes=\"(max-width: 640px) 100vw, 640px\" \/><\/span><br \/>Gabinete do professor Herm\u00ednio, milagrosamente arrumado,<br \/>ap\u00f3s a faxina anual do <a href=\"https:\/\/www.multimeios.ufc.br\" target=\"_blank\" rel=\"noopener\">Laborat\u00f3rio MultiMeios<\/a> (19 fev. 2020).<\/h3>\n<p>\u00a0<\/p>\n<h3 style=\"text-align: center;\"><span style=\"background-color: #808000;\"><img loading=\"lazy\" decoding=\"async\" class=\"alignnone wp-image-1917 size-large\" src=\"http:\/\/blogs.multimeios.ufc.br\/fernandacarmo\/files\/2021\/06\/20190805_083344-898x1024.jpg\" alt=\"\" width=\"640\" height=\"730\" srcset=\"https:\/\/blogs.multimeios.ufc.br\/fernandacarmo\/files\/2021\/06\/20190805_083344-898x1024.jpg 898w, https:\/\/blogs.multimeios.ufc.br\/fernandacarmo\/files\/2021\/06\/20190805_083344-263x300.jpg 263w, https:\/\/blogs.multimeios.ufc.br\/fernandacarmo\/files\/2021\/06\/20190805_083344-768x876.jpg 768w, https:\/\/blogs.multimeios.ufc.br\/fernandacarmo\/files\/2021\/06\/20190805_083344-1346x1536.jpg 1346w, https:\/\/blogs.multimeios.ufc.br\/fernandacarmo\/files\/2021\/06\/20190805_083344-1795x2048.jpg 1795w, https:\/\/blogs.multimeios.ufc.br\/fernandacarmo\/files\/2021\/06\/20190805_083344.jpg 1932w\" sizes=\"(max-width: 640px) 100vw, 640px\" \/><\/span><br \/>Ainda com sono nas segundas-feiras pela manh\u00e3 no Sal\u00e3o Rosa<br \/>(5 ago. 2019, 8:30).<\/h3>\n<p>\u00a0<\/p>\n<table style=\"width: 100%; border-collapse: collapse; border-color: #fff;\">\n<tbody>\n<tr>\n<td style=\"width: 33.3333%; padding: 0px; border-color: #ffffff;\">\n<h3><a href=\"http:\/\/blogs.multimeios.ufc.br\/fernandacarmo\/4-legado\/\"><img loading=\"lazy\" decoding=\"async\" class=\"alignnone wp-image-4539\" src=\"http:\/\/blogs.multimeios.ufc.br\/fernandacarmo\/files\/2023\/01\/botao-para-a-esquerda-300x300.png\" alt=\"\" width=\"30\" height=\"30\" srcset=\"https:\/\/blogs.multimeios.ufc.br\/fernandacarmo\/files\/2023\/01\/botao-para-a-esquerda-300x300.png 300w, https:\/\/blogs.multimeios.ufc.br\/fernandacarmo\/files\/2023\/01\/botao-para-a-esquerda-150x150.png 150w, https:\/\/blogs.multimeios.ufc.br\/fernandacarmo\/files\/2023\/01\/botao-para-a-esquerda.png 512w\" sizes=\"(max-width: 30px) 100vw, 30px\" \/><\/a><br \/>4 Legado<\/h3>\n<\/td>\n<td style=\"width: 33.3333%; padding: 0px; border-color: #ffffff; text-align: center;\">\n<h3><a href=\"http:\/\/blogs.multimeios.ufc.br\/fernandacarmo\/herminio-borges-neto\"><img loading=\"lazy\" decoding=\"async\" class=\"alignnone wp-image-4540\" src=\"http:\/\/blogs.multimeios.ufc.br\/fernandacarmo\/files\/2023\/01\/Home_icon_green-1-300x300.png\" alt=\"\" width=\"30\" height=\"30\" srcset=\"https:\/\/blogs.multimeios.ufc.br\/fernandacarmo\/files\/2023\/01\/Home_icon_green-1-300x300.png 300w, https:\/\/blogs.multimeios.ufc.br\/fernandacarmo\/files\/2023\/01\/Home_icon_green-1-150x150.png 150w, https:\/\/blogs.multimeios.ufc.br\/fernandacarmo\/files\/2023\/01\/Home_icon_green-1.png 512w\" sizes=\"(max-width: 30px) 100vw, 30px\" \/><\/a><br \/>In\u00edcio<\/h3>\n<\/td>\n<td style=\"width: 33.3333%; padding: 0px; border-color: #ffffff; text-align: right;\">\n<h3><a href=\"https:\/\/blogs.multimeios.ufc.br\/fernandacarmo\/referencias1\/\"><img loading=\"lazy\" decoding=\"async\" class=\"alignnone wp-image-4538\" src=\"http:\/\/blogs.multimeios.ufc.br\/fernandacarmo\/files\/2023\/01\/botao-para-a-direita-300x300.png\" alt=\"\" width=\"30\" height=\"30\" srcset=\"https:\/\/blogs.multimeios.ufc.br\/fernandacarmo\/files\/2023\/01\/botao-para-a-direita-300x300.png 300w, https:\/\/blogs.multimeios.ufc.br\/fernandacarmo\/files\/2023\/01\/botao-para-a-direita-150x150.png 150w, https:\/\/blogs.multimeios.ufc.br\/fernandacarmo\/files\/2023\/01\/botao-para-a-direita.png 512w\" sizes=\"(max-width: 30px) 100vw, 30px\" \/><\/a><br \/>Refer\u00eancias<\/h3>\n<\/td>\n<\/tr>\n<\/tbody>\n<\/table>\n<p>\u00a0<\/p>\n<\/div>\n","protected":false},"excerpt":{"rendered":"<p>Arquivo Nos despedindo do professor Herm\u00ednio,pouco antes de ele ir para o Canad\u00e1 (14 fev. 2020). \u00a0 Bancadas no Sal\u00e3o Rosa do Laborat\u00f3rio MultiMeios (10 dez. 2019). \u00a0 Mesa redonda para discuss\u00f5es em grupo do Laborat\u00f3rio MultiMeios(17 out. 2019). \u00a0 &hellip; <a href=\"https:\/\/blogs.multimeios.ufc.br\/fernandacarmo\/arquivo\/\">Continue lendo <span class=\"meta-nav\">&rarr;<\/span><\/a><\/p>\n","protected":false},"author":23,"featured_media":0,"parent":0,"menu_order":0,"comment_status":"closed","ping_status":"closed","template":"elementor_header_footer","meta":{"footnotes":""},"class_list":["post-1836","page","type-page","status-publish","hentry"],"yoast_head":"<!-- This site is optimized with the Yoast SEO plugin v27.4 - https:\/\/yoast.com\/product\/yoast-seo-wordpress\/ -->\n<title>Blog da Fernanda - Arquivo<\/title>\n<meta name=\"description\" content=\"Arquivo (fotografias no Laborat\u00f3rio MultiMeios) do e-book &quot;Fedathi: trilhas constru\u00eddas e contribui\u00e7\u00f5es para a Educa\u00e7\u00e3o&quot;\" \/>\n<meta name=\"robots\" content=\"index, follow, max-snippet:-1, max-image-preview:large, max-video-preview:-1\" \/>\n<link rel=\"canonical\" href=\"http:\/\/blogs.multimeios.ufc.br\/fernandacarmo\/arquivo\/\" \/>\n<meta property=\"og:locale\" content=\"pt_BR\" \/>\n<meta property=\"og:type\" content=\"article\" \/>\n<meta property=\"og:title\" content=\"Blog da Fernanda - Arquivo\" \/>\n<meta property=\"og:description\" content=\"Arquivo (fotografias no Laborat\u00f3rio MultiMeios) do e-book &quot;Fedathi: trilhas constru\u00eddas e contribui\u00e7\u00f5es para a Educa\u00e7\u00e3o&quot;\" \/>\n<meta property=\"og:url\" content=\"http:\/\/blogs.multimeios.ufc.br\/fernandacarmo\/arquivo\/\" \/>\n<meta property=\"og:site_name\" content=\"Blog da Fernanda\" \/>\n<meta property=\"article:modified_time\" content=\"2024-08-17T15:13:41+00:00\" \/>\n<meta property=\"og:image\" content=\"http:\/\/blogs.multimeios.ufc.br\/fernandacarmo\/files\/2021\/06\/20200214_173332-1024x768.jpg\" \/>\n<meta name=\"twitter:card\" content=\"summary_large_image\" \/>\n<meta name=\"twitter:label1\" content=\"Est. tempo de leitura\" \/>\n\t<meta name=\"twitter:data1\" content=\"3 minutos\" \/>\n<script type=\"application\/ld+json\" class=\"yoast-schema-graph\">{\"@context\":\"https:\\\/\\\/schema.org\",\"@graph\":[{\"@type\":\"WebPage\",\"@id\":\"http:\\\/\\\/blogs.multimeios.ufc.br\\\/fernandacarmo\\\/arquivo\\\/\",\"url\":\"http:\\\/\\\/blogs.multimeios.ufc.br\\\/fernandacarmo\\\/arquivo\\\/\",\"name\":\"Blog da Fernanda - Arquivo\",\"isPartOf\":{\"@id\":\"https:\\\/\\\/blogs.multimeios.ufc.br\\\/fernandacarmo\\\/#website\"},\"primaryImageOfPage\":{\"@id\":\"http:\\\/\\\/blogs.multimeios.ufc.br\\\/fernandacarmo\\\/arquivo\\\/#primaryimage\"},\"image\":{\"@id\":\"http:\\\/\\\/blogs.multimeios.ufc.br\\\/fernandacarmo\\\/arquivo\\\/#primaryimage\"},\"thumbnailUrl\":\"http:\\\/\\\/blogs.multimeios.ufc.br\\\/fernandacarmo\\\/files\\\/2021\\\/06\\\/20200214_173332-1024x768.jpg\",\"datePublished\":\"2021-06-01T12:54:49+00:00\",\"dateModified\":\"2024-08-17T15:13:41+00:00\",\"description\":\"Arquivo (fotografias no Laborat\u00f3rio MultiMeios) do e-book \\\"Fedathi: trilhas constru\u00eddas e contribui\u00e7\u00f5es para a Educa\u00e7\u00e3o\\\"\",\"breadcrumb\":{\"@id\":\"http:\\\/\\\/blogs.multimeios.ufc.br\\\/fernandacarmo\\\/arquivo\\\/#breadcrumb\"},\"inLanguage\":\"pt-BR\",\"potentialAction\":[{\"@type\":\"ReadAction\",\"target\":[\"http:\\\/\\\/blogs.multimeios.ufc.br\\\/fernandacarmo\\\/arquivo\\\/\"]}]},{\"@type\":\"ImageObject\",\"inLanguage\":\"pt-BR\",\"@id\":\"http:\\\/\\\/blogs.multimeios.ufc.br\\\/fernandacarmo\\\/arquivo\\\/#primaryimage\",\"url\":\"https:\\\/\\\/blogs.multimeios.ufc.br\\\/fernandacarmo\\\/files\\\/2021\\\/06\\\/20200214_173332-scaled.jpg\",\"contentUrl\":\"https:\\\/\\\/blogs.multimeios.ufc.br\\\/fernandacarmo\\\/files\\\/2021\\\/06\\\/20200214_173332-scaled.jpg\",\"width\":2560,\"height\":1920},{\"@type\":\"BreadcrumbList\",\"@id\":\"http:\\\/\\\/blogs.multimeios.ufc.br\\\/fernandacarmo\\\/arquivo\\\/#breadcrumb\",\"itemListElement\":[{\"@type\":\"ListItem\",\"position\":1,\"name\":\"In\u00edcio\",\"item\":\"https:\\\/\\\/blogs.multimeios.ufc.br\\\/fernandacarmo\\\/\"},{\"@type\":\"ListItem\",\"position\":2,\"name\":\"Arquivo\"}]},{\"@type\":\"WebSite\",\"@id\":\"https:\\\/\\\/blogs.multimeios.ufc.br\\\/fernandacarmo\\\/#website\",\"url\":\"https:\\\/\\\/blogs.multimeios.ufc.br\\\/fernandacarmo\\\/\",\"name\":\"Blog da Fernanda\",\"description\":\"\",\"potentialAction\":[{\"@type\":\"SearchAction\",\"target\":{\"@type\":\"EntryPoint\",\"urlTemplate\":\"https:\\\/\\\/blogs.multimeios.ufc.br\\\/fernandacarmo\\\/?s={search_term_string}\"},\"query-input\":{\"@type\":\"PropertyValueSpecification\",\"valueRequired\":true,\"valueName\":\"search_term_string\"}}],\"inLanguage\":\"pt-BR\"}]}<\/script>\n<!-- \/ Yoast SEO plugin. -->","yoast_head_json":{"title":"Blog da Fernanda - Arquivo","description":"Arquivo (fotografias no Laborat\u00f3rio MultiMeios) do e-book \"Fedathi: trilhas constru\u00eddas e contribui\u00e7\u00f5es para a Educa\u00e7\u00e3o\"","robots":{"index":"index","follow":"follow","max-snippet":"max-snippet:-1","max-image-preview":"max-image-preview:large","max-video-preview":"max-video-preview:-1"},"canonical":"http:\/\/blogs.multimeios.ufc.br\/fernandacarmo\/arquivo\/","og_locale":"pt_BR","og_type":"article","og_title":"Blog da Fernanda - Arquivo","og_description":"Arquivo (fotografias no Laborat\u00f3rio MultiMeios) do e-book \"Fedathi: trilhas constru\u00eddas e contribui\u00e7\u00f5es para a Educa\u00e7\u00e3o\"","og_url":"http:\/\/blogs.multimeios.ufc.br\/fernandacarmo\/arquivo\/","og_site_name":"Blog da Fernanda","article_modified_time":"2024-08-17T15:13:41+00:00","og_image":[{"url":"http:\/\/blogs.multimeios.ufc.br\/fernandacarmo\/files\/2021\/06\/20200214_173332-1024x768.jpg","type":"","width":"","height":""}],"twitter_card":"summary_large_image","twitter_misc":{"Est. tempo de leitura":"3 minutos"},"schema":{"@context":"https:\/\/schema.org","@graph":[{"@type":"WebPage","@id":"http:\/\/blogs.multimeios.ufc.br\/fernandacarmo\/arquivo\/","url":"http:\/\/blogs.multimeios.ufc.br\/fernandacarmo\/arquivo\/","name":"Blog da Fernanda - Arquivo","isPartOf":{"@id":"https:\/\/blogs.multimeios.ufc.br\/fernandacarmo\/#website"},"primaryImageOfPage":{"@id":"http:\/\/blogs.multimeios.ufc.br\/fernandacarmo\/arquivo\/#primaryimage"},"image":{"@id":"http:\/\/blogs.multimeios.ufc.br\/fernandacarmo\/arquivo\/#primaryimage"},"thumbnailUrl":"http:\/\/blogs.multimeios.ufc.br\/fernandacarmo\/files\/2021\/06\/20200214_173332-1024x768.jpg","datePublished":"2021-06-01T12:54:49+00:00","dateModified":"2024-08-17T15:13:41+00:00","description":"Arquivo (fotografias no Laborat\u00f3rio MultiMeios) do e-book \"Fedathi: trilhas constru\u00eddas e contribui\u00e7\u00f5es para a Educa\u00e7\u00e3o\"","breadcrumb":{"@id":"http:\/\/blogs.multimeios.ufc.br\/fernandacarmo\/arquivo\/#breadcrumb"},"inLanguage":"pt-BR","potentialAction":[{"@type":"ReadAction","target":["http:\/\/blogs.multimeios.ufc.br\/fernandacarmo\/arquivo\/"]}]},{"@type":"ImageObject","inLanguage":"pt-BR","@id":"http:\/\/blogs.multimeios.ufc.br\/fernandacarmo\/arquivo\/#primaryimage","url":"https:\/\/blogs.multimeios.ufc.br\/fernandacarmo\/files\/2021\/06\/20200214_173332-scaled.jpg","contentUrl":"https:\/\/blogs.multimeios.ufc.br\/fernandacarmo\/files\/2021\/06\/20200214_173332-scaled.jpg","width":2560,"height":1920},{"@type":"BreadcrumbList","@id":"http:\/\/blogs.multimeios.ufc.br\/fernandacarmo\/arquivo\/#breadcrumb","itemListElement":[{"@type":"ListItem","position":1,"name":"In\u00edcio","item":"https:\/\/blogs.multimeios.ufc.br\/fernandacarmo\/"},{"@type":"ListItem","position":2,"name":"Arquivo"}]},{"@type":"WebSite","@id":"https:\/\/blogs.multimeios.ufc.br\/fernandacarmo\/#website","url":"https:\/\/blogs.multimeios.ufc.br\/fernandacarmo\/","name":"Blog da Fernanda","description":"","potentialAction":[{"@type":"SearchAction","target":{"@type":"EntryPoint","urlTemplate":"https:\/\/blogs.multimeios.ufc.br\/fernandacarmo\/?s={search_term_string}"},"query-input":{"@type":"PropertyValueSpecification","valueRequired":true,"valueName":"search_term_string"}}],"inLanguage":"pt-BR"}]}},"_links":{"self":[{"href":"https:\/\/blogs.multimeios.ufc.br\/fernandacarmo\/wp-json\/wp\/v2\/pages\/1836","targetHints":{"allow":["GET"]}}],"collection":[{"href":"https:\/\/blogs.multimeios.ufc.br\/fernandacarmo\/wp-json\/wp\/v2\/pages"}],"about":[{"href":"https:\/\/blogs.multimeios.ufc.br\/fernandacarmo\/wp-json\/wp\/v2\/types\/page"}],"author":[{"embeddable":true,"href":"https:\/\/blogs.multimeios.ufc.br\/fernandacarmo\/wp-json\/wp\/v2\/users\/23"}],"replies":[{"embeddable":true,"href":"https:\/\/blogs.multimeios.ufc.br\/fernandacarmo\/wp-json\/wp\/v2\/comments?post=1836"}],"version-history":[{"count":29,"href":"https:\/\/blogs.multimeios.ufc.br\/fernandacarmo\/wp-json\/wp\/v2\/pages\/1836\/revisions"}],"predecessor-version":[{"id":5197,"href":"https:\/\/blogs.multimeios.ufc.br\/fernandacarmo\/wp-json\/wp\/v2\/pages\/1836\/revisions\/5197"}],"wp:attachment":[{"href":"https:\/\/blogs.multimeios.ufc.br\/fernandacarmo\/wp-json\/wp\/v2\/media?parent=1836"}],"curies":[{"name":"wp","href":"https:\/\/api.w.org\/{rel}","templated":true}]}}