{"id":214,"date":"2021-05-18T14:54:47","date_gmt":"2021-05-18T17:54:47","guid":{"rendered":"http:\/\/blogs.multimeios.ufc.br\/fernandacarmo\/?page_id=214"},"modified":"2024-08-18T13:00:10","modified_gmt":"2024-08-18T16:00:10","slug":"dissertacao","status":"publish","type":"page","link":"https:\/\/blogs.multimeios.ufc.br\/fernandacarmo\/dissertacao\/","title":{"rendered":"O ensino a dist\u00e2ncia do conceito de Medida baseado na Sequ\u00eancia Fedathi"},"content":{"rendered":"\n<h1><img fetchpriority=\"high\" decoding=\"async\" class=\"aligncenter wp-image-229 size-full\" src=\"http:\/\/blogs.multimeios.ufc.br\/fernandacarmo\/files\/2021\/05\/WhatsApp-Image-2021-03-21-at-14.37.49.jpeg\" alt=\"Logo do Laborat\u00f3rio MultiMeios da Universidade Federal do Cear\u00e1\" width=\"766\" height=\"436\" srcset=\"https:\/\/blogs.multimeios.ufc.br\/fernandacarmo\/files\/2021\/05\/WhatsApp-Image-2021-03-21-at-14.37.49.jpeg 766w, https:\/\/blogs.multimeios.ufc.br\/fernandacarmo\/files\/2021\/05\/WhatsApp-Image-2021-03-21-at-14.37.49-300x171.jpeg 300w\" sizes=\"(max-width: 766px) 100vw, 766px\" \/><span style=\"background-color: #ded7d7;\"><img decoding=\"async\" class=\"alignnone size-full wp-image-230\" src=\"http:\/\/blogs.multimeios.ufc.br\/fernandacarmo\/files\/2021\/05\/IMG-20200826-WA0011.jpg\" alt=\"\" width=\"651\" height=\"59\" srcset=\"https:\/\/blogs.multimeios.ufc.br\/fernandacarmo\/files\/2021\/05\/IMG-20200826-WA0011.jpg 651w, https:\/\/blogs.multimeios.ufc.br\/fernandacarmo\/files\/2021\/05\/IMG-20200826-WA0011-300x27.jpg 300w\" sizes=\"(max-width: 651px) 100vw, 651px\" \/><\/span><\/h1>\n<h3 style=\"text-align: right;\"><em><br \/>Fernanda Maria Almeida do Carmo<\/em><br \/><em><br \/>19 de maio de 2021<br \/>Atualizado em: 17 jun. 2022<\/em><\/h3>\n<p>\u00a0<\/p>\n<table style=\"width: 100%; border-collapse: collapse; border-color: #ffffff;\">\n<tbody>\n<tr>\n<td style=\"width: 33.3333%; padding: 0px; border-color: #ffffff;\">\u00a0<\/td>\n<td style=\"width: 33.3333%; padding: 0px; border-color: #ffffff;\">\u00a0<\/td>\n<td style=\"width: 33.3333%; padding: 0px; text-align: right; border-color: #ffffff;\">\n<h3><a href=\"https:\/\/blogs.multimeios.ufc.br\/fernandacarmo\/dissertacao-sumario\/\"><img decoding=\"async\" class=\"alignnone wp-image-4538\" src=\"http:\/\/blogs.multimeios.ufc.br\/fernandacarmo\/files\/2023\/01\/botao-para-a-direita-300x300.png\" alt=\"\" width=\"30\" height=\"30\" srcset=\"https:\/\/blogs.multimeios.ufc.br\/fernandacarmo\/files\/2023\/01\/botao-para-a-direita-300x300.png 300w, https:\/\/blogs.multimeios.ufc.br\/fernandacarmo\/files\/2023\/01\/botao-para-a-direita-150x150.png 150w, https:\/\/blogs.multimeios.ufc.br\/fernandacarmo\/files\/2023\/01\/botao-para-a-direita.png 512w\" sizes=\"(max-width: 30px) 100vw, 30px\" \/><\/a><br \/>Sum\u00e1rio<\/h3>\n<\/td>\n<\/tr>\n<\/tbody>\n<\/table>\n<p>\u00a0<\/p>\n<h3><strong>Agradecimentos:<\/strong><\/h3>\n<table style=\"border-collapse: collapse; width: 100%;\">\n<tbody>\n<tr>\n<td style=\"width: 33.3333%; text-align: center;\"><img loading=\"lazy\" decoding=\"async\" class=\"alignnone size-full wp-image-308\" src=\"http:\/\/blogs.multimeios.ufc.br\/fernandacarmo\/files\/2021\/05\/WhatsApp-Image-2020-04-06-at-18.10.321.jpeg\" alt=\"\" width=\"995\" height=\"327\" srcset=\"https:\/\/blogs.multimeios.ufc.br\/fernandacarmo\/files\/2021\/05\/WhatsApp-Image-2020-04-06-at-18.10.321.jpeg 995w, https:\/\/blogs.multimeios.ufc.br\/fernandacarmo\/files\/2021\/05\/WhatsApp-Image-2020-04-06-at-18.10.321-300x99.jpeg 300w, https:\/\/blogs.multimeios.ufc.br\/fernandacarmo\/files\/2021\/05\/WhatsApp-Image-2020-04-06-at-18.10.321-768x252.jpeg 768w\" sizes=\"(max-width: 995px) 100vw, 995px\" \/><\/td>\n<td style=\"width: 33.3333%; text-align: center;\">\n<p><img loading=\"lazy\" decoding=\"async\" class=\"aligncenter wp-image-289 size-full\" src=\"http:\/\/blogs.multimeios.ufc.br\/fernandacarmo\/files\/2021\/05\/UFC.png\" alt=\"\" width=\"44\" height=\"60\" \/><\/p>\n<h6>UNIVERSIDADE FEDERAL DO CEAR\u00c1<\/h6>\n<\/td>\n<td style=\"width: 33.3333%; text-align: center;\"><img loading=\"lazy\" decoding=\"async\" class=\"alignnone size-full wp-image-299\" src=\"http:\/\/blogs.multimeios.ufc.br\/fernandacarmo\/files\/2021\/05\/funcap.jpg\" alt=\"\" width=\"1969\" height=\"1316\" srcset=\"https:\/\/blogs.multimeios.ufc.br\/fernandacarmo\/files\/2021\/05\/funcap.jpg 1969w, https:\/\/blogs.multimeios.ufc.br\/fernandacarmo\/files\/2021\/05\/funcap-300x201.jpg 300w, https:\/\/blogs.multimeios.ufc.br\/fernandacarmo\/files\/2021\/05\/funcap-1024x684.jpg 1024w, https:\/\/blogs.multimeios.ufc.br\/fernandacarmo\/files\/2021\/05\/funcap-768x513.jpg 768w, https:\/\/blogs.multimeios.ufc.br\/fernandacarmo\/files\/2021\/05\/funcap-1536x1027.jpg 1536w\" sizes=\"(max-width: 1969px) 100vw, 1969px\" \/><\/td>\n<\/tr>\n<\/tbody>\n<\/table>\n\n\n\n<p><\/p>\n","protected":false},"excerpt":{"rendered":"<p>Fernanda Maria Almeida do Carmo19 de maio de 2021Atualizado em: 17 jun. 2022 \u00a0 \u00a0 \u00a0 Sum\u00e1rio \u00a0 Agradecimentos: UNIVERSIDADE FEDERAL DO CEAR\u00c1<\/p>\n","protected":false},"author":23,"featured_media":0,"parent":0,"menu_order":0,"comment_status":"closed","ping_status":"closed","template":"","meta":{"footnotes":""},"class_list":["post-214","page","type-page","status-publish","hentry"],"yoast_head":"<!-- This site is optimized with the Yoast SEO plugin v27.4 - https:\/\/yoast.com\/product\/yoast-seo-wordpress\/ -->\n<title>Blog da Fernanda - Disserta\u00e7\u00e3o<\/title>\n<meta name=\"description\" content=\"E-book da Disserta\u00e7\u00e3o de Mestrado de Fernanda Carmo do Laborat\u00f3rio MultiMeios da Universidade Federal do Cear\u00e1\" \/>\n<meta name=\"robots\" content=\"index, follow, max-snippet:-1, max-image-preview:large, max-video-preview:-1\" \/>\n<link rel=\"canonical\" href=\"http:\/\/blogs.multimeios.ufc.br\/fernandacarmo\/dissertacao\/\" \/>\n<meta property=\"og:locale\" content=\"pt_BR\" \/>\n<meta property=\"og:type\" content=\"article\" \/>\n<meta property=\"og:title\" content=\"Blog da Fernanda - Disserta\u00e7\u00e3o\" \/>\n<meta property=\"og:description\" content=\"E-book da Disserta\u00e7\u00e3o de Mestrado de Fernanda Carmo do Laborat\u00f3rio MultiMeios da Universidade Federal do Cear\u00e1\" \/>\n<meta property=\"og:url\" content=\"http:\/\/blogs.multimeios.ufc.br\/fernandacarmo\/dissertacao\/\" \/>\n<meta property=\"og:site_name\" content=\"Blog da Fernanda\" \/>\n<meta property=\"article:modified_time\" content=\"2024-08-18T16:00:10+00:00\" \/>\n<meta property=\"og:image\" content=\"http:\/\/blogs.multimeios.ufc.br\/fernandacarmo\/files\/2021\/05\/WhatsApp-Image-2021-03-21-at-14.37.49.jpeg\" \/>\n<meta name=\"twitter:card\" content=\"summary_large_image\" \/>\n<meta name=\"twitter:label1\" content=\"Est. tempo de leitura\" \/>\n\t<meta name=\"twitter:data1\" content=\"2 minutos\" \/>\n<script type=\"application\/ld+json\" class=\"yoast-schema-graph\">{\"@context\":\"https:\\\/\\\/schema.org\",\"@graph\":[{\"@type\":\"WebPage\",\"@id\":\"http:\\\/\\\/blogs.multimeios.ufc.br\\\/fernandacarmo\\\/dissertacao\\\/\",\"url\":\"http:\\\/\\\/blogs.multimeios.ufc.br\\\/fernandacarmo\\\/dissertacao\\\/\",\"name\":\"Blog da Fernanda - Disserta\u00e7\u00e3o\",\"isPartOf\":{\"@id\":\"https:\\\/\\\/blogs.multimeios.ufc.br\\\/fernandacarmo\\\/#website\"},\"primaryImageOfPage\":{\"@id\":\"http:\\\/\\\/blogs.multimeios.ufc.br\\\/fernandacarmo\\\/dissertacao\\\/#primaryimage\"},\"image\":{\"@id\":\"http:\\\/\\\/blogs.multimeios.ufc.br\\\/fernandacarmo\\\/dissertacao\\\/#primaryimage\"},\"thumbnailUrl\":\"http:\\\/\\\/blogs.multimeios.ufc.br\\\/fernandacarmo\\\/files\\\/2021\\\/05\\\/WhatsApp-Image-2021-03-21-at-14.37.49.jpeg\",\"datePublished\":\"2021-05-18T17:54:47+00:00\",\"dateModified\":\"2024-08-18T16:00:10+00:00\",\"description\":\"E-book da Disserta\u00e7\u00e3o de Mestrado de Fernanda Carmo do Laborat\u00f3rio MultiMeios da Universidade Federal do Cear\u00e1\",\"breadcrumb\":{\"@id\":\"http:\\\/\\\/blogs.multimeios.ufc.br\\\/fernandacarmo\\\/dissertacao\\\/#breadcrumb\"},\"inLanguage\":\"pt-BR\",\"potentialAction\":[{\"@type\":\"ReadAction\",\"target\":[\"http:\\\/\\\/blogs.multimeios.ufc.br\\\/fernandacarmo\\\/dissertacao\\\/\"]}]},{\"@type\":\"ImageObject\",\"inLanguage\":\"pt-BR\",\"@id\":\"http:\\\/\\\/blogs.multimeios.ufc.br\\\/fernandacarmo\\\/dissertacao\\\/#primaryimage\",\"url\":\"https:\\\/\\\/blogs.multimeios.ufc.br\\\/fernandacarmo\\\/files\\\/2021\\\/05\\\/WhatsApp-Image-2021-03-21-at-14.37.49.jpeg\",\"contentUrl\":\"https:\\\/\\\/blogs.multimeios.ufc.br\\\/fernandacarmo\\\/files\\\/2021\\\/05\\\/WhatsApp-Image-2021-03-21-at-14.37.49.jpeg\",\"width\":766,\"height\":436},{\"@type\":\"BreadcrumbList\",\"@id\":\"http:\\\/\\\/blogs.multimeios.ufc.br\\\/fernandacarmo\\\/dissertacao\\\/#breadcrumb\",\"itemListElement\":[{\"@type\":\"ListItem\",\"position\":1,\"name\":\"In\u00edcio\",\"item\":\"https:\\\/\\\/blogs.multimeios.ufc.br\\\/fernandacarmo\\\/\"},{\"@type\":\"ListItem\",\"position\":2,\"name\":\"O ensino a dist\u00e2ncia do conceito de Medida baseado na Sequ\u00eancia Fedathi\"}]},{\"@type\":\"WebSite\",\"@id\":\"https:\\\/\\\/blogs.multimeios.ufc.br\\\/fernandacarmo\\\/#website\",\"url\":\"https:\\\/\\\/blogs.multimeios.ufc.br\\\/fernandacarmo\\\/\",\"name\":\"Blog da Fernanda\",\"description\":\"\",\"potentialAction\":[{\"@type\":\"SearchAction\",\"target\":{\"@type\":\"EntryPoint\",\"urlTemplate\":\"https:\\\/\\\/blogs.multimeios.ufc.br\\\/fernandacarmo\\\/?s={search_term_string}\"},\"query-input\":{\"@type\":\"PropertyValueSpecification\",\"valueRequired\":true,\"valueName\":\"search_term_string\"}}],\"inLanguage\":\"pt-BR\"}]}<\/script>\n<!-- \/ Yoast SEO plugin. -->","yoast_head_json":{"title":"Blog da Fernanda - Disserta\u00e7\u00e3o","description":"E-book da Disserta\u00e7\u00e3o de Mestrado de Fernanda Carmo do Laborat\u00f3rio MultiMeios da Universidade Federal do Cear\u00e1","robots":{"index":"index","follow":"follow","max-snippet":"max-snippet:-1","max-image-preview":"max-image-preview:large","max-video-preview":"max-video-preview:-1"},"canonical":"http:\/\/blogs.multimeios.ufc.br\/fernandacarmo\/dissertacao\/","og_locale":"pt_BR","og_type":"article","og_title":"Blog da Fernanda - Disserta\u00e7\u00e3o","og_description":"E-book da Disserta\u00e7\u00e3o de Mestrado de Fernanda Carmo do Laborat\u00f3rio MultiMeios da Universidade Federal do Cear\u00e1","og_url":"http:\/\/blogs.multimeios.ufc.br\/fernandacarmo\/dissertacao\/","og_site_name":"Blog da Fernanda","article_modified_time":"2024-08-18T16:00:10+00:00","og_image":[{"url":"http:\/\/blogs.multimeios.ufc.br\/fernandacarmo\/files\/2021\/05\/WhatsApp-Image-2021-03-21-at-14.37.49.jpeg","type":"","width":"","height":""}],"twitter_card":"summary_large_image","twitter_misc":{"Est. tempo de leitura":"2 minutos"},"schema":{"@context":"https:\/\/schema.org","@graph":[{"@type":"WebPage","@id":"http:\/\/blogs.multimeios.ufc.br\/fernandacarmo\/dissertacao\/","url":"http:\/\/blogs.multimeios.ufc.br\/fernandacarmo\/dissertacao\/","name":"Blog da Fernanda - Disserta\u00e7\u00e3o","isPartOf":{"@id":"https:\/\/blogs.multimeios.ufc.br\/fernandacarmo\/#website"},"primaryImageOfPage":{"@id":"http:\/\/blogs.multimeios.ufc.br\/fernandacarmo\/dissertacao\/#primaryimage"},"image":{"@id":"http:\/\/blogs.multimeios.ufc.br\/fernandacarmo\/dissertacao\/#primaryimage"},"thumbnailUrl":"http:\/\/blogs.multimeios.ufc.br\/fernandacarmo\/files\/2021\/05\/WhatsApp-Image-2021-03-21-at-14.37.49.jpeg","datePublished":"2021-05-18T17:54:47+00:00","dateModified":"2024-08-18T16:00:10+00:00","description":"E-book da Disserta\u00e7\u00e3o de Mestrado de Fernanda Carmo do Laborat\u00f3rio MultiMeios da Universidade Federal do Cear\u00e1","breadcrumb":{"@id":"http:\/\/blogs.multimeios.ufc.br\/fernandacarmo\/dissertacao\/#breadcrumb"},"inLanguage":"pt-BR","potentialAction":[{"@type":"ReadAction","target":["http:\/\/blogs.multimeios.ufc.br\/fernandacarmo\/dissertacao\/"]}]},{"@type":"ImageObject","inLanguage":"pt-BR","@id":"http:\/\/blogs.multimeios.ufc.br\/fernandacarmo\/dissertacao\/#primaryimage","url":"https:\/\/blogs.multimeios.ufc.br\/fernandacarmo\/files\/2021\/05\/WhatsApp-Image-2021-03-21-at-14.37.49.jpeg","contentUrl":"https:\/\/blogs.multimeios.ufc.br\/fernandacarmo\/files\/2021\/05\/WhatsApp-Image-2021-03-21-at-14.37.49.jpeg","width":766,"height":436},{"@type":"BreadcrumbList","@id":"http:\/\/blogs.multimeios.ufc.br\/fernandacarmo\/dissertacao\/#breadcrumb","itemListElement":[{"@type":"ListItem","position":1,"name":"In\u00edcio","item":"https:\/\/blogs.multimeios.ufc.br\/fernandacarmo\/"},{"@type":"ListItem","position":2,"name":"O ensino a dist\u00e2ncia do conceito de Medida baseado na Sequ\u00eancia Fedathi"}]},{"@type":"WebSite","@id":"https:\/\/blogs.multimeios.ufc.br\/fernandacarmo\/#website","url":"https:\/\/blogs.multimeios.ufc.br\/fernandacarmo\/","name":"Blog da Fernanda","description":"","potentialAction":[{"@type":"SearchAction","target":{"@type":"EntryPoint","urlTemplate":"https:\/\/blogs.multimeios.ufc.br\/fernandacarmo\/?s={search_term_string}"},"query-input":{"@type":"PropertyValueSpecification","valueRequired":true,"valueName":"search_term_string"}}],"inLanguage":"pt-BR"}]}},"_links":{"self":[{"href":"https:\/\/blogs.multimeios.ufc.br\/fernandacarmo\/wp-json\/wp\/v2\/pages\/214","targetHints":{"allow":["GET"]}}],"collection":[{"href":"https:\/\/blogs.multimeios.ufc.br\/fernandacarmo\/wp-json\/wp\/v2\/pages"}],"about":[{"href":"https:\/\/blogs.multimeios.ufc.br\/fernandacarmo\/wp-json\/wp\/v2\/types\/page"}],"author":[{"embeddable":true,"href":"https:\/\/blogs.multimeios.ufc.br\/fernandacarmo\/wp-json\/wp\/v2\/users\/23"}],"replies":[{"embeddable":true,"href":"https:\/\/blogs.multimeios.ufc.br\/fernandacarmo\/wp-json\/wp\/v2\/comments?post=214"}],"version-history":[{"count":235,"href":"https:\/\/blogs.multimeios.ufc.br\/fernandacarmo\/wp-json\/wp\/v2\/pages\/214\/revisions"}],"predecessor-version":[{"id":5271,"href":"https:\/\/blogs.multimeios.ufc.br\/fernandacarmo\/wp-json\/wp\/v2\/pages\/214\/revisions\/5271"}],"wp:attachment":[{"href":"https:\/\/blogs.multimeios.ufc.br\/fernandacarmo\/wp-json\/wp\/v2\/media?parent=214"}],"curies":[{"name":"wp","href":"https:\/\/api.w.org\/{rel}","templated":true}]}}