{"id":2729,"date":"2022-01-24T11:17:55","date_gmt":"2022-01-24T14:17:55","guid":{"rendered":"http:\/\/blogs.multimeios.ufc.br\/fernandacarmo\/?page_id=2729"},"modified":"2024-08-18T14:07:13","modified_gmt":"2024-08-18T17:07:13","slug":"dissertacao-2-3-grandezas-e-medidas","status":"publish","type":"page","link":"https:\/\/blogs.multimeios.ufc.br\/fernandacarmo\/dissertacao-2-3-grandezas-e-medidas\/","title":{"rendered":"2.3 Grandezas e Medidas"},"content":{"rendered":"\n<h3 style=\"text-indent: 4em; text-align: justify;\">Nessa subse\u00e7\u00e3o introduzimos o conte\u00fado matem\u00e1tico que ser\u00e1 abordado na proposta do curso. Iniciamos por <a href=\"http:\/\/blogs.multimeios.ufc.br\/fernandacarmo\/dissertacao-2-3-1-grandeza\/\">Grandeza<\/a>, conceituando-a, diferenciando grandeza discreta e grandeza cont\u00ednua, exemplificando e apresentando uma estrutura matem\u00e1tica feita por <a href=\"http:\/\/blogs.multimeios.ufc.br\/fernandacarmo\/dissertacao-referencias\/#bellemain-lima-2002\">Bellemain e Lima (2002)<\/a>. Logo ap\u00f3s, trazemos o conceito de <a href=\"http:\/\/blogs.multimeios.ufc.br\/fernandacarmo\/dissertacao-2-3-2-medida\/\">Medida<\/a> como \u00e9 abordado na Teoria da Medida, com base em <a href=\"http:\/\/blogs.multimeios.ufc.br\/fernandacarmo\/dissertacao-referencias\/#halmos-1950\">Halmos (1950)<\/a>. Por fim, trazemos o conceito de <a href=\"http:\/\/blogs.multimeios.ufc.br\/fernandacarmo\/dissertacao-2-3-3-medida-de-area\/\">\u00c1rea<\/a>, sua estrutura matem\u00e1tica, apresentada por <a href=\"http:\/\/blogs.multimeios.ufc.br\/fernandacarmo\/dissertacao-referencias\/#lima-1995\">Lima (1995)<\/a>.<\/h3>\n<p>\u00a0<\/p>\n<table style=\"width: 100%; border-collapse: collapse; border-color: #ffffff;\">\n<tbody>\n<tr>\n<td style=\"width: 33.3333%; border-color: #ffffff;\">\n<h3><a href=\"http:\/\/blogs.multimeios.ufc.br\/fernandacarmo\/dissertacao-2-2-a-educacao-a-distancia-do-laboratorio-multimeios\/\"><img decoding=\"async\" class=\"alignnone wp-image-4539\" src=\"http:\/\/blogs.multimeios.ufc.br\/fernandacarmo\/files\/2023\/01\/botao-para-a-esquerda-300x300.png\" alt=\"\" width=\"30\" height=\"30\" srcset=\"https:\/\/blogs.multimeios.ufc.br\/fernandacarmo\/files\/2023\/01\/botao-para-a-esquerda-300x300.png 300w, https:\/\/blogs.multimeios.ufc.br\/fernandacarmo\/files\/2023\/01\/botao-para-a-esquerda-150x150.png 150w, https:\/\/blogs.multimeios.ufc.br\/fernandacarmo\/files\/2023\/01\/botao-para-a-esquerda.png 512w\" sizes=\"(max-width: 30px) 100vw, 30px\" \/><\/a><br \/>2.2 A Educa\u00e7\u00e3o a Dist\u00e2ncia do Laborat\u00f3rio MultiMeios<\/h3>\n<\/td>\n<td style=\"width: 33.3333%; border-color: #ffffff; vertical-align: top;\">\n<h3 style=\"text-align: center;\"><a href=\"http:\/\/blogs.multimeios.ufc.br\/fernandacarmo\/dissertacao\/\"><img decoding=\"async\" class=\"alignnone wp-image-4540\" src=\"http:\/\/blogs.multimeios.ufc.br\/fernandacarmo\/files\/2023\/01\/Home_icon_green-1-300x300.png\" alt=\"\" width=\"30\" height=\"30\" srcset=\"https:\/\/blogs.multimeios.ufc.br\/fernandacarmo\/files\/2023\/01\/Home_icon_green-1-300x300.png 300w, https:\/\/blogs.multimeios.ufc.br\/fernandacarmo\/files\/2023\/01\/Home_icon_green-1-150x150.png 150w, https:\/\/blogs.multimeios.ufc.br\/fernandacarmo\/files\/2023\/01\/Home_icon_green-1.png 512w\" sizes=\"(max-width: 30px) 100vw, 30px\" \/><\/a><br \/>In\u00edcio<\/h3>\n<\/td>\n<td style=\"width: 33.3333%; border-color: #ffffff; vertical-align: top;\">\n<h3 style=\"text-align: right;\"><a href=\"http:\/\/blogs.multimeios.ufc.br\/fernandacarmo\/dissertacao-2-3-1-grandeza\/\"><img decoding=\"async\" class=\"alignnone wp-image-4538\" src=\"http:\/\/blogs.multimeios.ufc.br\/fernandacarmo\/files\/2023\/01\/botao-para-a-direita-300x300.png\" alt=\"\" width=\"30\" height=\"30\" srcset=\"https:\/\/blogs.multimeios.ufc.br\/fernandacarmo\/files\/2023\/01\/botao-para-a-direita-300x300.png 300w, https:\/\/blogs.multimeios.ufc.br\/fernandacarmo\/files\/2023\/01\/botao-para-a-direita-150x150.png 150w, https:\/\/blogs.multimeios.ufc.br\/fernandacarmo\/files\/2023\/01\/botao-para-a-direita.png 512w\" sizes=\"(max-width: 30px) 100vw, 30px\" \/><\/a><br \/>2.3.1 Grandeza<\/h3>\n<\/td>\n<\/tr>\n<\/tbody>\n<\/table>\n\n\n\n<p><\/p>\n","protected":false},"excerpt":{"rendered":"<p>Nessa subse\u00e7\u00e3o introduzimos o conte\u00fado matem\u00e1tico que ser\u00e1 abordado na proposta do curso. Iniciamos por Grandeza, conceituando-a, diferenciando grandeza discreta e grandeza cont\u00ednua, exemplificando e apresentando uma estrutura matem\u00e1tica feita por Bellemain e Lima (2002). Logo ap\u00f3s, trazemos o conceito &hellip; <a href=\"https:\/\/blogs.multimeios.ufc.br\/fernandacarmo\/dissertacao-2-3-grandezas-e-medidas\/\">Continue lendo <span class=\"meta-nav\">&rarr;<\/span><\/a><\/p>\n","protected":false},"author":23,"featured_media":0,"parent":0,"menu_order":0,"comment_status":"closed","ping_status":"closed","template":"","meta":{"footnotes":""},"class_list":["post-2729","page","type-page","status-publish","hentry"],"yoast_head":"<!-- This site is optimized with the Yoast SEO plugin v27.3 - https:\/\/yoast.com\/product\/yoast-seo-wordpress\/ -->\n<title>Blog da Fernanda - 2.3 Grandezas e Medidas<\/title>\n<meta name=\"description\" content=\"Grandezas e Medidas (parte do Referencial te\u00f3rico) da Disserta\u00e7\u00e3o de Mestrado de Fernanda - Laborat\u00f3rio MultiMeios\" \/>\n<meta name=\"robots\" content=\"index, follow, max-snippet:-1, max-image-preview:large, max-video-preview:-1\" \/>\n<link rel=\"canonical\" href=\"http:\/\/blogs.multimeios.ufc.br\/fernandacarmo\/dissertacao-2-3-grandezas-e-medidas\/\" \/>\n<meta property=\"og:locale\" content=\"pt_BR\" \/>\n<meta property=\"og:type\" content=\"article\" \/>\n<meta property=\"og:title\" content=\"Blog da Fernanda - 2.3 Grandezas e Medidas\" \/>\n<meta property=\"og:description\" content=\"Grandezas e Medidas (parte do Referencial te\u00f3rico) da Disserta\u00e7\u00e3o de Mestrado de Fernanda - Laborat\u00f3rio MultiMeios\" \/>\n<meta property=\"og:url\" content=\"http:\/\/blogs.multimeios.ufc.br\/fernandacarmo\/dissertacao-2-3-grandezas-e-medidas\/\" \/>\n<meta property=\"og:site_name\" content=\"Blog da Fernanda\" \/>\n<meta property=\"article:modified_time\" content=\"2024-08-18T17:07:13+00:00\" \/>\n<meta property=\"og:image\" content=\"http:\/\/blogs.multimeios.ufc.br\/fernandacarmo\/files\/2023\/01\/botao-para-a-esquerda-300x300.png\" \/>\n<meta name=\"twitter:card\" content=\"summary_large_image\" \/>\n<meta name=\"twitter:label1\" content=\"Est. tempo de leitura\" \/>\n\t<meta name=\"twitter:data1\" content=\"2 minutos\" \/>\n<script type=\"application\/ld+json\" class=\"yoast-schema-graph\">{\"@context\":\"https:\\\/\\\/schema.org\",\"@graph\":[{\"@type\":\"WebPage\",\"@id\":\"http:\\\/\\\/blogs.multimeios.ufc.br\\\/fernandacarmo\\\/dissertacao-2-3-grandezas-e-medidas\\\/\",\"url\":\"http:\\\/\\\/blogs.multimeios.ufc.br\\\/fernandacarmo\\\/dissertacao-2-3-grandezas-e-medidas\\\/\",\"name\":\"Blog da Fernanda - 2.3 Grandezas e Medidas\",\"isPartOf\":{\"@id\":\"https:\\\/\\\/blogs.multimeios.ufc.br\\\/fernandacarmo\\\/#website\"},\"primaryImageOfPage\":{\"@id\":\"http:\\\/\\\/blogs.multimeios.ufc.br\\\/fernandacarmo\\\/dissertacao-2-3-grandezas-e-medidas\\\/#primaryimage\"},\"image\":{\"@id\":\"http:\\\/\\\/blogs.multimeios.ufc.br\\\/fernandacarmo\\\/dissertacao-2-3-grandezas-e-medidas\\\/#primaryimage\"},\"thumbnailUrl\":\"http:\\\/\\\/blogs.multimeios.ufc.br\\\/fernandacarmo\\\/files\\\/2023\\\/01\\\/botao-para-a-esquerda-300x300.png\",\"datePublished\":\"2022-01-24T14:17:55+00:00\",\"dateModified\":\"2024-08-18T17:07:13+00:00\",\"description\":\"Grandezas e Medidas (parte do Referencial te\u00f3rico) da Disserta\u00e7\u00e3o de Mestrado de Fernanda - Laborat\u00f3rio MultiMeios\",\"breadcrumb\":{\"@id\":\"http:\\\/\\\/blogs.multimeios.ufc.br\\\/fernandacarmo\\\/dissertacao-2-3-grandezas-e-medidas\\\/#breadcrumb\"},\"inLanguage\":\"pt-BR\",\"potentialAction\":[{\"@type\":\"ReadAction\",\"target\":[\"http:\\\/\\\/blogs.multimeios.ufc.br\\\/fernandacarmo\\\/dissertacao-2-3-grandezas-e-medidas\\\/\"]}]},{\"@type\":\"ImageObject\",\"inLanguage\":\"pt-BR\",\"@id\":\"http:\\\/\\\/blogs.multimeios.ufc.br\\\/fernandacarmo\\\/dissertacao-2-3-grandezas-e-medidas\\\/#primaryimage\",\"url\":\"https:\\\/\\\/blogs.multimeios.ufc.br\\\/fernandacarmo\\\/files\\\/2023\\\/01\\\/botao-para-a-esquerda.png\",\"contentUrl\":\"https:\\\/\\\/blogs.multimeios.ufc.br\\\/fernandacarmo\\\/files\\\/2023\\\/01\\\/botao-para-a-esquerda.png\",\"width\":512,\"height\":512},{\"@type\":\"BreadcrumbList\",\"@id\":\"http:\\\/\\\/blogs.multimeios.ufc.br\\\/fernandacarmo\\\/dissertacao-2-3-grandezas-e-medidas\\\/#breadcrumb\",\"itemListElement\":[{\"@type\":\"ListItem\",\"position\":1,\"name\":\"In\u00edcio\",\"item\":\"https:\\\/\\\/blogs.multimeios.ufc.br\\\/fernandacarmo\\\/\"},{\"@type\":\"ListItem\",\"position\":2,\"name\":\"2.3 Grandezas e Medidas\"}]},{\"@type\":\"WebSite\",\"@id\":\"https:\\\/\\\/blogs.multimeios.ufc.br\\\/fernandacarmo\\\/#website\",\"url\":\"https:\\\/\\\/blogs.multimeios.ufc.br\\\/fernandacarmo\\\/\",\"name\":\"Blog da Fernanda\",\"description\":\"\",\"potentialAction\":[{\"@type\":\"SearchAction\",\"target\":{\"@type\":\"EntryPoint\",\"urlTemplate\":\"https:\\\/\\\/blogs.multimeios.ufc.br\\\/fernandacarmo\\\/?s={search_term_string}\"},\"query-input\":{\"@type\":\"PropertyValueSpecification\",\"valueRequired\":true,\"valueName\":\"search_term_string\"}}],\"inLanguage\":\"pt-BR\"}]}<\/script>\n<!-- \/ Yoast SEO plugin. -->","yoast_head_json":{"title":"Blog da Fernanda - 2.3 Grandezas e Medidas","description":"Grandezas e Medidas (parte do Referencial te\u00f3rico) da Disserta\u00e7\u00e3o de Mestrado de Fernanda - Laborat\u00f3rio MultiMeios","robots":{"index":"index","follow":"follow","max-snippet":"max-snippet:-1","max-image-preview":"max-image-preview:large","max-video-preview":"max-video-preview:-1"},"canonical":"http:\/\/blogs.multimeios.ufc.br\/fernandacarmo\/dissertacao-2-3-grandezas-e-medidas\/","og_locale":"pt_BR","og_type":"article","og_title":"Blog da Fernanda - 2.3 Grandezas e Medidas","og_description":"Grandezas e Medidas (parte do Referencial te\u00f3rico) da Disserta\u00e7\u00e3o de Mestrado de Fernanda - Laborat\u00f3rio MultiMeios","og_url":"http:\/\/blogs.multimeios.ufc.br\/fernandacarmo\/dissertacao-2-3-grandezas-e-medidas\/","og_site_name":"Blog da Fernanda","article_modified_time":"2024-08-18T17:07:13+00:00","og_image":[{"url":"http:\/\/blogs.multimeios.ufc.br\/fernandacarmo\/files\/2023\/01\/botao-para-a-esquerda-300x300.png","type":"","width":"","height":""}],"twitter_card":"summary_large_image","twitter_misc":{"Est. tempo de leitura":"2 minutos"},"schema":{"@context":"https:\/\/schema.org","@graph":[{"@type":"WebPage","@id":"http:\/\/blogs.multimeios.ufc.br\/fernandacarmo\/dissertacao-2-3-grandezas-e-medidas\/","url":"http:\/\/blogs.multimeios.ufc.br\/fernandacarmo\/dissertacao-2-3-grandezas-e-medidas\/","name":"Blog da Fernanda - 2.3 Grandezas e Medidas","isPartOf":{"@id":"https:\/\/blogs.multimeios.ufc.br\/fernandacarmo\/#website"},"primaryImageOfPage":{"@id":"http:\/\/blogs.multimeios.ufc.br\/fernandacarmo\/dissertacao-2-3-grandezas-e-medidas\/#primaryimage"},"image":{"@id":"http:\/\/blogs.multimeios.ufc.br\/fernandacarmo\/dissertacao-2-3-grandezas-e-medidas\/#primaryimage"},"thumbnailUrl":"http:\/\/blogs.multimeios.ufc.br\/fernandacarmo\/files\/2023\/01\/botao-para-a-esquerda-300x300.png","datePublished":"2022-01-24T14:17:55+00:00","dateModified":"2024-08-18T17:07:13+00:00","description":"Grandezas e Medidas (parte do Referencial te\u00f3rico) da Disserta\u00e7\u00e3o de Mestrado de Fernanda - Laborat\u00f3rio MultiMeios","breadcrumb":{"@id":"http:\/\/blogs.multimeios.ufc.br\/fernandacarmo\/dissertacao-2-3-grandezas-e-medidas\/#breadcrumb"},"inLanguage":"pt-BR","potentialAction":[{"@type":"ReadAction","target":["http:\/\/blogs.multimeios.ufc.br\/fernandacarmo\/dissertacao-2-3-grandezas-e-medidas\/"]}]},{"@type":"ImageObject","inLanguage":"pt-BR","@id":"http:\/\/blogs.multimeios.ufc.br\/fernandacarmo\/dissertacao-2-3-grandezas-e-medidas\/#primaryimage","url":"https:\/\/blogs.multimeios.ufc.br\/fernandacarmo\/files\/2023\/01\/botao-para-a-esquerda.png","contentUrl":"https:\/\/blogs.multimeios.ufc.br\/fernandacarmo\/files\/2023\/01\/botao-para-a-esquerda.png","width":512,"height":512},{"@type":"BreadcrumbList","@id":"http:\/\/blogs.multimeios.ufc.br\/fernandacarmo\/dissertacao-2-3-grandezas-e-medidas\/#breadcrumb","itemListElement":[{"@type":"ListItem","position":1,"name":"In\u00edcio","item":"https:\/\/blogs.multimeios.ufc.br\/fernandacarmo\/"},{"@type":"ListItem","position":2,"name":"2.3 Grandezas e Medidas"}]},{"@type":"WebSite","@id":"https:\/\/blogs.multimeios.ufc.br\/fernandacarmo\/#website","url":"https:\/\/blogs.multimeios.ufc.br\/fernandacarmo\/","name":"Blog da Fernanda","description":"","potentialAction":[{"@type":"SearchAction","target":{"@type":"EntryPoint","urlTemplate":"https:\/\/blogs.multimeios.ufc.br\/fernandacarmo\/?s={search_term_string}"},"query-input":{"@type":"PropertyValueSpecification","valueRequired":true,"valueName":"search_term_string"}}],"inLanguage":"pt-BR"}]}},"_links":{"self":[{"href":"https:\/\/blogs.multimeios.ufc.br\/fernandacarmo\/wp-json\/wp\/v2\/pages\/2729","targetHints":{"allow":["GET"]}}],"collection":[{"href":"https:\/\/blogs.multimeios.ufc.br\/fernandacarmo\/wp-json\/wp\/v2\/pages"}],"about":[{"href":"https:\/\/blogs.multimeios.ufc.br\/fernandacarmo\/wp-json\/wp\/v2\/types\/page"}],"author":[{"embeddable":true,"href":"https:\/\/blogs.multimeios.ufc.br\/fernandacarmo\/wp-json\/wp\/v2\/users\/23"}],"replies":[{"embeddable":true,"href":"https:\/\/blogs.multimeios.ufc.br\/fernandacarmo\/wp-json\/wp\/v2\/comments?post=2729"}],"version-history":[{"count":17,"href":"https:\/\/blogs.multimeios.ufc.br\/fernandacarmo\/wp-json\/wp\/v2\/pages\/2729\/revisions"}],"predecessor-version":[{"id":5311,"href":"https:\/\/blogs.multimeios.ufc.br\/fernandacarmo\/wp-json\/wp\/v2\/pages\/2729\/revisions\/5311"}],"wp:attachment":[{"href":"https:\/\/blogs.multimeios.ufc.br\/fernandacarmo\/wp-json\/wp\/v2\/media?parent=2729"}],"curies":[{"name":"wp","href":"https:\/\/api.w.org\/{rel}","templated":true}]}}