{"id":4649,"date":"2023-02-06T12:11:04","date_gmt":"2023-02-06T15:11:04","guid":{"rendered":"http:\/\/blogs.multimeios.ufc.br\/fernandacarmo\/?page_id=4649"},"modified":"2024-02-26T15:58:22","modified_gmt":"2024-02-26T18:58:22","slug":"revistas-da-educacao-matematica","status":"publish","type":"page","link":"https:\/\/blogs.multimeios.ufc.br\/fernandacarmo\/revistas-da-educacao-matematica\/","title":{"rendered":"Revistas da Educa\u00e7\u00e3o Matem\u00e1tica"},"content":{"rendered":"\n<p>\u00a0<\/p>\n<h2><strong>Revistas da Educa\u00e7\u00e3o Matem\u00e1tica<\/strong><\/h2>\n<p>\u00a0<\/p>\n<h2 style=\"text-align: right;\"><em>Atualizado em 06 fev. 2023<\/em><\/h2>\n<p>\u00a0<\/p>\n<h2 style=\"text-align: justify;\">Gente, toda vez que eu quero publicar um artigo acho uma &#8220;sofr\u00eancia&#8221; s\u00f3 procurar revistas. Voc\u00ea tamb\u00e9m, &#8220;n\u00e9&#8221;?!<\/h2>\n<p>\u00a0<\/p>\n<h2 style=\"text-align: justify;\">Sempre que eu vou publicar, gasto muuuito tempo procurando as informa\u00e7\u00f5es para escolher onde meu artigo com suas especificidades se encaixa (tamanho do texto, quantidade de autores, custo, tempo para publica\u00e7\u00e3o etc.). E vejo, de novo, revistas que eu j\u00e1 tinha olhado outra(s) vez(es).<\/h2>\n<p>\u00a0<\/p>\n<h2 style=\"text-align: justify;\">Ent\u00e3o, o Blog da Fernanda vai facilitar a sua vida, pesquisador(a) da \u00e1rea de Educa\u00e7\u00e3o Matem\u00e1tica!<\/h2>\n<p>\u00a0<\/p>\n<h2 style=\"text-align: justify;\">Esses dias estive procurando uma revista para publicar meu artigo. E a\u00ed, levando em considera\u00e7\u00e3o essa perda de tempo toda vez que vou publicar, fazendo o meeesmo servi\u00e7o (partir do zero para procurar revistas), resolvi registrar as principais informa\u00e7\u00f5es sobre as revistas que encontrei, de um modo bem pr\u00e1tico, e estou compartilhando com voc\u00eas! Utilidade p\u00fablica, n\u00e9?! rsrs<\/h2>\n<p>\u00a0<\/p>\n<h2 style=\"text-align: justify;\">\u00c9 importante voc\u00ea saber que:<\/h2>\n<p>\u00a0<\/p>\n<ul>\n<li>\n<h2><span style=\"text-decoration: underline;\">Aqui est\u00e3o apenas algumas revistas<\/span>, aquelas que encontrei ou que j\u00e1 publiquei artigos da Educa\u00e7\u00e3o Matem\u00e1tica.<\/h2>\n<\/li>\n<li>\n<h2><span style=\"text-decoration: underline;\">Cheque as informa\u00e7\u00f5es contidas aqui<\/span>, elas podem conter erros (deixe sua sugest\u00e3o nos coment\u00e1rios).<\/h2>\n<\/li>\n<li>\n<h2>Considerei, por enquanto, somente a <span style=\"text-decoration: underline;\">\u00e1rea de avalia\u00e7\u00e3o Educa\u00e7\u00e3o<\/span> e <span style=\"text-decoration: underline;\">do n\u00edvel A1 at\u00e9 B2<\/span>.<\/h2>\n<\/li>\n<li>\n<h2>Obtive a estratifica\u00e7\u00e3o da revista na <a href=\"https:\/\/sucupira.capes.gov.br\/sucupira\/public\/consultas\/coleta\/veiculoPublicacaoQualis\/listaConsultaGeralPeriodicos.xhtml\" target=\"_blank\" rel=\"noopener\">Plataforma Sucupira<\/a>, <span style=\"text-decoration: underline;\">quadri\u00eanio 2017-2020<\/span>, e as demais informa\u00e7\u00f5es no <em>site<\/em> das respectivas revistas.<\/h2>\n<\/li>\n<li>\n<h2>Apresentei as informa\u00e7\u00f5es de forma sucinta e organizada.<\/h2>\n<\/li>\n<li>\n<h2>Deixei algumas c\u00e9lulas vazias porque n\u00e3o encontrei a informa\u00e7\u00e3o <em>a priori<\/em>.<\/h2>\n<\/li>\n<li>\n<h2>Selecionei <span style=\"text-decoration: underline;\">apenas revistas <\/span><em><span style=\"text-decoration: underline;\">online<\/span>.<\/em><\/h2>\n<\/li>\n<li>\n<h2>Eu, particularmente, prezo por revistas de Cultura Livre (CC BY e CC BY-SA) e por isso tem uma coluna dedicada a Licen\u00e7a.<\/h2>\n<\/li>\n<\/ul>\n<p>\u00a0<\/p>\n<h2>Agora, veja s\u00f3 a praticidade!<\/h2>\n<p>\u00a0<\/p>\n<p>\u00a0<\/p>\n<table style=\"border-collapse: collapse; width: 100%;\">\n<tbody>\n<tr>\n<td style=\"width: 16.6667%; text-align: center;\">\n<h2><a id=\"a1\" href=\"#a1\">A1<\/a><\/h2>\n<\/td>\n<td style=\"width: 16.6667%; text-align: center;\">\n<h2><a id=\"a2\" href=\"#a2\">A2<\/a><\/h2>\n<\/td>\n<td style=\"width: 16.6667%; text-align: center;\">\n<h2><a id=\"a3\" href=\"#a3\">A3<\/a><\/h2>\n<\/td>\n<td style=\"width: 16.6667%; text-align: center;\">\n<h2><a id=\"a4\" href=\"#a4\">A4<\/a><\/h2>\n<\/td>\n<td style=\"width: 16.6667%; text-align: center;\">\n<h2><a id=\"b1\" href=\"#b1\">B1<\/a><\/h2>\n<\/td>\n<td style=\"width: 16.6667%; text-align: center;\">\n<h2><a id=\"b2\" href=\"#b2\">B2<\/a><\/h2>\n<\/td>\n<\/tr>\n<\/tbody>\n<\/table>\n<p>\u00a0<\/p>\n\n\n\n<!-- iframe plugin v.6.0 wordpress.org\/plugins\/iframe\/ -->\n<iframe id=\"revistas-a1\" height=\"355\" frameborder=\"0\" scrolling=\"yes\" src=\"https:\/\/multimeiosufc-my.sharepoint.com\/:x:\/g\/personal\/fernanda_multimeios_ufc_br\/EaZdB7J53TZHnO_Lt-jLfXcB_RJnihZ989cyBrnOmqimIw?e=OxCsMl&#038;action=embedview&#038;wdAllowInteractivity=False&#038;ActiveCell=&#039;A1&#039;!A1&#038;Item=&#039;A1&#039;!A1%3AJ9&#038;wdInConfigurator=True&#038;wdInConfigurator=True&#038;edesNext=true&#038;resen=false&#038;ed1JS=false\" width=\"100%\" class=\"iframe-class\"><\/iframe>\n\n\n\n\n<!-- iframe plugin v.6.0 wordpress.org\/plugins\/iframe\/ -->\n<iframe id=\"revistas-a2\" height=\"355\" frameborder=\"0\" scrolling=\"yes\" src=\"https:\/\/multimeiosufc-my.sharepoint.com\/:x:\/g\/personal\/fernanda_multimeios_ufc_br\/EaaIgnapwhxLpSgPPiXfEzwBnzA-dT-NLnxlzVsT1LFYkA?e=FeS62u&#038;action=embedview&#038;wdAllowInteractivity=False&#038;ActiveCell=&#039;A2&#039;!A1&#038;Item=&#039;A2&#039;!A1%3AJ9&#038;wdInConfigurator=True&#038;wdInConfigurator=True&#038;edesNext=true&#038;resen=false&#038;ed1JS=false\" width=\"100%\" class=\"iframe-class\"><\/iframe>\n\n\n\n\n<!-- iframe plugin v.6.0 wordpress.org\/plugins\/iframe\/ -->\n<iframe id=\"revistas-a3\" height=\"355\" frameborder=\"0\" scrolling=\"yes\" src=\"https:\/\/multimeiosufc-my.sharepoint.com\/:x:\/g\/personal\/fernanda_multimeios_ufc_br\/EX-iAdBiyzJIibps40Siy-cB68H4LE7QRYn9jm_PvhpOxg?e=tjWU9R&#038;action=embedview&#038;wdAllowInteractivity=False&#038;ActiveCell=&#039;A3&#039;!A1&#038;Item=&#039;A3&#039;!A1%3AJ7&#038;wdInConfigurator=True&#038;wdInConfigurator=True&#038;edesNext=true&#038;resen=false&#038;ed1JS=false\" width=\"100%\" class=\"iframe-class\"><\/iframe>\n\n\n\n\n<!-- iframe plugin v.6.0 wordpress.org\/plugins\/iframe\/ -->\n<iframe id=\"revistas-a4\" height=\"355\" frameborder=\"0\" scrolling=\"yes\" src=\"https:\/\/multimeiosufc-my.sharepoint.com\/:x:\/g\/personal\/fernanda_multimeios_ufc_br\/EV0vahU0HcZMofIH9KdQ3ikB_AfBfVZmzWUuL7d-ghrp7Q?e=bIUYxK&#038;action=embedview&#038;wdAllowInteractivity=False&#038;ActiveCell=&#039;A4&#039;!A1&#038;Item=&#039;A4&#039;!A1%3AJ10&#038;wdInConfigurator=True&#038;wdInConfigurator=True&#038;edesNext=true&#038;resen=false&#038;ed1JS=false\" width=\"100%\" class=\"iframe-class\"><\/iframe>\n\n\n\n\n<!-- iframe plugin v.6.0 wordpress.org\/plugins\/iframe\/ -->\n<iframe id=\"revistas-b1\" height=\"355\" frameborder=\"0\" scrolling=\"yes\" src=\"https:\/\/multimeiosufc-my.sharepoint.com\/:x:\/g\/personal\/fernanda_multimeios_ufc_br\/EcOr_-V_7W5CjjWb-u83fPUBBclNYvitepk3lZ698ywPIA?e=Cn63gV&#038;action=embedview&#038;wdAllowInteractivity=False&#038;ActiveCell=&#039;B1&#039;!A1&#038;Item=&#039;B1&#039;!A1%3AJ11&#038;wdInConfigurator=True&#038;wdInConfigurator=True&#038;edesNext=true&#038;resen=false&#038;ed1JS=false\" width=\"100%\" class=\"iframe-class\"><\/iframe>\n\n\n\n\n<!-- iframe plugin v.6.0 wordpress.org\/plugins\/iframe\/ -->\n<iframe id=\"revistas-b2\" height=\"355\" frameborder=\"0\" scrolling=\"yes\" src=\"https:\/\/multimeiosufc-my.sharepoint.com\/:x:\/g\/personal\/fernanda_multimeios_ufc_br\/EZnJxRAD8rxFsnAf4GZl8PsBVnTZm2NeTkYluEu_Vi_eqA?e=jghkaW&#038;action=embedview&#038;wdAllowInteractivity=False&#038;ActiveCell=&#039;B2&#039;!A1&#038;Item=&#039;B2&#039;!A1%3AJ6&#038;wdInConfigurator=True&#038;wdInConfigurator=True&#038;edesNext=true&#038;resen=false&#038;ed1JS=false\" width=\"100%\" class=\"iframe-class\"><\/iframe>\n\n","protected":false},"excerpt":{"rendered":"<p>\u00a0 Revistas da Educa\u00e7\u00e3o Matem\u00e1tica \u00a0 Atualizado em 06 fev. 2023 \u00a0 Gente, toda vez que eu quero publicar um artigo acho uma &#8220;sofr\u00eancia&#8221; s\u00f3 procurar revistas. Voc\u00ea tamb\u00e9m, &#8220;n\u00e9&#8221;?! \u00a0 Sempre que eu vou publicar, gasto muuuito tempo procurando &hellip; <a href=\"https:\/\/blogs.multimeios.ufc.br\/fernandacarmo\/revistas-da-educacao-matematica\/\">Continue lendo <span class=\"meta-nav\">&rarr;<\/span><\/a><\/p>\n","protected":false},"author":23,"featured_media":0,"parent":0,"menu_order":0,"comment_status":"closed","ping_status":"closed","template":"elementor_header_footer","meta":{"footnotes":""},"class_list":["post-4649","page","type-page","status-publish","hentry"],"yoast_head":"<!-- This site is optimized with the Yoast SEO plugin v27.3 - https:\/\/yoast.com\/product\/yoast-seo-wordpress\/ -->\n<title>Blog da Fernanda - Revistas da Educa\u00e7\u00e3o Matem\u00e1tica<\/title>\n<meta name=\"description\" content=\"Links, Qualis na \u00e1rea de Educa\u00e7\u00e3o e outras informa\u00e7\u00f5es sucintas acerca de revistas da Educa\u00e7\u00e3o Matem\u00e1tica para facilitar sua busca\" \/>\n<meta name=\"robots\" content=\"index, follow, max-snippet:-1, max-image-preview:large, max-video-preview:-1\" \/>\n<link rel=\"canonical\" href=\"http:\/\/blogs.multimeios.ufc.br\/fernandacarmo\/revistas-da-educacao-matematica\/\" \/>\n<meta property=\"og:locale\" content=\"pt_BR\" \/>\n<meta property=\"og:type\" content=\"article\" \/>\n<meta property=\"og:title\" content=\"Blog da Fernanda - Revistas da Educa\u00e7\u00e3o Matem\u00e1tica\" \/>\n<meta property=\"og:description\" content=\"Links, Qualis na \u00e1rea de Educa\u00e7\u00e3o e outras informa\u00e7\u00f5es sucintas acerca de revistas da Educa\u00e7\u00e3o Matem\u00e1tica para facilitar sua busca\" \/>\n<meta property=\"og:url\" content=\"http:\/\/blogs.multimeios.ufc.br\/fernandacarmo\/revistas-da-educacao-matematica\/\" \/>\n<meta property=\"og:site_name\" content=\"Blog da Fernanda\" \/>\n<meta property=\"article:modified_time\" content=\"2024-02-26T18:58:22+00:00\" \/>\n<meta name=\"twitter:card\" content=\"summary_large_image\" \/>\n<meta name=\"twitter:label1\" content=\"Est. tempo de leitura\" \/>\n\t<meta name=\"twitter:data1\" content=\"2 minutos\" \/>\n<script type=\"application\/ld+json\" class=\"yoast-schema-graph\">{\"@context\":\"https:\\\/\\\/schema.org\",\"@graph\":[{\"@type\":\"WebPage\",\"@id\":\"http:\\\/\\\/blogs.multimeios.ufc.br\\\/fernandacarmo\\\/revistas-da-educacao-matematica\\\/\",\"url\":\"http:\\\/\\\/blogs.multimeios.ufc.br\\\/fernandacarmo\\\/revistas-da-educacao-matematica\\\/\",\"name\":\"Blog da Fernanda - Revistas da Educa\u00e7\u00e3o Matem\u00e1tica\",\"isPartOf\":{\"@id\":\"https:\\\/\\\/blogs.multimeios.ufc.br\\\/fernandacarmo\\\/#website\"},\"datePublished\":\"2023-02-06T15:11:04+00:00\",\"dateModified\":\"2024-02-26T18:58:22+00:00\",\"description\":\"Links, Qualis na \u00e1rea de Educa\u00e7\u00e3o e outras informa\u00e7\u00f5es sucintas acerca de revistas da Educa\u00e7\u00e3o Matem\u00e1tica para facilitar sua busca\",\"breadcrumb\":{\"@id\":\"http:\\\/\\\/blogs.multimeios.ufc.br\\\/fernandacarmo\\\/revistas-da-educacao-matematica\\\/#breadcrumb\"},\"inLanguage\":\"pt-BR\",\"potentialAction\":[{\"@type\":\"ReadAction\",\"target\":[\"http:\\\/\\\/blogs.multimeios.ufc.br\\\/fernandacarmo\\\/revistas-da-educacao-matematica\\\/\"]}]},{\"@type\":\"BreadcrumbList\",\"@id\":\"http:\\\/\\\/blogs.multimeios.ufc.br\\\/fernandacarmo\\\/revistas-da-educacao-matematica\\\/#breadcrumb\",\"itemListElement\":[{\"@type\":\"ListItem\",\"position\":1,\"name\":\"In\u00edcio\",\"item\":\"https:\\\/\\\/blogs.multimeios.ufc.br\\\/fernandacarmo\\\/\"},{\"@type\":\"ListItem\",\"position\":2,\"name\":\"Revistas da Educa\u00e7\u00e3o Matem\u00e1tica\"}]},{\"@type\":\"WebSite\",\"@id\":\"https:\\\/\\\/blogs.multimeios.ufc.br\\\/fernandacarmo\\\/#website\",\"url\":\"https:\\\/\\\/blogs.multimeios.ufc.br\\\/fernandacarmo\\\/\",\"name\":\"Blog da Fernanda\",\"description\":\"\",\"potentialAction\":[{\"@type\":\"SearchAction\",\"target\":{\"@type\":\"EntryPoint\",\"urlTemplate\":\"https:\\\/\\\/blogs.multimeios.ufc.br\\\/fernandacarmo\\\/?s={search_term_string}\"},\"query-input\":{\"@type\":\"PropertyValueSpecification\",\"valueRequired\":true,\"valueName\":\"search_term_string\"}}],\"inLanguage\":\"pt-BR\"}]}<\/script>\n<!-- \/ Yoast SEO plugin. -->","yoast_head_json":{"title":"Blog da Fernanda - Revistas da Educa\u00e7\u00e3o Matem\u00e1tica","description":"Links, Qualis na \u00e1rea de Educa\u00e7\u00e3o e outras informa\u00e7\u00f5es sucintas acerca de revistas da Educa\u00e7\u00e3o Matem\u00e1tica para facilitar sua busca","robots":{"index":"index","follow":"follow","max-snippet":"max-snippet:-1","max-image-preview":"max-image-preview:large","max-video-preview":"max-video-preview:-1"},"canonical":"http:\/\/blogs.multimeios.ufc.br\/fernandacarmo\/revistas-da-educacao-matematica\/","og_locale":"pt_BR","og_type":"article","og_title":"Blog da Fernanda - Revistas da Educa\u00e7\u00e3o Matem\u00e1tica","og_description":"Links, Qualis na \u00e1rea de Educa\u00e7\u00e3o e outras informa\u00e7\u00f5es sucintas acerca de revistas da Educa\u00e7\u00e3o Matem\u00e1tica para facilitar sua busca","og_url":"http:\/\/blogs.multimeios.ufc.br\/fernandacarmo\/revistas-da-educacao-matematica\/","og_site_name":"Blog da Fernanda","article_modified_time":"2024-02-26T18:58:22+00:00","twitter_card":"summary_large_image","twitter_misc":{"Est. tempo de leitura":"2 minutos"},"schema":{"@context":"https:\/\/schema.org","@graph":[{"@type":"WebPage","@id":"http:\/\/blogs.multimeios.ufc.br\/fernandacarmo\/revistas-da-educacao-matematica\/","url":"http:\/\/blogs.multimeios.ufc.br\/fernandacarmo\/revistas-da-educacao-matematica\/","name":"Blog da Fernanda - Revistas da Educa\u00e7\u00e3o Matem\u00e1tica","isPartOf":{"@id":"https:\/\/blogs.multimeios.ufc.br\/fernandacarmo\/#website"},"datePublished":"2023-02-06T15:11:04+00:00","dateModified":"2024-02-26T18:58:22+00:00","description":"Links, Qualis na \u00e1rea de Educa\u00e7\u00e3o e outras informa\u00e7\u00f5es sucintas acerca de revistas da Educa\u00e7\u00e3o Matem\u00e1tica para facilitar sua busca","breadcrumb":{"@id":"http:\/\/blogs.multimeios.ufc.br\/fernandacarmo\/revistas-da-educacao-matematica\/#breadcrumb"},"inLanguage":"pt-BR","potentialAction":[{"@type":"ReadAction","target":["http:\/\/blogs.multimeios.ufc.br\/fernandacarmo\/revistas-da-educacao-matematica\/"]}]},{"@type":"BreadcrumbList","@id":"http:\/\/blogs.multimeios.ufc.br\/fernandacarmo\/revistas-da-educacao-matematica\/#breadcrumb","itemListElement":[{"@type":"ListItem","position":1,"name":"In\u00edcio","item":"https:\/\/blogs.multimeios.ufc.br\/fernandacarmo\/"},{"@type":"ListItem","position":2,"name":"Revistas da Educa\u00e7\u00e3o Matem\u00e1tica"}]},{"@type":"WebSite","@id":"https:\/\/blogs.multimeios.ufc.br\/fernandacarmo\/#website","url":"https:\/\/blogs.multimeios.ufc.br\/fernandacarmo\/","name":"Blog da Fernanda","description":"","potentialAction":[{"@type":"SearchAction","target":{"@type":"EntryPoint","urlTemplate":"https:\/\/blogs.multimeios.ufc.br\/fernandacarmo\/?s={search_term_string}"},"query-input":{"@type":"PropertyValueSpecification","valueRequired":true,"valueName":"search_term_string"}}],"inLanguage":"pt-BR"}]}},"_links":{"self":[{"href":"https:\/\/blogs.multimeios.ufc.br\/fernandacarmo\/wp-json\/wp\/v2\/pages\/4649","targetHints":{"allow":["GET"]}}],"collection":[{"href":"https:\/\/blogs.multimeios.ufc.br\/fernandacarmo\/wp-json\/wp\/v2\/pages"}],"about":[{"href":"https:\/\/blogs.multimeios.ufc.br\/fernandacarmo\/wp-json\/wp\/v2\/types\/page"}],"author":[{"embeddable":true,"href":"https:\/\/blogs.multimeios.ufc.br\/fernandacarmo\/wp-json\/wp\/v2\/users\/23"}],"replies":[{"embeddable":true,"href":"https:\/\/blogs.multimeios.ufc.br\/fernandacarmo\/wp-json\/wp\/v2\/comments?post=4649"}],"version-history":[{"count":94,"href":"https:\/\/blogs.multimeios.ufc.br\/fernandacarmo\/wp-json\/wp\/v2\/pages\/4649\/revisions"}],"predecessor-version":[{"id":4838,"href":"https:\/\/blogs.multimeios.ufc.br\/fernandacarmo\/wp-json\/wp\/v2\/pages\/4649\/revisions\/4838"}],"wp:attachment":[{"href":"https:\/\/blogs.multimeios.ufc.br\/fernandacarmo\/wp-json\/wp\/v2\/media?parent=4649"}],"curies":[{"name":"wp","href":"https:\/\/api.w.org\/{rel}","templated":true}]}}